{"id":3383,"date":"2024-12-26T02:33:15","date_gmt":"2024-12-26T02:33:15","guid":{"rendered":"https:\/\/vapestornado.com\/?post_type=product&#038;p=3383"},"modified":"2025-12-09T09:06:34","modified_gmt":"2025-12-09T09:06:34","slug":"wga-crystal-pro-max-extra-15000-puffs-rechargeable-disposable-vape-wholesale-bulk-buy","status":"publish","type":"product","link":"https:\/\/vapestornado.com\/it\/product\/wga-crystal-pro-max-extra-15000-puffs-rechargeable-disposable-vape-wholesale-bulk-buy\/","title":{"rendered":"WGA Crystal Pro Max Extra 15000 Tiri Vape Ricaricabile Usa e Getta Acquisto all'Ingrosso"},"content":{"rendered":"<h1 class=\"product-title\">WGA Crystal Pro Max Extra 15000 Puff Vape Usa e Getta con Display a Schermo e Morbidezza Mesh Coil<\/h1>\n<p>WGA Crystal Pro Max Extra 15000 Puff \u00e8 un vape usa e getta ricaricabile in vendita, con design cristallo, usa e getta ricaricabile da 15000 puff con stabilit\u00e0 del sapore mesh coil e ricarica rapida Type-C, progettato per un vaping quotidiano morbido con nicotina 2% e 5%.<\/p>\n<p data-start=\"904\" data-end=\"1140\"><strong data-start=\"904\" data-end=\"938\">Prestazioni bilanciate per un uso prolungato.<\/strong> La <strong data-start=\"943\" data-end=\"1013\">WGA Crystal Pro Max Extra 15000 Puff vape usa e getta ricaricabile<\/strong> \u00e8 dimensionato per utenti abituali che desiderano un dispositivo che duri pi\u00f9 a lungo rispetto agli usa e getta standard, senza diventare ingombrante in tasca.<\/p>\n<p data-start=\"1144\" data-end=\"1344\"><strong data-start=\"1144\" data-end=\"1181\">Consistenza mesh coil che si nota.<\/strong> La <strong data-start=\"1186\" data-end=\"1236\">WGA 15K usa e getta con mesh coil<\/strong> offre un riscaldamento uniforme, che significa tiri pi\u00f9 morbidi e meno colpi duri nelle fasi finali mentre il conteggio dei puff aumenta.<\/p>\n<p data-start=\"1348\" data-end=\"1566\"><strong data-start=\"1348\" data-end=\"1382\">Forza nicotina conforme all'Italia.<\/strong> Con un setup fisso <strong data-start=\"1396\" data-end=\"1427\">vape usa e getta con nicotina 2% e 5%<\/strong> l'effetto rimane leggero-moderato e prevedibile\u2014popolare in mercati come <strong data-start=\"1510\" data-end=\"1565\">Italia<\/strong>.<\/p>\n<p data-start=\"1570\" data-end=\"1784\"><strong data-start=\"1570\" data-end=\"1616\">Ricarica rapida con compatibilit\u00e0 quotidiana.<\/strong> La <strong data-start=\"1621\" data-end=\"1676\">WGA Crystal Pro Max Extra 15000 ricaricabile Type-C<\/strong> mantiene i tempi di inattivit\u00e0 bassi utilizzando cavi moderni europei che gi\u00e0 possiedi, rendendolo pratico per viaggi o lunghe giornate di lavoro.<\/p>\n<p data-start=\"1788\" data-end=\"1988\"><strong data-start=\"1788\" data-end=\"1823\">Design pulito che si vende da solo.<\/strong> Il corpo in stile cristallo conferisce al <strong data-start=\"1857\" data-end=\"1895\">WGA Crystal 15K vape<\/strong> un aspetto premium che si comporta bene nelle esposizioni al dettaglio e si sente bene in mano per l'uso quotidiano.<\/p>\n<p><span style=\"color: #ff0000;\"><strong>Aggiungi la risposta immediata di Amy su Whatsapp e il coupon per vaporizzatori!<\/strong><\/span><\/p>\n<p><img fetchpriority=\"high\" decoding=\"async\" class=\"size-full wp-image-2932\" src=\"https:\/\/vapestornado.com\/wp-content\/uploads\/2024\/12\/Vape-Wholesale.jpg\" alt=\"Vape all&#039;ingrosso\" width=\"229\" height=\"300\" \/><\/p>\n<h3><a href=\"https:\/\/wa.me\/8617776015835\" target=\"_blank\" rel=\"noopener\"><span style=\"color: #ff0000;\"><strong>WhatsApp: +86 17776015835<\/strong><\/span><\/a><\/h3>\n<p>&nbsp;<\/p>\n<h2 class=\"product-title\">WGA Crystal 15k sigaretta elettronica usa e getta<strong> Caratteristiche del prodotto<\/strong><\/h2>\n<div role=\"article\" data-tabster=\"{&quot;groupper&quot;:{&quot;tabbability&quot;:2},&quot;focusable&quot;:{}}\" data-content=\"ai-message\" aria-labelledby=\"juhNTJ6o7Gk1cgwZMJgv2-author juhNTJ6o7Gk1cgwZMJgv2-content\">\n<div id=\"juhNTJ6o7Gk1cgwZMJgv2-content\">\n<div role=\"article\" data-tabster=\"{&quot;groupper&quot;:{&quot;tabbability&quot;:2},&quot;focusable&quot;:{}}\" data-content=\"ai-message\" aria-labelledby=\"x4EZuCZWrTbh3weWUt7CU-author x4EZuCZWrTbh3weWUt7CU-content\">\n<div id=\"x4EZuCZWrTbh3weWUt7CU-content\">\n<div class=\"flex max-w-full flex-col flex-grow\">\n<div class=\"min-h-8 text-message flex w-full flex-col items-end gap-2 whitespace-normal break-words text-start [.text-message+&amp;]:mt-5\" dir=\"auto\" data-message-author-role=\"assistant\" data-message-id=\"52c6e00a-252f-4104-805d-2f1a84739c71\" data-message-model-slug=\"gpt-4o\">\n<div class=\"flex w-full flex-col gap-1 empty:hidden first:pt-[3px]\">\n<div class=\"markdown prose w-full break-words dark:prose-invert light\"><\/div>\n<\/div>\n<\/div>\n<\/div>\n<div class=\"mb-2 flex gap-3 empty:hidden -ml-2\">\n<table>\n<thead>\n<tr>\n<th>Caratteristica<\/th>\n<th>Spec<\/th>\n<th>Dettagli<\/th>\n<\/tr>\n<\/thead>\n<tbody>\n<tr>\n<td>Nome del prodotto<\/td>\n<td>WGA Crystal Pro Max Extra 15000<\/td>\n<td>Vape usa e getta ricaricabile di alta qualit\u00e0.<\/td>\n<\/tr>\n<tr>\n<td>Capacit\u00e0 di tiri<\/td>\n<td>Fino a 15.000 puff<\/td>\n<td>Durata estesa per un uso quotidiano regolare.<\/td>\n<\/tr>\n<tr>\n<td>Tipo di bobina<\/td>\n<td>Resistenza a mesh<\/td>\n<td>Riscaldamento uniforme per vapori morbidi e sapore stabile.<\/td>\n<\/tr>\n<tr>\n<td>Gradazione di nicotina<\/td>\n<td>Nicotine salina 2%<\/td>\n<td>Colpo da leggero a moderato in linea con le preferenze dell'UE.<\/td>\n<\/tr>\n<tr>\n<td>Ricarica<\/td>\n<td>ricarica rapida di tipo C<\/td>\n<td>Ricarica rapida con cavi moderni comuni.<\/td>\n<\/tr>\n<tr>\n<td>Batteria<\/td>\n<td>Batteria ricaricabile a lunga durata<\/td>\n<td>Progettato per supportare l'uso completo del dispositivo; ricaricare secondo necessit\u00e0.<\/td>\n<\/tr>\n<tr>\n<td>Design del corpo<\/td>\n<td>Scocca trasparente in stile cristallo<\/td>\n<td>Aspetto elegante e moderno; facile da trasportare e mostrare.<\/td>\n<\/tr>\n<tr>\n<td>Uso target<\/td>\n<td>Prodotto usa e getta, alta domanda nel commercio al dettaglio\/all'ingrosso dell'UE<\/td>\n<td>Operazione semplice con sensazione premium.<\/td>\n<\/tr>\n<\/tbody>\n<\/table>\n<\/div>\n<\/div>\n<\/div>\n<\/div>\n<\/div>\n<h2><\/h2>\n<h2 class=\"product-title\"><strong>Gusto Popolare per WGA Crystal 15000 Puffs Vapes Monouso<\/strong><\/h2>\n<p>1. Ghiaccio all'anguria<span style=\"color: #ff0000;\"> <strong>&gt;&gt;&gt;&gt; Caldo!<\/strong><\/span><br \/>\n2. Lampone ai mirtilli <span style=\"color: #ff0000;\"><strong>&gt;&gt;&gt;&gt; Caldo!<\/strong><\/span><br \/>\n3.Ciliegia Frizzante<br \/>\n4.Orsetto Gommoso<br \/>\n5. Lime e Limone<br \/>\n6.Ghiaccio alla Fragola<br \/>\n7.Lampone Acido al Mirtillo <span style=\"color: #ff0000;\"><strong>&gt;&gt;&gt;&gt; Caldo!<\/strong><\/span><br \/>\n8.Ghiaccio al lampone blu<br \/>\n9. Signor Blue<br \/>\n10. Skittles<br \/>\n11.Mirtillo Ciliegia Mirtillo Rosso<br \/>\n12.Pesca Succosa<br \/>\n13.Fragola Lampone Ghiaccio alla Ciliegia <span style=\"color: #ff0000;\"><strong>&gt;&gt;&gt;&gt; Il migliore!<\/strong><\/span><br \/>\n14. Hubba Bubba<br \/>\n15.Mora Mirtillo Lampone<br \/>\n16.Ghiacciolo alla Fragola<br \/>\n17.Ghiacciolo al Mirtillo<br \/>\n18.Prime Fragola Anguria<br \/>\n19.Gomma da masticare fragola ciliegia<br \/>\n20.Lampone ciliegia ghiaccio <span style=\"color: #ff0000;\"><strong>&gt;&gt;&gt;&gt; Caldo!<\/strong><\/span><br \/>\n21.Ananas ghiaccio<br \/>\n22.Sogno d'estate<br \/>\n23.Wga rosa<br \/>\n24.Menta fresca<br \/>\n25.Doppia mela<br \/>\n26.Triplo mango<br \/>\n27.Ghiaccio al drago nero<br \/>\n28.Cola ghiaccio<br \/>\n29.Ananas Limone <span style=\"color: #ff0000;\"><strong>&gt;&gt;&gt;&gt; Caldo!<\/strong><\/span><br \/>\n30. Signor Black<br \/>\n31.Kiwi Frutto della Passione Guava<\/p>\n<div class=\"flex-shrink-0 flex flex-col relative items-end\">\n<div class=\"pt-0\">\n<div class=\"gizmo-bot-avatar flex h-8 w-8 items-center justify-center overflow-hidden rounded-full\">\n<div class=\"relative p-1 rounded-sm flex items-center justify-center bg-token-main-surface-primary text-token-text-primary h-8 w-8\">\n<figure id=\"attachment_3375\" aria-describedby=\"caption-attachment-3375\" style=\"width: 1000px\" class=\"wp-caption alignnone\"><img decoding=\"async\" class=\"wp-image-3375 size-full\" src=\"https:\/\/vapestornado.com\/wp-content\/uploads\/2024\/12\/WGA-Crystal-15k-Disposable-Vape.jpg\" alt=\"WGA Crystal 15k sigaretta elettronica usa e getta\" width=\"1000\" height=\"1000\" srcset=\"https:\/\/vapestornado.com\/wp-content\/uploads\/2024\/12\/WGA-Crystal-15k-Disposable-Vape.jpg 1000w, https:\/\/vapestornado.com\/wp-content\/uploads\/2024\/12\/WGA-Crystal-15k-Disposable-Vape-300x300.jpg 300w, https:\/\/vapestornado.com\/wp-content\/uploads\/2024\/12\/WGA-Crystal-15k-Disposable-Vape-150x150.jpg 150w, https:\/\/vapestornado.com\/wp-content\/uploads\/2024\/12\/WGA-Crystal-15k-Disposable-Vape-768x768.jpg 768w, https:\/\/vapestornado.com\/wp-content\/uploads\/2024\/12\/WGA-Crystal-15k-Disposable-Vape-600x600.jpg 600w, https:\/\/vapestornado.com\/wp-content\/uploads\/2024\/12\/WGA-Crystal-15k-Disposable-Vape-100x100.jpg 100w\" sizes=\"(max-width: 1000px) 100vw, 1000px\" \/><figcaption id=\"caption-attachment-3375\" class=\"wp-caption-text\">WGA Crystal 15k sigaretta elettronica usa e getta<\/figcaption><\/figure>\n<h3>Domande frequenti (FAQ) per WGA Crystal 15000 Vape Monouso<\/h3>\n<ol data-start=\"2830\" data-end=\"4028\">\n<li data-start=\"2830\" data-end=\"3071\">\n<p data-start=\"2833\" data-end=\"3071\"><strong data-start=\"2833\" data-end=\"2923\">Come influisce la coil mesh del WGA Crystal Pro Max Extra 15000 Puffs sul sapore nel tempo?<\/strong><br data-start=\"2923\" data-end=\"2926\" \/>Le coil mesh riscaldano uniformemente attraverso lo stoppino, quindi il sapore rimane pi\u00f9 pieno e pi\u00f9 morbido pi\u00f9 a lungo nella durata del dispositivo rispetto alle coil in filo standard.<\/p>\n<\/li>\n<li data-start=\"3073\" data-end=\"3301\">\n<p data-start=\"3076\" data-end=\"3301\"><strong data-start=\"3076\" data-end=\"3181\">Il WGA Crystal Pro Max Extra 15K usa e getta ricaricabile \u00e8 adatto per il pendolarismo quotidiano e i viaggi?<\/strong><br data-start=\"3181\" data-end=\"3184\" \/>S\u00ec. Il corpo di cristallo rimane compatto, e <strong data-start=\"3225\" data-end=\"3244\">ricarica di tipo C<\/strong> lo rende facile da ricaricare durante lunghe giornate lontano da casa.<\/p>\n<\/li>\n<li data-start=\"3303\" data-end=\"3532\">\n<p data-start=\"3306\" data-end=\"3532\"><strong data-start=\"3306\" data-end=\"3412\">Che tipo di sensazione di vaporizzazione ci si pu\u00f2 aspettare dalla vape usa e getta WGA Crystal Pro Max Extra 15000?<\/strong><br data-start=\"3412\" data-end=\"3415\" \/>Aspetta una tirata morbida e costante con una densit\u00e0 di vapore coerente\u2014il design con coil a maglia aiuta a evitare colpi secchi e asciutti verso la fine dell'uso.<\/p>\n<\/li>\n<li data-start=\"3534\" data-end=\"3772\">\n<p data-start=\"3537\" data-end=\"3772\"><strong data-start=\"3537\" data-end=\"3632\">Perch\u00e9 la nicotina 2% \u00e8 una combinazione forte per la versione EU della WGA Crystal Pro Max Extra 15000 Puffs?<\/strong><br data-start=\"3632\" data-end=\"3635\" \/>2% offre un colpo controllato e moderato che si adatta a molti utenti europei che preferiscono una forza quotidiana pi\u00f9 leggera senza sacrificare la soddisfazione.<\/p>\n<\/li>\n<li data-start=\"3774\" data-end=\"4028\">\n<p data-start=\"3777\" data-end=\"4028\"><strong data-start=\"3777\" data-end=\"3878\">La vape ricaricabile WGA Crystal Pro Max Extra 15000 con Type-C previene il calo precoce della batteria?<\/strong><br data-start=\"3878\" data-end=\"3881\" \/>La ricaricabilit\u00e0 risolve questo problema. Se la batteria scende prima che siano finiti i puff, una rapida ricarica tramite Type-C mantiene il dispositivo attivo fino al completamento.<\/p>\n<\/li>\n<\/ol>\n<\/div>\n<\/div>\n<\/div>\n<\/div>\n<div class=\"flex-shrink-0 flex flex-col relative items-end\">\n<div class=\"pt-0\">\n<div class=\"gizmo-bot-avatar flex h-8 w-8 items-center justify-center overflow-hidden rounded-full\">\n<div class=\"relative p-1 rounded-sm flex items-center justify-center bg-token-main-surface-primary text-token-text-primary h-8 w-8\">\n<div class=\"mb-2 flex gap-3 empty:hidden -ml-2\">\n<div role=\"article\" data-tabster=\"{&quot;groupper&quot;:{&quot;tabbability&quot;:2},&quot;focusable&quot;:{}}\" data-content=\"ai-message\" aria-labelledby=\"Vdt5ez4X7Tg813x6rFVha-author Vdt5ez4X7Tg813x6rFVha-content\">\n<div id=\"Vdt5ez4X7Tg813x6rFVha-content\">\n<div role=\"article\" data-tabster=\"{&quot;groupper&quot;:{&quot;tabbability&quot;:2},&quot;focusable&quot;:{}}\" data-content=\"ai-message\" aria-labelledby=\"o968oC7CEo2fGHsGdsRYC-author o968oC7CEo2fGHsGdsRYC-content\">\n<div id=\"o968oC7CEo2fGHsGdsRYC-content\">\n<p>&nbsp;<\/p>\n<h3>Perch\u00e9 scegliere vapestornado per la vendita all'ingrosso di vaporizzatori WGA Crystal 15000 Puffs?<\/h3>\n<div class=\"flex-shrink-0 flex flex-col relative items-end\">\n<div class=\"pt-0\">\n<div class=\"gizmo-bot-avatar flex h-8 w-8 items-center justify-center overflow-hidden rounded-full\">\n<div class=\"relative p-1 rounded-sm flex items-center justify-center bg-token-main-surface-primary text-token-text-primary h-8 w-8\">\n<p>Benvenuti in vapestornado, il tuo negozio di vape online di fiducia per vape usa e getta premium. Con pi\u00f9 di 5 anni di esperienza, ti offriamo marchi di vape usa e getta popolari come Fumot RandM Vape, <a href=\"https:\/\/vapestornado.com\/it\/product-category\/vapme-shisha\/\">Vapme<\/a>, Bang Vape, Waspe Vape e WGA Vape, ecc.<\/p>\n<p>La nostra gamma include vape di vendita calda come il <a href=\"https:\/\/vapestornado.com\/it\/product\/fumot-randm-tornado-15000-puffs-rechargeable-disposable-vape-wholesale\/\">RandM Tornado 15000<\/a>, e scelte ricche di sapore come il <a href=\"https:\/\/vapestornado.com\/it\/product\/vapsolo-dg-18000-puffs-smart-screen-wholesale-disposable-cheap-vapes\/\">\u00a0Vapsolo DG18000 Puff<\/a> . Ogni prodotto \u00e8 scelto con un focus su qualit\u00e0, valore e variet\u00e0, assicurandoti di trovare la corrispondenza perfetta per le tue esigenze. Scopri un servizio eccezionale e una vasta gamma di prodotti di alta qualit\u00e0 con prezzi all'ingrosso su vapestornado.<\/p>\n<\/div>\n<p>&nbsp;<\/p>\n<p><strong>Altri vaporizzatori usa e getta in vendita<\/strong><\/p>\n<p><a href=\"https:\/\/vapestornado.com\/it\/product\/bang-vape-35000-puffs-low-nicotine-bulk-buy-rechargeable-disposable-vapes-box-wholesale-price\/\">Bang Vape 35000 Puff <span style=\"color: #ff0000;\"><strong>&gt;&gt;&gt;&gt; Vai !<\/strong><\/span><\/a><\/p>\n<p><a href=\"https:\/\/vapestornado.com\/it\/product\/bang-box-30000-30k-puffs-low-nicotine-bulk-buy-rechargeable-digital-display-disposable-vapes-pen-wholesale\/\">Bang Box 30000 <span style=\"color: #ff0000;\"><strong>&gt;&gt;&gt;&gt; Vai !<\/strong><\/span><\/a><\/p>\n<p><a href=\"https:\/\/vapestornado.com\/it\/product\/bood-twins-46000-puff-double-flavour-low-nicotine-disposable-vape-wholesale-bulk-buy-price\/\">Bood Twins 46000<span style=\"color: #ff0000;\"><strong>&gt;&gt;&gt;&gt; Vai !<\/strong><\/span><\/a><\/p>\n<\/div>\n<\/div>\n<\/div>\n<p>&nbsp;<\/p>\n<\/div>\n<\/div>\n<\/div>\n<\/div>\n<\/div>\n<\/div>\n<\/div>\n<\/div>\n<\/div>","protected":false},"excerpt":{"rendered":"<p>WGA Crystal Pro Max Extra 15000 Puff vape usa e getta ricaricabile con design cristallo, tecnologia mesh coil, forza nicotina 2% e ricarica rapida Type-C. Design compatto premium per vapore stabile e sapore morbido con forte domanda al dettaglio in Italia.<\/p>\n<p><strong>Aggiungi il whatsapp di Amy per ottenere subito una risposta e un coupon per il vape!<\/strong><\/p>\n<p><img fetchpriority=\"high\" decoding=\"async\" class=\"size-full wp-image-2932\" src=\"https:\/\/vapestornado.com\/wp-content\/uploads\/2024\/12\/Vape-Wholesale.jpg\" alt=\"Vape all&#039;ingrosso\" width=\"229\" height=\"300\" \/><\/p>\n<h3><a href=\"https:\/\/wa.me\/8617776015835\"><span style=\"color: #ff0000;\"><strong>WhatsApp: +86 17776015835<\/strong><\/span><\/a><\/h3>\n<p>&nbsp;<\/p>","protected":false},"featured_media":3378,"comment_status":"open","ping_status":"closed","template":"","meta":{"_acf_changed":false,"_uag_custom_page_level_css":"","_lmt_disableupdate":"no","_lmt_disable":"","_monsterinsights_skip_tracking":false,"_monsterinsights_sitenote_active":false,"_monsterinsights_sitenote_note":"","_monsterinsights_sitenote_category":0,"site-sidebar-layout":"default","site-content-layout":"","ast-site-content-layout":"default","site-content-style":"default","site-sidebar-style":"default","ast-global-header-display":"","ast-banner-title-visibility":"","ast-main-header-display":"","ast-hfb-above-header-display":"","ast-hfb-below-header-display":"","ast-hfb-mobile-header-display":"","site-post-title":"","ast-breadcrumbs-content":"","ast-featured-img":"","footer-sml-layout":"","ast-disable-related-posts":"","theme-transparent-header-meta":"default","adv-header-id-meta":"","stick-header-meta":"","header-above-stick-meta":"","header-main-stick-meta":"","header-below-stick-meta":"","astra-migrate-meta-layouts":"set","ast-page-background-enabled":"default","ast-page-background-meta":{"desktop":{"background-color":"","background-image":"","background-repeat":"repeat","background-position":"center center","background-size":"auto","background-attachment":"scroll","background-type":"","background-media":"","overlay-type":"","overlay-color":"","overlay-opacity":"","overlay-gradient":""},"tablet":{"background-color":"","background-image":"","background-repeat":"repeat","background-position":"center center","background-size":"auto","background-attachment":"scroll","background-type":"","background-media":"","overlay-type":"","overlay-color":"","overlay-opacity":"","overlay-gradient":""},"mobile":{"background-color":"","background-image":"","background-repeat":"repeat","background-position":"center center","background-size":"auto","background-attachment":"scroll","background-type":"","background-media":"","overlay-type":"","overlay-color":"","overlay-opacity":"","overlay-gradient":""}},"ast-content-background-meta":{"desktop":{"background-color":"var(--ast-global-color-5)","background-image":"","background-repeat":"repeat","background-position":"center center","background-size":"auto","background-attachment":"scroll","background-type":"","background-media":"","overlay-type":"","overlay-color":"","overlay-opacity":"","overlay-gradient":""},"tablet":{"background-color":"var(--ast-global-color-5)","background-image":"","background-repeat":"repeat","background-position":"center center","background-size":"auto","background-attachment":"scroll","background-type":"","background-media":"","overlay-type":"","overlay-color":"","overlay-opacity":"","overlay-gradient":""},"mobile":{"background-color":"var(--ast-global-color-5)","background-image":"","background-repeat":"repeat","background-position":"center center","background-size":"auto","background-attachment":"scroll","background-type":"","background-media":"","overlay-type":"","overlay-color":"","overlay-opacity":"","overlay-gradient":""}},"_joinchat":{"telephone":"+8617776015835"}},"product_brand":[],"product_cat":[71,153,154,155,141,142,143,59],"product_tag":[165,105,97,166,94,485,202,203,204],"class_list":{"0":"post-3383","1":"product","2":"type-product","3":"status-publish","4":"has-post-thumbnail","6":"product_cat-15000-puff","7":"product_cat-buy-disposable-vapes-in-italy","8":"product_cat-buy-disposable-vapes-in-netherlands","9":"product_cat-buy-disposable-vapes-in-norway","10":"product_cat-crystal-disposable-vapes","11":"product_cat-digital-box-disposable-vapes","12":"product_cat-dual-mesh-disposable-vapes","13":"product_cat-wga-crystal-vape","14":"product_tag-cheap-vapes","15":"product_tag-digital-disposable-vape","16":"product_tag-hot-sale-disposable-vape","17":"product_tag-low-nicotine-vape","18":"product_tag-rechargeable-disposable-vape","19":"product_tag-wga-15k","20":"product_tag-wga-crystal-15000","21":"product_tag-wga-crystal-15k","22":"product_tag-wga-vape","23":"desktop-align-left","24":"tablet-align-left","25":"mobile-align-left","27":"first","28":"instock","29":"sale","30":"shipping-taxable","31":"purchasable","32":"product-type-simple"},"acf":[],"uagb_featured_image_src":{"full":["https:\/\/vapestornado.com\/wp-content\/uploads\/2024\/12\/WGA-Crystal-15000-Rechargeable-Vape.jpg",1000,1000,false],"thumbnail":["https:\/\/vapestornado.com\/wp-content\/uploads\/2024\/12\/WGA-Crystal-15000-Rechargeable-Vape-150x150.jpg",150,150,true],"medium":["https:\/\/vapestornado.com\/wp-content\/uploads\/2024\/12\/WGA-Crystal-15000-Rechargeable-Vape-300x300.jpg",300,300,true],"medium_large":["https:\/\/vapestornado.com\/wp-content\/uploads\/2024\/12\/WGA-Crystal-15000-Rechargeable-Vape-768x768.jpg",768,768,true],"large":["https:\/\/vapestornado.com\/wp-content\/uploads\/2024\/12\/WGA-Crystal-15000-Rechargeable-Vape.jpg",1000,1000,false],"1536x1536":["https:\/\/vapestornado.com\/wp-content\/uploads\/2024\/12\/WGA-Crystal-15000-Rechargeable-Vape.jpg",1000,1000,false],"2048x2048":["https:\/\/vapestornado.com\/wp-content\/uploads\/2024\/12\/WGA-Crystal-15000-Rechargeable-Vape.jpg",1000,1000,false],"trp-custom-language-flag":["https:\/\/vapestornado.com\/wp-content\/uploads\/2024\/12\/WGA-Crystal-15000-Rechargeable-Vape.jpg",12,12,false],"woocommerce_thumbnail":["https:\/\/vapestornado.com\/wp-content\/uploads\/2024\/12\/WGA-Crystal-15000-Rechargeable-Vape-300x300.jpg",300,300,true],"woocommerce_single":["https:\/\/vapestornado.com\/wp-content\/uploads\/2024\/12\/WGA-Crystal-15000-Rechargeable-Vape-600x600.jpg",600,600,true],"woocommerce_gallery_thumbnail":["https:\/\/vapestornado.com\/wp-content\/uploads\/2024\/12\/WGA-Crystal-15000-Rechargeable-Vape-100x100.jpg",100,100,true]},"uagb_author_info":{"display_name":"ESAMY","author_link":"https:\/\/vapestornado.com\/it\/author\/"},"uagb_comment_info":1,"uagb_excerpt":"WGA Crystal Pro Max Extra 15000 Puffs rechargeable disposable vape with crystal design, mesh coil technology, 2% nicotine strength, and Type-C fast charging. Compact premium design for smooth flavour-stable vapour and strong EU retail demand. Add Amy's whatsapp get right reply and vape coupon! WhatsApp: +86 17776015835 &nbsp;","_links":{"self":[{"href":"https:\/\/vapestornado.com\/it\/wp-json\/wp\/v2\/product\/3383","targetHints":{"allow":["GET"]}}],"collection":[{"href":"https:\/\/vapestornado.com\/it\/wp-json\/wp\/v2\/product"}],"about":[{"href":"https:\/\/vapestornado.com\/it\/wp-json\/wp\/v2\/types\/product"}],"replies":[{"embeddable":true,"href":"https:\/\/vapestornado.com\/it\/wp-json\/wp\/v2\/comments?post=3383"}],"wp:featuredmedia":[{"embeddable":true,"href":"https:\/\/vapestornado.com\/it\/wp-json\/wp\/v2\/media\/3378"}],"wp:attachment":[{"href":"https:\/\/vapestornado.com\/it\/wp-json\/wp\/v2\/media?parent=3383"}],"wp:term":[{"taxonomy":"product_brand","embeddable":true,"href":"https:\/\/vapestornado.com\/it\/wp-json\/wp\/v2\/product_brand?post=3383"},{"taxonomy":"product_cat","embeddable":true,"href":"https:\/\/vapestornado.com\/it\/wp-json\/wp\/v2\/product_cat?post=3383"},{"taxonomy":"product_tag","embeddable":true,"href":"https:\/\/vapestornado.com\/it\/wp-json\/wp\/v2\/product_tag?post=3383"}],"curies":[{"name":"wp","href":"https:\/\/api.w.org\/{rel}","templated":true}]}}