{"id":3366,"date":"2024-12-25T06:29:01","date_gmt":"2024-12-25T06:29:01","guid":{"rendered":"https:\/\/vapestornado.com\/?post_type=product&#038;p=3366"},"modified":"2025-08-23T12:25:43","modified_gmt":"2025-08-23T12:25:43","slug":"bang-box-30000-30k-puffs-low-nicotine-bulk-buy-rechargeable-digital-display-disposable-vapes-pen-wholesale","status":"publish","type":"product","link":"https:\/\/vapestornado.com\/it\/product\/bang-box-30000-30k-puffs-low-nicotine-bulk-buy-rechargeable-digital-display-disposable-vapes-pen-wholesale\/","title":{"rendered":"Bang Box 30000 30k Tiri Basso contenuto di nicotina Acquisto all'ingrosso Display digitale Ricaricabile Monouso Penna da svapo all'ingrosso"},"content":{"rendered":"<h1 class=\"product-title\">Bang Box 30000 30k Tiri Basso contenuto di nicotina Acquisto all'ingrosso Display digitale Ricaricabile Monouso Penna da svapo all'ingrosso<\/h1>\n<p>La <strong>Bang Box 30000 30k Tiri a Basso Contenuto di Nicotina Ricaricabile con Display Digitale Sigaretta Elettronica Usa e Getta<\/strong> \u00e8 il tuo dispositivo ideale per svapare a lungo, con gusto e in modo conveniente. Progettato per i vapers che esigono qualit\u00e0 e innovazione, questo dispositivo offre un numero sorprendente di <strong>30.000 puff<\/strong> alimentato da una affidabile <strong>batteria ricaricabile da 850 mAh<\/strong>.<\/p>\n<p>Con <strong>35ml di capacit\u00e0 di e-liquid<\/strong>, una <strong>doppia mesh coil<\/strong>e <strong>2 modalit\u00e0 di svapo (Normale\/Boost)<\/strong>, il Bang Box offre vapore e sapore ricchi e consistenti. Il <strong>Display a schermo intelligente LED<\/strong> ti tiene informato sui livelli di e-juice e sullo stato della batteria, assicurandoti che tu sia sempre pronto a svapare.<\/p>\n<p>Disponibile in <strong>12 aromi premium<\/strong> e molteplici gradazioni di nicotina (0%, 2%, 3%, 5%), questo <strong>vaporizzatore usa e getta top<\/strong> \u00e8 perfetto per chi cerca variet\u00e0 e convenienza. Il <strong>Bang Box 30000<\/strong> \u00e8 una scelta eccellente per <strong>acquirenti all'ingrosso<\/strong>, offrendo un valore eccezionale senza compromettere le prestazioni.<\/p>\n<p>&nbsp;<\/p>\n<p><strong>Aggiungi la risposta immediata di Amy su Whatsapp e il coupon per vaporizzatori!<\/strong><\/p>\n<p><img fetchpriority=\"high\" decoding=\"async\" class=\"size-full wp-image-2932\" src=\"https:\/\/vapestornado.com\/wp-content\/uploads\/2024\/12\/Vape-Wholesale.jpg\" alt=\"Vape all&#039;ingrosso\" width=\"229\" height=\"300\" \/><\/p>\n<h3><a href=\"https:\/\/wa.me\/8617776015835\" target=\"_blank\" rel=\"noopener\"><span style=\"color: #ff0000;\"><strong>WhatsApp: +86 17776015835<\/strong><\/span><\/a><\/h3>\n<p>&nbsp;<\/p>\n<h2 class=\"product-title\">Bang Box 30000 sigaretta elettronica usa e getta<strong> Caratteristiche del prodotto<\/strong><\/h2>\n<div role=\"article\" data-tabster=\"{&quot;groupper&quot;:{&quot;tabbability&quot;:2},&quot;focusable&quot;:{}}\" data-content=\"ai-message\" aria-labelledby=\"juhNTJ6o7Gk1cgwZMJgv2-author juhNTJ6o7Gk1cgwZMJgv2-content\">\n<div id=\"juhNTJ6o7Gk1cgwZMJgv2-content\">\n<div role=\"article\" data-tabster=\"{&quot;groupper&quot;:{&quot;tabbability&quot;:2},&quot;focusable&quot;:{}}\" data-content=\"ai-message\" aria-labelledby=\"x4EZuCZWrTbh3weWUt7CU-author x4EZuCZWrTbh3weWUt7CU-content\">\n<div id=\"x4EZuCZWrTbh3weWUt7CU-content\">\n<div class=\"flex max-w-full flex-col flex-grow\">\n<div class=\"min-h-8 text-message flex w-full flex-col items-end gap-2 whitespace-normal break-words text-start [.text-message+&amp;]:mt-5\" dir=\"auto\" data-message-author-role=\"assistant\" data-message-id=\"52c6e00a-252f-4104-805d-2f1a84739c71\" data-message-model-slug=\"gpt-4o\">\n<div class=\"flex w-full flex-col gap-1 empty:hidden first:pt-[3px]\">\n<div class=\"markdown prose w-full break-words dark:prose-invert light\">\n<h3><\/h3>\n<ol>\n<li><strong>Capacit\u00e0 di 30.000 Tiri:<\/strong> Goditi uno svapo ininterrotto per settimane o mesi.<\/li>\n<li><strong>Batteria ricaricabile:<\/strong> La <strong>batteria da 850 mAh<\/strong> con ricarica rapida Type-C garantisce un uso duraturo.<\/li>\n<li><strong>Display intelligente a LED:<\/strong> Monitora facilmente i livelli di e-juice e batteria per un'esperienza senza problemi.<\/li>\n<li><strong>Tecnologia a Doppia Bobina Mesh:<\/strong> Offre vapore liscio e sapore consistente ad ogni tiro.<\/li>\n<li><strong>Serbatoio E-Liquid da 35 ml:<\/strong> Offre sessioni di svapo prolungate senza ricariche frequenti.<\/li>\n<li><strong>2 modalit\u00e0 di svapo:<\/strong> Passa tra le modalit\u00e0 <strong>Normale e Boost<\/strong> per una produzione di vapore personalizzabile.<\/li>\n<li><strong>12 gusti disponibili:<\/strong> Scegli tra una gamma di opzioni fruttate e rinfrescanti adatte al tuo gusto.<\/li>\n<li><strong>Opzioni a basso contenuto di nicotina:<\/strong> Seleziona tra 0%, 2%, 3% o 5% di nicotina per soddisfare le tue preferenze.<\/li>\n<li><strong>Prezzo all'ingrosso conveniente:<\/strong> Ideale per acquirenti all'ingrosso che cercano vapes usa e getta di alta qualit\u00e0.<\/li>\n<\/ol>\n<\/div>\n<\/div>\n<\/div>\n<\/div>\n<div class=\"mb-2 flex gap-3 empty:hidden -ml-2\"><\/div>\n<\/div>\n<\/div>\n<\/div>\n<\/div>\n<h2 class=\"product-title\"><strong>Sapore popolare per le sigarette elettroniche usa e getta Bang Box 30k Puffs<\/strong><\/h2>\n<p>1.Fragola kiwi<br \/>\n2.Esplosione Nera <strong><span style=\"color: #ff0000;\">&gt;&gt;&gt;&gt; Caldo!<\/span><\/strong><br \/>\n3. Anguria Fragola<br \/>\n4.frutto della passione<br \/>\n5.Lampone acido al mirtillo ghiacciato <strong><span style=\"color: #ff0000;\">&gt;&gt;&gt;&gt; Il migliore!<\/span><\/strong><br \/>\n6.Anguria ghiaccio<br \/>\n7.Melograno al mirtillo <strong><span style=\"color: #ff0000;\">&gt;&gt;&gt;&gt; Caldo!<\/span><\/strong><br \/>\n8.Mela Pesca<br \/>\n9.Mirtillo ghiacciato<br \/>\n10.Doppia Uva<br \/>\n11.Esplosione Blu<br \/>\n12.Succo della Giungla<\/p>\n<p>&nbsp;<\/p>\n<figure id=\"attachment_3357\" aria-describedby=\"caption-attachment-3357\" style=\"width: 1241px\" class=\"wp-caption alignnone\"><img decoding=\"async\" class=\"wp-image-3357 size-full\" src=\"https:\/\/vapestornado.com\/wp-content\/uploads\/2024\/12\/Bang-Vape-Disposable-30000-Puffs-Wholesale.jpg\" alt=\"Bang Vape Monouso 30000 Tiri Vendita all&#039;ingrosso\" width=\"1241\" height=\"2038\" srcset=\"https:\/\/vapestornado.com\/wp-content\/uploads\/2024\/12\/Bang-Vape-Disposable-30000-Puffs-Wholesale.jpg 1241w, https:\/\/vapestornado.com\/wp-content\/uploads\/2024\/12\/Bang-Vape-Disposable-30000-Puffs-Wholesale-183x300.jpg 183w, https:\/\/vapestornado.com\/wp-content\/uploads\/2024\/12\/Bang-Vape-Disposable-30000-Puffs-Wholesale-624x1024.jpg 624w, https:\/\/vapestornado.com\/wp-content\/uploads\/2024\/12\/Bang-Vape-Disposable-30000-Puffs-Wholesale-768x1261.jpg 768w, https:\/\/vapestornado.com\/wp-content\/uploads\/2024\/12\/Bang-Vape-Disposable-30000-Puffs-Wholesale-935x1536.jpg 935w, https:\/\/vapestornado.com\/wp-content\/uploads\/2024\/12\/Bang-Vape-Disposable-30000-Puffs-Wholesale-600x985.jpg 600w\" sizes=\"(max-width: 1241px) 100vw, 1241px\" \/><figcaption id=\"caption-attachment-3357\" class=\"wp-caption-text\">Bang Vape Monouso 30000 Tiri Vendita all'ingrosso<\/figcaption><\/figure>\n<div class=\"flex-shrink-0 flex flex-col relative items-end\">\n<div class=\"pt-0\">\n<div class=\"gizmo-bot-avatar flex h-8 w-8 items-center justify-center overflow-hidden rounded-full\">\n<div class=\"relative p-1 rounded-sm flex items-center justify-center bg-token-main-surface-primary text-token-text-primary h-8 w-8\">\n<h3>FAQS per la sigaretta elettronica monouso Bang Box 30000<\/h3>\n<h3><\/h3>\n<ol>\n<li><strong>Quanti tiri offre la Bang Box 30k?<\/strong><br \/>\nIl dispositivo fornisce un'impressionante <strong>30.000 puff<\/strong>, rendendolo uno dei vaporizzatori usa e getta pi\u00f9 duraturi disponibili.<\/li>\n<li><strong>Posso ricaricare il BangBox 30000?<\/strong><br \/>\nS\u00ec, \u00e8 dotato di una <strong>batteria ricaricabile da 850 mAh<\/strong> con ricarica rapida Type-C per comodit\u00e0.<\/li>\n<li><strong>Cosa c'\u00e8 di speciale nella doppia bobina a rete?<\/strong><br \/>\nLa <strong>doppia mesh coil<\/strong> garantisce un sapore migliorato e una produzione di vapore fluida per un'esperienza di svapo ottimale.<\/li>\n<li><strong>Quali sono i livelli di nicotina disponibili per il BangBOX 30K?<\/strong><br \/>\nScegli tra <strong>livelli di nicotina 0%, 2%, 3% o 5%<\/strong>, soddisfacendo una variet\u00e0 di preferenze.<\/li>\n<li><strong>Dove posso acquistare il Bang Box 30000 a prezzi all'ingrosso?<\/strong><br \/>\nPer le migliori offerte e prezzi competitivi, visita <strong>vapestornado negozio di vape online<\/strong> per acquistare il Bang Box 30000 all'ingrosso!<\/li>\n<\/ol>\n<\/div>\n<\/div>\n<\/div>\n<\/div>\n<div class=\"flex-shrink-0 flex flex-col relative items-end\">\n<div class=\"pt-0\">\n<div class=\"gizmo-bot-avatar flex h-8 w-8 items-center justify-center overflow-hidden rounded-full\">\n<div class=\"relative p-1 rounded-sm flex items-center justify-center bg-token-main-surface-primary text-token-text-primary h-8 w-8\">\n<div class=\"mb-2 flex gap-3 empty:hidden -ml-2\">\n<div role=\"article\" data-tabster=\"{&quot;groupper&quot;:{&quot;tabbability&quot;:2},&quot;focusable&quot;:{}}\" data-content=\"ai-message\" aria-labelledby=\"Vdt5ez4X7Tg813x6rFVha-author Vdt5ez4X7Tg813x6rFVha-content\">\n<div id=\"Vdt5ez4X7Tg813x6rFVha-content\">\n<div role=\"article\" data-tabster=\"{&quot;groupper&quot;:{&quot;tabbability&quot;:2},&quot;focusable&quot;:{}}\" data-content=\"ai-message\" aria-labelledby=\"o968oC7CEo2fGHsGdsRYC-author o968oC7CEo2fGHsGdsRYC-content\">\n<div id=\"o968oC7CEo2fGHsGdsRYC-content\">\n<p>&nbsp;<\/p>\n<h3>Perch\u00e9 scegliere vapestornado per la vendita all'ingrosso di Bang Box 30000 Puffs?<\/h3>\n<div class=\"flex-shrink-0 flex flex-col relative items-end\">\n<div class=\"pt-0\">\n<div class=\"gizmo-bot-avatar flex h-8 w-8 items-center justify-center overflow-hidden rounded-full\">\n<div class=\"relative p-1 rounded-sm flex items-center justify-center bg-token-main-surface-primary text-token-text-primary h-8 w-8\">\n<p>Benvenuti in vapestornado, il tuo negozio di vape online di fiducia per vape usa e getta premium. Con pi\u00f9 di 5 anni di esperienza, ti offriamo marchi di vape usa e getta popolari come Fumot RandM Vape, <a href=\"https:\/\/vapestornado.com\/it\/product\/vapme-crystal-7000-puffs-rechargeable-disposable-vape-wholesale-cheap-price\/\">Vapme<\/a>, Bang Vape, Waspe Vape e WGA Vape, ecc.<\/p>\n<p>La nostra gamma include vape di vendita calda come il <a href=\"https:\/\/vapestornado.com\/it\/product\/fumot-randm-tornado-15000-puffs-rechargeable-disposable-vape-wholesale\/\">RandM Tornado 15000<\/a>, e scelte ricche di sapore come il <a href=\"https:\/\/vapestornado.com\/it\/product\/vapsolo-dg-18000-puffs-smart-screen-wholesale-disposable-cheap-vapes\/\">\u00a0Vapsolo DG18000 Puff<\/a> . Ogni prodotto \u00e8 scelto con un focus su qualit\u00e0, valore e variet\u00e0, assicurandoti di trovare la corrispondenza perfetta per le tue esigenze. Scopri un servizio eccezionale e una vasta gamma di prodotti di alta qualit\u00e0 con prezzi all'ingrosso su vapestornado.<\/p>\n<\/div>\n<p>&nbsp;<\/p>\n<p>Altri vaporizzatori usa e getta in vendita<\/p>\n<p><a href=\"https:\/\/vapestornado.com\/it\/product\/bang-box-30000-puffs-double-flavour-0-2-5-low-nicotine-bulk-buy-rechargeable-disposable-vapes-pen-wholesale\/\">Bang Box 30000 Puffs Doppio Gusto <span style=\"color: #ff0000;\"><strong>&gt;&gt;&gt;&gt; Vai !<\/strong><\/span><\/a><\/p>\n<p><a href=\"https:\/\/vapestornado.com\/it\/product\/randm-12000-puffs-fumot-digital-disposable-vape-wholesale-price\/\">RandM Digitale 12000 <span style=\"color: #ff0000;\"><strong>&gt;&gt;&gt;&gt; Vai !<\/strong><\/span><\/a><\/p>\n<p><a href=\"https:\/\/vapestornado.com\/it\/product\/vapme-crystal-7000-puffs-rechargeable-disposable-vape-wholesale-cheap-price\/\">Vape Crystal 7000 <span style=\"color: #ff0000;\"><strong>&gt;&gt;&gt;&gt; Vai !<\/strong><\/span><\/a><\/p>\n<\/div>\n<\/div>\n<\/div>\n<p>&nbsp;<\/p>\n<\/div>\n<\/div>\n<\/div>\n<\/div>\n<\/div>\n<\/div>\n<\/div>\n<\/div>\n<\/div>","protected":false},"excerpt":{"rendered":"<p>Bang Box 30000 30k Tiri 0% 2% 5% Sigaretta Elettronica Usa e Getta a Basso Contenuto di Nicotina Prezzo all'Ingrosso<br \/>\nBang Box 30000 Tiri Sigaretta Elettronica Usa e Getta Ricaricabile All'ingrosso<br \/>\nPrezzo di Fabbrica Economico Bang Box Vape 30000 Tiri Tutti i Gusti Disponibili<\/p>\n<p><strong>Aggiungi il whatsapp di Amy per ottenere subito una risposta e un coupon per il vape!<\/strong><\/p>\n<p><img fetchpriority=\"high\" decoding=\"async\" class=\"size-full wp-image-2932\" src=\"https:\/\/vapestornado.com\/wp-content\/uploads\/2024\/12\/Vape-Wholesale.jpg\" alt=\"Vape all&#039;ingrosso\" width=\"229\" height=\"300\" \/><\/p>\n<h3><a href=\"https:\/\/wa.me\/8617776015835\"><span style=\"color: #ff0000;\"><strong>WhatsApp: +86 17776015835<\/strong><\/span><\/a><\/h3>\n<p>&nbsp;<\/p>","protected":false},"featured_media":3350,"comment_status":"open","ping_status":"closed","template":"","meta":{"_acf_changed":false,"_uag_custom_page_level_css":"","_lmt_disableupdate":"no","_lmt_disable":"","_monsterinsights_skip_tracking":false,"_monsterinsights_sitenote_active":false,"_monsterinsights_sitenote_note":"","_monsterinsights_sitenote_category":0,"site-sidebar-layout":"default","site-content-layout":"","ast-site-content-layout":"default","site-content-style":"default","site-sidebar-style":"default","ast-global-header-display":"","ast-banner-title-visibility":"","ast-main-header-display":"","ast-hfb-above-header-display":"","ast-hfb-below-header-display":"","ast-hfb-mobile-header-display":"","site-post-title":"","ast-breadcrumbs-content":"","ast-featured-img":"","footer-sml-layout":"","ast-disable-related-posts":"","theme-transparent-header-meta":"default","adv-header-id-meta":"","stick-header-meta":"","header-above-stick-meta":"","header-main-stick-meta":"","header-below-stick-meta":"","astra-migrate-meta-layouts":"set","ast-page-background-enabled":"default","ast-page-background-meta":{"desktop":{"background-color":"","background-image":"","background-repeat":"repeat","background-position":"center center","background-size":"auto","background-attachment":"scroll","background-type":"","background-media":"","overlay-type":"","overlay-color":"","overlay-opacity":"","overlay-gradient":""},"tablet":{"background-color":"","background-image":"","background-repeat":"repeat","background-position":"center center","background-size":"auto","background-attachment":"scroll","background-type":"","background-media":"","overlay-type":"","overlay-color":"","overlay-opacity":"","overlay-gradient":""},"mobile":{"background-color":"","background-image":"","background-repeat":"repeat","background-position":"center center","background-size":"auto","background-attachment":"scroll","background-type":"","background-media":"","overlay-type":"","overlay-color":"","overlay-opacity":"","overlay-gradient":""}},"ast-content-background-meta":{"desktop":{"background-color":"var(--ast-global-color-5)","background-image":"","background-repeat":"repeat","background-position":"center center","background-size":"auto","background-attachment":"scroll","background-type":"","background-media":"","overlay-type":"","overlay-color":"","overlay-opacity":"","overlay-gradient":""},"tablet":{"background-color":"var(--ast-global-color-5)","background-image":"","background-repeat":"repeat","background-position":"center center","background-size":"auto","background-attachment":"scroll","background-type":"","background-media":"","overlay-type":"","overlay-color":"","overlay-opacity":"","overlay-gradient":""},"mobile":{"background-color":"var(--ast-global-color-5)","background-image":"","background-repeat":"repeat","background-position":"center center","background-size":"auto","background-attachment":"scroll","background-type":"","background-media":"","overlay-type":"","overlay-color":"","overlay-opacity":"","overlay-gradient":""}},"_joinchat":{"telephone":"+8617776015835"}},"product_brand":[],"product_cat":[140,67,64,154,156,157,142,144,19],"product_tag":[197,196,165,105,97,166,94],"class_list":{"0":"post-3366","1":"product","2":"type-product","3":"status-publish","4":"has-post-thumbnail","6":"product_cat-big-puffs-disposable-vapes","7":"product_cat-30000-puff","8":"product_cat-bangbox-vape","9":"product_cat-buy-disposable-vapes-in-netherlands","10":"product_cat-buy-disposable-vapes-in-poland","11":"product_cat-buy-disposable-vapes-in-portugal","12":"product_cat-digital-box-disposable-vapes","13":"product_cat-low-nicotine-disposable-vapes","14":"product_cat-vapes","15":"product_tag-bang-30000","16":"product_tag-bang-vape","17":"product_tag-cheap-vapes","18":"product_tag-digital-disposable-vape","19":"product_tag-hot-sale-disposable-vape","20":"product_tag-low-nicotine-vape","21":"product_tag-rechargeable-disposable-vape","22":"desktop-align-left","23":"tablet-align-left","24":"mobile-align-left","26":"first","27":"instock","28":"sale","29":"shipping-taxable","30":"purchasable","31":"product-type-simple"},"acf":[],"uagb_featured_image_src":{"full":["https:\/\/vapestornado.com\/wp-content\/uploads\/2024\/12\/Bang-Box-30kPuff-Disposable-Vape-Wholesale.jpg",1126,1126,false],"thumbnail":["https:\/\/vapestornado.com\/wp-content\/uploads\/2024\/12\/Bang-Box-30kPuff-Disposable-Vape-Wholesale-150x150.jpg",150,150,true],"medium":["https:\/\/vapestornado.com\/wp-content\/uploads\/2024\/12\/Bang-Box-30kPuff-Disposable-Vape-Wholesale-300x300.jpg",300,300,true],"medium_large":["https:\/\/vapestornado.com\/wp-content\/uploads\/2024\/12\/Bang-Box-30kPuff-Disposable-Vape-Wholesale-768x768.jpg",768,768,true],"large":["https:\/\/vapestornado.com\/wp-content\/uploads\/2024\/12\/Bang-Box-30kPuff-Disposable-Vape-Wholesale-1024x1024.jpg",1024,1024,true],"1536x1536":["https:\/\/vapestornado.com\/wp-content\/uploads\/2024\/12\/Bang-Box-30kPuff-Disposable-Vape-Wholesale.jpg",1126,1126,false],"2048x2048":["https:\/\/vapestornado.com\/wp-content\/uploads\/2024\/12\/Bang-Box-30kPuff-Disposable-Vape-Wholesale.jpg",1126,1126,false],"trp-custom-language-flag":["https:\/\/vapestornado.com\/wp-content\/uploads\/2024\/12\/Bang-Box-30kPuff-Disposable-Vape-Wholesale.jpg",12,12,false],"woocommerce_thumbnail":["https:\/\/vapestornado.com\/wp-content\/uploads\/2024\/12\/Bang-Box-30kPuff-Disposable-Vape-Wholesale-300x300.jpg",300,300,true],"woocommerce_single":["https:\/\/vapestornado.com\/wp-content\/uploads\/2024\/12\/Bang-Box-30kPuff-Disposable-Vape-Wholesale-600x600.jpg",600,600,true],"woocommerce_gallery_thumbnail":["https:\/\/vapestornado.com\/wp-content\/uploads\/2024\/12\/Bang-Box-30kPuff-Disposable-Vape-Wholesale-100x100.jpg",100,100,true]},"uagb_author_info":{"display_name":"ESAMY","author_link":"https:\/\/vapestornado.com\/it\/author\/"},"uagb_comment_info":0,"uagb_excerpt":"Bang Box 30000 30k Puffs 0% 2% 5% Low Nicotine Disposable Vape Bulk Buy Price Bang Box 30000 Puffs Rechargeable Disposable Vape Wholesale Cheap Factory Price Bang Box Vape 30000 Puffs All Flavour in Stock Add Amy's whatsapp get right reply and vape coupon! WhatsApp: +86 17776015835 &nbsp;","_links":{"self":[{"href":"https:\/\/vapestornado.com\/it\/wp-json\/wp\/v2\/product\/3366","targetHints":{"allow":["GET"]}}],"collection":[{"href":"https:\/\/vapestornado.com\/it\/wp-json\/wp\/v2\/product"}],"about":[{"href":"https:\/\/vapestornado.com\/it\/wp-json\/wp\/v2\/types\/product"}],"replies":[{"embeddable":true,"href":"https:\/\/vapestornado.com\/it\/wp-json\/wp\/v2\/comments?post=3366"}],"wp:featuredmedia":[{"embeddable":true,"href":"https:\/\/vapestornado.com\/it\/wp-json\/wp\/v2\/media\/3350"}],"wp:attachment":[{"href":"https:\/\/vapestornado.com\/it\/wp-json\/wp\/v2\/media?parent=3366"}],"wp:term":[{"taxonomy":"product_brand","embeddable":true,"href":"https:\/\/vapestornado.com\/it\/wp-json\/wp\/v2\/product_brand?post=3366"},{"taxonomy":"product_cat","embeddable":true,"href":"https:\/\/vapestornado.com\/it\/wp-json\/wp\/v2\/product_cat?post=3366"},{"taxonomy":"product_tag","embeddable":true,"href":"https:\/\/vapestornado.com\/it\/wp-json\/wp\/v2\/product_tag?post=3366"}],"curies":[{"name":"wp","href":"https:\/\/api.w.org\/{rel}","templated":true}]}}