{"id":3365,"date":"2024-12-24T09:50:29","date_gmt":"2024-12-24T09:50:29","guid":{"rendered":"https:\/\/vapestornado.com\/?post_type=product&#038;p=3365"},"modified":"2025-12-09T08:52:33","modified_gmt":"2025-12-09T08:52:33","slug":"bang-box-30000-puffs-double-flavour-0-2-5-low-nicotine-bulk-buy-rechargeable-disposable-vapes-pen-wholesale","status":"publish","type":"product","link":"https:\/\/vapestornado.com\/it\/product\/bang-box-30000-puffs-double-flavour-0-2-5-low-nicotine-bulk-buy-rechargeable-disposable-vapes-pen-wholesale\/","title":{"rendered":"Bang Box 30000 Puff Doppio Gusto 0% 2% 5% Acquisto all'ingrosso di penne per vaporizzatori usa e getta ricaricabili a basso contenuto di nicotina"},"content":{"rendered":"<h1 class=\"product-title\">Bang Box 30000 Puff Doppio Gusto 0% 2% 5% Acquisto all'ingrosso di penne per vaporizzatori usa e getta ricaricabili a basso contenuto di nicotina<\/h1>\n<p>Bang Box 30000 Puffs vape usa e getta \u00e8 un dispositivo ricaricabile usa e getta da 35ml e 30.000 puff con gusti doppi e coil a rete da 0,8\u03a9, che garantisce un sapore duraturo, stabile e una ricarica rapida Type-C in un dispositivo leggero.<\/p>\n<p data-start=\"907\" data-end=\"1146\"><strong data-start=\"907\" data-end=\"953\">Lunga durata con capacit\u00e0 reale dietro.<\/strong> La <strong data-start=\"958\" data-end=\"998\">Bang Box 30000 Puffs vape usa e getta<\/strong> combina un <strong data-start=\"1010\" data-end=\"1029\">valutazione di 30K puff<\/strong> con un <strong data-start=\"1037\" data-end=\"1064\">serbatoio di e-liquid da 35 ml<\/strong>, cos\u00ec gli utenti regolari sostituiscono i dispositivi molto meno frequentemente e ottengono un uso affidabile per pi\u00f9 settimane.<\/p>\n<p data-start=\"1150\" data-end=\"1371\"><strong data-start=\"1150\" data-end=\"1196\">Il doppio gusto mantiene il dispositivo interessante.<\/strong> Questo <strong data-start=\"1201\" data-end=\"1241\">Bang Box 30K penna vape a doppio gusto<\/strong> ti permette di passare tra due profili in qualsiasi momento, cosa importante quando usi un dispositivo per un lungo periodo invece di un weekend.<\/p>\n<p data-start=\"1375\" data-end=\"1581\"><strong data-start=\"1375\" data-end=\"1412\">Stabilit\u00e0 della coil a rete che si percepisce.<\/strong> A <strong data-start=\"1415\" data-end=\"1449\">Setup di vape usa e getta con coil a rete da 0,8\u03a9<\/strong> che garantisce riscaldamento uniforme, nuvole dense e meno tratti ruvidi alla fine del serbatoio, mantenendo il sapore costante anche dopo il 35ml di capacit\u00e0.<\/p>\n<p data-start=\"1585\" data-end=\"1798\"><strong data-start=\"1585\" data-end=\"1636\">Ricaricabilit\u00e0 Type-C che previene lo smaltimento precoce.<\/strong> La <strong data-start=\"1641\" data-end=\"1683\">Bang Box 30000 ricaricabile usa e getta<\/strong> utilizza una <strong data-start=\"1692\" data-end=\"1734\">batteria da 850mAh con ricarica rapida Type-C<\/strong>, quindi quando la potenza diminuisce, si ricarica e si continua \u2014 senza spreco di liquido.<\/p>\n<p data-start=\"1802\" data-end=\"1994\"><strong data-start=\"1802\" data-end=\"1834\">Portatile per l'uso quotidiano.<\/strong> At <strong data-start=\"1838\" data-end=\"1846\">129g<\/strong>, il <strong data-start=\"1852\" data-end=\"1892\">Bang Box 30K svapo usa e getta a bassa nicotina<\/strong> rimane comodo in mano o in tasca, funzionando per spostamenti, giorni di viaggio e turni lunghi senza ingombro.<\/p>\n<p>&nbsp;<\/p>\n<p><strong>Aggiungi la risposta immediata di Amy su Whatsapp e il coupon per vaporizzatori!<\/strong><\/p>\n<p><img fetchpriority=\"high\" decoding=\"async\" class=\"size-full wp-image-2932\" src=\"https:\/\/vapestornado.com\/wp-content\/uploads\/2024\/12\/Vape-Wholesale.jpg\" alt=\"Vape all&#039;ingrosso\" width=\"229\" height=\"300\" \/><\/p>\n<h3><a href=\"https:\/\/wa.me\/8617776015835\" target=\"_blank\" rel=\"noopener\"><span style=\"color: #ff0000;\"><strong>WhatsApp: +86 17776015835<\/strong><\/span><\/a><\/h3>\n<p>&nbsp;<\/p>\n<h2 class=\"product-title\">Bang Box 30000 Sigaretta Elettronica a Doppio Gusto<strong> Caratteristiche del prodotto<\/strong><\/h2>\n<div role=\"article\" data-tabster=\"{&quot;groupper&quot;:{&quot;tabbability&quot;:2},&quot;focusable&quot;:{}}\" data-content=\"ai-message\" aria-labelledby=\"juhNTJ6o7Gk1cgwZMJgv2-author juhNTJ6o7Gk1cgwZMJgv2-content\">\n<div id=\"juhNTJ6o7Gk1cgwZMJgv2-content\">\n<div role=\"article\" data-tabster=\"{&quot;groupper&quot;:{&quot;tabbability&quot;:2},&quot;focusable&quot;:{}}\" data-content=\"ai-message\" aria-labelledby=\"x4EZuCZWrTbh3weWUt7CU-author x4EZuCZWrTbh3weWUt7CU-content\">\n<div id=\"x4EZuCZWrTbh3weWUt7CU-content\">\n<div class=\"flex max-w-full flex-col flex-grow\">\n<div class=\"min-h-8 text-message flex w-full flex-col items-end gap-2 whitespace-normal break-words text-start [.text-message+&amp;]:mt-5\" dir=\"auto\" data-message-author-role=\"assistant\" data-message-id=\"52c6e00a-252f-4104-805d-2f1a84739c71\" data-message-model-slug=\"gpt-4o\">\n<div class=\"flex w-full flex-col gap-1 empty:hidden first:pt-[3px]\">\n<div class=\"markdown prose w-full break-words dark:prose-invert light\">\n<table>\n<thead>\n<tr>\n<th>Caratteristica<\/th>\n<th>Spec<\/th>\n<th>Dettagli<\/th>\n<\/tr>\n<\/thead>\n<tbody>\n<tr>\n<td>Nome del prodotto<\/td>\n<td>Bang Box 30000 Puff doppio gusto<\/td>\n<td>Penna vape usa e getta ricaricabile ad alta capacit\u00e0.<\/td>\n<\/tr>\n<tr>\n<td>Capacit\u00e0 di tiri<\/td>\n<td>Fino a 30.000 puff<\/td>\n<td>Durata estesa pensata per utenti regolari in Italia.<\/td>\n<\/tr>\n<tr>\n<td>Volume del liquido elettronico<\/td>\n<td>35ml pre-riempiti<\/td>\n<td>Grande serbatoio supporta sessioni lunghe senza ricariche.<\/td>\n<\/tr>\n<tr>\n<td>Tipo di bobina<\/td>\n<td>bobina a rete da 0,8\u03a9<\/td>\n<td>Riscaldamento uniforme per vapori morbidi, sapore ricco e output stabile.<\/td>\n<\/tr>\n<tr>\n<td>Sistema di Aromi<\/td>\n<td>Interruttore a doppio aroma<\/td>\n<td>Due profili di gusto in un dispositivo; cambia quando vuoi.<\/td>\n<\/tr>\n<tr>\n<td>Batteria<\/td>\n<td>850mAh ricaricabile<\/td>\n<td>Ricarica per terminare tutto il liquido invece di scartarlo prematuramente.<\/td>\n<\/tr>\n<tr>\n<td>Ricarica<\/td>\n<td>ricarica rapida di tipo C<\/td>\n<td>Ricariche rapide con cavi standard UE moderni.<\/td>\n<\/tr>\n<tr>\n<td>Forze di nicotina<\/td>\n<td>0% \/ 2% \/ 5% nicotina salina<\/td>\n<td>Senza nicotina, opzioni a basso e forte contenuto per diverse abitudini.<\/td>\n<\/tr>\n<tr>\n<td>Peso<\/td>\n<td>129g<\/td>\n<td>Leggero per un dispositivo di classe 30K; facile da portare quotidianamente.<\/td>\n<\/tr>\n<tr>\n<td>Posizionamento<\/td>\n<td>Best seller all'ingrosso e al dettaglio<\/td>\n<td>Domanda forte nei canali all'ingrosso in Italia grazie alla capacit\u00e0 e al doppio gusto.<\/td>\n<\/tr>\n<\/tbody>\n<\/table>\n<\/div>\n<\/div>\n<\/div>\n<\/div>\n<div class=\"mb-2 flex gap-3 empty:hidden -ml-2\"><\/div>\n<\/div>\n<\/div>\n<\/div>\n<\/div>\n<h2 class=\"product-title\"><strong>Gusti popolari per le sigarette elettroniche usa e getta Bang Box 30000 Puffs<\/strong><\/h2>\n<p>1.Fragola kiwi\/Anguria ghiacciata <strong><span style=\"color: #ff0000;\">&gt;&gt;&gt;&gt; Caldo!<\/span><\/strong><br \/>\n2.Fragola kiwi\/Fragola anguria<br \/>\n3.Succo di pesca\/Mirtillo ghiacciato<br \/>\n4.Mirtillo ghiacciato\/Kiwi frutto della passione guava<br \/>\n5.Mirtillo acido lampone ghiacciato\/Frutta mista <strong><span style=\"color: #ff0000;\">&gt;&gt;&gt;&gt; Il migliore!<\/span><\/strong><br \/>\n6.Frutti di bosco tripli\/Fragola mango<br \/>\n7.Gomma da masticare all'anguria\/Fragola anguria<br \/>\n8.Mirtillo ghiacciato\/Anguria ghiacciata<br \/>\n9.Fragola anguria\/Kiwi frutto della passione guava<br \/>\n10.Drago nero ghiacciato\/Mango pesca anguria<br \/>\n11.Lampone blu ghiacciato\/Uva doppia <strong><span style=\"color: #ff0000;\">&gt;&gt;&gt;&gt; Caldo!<\/span><\/strong><br \/>\n12.Lampone blu ghiacciato\/Fragola mango<\/p>\n<div class=\"flex-shrink-0 flex flex-col relative items-end\">\n<div class=\"pt-0\">\n<div class=\"gizmo-bot-avatar flex h-8 w-8 items-center justify-center overflow-hidden rounded-full\">\n<figure id=\"attachment_3358\" aria-describedby=\"caption-attachment-3358\" style=\"width: 1241px\" class=\"wp-caption alignnone\"><img decoding=\"async\" class=\"wp-image-3358 size-full\" src=\"https:\/\/vapestornado.com\/wp-content\/uploads\/2024\/12\/Bang-Box-30k-Puffs-Factory-Price.jpg\" alt=\"Prezzo di fabbrica Bang Box 30k Puffs\" width=\"1241\" height=\"2038\" srcset=\"https:\/\/vapestornado.com\/wp-content\/uploads\/2024\/12\/Bang-Box-30k-Puffs-Factory-Price.jpg 1241w, https:\/\/vapestornado.com\/wp-content\/uploads\/2024\/12\/Bang-Box-30k-Puffs-Factory-Price-183x300.jpg 183w, https:\/\/vapestornado.com\/wp-content\/uploads\/2024\/12\/Bang-Box-30k-Puffs-Factory-Price-624x1024.jpg 624w, https:\/\/vapestornado.com\/wp-content\/uploads\/2024\/12\/Bang-Box-30k-Puffs-Factory-Price-768x1261.jpg 768w, https:\/\/vapestornado.com\/wp-content\/uploads\/2024\/12\/Bang-Box-30k-Puffs-Factory-Price-935x1536.jpg 935w, https:\/\/vapestornado.com\/wp-content\/uploads\/2024\/12\/Bang-Box-30k-Puffs-Factory-Price-600x985.jpg 600w\" sizes=\"(max-width: 1241px) 100vw, 1241px\" \/><figcaption id=\"caption-attachment-3358\" class=\"wp-caption-text\">Prezzo di fabbrica Bang Box 30k Puffs<\/figcaption><\/figure>\n<div class=\"relative p-1 rounded-sm flex items-center justify-center bg-token-main-surface-primary text-token-text-primary h-8 w-8\">\n<h3>FAQ per le sigarette elettroniche usa e getta Bang Box 30000 Puffs<\/h3>\n<ol data-start=\"3057\" data-end=\"4297\">\n<li data-start=\"3057\" data-end=\"3310\">\n<p data-start=\"3060\" data-end=\"3310\"><strong data-start=\"3060\" data-end=\"3166\">Come gestisce il vape usa e getta Bang Box 30000 Puff doppio gusto la coerenza del sapore a lungo termine?<\/strong><br data-start=\"3166\" data-end=\"3169\" \/>Il sistema a doppio gusto offre variet\u00e0 durante settimane di utilizzo, e il <strong data-start=\"3234\" data-end=\"3252\">bobina a rete da 0,8\u03a9<\/strong> aiuta a mantenere stabile ogni gusto invece di sbiadire rapidamente.<\/p>\n<\/li>\n<li data-start=\"3312\" data-end=\"3578\">\n<p data-start=\"3315\" data-end=\"3578\"><strong data-start=\"3315\" data-end=\"3418\">La vape usa e getta ricaricabile Bang Box 30K dura davvero quasi 30.000 puff nell'uso reale?<\/strong><br data-start=\"3418\" data-end=\"3421\" \/>La <strong data-start=\"3425\" data-end=\"3438\">Serbatoio da 35ml<\/strong> supporta l'alto numero di puff. I risultati effettivi dipendono dalla lunghezza dell'aspirazione e dallo stile di flusso d'aria, ma la capacit\u00e0 di liquido \u00e8 dimensionata per corrispondere alla valutazione.<\/p>\n<\/li>\n<li data-start=\"3580\" data-end=\"3817\">\n<p data-start=\"3583\" data-end=\"3817\"><strong data-start=\"3583\" data-end=\"3670\">Qual \u00e8 il vantaggio di una coil mesh da 0,8\u03a9 nella penna vape usa e getta Bang Box 30000?<\/strong><br data-start=\"3670\" data-end=\"3673\" \/>Le coil mesh a resistenza pi\u00f9 bassa si riscaldano in modo uniforme e producono <strong data-start=\"3725\" data-end=\"3768\">vapori pi\u00f9 densi con una sensazione pi\u00f9 morbida in gola<\/strong>, particolarmente evidente nei dispositivi ad alta capacit\u00e0.<\/p>\n<\/li>\n<li data-start=\"3819\" data-end=\"4055\">\n<p data-start=\"3822\" data-end=\"4055\"><strong data-start=\"3822\" data-end=\"3912\">La vape usa e getta ricaricabile Bang Box 30000 con Type-C finir\u00e0 il serbatoio da 35ml?<\/strong><br data-start=\"3912\" data-end=\"3915\" \/>S\u00ec \u2014 il <strong data-start=\"3925\" data-end=\"3956\">batteria ricaricabile da 850 mAh<\/strong> \u00e8 presente cos\u00ec puoi ricaricare l'energia e usare tutto il liquido, evitando il problema di 'batteria terminata per prima'.<\/p>\n<\/li>\n<li data-start=\"4057\" data-end=\"4297\">\n<p data-start=\"4060\" data-end=\"4297\"><strong data-start=\"4060\" data-end=\"4158\">Quale livello di nicotina si adatta ai diversi utenti sulla vape usa e getta Bang Box 30000 a basso contenuto di nicotina?<\/strong><br data-start=\"4158\" data-end=\"4161\" \/><strong data-start=\"4161\" data-end=\"4167\">0%<\/strong> funziona per uso solo di gusto, <strong data-start=\"4196\" data-end=\"4202\">2%<\/strong> si adatta a routine quotidiane leggere-moderate, e <strong data-start=\"4246\" data-end=\"4252\">5%<\/strong> \u00e8 adatta a utenti pi\u00f9 assidui che desiderano un colpo pi\u00f9 forte.<\/p>\n<\/li>\n<\/ol>\n<\/div>\n<\/div>\n<\/div>\n<\/div>\n<div class=\"flex-shrink-0 flex flex-col relative items-end\">\n<div class=\"pt-0\">\n<div class=\"gizmo-bot-avatar flex h-8 w-8 items-center justify-center overflow-hidden rounded-full\">\n<div class=\"relative p-1 rounded-sm flex items-center justify-center bg-token-main-surface-primary text-token-text-primary h-8 w-8\">\n<div class=\"mb-2 flex gap-3 empty:hidden -ml-2\">\n<div role=\"article\" data-tabster=\"{&quot;groupper&quot;:{&quot;tabbability&quot;:2},&quot;focusable&quot;:{}}\" data-content=\"ai-message\" aria-labelledby=\"Vdt5ez4X7Tg813x6rFVha-author Vdt5ez4X7Tg813x6rFVha-content\">\n<div id=\"Vdt5ez4X7Tg813x6rFVha-content\">\n<div role=\"article\" data-tabster=\"{&quot;groupper&quot;:{&quot;tabbability&quot;:2},&quot;focusable&quot;:{}}\" data-content=\"ai-message\" aria-labelledby=\"o968oC7CEo2fGHsGdsRYC-author o968oC7CEo2fGHsGdsRYC-content\">\n<div id=\"o968oC7CEo2fGHsGdsRYC-content\">\n<h3>Perch\u00e9 scegliere vapestornado per la vendita all'ingrosso di Bang Box 30000 Puffs?<\/h3>\n<div class=\"flex-shrink-0 flex flex-col relative items-end\">\n<div class=\"pt-0\">\n<div class=\"gizmo-bot-avatar flex h-8 w-8 items-center justify-center overflow-hidden rounded-full\">\n<div class=\"relative p-1 rounded-sm flex items-center justify-center bg-token-main-surface-primary text-token-text-primary h-8 w-8\">\n<p>Benvenuti in vapestornado, il tuo negozio di vape online di fiducia per vape usa e getta premium. Con pi\u00f9 di 5 anni di esperienza, ti offriamo marchi di vape usa e getta popolari come Fumot RandM Vape, <a href=\"https:\/\/vapestornado.com\/it\/product\/vapme-crystal-7000-puffs-rechargeable-disposable-vape-wholesale-cheap-price\/\">Vapme<\/a>, Bang Vape, Waspe Vape e WGA Vape, ecc.<\/p>\n<p>La nostra gamma include vape di vendita calda come il <a href=\"https:\/\/vapestornado.com\/it\/product\/fumot-randm-tornado-15000-puffs-rechargeable-disposable-vape-wholesale\/\">RandM Tornado 15000<\/a>, e scelte ricche di sapore come il <a href=\"https:\/\/vapestornado.com\/it\/product\/vapsolo-dg-18000-puffs-smart-screen-wholesale-disposable-cheap-vapes\/\">\u00a0Vapsolo DG18000 Puff<\/a> . Ogni prodotto \u00e8 scelto con un focus su qualit\u00e0, valore e variet\u00e0, assicurandoti di trovare la corrispondenza perfetta per le tue esigenze. Scopri un servizio eccezionale e una vasta gamma di prodotti di alta qualit\u00e0 con prezzi all'ingrosso su vapestornado.<\/p>\n<\/div>\n<\/div>\n<\/div>\n<\/div>\n<p>&nbsp;<\/p>\n<\/div>\n<\/div>\n<\/div>\n<\/div>\n<\/div>\n<\/div>\n<\/div>\n<\/div>\n<\/div>","protected":false},"excerpt":{"rendered":"<p>Bang Box 30000 Puffs sigaretta elettronica usa e getta a doppio gusto con 35ml di e-liquid pre-riempito, coil a rete da 0,8\u03a9, batteria ricaricabile Type-C da 850mAh e opzioni di nicotina 0%\/2%\/5%. Design leggero da 129g e commutazione duale di gusto per un vaping lungo, stabile e di alto valore.<\/p>\n<p><strong>Aggiungi il whatsapp di Amy per ottenere subito una risposta e un coupon per il vape!<\/strong><\/p>\n<p><img fetchpriority=\"high\" decoding=\"async\" class=\"size-full wp-image-2932\" src=\"https:\/\/vapestornado.com\/wp-content\/uploads\/2024\/12\/Vape-Wholesale.jpg\" alt=\"Vape all&#039;ingrosso\" width=\"229\" height=\"300\" \/><\/p>\n<h3><a href=\"https:\/\/wa.me\/8617776015835\"><span style=\"color: #ff0000;\"><strong>WhatsApp: +86 17776015835<\/strong><\/span><\/a><\/h3>\n<p>&nbsp;<\/p>","protected":false},"featured_media":3362,"comment_status":"open","ping_status":"closed","template":"","meta":{"_acf_changed":false,"_uag_custom_page_level_css":"","_lmt_disableupdate":"no","_lmt_disable":"","_monsterinsights_skip_tracking":false,"_monsterinsights_sitenote_active":false,"_monsterinsights_sitenote_note":"","_monsterinsights_sitenote_category":0,"site-sidebar-layout":"default","site-content-layout":"","ast-site-content-layout":"default","site-content-style":"default","site-sidebar-style":"default","ast-global-header-display":"","ast-banner-title-visibility":"","ast-main-header-display":"","ast-hfb-above-header-display":"","ast-hfb-below-header-display":"","ast-hfb-mobile-header-display":"","site-post-title":"","ast-breadcrumbs-content":"","ast-featured-img":"","footer-sml-layout":"","ast-disable-related-posts":"","theme-transparent-header-meta":"default","adv-header-id-meta":"","stick-header-meta":"","header-above-stick-meta":"","header-main-stick-meta":"","header-below-stick-meta":"","astra-migrate-meta-layouts":"set","ast-page-background-enabled":"default","ast-page-background-meta":{"desktop":{"background-color":"","background-image":"","background-repeat":"repeat","background-position":"center center","background-size":"auto","background-attachment":"scroll","background-type":"","background-media":"","overlay-type":"","overlay-color":"","overlay-opacity":"","overlay-gradient":""},"tablet":{"background-color":"","background-image":"","background-repeat":"repeat","background-position":"center center","background-size":"auto","background-attachment":"scroll","background-type":"","background-media":"","overlay-type":"","overlay-color":"","overlay-opacity":"","overlay-gradient":""},"mobile":{"background-color":"","background-image":"","background-repeat":"repeat","background-position":"center center","background-size":"auto","background-attachment":"scroll","background-type":"","background-media":"","overlay-type":"","overlay-color":"","overlay-opacity":"","overlay-gradient":""}},"ast-content-background-meta":{"desktop":{"background-color":"var(--ast-global-color-5)","background-image":"","background-repeat":"repeat","background-position":"center center","background-size":"auto","background-attachment":"scroll","background-type":"","background-media":"","overlay-type":"","overlay-color":"","overlay-opacity":"","overlay-gradient":""},"tablet":{"background-color":"var(--ast-global-color-5)","background-image":"","background-repeat":"repeat","background-position":"center center","background-size":"auto","background-attachment":"scroll","background-type":"","background-media":"","overlay-type":"","overlay-color":"","overlay-opacity":"","overlay-gradient":""},"mobile":{"background-color":"var(--ast-global-color-5)","background-image":"","background-repeat":"repeat","background-position":"center center","background-size":"auto","background-attachment":"scroll","background-type":"","background-media":"","overlay-type":"","overlay-color":"","overlay-opacity":"","overlay-gradient":""}},"_joinchat":{"telephone":"+8617776015835"}},"product_brand":[],"product_cat":[67,64,154,157,143,357,144],"product_tag":[484,197,196,165,198,199,97,166,94],"class_list":{"0":"post-3365","1":"product","2":"type-product","3":"status-publish","4":"has-post-thumbnail","6":"product_cat-30000-puff","7":"product_cat-bangbox-vape","8":"product_cat-buy-disposable-vapes-in-netherlands","9":"product_cat-buy-disposable-vapes-in-portugal","10":"product_cat-dual-mesh-disposable-vapes","11":"product_cat-flavor-adjustable-vape","12":"product_cat-low-nicotine-disposable-vapes","13":"product_tag-2-in-1-disposable-vape","14":"product_tag-bang-30000","15":"product_tag-bang-vape","16":"product_tag-cheap-vapes","17":"product_tag-double-flavor-disposable-vape","18":"product_tag-dual-flavour-disposable-vape","19":"product_tag-hot-sale-disposable-vape","20":"product_tag-low-nicotine-vape","21":"product_tag-rechargeable-disposable-vape","22":"desktop-align-left","23":"tablet-align-left","24":"mobile-align-left","26":"first","27":"instock","28":"sale","29":"shipping-taxable","30":"purchasable","31":"product-type-simple"},"acf":[],"uagb_featured_image_src":{"full":["https:\/\/vapestornado.com\/wp-content\/uploads\/2024\/12\/Bang-Box-Dispsoable-Vape-30000-Puffs-Wholesale.jpg",1126,1126,false],"thumbnail":["https:\/\/vapestornado.com\/wp-content\/uploads\/2024\/12\/Bang-Box-Dispsoable-Vape-30000-Puffs-Wholesale-150x150.jpg",150,150,true],"medium":["https:\/\/vapestornado.com\/wp-content\/uploads\/2024\/12\/Bang-Box-Dispsoable-Vape-30000-Puffs-Wholesale-300x300.jpg",300,300,true],"medium_large":["https:\/\/vapestornado.com\/wp-content\/uploads\/2024\/12\/Bang-Box-Dispsoable-Vape-30000-Puffs-Wholesale-768x768.jpg",768,768,true],"large":["https:\/\/vapestornado.com\/wp-content\/uploads\/2024\/12\/Bang-Box-Dispsoable-Vape-30000-Puffs-Wholesale-1024x1024.jpg",1024,1024,true],"1536x1536":["https:\/\/vapestornado.com\/wp-content\/uploads\/2024\/12\/Bang-Box-Dispsoable-Vape-30000-Puffs-Wholesale.jpg",1126,1126,false],"2048x2048":["https:\/\/vapestornado.com\/wp-content\/uploads\/2024\/12\/Bang-Box-Dispsoable-Vape-30000-Puffs-Wholesale.jpg",1126,1126,false],"trp-custom-language-flag":["https:\/\/vapestornado.com\/wp-content\/uploads\/2024\/12\/Bang-Box-Dispsoable-Vape-30000-Puffs-Wholesale.jpg",12,12,false],"woocommerce_thumbnail":["https:\/\/vapestornado.com\/wp-content\/uploads\/2024\/12\/Bang-Box-Dispsoable-Vape-30000-Puffs-Wholesale-300x300.jpg",300,300,true],"woocommerce_single":["https:\/\/vapestornado.com\/wp-content\/uploads\/2024\/12\/Bang-Box-Dispsoable-Vape-30000-Puffs-Wholesale-600x600.jpg",600,600,true],"woocommerce_gallery_thumbnail":["https:\/\/vapestornado.com\/wp-content\/uploads\/2024\/12\/Bang-Box-Dispsoable-Vape-30000-Puffs-Wholesale-100x100.jpg",100,100,true]},"uagb_author_info":{"display_name":"ESAMY","author_link":"https:\/\/vapestornado.com\/it\/author\/"},"uagb_comment_info":1,"uagb_excerpt":"Bang Box 30000 Puffs double flavour disposable vape pen with 35ml pre-filled e-liquid, 0.8\u03a9 mesh coil, 850mAh Type-C rechargeable battery, and 0%\/2%\/5% nicotine options. Lightweight 129g design and dual-flavour switching for long, stable, high-value vaping. Add Amy's whatsapp get right reply and vape coupon! WhatsApp: +86 17776015835 &nbsp;","_links":{"self":[{"href":"https:\/\/vapestornado.com\/it\/wp-json\/wp\/v2\/product\/3365","targetHints":{"allow":["GET"]}}],"collection":[{"href":"https:\/\/vapestornado.com\/it\/wp-json\/wp\/v2\/product"}],"about":[{"href":"https:\/\/vapestornado.com\/it\/wp-json\/wp\/v2\/types\/product"}],"replies":[{"embeddable":true,"href":"https:\/\/vapestornado.com\/it\/wp-json\/wp\/v2\/comments?post=3365"}],"wp:featuredmedia":[{"embeddable":true,"href":"https:\/\/vapestornado.com\/it\/wp-json\/wp\/v2\/media\/3362"}],"wp:attachment":[{"href":"https:\/\/vapestornado.com\/it\/wp-json\/wp\/v2\/media?parent=3365"}],"wp:term":[{"taxonomy":"product_brand","embeddable":true,"href":"https:\/\/vapestornado.com\/it\/wp-json\/wp\/v2\/product_brand?post=3365"},{"taxonomy":"product_cat","embeddable":true,"href":"https:\/\/vapestornado.com\/it\/wp-json\/wp\/v2\/product_cat?post=3365"},{"taxonomy":"product_tag","embeddable":true,"href":"https:\/\/vapestornado.com\/it\/wp-json\/wp\/v2\/product_tag?post=3365"}],"curies":[{"name":"wp","href":"https:\/\/api.w.org\/{rel}","templated":true}]}}