{"id":3201,"date":"2024-12-18T03:39:14","date_gmt":"2024-12-18T03:39:14","guid":{"rendered":"https:\/\/vapestornado.com\/?post_type=product&#038;p=3201"},"modified":"2025-08-23T09:47:27","modified_gmt":"2025-08-23T09:47:27","slug":"vapsolo-viking-12000-puffs-2-5-low-nicotine-bulk-buy-rechargeable-disposable-vapes-pen-wholesale-price","status":"publish","type":"product","link":"https:\/\/vapestornado.com\/it\/product\/vapsolo-viking-12000-puffs-2-5-low-nicotine-bulk-buy-rechargeable-disposable-vapes-pen-wholesale-price\/","title":{"rendered":"VapSolo Viking 12000 Puffs 2% 5% Basso Contenuto di Nicotina Acquisto in Blocco Vape Pen Usa e Getta Ricaricabile Prezzo All'Ingrosso"},"content":{"rendered":"<h1 class=\"product-title\">VapSolo Viking 12000 Puffs 2% 5% Basso Contenuto di Nicotina Acquisto in Blocco Vape Pen Usa e Getta Ricaricabile Prezzo All'Ingrosso<\/h1>\n<p data-start=\"403\" data-end=\"652\">La <strong data-start=\"407\" data-end=\"453\">Vaporizzatore usa e getta VapSolo Viking 12000 Puffs<\/strong> offre prestazioni e flessibilit\u00e0 estese in un design elegante e portatile. Con un <strong data-start=\"536\" data-end=\"562\">capacit\u00e0 di e-liquid da 22 ml<\/strong> e fino a <strong data-start=\"573\" data-end=\"589\">12.000 puff<\/strong>, fornisce un uso duraturo senza sostituzioni costanti.<\/p>\n<p data-start=\"654\" data-end=\"909\">Alimentato da una <strong data-start=\"667\" data-end=\"698\">batteria ricaricabile integrata da 650mAh<\/strong> con <strong data-start=\"704\" data-end=\"728\">ricarica rapida di tipo C<\/strong>, il Viking 12K garantisce sessioni coerenti e una ricarica efficiente. \u00c8 disponibile in <strong data-start=\"811\" data-end=\"843\">Gradazioni di nicotina 2% e 5%<\/strong>, rendendolo adatto sia per preferenze moderate che pi\u00f9 forti.<\/p>\n<p data-start=\"911\" data-end=\"1150\">Equipaggiato con <strong data-start=\"925\" data-end=\"949\">tecnologia della bobina a mesh<\/strong> e <strong data-start=\"954\" data-end=\"984\">flusso d'aria regolabile a 4 livelli<\/strong>, questo dispositivo garantisce una produzione di vapore fluida e tiri personalizzabili. Il <strong data-start=\"1061\" data-end=\"1076\">display LCD<\/strong> aggiunge comodit\u00e0 mostrando il conteggio dei puff e lo stato della batteria in tempo reale.<\/p>\n<p data-start=\"1152\" data-end=\"1410\">Leggero e facile da trasportare, il <strong data-start=\"1187\" data-end=\"1211\">VapSolo Viking 12000<\/strong> \u00e8 ideale sia per gli utenti di tutti i giorni che per i grossisti. La sua combinazione di capacit\u00e0, funzionalit\u00e0 avanzate e competitivo <strong data-start=\"1326\" data-end=\"1347\">prezzi all'ingrosso<\/strong> lo rende un'opzione redditizia per rivenditori e distributori.<\/p>\n<p><strong>Aggiungi la risposta immediata di Amy su Whatsapp e il coupon per vaporizzatori!<\/strong><\/p>\n<p><img fetchpriority=\"high\" decoding=\"async\" class=\"size-full wp-image-2932\" src=\"https:\/\/vapestornado.com\/wp-content\/uploads\/2024\/12\/Vape-Wholesale.jpg\" alt=\"Vape all&#039;ingrosso\" width=\"229\" height=\"300\" \/><\/p>\n<h3><a href=\"https:\/\/wa.me\/8617776015835\" target=\"_blank\" rel=\"noopener\"><span style=\"color: #ff0000;\"><strong>WhatsApp: +86 17776015835<\/strong><\/span><\/a><\/h3>\n<p>&nbsp;<\/p>\n<h2><strong>Caratteristiche del prodotto VapSolo Viking 12000<\/strong><\/h2>\n<div role=\"article\" data-tabster=\"{&quot;groupper&quot;:{&quot;tabbability&quot;:2},&quot;focusable&quot;:{}}\" data-content=\"ai-message\" aria-labelledby=\"juhNTJ6o7Gk1cgwZMJgv2-author juhNTJ6o7Gk1cgwZMJgv2-content\">\n<div id=\"juhNTJ6o7Gk1cgwZMJgv2-content\">\n<div role=\"article\" data-tabster=\"{&quot;groupper&quot;:{&quot;tabbability&quot;:2},&quot;focusable&quot;:{}}\" data-content=\"ai-message\" aria-labelledby=\"x4EZuCZWrTbh3weWUt7CU-author x4EZuCZWrTbh3weWUt7CU-content\">\n<div id=\"x4EZuCZWrTbh3weWUt7CU-content\">\n<h3><\/h3>\n<ol>\n<li><strong>12.000 boccate per dispositivo:<\/strong> Utilizzo prolungato per un'esperienza di svapo senza problemi.<\/li>\n<li><strong>Opzioni a basso contenuto di nicotina:<\/strong> Disponibile in 2% e 5%, per soddisfare un'ampia variet\u00e0 di preferenze.<\/li>\n<li><strong>Batteria ricaricabile:<\/strong> Capacit\u00e0 di 650 mAh con comoda ricarica rapida Type-C.<\/li>\n<li><strong>Flusso d'aria regolabile su 4 livelli:<\/strong> Personalizza il tuo stile di svapo con precisione.<\/li>\n<li><strong>Tecnologia Mesh Coil:<\/strong> Offre vapore liscio e sapore migliorato ogni volta.<\/li>\n<li><strong>Capacit\u00e0 e-liquid da 22 ml:<\/strong> Garantisce sessioni di svapo pi\u00f9 lunghe senza ricariche frequenti.<\/li>\n<li><strong>Display LCD:<\/strong> Monitora facilmente il numero di tiri e lo stato della batteria in tempo reale.<\/li>\n<li><strong>Compatto e leggero:<\/strong> Design portatile, pesa solo 95 g per un facile utilizzo in movimento.<\/li>\n<li><strong>Prezzi all'ingrosso accessibili:<\/strong> Ideale per acquisti all'ingrosso e rivendita.<\/li>\n<li><strong>Marchio di svapo usa e getta premium:<\/strong> Combina praticit\u00e0, prestazioni e stile.<\/li>\n<\/ol>\n<\/div>\n<\/div>\n<\/div>\n<\/div>\n<h2 class=\"product-title\"><strong>Elenco gusti VapSolo 12000 Puffs<\/strong><\/h2>\n<p>1.Mirtillo Lampone<br \/>\n2.Mirtillo<br \/>\n3.Ciliegia Frizzante<br \/>\n4.ghiaccio all'anguria<br \/>\n5.Fragola Kiwi<br \/>\n6.Fragola Anguria<br \/>\n7.sogno d'estate<br \/>\n8.mirtillo ciliegia mirtillo rosso<br \/>\n9.limone lime<br \/>\n10.orso gommoso<br \/>\n11. Banana alla Fragola<br \/>\n12.Menta Fresca<br \/>\n13.Ghiaccio alla Fragola e Lampone<br \/>\n14.Limone Pesca<br \/>\n15.Ghiaccio alla Mela Rossa<\/p>\n<figure id=\"attachment_3194\" aria-describedby=\"caption-attachment-3194\" style=\"width: 600px\" class=\"wp-caption alignnone\"><img decoding=\"async\" class=\"wp-image-3194\" src=\"https:\/\/vapestornado.com\/wp-content\/uploads\/2024\/12\/VapSolo-12000-Puffs-Disposable-Vape-Wholesale-Cheap-Price-300x300.jpg\" alt=\"VapSolo 12000 Puffs Sigaretta Elettronica Usa e Getta Prezzo all&#039;Ingrosso\" width=\"600\" height=\"600\" srcset=\"https:\/\/vapestornado.com\/wp-content\/uploads\/2024\/12\/VapSolo-12000-Puffs-Disposable-Vape-Wholesale-Cheap-Price-300x300.jpg 300w, https:\/\/vapestornado.com\/wp-content\/uploads\/2024\/12\/VapSolo-12000-Puffs-Disposable-Vape-Wholesale-Cheap-Price-1024x1024.jpg 1024w, https:\/\/vapestornado.com\/wp-content\/uploads\/2024\/12\/VapSolo-12000-Puffs-Disposable-Vape-Wholesale-Cheap-Price-150x150.jpg 150w, https:\/\/vapestornado.com\/wp-content\/uploads\/2024\/12\/VapSolo-12000-Puffs-Disposable-Vape-Wholesale-Cheap-Price-768x768.jpg 768w, https:\/\/vapestornado.com\/wp-content\/uploads\/2024\/12\/VapSolo-12000-Puffs-Disposable-Vape-Wholesale-Cheap-Price-600x600.jpg 600w, https:\/\/vapestornado.com\/wp-content\/uploads\/2024\/12\/VapSolo-12000-Puffs-Disposable-Vape-Wholesale-Cheap-Price-100x100.jpg 100w, https:\/\/vapestornado.com\/wp-content\/uploads\/2024\/12\/VapSolo-12000-Puffs-Disposable-Vape-Wholesale-Cheap-Price.jpg 1126w\" sizes=\"(max-width: 600px) 100vw, 600px\" \/><figcaption id=\"caption-attachment-3194\" class=\"wp-caption-text\">VapSolo 12000 Puffs Sigaretta Elettronica Usa e Getta Prezzo all'Ingrosso<\/figcaption><\/figure>\n<h3>Perch\u00e9 scegliere vapestornado per VapSolo Viking 12000 Puffs Vape all'ingrosso?<\/h3>\n<div class=\"flex-shrink-0 flex flex-col relative items-end\">\n<div class=\"pt-0\">\n<div class=\"gizmo-bot-avatar flex h-8 w-8 items-center justify-center overflow-hidden rounded-full\">\n<div class=\"relative p-1 rounded-sm flex items-center justify-center bg-token-main-surface-primary text-token-text-primary h-8 w-8\">\n<p>Benvenuti in vapestornado, il tuo negozio di vape online di fiducia per vape usa e getta premium. Con pi\u00f9 di 5 anni di esperienza, ti offriamo marchi di vape usa e getta popolari come Fumot RandM Vape, <a href=\"https:\/\/vapestornado.com\/it\/product\/vapme-crystal-7000-puffs-rechargeable-disposable-vape-wholesale-cheap-price\/\">Vapme<\/a>, Bang Vape, Waspe Vape e WGA Vape, ecc.<\/p>\n<p>La nostra gamma include vape di vendita calda come il <a href=\"https:\/\/vapestornado.com\/it\/product\/fumot-randm-tornado-15000-puffs-rechargeable-disposable-vape-wholesale\/\">RandM Tornado 15000<\/a>, e scelte ricche di sapore come il <a href=\"https:\/\/vapestornado.com\/it\/product\/waspe-40000-puffs-double-flavour-led-display-disposable-vape-wholesale\/\">WASPE Doppio Gusto 40000 Puff<\/a> . Ogni prodotto \u00e8 scelto con un focus su qualit\u00e0, valore e variet\u00e0, assicurandoti di trovare la corrispondenza perfetta per le tue esigenze. Scopri un servizio eccezionale e una vasta gamma di prodotti di alta qualit\u00e0 con prezzi all'ingrosso su vapestornado.<\/p>\n<\/div>\n<h3><\/h3>\n<div class=\"relative p-1 rounded-sm flex items-center justify-center bg-token-main-surface-primary text-token-text-primary h-8 w-8\">\n<h3>FAQ per VapSolo Viking 12k Puff Sigaretta Elettronica Usa e Getta<\/h3>\n<\/div>\n<\/div>\n<\/div>\n<\/div>\n<div class=\"flex-shrink-0 flex flex-col relative items-end\">\n<div class=\"pt-0\">\n<div class=\"gizmo-bot-avatar flex h-8 w-8 items-center justify-center overflow-hidden rounded-full\">\n<div class=\"relative p-1 rounded-sm flex items-center justify-center bg-token-main-surface-primary text-token-text-primary h-8 w-8\">\n<div class=\"mb-2 flex gap-3 empty:hidden -ml-2\">\n<div role=\"article\" data-tabster=\"{&quot;groupper&quot;:{&quot;tabbability&quot;:2},&quot;focusable&quot;:{}}\" data-content=\"ai-message\" aria-labelledby=\"Vdt5ez4X7Tg813x6rFVha-author Vdt5ez4X7Tg813x6rFVha-content\">\n<div id=\"Vdt5ez4X7Tg813x6rFVha-content\">\n<div role=\"article\" data-tabster=\"{&quot;groupper&quot;:{&quot;tabbability&quot;:2},&quot;focusable&quot;:{}}\" data-content=\"ai-message\" aria-labelledby=\"o968oC7CEo2fGHsGdsRYC-author o968oC7CEo2fGHsGdsRYC-content\">\n<div id=\"o968oC7CEo2fGHsGdsRYC-content\">\n<ol>\n<li><strong>Qual \u00e8 la capacit\u00e0 di puff del VapSolo Viking 12000?<\/strong><br \/>\nLa <strong>VapSolo Viking 12000<\/strong> offre fino a <strong>12.000 puff<\/strong>, garantendo un utilizzo prolungato con una manutenzione minima.<\/li>\n<li><strong>Posso ricaricare il VapSolo Viking 12000?<\/strong><br \/>\nS\u00ec, il dispositivo \u00e8 dotato di un <strong>batteria ricaricabile integrata da 650mAh<\/strong> e un <strong>porta di ricarica Type-C<\/strong> per una ricarica rapida ed efficiente.<\/li>\n<li><strong>Quali livelli di nicotina sono disponibili?<\/strong><br \/>\nIl dispositivo \u00e8 disponibile in opzioni <strong>Opzioni a basso contenuto di nicotina 2% e 5%<\/strong>, per soddisfare una vasta gamma di preferenze degli utenti.<\/li>\n<li><strong>Come funziona il flusso d'aria regolabile?<\/strong><br \/>\nLa <strong>flusso d'aria regolabile a 4 livelli<\/strong> ti permette di passare da un tiro pi\u00f9 stretto a uno pi\u00f9 ampio, dandoti il controllo completo sul tuo stile di svapo.<\/li>\n<li><strong>Perch\u00e9 il VapSolo Viking 12000 \u00e8 l'ideale per gli acquirenti all'ingrosso?<\/strong><br \/>\nCon la sua <strong>alto numero di puff<\/strong>, <strong>display LCD<\/strong>e <strong>prezzi all'ingrosso convenienti<\/strong>, \u00e8 perfetto per i rivenditori che desiderano rifornirsi di <strong>vaporizzatore usa e getta<\/strong> prodotti di alta qualit\u00e0 e ricchi di funzionalit\u00e0 a prezzi competitivi.<\/li>\n<\/ol>\n<\/div>\n<\/div>\n<\/div>\n<\/div>\n<\/div>\n<\/div>\n<\/div>\n<\/div>\n<\/div>","protected":false},"excerpt":{"rendered":"<p>VapSolo Viking 12000 Boccate 2% 5% Sigaretta elettronica usa e getta a basso contenuto di nicotina Prezzo all'ingrosso<br \/>\nVapSolo Viking 12000 Boccate Sigaretta elettronica usa e getta ricaricabile all'ingrosso<br \/>\nFabbrica economica VapSolo 12000 Boccate 2% 5% Sigaretta elettronica usa e getta a basso contenuto di nicotina<\/p>\n<p><strong>Aggiungi il whatsapp di Amy per ottenere subito una risposta e un coupon per il vape!<\/strong><\/p>\n<p><img fetchpriority=\"high\" decoding=\"async\" class=\"size-full wp-image-2932\" src=\"https:\/\/vapestornado.com\/wp-content\/uploads\/2024\/12\/Vape-Wholesale.jpg\" alt=\"Vape all&#039;ingrosso\" width=\"229\" height=\"300\" \/><\/p>\n<h3><a href=\"https:\/\/wa.me\/8617776015835\"><span style=\"color: #ff0000;\"><strong>WhatsApp: +86 17776015835<\/strong><\/span><\/a><\/h3>\n<p>&nbsp;<\/p>","protected":false},"featured_media":3193,"comment_status":"open","ping_status":"closed","template":"","meta":{"_acf_changed":false,"_uag_custom_page_level_css":"","_lmt_disableupdate":"no","_lmt_disable":"","_monsterinsights_skip_tracking":false,"_monsterinsights_sitenote_active":false,"_monsterinsights_sitenote_note":"","_monsterinsights_sitenote_category":0,"site-sidebar-layout":"default","site-content-layout":"","ast-site-content-layout":"default","site-content-style":"default","site-sidebar-style":"default","ast-global-header-display":"","ast-banner-title-visibility":"","ast-main-header-display":"","ast-hfb-above-header-display":"","ast-hfb-below-header-display":"","ast-hfb-mobile-header-display":"","site-post-title":"","ast-breadcrumbs-content":"","ast-featured-img":"","footer-sml-layout":"","ast-disable-related-posts":"","theme-transparent-header-meta":"default","adv-header-id-meta":"","stick-header-meta":"","header-above-stick-meta":"","header-main-stick-meta":"","header-below-stick-meta":"","astra-migrate-meta-layouts":"set","ast-page-background-enabled":"default","ast-page-background-meta":{"desktop":{"background-color":"","background-image":"","background-repeat":"repeat","background-position":"center center","background-size":"auto","background-attachment":"scroll","background-type":"","background-media":"","overlay-type":"","overlay-color":"","overlay-opacity":"","overlay-gradient":""},"tablet":{"background-color":"","background-image":"","background-repeat":"repeat","background-position":"center center","background-size":"auto","background-attachment":"scroll","background-type":"","background-media":"","overlay-type":"","overlay-color":"","overlay-opacity":"","overlay-gradient":""},"mobile":{"background-color":"","background-image":"","background-repeat":"repeat","background-position":"center center","background-size":"auto","background-attachment":"scroll","background-type":"","background-media":"","overlay-type":"","overlay-color":"","overlay-opacity":"","overlay-gradient":""}},"ast-content-background-meta":{"desktop":{"background-color":"var(--ast-global-color-5)","background-image":"","background-repeat":"repeat","background-position":"center center","background-size":"auto","background-attachment":"scroll","background-type":"","background-media":"","overlay-type":"","overlay-color":"","overlay-opacity":"","overlay-gradient":""},"tablet":{"background-color":"var(--ast-global-color-5)","background-image":"","background-repeat":"repeat","background-position":"center center","background-size":"auto","background-attachment":"scroll","background-type":"","background-media":"","overlay-type":"","overlay-color":"","overlay-opacity":"","overlay-gradient":""},"mobile":{"background-color":"var(--ast-global-color-5)","background-image":"","background-repeat":"repeat","background-position":"center center","background-size":"auto","background-attachment":"scroll","background-type":"","background-media":"","overlay-type":"","overlay-color":"","overlay-opacity":"","overlay-gradient":""}},"_joinchat":{"telephone":"+8617776015835"}},"product_brand":[],"product_cat":[72,149,150,156,144,146,171],"product_tag":[165,97,166,94,139,170,169],"class_list":{"0":"post-3201","1":"product","2":"type-product","3":"status-publish","4":"has-post-thumbnail","6":"product_cat-12000-puff","7":"product_cat-buy-disposable-vapes-in-austria","8":"product_cat-buy-disposable-vapes-in-belgium","9":"product_cat-buy-disposable-vapes-in-poland","10":"product_cat-low-nicotine-disposable-vapes","11":"product_cat-rechargeable-disposable-vapes","12":"product_cat-vapsolo-disposable-vapes","13":"product_tag-cheap-vapes","14":"product_tag-hot-sale-disposable-vape","15":"product_tag-low-nicotine-vape","16":"product_tag-rechargeable-disposable-vape","17":"product_tag-vapsolo","18":"product_tag-vapsolo-viking-12000","19":"product_tag-vasolo-12000","20":"desktop-align-left","21":"tablet-align-left","22":"mobile-align-left","24":"first","25":"instock","26":"sale","27":"shipping-taxable","28":"purchasable","29":"product-type-simple"},"acf":[],"uagb_featured_image_src":{"full":["https:\/\/vapestornado.com\/wp-content\/uploads\/2024\/12\/VapSolo-12000-Puffs-Disposable-Vape-Bulk-Buy-Price.jpg",1126,1126,false],"thumbnail":["https:\/\/vapestornado.com\/wp-content\/uploads\/2024\/12\/VapSolo-12000-Puffs-Disposable-Vape-Bulk-Buy-Price-150x150.jpg",150,150,true],"medium":["https:\/\/vapestornado.com\/wp-content\/uploads\/2024\/12\/VapSolo-12000-Puffs-Disposable-Vape-Bulk-Buy-Price-300x300.jpg",300,300,true],"medium_large":["https:\/\/vapestornado.com\/wp-content\/uploads\/2024\/12\/VapSolo-12000-Puffs-Disposable-Vape-Bulk-Buy-Price-768x768.jpg",768,768,true],"large":["https:\/\/vapestornado.com\/wp-content\/uploads\/2024\/12\/VapSolo-12000-Puffs-Disposable-Vape-Bulk-Buy-Price-1024x1024.jpg",1024,1024,true],"1536x1536":["https:\/\/vapestornado.com\/wp-content\/uploads\/2024\/12\/VapSolo-12000-Puffs-Disposable-Vape-Bulk-Buy-Price.jpg",1126,1126,false],"2048x2048":["https:\/\/vapestornado.com\/wp-content\/uploads\/2024\/12\/VapSolo-12000-Puffs-Disposable-Vape-Bulk-Buy-Price.jpg",1126,1126,false],"trp-custom-language-flag":["https:\/\/vapestornado.com\/wp-content\/uploads\/2024\/12\/VapSolo-12000-Puffs-Disposable-Vape-Bulk-Buy-Price.jpg",12,12,false],"woocommerce_thumbnail":["https:\/\/vapestornado.com\/wp-content\/uploads\/2024\/12\/VapSolo-12000-Puffs-Disposable-Vape-Bulk-Buy-Price-300x300.jpg",300,300,true],"woocommerce_single":["https:\/\/vapestornado.com\/wp-content\/uploads\/2024\/12\/VapSolo-12000-Puffs-Disposable-Vape-Bulk-Buy-Price-600x600.jpg",600,600,true],"woocommerce_gallery_thumbnail":["https:\/\/vapestornado.com\/wp-content\/uploads\/2024\/12\/VapSolo-12000-Puffs-Disposable-Vape-Bulk-Buy-Price-100x100.jpg",100,100,true]},"uagb_author_info":{"display_name":"ESAMY","author_link":"https:\/\/vapestornado.com\/it\/author\/"},"uagb_comment_info":0,"uagb_excerpt":"VapSolo Viking 12000 Puffs 2% 5% Low Nicotine Disposable VapeBulk Buy Price VapSolo Viking 12000 Puffs Rechargeable Disposable Vape Wholesale Cheap Factory VapSolo 12000 Puffs 2% 5% Low Nicotine Disposable Vape Add Amy's whatsapp get right reply and vape vape coupon! WhatsApp: +86 17776015835 &nbsp;","_links":{"self":[{"href":"https:\/\/vapestornado.com\/it\/wp-json\/wp\/v2\/product\/3201","targetHints":{"allow":["GET"]}}],"collection":[{"href":"https:\/\/vapestornado.com\/it\/wp-json\/wp\/v2\/product"}],"about":[{"href":"https:\/\/vapestornado.com\/it\/wp-json\/wp\/v2\/types\/product"}],"replies":[{"embeddable":true,"href":"https:\/\/vapestornado.com\/it\/wp-json\/wp\/v2\/comments?post=3201"}],"wp:featuredmedia":[{"embeddable":true,"href":"https:\/\/vapestornado.com\/it\/wp-json\/wp\/v2\/media\/3193"}],"wp:attachment":[{"href":"https:\/\/vapestornado.com\/it\/wp-json\/wp\/v2\/media?parent=3201"}],"wp:term":[{"taxonomy":"product_brand","embeddable":true,"href":"https:\/\/vapestornado.com\/it\/wp-json\/wp\/v2\/product_brand?post=3201"},{"taxonomy":"product_cat","embeddable":true,"href":"https:\/\/vapestornado.com\/it\/wp-json\/wp\/v2\/product_cat?post=3201"},{"taxonomy":"product_tag","embeddable":true,"href":"https:\/\/vapestornado.com\/it\/wp-json\/wp\/v2\/product_tag?post=3201"}],"curies":[{"name":"wp","href":"https:\/\/api.w.org\/{rel}","templated":true}]}}