{"id":3179,"date":"2024-12-16T03:01:14","date_gmt":"2024-12-16T03:01:14","guid":{"rendered":"https:\/\/vapestornado.com\/?post_type=product&#038;p=3179"},"modified":"2025-08-23T09:54:56","modified_gmt":"2025-08-23T09:54:56","slug":"china-factory-vapsolo-super-15000-puffs-disposable-wholesale-price-disposable-vape-rechargeable-disposable-vapes-pen-bulk-buy-wholesale","status":"publish","type":"product","link":"https:\/\/vapestornado.com\/it\/product\/china-factory-vapsolo-super-15000-puffs-disposable-wholesale-price-disposable-vape-rechargeable-disposable-vapes-pen-bulk-buy-wholesale\/","title":{"rendered":"Fabbrica cinese Vapsolo Super 15000 Puffs Prezzo all'ingrosso usa e getta Vape ricaricabile Penne Vape usa e getta Acquisto all'ingrosso all'ingrosso"},"content":{"rendered":"<h1 class=\"product-title\">Fabbrica cinese Vapsolo Super 15000 Puffs Prezzo all'ingrosso usa e getta Vape ricaricabile Penne Vape usa e getta Acquisto all'ingrosso all'ingrosso<\/h1>\n<p data-start=\"396\" data-end=\"669\">La <strong data-start=\"400\" data-end=\"445\">Vaporizzatore usa e getta Vapsolo Super 15000 Puffs<\/strong> combina capacit\u00e0, prestazioni e personalizzazione in un dispositivo compatto. Con un massimo di <strong data-start=\"528\" data-end=\"544\">15.000 puff<\/strong> e un <strong data-start=\"551\" data-end=\"584\">serbatoio di e-liquid pre-riempito da 25 ml<\/strong>, offre una soddisfazione duratura sia per l'uso personale che per gli acquirenti all'ingrosso.<\/p>\n<p data-start=\"671\" data-end=\"981\">Alimentato da una <strong data-start=\"684\" data-end=\"715\">batteria ricaricabile integrata da 650mAh<\/strong> con <strong data-start=\"721\" data-end=\"745\">ricarica rapida di tipo C<\/strong>, il Super 15K garantisce un output costante e tempi di inattivit\u00e0 minimi. Il suo <strong data-start=\"813\" data-end=\"843\">flusso d'aria regolabile a 4 livelli<\/strong> consente agli utenti di scegliere tra tiri MTL pi\u00f9 stretti o boccate pi\u00f9 fluide e aperte, mentre il <strong data-start=\"922\" data-end=\"935\">resistenza a mesh<\/strong> migliora l'erogazione dell'aroma e la densit\u00e0 del vapore.<\/p>\n<p data-start=\"983\" data-end=\"1292\">Disponibile in <strong data-start=\"996\" data-end=\"1020\">opzioni a basso contenuto di nicotina<\/strong>, il <strong data-start=\"1026\" data-end=\"1049\">Vapsolo Super 15000<\/strong> \u00e8 progettato per soddisfare diverse preferenze. Combinando funzionalit\u00e0 avanzate, qualit\u00e0 costruttiva durevole e competitivit\u00e0 <strong data-start=\"1159\" data-end=\"1180\">prezzi all'ingrosso<\/strong>, \u00e8 una scelta forte per rivenditori, distributori e acquirenti all'ingrosso alla ricerca di vaporizzatori usa e getta ad alta richiesta.<\/p>\n<p><strong>Aggiungi la risposta immediata di Amy su Whatsapp e il coupon per vaporizzatori!<\/strong><\/p>\n<p><img fetchpriority=\"high\" decoding=\"async\" class=\"size-full wp-image-2932\" src=\"https:\/\/vapestornado.com\/wp-content\/uploads\/2024\/12\/Vape-Wholesale.jpg\" alt=\"Vape all&#039;ingrosso\" width=\"229\" height=\"300\" \/><\/p>\n<h3><a href=\"https:\/\/wa.me\/8617776015835\" target=\"_blank\" rel=\"noopener\"><span style=\"color: #ff0000;\"><strong>WhatsApp: +86 17776015835<\/strong><\/span><\/a><\/h3>\n<p>&nbsp;<\/p>\n<h2><strong>Vapsolo Super 15000 Caratteristiche del prodotto<\/strong><\/h2>\n<div role=\"article\" data-tabster=\"{&quot;groupper&quot;:{&quot;tabbability&quot;:2},&quot;focusable&quot;:{}}\" data-content=\"ai-message\" aria-labelledby=\"juhNTJ6o7Gk1cgwZMJgv2-author juhNTJ6o7Gk1cgwZMJgv2-content\">\n<div id=\"juhNTJ6o7Gk1cgwZMJgv2-content\">\n<div role=\"article\" data-tabster=\"{&quot;groupper&quot;:{&quot;tabbability&quot;:2},&quot;focusable&quot;:{}}\" data-content=\"ai-message\" aria-labelledby=\"x4EZuCZWrTbh3weWUt7CU-author x4EZuCZWrTbh3weWUt7CU-content\">\n<div id=\"x4EZuCZWrTbh3weWUt7CU-content\">\n<h3><\/h3>\n<ol>\n<li><strong>Capacit\u00e0 15.000 tiri:<\/strong> Uso a lunga durata per una soddisfazione ininterrotta.<\/li>\n<li><strong>Serbatoio E-Liquid da 25 ml:<\/strong> Grande capacit\u00e0 per meno ricariche e massima praticit\u00e0.<\/li>\n<li><strong>Batteria ricaricabile da 650 mAh:<\/strong> Prestazioni affidabili con ricarica rapida Type-C.<\/li>\n<li><strong>Flusso d'aria regolabile su 4 livelli:<\/strong> Tiro personalizzabile per un'esperienza di svapo su misura.<\/li>\n<li><strong>Tecnologia Mesh Coil:<\/strong> Esaltala il sapore e fornisce un vapore liscio e costante.<\/li>\n<li><strong>Design compatto e portatile:<\/strong> Facile da trasportare e usare ovunque.<\/li>\n<li><strong>Opzioni di svapo a basso contenuto di nicotina:<\/strong> Perfetto per chi cerca livelli di nicotina ridotti.<\/li>\n<li><strong>Prezzi all'ingrosso accessibili:<\/strong> Ideale per acquisti all'ingrosso e rivendita.<\/li>\n<li><strong>Costruzione resistente:<\/strong> Progettato per un uso a lungo termine senza compromettere la qualit\u00e0.<\/li>\n<li><strong>Marchio leader di svapo usa e getta:<\/strong> Una scelta affidabile per vaporizzatori usa e getta di alta qualit\u00e0.<\/li>\n<\/ol>\n<\/div>\n<\/div>\n<\/div>\n<\/div>\n<h2 class=\"product-title\"><strong>Elenco dei gusti Vapsolo Super 15000 Puffs<\/strong><\/h2>\n<p>1.lampone blu<br \/>\n2.ghiaccio al mirtillo<br \/>\n3.doppia mela<br \/>\n4.ghiaccio all'anguria<br \/>\n5.Fragola Kiwi<br \/>\n6.frutti di bosco misti<br \/>\n7.toro rosso<br \/>\n8.mirtillo ciliegia mirtillo rosso<br \/>\n9.limone lime<br \/>\n10.skittles<br \/>\n11.Sogno estivo<br \/>\n12.Fragola banana<br \/>\n13.Anguria lampone<br \/>\n14.Cola ciliegia mirtillo<br \/>\n15.Ghiaccio nero fragola frutto del drago<\/p>\n<h3>Perch\u00e9 scegliere vapestornado per Vapsolo Super 15000 Puffs Vape all'ingrosso?<\/h3>\n<div class=\"flex-shrink-0 flex flex-col relative items-end\">\n<div class=\"pt-0\">\n<div class=\"gizmo-bot-avatar flex h-8 w-8 items-center justify-center overflow-hidden rounded-full\">\n<div class=\"relative p-1 rounded-sm flex items-center justify-center bg-token-main-surface-primary text-token-text-primary h-8 w-8\">\n<p>Benvenuti in vapestornado, il tuo negozio di vape online di fiducia per vape usa e getta premium. Con pi\u00f9 di 5 anni di esperienza, ti offriamo marchi di vape usa e getta popolari come Fumot RandM Vape, <a href=\"https:\/\/vapestornado.com\/it\/product\/vapme-crystal-7000-puffs-rechargeable-disposable-vape-wholesale-cheap-price\/\">Vapme<\/a>, Bang Vape, Waspe Vape e WGA Vape, ecc.<\/p>\n<p>La nostra gamma include vape di vendita calda come il <a href=\"https:\/\/vapestornado.com\/it\/product\/fumot-randm-tornado-15000-puffs-rechargeable-disposable-vape-wholesale\/\">RandM Tornado 15000<\/a>, e scelte ricche di sapore come il <a href=\"https:\/\/vapestornado.com\/it\/product\/waspe-40000-puffs-double-flavour-led-display-disposable-vape-wholesale\/\">WASPE Doppio Gusto 40000 Puff<\/a> . Ogni prodotto \u00e8 scelto con un focus su qualit\u00e0, valore e variet\u00e0, assicurandoti di trovare la corrispondenza perfetta per le tue esigenze. Scopri un servizio eccezionale e una vasta gamma di prodotti di alta qualit\u00e0 con prezzi all'ingrosso su vapestornado.<\/p>\n<\/div>\n<h3><\/h3>\n<div class=\"relative p-1 rounded-sm flex items-center justify-center bg-token-main-surface-primary text-token-text-primary h-8 w-8\">\n<h3>Domande frequenti per Vapsolo Super 15000 Puff Vape usa e getta<\/h3>\n<\/div>\n<\/div>\n<\/div>\n<\/div>\n<div class=\"flex-shrink-0 flex flex-col relative items-end\">\n<div class=\"pt-0\">\n<div class=\"gizmo-bot-avatar flex h-8 w-8 items-center justify-center overflow-hidden rounded-full\">\n<div class=\"relative p-1 rounded-sm flex items-center justify-center bg-token-main-surface-primary text-token-text-primary h-8 w-8\">\n<div class=\"mb-2 flex gap-3 empty:hidden -ml-2\">\n<div role=\"article\" data-tabster=\"{&quot;groupper&quot;:{&quot;tabbability&quot;:2},&quot;focusable&quot;:{}}\" data-content=\"ai-message\" aria-labelledby=\"Vdt5ez4X7Tg813x6rFVha-author Vdt5ez4X7Tg813x6rFVha-content\">\n<div id=\"Vdt5ez4X7Tg813x6rFVha-content\">\n<div role=\"article\" data-tabster=\"{&quot;groupper&quot;:{&quot;tabbability&quot;:2},&quot;focusable&quot;:{}}\" data-content=\"ai-message\" aria-labelledby=\"o968oC7CEo2fGHsGdsRYC-author o968oC7CEo2fGHsGdsRYC-content\">\n<div id=\"o968oC7CEo2fGHsGdsRYC-content\">\n<h3><\/h3>\n<ol>\n<li><strong>Quanti tiri offre il Vapsolo Super 15k?<\/strong><br \/>\nLa <strong>Vapsolo 15000<\/strong> offre fino a <strong>15.000 puff<\/strong>, rendendolo altamente durevole e di lunga durata.<\/li>\n<li><strong>Posso personalizzare il flusso d'aria?<\/strong><br \/>\nS\u00ec, \u00e8 dotato di <strong>flusso d'aria regolabile a 4 livelli<\/strong>, che ti consente di adattare il tiro alle tue preferenze.<\/li>\n<li><strong>Il Vapsolo Super 15000 \u00e8 ricaricabile?<\/strong><br \/>\nAssolutamente! Viene fornito con un <strong>batteria ricaricabile integrata da 650mAh<\/strong> e <strong>porta di ricarica Type-C<\/strong> per ricariche veloci.<\/li>\n<li><strong>Cosa rende il Vapsolo Super 15000 adatto per la vendita all'ingrosso?<\/strong><br \/>\nSuo <strong>il prezzo basso<\/strong>, l'alto numero di tiri e le caratteristiche premium lo rendono ideale per <strong>vape usa e getta all'ingrosso<\/strong> e gli acquirenti all'ingrosso.<\/li>\n<li><strong>Il Vapsolo Super 15000 \u00e8 una buona opzione per gli utenti a basso contenuto di nicotina?<\/strong><br \/>\nS\u00ec, questo <strong>sigaretta elettronica usa e getta a basso contenuto di nicotina<\/strong> \u00e8 perfetto per gli utenti che cercano livelli di nicotina ridotti pur godendo di un'esperienza di svapo premium.<\/li>\n<\/ol>\n<\/div>\n<\/div>\n<\/div>\n<\/div>\n<\/div>\n<\/div>\n<\/div>\n<\/div>\n<\/div>","protected":false},"excerpt":{"rendered":"<p>Vapsolo Super 15000 Puffs 2% 5% Basso contenuto di nicotina Prezzo all'ingrosso<br \/>\nVapsolo Super 15000 Puffs Sigaretta elettronica usa e getta ricaricabile<br \/>\nFabbrica Vapsolo 15000 Puffs 2% 5% Basso contenuto di nicotina Sigaretta elettronica usa e getta<\/p>\n<p><strong>Aggiungi il whatsapp di Amy per ottenere subito una risposta e un coupon per il vape!<\/strong><\/p>\n<p><img fetchpriority=\"high\" decoding=\"async\" class=\"size-full wp-image-2932\" src=\"https:\/\/vapestornado.com\/wp-content\/uploads\/2024\/12\/Vape-Wholesale.jpg\" alt=\"Vape all&#039;ingrosso\" width=\"229\" height=\"300\" \/><\/p>\n<h3><a href=\"https:\/\/wa.me\/8617776015835\"><span style=\"color: #ff0000;\"><strong>WhatsApp: +86 17776015835<\/strong><\/span><\/a><\/h3>\n<p>&nbsp;<\/p>","protected":false},"featured_media":3189,"comment_status":"open","ping_status":"closed","template":"","meta":{"_acf_changed":false,"_uag_custom_page_level_css":"","_lmt_disableupdate":"no","_lmt_disable":"","_monsterinsights_skip_tracking":false,"_monsterinsights_sitenote_active":false,"_monsterinsights_sitenote_note":"","_monsterinsights_sitenote_category":0,"site-sidebar-layout":"default","site-content-layout":"","ast-site-content-layout":"default","site-content-style":"default","site-sidebar-style":"default","ast-global-header-display":"","ast-banner-title-visibility":"","ast-main-header-display":"","ast-hfb-above-header-display":"","ast-hfb-below-header-display":"","ast-hfb-mobile-header-display":"","site-post-title":"","ast-breadcrumbs-content":"","ast-featured-img":"","footer-sml-layout":"","ast-disable-related-posts":"","theme-transparent-header-meta":"default","adv-header-id-meta":"","stick-header-meta":"","header-above-stick-meta":"","header-main-stick-meta":"","header-below-stick-meta":"","astra-migrate-meta-layouts":"set","ast-page-background-enabled":"default","ast-page-background-meta":{"desktop":{"background-color":"","background-image":"","background-repeat":"repeat","background-position":"center center","background-size":"auto","background-attachment":"scroll","background-type":"","background-media":"","overlay-type":"","overlay-color":"","overlay-opacity":"","overlay-gradient":""},"tablet":{"background-color":"","background-image":"","background-repeat":"repeat","background-position":"center center","background-size":"auto","background-attachment":"scroll","background-type":"","background-media":"","overlay-type":"","overlay-color":"","overlay-opacity":"","overlay-gradient":""},"mobile":{"background-color":"","background-image":"","background-repeat":"repeat","background-position":"center center","background-size":"auto","background-attachment":"scroll","background-type":"","background-media":"","overlay-type":"","overlay-color":"","overlay-opacity":"","overlay-gradient":""}},"ast-content-background-meta":{"desktop":{"background-color":"var(--ast-global-color-5)","background-image":"","background-repeat":"repeat","background-position":"center center","background-size":"auto","background-attachment":"scroll","background-type":"","background-media":"","overlay-type":"","overlay-color":"","overlay-opacity":"","overlay-gradient":""},"tablet":{"background-color":"var(--ast-global-color-5)","background-image":"","background-repeat":"repeat","background-position":"center center","background-size":"auto","background-attachment":"scroll","background-type":"","background-media":"","overlay-type":"","overlay-color":"","overlay-opacity":"","overlay-gradient":""},"mobile":{"background-color":"var(--ast-global-color-5)","background-image":"","background-repeat":"repeat","background-position":"center center","background-size":"auto","background-attachment":"scroll","background-type":"","background-media":"","overlay-type":"","overlay-color":"","overlay-opacity":"","overlay-gradient":""}},"_joinchat":{"telephone":"+8617776015835"}},"product_brand":[],"product_cat":[71,140,157,159,143,146,171],"product_tag":[165,97,166,94,139,168,167],"class_list":{"0":"post-3179","1":"product","2":"type-product","3":"status-publish","4":"has-post-thumbnail","6":"product_cat-15000-puff","7":"product_cat-big-puffs-disposable-vapes","8":"product_cat-buy-disposable-vapes-in-portugal","9":"product_cat-buy-disposable-vapes-in-sweden","10":"product_cat-dual-mesh-disposable-vapes","11":"product_cat-rechargeable-disposable-vapes","12":"product_cat-vapsolo-disposable-vapes","13":"product_tag-cheap-vapes","14":"product_tag-hot-sale-disposable-vape","15":"product_tag-low-nicotine-vape","16":"product_tag-rechargeable-disposable-vape","17":"product_tag-vapsolo","18":"product_tag-vapsolo-15000","19":"product_tag-vapsolo-super-15000","20":"desktop-align-left","21":"tablet-align-left","22":"mobile-align-left","24":"first","25":"instock","26":"sale","27":"shipping-taxable","28":"purchasable","29":"product-type-simple"},"acf":[],"uagb_featured_image_src":{"full":["https:\/\/vapestornado.com\/wp-content\/uploads\/2024\/12\/Vapsolo-Super-15000-Puffs-Disposable-Vapes-Bulk-Buy.jpg",1713,1713,false],"thumbnail":["https:\/\/vapestornado.com\/wp-content\/uploads\/2024\/12\/Vapsolo-Super-15000-Puffs-Disposable-Vapes-Bulk-Buy-150x150.jpg",150,150,true],"medium":["https:\/\/vapestornado.com\/wp-content\/uploads\/2024\/12\/Vapsolo-Super-15000-Puffs-Disposable-Vapes-Bulk-Buy-300x300.jpg",300,300,true],"medium_large":["https:\/\/vapestornado.com\/wp-content\/uploads\/2024\/12\/Vapsolo-Super-15000-Puffs-Disposable-Vapes-Bulk-Buy-768x768.jpg",768,768,true],"large":["https:\/\/vapestornado.com\/wp-content\/uploads\/2024\/12\/Vapsolo-Super-15000-Puffs-Disposable-Vapes-Bulk-Buy-1024x1024.jpg",1024,1024,true],"1536x1536":["https:\/\/vapestornado.com\/wp-content\/uploads\/2024\/12\/Vapsolo-Super-15000-Puffs-Disposable-Vapes-Bulk-Buy-1536x1536.jpg",1536,1536,true],"2048x2048":["https:\/\/vapestornado.com\/wp-content\/uploads\/2024\/12\/Vapsolo-Super-15000-Puffs-Disposable-Vapes-Bulk-Buy.jpg",1713,1713,false],"trp-custom-language-flag":["https:\/\/vapestornado.com\/wp-content\/uploads\/2024\/12\/Vapsolo-Super-15000-Puffs-Disposable-Vapes-Bulk-Buy.jpg",12,12,false],"woocommerce_thumbnail":["https:\/\/vapestornado.com\/wp-content\/uploads\/2024\/12\/Vapsolo-Super-15000-Puffs-Disposable-Vapes-Bulk-Buy-300x300.jpg",300,300,true],"woocommerce_single":["https:\/\/vapestornado.com\/wp-content\/uploads\/2024\/12\/Vapsolo-Super-15000-Puffs-Disposable-Vapes-Bulk-Buy-600x600.jpg",600,600,true],"woocommerce_gallery_thumbnail":["https:\/\/vapestornado.com\/wp-content\/uploads\/2024\/12\/Vapsolo-Super-15000-Puffs-Disposable-Vapes-Bulk-Buy-100x100.jpg",100,100,true]},"uagb_author_info":{"display_name":"ESAMY","author_link":"https:\/\/vapestornado.com\/it\/author\/"},"uagb_comment_info":0,"uagb_excerpt":"Vapsolo Super 15000 Puffs 2% 5% Low Nicotine Bulk Buy Price Vapsolo Super 15000 Puffs Rechargeable Disposable Vape China Factory Vapsolo 15000 Puffs 2% 5% Low Nicotine Disposable Vape Add Amy's whatsapp get right reply and vape vape coupon! WhatsApp: +86 17776015835 &nbsp;","_links":{"self":[{"href":"https:\/\/vapestornado.com\/it\/wp-json\/wp\/v2\/product\/3179","targetHints":{"allow":["GET"]}}],"collection":[{"href":"https:\/\/vapestornado.com\/it\/wp-json\/wp\/v2\/product"}],"about":[{"href":"https:\/\/vapestornado.com\/it\/wp-json\/wp\/v2\/types\/product"}],"replies":[{"embeddable":true,"href":"https:\/\/vapestornado.com\/it\/wp-json\/wp\/v2\/comments?post=3179"}],"wp:featuredmedia":[{"embeddable":true,"href":"https:\/\/vapestornado.com\/it\/wp-json\/wp\/v2\/media\/3189"}],"wp:attachment":[{"href":"https:\/\/vapestornado.com\/it\/wp-json\/wp\/v2\/media?parent=3179"}],"wp:term":[{"taxonomy":"product_brand","embeddable":true,"href":"https:\/\/vapestornado.com\/it\/wp-json\/wp\/v2\/product_brand?post=3179"},{"taxonomy":"product_cat","embeddable":true,"href":"https:\/\/vapestornado.com\/it\/wp-json\/wp\/v2\/product_cat?post=3179"},{"taxonomy":"product_tag","embeddable":true,"href":"https:\/\/vapestornado.com\/it\/wp-json\/wp\/v2\/product_tag?post=3179"}],"curies":[{"name":"wp","href":"https:\/\/api.w.org\/{rel}","templated":true}]}}