{"id":3171,"date":"2024-12-14T09:23:10","date_gmt":"2024-12-14T09:23:10","guid":{"rendered":"https:\/\/vapestornado.com\/?post_type=product&#038;p=3171"},"modified":"2025-08-23T10:02:23","modified_gmt":"2025-08-23T10:02:23","slug":"waspe-40000-puffs-double-flavor-rechargeable-vape-cheap-price","status":"publish","type":"product","link":"https:\/\/vapestornado.com\/it\/product\/waspe-40000-puffs-double-flavor-rechargeable-vape-cheap-price\/","title":{"rendered":"WASPE 40000 Tiri Doppio Aroma Vape Ricaricabile Prezzo Economico"},"content":{"rendered":"<h1>WASPE 40000 Tiri Doppio Aroma Vape Ricaricabile Prezzo Economico<\/h1>\n<p>&nbsp;<\/p>\n<div role=\"article\" data-tabster=\"{&quot;groupper&quot;:{&quot;tabbability&quot;:2},&quot;focusable&quot;:{}}\" data-content=\"ai-message\" aria-labelledby=\"64JRvXrTnY7mRmPkEQLLT-author 64JRvXrTnY7mRmPkEQLLT-content\">\n<div id=\"64JRvXrTnY7mRmPkEQLLT-content\">\n<p>La svapata ricaricabile a doppio gusto WASPE 40000 Puffs unisce tecnologia avanzata e un'eccezionale erogazione del gusto. Progettata per un uso prolungato, la svapata WASPE offre fino a 40.000 tiri, garantendo una soddisfazione duratura. Le doppie bobine a rete da 0,9\u03a9 offrono un vapore morbido e corposo con una maggiore intensit\u00e0 del gusto e un colpo alla gola soddisfacente. La sua capacit\u00e0 di e-liquid da 36 ml riduce la necessit\u00e0 di ricariche frequenti, mentre la batteria ricaricabile da 850 mAh garantisce prestazioni affidabili. La funzione di ricarica rapida di tipo C riduce al minimo i tempi di inattivit\u00e0. Lo schermo LED intelligente offre aggiornamenti in tempo reale sui livelli della batteria e dell'e-liquid per una maggiore comodit\u00e0. Con un sistema a doppio gusto, gli utenti possono passare facilmente da un gusto all'altro, migliorando l'esperienza di svapata. Disponibile con concentrazioni di nicotina al 2% e 5% e 16 gusti unici, \u00e8 adatta sia per i nuovi vapers che per quelli esperti. Scegli la svapata WASPE FIHP 40000 Puffs per funzionalit\u00e0 all'avanguardia, un design elegante e un'esperienza di svapata premium su misura per le tue preferenze.<\/p>\n<\/div>\n<\/div>\n<p><img fetchpriority=\"high\" decoding=\"async\" class=\"alignnone size-medium wp-image-4245\" src=\"https:\/\/vapestornado.com\/wp-content\/uploads\/2024\/12\/Waspe-DOUBLE-FLAVOUR-40k-Vape-Cheap-Price-300x300.jpg\" alt=\"\" width=\"300\" height=\"300\" srcset=\"https:\/\/vapestornado.com\/wp-content\/uploads\/2024\/12\/Waspe-DOUBLE-FLAVOUR-40k-Vape-Cheap-Price-300x300.jpg 300w, https:\/\/vapestornado.com\/wp-content\/uploads\/2024\/12\/Waspe-DOUBLE-FLAVOUR-40k-Vape-Cheap-Price-1024x1024.jpg 1024w, https:\/\/vapestornado.com\/wp-content\/uploads\/2024\/12\/Waspe-DOUBLE-FLAVOUR-40k-Vape-Cheap-Price-150x150.jpg 150w, https:\/\/vapestornado.com\/wp-content\/uploads\/2024\/12\/Waspe-DOUBLE-FLAVOUR-40k-Vape-Cheap-Price-768x768.jpg 768w, https:\/\/vapestornado.com\/wp-content\/uploads\/2024\/12\/Waspe-DOUBLE-FLAVOUR-40k-Vape-Cheap-Price-12x12.jpg 12w, https:\/\/vapestornado.com\/wp-content\/uploads\/2024\/12\/Waspe-DOUBLE-FLAVOUR-40k-Vape-Cheap-Price-600x600.jpg 600w, https:\/\/vapestornado.com\/wp-content\/uploads\/2024\/12\/Waspe-DOUBLE-FLAVOUR-40k-Vape-Cheap-Price-100x100.jpg 100w, https:\/\/vapestornado.com\/wp-content\/uploads\/2024\/12\/Waspe-DOUBLE-FLAVOUR-40k-Vape-Cheap-Price.jpg 1500w\" sizes=\"(max-width: 300px) 100vw, 300px\" \/><\/p>\n<p><img decoding=\"async\" class=\"wp-image-2951\" src=\"https:\/\/vapestornado.com\/wp-content\/uploads\/2024\/12\/Wholesale-Disposable-Vape-265x300.jpg\" alt=\"Vaporizzatore usa e getta all&#039;ingrosso\" width=\"295\" height=\"334\" srcset=\"https:\/\/vapestornado.com\/wp-content\/uploads\/2024\/12\/Wholesale-Disposable-Vape-265x300.jpg 265w, https:\/\/vapestornado.com\/wp-content\/uploads\/2024\/12\/Wholesale-Disposable-Vape-768x871.jpg 768w, https:\/\/vapestornado.com\/wp-content\/uploads\/2024\/12\/Wholesale-Disposable-Vape-600x680.jpg 600w, https:\/\/vapestornado.com\/wp-content\/uploads\/2024\/12\/Wholesale-Disposable-Vape.jpg 823w\" sizes=\"(max-width: 295px) 100vw, 295px\" \/><\/p>\n<h6>Si prega di contattare il WhatsApp di Mandy per il prezzo scontato<a href=\"https:\/\/wa.me\/8618077105796\" target=\"_blank\" rel=\"noopener\">+8618077105796<\/a><\/h6>\n<p>&nbsp;<\/p>\n<h2><strong>Specifiche delle svapate usa e getta WASPE 40000 Puffs<\/strong><\/h2>\n<ul>\n<li><strong>Gradazione di nicotina<\/strong>: Disponibile nelle opzioni 2% e 5% per un'esperienza di svapata su misura.<\/li>\n<li><strong>Capacit\u00e0 di tiri<\/strong>: Fino a 40.000 tiri, ideali per un uso prolungato con sostituzioni minime.<\/li>\n<li><strong>Capacit\u00e0 di e-liquid<\/strong>: Pre-riempita con 36 ml di succo da svapata di alta qualit\u00e0 per sessioni di lunga durata.<\/li>\n<li><strong>Bobine a rete avanzate<\/strong>: Le doppie bobine a rete da 0,9\u03a9 offrono vapore morbido e ricco e un gusto migliorato.<\/li>\n<li><strong>Ricaricabile di tipo C<\/strong>: La ricarica rapida ed efficiente di tipo C riduce al minimo i tempi di inattivit\u00e0.<\/li>\n<li><strong>Capacit\u00e0 della batteria<\/strong>: La robusta batteria ricaricabile da 850 mAh garantisce prestazioni costanti.<\/li>\n<li><strong>Schermo LED intelligente<\/strong>: Aggiornamenti in tempo reale sui livelli della batteria e dell'e-liquid per un uso senza interruzioni.<\/li>\n<li><strong>Tecnologia a doppio gusto<\/strong>Passa da due gusti distinti per un'esperienza di svapo dinamica e personalizzata.<\/li>\n<\/ul>\n<h2><strong>WASPE Tornado Vape 40k Puffs Elenco gusti:<\/strong><\/h2>\n<p class=\"selectable-text copyable-text x15bjb6t x1n2onr6\" dir=\"ltr\"><span class=\"selectable-text copyable-text false\">1.Ghiaccio all'anguria<\/span><\/p>\n<p class=\"selectable-text copyable-text x15bjb6t x1n2onr6\" dir=\"ltr\"><span class=\"selectable-text copyable-text false x1sdyfia xss6m8b\">2.<\/span><span class=\"selectable-text copyable-text false\"> Ghiaccio ciliegia frizzante<\/span><\/p>\n<p class=\"selectable-text copyable-text x15bjb6t x1n2onr6\" dir=\"ltr\"><span class=\"selectable-text copyable-text false x1sdyfia xss6m8b\">3.<\/span><span class=\"selectable-text copyable-text false\"> Anguria e fragola<\/span><\/p>\n<p class=\"selectable-text copyable-text x15bjb6t x1n2onr6\" dir=\"ltr\"><span class=\"selectable-text copyable-text false x1sdyfia xss6m8b\">4.<\/span><span class=\"selectable-text copyable-text false\"> Red Bull Ghiaccio<\/span><\/p>\n<p class=\"selectable-text copyable-text x15bjb6t x1n2onr6\" dir=\"ltr\"><span class=\"selectable-text copyable-text false x1sdyfia xss6m8b\">5.<\/span><span class=\"selectable-text copyable-text false\"> Ghiaccio alla pesca<\/span><\/p>\n<p class=\"selectable-text copyable-text x15bjb6t x1n2onr6\" dir=\"ltr\"><span class=\"selectable-text copyable-text false x1sdyfia xss6m8b\">6.<\/span><span class=\"selectable-text copyable-text false\"> Uva Ghiaccio<\/span><\/p>\n<p class=\"selectable-text copyable-text x15bjb6t x1n2onr6\" dir=\"ltr\"><span class=\"selectable-text copyable-text false x1sdyfia xss6m8b\">7.<\/span><span class=\"selectable-text copyable-text false\"> Limonata ai lamponi blu<\/span><\/p>\n<p class=\"selectable-text copyable-text x15bjb6t x1n2onr6\" dir=\"ltr\"><span class=\"selectable-text copyable-text false x1sdyfia xss6m8b\">8.<\/span><span class=\"selectable-text copyable-text false\"> Frutti di bosco misti<\/span><\/p>\n<p class=\"selectable-text copyable-text x15bjb6t x1n2onr6\" dir=\"ltr\"><span class=\"selectable-text copyable-text false x1sdyfia xss6m8b\">9.<\/span><span class=\"selectable-text copyable-text false\"> Fragola Lampone Ciliegia<\/span><\/p>\n<p class=\"selectable-text copyable-text x15bjb6t x1n2onr6\" dir=\"ltr\"><span class=\"selectable-text copyable-text false x1sdyfia xss6m8b\">10.<\/span><span class=\"selectable-text copyable-text false\"> Fragola Banana<\/span><\/p>\n<p class=\"selectable-text copyable-text x15bjb6t x1n2onr6\" dir=\"ltr\"><span class=\"selectable-text copyable-text false x1sdyfia xss6m8b\">11.<\/span><span class=\"selectable-text copyable-text false\"> Gomma da masticare all'anguria e fragola<\/span><\/p>\n<p class=\"selectable-text copyable-text x15bjb6t x1n2onr6\" dir=\"ltr\"><span class=\"selectable-text copyable-text false x1sdyfia xss6m8b\">12.<\/span><span class=\"selectable-text copyable-text false\"> Ghiaccio alla cola e ciliegia<\/span><\/p>\n<p class=\"selectable-text copyable-text x15bjb6t x1n2onr6\" dir=\"ltr\"><span class=\"selectable-text copyable-text false x1sdyfia xss6m8b\">13.<\/span><span class=\"selectable-text copyable-text false\"> Lampone e mela aspra<\/span><\/p>\n<p class=\"selectable-text copyable-text x15bjb6t x1n2onr6\" dir=\"ltr\"><span class=\"selectable-text copyable-text false x1sdyfia xss6m8b\">14.<\/span><span class=\"selectable-text copyable-text false\"> Pesca e frutti di bosco<\/span><\/p>\n<p class=\"selectable-text copyable-text x15bjb6t x1n2onr6\" dir=\"ltr\"><span class=\"selectable-text copyable-text false x1sdyfia xss6m8b\">15.<\/span><span class=\"selectable-text copyable-text false\"> Mirtillo Ghiaccio<\/span><\/p>\n<p class=\"selectable-text copyable-text x15bjb6t x1n2onr6\" dir=\"ltr\"><span class=\"selectable-text copyable-text false x1sdyfia xss6m8b\">16.<\/span><span class=\"selectable-text copyable-text false\"> Fragola e ciliegia<\/span><\/p>\n<div role=\"article\" data-tabster=\"{&quot;groupper&quot;:{&quot;tabbability&quot;:2},&quot;focusable&quot;:{}}\" data-content=\"ai-message\" aria-labelledby=\"dARUyEWDoEYhnSPXFwx5A-author dARUyEWDoEYhnSPXFwx5A-content\">\n<div id=\"dARUyEWDoEYhnSPXFwx5A-content\">\n<h2><strong>Perch\u00e9 scegliere le Pod WASPE 40k Puffs su vapestornado.com?<\/strong><\/h2>\n<ul>\n<li><strong>Longevit\u00e0 Ineguagliabile<\/strong>Con un'impressionante autonomia di 40.000 tiri, il WASPE 40K \u00e8 perfetto per chi cerca un uso prolungato senza sostituzioni frequenti.<\/li>\n<li><strong>Tecnologia di svapo avanzata<\/strong>Dotato di due resistenze mesh da 0,9\u03a9, questo dispositivo assicura un vapore liscio e saporito ad ogni tiro, offrendo un'esperienza di svapo premium.<\/li>\n<li><strong>Enorme capacit\u00e0 di e-liquid<\/strong>Pre-riempito con 36 ml di liquido di alta qualit\u00e0, \u00e8 progettato per sessioni ininterrotte e di lunga durata.<\/li>\n<li><strong>Comoda ricarica<\/strong>: Dotato di una batteria ricaricabile da 850 mAh con porta Type-C, WASPE 40000 puff offre potenza affidabile e ricarica rapida, garantendo che tu sia sempre pronto a svapare.<\/li>\n<li><strong>Innovativa Doppia Funzione di Gusto<\/strong>: Goditi due gusti in un unico dispositivo, offrendo un'esperienza di svapo personalizzabile e dinamica, su misura per le tue preferenze.<\/li>\n<li><strong>Design Intuitivo<\/strong>: Il display LED intelligente ti tiene informato sui livelli di batteria e di e-liquid, aggiungendo un ulteriore livello di praticit\u00e0 alla tua routine di svapo.<\/li>\n<li><strong>Opzioni di Nicotina Flessibili<\/strong>: Disponibile con gradazioni di nicotina del 2% e 5%, per soddisfare sia i vaper occasionali che quelli esperti.<\/li>\n<li><strong>Servizio Premium di vapestornado<\/strong>: Acquistare su vapestornado.com significa avere accesso a prodotti autentici, prezzi competitivi e un'assistenza clienti eccezionale.<\/li>\n<\/ul>\n<\/div>\n<\/div>\n<h2>Domande frequenti su <strong>WASPE 40K Puffs Prezzo all'ingrosso vapes ricaricabili<\/strong><\/h2>\n<p><strong>D1: Come posso tracciare il mio ordine di WASPE VAPES 40k Puffs?<\/strong><br \/>\nR: Una volta che il tuo ordine \u00e8 stato spedito, riceverai un numero di tracciamento via email per monitorare l'avanzamento della tua consegna.<\/p>\n<p><strong>D2: Qual \u00e8 il tempo di spedizione stimato per il WASPE 40000 PUFF?<\/strong><br \/>\nR: Gli ordini spediti dalla Cina impiegano solitamente 7-14 giorni lavorativi, mentre gli ordini dai magazzini europei arrivano in 3-6 giorni lavorativi.<\/p>\n<p><strong>D3: Posso avere una consegna pi\u00f9 rapida?<\/strong><br \/>\nR: Per una spedizione pi\u00f9 veloce, considera l'acquisto di prodotti disponibili nei nostri magazzini europei.<\/p>\n<p><strong>D4: Posso scegliere gusti specifici per il WASPE FIHP VAPE 40000 PUFFS?<\/strong><br \/>\nR: I gusti sono solitamente disposti in modo casuale, ma puoi lasciare una nota al momento del checkout con le tue preferenze e faremo del nostro meglio per accontentarti.<\/p>\n<p><strong>D5: Spedite il WASPE 40000 puffs a livello internazionale?<\/strong><br \/>\nR: S\u00ec, spediamo nella maggior parte dei paesi in tutto il mondo e gestiamo lo sdoganamento.<\/p>\n<p><strong>D6: Come posso contattare il servizio clienti?<\/strong><br \/>\nR: Contattaci via email, WhatsApp o live chat sul nostro sito web per ricevere assistenza tempestiva.<\/p>","protected":false},"excerpt":{"rendered":"<ul>\n<li><strong>Ottieni la svapata ricaricabile WASPE FIHP 40000 Puff a prezzi imbattibili<\/strong><\/li>\n<li><strong>Offerte all'ingrosso su svapate WASPE FIHP 40K Puffs \u2013 Risparmia molto sugli ordini all'ingrosso<\/strong><\/li>\n<li><strong>Acquista la svapata a doppio gusto WASPE 40000 Puffs \u2013 Funzionalit\u00e0 avanzate, prezzi convenienti<\/strong><\/li>\n<\/ul>\n<figure id=\"attachment_2951\" aria-describedby=\"caption-attachment-2951\" style=\"width: 265px\" class=\"wp-caption alignnone\"><img decoding=\"async\" class=\"size-medium wp-image-2951\" src=\"https:\/\/vapestornado.com\/wp-content\/uploads\/2024\/12\/Wholesale-Disposable-Vape-265x300.jpg\" alt=\"Vaporizzatore usa e getta all&#039;ingrosso\" width=\"265\" height=\"300\" srcset=\"https:\/\/vapestornado.com\/wp-content\/uploads\/2024\/12\/Wholesale-Disposable-Vape-265x300.jpg 265w, https:\/\/vapestornado.com\/wp-content\/uploads\/2024\/12\/Wholesale-Disposable-Vape-768x871.jpg 768w, https:\/\/vapestornado.com\/wp-content\/uploads\/2024\/12\/Wholesale-Disposable-Vape-600x680.jpg 600w, https:\/\/vapestornado.com\/wp-content\/uploads\/2024\/12\/Wholesale-Disposable-Vape.jpg 823w\" sizes=\"(max-width: 265px) 100vw, 265px\" \/><figcaption id=\"caption-attachment-2951\" class=\"wp-caption-text\">Si prega di contattare il WhatsApp di Mandy per il prezzo scontato\u00a0 <a href=\"https:\/\/wa.me\/8618077105796\">+8618077105796<\/a><\/figcaption><\/figure>\n<p>&nbsp;<\/p>","protected":false},"featured_media":4245,"comment_status":"open","ping_status":"closed","template":"","meta":{"_acf_changed":false,"_uag_custom_page_level_css":"","_lmt_disableupdate":"no","_lmt_disable":"","_monsterinsights_skip_tracking":false,"_monsterinsights_sitenote_active":false,"_monsterinsights_sitenote_note":"","_monsterinsights_sitenote_category":0,"site-sidebar-layout":"default","site-content-layout":"","ast-site-content-layout":"default","site-content-style":"default","site-sidebar-style":"default","ast-global-header-display":"","ast-banner-title-visibility":"","ast-main-header-display":"","ast-hfb-above-header-display":"","ast-hfb-below-header-display":"","ast-hfb-mobile-header-display":"","site-post-title":"","ast-breadcrumbs-content":"","ast-featured-img":"","footer-sml-layout":"","ast-disable-related-posts":"","theme-transparent-header-meta":"default","adv-header-id-meta":"","stick-header-meta":"","header-above-stick-meta":"","header-main-stick-meta":"","header-below-stick-meta":"","astra-migrate-meta-layouts":"set","ast-page-background-enabled":"default","ast-page-background-meta":{"desktop":{"background-color":"","background-image":"","background-repeat":"repeat","background-position":"center center","background-size":"auto","background-attachment":"scroll","background-type":"","background-media":"","overlay-type":"","overlay-color":"","overlay-opacity":"","overlay-gradient":""},"tablet":{"background-color":"","background-image":"","background-repeat":"repeat","background-position":"center center","background-size":"auto","background-attachment":"scroll","background-type":"","background-media":"","overlay-type":"","overlay-color":"","overlay-opacity":"","overlay-gradient":""},"mobile":{"background-color":"","background-image":"","background-repeat":"repeat","background-position":"center center","background-size":"auto","background-attachment":"scroll","background-type":"","background-media":"","overlay-type":"","overlay-color":"","overlay-opacity":"","overlay-gradient":""}},"ast-content-background-meta":{"desktop":{"background-color":"var(--ast-global-color-5)","background-image":"","background-repeat":"repeat","background-position":"center center","background-size":"auto","background-attachment":"scroll","background-type":"","background-media":"","overlay-type":"","overlay-color":"","overlay-opacity":"","overlay-gradient":""},"tablet":{"background-color":"var(--ast-global-color-5)","background-image":"","background-repeat":"repeat","background-position":"center center","background-size":"auto","background-attachment":"scroll","background-type":"","background-media":"","overlay-type":"","overlay-color":"","overlay-opacity":"","overlay-gradient":""},"mobile":{"background-color":"var(--ast-global-color-5)","background-image":"","background-repeat":"repeat","background-position":"center center","background-size":"auto","background-attachment":"scroll","background-type":"","background-media":"","overlay-type":"","overlay-color":"","overlay-opacity":"","overlay-gradient":""}},"_joinchat":{"telephone":"+8618077105796"}},"product_brand":[],"product_cat":[65,149,153,156,157,158,60],"product_tag":[97,89],"class_list":{"0":"post-3171","1":"product","2":"type-product","3":"status-publish","4":"has-post-thumbnail","6":"product_cat-40000-puff","7":"product_cat-buy-disposable-vapes-in-austria","8":"product_cat-buy-disposable-vapes-in-italy","9":"product_cat-buy-disposable-vapes-in-poland","10":"product_cat-buy-disposable-vapes-in-portugal","11":"product_cat-buy-disposable-vapes-in-spain","12":"product_cat-waspe-fihp-vape","13":"product_tag-hot-sale-disposable-vape","14":"product_tag-waspe-40000-puffs","15":"desktop-align-left","16":"tablet-align-left","17":"mobile-align-left","19":"first","20":"instock","21":"sale","22":"shipping-taxable","23":"purchasable","24":"product-type-simple"},"acf":[],"uagb_featured_image_src":{"full":["https:\/\/vapestornado.com\/wp-content\/uploads\/2024\/12\/Waspe-DOUBLE-FLAVOUR-40k-Vape-Cheap-Price.jpg",1500,1500,false],"thumbnail":["https:\/\/vapestornado.com\/wp-content\/uploads\/2024\/12\/Waspe-DOUBLE-FLAVOUR-40k-Vape-Cheap-Price-150x150.jpg",150,150,true],"medium":["https:\/\/vapestornado.com\/wp-content\/uploads\/2024\/12\/Waspe-DOUBLE-FLAVOUR-40k-Vape-Cheap-Price-300x300.jpg",300,300,true],"medium_large":["https:\/\/vapestornado.com\/wp-content\/uploads\/2024\/12\/Waspe-DOUBLE-FLAVOUR-40k-Vape-Cheap-Price-768x768.jpg",768,768,true],"large":["https:\/\/vapestornado.com\/wp-content\/uploads\/2024\/12\/Waspe-DOUBLE-FLAVOUR-40k-Vape-Cheap-Price-1024x1024.jpg",1024,1024,true],"1536x1536":["https:\/\/vapestornado.com\/wp-content\/uploads\/2024\/12\/Waspe-DOUBLE-FLAVOUR-40k-Vape-Cheap-Price.jpg",1500,1500,false],"2048x2048":["https:\/\/vapestornado.com\/wp-content\/uploads\/2024\/12\/Waspe-DOUBLE-FLAVOUR-40k-Vape-Cheap-Price.jpg",1500,1500,false],"trp-custom-language-flag":["https:\/\/vapestornado.com\/wp-content\/uploads\/2024\/12\/Waspe-DOUBLE-FLAVOUR-40k-Vape-Cheap-Price-12x12.jpg",12,12,true],"woocommerce_thumbnail":["https:\/\/vapestornado.com\/wp-content\/uploads\/2024\/12\/Waspe-DOUBLE-FLAVOUR-40k-Vape-Cheap-Price-300x300.jpg",300,300,true],"woocommerce_single":["https:\/\/vapestornado.com\/wp-content\/uploads\/2024\/12\/Waspe-DOUBLE-FLAVOUR-40k-Vape-Cheap-Price-600x600.jpg",600,600,true],"woocommerce_gallery_thumbnail":["https:\/\/vapestornado.com\/wp-content\/uploads\/2024\/12\/Waspe-DOUBLE-FLAVOUR-40k-Vape-Cheap-Price-100x100.jpg",100,100,true]},"uagb_author_info":{"display_name":"ESMANDY","author_link":"https:\/\/vapestornado.com\/it\/author\/"},"uagb_comment_info":0,"uagb_excerpt":"Get WASPE FIHP 40000 Puff Rechargeable Vape at Unbeatable Prices Wholesale Deals on WASPE FIHP 40K Puffs Vapes \u2013 Save Big on Bulk Orders Shop WASPE 40000 Puffs Dual Flavor Vape \u2013 Advanced Features, Affordable Prices [caption id=\"attachment_2951\" align=\"alignnone\" width=\"265\"] Pls Contact Mandy's WhatsApp For Discount Price\u00a0 +8618077105796[\/caption] &nbsp;","_links":{"self":[{"href":"https:\/\/vapestornado.com\/it\/wp-json\/wp\/v2\/product\/3171","targetHints":{"allow":["GET"]}}],"collection":[{"href":"https:\/\/vapestornado.com\/it\/wp-json\/wp\/v2\/product"}],"about":[{"href":"https:\/\/vapestornado.com\/it\/wp-json\/wp\/v2\/types\/product"}],"replies":[{"embeddable":true,"href":"https:\/\/vapestornado.com\/it\/wp-json\/wp\/v2\/comments?post=3171"}],"wp:featuredmedia":[{"embeddable":true,"href":"https:\/\/vapestornado.com\/it\/wp-json\/wp\/v2\/media\/4245"}],"wp:attachment":[{"href":"https:\/\/vapestornado.com\/it\/wp-json\/wp\/v2\/media?parent=3171"}],"wp:term":[{"taxonomy":"product_brand","embeddable":true,"href":"https:\/\/vapestornado.com\/it\/wp-json\/wp\/v2\/product_brand?post=3171"},{"taxonomy":"product_cat","embeddable":true,"href":"https:\/\/vapestornado.com\/it\/wp-json\/wp\/v2\/product_cat?post=3171"},{"taxonomy":"product_tag","embeddable":true,"href":"https:\/\/vapestornado.com\/it\/wp-json\/wp\/v2\/product_tag?post=3171"}],"curies":[{"name":"wp","href":"https:\/\/api.w.org\/{rel}","templated":true}]}}