{"id":3132,"date":"2024-12-13T09:10:35","date_gmt":"2024-12-13T09:10:35","guid":{"rendered":"https:\/\/vapestornado.com\/?post_type=product&#038;p=3132"},"modified":"2025-08-23T10:04:00","modified_gmt":"2025-08-23T10:04:00","slug":"vapsolo-twins-20000-double-flavour-rechargeable-disposable-vape-wholesale-price","status":"publish","type":"product","link":"https:\/\/vapestornado.com\/it\/product\/vapsolo-twins-20000-double-flavour-rechargeable-disposable-vape-wholesale-price\/","title":{"rendered":"Vapsolo Twins 20000 Doppio Gusto Vaporizzatore Usa e Getta Ricaricabile Prezzo All'Ingrosso"},"content":{"rendered":"<h1 class=\"product-title\">Vapsolo Twins 20000 Doppio Gusto Vaporizzatore Usa e Getta Ricaricabile Prezzo All'Ingrosso<\/h1>\n<p data-start=\"319\" data-end=\"581\">La <strong data-start=\"323\" data-end=\"377\">Vaporizzatore usa e getta Vapsolo Twins 20000 a doppio aroma<\/strong> \u00e8 progettato per rivenditori e grossisti che necessitano di scorte affidabili e di lunga durata. Con un massimo di <strong data-start=\"470\" data-end=\"497\">20.000 boccate per dispositivo<\/strong> e un <strong data-start=\"504\" data-end=\"526\">serbatoio di e-liquid da 25ml<\/strong>, offre un uso prolungato e un forte potenziale di rivendita.<\/p>\n<p data-start=\"583\" data-end=\"946\">Suo <strong data-start=\"587\" data-end=\"612\">sistema a doppio aroma<\/strong> consente ai clienti di passare da due miscele in un unico dispositivo, rendendolo pi\u00f9 attraente per gli acquirenti che desiderano variet\u00e0 senza portare con s\u00e9 pi\u00f9 vaporizzatori. Il <strong data-start=\"759\" data-end=\"783\">tecnologia della bobina a mesh<\/strong> garantisce un vapore uniforme e un gusto coerente, mentre il <strong data-start=\"837\" data-end=\"868\">batteria ricaricabile integrata da 650mAh<\/strong> con <strong data-start=\"874\" data-end=\"898\">ricarica rapida di tipo C<\/strong> mantiene le prestazioni costanti fino all'ultima goccia.<\/p>\n<p data-start=\"948\" data-end=\"1202\">Disponibile in <strong data-start=\"961\" data-end=\"993\">Gradazioni di nicotina 2% e 5%<\/strong>, il <strong data-start=\"999\" data-end=\"1025\">Vaporizzatore Vapsolo Twins 20K<\/strong> soddisfa le diverse preferenze dei clienti. Con prezzi competitivi <strong data-start=\"1085\" data-end=\"1106\">prezzi all'ingrosso<\/strong> e una forte domanda di mercato, \u00e8 una scelta intelligente per piccoli negozi e distributori in tutta Europa<\/p>\n<p><strong>Aggiungi la risposta immediata di Amy su Whatsapp e il coupon per vaporizzatori!<\/strong><\/p>\n<p><img fetchpriority=\"high\" decoding=\"async\" class=\"size-full wp-image-2932\" src=\"https:\/\/vapestornado.com\/wp-content\/uploads\/2024\/12\/Vape-Wholesale.jpg\" alt=\"Vape all&#039;ingrosso\" width=\"229\" height=\"300\" \/><\/p>\n<h3><a href=\"https:\/\/wa.me\/8617776015835\" target=\"_blank\" rel=\"noopener\"><span style=\"color: #ff0000;\"><strong>WhatsApp: +86 17776015835<\/strong><\/span><\/a><\/h3>\n<p>&nbsp;<\/p>\n<h2><strong>Vapsolo Twins 20000 Caratteristiche del Prodotto<\/strong><\/h2>\n<div role=\"article\" data-tabster=\"{&quot;groupper&quot;:{&quot;tabbability&quot;:2},&quot;focusable&quot;:{}}\" data-content=\"ai-message\" aria-labelledby=\"juhNTJ6o7Gk1cgwZMJgv2-author juhNTJ6o7Gk1cgwZMJgv2-content\">\n<div id=\"juhNTJ6o7Gk1cgwZMJgv2-content\">\n<div role=\"article\" data-tabster=\"{&quot;groupper&quot;:{&quot;tabbability&quot;:2},&quot;focusable&quot;:{}}\" data-content=\"ai-message\" aria-labelledby=\"x4EZuCZWrTbh3weWUt7CU-author x4EZuCZWrTbh3weWUt7CU-content\">\n<div id=\"x4EZuCZWrTbh3weWUt7CU-content\">\n<h3><\/h3>\n<ol>\n<li><strong>Doppia Aroma Delizia:<\/strong> Sistema a doppio serbatoio per due aromi in una sola sigaretta elettronica.<\/li>\n<li><strong>Conteggio massiccio di boccate:<\/strong> Offre un'impressionante <strong>20.000 puff<\/strong>.<\/li>\n<li><strong>Batteria ricaricabile:<\/strong> Batteria a lunga durata da 650mAh con ricarica Type-C.<\/li>\n<li><strong>Generosa Capacit\u00e0 di E-Liquid:<\/strong> <strong>Serbatoi da 25 mL pre-riempiti<\/strong> per un uso prolungato.<\/li>\n<li><strong>Opzioni di concentrazione di nicotina:<\/strong> Scegli tra <strong>2% o 5%<\/strong> livelli di nicotina.<\/li>\n<li><strong>Tecnologia Mesh Coil:<\/strong> Garantisce una produzione di vapore morbida e saporita.<\/li>\n<li><strong>Flusso d'aria regolabile:<\/strong> Personalizza l'intensit\u00e0 del vapore in base al tuo stile.<\/li>\n<li><strong>Design intuitivo:<\/strong> Sistema ad attivazione automatica per uno svapo facile e conveniente.<\/li>\n<li><strong>Design compatto<\/strong> Design elegante perfetto per gli utenti in movimento.<\/li>\n<li><strong>Schermo intelligente:<\/strong> Aggiornamenti in tempo reale sulla durata della batteria e sul conteggio dei tiri.<\/li>\n<\/ol>\n<\/div>\n<\/div>\n<\/div>\n<\/div>\n<h2 class=\"product-title\"><strong>Lista gusti Vapsolo Twins 20000<\/strong><\/h2>\n<p>1.Limone e lime<br \/>\n2.Uva ghiacciata<br \/>\n3.Ananas e cocco<br \/>\n4.Arancia, mango e anguria<br \/>\n5.Mirtillo ghiacciato<br \/>\n6.Anguria ghiacciata<br \/>\n7.Fragola e banana<br \/>\n8.Ghiaccio Fragola Lamponi Ciliegia<br \/>\n9.Limonata ai Lamponi Blu<br \/>\n10.Ghiaccio al Cocomero<br \/>\n11.Triplo Melone<br \/>\n12.Ghiaccio Nero, Frutto del Drago, Fragola<br \/>\n13.Ananas e Cocco<br \/>\n14.Ghiaccio alla Fragola<br \/>\n15.Fragola e Kiwi<br \/>\n16.Triplo Melone<\/p>\n<h3>Perch\u00e9 scegliere vapestornado per la vendita all'ingrosso della Vapsolo Twins 20k Puff?<\/h3>\n<div class=\"flex-shrink-0 flex flex-col relative items-end\">\n<div class=\"pt-0\">\n<div class=\"gizmo-bot-avatar flex h-8 w-8 items-center justify-center overflow-hidden rounded-full\">\n<div class=\"relative p-1 rounded-sm flex items-center justify-center bg-token-main-surface-primary text-token-text-primary h-8 w-8\">\n<p>Benvenuti in vapestornado, il tuo negozio di vape online di fiducia per vape usa e getta premium. Con pi\u00f9 di 5 anni di esperienza, ti offriamo marchi di vape usa e getta popolari come Fumot RandM Vape, <a href=\"https:\/\/vapestornado.com\/it\/product\/vapme-crystal-7000-puffs-rechargeable-disposable-vape-wholesale-cheap-price\/\">Vapme<\/a>, Bang Vape, Waspe Vape e WGA Vape, ecc.<\/p>\n<p>La nostra gamma include vape di vendita calda come il <a href=\"https:\/\/vapestornado.com\/it\/product\/fumot-randm-tornado-15000-puffs-rechargeable-disposable-vape-wholesale\/\">RandM Tornado 15000<\/a>, e scelte ricche di sapore come il <a href=\"https:\/\/vapestornado.com\/it\/product\/waspe-40000-puffs-double-flavour-led-display-disposable-vape-wholesale\/\">WASPE Doppio Gusto 40000 Puff<\/a> . Ogni prodotto \u00e8 scelto con un focus su qualit\u00e0, valore e variet\u00e0, assicurandoti di trovare la corrispondenza perfetta per le tue esigenze. Scopri un servizio eccezionale e una vasta gamma di prodotti di alta qualit\u00e0 con prezzi all'ingrosso su vapestornado.<\/p>\n<\/div>\n<h3><\/h3>\n<div class=\"relative p-1 rounded-sm flex items-center justify-center bg-token-main-surface-primary text-token-text-primary h-8 w-8\">\n<h3>Domande frequenti per Vapsolo 20k Puff Sigaretta Elettronica Monouso<\/h3>\n<\/div>\n<\/div>\n<\/div>\n<\/div>\n<div class=\"flex-shrink-0 flex flex-col relative items-end\">\n<div class=\"pt-0\">\n<div class=\"gizmo-bot-avatar flex h-8 w-8 items-center justify-center overflow-hidden rounded-full\">\n<div class=\"relative p-1 rounded-sm flex items-center justify-center bg-token-main-surface-primary text-token-text-primary h-8 w-8\">\n<div class=\"mb-2 flex gap-3 empty:hidden -ml-2\">\n<div role=\"article\" data-tabster=\"{&quot;groupper&quot;:{&quot;tabbability&quot;:2},&quot;focusable&quot;:{}}\" data-content=\"ai-message\" aria-labelledby=\"Vdt5ez4X7Tg813x6rFVha-author Vdt5ez4X7Tg813x6rFVha-content\">\n<div id=\"Vdt5ez4X7Tg813x6rFVha-content\">\n<div role=\"article\" data-tabster=\"{&quot;groupper&quot;:{&quot;tabbability&quot;:2},&quot;focusable&quot;:{}}\" data-content=\"ai-message\" aria-labelledby=\"o968oC7CEo2fGHsGdsRYC-author o968oC7CEo2fGHsGdsRYC-content\">\n<div id=\"o968oC7CEo2fGHsGdsRYC-content\">\n<ol>\n<li><strong>Cosa rende unico il Vapsolo Twins 20000?<\/strong><br \/>\nLa <strong>sistema a doppio serbatoio per gli aromi<\/strong> ti permette di godere di due gusti distinti in un unico dispositivo, rendendolo estremamente versatile.<\/li>\n<li><strong>Quanti tiri offre il Vapsolo Twins 20000?<\/strong><br \/>\nOffre un impressionante <strong>20.000 puff<\/strong>, rendendolo ideale per un uso a lungo termine.<\/li>\n<li><strong>Il Vapsolo Twins \u00e8 ricaricabile?<\/strong><br \/>\nS\u00ec, \u00e8 dotato di una <strong>batteria ricaricabile integrata da 650mAh<\/strong> con ricarica rapida tramite Type-C per maggiore comodit\u00e0.<\/li>\n<li><strong>Quali sono le opzioni di nicotina disponibili?<\/strong><br \/>\nIl dispositivo \u00e8 disponibile in <strong>2% e 5% livelli di nicotina<\/strong>, per soddisfare sia i consumatori leggeri che quelli pi\u00f9 forti.<\/li>\n<li><strong>Il Vapsolo Twins \u00e8 adatto ai principianti?<\/strong><br \/>\nAssolutamente! Il suo <strong>sistema di attivazione automatica (draw-activated)<\/strong> e i controlli semplici lo rendono facile per i principianti, pur offrendo funzionalit\u00e0 avanzate per i vaper esperti.<\/li>\n<\/ol>\n<\/div>\n<\/div>\n<\/div>\n<\/div>\n<p>&nbsp;<\/p>\n<\/div>\n<\/div>\n<\/div>\n<\/div>\n<\/div>\n<div class=\"group\/conversation-turn relative flex w-full min-w-0 flex-col agent-turn\">\n<div class=\"flex-col gap-1 md:gap-3\">\n<div class=\"flex max-w-full flex-col flex-grow\">\n<div class=\"min-h-8 text-message flex w-full flex-col items-end gap-2 whitespace-normal break-words [.text-message+&amp;]:mt-5\" dir=\"auto\" data-message-author-role=\"assistant\" data-message-id=\"db716a1c-9ed0-4b8d-b3b0-7bdb913c3d42\" data-message-model-slug=\"gpt-4o\">\n<div class=\"flex w-full flex-col gap-1 empty:hidden first:pt-[3px]\">\n<div class=\"markdown prose w-full break-words dark:prose-invert light\">\n<p>&nbsp;<\/p>\n<\/div>\n<\/div>\n<\/div>\n<\/div>\n<\/div>\n<\/div>","protected":false},"excerpt":{"rendered":"<p>Vapsolo Twins 20000 Puffs 2 in 1 Sigaretta Elettronica Monouso Prezzo all'ingrosso<br \/>\nVapsolo 20000 Doppia Aroma Ricaricabile Sigaretta Elettronica Monouso in Vendita<br \/>\nVapsolo Twins 20k 2 Aromi in 1 Sigaretta Elettronica Monouso Prezzo all'ingrosso<\/p>\n<p><strong>Aggiungi il whatsapp di Amy per ottenere subito una risposta e un coupon per il vape!<\/strong><\/p>\n<p><img fetchpriority=\"high\" decoding=\"async\" class=\"size-full wp-image-2932\" src=\"https:\/\/vapestornado.com\/wp-content\/uploads\/2024\/12\/Vape-Wholesale.jpg\" alt=\"Vape all&#039;ingrosso\" width=\"229\" height=\"300\" \/><\/p>\n<h3><a href=\"https:\/\/wa.me\/8617776015835\"><span style=\"color: #ff0000;\"><strong>WhatsApp: +86 17776015835<\/strong><\/span><\/a><\/h3>\n<p>&nbsp;<\/p>","protected":false},"featured_media":3129,"comment_status":"open","ping_status":"closed","template":"","meta":{"_acf_changed":false,"_uag_custom_page_level_css":"","_lmt_disableupdate":"no","_lmt_disable":"","_monsterinsights_skip_tracking":false,"_monsterinsights_sitenote_active":false,"_monsterinsights_sitenote_note":"","_monsterinsights_sitenote_category":0,"site-sidebar-layout":"default","site-content-layout":"","ast-site-content-layout":"default","site-content-style":"default","site-sidebar-style":"default","ast-global-header-display":"","ast-banner-title-visibility":"","ast-main-header-display":"","ast-hfb-above-header-display":"","ast-hfb-below-header-display":"","ast-hfb-mobile-header-display":"","site-post-title":"","ast-breadcrumbs-content":"","ast-featured-img":"","footer-sml-layout":"","ast-disable-related-posts":"","theme-transparent-header-meta":"default","adv-header-id-meta":"","stick-header-meta":"","header-above-stick-meta":"","header-main-stick-meta":"","header-below-stick-meta":"","astra-migrate-meta-layouts":"set","ast-page-background-enabled":"default","ast-page-background-meta":{"desktop":{"background-color":"","background-image":"","background-repeat":"repeat","background-position":"center center","background-size":"auto","background-attachment":"scroll","background-type":"","background-media":"","overlay-type":"","overlay-color":"","overlay-opacity":"","overlay-gradient":""},"tablet":{"background-color":"","background-image":"","background-repeat":"repeat","background-position":"center center","background-size":"auto","background-attachment":"scroll","background-type":"","background-media":"","overlay-type":"","overlay-color":"","overlay-opacity":"","overlay-gradient":""},"mobile":{"background-color":"","background-image":"","background-repeat":"repeat","background-position":"center center","background-size":"auto","background-attachment":"scroll","background-type":"","background-media":"","overlay-type":"","overlay-color":"","overlay-opacity":"","overlay-gradient":""}},"ast-content-background-meta":{"desktop":{"background-color":"var(--ast-global-color-5)","background-image":"","background-repeat":"repeat","background-position":"center center","background-size":"auto","background-attachment":"scroll","background-type":"","background-media":"","overlay-type":"","overlay-color":"","overlay-opacity":"","overlay-gradient":""},"tablet":{"background-color":"var(--ast-global-color-5)","background-image":"","background-repeat":"repeat","background-position":"center center","background-size":"auto","background-attachment":"scroll","background-type":"","background-media":"","overlay-type":"","overlay-color":"","overlay-opacity":"","overlay-gradient":""},"mobile":{"background-color":"var(--ast-global-color-5)","background-image":"","background-repeat":"repeat","background-position":"center center","background-size":"auto","background-attachment":"scroll","background-type":"","background-media":"","overlay-type":"","overlay-color":"","overlay-opacity":"","overlay-gradient":""}},"_joinchat":{"telephone":"+8617776015835"}},"product_brand":[],"product_cat":[69,171],"product_tag":[97,94,139,137,138],"class_list":{"0":"post-3132","1":"product","2":"type-product","3":"status-publish","4":"has-post-thumbnail","6":"product_cat-20000-puff","7":"product_cat-vapsolo-disposable-vapes","8":"product_tag-hot-sale-disposable-vape","9":"product_tag-rechargeable-disposable-vape","10":"product_tag-vapsolo","11":"product_tag-vapsolo-twins-20000","12":"product_tag-vapsolo-twins-20k","13":"desktop-align-left","14":"tablet-align-left","15":"mobile-align-left","17":"first","18":"instock","19":"sale","20":"shipping-taxable","21":"purchasable","22":"product-type-simple"},"acf":[],"uagb_featured_image_src":{"full":["https:\/\/vapestornado.com\/wp-content\/uploads\/2024\/12\/Vapsolo-Twins-EU-Electronic-Cigarette-Wholesale.jpg",1126,1126,false],"thumbnail":["https:\/\/vapestornado.com\/wp-content\/uploads\/2024\/12\/Vapsolo-Twins-EU-Electronic-Cigarette-Wholesale-150x150.jpg",150,150,true],"medium":["https:\/\/vapestornado.com\/wp-content\/uploads\/2024\/12\/Vapsolo-Twins-EU-Electronic-Cigarette-Wholesale-300x300.jpg",300,300,true],"medium_large":["https:\/\/vapestornado.com\/wp-content\/uploads\/2024\/12\/Vapsolo-Twins-EU-Electronic-Cigarette-Wholesale-768x768.jpg",768,768,true],"large":["https:\/\/vapestornado.com\/wp-content\/uploads\/2024\/12\/Vapsolo-Twins-EU-Electronic-Cigarette-Wholesale-1024x1024.jpg",1024,1024,true],"1536x1536":["https:\/\/vapestornado.com\/wp-content\/uploads\/2024\/12\/Vapsolo-Twins-EU-Electronic-Cigarette-Wholesale.jpg",1126,1126,false],"2048x2048":["https:\/\/vapestornado.com\/wp-content\/uploads\/2024\/12\/Vapsolo-Twins-EU-Electronic-Cigarette-Wholesale.jpg",1126,1126,false],"trp-custom-language-flag":["https:\/\/vapestornado.com\/wp-content\/uploads\/2024\/12\/Vapsolo-Twins-EU-Electronic-Cigarette-Wholesale.jpg",12,12,false],"woocommerce_thumbnail":["https:\/\/vapestornado.com\/wp-content\/uploads\/2024\/12\/Vapsolo-Twins-EU-Electronic-Cigarette-Wholesale-300x300.jpg",300,300,true],"woocommerce_single":["https:\/\/vapestornado.com\/wp-content\/uploads\/2024\/12\/Vapsolo-Twins-EU-Electronic-Cigarette-Wholesale-600x600.jpg",600,600,true],"woocommerce_gallery_thumbnail":["https:\/\/vapestornado.com\/wp-content\/uploads\/2024\/12\/Vapsolo-Twins-EU-Electronic-Cigarette-Wholesale-100x100.jpg",100,100,true]},"uagb_author_info":{"display_name":"ESAMY","author_link":"https:\/\/vapestornado.com\/it\/author\/"},"uagb_comment_info":0,"uagb_excerpt":"Vapsolo Twins 20000 Puffs 2 in 1 Disposable Vape Wholesale Price Vapsolo 20000 Double Flavour Rechargeable Disposable Vape Hot Sale Vapsolo Twins 20k 2 Flavour in 1 Disposable Vape Bulk Buy Price Add Amy's whatsapp get right reply and vape vape coupon! WhatsApp: +86 17776015835 &nbsp;","_links":{"self":[{"href":"https:\/\/vapestornado.com\/it\/wp-json\/wp\/v2\/product\/3132","targetHints":{"allow":["GET"]}}],"collection":[{"href":"https:\/\/vapestornado.com\/it\/wp-json\/wp\/v2\/product"}],"about":[{"href":"https:\/\/vapestornado.com\/it\/wp-json\/wp\/v2\/types\/product"}],"replies":[{"embeddable":true,"href":"https:\/\/vapestornado.com\/it\/wp-json\/wp\/v2\/comments?post=3132"}],"wp:featuredmedia":[{"embeddable":true,"href":"https:\/\/vapestornado.com\/it\/wp-json\/wp\/v2\/media\/3129"}],"wp:attachment":[{"href":"https:\/\/vapestornado.com\/it\/wp-json\/wp\/v2\/media?parent=3132"}],"wp:term":[{"taxonomy":"product_brand","embeddable":true,"href":"https:\/\/vapestornado.com\/it\/wp-json\/wp\/v2\/product_brand?post=3132"},{"taxonomy":"product_cat","embeddable":true,"href":"https:\/\/vapestornado.com\/it\/wp-json\/wp\/v2\/product_cat?post=3132"},{"taxonomy":"product_tag","embeddable":true,"href":"https:\/\/vapestornado.com\/it\/wp-json\/wp\/v2\/product_tag?post=3132"}],"curies":[{"name":"wp","href":"https:\/\/api.w.org\/{rel}","templated":true}]}}