{"id":3107,"date":"2024-12-13T02:59:26","date_gmt":"2024-12-13T02:59:26","guid":{"rendered":"https:\/\/vapestornado.com\/?post_type=product&#038;p=3107"},"modified":"2025-08-22T10:31:24","modified_gmt":"2025-08-22T10:31:24","slug":"randm-tornado-music-30000-puffs-fumot-bulk-sale-disposable","status":"publish","type":"product","link":"https:\/\/vapestornado.com\/it\/product\/randm-tornado-music-30000-puffs-fumot-bulk-sale-disposable\/","title":{"rendered":"Randm Tornado Music 30000 Fumot Vendita all'ingrosso sigaretta elettronica usa e getta"},"content":{"rendered":"<h1>Randm Tornado Music 30000 Puffs Fumot Vaporizzatore monouso in vendita all'ingrosso<\/h1>\n<p data-start=\"293\" data-end=\"626\">La <strong data-start=\"297\" data-end=\"364\">Randm Tornado Music 30000 Puffs Fumot Vaporizzatore monouso in vendita all'ingrosso<\/strong> \u00e8 progettato per i vapers che desiderano prestazioni di lunga durata e comodit\u00e0. Con un impressionante <strong data-start=\"458\" data-end=\"482\">Capacit\u00e0 di 30.000 puff<\/strong>, una <strong data-start=\"486\" data-end=\"517\">batteria ricaricabile da 600 mAh<\/strong>, e avanzata <strong data-start=\"532\" data-end=\"569\">Tecnologia della bobina a rete da 1.0\u03a9<\/strong>, offre vapore liscio e costante ad ogni tiro.<\/p>\n<p data-start=\"628\" data-end=\"848\">Compatto ed elegante, il Tornado Music 30K \u00e8 facile da trasportare e ideale per svapare tutto il giorno. Pre-riempito con una vasta gamma di <strong data-start=\"750\" data-end=\"771\">30 gusti unici<\/strong>, offre qualcosa per ogni preferenza di gusto, dalle miscele fruttate a quelle ghiacciate.<\/p>\n<p data-start=\"850\" data-end=\"1048\">Per grossisti e rivenditori, il <strong data-start=\"885\" data-end=\"920\">Vaporizzatore monouso Fumot Randm 30k<\/strong> combina alta capacit\u00e0, forte riconoscimento del marchio e valore di vendita all'ingrosso, rendendolo una scelta redditizia per il mercato italiano.<\/p>\n<p><img fetchpriority=\"high\" decoding=\"async\" class=\"wp-image-3114 alignleft\" src=\"https:\/\/vapestornado.com\/wp-content\/uploads\/2024\/12\/Randm-tornado-vape-30000-puffs.jpg\" alt=\"Randm tornado sigaretta elettronica 30000 tiri prezzo all&#039;ingrosso\" width=\"559\" height=\"559\" srcset=\"https:\/\/vapestornado.com\/wp-content\/uploads\/2024\/12\/Randm-tornado-vape-30000-puffs.jpg 800w, https:\/\/vapestornado.com\/wp-content\/uploads\/2024\/12\/Randm-tornado-vape-30000-puffs-300x300.jpg 300w, https:\/\/vapestornado.com\/wp-content\/uploads\/2024\/12\/Randm-tornado-vape-30000-puffs-150x150.jpg 150w, https:\/\/vapestornado.com\/wp-content\/uploads\/2024\/12\/Randm-tornado-vape-30000-puffs-768x768.jpg 768w, https:\/\/vapestornado.com\/wp-content\/uploads\/2024\/12\/Randm-tornado-vape-30000-puffs-600x600.jpg 600w, https:\/\/vapestornado.com\/wp-content\/uploads\/2024\/12\/Randm-tornado-vape-30000-puffs-100x100.jpg 100w\" sizes=\"(max-width: 559px) 100vw, 559px\" \/><\/p>\n<p style=\"padding-left: 40px;\">\u00a0<img decoding=\"async\" class=\"wp-image-3124 alignleft\" src=\"https:\/\/vapestornado.com\/wp-content\/uploads\/2024\/12\/LYN-whatsapp-846x1024.jpg\" alt=\"Whatsapp LYN\" width=\"290\" height=\"351\" srcset=\"https:\/\/vapestornado.com\/wp-content\/uploads\/2024\/12\/LYN-whatsapp-846x1024.jpg 846w, https:\/\/vapestornado.com\/wp-content\/uploads\/2024\/12\/LYN-whatsapp-248x300.jpg 248w, https:\/\/vapestornado.com\/wp-content\/uploads\/2024\/12\/LYN-whatsapp-768x930.jpg 768w, https:\/\/vapestornado.com\/wp-content\/uploads\/2024\/12\/LYN-whatsapp-600x726.jpg 600w, https:\/\/vapestornado.com\/wp-content\/uploads\/2024\/12\/LYN-whatsapp.jpg 1046w\" sizes=\"(max-width: 290px) 100vw, 290px\" \/><\/p>\n<p><em><strong><span style=\"color: #ff0000;\">Contattami scansionando questo codice per saperne di pi\u00f9 sui tiri<\/span><\/strong><\/em><\/p>\n<p><em><strong>Whatsapp\uff1a<a href=\"https:\/\/wa.me\/8617840853976\" target=\"_blank\" rel=\"noopener\">+86178 4085 3976<\/a><\/strong><\/em><\/p>\n<p>&nbsp;<\/p>\n<h2><\/h2>\n<h2><strong>Caratteristiche principali del vaporizzatore Fumot 30k Music.<br \/>\n<\/strong><\/h2>\n<p>(1) batteria:<span style=\"color: #ff0000;\">600mAh<\/span> ricaricabile per garantire una potenza di lunga durata.<\/p>\n<p>(2) Nicotina: fornisce <span style=\"color: #ff0000;\">nicotina al 2%\/5%<\/span> da scegliere per diversi utenti.<\/p>\n<p>(3) Tiri: offre<span style=\"color: #ff0000;\">30000 tiri<\/span>, pu\u00f2 essere utilizzato a lungo e senza la necessit\u00e0 di una sostituzione frequente.<\/p>\n<p>(4) <span style=\"color: #ff0000;\">30 gusti<\/span>: \u00e8 possibile scegliere pi\u00f9 gusti, e 50 pezzi possono scegliere almeno 5 gusti.<\/p>\n<p>(5) Porta di ricarica:<span style=\"color: #ff0000;\">Type-C<\/span> interfaccia di ricarica veloce, supporta la funzione di ricarica.<\/p>\n<p>(6) <span style=\"color: #ff0000;\">Luce musicale<\/span>: la luce del Randm 30k cambier\u00e0 in sincronia con la musica durante l'uso, creando un'esperienza di svapo migliorata.<\/p>\n<h2><strong>Quali gusti di vaporizzatore usa e getta 30k Fumot sono disponibili?<br \/>\n<\/strong><\/h2>\n<p><em><span style=\"color: #000000;\"><strong>1. Ghiaccio alla banana: <\/strong><\/span><\/em>Una miscela morbida di banane mature con un rinfrescante finale ghiacciato.<br \/>\n<span style=\"color: #000000;\"><strong><em>2. Ghiaccio nero:<\/em> <\/strong><\/span>Ribes nero audace con un tocco di mentolo fresco.<br \/>\n<em><strong><span style=\"color: #000000;\">3. Ghiaccio al lampone blu:<\/span> <\/strong><\/em>Lampone blu dolce e piccante con un tocco ghiacciato.<br \/>\n<em><strong><span style=\"color: #000000;\">4. Mirtillo sul ghiaccio:<\/span><\/strong> <\/em>Mirtilli succosi abbinati a una fresca brezza di mentolo.<br \/>\n<em><strong><span style=\"color: #000000;\">5. Mirtillo lampone:<\/span><\/strong><\/em> Una deliziosa miscela di mirtilli dolci e lamponi aspri.<br \/>\n<em><strong><span style=\"color: #000000;\">6. Mirtillo Lampone Acido:<\/span> <\/strong><\/em>Mirtilli e lamponi con un tocco aspro.<br \/>\n<em><strong><span style=\"color: #000000;\">7. Ciliegia Ghiacciata:<\/span> <\/strong><\/em>Ciliegie dolci con un tocco ghiacciato rinfrescante.<br \/>\n<em><strong><span style=\"color: #000000;\">8. Ciliegia Cola:<\/span> <\/strong><\/em>Classico gusto di cola con un pizzico di ciliegia.<br \/>\n<em><strong><span style=\"color: #000000;\">9. Cola Ghiacciata:<\/span> <\/strong><\/em>Cola frizzante con un finale fresco al mentolo.<br \/>\n<em><strong><span style=\"color: #000000;\">10. Menta Fresca:<\/span><\/strong> <\/em>Gusto di menta fresco e rinfrescante.<br \/>\n<em><strong><span style=\"color: #000000;\">11. Doppia Mela:<\/span><\/strong> <\/em>Una miscela di mele dolci e aspre.<br \/>\n<em><strong><span style=\"color: #000000;\">12. Dr Blu:<\/span><\/strong> <\/em>Un misterioso mix di frutti di bosco con un finale fresco.<br \/>\n<em><strong><span style=\"color: #000000;\">13. Uva Ghiacciata:<\/span> <\/strong><\/em>Uva dolce con un tocco di mentolo ghiacciato.<br \/>\n<em><strong><span style=\"color: #000000;\">14. Ghiacciolo:<\/span> <\/strong><\/em>Una miscela nostalgica di sapori di ghiacciolo alla frutta.<br \/>\n<em><strong><span style=\"color: #000000;\">15. Kiwi Frutto della Passione Guava:<\/span><\/strong> <\/em>Miscela esotica di kiwi, frutto della passione e guava.<br \/>\n<em><strong><span style=\"color: #000000;\">16. Amore 66:<\/span> <\/strong><\/em>Un mix unico di frutti tropicali con un tocco di mentolo.<br \/>\n<em><strong><span style=\"color: #000000;\">17. Ghiaccio Rigoglioso:<\/span><\/strong> <\/em>Anguria con un finale rinfrescante e ghiacciato.<br \/>\n<em><strong><span style=\"color: #000000;\">18. Frutti di Bosco Misti:<\/span><\/strong><\/em> Un medley di vari frutti di bosco.<br \/>\n<em><strong><span style=\"color: #000000;\">19. Pesca e Frutti di Bosco:<\/span> <\/strong><\/em>Pesche succose con un tocco di frutti di bosco.<br \/>\n<em><strong><span style=\"color: #000000;\">20. Pesca Ghiacciata:<\/span> <\/strong><\/em>Pesche dolci con un tocco finale di mentolo fresco.<br \/>\n<em><strong><span style=\"color: #000000;\">21. Pesca Mango Ananas:<\/span><\/strong> <\/em>Una miscela tropicale di pesca, mango e ananas.<br \/>\n<em><strong><span style=\"color: #000000;\">22. Ananas ghiacciato:<\/span> <\/strong><\/em>Ananas dolce e acidulo con un tocco ghiacciato.<br \/>\n<em><strong><span style=\"color: #000000;\">23. Limonata rosa:<\/span> <\/strong><\/em>Limonata aspra con un pizzico di frutti di bosco.<br \/>\n<em><strong><span style=\"color: #000000;\">24. Skittles:<\/span> <\/strong><\/em>Un arcobaleno di sapori fruttati.<br \/>\n<em><strong><span style=\"color: #000000;\">25. Fragola Banana:<\/span> <\/strong><\/em>Una miscela classica di fragole dolci e banane cremose.<br \/>\n<em><strong><span style=\"color: #000000;\">26. Fragola Uva:<\/span><\/strong> <\/em>Fragole dolci abbinate a uva succosa.<br \/>\n<em><strong><span style=\"color: #000000;\">27. Fragola ghiacciata:<\/span><\/strong> <\/em>Fragole fresche con un tocco finale di mentolo fresco.<br \/>\n<em><strong><span style=\"color: #000000;\">28. Fragola Anguria:<\/span> <\/strong><\/em>Un mix rinfrescante di fragole e anguria.<br \/>\n<em><strong><span style=\"color: #000000;\">29. Triplo Mango:<\/span> <\/strong><\/em>Un intenso sapore di mango con una carica tripla.<br \/>\n<em><strong><span style=\"color: #000000;\">30. Vimto:<\/span> <\/strong><\/em>Una miscela unica di frutti misti ispirata alla bevanda classica.<\/p>\n<div class=\"flex-shrink-0 flex flex-col relative items-end\">\n<div class=\"pt-0\">\n<div class=\"gizmo-bot-avatar flex h-8 w-8 items-center justify-center overflow-hidden rounded-full\">\n<div class=\"relative p-1 rounded-sm flex items-center justify-center bg-token-main-surface-primary text-token-text-primary h-8 w-8\">\n<h2><strong>FAQ:<\/strong><\/h2>\n<h4>D: Perch\u00e9 scegliere la sigaretta elettronica usa e getta Fumot RANDM Tornado 30000 puffs?<\/h4>\n<p><span style=\"color: #000000;\"><b>A\uff1a<\/b><\/span>Scegli la sigaretta elettronica usa e getta Fumot RANDM Tornado 30000 Puffs per uno svapo duraturo, gustoso e senza problemi. Perfetta per acquisti all'ingrosso.<\/p>\n<h4>D: Qual \u00e8 l'ordine minimo all'ingrosso della sigaretta elettronica usa e getta Fumot 30k?<\/h4>\n<p><span style=\"color: #000000;\"><b>A\uff1a<\/b><\/span>L'ordine minimo per la sigaretta elettronica usa e getta Fumot 30k Tornado Music \u00e8 di 50 pezzi, maggiore \u00e8 la quantit\u00e0 che ordini, migliore sar\u00e0 il prezzo che otterrai.<\/p>\n<h4>D: Lo sconto aumenta con il numero di ordini?<\/h4>\n<p><span style=\"color: #000000;\"><b>A\uff1a<\/b>Offriamo gi\u00e0 lo sconto a un prezzo molto basso, ma il prezzo non diminuir\u00e0 con un aumento della quantit\u00e0 dell'ordine. Tuttavia, faremo del nostro meglio per farti avere un campione, e speriamo che questo ti offra una buona esperienza.<\/span><\/p>\n<h4>D: Si pu\u00f2 tracciare il pacco da soli?<\/h4>\n<p><strong><span style=\"color: #000000;\"><b>A\uff1a<\/b><\/span><\/strong><span style=\"color: #000000;\">S\u00ec, una volta che il pacco sar\u00e0 spedito, ti invieremo un numero di tracciamento <\/span><span style=\"color: #000000;\">in modo che tu possa controllarne lo stato. Inoltre, seguiremo il pacco fino a quando non lo riceverai, garantendoti di essere aggiornato durante tutto il processo.<\/span><\/p>\n<p>altre sigarette elettroniche che potrebbero piacerti<br \/>\n<a href=\"https:\/\/vapestornado.com\/it\/product-category\/30000-puff\/\">Sigaretta elettronica 30000 tiri<\/a><\/p>\n<\/div>\n<\/div>\n<\/div>\n<\/div>","protected":false},"excerpt":{"rendered":"<p><em><strong>Randm 30k disaposable music vape che offre 30.000 tiri e 30 gusti tra cui scegliere.\u00a0 <\/strong><\/em><\/p>\n<p><em><strong>Disponiamo di livelli di nicotina al 2% o 5% tra cui scegliere nei vaporizzatori Fumot 30k. Inoltre, vendiamo a prezzo all'ingrosso e abbiamo il miglior servizio.<\/strong><\/em><\/p>\n<figure id=\"attachment_3124\" aria-describedby=\"caption-attachment-3124\" style=\"width: 248px\" class=\"wp-caption alignleft\"><img decoding=\"async\" class=\"size-medium wp-image-3124\" src=\"https:\/\/vapestornado.com\/wp-content\/uploads\/2024\/12\/LYN-whatsapp-248x300.jpg\" alt=\"Whatsapp LYN\" width=\"248\" height=\"300\" srcset=\"https:\/\/vapestornado.com\/wp-content\/uploads\/2024\/12\/LYN-whatsapp-248x300.jpg 248w, https:\/\/vapestornado.com\/wp-content\/uploads\/2024\/12\/LYN-whatsapp-846x1024.jpg 846w, https:\/\/vapestornado.com\/wp-content\/uploads\/2024\/12\/LYN-whatsapp-768x930.jpg 768w, https:\/\/vapestornado.com\/wp-content\/uploads\/2024\/12\/LYN-whatsapp-600x726.jpg 600w, https:\/\/vapestornado.com\/wp-content\/uploads\/2024\/12\/LYN-whatsapp.jpg 1046w\" sizes=\"(max-width: 248px) 100vw, 248px\" \/><figcaption id=\"caption-attachment-3124\" class=\"wp-caption-text\"><a href=\"https:\/\/wa.me\/8617840853976\"><em><strong>Contatta Lyn per saperne di pi\u00f9 sui tiri<\/strong><\/em><\/a><\/figcaption><\/figure>","protected":false},"featured_media":3109,"comment_status":"open","ping_status":"closed","template":"","meta":{"_acf_changed":false,"_uag_custom_page_level_css":"","_lmt_disableupdate":"no","_lmt_disable":"","_monsterinsights_skip_tracking":false,"_monsterinsights_sitenote_active":false,"_monsterinsights_sitenote_note":"","_monsterinsights_sitenote_category":0,"site-sidebar-layout":"default","site-content-layout":"","ast-site-content-layout":"default","site-content-style":"default","site-sidebar-style":"default","ast-global-header-display":"","ast-banner-title-visibility":"","ast-main-header-display":"","ast-hfb-above-header-display":"","ast-hfb-below-header-display":"","ast-hfb-mobile-header-display":"","site-post-title":"","ast-breadcrumbs-content":"","ast-featured-img":"","footer-sml-layout":"","ast-disable-related-posts":"","theme-transparent-header-meta":"default","adv-header-id-meta":"","stick-header-meta":"","header-above-stick-meta":"","header-main-stick-meta":"","header-below-stick-meta":"","astra-migrate-meta-layouts":"set","ast-page-background-enabled":"default","ast-page-background-meta":{"desktop":{"background-color":"","background-image":"","background-repeat":"repeat","background-position":"center center","background-size":"auto","background-attachment":"scroll","background-type":"","background-media":"","overlay-type":"","overlay-color":"","overlay-opacity":"","overlay-gradient":""},"tablet":{"background-color":"","background-image":"","background-repeat":"repeat","background-position":"center center","background-size":"auto","background-attachment":"scroll","background-type":"","background-media":"","overlay-type":"","overlay-color":"","overlay-opacity":"","overlay-gradient":""},"mobile":{"background-color":"","background-image":"","background-repeat":"repeat","background-position":"center center","background-size":"auto","background-attachment":"scroll","background-type":"","background-media":"","overlay-type":"","overlay-color":"","overlay-opacity":"","overlay-gradient":""}},"ast-content-background-meta":{"desktop":{"background-color":"var(--ast-global-color-5)","background-image":"","background-repeat":"repeat","background-position":"center center","background-size":"auto","background-attachment":"scroll","background-type":"","background-media":"","overlay-type":"","overlay-color":"","overlay-opacity":"","overlay-gradient":""},"tablet":{"background-color":"var(--ast-global-color-5)","background-image":"","background-repeat":"repeat","background-position":"center center","background-size":"auto","background-attachment":"scroll","background-type":"","background-media":"","overlay-type":"","overlay-color":"","overlay-opacity":"","overlay-gradient":""},"mobile":{"background-color":"var(--ast-global-color-5)","background-image":"","background-repeat":"repeat","background-position":"center center","background-size":"auto","background-attachment":"scroll","background-type":"","background-media":"","overlay-type":"","overlay-color":"","overlay-opacity":"","overlay-gradient":""}},"_joinchat":{"telephone":"17776015835"}},"product_brand":[],"product_cat":[19,67,58],"product_tag":[83,125,124,126,78,114],"class_list":{"0":"post-3107","1":"product","2":"type-product","3":"status-publish","4":"has-post-thumbnail","6":"product_cat-vapes","7":"product_cat-30000-puff","8":"product_cat-fumot-vape","9":"product_tag-fumot-vape","10":"product_tag-randm-30000","11":"product_tag-randm-tornado-30000","12":"product_tag-randm-tornado-30k","13":"product_tag-randm-vape","14":"product_tag-tornado-vape","15":"desktop-align-left","16":"tablet-align-left","17":"mobile-align-left","19":"first","20":"instock","21":"sale","22":"shipping-taxable","23":"purchasable","24":"product-type-simple"},"acf":[],"uagb_featured_image_src":{"full":["https:\/\/vapestornado.com\/wp-content\/uploads\/2024\/12\/Randm-disposable-vape-30k-puffs.jpg",800,800,false],"thumbnail":["https:\/\/vapestornado.com\/wp-content\/uploads\/2024\/12\/Randm-disposable-vape-30k-puffs-150x150.jpg",150,150,true],"medium":["https:\/\/vapestornado.com\/wp-content\/uploads\/2024\/12\/Randm-disposable-vape-30k-puffs-300x300.jpg",300,300,true],"medium_large":["https:\/\/vapestornado.com\/wp-content\/uploads\/2024\/12\/Randm-disposable-vape-30k-puffs-768x768.jpg",768,768,true],"large":["https:\/\/vapestornado.com\/wp-content\/uploads\/2024\/12\/Randm-disposable-vape-30k-puffs.jpg",800,800,false],"1536x1536":["https:\/\/vapestornado.com\/wp-content\/uploads\/2024\/12\/Randm-disposable-vape-30k-puffs.jpg",800,800,false],"2048x2048":["https:\/\/vapestornado.com\/wp-content\/uploads\/2024\/12\/Randm-disposable-vape-30k-puffs.jpg",800,800,false],"trp-custom-language-flag":["https:\/\/vapestornado.com\/wp-content\/uploads\/2024\/12\/Randm-disposable-vape-30k-puffs.jpg",12,12,false],"woocommerce_thumbnail":["https:\/\/vapestornado.com\/wp-content\/uploads\/2024\/12\/Randm-disposable-vape-30k-puffs-300x300.jpg",300,300,true],"woocommerce_single":["https:\/\/vapestornado.com\/wp-content\/uploads\/2024\/12\/Randm-disposable-vape-30k-puffs-600x600.jpg",600,600,true],"woocommerce_gallery_thumbnail":["https:\/\/vapestornado.com\/wp-content\/uploads\/2024\/12\/Randm-disposable-vape-30k-puffs-100x100.jpg",100,100,true]},"uagb_author_info":{"display_name":"ESLYN","author_link":"https:\/\/vapestornado.com\/it\/author\/"},"uagb_comment_info":0,"uagb_excerpt":"Randm 30k disaposable music vape that can offer 30,000 puffs and 30 flavors to choose.\u00a0 We have 2% or 5% Nicotine level can be choose in Fumot 30k vapes. Beside,we are sale Bulk price and have best service. [caption id=\"attachment_3124\" align=\"alignleft\" width=\"248\"] Contact Lyn to know more about puffs[\/caption]","_links":{"self":[{"href":"https:\/\/vapestornado.com\/it\/wp-json\/wp\/v2\/product\/3107","targetHints":{"allow":["GET"]}}],"collection":[{"href":"https:\/\/vapestornado.com\/it\/wp-json\/wp\/v2\/product"}],"about":[{"href":"https:\/\/vapestornado.com\/it\/wp-json\/wp\/v2\/types\/product"}],"replies":[{"embeddable":true,"href":"https:\/\/vapestornado.com\/it\/wp-json\/wp\/v2\/comments?post=3107"}],"wp:featuredmedia":[{"embeddable":true,"href":"https:\/\/vapestornado.com\/it\/wp-json\/wp\/v2\/media\/3109"}],"wp:attachment":[{"href":"https:\/\/vapestornado.com\/it\/wp-json\/wp\/v2\/media?parent=3107"}],"wp:term":[{"taxonomy":"product_brand","embeddable":true,"href":"https:\/\/vapestornado.com\/it\/wp-json\/wp\/v2\/product_brand?post=3107"},{"taxonomy":"product_cat","embeddable":true,"href":"https:\/\/vapestornado.com\/it\/wp-json\/wp\/v2\/product_cat?post=3107"},{"taxonomy":"product_tag","embeddable":true,"href":"https:\/\/vapestornado.com\/it\/wp-json\/wp\/v2\/product_tag?post=3107"}],"curies":[{"name":"wp","href":"https:\/\/api.w.org\/{rel}","templated":true}]}}