{"id":3103,"date":"2024-12-12T09:36:42","date_gmt":"2024-12-12T09:36:42","guid":{"rendered":"https:\/\/vapestornado.com\/?post_type=product&#038;p=3103"},"modified":"2025-08-23T11:16:54","modified_gmt":"2025-08-23T11:16:54","slug":"randm-tornado-7k-puffs-hot-sale-rechargeable-vape","status":"publish","type":"product","link":"https:\/\/vapestornado.com\/it\/product\/randm-tornado-7k-puffs-hot-sale-rechargeable-vape\/","title":{"rendered":"Randm Tornado 7k Puffs Vape Ricaricabile in Offerta"},"content":{"rendered":"<h1>Randm Tornado 7k Puffs Vape Ricaricabile in Offerta<\/h1>\n<p>&nbsp;<\/p>\n<div role=\"article\" data-tabster=\"{&quot;groupper&quot;:{&quot;tabbability&quot;:2},&quot;focusable&quot;:{}}\" data-content=\"ai-message\" aria-labelledby=\"64JRvXrTnY7mRmPkEQLLT-author 64JRvXrTnY7mRmPkEQLLT-content\">\n<div id=\"64JRvXrTnY7mRmPkEQLLT-content\">\n<p>Migliora la tua esperienza di svapo con il vaporizzatore ricaricabile preriempito Randm Tornado 7000 boccate, un culmine di lusso e prestazioni. Questo dispositivo di fascia alta vanta una notevole capacit\u00e0 del serbatoio di 15 ml, offrendo un piacere di svapo prolungato senza la costante necessit\u00e0 di ricariche. La robusta batteria da 850 mAh garantisce un utilizzo continuo e ininterrotto, rendendolo un compagno affidabile sia a casa che in viaggio.<\/p>\n<p>Una delle caratteristiche principali del vaporizzatore RandM Tornado 7000 \u00e8 la sua versatilit\u00e0 con i liquidi elettronici. Ci\u00f2 ti consente di esplorare una vasta gamma di gusti, dalle miscele di frutta tonificanti al tabacco ricco e appagante. Personalizza il tuo viaggio di svapo per soddisfare il tuo palato sofisticato, assicurandoti che ogni boccata sia un'esperienza unica.<\/p>\n<p>L'avanzata tecnologia della bobina a rete incorporata nel RandM Tornado 7k boccate massimizza la produzione di sapore e vapore, trasformando ogni inalazione in una squisita sensazione di gusto. Il suo design intuitivo, abbinato al comodo sistema di ricarica USB-C, rende questo dispositivo tanto pratico quanto potente.<\/p>\n<p>Per coloro che esigono il meglio in termini di qualit\u00e0 e prestazioni, il vaporizzatore usa e getta RandM Tornado 7000 \u00e8 la scelta definitiva. La sua miscela di costruzione superiore, caratteristiche innovative e versatilit\u00e0 del gusto stabilisce un nuovo standard nello svapo di lusso. Sperimenta la differenza con un dispositivo progettato per gli intenditori che apprezzano le cose belle della vita.<\/p>\n<\/div>\n<\/div>\n<p>&nbsp;<\/p>\n<p><img fetchpriority=\"high\" decoding=\"async\" class=\"wp-image-2951\" src=\"https:\/\/vapestornado.com\/wp-content\/uploads\/2024\/12\/Wholesale-Disposable-Vape-265x300.jpg\" alt=\"Vaporizzatore usa e getta all&#039;ingrosso\" width=\"295\" height=\"334\" srcset=\"https:\/\/vapestornado.com\/wp-content\/uploads\/2024\/12\/Wholesale-Disposable-Vape-265x300.jpg 265w, https:\/\/vapestornado.com\/wp-content\/uploads\/2024\/12\/Wholesale-Disposable-Vape-768x871.jpg 768w, https:\/\/vapestornado.com\/wp-content\/uploads\/2024\/12\/Wholesale-Disposable-Vape-600x680.jpg 600w, https:\/\/vapestornado.com\/wp-content\/uploads\/2024\/12\/Wholesale-Disposable-Vape.jpg 823w\" sizes=\"(max-width: 295px) 100vw, 295px\" \/><\/p>\n<h6>Si prega di contattare il WhatsApp di Mandy per il prezzo scontato<a href=\"https:\/\/wa.me\/8618077105796\" target=\"_blank\" rel=\"noopener\">+8618077105796<\/a><\/h6>\n<h2><strong>Randm Vape 7000 boccate \u2013 Specifiche chiave<\/strong><\/h2>\n<ul>\n<li><strong>Capacit\u00e0 della batteria<\/strong>: 850 mAh per sessioni di svapo prolungate.<\/li>\n<li><strong>Volume del liquido elettronico<\/strong>: il serbatoio da 15 ml garantisce sapore e soddisfazione duraturi.<\/li>\n<li><strong>Conteggio delle boccate<\/strong>: Fino a 7.000 boccate per un uso a lungo termine.<\/li>\n<li><strong>Ricarica<\/strong>: Dotato di una porta USB-C per una ricarica rapida e conveniente.<\/li>\n<li><strong>Tipo di bobina<\/strong>: bobina a rete avanzata per un vapore pi\u00f9 liscio e saporito.<\/li>\n<li><strong>Caratteristica di illuminazione<\/strong>: L'illuminazione del serbatoio RGB aggiunge un elemento visivo elegante e dinamico.<\/li>\n<\/ul>\n<h2><strong>Elenco dei gusti di Randm 7k boccate:<\/strong><\/h2>\n<p>1 Menta Fresca<br \/>\n2 Ghiaccio Lussureggiante<br \/>\n3 Ghiaccio al Mandarino<br \/>\n4 Ciambella alla Fragola<br \/>\n5 Orsetto Gommoso<br \/>\n6 Mirtillo Ghiacciato<br \/>\n7 Mango Ghiacciato<br \/>\n8 Ghiaccio alla Pesca<br \/>\n9 Ghiaccio alla Banana<br \/>\n10 Ghiaccio all'Uva<br \/>\n11 Limonata Rosa<br \/>\n12 Rum Pina Colada<br \/>\n13 Frutti di Bosco Misti<br \/>\n14 Frapp\u00e8 alla banana<br \/>\n15 Anguria e fragola<br \/>\n16 Limone e mela rossa<br \/>\n17 Ghiaccio all'ananas<br \/>\n18 Zucchero filato<br \/>\n19 Banana e fragola<br \/>\n20 Ghiaccio alla fragola<br \/>\n21 Kiwi e fragola<br \/>\n22. Ghiaccio all'energia rossa<br \/>\n23. Limonata ai lamponi blu<br \/>\n24. Ghiaccio alla mela rossa<br \/>\n25. Limonata ai frutti di bosco<br \/>\n26. Gomma da masticare ai mirtilli<br \/>\n27. Lampone acido blu<br \/>\n28. Dr Blue<br \/>\n29. Mela pesca pera<br \/>\n30. Melograno ai mirtilli<br \/>\n31. Vimto<br \/>\n32. Guava frutto della passione kiwi<br \/>\n33. Ghiaccio alla cola<br \/>\n34. Mela Acida<br \/>\n35. Ribes Nero Mentolo<br \/>\n36. Sangue di Tigre<br \/>\n37. Caramella Pesca Mirtillo<br \/>\n38. Pesca Mango<br \/>\n39. Fragola Red Bull<br \/>\n40. Ghiaccio al Ribes Nero<br \/>\n41. Limonata Fragola Anguria<br \/>\n42. Ciliegia<br \/>\n43. Ciliegia Blue Razz<br \/>\n44. Skittles<br \/>\n45. Lampone Mirtillo<br \/>\n46. Uva Fragola<br \/>\n47. Mirtillo Ciliegia Mirtillo Rosso<br \/>\n48. Esplosione di Frutti di Bosco e Mela<br \/>\n49. Cherry Cola<br \/>\n50. Limone<br \/>\n51. Esplosione Rosa<br \/>\n52. Pacific Cooler<br \/>\n53. Ghiacciolo<br \/>\n54. Bingo Crush<br \/>\n55.Schiacciata di Vimto<br \/>\n56.Tabacco<\/p>\n<div role=\"article\" data-tabster=\"{&quot;groupper&quot;:{&quot;tabbability&quot;:2},&quot;focusable&quot;:{}}\" data-content=\"ai-message\" aria-labelledby=\"dARUyEWDoEYhnSPXFwx5A-author dARUyEWDoEYhnSPXFwx5A-content\">\n<div id=\"dARUyEWDoEYhnSPXFwx5A-content\">\n<h2>Perch\u00e9 scegliere le sigarette elettroniche RandM Tornado 7000 Puffs su <a href=\"https:\/\/vapestornado.com\/it\/store\/\">vapestornado.it<\/a>?<\/h2>\n<p><strong>1. Capacit\u00e0 superiore del serbatoio<\/strong>: La sigaretta elettronica RandM Tornado 7000 Puffs \u00e8 dotata di una notevole capacit\u00e0 del serbatoio di 15 ml, offrendo sessioni di svapo prolungate senza la necessit\u00e0 di ricariche costanti. Perfetta per le lunghe giornate e il divertimento ininterrotto.<\/p>\n<p><strong>2. Prestazioni della batteria affidabili<\/strong>: Dotato di una batteria ricaricabile da 850 mAh, questo dispositivo garantisce prestazioni continue e affidabili, assicurandoti di non perdere mai un colpo, sia a casa che in viaggio.<\/p>\n<p><strong>3. Versatilit\u00e0 dei sapori<\/strong>: Compatibile con una variet\u00e0 di liquidi per sigaretta elettronica, la RandM Tornado 7000 ti consente di personalizzare la tua esperienza di svapo. Dalle miscele di frutta fresca ai ricchi sapori di tabacco, le tue opzioni sono illimitate.<\/p>\n<p><strong>4. Tecnologia avanzata della bobina a mesh<\/strong>: L'innovativa tecnologia della bobina a mesh garantisce un'ottimale resa aromatica e produzione di vapore, trasformando ogni boccata in una sensazione di gusto superiore. Vivi il massimo dell'intensit\u00e0 del sapore ad ogni inalazione.<\/p>\n<p><strong>5. Design intuitivo<\/strong>: Con una facile ricarica e un pratico sistema di ricarica USB-C, la RandM Tornado 7000 \u00e8 progettata per comodit\u00e0 ed efficienza. Non \u00e8 solo potente; \u00e8 anche incredibilmente facile da usare.<\/p>\n<p>Scegli il pod per sigaretta elettronica RandM Tornado 7000 Puffs da <a href=\"https:\/\/vapestornado.com\/it\/store\/\">vapestornado.it<\/a> per un'esperienza di svapo che unisce lusso, prestazioni e versatilit\u00e0.<\/p>\n<\/div>\n<\/div>\n<h2>Domande frequenti sulla sigaretta elettronica ricaricabile RandM Tornado 7000 Puffs<\/h2>\n<p><strong>D: Quante boccate posso aspettarmi dalla RandM Tornado 7000?<\/strong><\/p>\n<p><strong>A:<\/strong> La RandM Tornado 7000 offre circa 7.000 boccate per dispositivo, garantendo un'esperienza di svapo di lunga durata.<\/p>\n<p><strong>D: Qual \u00e8 la capacit\u00e0 della batteria della RandM Tornado 7000?<\/strong><\/p>\n<p><strong>A:<\/strong> La RandM Tornado 7000 \u00e8 dotata di una batteria ricaricabile da 850 mAh, che offre prestazioni e affidabilit\u00e0 costanti.<\/p>\n<p><strong>D: Come ricarico la penna vape RandM Tornado 7000 puff?<\/strong><\/p>\n<p><strong>A:<\/strong> Il dispositivo \u00e8 dotato di una porta di ricarica USB-C, che ne facilita la ricarica. Basta collegare il dispositivo a un caricabatterie compatibile e ricaricare secondo necessit\u00e0.<\/p>\n<p><strong>D: Qual \u00e8 la capacit\u00e0 del serbatoio di liquido della sigaretta elettronica usa e getta RandM Tornado 7000 puff?<\/strong><\/p>\n<p><strong>A:<\/strong> La capacit\u00e0 del serbatoio della RandM Tornado 7k puff \u00e8 di 15 ml, garantendo un uso prolungato senza ricariche frequenti.<\/p>\n<p>&nbsp;<\/p>","protected":false},"excerpt":{"rendered":"<p><strong>Acquista oggi le 7000 boccate di Randm Tornado a un prezzo scontato<\/strong><\/p>\n<p><strong>Prezzo all'ingrosso conveniente per i vaporizzatori Randm Tornado 7000 boccate<\/strong><\/p>\n<p><strong>Acquista all'ingrosso il vaporizzatore Randm Tornado 7000 boccate per il massimo risparmio<\/strong><\/p>\n<figure id=\"attachment_2951\" aria-describedby=\"caption-attachment-2951\" style=\"width: 265px\" class=\"wp-caption alignnone\"><img decoding=\"async\" class=\"size-medium wp-image-2951\" src=\"https:\/\/vapestornado.com\/wp-content\/uploads\/2024\/12\/Wholesale-Disposable-Vape-265x300.jpg\" alt=\"Vaporizzatore usa e getta all&#039;ingrosso\" width=\"265\" height=\"300\" srcset=\"https:\/\/vapestornado.com\/wp-content\/uploads\/2024\/12\/Wholesale-Disposable-Vape-265x300.jpg 265w, https:\/\/vapestornado.com\/wp-content\/uploads\/2024\/12\/Wholesale-Disposable-Vape-768x871.jpg 768w, https:\/\/vapestornado.com\/wp-content\/uploads\/2024\/12\/Wholesale-Disposable-Vape-600x680.jpg 600w, https:\/\/vapestornado.com\/wp-content\/uploads\/2024\/12\/Wholesale-Disposable-Vape.jpg 823w\" sizes=\"(max-width: 265px) 100vw, 265px\" \/><figcaption id=\"caption-attachment-2951\" class=\"wp-caption-text\">Si prega di contattare il WhatsApp di Mandy per il prezzo scontato\u00a0 <a href=\"https:\/\/wa.me\/8618077105796\">+8618077105796<\/a><\/figcaption><\/figure>\n<p>&nbsp;<\/p>","protected":false},"featured_media":3117,"comment_status":"open","ping_status":"closed","template":"","meta":{"_acf_changed":false,"_uag_custom_page_level_css":"","_lmt_disableupdate":"no","_lmt_disable":"","_monsterinsights_skip_tracking":false,"_monsterinsights_sitenote_active":false,"_monsterinsights_sitenote_note":"","_monsterinsights_sitenote_category":0,"site-sidebar-layout":"default","site-content-layout":"","ast-site-content-layout":"default","site-content-style":"default","site-sidebar-style":"default","ast-global-header-display":"","ast-banner-title-visibility":"","ast-main-header-display":"","ast-hfb-above-header-display":"","ast-hfb-below-header-display":"","ast-hfb-mobile-header-display":"","site-post-title":"","ast-breadcrumbs-content":"","ast-featured-img":"","footer-sml-layout":"","ast-disable-related-posts":"","theme-transparent-header-meta":"default","adv-header-id-meta":"","stick-header-meta":"","header-above-stick-meta":"","header-main-stick-meta":"","header-below-stick-meta":"","astra-migrate-meta-layouts":"set","ast-page-background-enabled":"default","ast-page-background-meta":{"desktop":{"background-color":"","background-image":"","background-repeat":"repeat","background-position":"center center","background-size":"auto","background-attachment":"scroll","background-type":"","background-media":"","overlay-type":"","overlay-color":"","overlay-opacity":"","overlay-gradient":""},"tablet":{"background-color":"","background-image":"","background-repeat":"repeat","background-position":"center center","background-size":"auto","background-attachment":"scroll","background-type":"","background-media":"","overlay-type":"","overlay-color":"","overlay-opacity":"","overlay-gradient":""},"mobile":{"background-color":"","background-image":"","background-repeat":"repeat","background-position":"center center","background-size":"auto","background-attachment":"scroll","background-type":"","background-media":"","overlay-type":"","overlay-color":"","overlay-opacity":"","overlay-gradient":""}},"ast-content-background-meta":{"desktop":{"background-color":"var(--ast-global-color-5)","background-image":"","background-repeat":"repeat","background-position":"center center","background-size":"auto","background-attachment":"scroll","background-type":"","background-media":"","overlay-type":"","overlay-color":"","overlay-opacity":"","overlay-gradient":""},"tablet":{"background-color":"var(--ast-global-color-5)","background-image":"","background-repeat":"repeat","background-position":"center center","background-size":"auto","background-attachment":"scroll","background-type":"","background-media":"","overlay-type":"","overlay-color":"","overlay-opacity":"","overlay-gradient":""},"mobile":{"background-color":"var(--ast-global-color-5)","background-image":"","background-repeat":"repeat","background-position":"center center","background-size":"auto","background-attachment":"scroll","background-type":"","background-media":"","overlay-type":"","overlay-color":"","overlay-opacity":"","overlay-gradient":""}},"_joinchat":{"telephone":"+8618077105796"}},"product_brand":[],"product_cat":[58,74,153,154,148],"product_tag":[97,127],"class_list":{"0":"post-3103","1":"product","2":"type-product","3":"status-publish","4":"has-post-thumbnail","6":"product_cat-fumot-vape","7":"product_cat-7000-puff","8":"product_cat-buy-disposable-vapes-in-italy","9":"product_cat-buy-disposable-vapes-in-netherlands","10":"product_cat-tornado-disposable-vapes","11":"product_tag-hot-sale-disposable-vape","12":"product_tag-randm-tornado-7000","13":"desktop-align-left","14":"tablet-align-left","15":"mobile-align-left","17":"first","18":"instock","19":"sale","20":"shipping-taxable","21":"purchasable","22":"product-type-simple"},"acf":[],"uagb_featured_image_src":{"full":["https:\/\/vapestornado.com\/wp-content\/uploads\/2024\/12\/Randm-7000-Puff-Strawberry-Watermelon-Lemonade.jpg",800,800,false],"thumbnail":["https:\/\/vapestornado.com\/wp-content\/uploads\/2024\/12\/Randm-7000-Puff-Strawberry-Watermelon-Lemonade-150x150.jpg",150,150,true],"medium":["https:\/\/vapestornado.com\/wp-content\/uploads\/2024\/12\/Randm-7000-Puff-Strawberry-Watermelon-Lemonade-300x300.jpg",300,300,true],"medium_large":["https:\/\/vapestornado.com\/wp-content\/uploads\/2024\/12\/Randm-7000-Puff-Strawberry-Watermelon-Lemonade-768x768.jpg",768,768,true],"large":["https:\/\/vapestornado.com\/wp-content\/uploads\/2024\/12\/Randm-7000-Puff-Strawberry-Watermelon-Lemonade.jpg",800,800,false],"1536x1536":["https:\/\/vapestornado.com\/wp-content\/uploads\/2024\/12\/Randm-7000-Puff-Strawberry-Watermelon-Lemonade.jpg",800,800,false],"2048x2048":["https:\/\/vapestornado.com\/wp-content\/uploads\/2024\/12\/Randm-7000-Puff-Strawberry-Watermelon-Lemonade.jpg",800,800,false],"trp-custom-language-flag":["https:\/\/vapestornado.com\/wp-content\/uploads\/2024\/12\/Randm-7000-Puff-Strawberry-Watermelon-Lemonade.jpg",12,12,false],"woocommerce_thumbnail":["https:\/\/vapestornado.com\/wp-content\/uploads\/2024\/12\/Randm-7000-Puff-Strawberry-Watermelon-Lemonade-300x300.jpg",300,300,true],"woocommerce_single":["https:\/\/vapestornado.com\/wp-content\/uploads\/2024\/12\/Randm-7000-Puff-Strawberry-Watermelon-Lemonade-600x600.jpg",600,600,true],"woocommerce_gallery_thumbnail":["https:\/\/vapestornado.com\/wp-content\/uploads\/2024\/12\/Randm-7000-Puff-Strawberry-Watermelon-Lemonade-100x100.jpg",100,100,true]},"uagb_author_info":{"display_name":"ESMANDY","author_link":"https:\/\/vapestornado.com\/it\/author\/"},"uagb_comment_info":0,"uagb_excerpt":"Grab Randm Tornado 7000 Puffs at a Discount Price Today Affordable Wholesale Price for Randm Tornado 7000 Puffs Vapes Bulk Buy Randm Tornado 7000 Puff Vape for Maximum Savings [caption id=\"attachment_2951\" align=\"alignnone\" width=\"265\"] Pls Contact Mandy's WhatsApp For Discount Price\u00a0 +8618077105796[\/caption] &nbsp;","_links":{"self":[{"href":"https:\/\/vapestornado.com\/it\/wp-json\/wp\/v2\/product\/3103","targetHints":{"allow":["GET"]}}],"collection":[{"href":"https:\/\/vapestornado.com\/it\/wp-json\/wp\/v2\/product"}],"about":[{"href":"https:\/\/vapestornado.com\/it\/wp-json\/wp\/v2\/types\/product"}],"replies":[{"embeddable":true,"href":"https:\/\/vapestornado.com\/it\/wp-json\/wp\/v2\/comments?post=3103"}],"wp:featuredmedia":[{"embeddable":true,"href":"https:\/\/vapestornado.com\/it\/wp-json\/wp\/v2\/media\/3117"}],"wp:attachment":[{"href":"https:\/\/vapestornado.com\/it\/wp-json\/wp\/v2\/media?parent=3103"}],"wp:term":[{"taxonomy":"product_brand","embeddable":true,"href":"https:\/\/vapestornado.com\/it\/wp-json\/wp\/v2\/product_brand?post=3103"},{"taxonomy":"product_cat","embeddable":true,"href":"https:\/\/vapestornado.com\/it\/wp-json\/wp\/v2\/product_cat?post=3103"},{"taxonomy":"product_tag","embeddable":true,"href":"https:\/\/vapestornado.com\/it\/wp-json\/wp\/v2\/product_tag?post=3103"}],"curies":[{"name":"wp","href":"https:\/\/api.w.org\/{rel}","templated":true}]}}