{"id":3083,"date":"2024-12-11T09:26:24","date_gmt":"2024-12-11T09:26:24","guid":{"rendered":"https:\/\/vapestornado.com\/?post_type=product&#038;p=3083"},"modified":"2025-08-23T11:13:51","modified_gmt":"2025-08-23T11:13:51","slug":"randm-vape-tornado-7000-puffs-disposable-vape-bulk-buy-price-germany","status":"publish","type":"product","link":"https:\/\/vapestornado.com\/it\/product\/randm-vape-tornado-7000-puffs-disposable-vape-bulk-buy-price-germany\/","title":{"rendered":"RandM Vape Tornado 7000 Puffs Vaporizzatore Monouso Acquisto all'ingrosso Prezzo Italia"},"content":{"rendered":"<h1 class=\"product-title\">RandM Vape Tornado 7000 Puffs Vaporizzatore Monouso Acquisto all'ingrosso Prezzo Italia<\/h1>\n<p data-start=\"178\" data-end=\"507\">La <strong data-start=\"182\" data-end=\"220\">RandM Tornado 7000 Vaporizzatore Usa e Getta<\/strong> \u00e8 un forte venditore nel mercato tedesco, che combina prestazioni affidabili con un ampio appeal di sapore a un prezzo competitivo <strong data-start=\"336\" data-end=\"354\">prezzo per acquisti all'ingrosso<\/strong>. Con fino a <strong data-start=\"367\" data-end=\"391\">7.000 puff per unit\u00e0<\/strong>, questo modello offre ai rivenditori un'opzione conveniente ma resistente per i clienti che cercano sia sapore che convenienza.<span id=\"1\" class=\"notranslate immersive-translate-target-wrapper\" lang=\"zh-CN\" translate=\"no\" data-immersive-translate-loading-id=\"\">\u00a0 <\/span><\/p>\n<p data-start=\"509\" data-end=\"785\">Dotato di <strong data-start=\"525\" data-end=\"557\">batteria ricaricabile da 1000 mAh<\/strong> e <strong data-start=\"562\" data-end=\"586\">ricarica rapida di tipo C<\/strong>, il RandM 7K garantisce un utilizzo continuo senza sprechi di e-liquid. Un <strong data-start=\"654\" data-end=\"683\">sistema di flusso d'aria regolabile<\/strong> consente agli utenti di passare da estrazioni pi\u00f9 strette o pi\u00f9 aperte, rendendolo adatto a diverse preferenze.<\/p>\n<p data-start=\"787\" data-end=\"1022\">Con <strong data-start=\"792\" data-end=\"816\">56 variet\u00e0 di sapori<\/strong> che vanno dai profili fruttati a quelli di dessert, questo dispositivo si rivolge a diverse basi di clienti tedeschi. Il <strong data-start=\"915\" data-end=\"938\">formato a basso contenuto di nicotina<\/strong> (2% o inferiore) lo rende un'opzione interessante per i vapers che cercano sessioni pi\u00f9 fluide.<\/p>\n<p data-start=\"1024\" data-end=\"1096\">Per distributori e proprietari di negozi, il <strong data-start=\"1062\" data-end=\"1084\">RandM Tornado 7000<\/strong> fornisce:<\/p>\n<ul data-start=\"1097\" data-end=\"1349\">\n<li data-start=\"1097\" data-end=\"1151\">\n<p data-start=\"1099\" data-end=\"1151\">Una capacit\u00e0 di puff di fascia media ideale per le vendite quotidiane<\/p>\n<\/li>\n<li data-start=\"1152\" data-end=\"1200\">\n<p data-start=\"1154\" data-end=\"1200\">Ampio catalogo di sapori per acquisti ripetuti<\/p>\n<\/li>\n<li data-start=\"1201\" data-end=\"1257\">\n<p data-start=\"1203\" data-end=\"1257\">Design ricaricabile, che riduce resi e reclami<\/p>\n<\/li>\n<li data-start=\"1258\" data-end=\"1349\">\n<p data-start=\"1260\" data-end=\"1349\"><strong data-start=\"1260\" data-end=\"1312\">Imballaggio all'ingrosso e prezzi competitivi all'ingrosso<\/strong> su misura per i mercati dell'UE e della Germania<\/p>\n<\/li>\n<\/ul>\n<p><strong>Aggiungi la risposta immediata di Amy su Whatsapp e il coupon per vaporizzatori!<\/strong><\/p>\n<p><img fetchpriority=\"high\" decoding=\"async\" class=\"size-full wp-image-2932\" src=\"https:\/\/vapestornado.com\/wp-content\/uploads\/2024\/12\/Vape-Wholesale.jpg\" alt=\"Vape all&#039;ingrosso\" width=\"229\" height=\"300\" \/><\/p>\n<h3><a href=\"https:\/\/wa.me\/8617776015835\" target=\"_blank\" rel=\"noopener\"><span style=\"color: #ff0000;\"><strong>WhatsApp: +86 17776015835<\/strong><\/span><\/a><\/h3>\n<p>&nbsp;<\/p>\n<h2><strong>Caratteristiche del prodotto RandM Tornado 7000<\/strong><\/h2>\n<p>Batteria integrata da 1000 mAh<br \/>\nBatteria ricaricabile<br \/>\n7000 Puff per dispositivo<br \/>\nControllo del flusso d'aria<br \/>\n56 aromi disponibili<br \/>\nRicarica di tipo C<\/p>\n<h2 class=\"product-title\"><strong>Elenco degli aromi di RandM Tornado 7000<\/strong><\/h2>\n<p>1 Menta Fresca<br \/>\n2 Ghiaccio Lussureggiante<br \/>\n3 Ghiaccio al Mandarino<br \/>\n4 Ciambella alla Fragola<br \/>\n5 Orsetto Gommoso<br \/>\n6 Mirtillo Ghiacciato<br \/>\n7 Mango Ghiacciato<br \/>\n8 Ghiaccio alla Pesca<br \/>\n9 Ghiaccio alla Banana<br \/>\n10 Ghiaccio all'Uva<br \/>\n11 Limonata Rosa<br \/>\n12 Rum Pina Colada<br \/>\n13 Frutti di Bosco Misti<br \/>\n14 Frapp\u00e8 alla banana<br \/>\n15 Anguria e fragola<br \/>\n16 Limone e mela rossa<br \/>\n17 Ghiaccio all'ananas<br \/>\n18 Zucchero filato<br \/>\n19 Banana e fragola<br \/>\n20 Ghiaccio alla fragola<br \/>\n21 Kiwi e fragola<br \/>\n22. Ghiaccio all'energia rossa<br \/>\n23. Limonata ai lamponi blu<br \/>\n24. Ghiaccio alla mela rossa<br \/>\n25. Limonata ai frutti di bosco<br \/>\n26. Gomma da masticare ai mirtilli<br \/>\n27. Lampone acido blu<br \/>\n28. Dr Blue<br \/>\n29. Mela pesca pera<br \/>\n30. Melograno ai mirtilli<br \/>\n31. Vimto<br \/>\n32. Guava frutto della passione kiwi<br \/>\n33. Ghiaccio alla cola<br \/>\n34. Mela Acida<br \/>\n35. Ribes Nero Mentolo<br \/>\n36. Sangue di Tigre<br \/>\n37. Caramella Pesca Mirtillo<br \/>\n38. Pesca Mango<br \/>\n39. Fragola Red Bull<br \/>\n40. Ghiaccio al Ribes Nero<br \/>\n41. Limonata Fragola Anguria<br \/>\n42. Ciliegia<br \/>\n43. Ciliegia Blue Razz<br \/>\n44. Skittles<br \/>\n45. Lampone Mirtillo<br \/>\n46. Uva Fragola<br \/>\n47. Mirtillo Ciliegia Mirtillo Rosso<br \/>\n48. Esplosione di Frutti di Bosco e Mela<br \/>\n49. Cherry Cola<br \/>\n50. Limone<br \/>\n51. Esplosione Rosa<br \/>\n52. Pacific Cooler<br \/>\n53. Ghiacciolo<br \/>\n54. Bingo Crush<\/p>\n<h2>Perch\u00e9 scegliere vapestornado per la vendita all'ingrosso di vaporizzatori Fumot RandM 7k?<\/h2>\n<div class=\"flex-shrink-0 flex flex-col relative items-end\">\n<div class=\"pt-0\">\n<div class=\"gizmo-bot-avatar flex h-8 w-8 items-center justify-center overflow-hidden rounded-full\">\n<div class=\"relative p-1 rounded-sm flex items-center justify-center bg-token-main-surface-primary text-token-text-primary h-8 w-8\">\n<p>Benvenuti in vapestornado, il tuo negozio di vape online di fiducia per vape usa e getta premium. Con pi\u00f9 di 5 anni di esperienza, ti offriamo marchi di vape usa e getta popolari come Fumot RandM Vape, <a href=\"https:\/\/vapestornado.com\/it\/product\/vapme-crystal-7000-puffs-rechargeable-disposable-vape-wholesale-cheap-price\/\">Vapme<\/a>, Bang Vape, Waspe Vape e WGA Vape, ecc.<\/p>\n<p>La nostra gamma include vape di vendita calda come il <a href=\"https:\/\/vapestornado.com\/it\/product\/fumot-randm-tornado-15000-puffs-rechargeable-disposable-vape-wholesale\/\">RandM Tornado 15000<\/a>, e scelte ricche di sapore come il <a href=\"https:\/\/vapestornado.com\/it\/product\/waspe-40000-puffs-double-flavour-led-display-disposable-vape-wholesale\/\">WASPE Doppio Gusto 40000 Puff<\/a> . Ogni prodotto \u00e8 scelto con un focus su qualit\u00e0, valore e variet\u00e0, assicurandoti di trovare la corrispondenza perfetta per le tue esigenze. Scopri un servizio eccezionale e una vasta gamma di prodotti di alta qualit\u00e0 con prezzi all'ingrosso su vapestornado.<\/p>\n<\/div>\n<h3><\/h3>\n<div class=\"relative p-1 rounded-sm flex items-center justify-center bg-token-main-surface-primary text-token-text-primary h-8 w-8\">\n<h2>FAQ per il vaporizzatore usa e getta RandM 7000 Music<\/h2>\n<\/div>\n<\/div>\n<\/div>\n<\/div>\n<div class=\"flex-shrink-0 flex flex-col relative items-end\">\n<div class=\"pt-0\">\n<div class=\"gizmo-bot-avatar flex h-8 w-8 items-center justify-center overflow-hidden rounded-full\">\n<div class=\"relative p-1 rounded-sm flex items-center justify-center bg-token-main-surface-primary text-token-text-primary h-8 w-8\">\n<div class=\"mb-2 flex gap-3 empty:hidden -ml-2\">\n<h3><\/h3>\n<ol>\n<li><strong>Quanti tiri offre il RandM 7000?<\/strong><br \/>\nIl RandM 7000 offre ben 7.000 tiri per dispositivo, garantendo un utilizzo prolungato per ogni sessione di svapo.<\/li>\n<li><strong>Il RandM 7000 pu\u00f2 essere ricaricato?<\/strong><br \/>\nS\u00ec, il dispositivo \u00e8 dotato di una batteria ricaricabile da 1000 mAh e supporta la ricarica rapida di tipo C per una maggiore comodit\u00e0.<\/li>\n<li><strong>Quanti gusti sono disponibili per il Fumot Tornado 7000?<\/strong><br \/>\nIl Fumot Tornado 7000 \u00e8 disponibile in 56 diversi gusti, offrendo un'ampia variet\u00e0 per soddisfare diverse preferenze.<\/li>\n<li><strong>Il RandM Tornado 7k \u00e8 adatto a chi usa bassi livelli di nicotina?<\/strong><br \/>\nS\u00ec, il RandM Tornado 7k \u00e8 un <strong>sigaretta elettronica usa e getta a basso contenuto di nicotina<\/strong>, il che lo rende un'ottima opzione per coloro che preferiscono un'esperienza di svapo pi\u00f9 fluida e delicata.<\/li>\n<li><strong>Posso acquistare il RandM Tornado 7000 all'ingrosso a prezzi all'ingrosso?<\/strong><br \/>\nAssolutamente! Il RandM Tornado 7000 \u00e8 disponibile per <strong>prezzi all'ingrosso di vaporizzatori<\/strong>, offrendo prezzi competitivi all'ingrosso per i rivenditori in Italia e non solo.<\/li>\n<\/ol>\n<p>&nbsp;<\/p>\n<\/div>\n<\/div>\n<\/div>\n<\/div>\n<\/div>\n<div class=\"group\/conversation-turn relative flex w-full min-w-0 flex-col agent-turn\">\n<div class=\"flex-col gap-1 md:gap-3\">\n<div class=\"flex max-w-full flex-col flex-grow\">\n<div class=\"min-h-8 text-message flex w-full flex-col items-end gap-2 whitespace-normal break-words [.text-message+&amp;]:mt-5\" dir=\"auto\" data-message-author-role=\"assistant\" data-message-id=\"db716a1c-9ed0-4b8d-b3b0-7bdb913c3d42\" data-message-model-slug=\"gpt-4o\">\n<div class=\"flex w-full flex-col gap-1 empty:hidden first:pt-[3px]\">\n<div class=\"markdown prose w-full break-words dark:prose-invert light\">\n<p>&nbsp;<\/p>\n<\/div>\n<\/div>\n<\/div>\n<\/div>\n<\/div>\n<\/div>","protected":false},"excerpt":{"rendered":"<p>La <strong data-start=\"1398\" data-end=\"1426\">RandM Tornado 7000 Puff<\/strong> offre 56 gusti, batteria ricaricabile da 1000 mAh e flusso d'aria regolabile. Un vaporizzatore usa e getta di media capacit\u00e0 progettato per <strong data-start=\"1545\" data-end=\"1578\">acquirenti all'ingrosso in Germania<\/strong> a prezzi competitivi.<\/p>\n<p><strong>Aggiungi il whatsapp di Amy per ottenere subito una risposta e un coupon per il vape!<\/strong><\/p>\n<p><img fetchpriority=\"high\" decoding=\"async\" class=\"size-full wp-image-2932\" src=\"https:\/\/vapestornado.com\/wp-content\/uploads\/2024\/12\/Vape-Wholesale.jpg\" alt=\"Vape all&#039;ingrosso\" width=\"229\" height=\"300\" \/><\/p>\n<h3><a href=\"https:\/\/wa.me\/8617776015835\"><span style=\"color: #ff0000;\"><strong>WhatsApp: +86 17776015835<\/strong><\/span><\/a><\/h3>\n<p>&nbsp;<\/p>","protected":false},"featured_media":3080,"comment_status":"open","ping_status":"closed","template":"","meta":{"_acf_changed":false,"_uag_custom_page_level_css":"","_lmt_disableupdate":"no","_lmt_disable":"","_monsterinsights_skip_tracking":false,"_monsterinsights_sitenote_active":false,"_monsterinsights_sitenote_note":"","_monsterinsights_sitenote_category":0,"site-sidebar-layout":"default","site-content-layout":"","ast-site-content-layout":"default","site-content-style":"default","site-sidebar-style":"default","ast-global-header-display":"","ast-banner-title-visibility":"","ast-main-header-display":"","ast-hfb-above-header-display":"","ast-hfb-below-header-display":"","ast-hfb-mobile-header-display":"","site-post-title":"","ast-breadcrumbs-content":"","ast-featured-img":"","footer-sml-layout":"","ast-disable-related-posts":"","theme-transparent-header-meta":"default","adv-header-id-meta":"","stick-header-meta":"","header-above-stick-meta":"","header-main-stick-meta":"","header-below-stick-meta":"","astra-migrate-meta-layouts":"set","ast-page-background-enabled":"default","ast-page-background-meta":{"desktop":{"background-color":"","background-image":"","background-repeat":"repeat","background-position":"center center","background-size":"auto","background-attachment":"scroll","background-type":"","background-media":"","overlay-type":"","overlay-color":"","overlay-opacity":"","overlay-gradient":""},"tablet":{"background-color":"","background-image":"","background-repeat":"repeat","background-position":"center center","background-size":"auto","background-attachment":"scroll","background-type":"","background-media":"","overlay-type":"","overlay-color":"","overlay-opacity":"","overlay-gradient":""},"mobile":{"background-color":"","background-image":"","background-repeat":"repeat","background-position":"center center","background-size":"auto","background-attachment":"scroll","background-type":"","background-media":"","overlay-type":"","overlay-color":"","overlay-opacity":"","overlay-gradient":""}},"ast-content-background-meta":{"desktop":{"background-color":"var(--ast-global-color-5)","background-image":"","background-repeat":"repeat","background-position":"center center","background-size":"auto","background-attachment":"scroll","background-type":"","background-media":"","overlay-type":"","overlay-color":"","overlay-opacity":"","overlay-gradient":""},"tablet":{"background-color":"var(--ast-global-color-5)","background-image":"","background-repeat":"repeat","background-position":"center center","background-size":"auto","background-attachment":"scroll","background-type":"","background-media":"","overlay-type":"","overlay-color":"","overlay-opacity":"","overlay-gradient":""},"mobile":{"background-color":"var(--ast-global-color-5)","background-image":"","background-repeat":"repeat","background-position":"center center","background-size":"auto","background-attachment":"scroll","background-type":"","background-media":"","overlay-type":"","overlay-color":"","overlay-opacity":"","overlay-gradient":""}},"_joinchat":{"telephone":"+8617776015835"}},"product_brand":[],"product_cat":[74,151,152,143,58,144,148],"product_tag":[83,128,127,129,78,114,93],"class_list":{"0":"post-3083","1":"product","2":"type-product","3":"status-publish","4":"has-post-thumbnail","6":"product_cat-7000-puff","7":"product_cat-buy-disposable-vapes-in-france","8":"product_cat-buy-disposable-vapes-in-cermany","9":"product_cat-dual-mesh-disposable-vapes","10":"product_cat-fumot-vape","11":"product_cat-low-nicotine-disposable-vapes","12":"product_cat-tornado-disposable-vapes","13":"product_tag-fumot-vape","14":"product_tag-randm-7000","15":"product_tag-randm-tornado-7000","16":"product_tag-randm-tornado-7000-germany","17":"product_tag-randm-vape","18":"product_tag-tornado-vape","19":"product_tag-vape-wholesale","20":"desktop-align-left","21":"tablet-align-left","22":"mobile-align-left","24":"first","25":"instock","26":"sale","27":"shipping-taxable","28":"purchasable","29":"product-type-simple"},"acf":[],"uagb_featured_image_src":{"full":["https:\/\/vapestornado.com\/wp-content\/uploads\/2024\/12\/RandM-Tornado-7000-Puffs-Disposable-Vape.jpg",1126,1126,false],"thumbnail":["https:\/\/vapestornado.com\/wp-content\/uploads\/2024\/12\/RandM-Tornado-7000-Puffs-Disposable-Vape-150x150.jpg",150,150,true],"medium":["https:\/\/vapestornado.com\/wp-content\/uploads\/2024\/12\/RandM-Tornado-7000-Puffs-Disposable-Vape-300x300.jpg",300,300,true],"medium_large":["https:\/\/vapestornado.com\/wp-content\/uploads\/2024\/12\/RandM-Tornado-7000-Puffs-Disposable-Vape-768x768.jpg",768,768,true],"large":["https:\/\/vapestornado.com\/wp-content\/uploads\/2024\/12\/RandM-Tornado-7000-Puffs-Disposable-Vape-1024x1024.jpg",1024,1024,true],"1536x1536":["https:\/\/vapestornado.com\/wp-content\/uploads\/2024\/12\/RandM-Tornado-7000-Puffs-Disposable-Vape.jpg",1126,1126,false],"2048x2048":["https:\/\/vapestornado.com\/wp-content\/uploads\/2024\/12\/RandM-Tornado-7000-Puffs-Disposable-Vape.jpg",1126,1126,false],"trp-custom-language-flag":["https:\/\/vapestornado.com\/wp-content\/uploads\/2024\/12\/RandM-Tornado-7000-Puffs-Disposable-Vape.jpg",12,12,false],"woocommerce_thumbnail":["https:\/\/vapestornado.com\/wp-content\/uploads\/2024\/12\/RandM-Tornado-7000-Puffs-Disposable-Vape-300x300.jpg",300,300,true],"woocommerce_single":["https:\/\/vapestornado.com\/wp-content\/uploads\/2024\/12\/RandM-Tornado-7000-Puffs-Disposable-Vape-600x600.jpg",600,600,true],"woocommerce_gallery_thumbnail":["https:\/\/vapestornado.com\/wp-content\/uploads\/2024\/12\/RandM-Tornado-7000-Puffs-Disposable-Vape-100x100.jpg",100,100,true]},"uagb_author_info":{"display_name":"ESAMY","author_link":"https:\/\/vapestornado.com\/it\/author\/"},"uagb_comment_info":0,"uagb_excerpt":"The RandM Tornado 7000 Puffs offers 56 flavours, 1000mAh rechargeable battery, and adjustable airflow. A mid-capacity disposable vape designed for Germany wholesale bulk buyers at competitive prices. Add Amy's whatsapp get right reply and vape vape coupon! WhatsApp: +86 17776015835 &nbsp;","_links":{"self":[{"href":"https:\/\/vapestornado.com\/it\/wp-json\/wp\/v2\/product\/3083","targetHints":{"allow":["GET"]}}],"collection":[{"href":"https:\/\/vapestornado.com\/it\/wp-json\/wp\/v2\/product"}],"about":[{"href":"https:\/\/vapestornado.com\/it\/wp-json\/wp\/v2\/types\/product"}],"replies":[{"embeddable":true,"href":"https:\/\/vapestornado.com\/it\/wp-json\/wp\/v2\/comments?post=3083"}],"wp:featuredmedia":[{"embeddable":true,"href":"https:\/\/vapestornado.com\/it\/wp-json\/wp\/v2\/media\/3080"}],"wp:attachment":[{"href":"https:\/\/vapestornado.com\/it\/wp-json\/wp\/v2\/media?parent=3083"}],"wp:term":[{"taxonomy":"product_brand","embeddable":true,"href":"https:\/\/vapestornado.com\/it\/wp-json\/wp\/v2\/product_brand?post=3083"},{"taxonomy":"product_cat","embeddable":true,"href":"https:\/\/vapestornado.com\/it\/wp-json\/wp\/v2\/product_cat?post=3083"},{"taxonomy":"product_tag","embeddable":true,"href":"https:\/\/vapestornado.com\/it\/wp-json\/wp\/v2\/product_tag?post=3083"}],"curies":[{"name":"wp","href":"https:\/\/api.w.org\/{rel}","templated":true}]}}