{"id":3000,"date":"2024-12-09T07:00:42","date_gmt":"2024-12-09T07:00:42","guid":{"rendered":"https:\/\/vapestornado.com\/?post_type=product&#038;p=3000"},"modified":"2025-08-23T10:18:27","modified_gmt":"2025-08-23T10:18:27","slug":"waspe-25000-puffs-digital-disposable-vape-wholesale-price-in-poland","status":"publish","type":"product","link":"https:\/\/vapestornado.com\/it\/product\/waspe-25000-puffs-digital-disposable-vape-wholesale-price-in-poland\/","title":{"rendered":"Waspe 25000 Puff Vape Monouso Digitale Prezzo All'Ingrosso in Polonia"},"content":{"rendered":"<h1 class=\"product-title\">Waspe 25000 Puff Vape Monouso Digitale Prezzo All'Ingrosso in Polonia<\/h1>\n<p data-start=\"525\" data-end=\"808\">La <strong data-start=\"529\" data-end=\"574\">Sigaretta Elettronica Monouso Digitale Waspe 25000 Tiri<\/strong> \u00e8 una scelta pratica per grossisti e rivenditori in Italia che cercano scorte durature e ricche di funzionalit\u00e0. Con fino a <strong data-start=\"690\" data-end=\"715\">25.000 tiri per unit\u00e0<\/strong> e un <strong data-start=\"722\" data-end=\"744\">sistema a doppio gusto<\/strong>, offre ai clienti un uso prolungato e una maggiore variet\u00e0.<\/p>\n<p data-start=\"810\" data-end=\"1090\">Dotato di <strong data-start=\"826\" data-end=\"848\">schermo LED digitale<\/strong>, il Waspe 25K tiene gli utenti informati sulla durata della batteria e sul conteggio dei tiri in tempo reale. Il suo <strong data-start=\"937\" data-end=\"960\">design ricaricabile<\/strong> con <strong data-start=\"966\" data-end=\"990\">ricarica rapida di tipo C<\/strong> garantisce prestazioni costanti e riduce gli sprechi, rendendolo economico ed ecologico.<\/p>\n<p data-start=\"1092\" data-end=\"1373\">Disponibile in molteplici <strong data-start=\"1114\" data-end=\"1133\">livelli di nicotina<\/strong> e <strong data-start=\"1138\" data-end=\"1161\">combinazioni di sapori<\/strong>, il <strong data-start=\"1167\" data-end=\"1185\">Waspe 25K Vape<\/strong> si rivolge a un'ampia base di consumatori, dai principianti ai vapers esperti. Compatto e portatile, \u00e8 adatto all'uso quotidiano e offre un sapore costante grazie alla tecnologia avanzata della bobina.<\/p>\n<p data-start=\"1375\" data-end=\"1604\">Per distributori e proprietari di negozi in Italia, <strong data-start=\"1423\" data-end=\"1449\">Waspe 25000 Puff Vape<\/strong> combina un'elevata capacit\u00e0 di tiri, caratteristiche innovative e <strong data-start=\"1504\" data-end=\"1537\">prezzi all'ingrosso competitivi<\/strong>, rendendolo un'aggiunta redditizia agli inventari di vaporizzatori usa e getta.<\/p>\n<p>&nbsp;<\/p>\n<p><strong>Aggiungi il Whatsapp di Amy per ottenere una risposta immediata e un coupon per il vape!<\/strong><\/p>\n<p><img fetchpriority=\"high\" decoding=\"async\" class=\"size-full wp-image-2932\" src=\"https:\/\/vapestornado.com\/wp-content\/uploads\/2024\/12\/Vape-Wholesale.jpg\" alt=\"Vape all&#039;ingrosso\" width=\"229\" height=\"300\" \/><\/p>\n<h3><a href=\"https:\/\/wa.me\/8617776015835\" target=\"_blank\" rel=\"noopener\"><span style=\"color: #ff0000;\"><strong>WhatsApp: +86 17776015835<\/strong><\/span><\/a><\/h3>\n<p>&nbsp;<\/p>\n<h4><strong style=\"font-size: 1.7em;\">Caratteristiche del Prodotto Waspe Vape 25000<\/strong><\/h4>\n<ul>\n<li><strong>25.000 Tiri di Pura Soddisfazione<\/strong>: Goditi sessioni di svapo prolungate con fino a <strong>25.000 puff<\/strong>, rendendo il <strong>WASPE 25000 puff<\/strong> la scelta ideale sia per i vapers leggeri che per quelli pi\u00f9 assidui.<\/li>\n<li><strong>Diverse Gradazioni di Nicotina<\/strong>: Scegli tra <strong>nicotina 0%, 2%, o 5%<\/strong>, offrendo un'esperienza su misura per gli utenti che cercano un'opzione <strong>sigaretta elettronica usa e getta a basso contenuto di nicotina<\/strong> o un colpo pi\u00f9 forte.<\/li>\n<li><strong>Capacit\u00e0 E-Liquid da 25ml<\/strong>: Pre-caricato con un generoso <strong>25 ml di e-liquid<\/strong>, garantendo meno interruzioni e un divertimento pi\u00f9 lungo.<\/li>\n<li><strong>Coil a Doppia Rete Avanzate<\/strong>: Le coil a doppia rete integrate garantiscono una produzione di vapore fluida, un'erogazione del sapore consistente e un'esperienza premium ad ogni tiro.<\/li>\n<li><strong>Schermo LED Digitale<\/strong>: Il <strong>Vape Monouso con Display a LED<\/strong> \u00e8 dotato di uno schermo LCD intelligente, che ti permette di monitorare <strong>la durata della batteria e il conteggio dei puff<\/strong> senza sforzo.<\/li>\n<li><strong>Ricaricabile e Durevole<\/strong>: Alimentato da una <strong>650 mAh<\/strong> e supportato da <strong>ricarica rapida di tipo C<\/strong>, questo <strong>vaporizzatore ricaricabile<\/strong> ti mantiene carico per un uso prolungato senza lunghi tempi di inattivit\u00e0.<\/li>\n<li><strong>Design compatto per l'acquisto all'ingrosso<\/strong>: Leggero e facile da maneggiare, il Waspe 25k \u00e8 perfetto per acquisti all'ingrosso, rendendolo ideale per i distributori che cercano un prodotto affidabile per <strong>prezzi all'ingrosso di vaporizzatori<\/strong>.<\/li>\n<\/ul>\n<p>&nbsp;<\/p>\n<h2 class=\"product-title\"><strong>WASPE 25000 Elenco dei sapori<\/strong><\/h2>\n<p>1. Fragola Kiwi<br \/>\n2. Frutti di bosco misti<br \/>\n3. Mirtillo su ghiaccio<br \/>\n4. Uva ghiaccio<br \/>\n5. Ciliegia ghiaccio<br \/>\n6. Limonata ai mirtilli e lamponi<br \/>\n7. Pesca ghiaccio<br \/>\n8. Anguria e fragola<br \/>\n9. Pesca Mango Anguria<br \/>\n10. Anguria ghiaccio<\/p>\n<h3>Perch\u00e9 scegliere vapestornado per la vendita all'ingrosso di vaporizzatori WASPE 25k?<\/h3>\n<div class=\"flex-shrink-0 flex flex-col relative items-end\">\n<div class=\"pt-0\">\n<div class=\"gizmo-bot-avatar flex h-8 w-8 items-center justify-center overflow-hidden rounded-full\">\n<div class=\"relative p-1 rounded-sm flex items-center justify-center bg-token-main-surface-primary text-token-text-primary h-8 w-8\">\n<p>Benvenuti su vapestornado, il vostro negozio di vape online di fiducia per vaporizzatori usa e getta premium. Con pi\u00f9 di 5 anni di esperienza, vi offriamo marchi popolari di vaporizzatori usa e getta come Fumot RandM Vape, Vapme, Bang Vape, Waspe Vape e WGA Vape, ecc.<\/p>\n<p>La nostra gamma include vape di vendita calda come il <a href=\"https:\/\/vapestornado.com\/it\/product\/fumot-randm-tornado-15000-puffs-rechargeable-disposable-vape-wholesale\/\">RandM Tornado 15000<\/a>, e scelte ricche di sapore come il <a href=\"https:\/\/vapestornado.com\/it\/product\/waspe-40000-puffs-double-flavour-led-display-disposable-vape-wholesale\/\">WASPE Doppio Gusto 40000 Puff<\/a> . Ogni prodotto \u00e8 scelto con particolare attenzione alla qualit\u00e0, al valore e alla variet\u00e0, assicurandoti di trovare la soluzione perfetta per le tue esigenze. Scopri un servizio eccezionale e una vasta gamma di prodotti di alta qualit\u00e0 su vapestornado.<\/p>\n<\/div>\n<h3><\/h3>\n<div class=\"relative p-1 rounded-sm flex items-center justify-center bg-token-main-surface-primary text-token-text-primary h-8 w-8\">\n<h3>Domande frequenti per il vaporizzatore usa e getta ricaricabile WASPE 25k<\/h3>\n<\/div>\n<\/div>\n<\/div>\n<\/div>\n<div class=\"group\/conversation-turn relative flex w-full min-w-0 flex-col agent-turn\">\n<div class=\"flex-col gap-1 md:gap-3\">\n<div class=\"flex max-w-full flex-col flex-grow\">\n<div class=\"min-h-8 text-message flex w-full flex-col items-end gap-2 whitespace-normal break-words [.text-message+&amp;]:mt-5\" dir=\"auto\" data-message-author-role=\"assistant\" data-message-id=\"db716a1c-9ed0-4b8d-b3b0-7bdb913c3d42\" data-message-model-slug=\"gpt-4o\">\n<div class=\"flex w-full flex-col gap-1 empty:hidden first:pt-[3px]\">\n<div class=\"markdown prose w-full break-words dark:prose-invert light\">\n<h3><\/h3>\n<ol>\n<li><strong>Dove posso acquistare il vaporizzatore usa e getta digitale Waspe 25000 Puffs a un prezzo all'ingrosso in Italia?<\/strong><br \/>\nPuoi acquistare il vaporizzatore usa e getta digitale Waspe 25000 Puffs a prezzi all'ingrosso competitivi da distributori affidabili specializzati in <strong>prezzi all'ingrosso di vaporizzatori<\/strong> in Italia.<\/li>\n<li><strong>Quanti tiri offre la sigaretta elettronica usa e getta digitale Waspe 25000 Puffs?<\/strong><br \/>\nLa Waspe 25k offre un'impressionante quantit\u00e0 di <strong>25.000 puff<\/strong>, garantendo un uso prolungato e un ottimo rapporto qualit\u00e0-prezzo.<\/li>\n<li><strong>Cosa rende unica la sigaretta elettronica Waspe 25000 Puffs rispetto ad altre usa e getta?<\/strong><br \/>\nLa Waspe 25k si distingue per il suo <strong>Schermo digitale a LED<\/strong> per il monitoraggio del numero di tiri e della durata della batteria, <strong>doppio gusto<\/strong> opzioni e <strong>design ricaricabile<\/strong> alimentato da una ricarica rapida <strong>porta di tipo C<\/strong>.<\/li>\n<li><strong>Quali sono i livelli di nicotina disponibili per la sigaretta elettronica usa e getta Waspe 25000 Puffs?<\/strong><br \/>\nLa Waspe 25k offre tre opzioni di concentrazione di nicotina: <strong>0%, 2% e 5%<\/strong>, per soddisfare gli utenti che preferiscono <strong>sigaretta elettronica usa e getta a basso contenuto di nicotina<\/strong> o colpi pi\u00f9 forti.<\/li>\n<li><strong>Come garantisce la Waspe 25k un'esperienza di svapo superiore?<\/strong><br \/>\nEquipaggiato con <strong>doppie bobine a mesh<\/strong> per una migliore produzione di vapore, una grande <strong>capacit\u00e0 di e-liquid da 25ml<\/strong>e un flusso d'aria personalizzabile, la Waspe 25k offre tiri costanti e saporiti per un'esperienza di svapo eccezionale.<\/li>\n<\/ol>\n<\/div>\n<\/div>\n<\/div>\n<\/div>\n<\/div>\n<\/div>","protected":false},"excerpt":{"rendered":"<p>La <strong data-start=\"290\" data-end=\"327\">Vaporizzatore usa e getta Waspe 25000 Puffs<\/strong> offre doppi gusti, display a LED e fino a 25K tiri. Perfetto per <strong data-start=\"395\" data-end=\"425\">acquirenti all'ingrosso in Italia<\/strong>, combinando capacit\u00e0, variet\u00e0 di sapori e prezzi competitivi all'ingrosso.<\/p>\n<p><strong>Aggiungi il whatsapp di Amy per ottenere subito una risposta e un coupon per il vape!<\/strong><\/p>\n<p><img fetchpriority=\"high\" decoding=\"async\" class=\"size-full wp-image-2932\" src=\"https:\/\/vapestornado.com\/wp-content\/uploads\/2024\/12\/Vape-Wholesale.jpg\" alt=\"Vape all&#039;ingrosso\" width=\"229\" height=\"300\" \/><\/p>\n<h3><a href=\"https:\/\/wa.me\/8617776015835\"><span style=\"color: #ff0000;\"><strong>WhatsApp: +86 17776015835<\/strong><\/span><\/a><\/h3>\n<p>&nbsp;<\/p>","protected":false},"featured_media":2995,"comment_status":"open","ping_status":"closed","template":"","meta":{"_acf_changed":false,"_uag_custom_page_level_css":"","_lmt_disableupdate":"no","_lmt_disable":"","_monsterinsights_skip_tracking":false,"_monsterinsights_sitenote_active":false,"_monsterinsights_sitenote_note":"","_monsterinsights_sitenote_category":0,"site-sidebar-layout":"default","site-content-layout":"","ast-site-content-layout":"default","site-content-style":"default","site-sidebar-style":"default","ast-global-header-display":"","ast-banner-title-visibility":"","ast-main-header-display":"","ast-hfb-above-header-display":"","ast-hfb-below-header-display":"","ast-hfb-mobile-header-display":"","site-post-title":"","ast-breadcrumbs-content":"","ast-featured-img":"","footer-sml-layout":"","ast-disable-related-posts":"","theme-transparent-header-meta":"default","adv-header-id-meta":"","stick-header-meta":"","header-above-stick-meta":"","header-main-stick-meta":"","header-below-stick-meta":"","astra-migrate-meta-layouts":"set","ast-page-background-enabled":"default","ast-page-background-meta":{"desktop":{"background-color":"","background-image":"","background-repeat":"repeat","background-position":"center center","background-size":"auto","background-attachment":"scroll","background-type":"","background-media":"","overlay-type":"","overlay-color":"","overlay-opacity":"","overlay-gradient":""},"tablet":{"background-color":"","background-image":"","background-repeat":"repeat","background-position":"center center","background-size":"auto","background-attachment":"scroll","background-type":"","background-media":"","overlay-type":"","overlay-color":"","overlay-opacity":"","overlay-gradient":""},"mobile":{"background-color":"","background-image":"","background-repeat":"repeat","background-position":"center center","background-size":"auto","background-attachment":"scroll","background-type":"","background-media":"","overlay-type":"","overlay-color":"","overlay-opacity":"","overlay-gradient":""}},"ast-content-background-meta":{"desktop":{"background-color":"var(--ast-global-color-5)","background-image":"","background-repeat":"repeat","background-position":"center center","background-size":"auto","background-attachment":"scroll","background-type":"","background-media":"","overlay-type":"","overlay-color":"","overlay-opacity":"","overlay-gradient":""},"tablet":{"background-color":"var(--ast-global-color-5)","background-image":"","background-repeat":"repeat","background-position":"center center","background-size":"auto","background-attachment":"scroll","background-type":"","background-media":"","overlay-type":"","overlay-color":"","overlay-opacity":"","overlay-gradient":""},"mobile":{"background-color":"var(--ast-global-color-5)","background-image":"","background-repeat":"repeat","background-position":"center center","background-size":"auto","background-attachment":"scroll","background-type":"","background-media":"","overlay-type":"","overlay-color":"","overlay-opacity":"","overlay-gradient":""}},"_joinchat":{"telephone":"+8617776015835"}},"product_brand":[],"product_cat":[68,151,158,159,144,60],"product_tag":[105,100,103,104],"class_list":{"0":"post-3000","1":"product","2":"type-product","3":"status-publish","4":"has-post-thumbnail","6":"product_cat-25000-puff","7":"product_cat-buy-disposable-vapes-in-france","8":"product_cat-buy-disposable-vapes-in-spain","9":"product_cat-buy-disposable-vapes-in-sweden","10":"product_cat-low-nicotine-disposable-vapes","11":"product_cat-waspe-fihp-vape","12":"product_tag-digital-disposable-vape","13":"product_tag-wasoe-vape","14":"product_tag-waspe-25000","15":"product_tag-waspe-25k","16":"desktop-align-left","17":"tablet-align-left","18":"mobile-align-left","20":"first","21":"instock","22":"sale","23":"shipping-taxable","24":"purchasable","25":"product-type-simple"},"acf":[],"uagb_featured_image_src":{"full":["https:\/\/vapestornado.com\/wp-content\/uploads\/2024\/12\/WASPE-25000-Puffs-Disposable-Vape-Wholesale-Price.jpg",1126,1137,false],"thumbnail":["https:\/\/vapestornado.com\/wp-content\/uploads\/2024\/12\/WASPE-25000-Puffs-Disposable-Vape-Wholesale-Price-150x150.jpg",150,150,true],"medium":["https:\/\/vapestornado.com\/wp-content\/uploads\/2024\/12\/WASPE-25000-Puffs-Disposable-Vape-Wholesale-Price-297x300.jpg",297,300,true],"medium_large":["https:\/\/vapestornado.com\/wp-content\/uploads\/2024\/12\/WASPE-25000-Puffs-Disposable-Vape-Wholesale-Price-768x776.jpg",768,776,true],"large":["https:\/\/vapestornado.com\/wp-content\/uploads\/2024\/12\/WASPE-25000-Puffs-Disposable-Vape-Wholesale-Price-1014x1024.jpg",1014,1024,true],"1536x1536":["https:\/\/vapestornado.com\/wp-content\/uploads\/2024\/12\/WASPE-25000-Puffs-Disposable-Vape-Wholesale-Price.jpg",1126,1137,false],"2048x2048":["https:\/\/vapestornado.com\/wp-content\/uploads\/2024\/12\/WASPE-25000-Puffs-Disposable-Vape-Wholesale-Price.jpg",1126,1137,false],"trp-custom-language-flag":["https:\/\/vapestornado.com\/wp-content\/uploads\/2024\/12\/WASPE-25000-Puffs-Disposable-Vape-Wholesale-Price.jpg",12,12,false],"woocommerce_thumbnail":["https:\/\/vapestornado.com\/wp-content\/uploads\/2024\/12\/WASPE-25000-Puffs-Disposable-Vape-Wholesale-Price-300x300.jpg",300,300,true],"woocommerce_single":["https:\/\/vapestornado.com\/wp-content\/uploads\/2024\/12\/WASPE-25000-Puffs-Disposable-Vape-Wholesale-Price-600x606.jpg",600,606,true],"woocommerce_gallery_thumbnail":["https:\/\/vapestornado.com\/wp-content\/uploads\/2024\/12\/WASPE-25000-Puffs-Disposable-Vape-Wholesale-Price-100x100.jpg",100,100,true]},"uagb_author_info":{"display_name":"ESAMY","author_link":"https:\/\/vapestornado.com\/it\/author\/"},"uagb_comment_info":0,"uagb_excerpt":"The Waspe 25000 Puffs Disposable Vape offers dual flavors, LED display, and up to 25K puffs. Perfect for wholesale buyers in Poland, combining capacity, flavor variety, and competitive bulk pricing. Add Amy's whatsapp to get right reply and vape vape coupon! WhatsApp: +86 17776015835 &nbsp;","_links":{"self":[{"href":"https:\/\/vapestornado.com\/it\/wp-json\/wp\/v2\/product\/3000","targetHints":{"allow":["GET"]}}],"collection":[{"href":"https:\/\/vapestornado.com\/it\/wp-json\/wp\/v2\/product"}],"about":[{"href":"https:\/\/vapestornado.com\/it\/wp-json\/wp\/v2\/types\/product"}],"replies":[{"embeddable":true,"href":"https:\/\/vapestornado.com\/it\/wp-json\/wp\/v2\/comments?post=3000"}],"wp:featuredmedia":[{"embeddable":true,"href":"https:\/\/vapestornado.com\/it\/wp-json\/wp\/v2\/media\/2995"}],"wp:attachment":[{"href":"https:\/\/vapestornado.com\/it\/wp-json\/wp\/v2\/media?parent=3000"}],"wp:term":[{"taxonomy":"product_brand","embeddable":true,"href":"https:\/\/vapestornado.com\/it\/wp-json\/wp\/v2\/product_brand?post=3000"},{"taxonomy":"product_cat","embeddable":true,"href":"https:\/\/vapestornado.com\/it\/wp-json\/wp\/v2\/product_cat?post=3000"},{"taxonomy":"product_tag","embeddable":true,"href":"https:\/\/vapestornado.com\/it\/wp-json\/wp\/v2\/product_tag?post=3000"}],"curies":[{"name":"wp","href":"https:\/\/api.w.org\/{rel}","templated":true}]}}