{"id":2974,"date":"2024-12-05T03:54:55","date_gmt":"2024-12-05T03:54:55","guid":{"rendered":"https:\/\/vapestornado.com\/?post_type=product&#038;p=2974"},"modified":"2025-08-23T11:41:10","modified_gmt":"2025-08-23T11:41:10","slug":"vopk-ultra-40000-puffs-2-in-1-digital-screen-rechargeable-disposable-vape","status":"publish","type":"product","link":"https:\/\/vapestornado.com\/it\/product\/vopk-ultra-40000-puffs-2-in-1-digital-screen-rechargeable-disposable-vape\/","title":{"rendered":"VOPK ULTRA 40000 Puff 2 in 1 Vaporizzatore usa e getta ricaricabile con schermo digitale"},"content":{"rendered":"<h1 class=\"product-title\">VOPK ULTRA 40000 Puff 2 in 1 Vaporizzatore usa e getta ricaricabile con schermo digitale<\/h1>\n<p>Scopri il prossimo livello di svapo con il <strong>VOPK ULTRA 40000<\/strong>, un dispositivo all'avanguardia <strong>vape monouso ricaricabile<\/strong> progettato per offrire convenienza, gusto e prestazioni senza pari. Con uno straordinario sistema <strong>40000 boccate<\/strong> e un <strong>2 in 1 a doppio gusto<\/strong> , questo dispositivo consente agli utenti di passare senza soluzione di continuit\u00e0 tra due gusti distinti, ridefinendo il concetto di variet\u00e0 di sapori.<\/p>\n<p>Dotato di una massiccia <strong>capacit\u00e0 di e-liquid da 36ml<\/strong> e disponibile con <strong>concentrazioni di nicotina al 2% o 5%<\/strong>, il <strong>VOPK 40K<\/strong> assicura che ogni tiro sia liscio, appagante e su misura per le tue preferenze. L'innovativo <strong>display a LED<\/strong> porta la convenienza a un livello superiore, fornendo informazioni in tempo reale sulla durata della batteria e sui livelli di e-liquid rimanenti in modo da poter svapare senza preoccupazioni.<\/p>\n<p>La <strong>batteria ricaricabile Type-C<\/strong> offre una ricarica rapida e affidabile, mentre il suo design compatto e portatile rende il <strong>VOPK ULTRA 40000<\/strong> perfetto per lo svapo in movimento. Scegli tra 10 gusti allettanti per un'esperienza davvero personalizzabile, godendo al contempo dei vantaggi di un <strong>sigaretta elettronica usa e getta a basso contenuto di nicotina<\/strong>.<\/p>\n<p>Che tu sia un rivenditore o stia cercando acquisti all'ingrosso, il <strong>VOPK ULTRA 40000<\/strong> si distingue nel <strong>prezzi all'ingrosso di vaporizzatori<\/strong> mercato come la perfetta combinazione di durabilit\u00e0, innovazione e convenienza. Migliora la tua esperienza di svapo con un dispositivo progettato per durare e offrire il doppio del gusto, il tutto tenendoti informato con il suo smart <strong>schermo digitale<\/strong>.<\/p>\n<p>Passa al <strong>VOPK ULTRA 40000 Puff<\/strong> e goditi il meglio dello svapo moderno con stile e praticit\u00e0!<\/p>\n<p>&nbsp;<\/p>\n<p><strong>Aggiungi il Whatsapp di Amy per ottenere una risposta immediata e un coupon per il vape!<\/strong><\/p>\n<p><img fetchpriority=\"high\" decoding=\"async\" class=\"size-full wp-image-2932\" src=\"https:\/\/vapestornado.com\/wp-content\/uploads\/2024\/12\/Vape-Wholesale.jpg\" alt=\"Vape all&#039;ingrosso\" width=\"229\" height=\"300\" \/><\/p>\n<h3><a href=\"https:\/\/wa.me\/8617776015835\" target=\"_blank\" rel=\"noopener\"><span style=\"color: #ff0000;\"><strong>WhatsApp: +86 17776015835<\/strong><\/span><\/a><\/h3>\n<p>&nbsp;<\/p>\n<h2><strong>Caratteristiche del Prodotto VOPK ULTRA 40000 Puffs<\/strong><\/h2>\n<p>Puff\uff1a40000 Tiri<br \/>\nCapacit\u00e0 E-Liquid\uff1a36 mL<br \/>\nNicotina\uff1a2%\/5%<br \/>\nRicaricabile tramite Type-C per una ricarica veloce<br \/>\nDisplay LED Intelligente mostra la durata della batteria e i livelli di e-liquid<br \/>\nDoppia Esperienza di Gusto<br \/>\n10 gusti tra cui scegliere<\/p>\n<h2 class=\"product-title\"><strong>Lista dei Gusti VOPK ULTRA 40000<\/strong><\/h2>\n<p>1.Fragola Anguria \/ Kiwi Frutto della Passione Guava<br \/>\n2.Mirtillo Lampone \/ Pesca Mango Anguria<br \/>\n3.Orsetto Gommosa Mirtillo Blu \/ Fragola Kiwi<br \/>\n4.Mirtillo Blu Ciliegia \/ Fragola Lampone<br \/>\n5. Limone frizzante<br \/>\n6. Ghiaccio al cocomero \/ Ghiaccio al lampone blu<br \/>\n7. Ananas al lampone blu \/ Triplo mango<br \/>\n8. Esplosione di uva e frutti di bosco \/ Pera Mela Lampone<br \/>\n9. Fragola Mirtillo rosso Ciliegia \/ Ananas frutto della passione Lime<br \/>\n10. Mirtillo Fragola Mentolo \/ Mirtillo Lampone Mentolo<\/p>\n<p>&nbsp;<\/p>\n<h2>Perch\u00e9 scegliere vapestornado per la vendita all'ingrosso di VOPK 40k Vape?<\/h2>\n<div class=\"flex-shrink-0 flex flex-col relative items-end\">\n<div class=\"pt-0\">\n<div class=\"gizmo-bot-avatar flex h-8 w-8 items-center justify-center overflow-hidden rounded-full\">\n<div class=\"relative p-1 rounded-sm flex items-center justify-center bg-token-main-surface-primary text-token-text-primary h-8 w-8\">\n<p>Benvenuti su vapestornado, il vostro negozio di vape online di fiducia per vaporizzatori usa e getta premium. Con pi\u00f9 di 5 anni di esperienza, vi offriamo marchi popolari di vaporizzatori usa e getta come Fumot RandM Vape, Vapme, Bang Vape, Waspe Vape e WGA Vape, ecc.<\/p>\n<p>La nostra gamma include vape di vendita calda come il <a href=\"https:\/\/vapestornado.com\/it\/product\/fumot-randm-tornado-15000-puffs-rechargeable-disposable-vape-wholesale\/\">RandM Tornado 15000<\/a>, e scelte ricche di sapore come il <a href=\"https:\/\/vapestornado.com\/it\/product\/waspe-40000-puffs-double-flavour-led-display-disposable-vape-wholesale\/\">WASPE Doppio Gusto 40000 Puff<\/a> . Ogni prodotto \u00e8 scelto con particolare attenzione alla qualit\u00e0, al valore e alla variet\u00e0, assicurandoti di trovare la soluzione perfetta per le tue esigenze. Scopri un servizio eccezionale e una vasta gamma di prodotti di alta qualit\u00e0 su vapestornado.<\/p>\n<\/div>\n<h3><\/h3>\n<div class=\"relative p-1 rounded-sm flex items-center justify-center bg-token-main-surface-primary text-token-text-primary h-8 w-8\">\n<h2>Domande frequenti sul vaporizzatore usa e getta ricaricabile VOPK 40k<\/h2>\n<\/div>\n<\/div>\n<\/div>\n<\/div>\n<div class=\"group\/conversation-turn relative flex w-full min-w-0 flex-col agent-turn\">\n<div class=\"flex-col gap-1 md:gap-3\">\n<div class=\"flex max-w-full flex-col flex-grow\">\n<div class=\"min-h-8 text-message flex w-full flex-col items-end gap-2 whitespace-normal break-words [.text-message+&amp;]:mt-5\" dir=\"auto\" data-message-author-role=\"assistant\" data-message-id=\"db716a1c-9ed0-4b8d-b3b0-7bdb913c3d42\" data-message-model-slug=\"gpt-4o\">\n<div class=\"flex w-full flex-col gap-1 empty:hidden first:pt-[3px]\">\n<div class=\"markdown prose w-full break-words dark:prose-invert light\">\n<p>&nbsp;<\/p>\n<p><strong>1. Dove acquistare il vaporizzatore usa e getta VOPK 40000 Puffs a prezzo all'ingrosso in Italia<\/strong><br \/>\nPuoi acquistare il <strong>Vaporizzatore usa e getta VOPK 40000 Puffs<\/strong> a prezzi all'ingrosso tramite piattaforme online <strong>prezzi all'ingrosso di vaporizzatori<\/strong> che si rivolgono all'Italia.<\/p>\n<p><strong>2. Quanti tiri fornisce il VOPK Ultra 40k Puffs?<\/strong><br \/>\nLa <strong>La sigaretta usa e getta VOPK Ultra 40k Puffs<\/strong> fornisce fino a <strong>40.000 boccate<\/strong>, rendendolo uno dei dispositivi con la maggiore durata disponibile.<\/p>\n<p><strong>3. Quanto dura la popolare sigaretta usa e getta VOPK 40000 Puffs Ultra?<\/strong><br \/>\nLa durata della <strong>VOPK Ultra 40000<\/strong> dipende dalle abitudini di utilizzo, ma con la sua enorme <strong>capacit\u00e0 di e-liquid da 36ml<\/strong> e la batteria ricaricabile, \u00e8 progettato per durare significativamente pi\u00f9 a lungo della maggior parte delle sigarette usa e getta.<\/p>\n<p><strong>4. Quali sono i gusti popolari per la sigaretta VOPK 40000 Puffs?<\/strong><br \/>\nLa <strong>Il VOPK 40k Puffs<\/strong> offre 10 gusti entusiasmanti, con il suo sistema <strong>doppio gusto<\/strong> che permette agli utenti di godere di due gusti in un unico dispositivo. I gusti popolari variano in base alle preferenze, ma le combinazioni fruttate e al mentolo sono particolarmente apprezzate.<\/p>\n<p><strong>5. Quanto tempo ci vuole per caricare le sigarette usa e getta VOPK 40k Puffs?<\/strong><br \/>\nLa <strong>Il VOPK Ultra 40k Puffs<\/strong> utilizza una <strong>batteria ricaricabile Type-C<\/strong>, che di solito impiega circa <strong>1-2 ore<\/strong> per caricarsi completamente, a seconda della fonte di alimentazione.<\/p>\n<p><strong>6. Quanta nicotina c'\u00e8 in una sigaretta usa e getta VOPK 40k?<\/strong><br \/>\nLa <strong>VOPK Ultra 40000<\/strong> \u00e8 disponibile in <strong>2% (20 mg)<\/strong> or <strong>5% (50mg)<\/strong> concentrazione di nicotina, per soddisfare diverse preferenze di nicotina.<\/p>\n<\/div>\n<\/div>\n<\/div>\n<\/div>\n<\/div>\n<\/div>","protected":false},"excerpt":{"rendered":"<p>VOPK 40000 Puffs 2 in 1 Vape Monouso Doppio Gusto 40K All'ingrosso<br \/>\nVOPK Doppio Gusto 40000 Puffs Vape Monouso Ricaricabile<br \/>\nVOPK 40000 Puffs Doppio Gusto con Display a LED<\/p>\n<p><strong>Aggiungi il whatsapp di Amy per ottenere subito una risposta e un coupon per il vape!<\/strong><\/p>\n<p><img fetchpriority=\"high\" decoding=\"async\" class=\"size-full wp-image-2932\" src=\"https:\/\/vapestornado.com\/wp-content\/uploads\/2024\/12\/Vape-Wholesale.jpg\" alt=\"Vape all&#039;ingrosso\" width=\"229\" height=\"300\" \/><\/p>","protected":false},"featured_media":2973,"comment_status":"open","ping_status":"closed","template":"","meta":{"_acf_changed":false,"_uag_custom_page_level_css":"","_lmt_disableupdate":"no","_lmt_disable":"","_monsterinsights_skip_tracking":false,"_monsterinsights_sitenote_active":false,"_monsterinsights_sitenote_note":"","_monsterinsights_sitenote_category":0,"site-sidebar-layout":"default","site-content-layout":"","ast-site-content-layout":"default","site-content-style":"default","site-sidebar-style":"default","ast-global-header-display":"","ast-banner-title-visibility":"","ast-main-header-display":"","ast-hfb-above-header-display":"","ast-hfb-below-header-display":"","ast-hfb-mobile-header-display":"","site-post-title":"","ast-breadcrumbs-content":"","ast-featured-img":"","footer-sml-layout":"","ast-disable-related-posts":"","theme-transparent-header-meta":"default","adv-header-id-meta":"","stick-header-meta":"","header-above-stick-meta":"","header-main-stick-meta":"","header-below-stick-meta":"","astra-migrate-meta-layouts":"set","ast-page-background-enabled":"default","ast-page-background-meta":{"desktop":{"background-color":"","background-image":"","background-repeat":"repeat","background-position":"center center","background-size":"auto","background-attachment":"scroll","background-type":"","background-media":"","overlay-type":"","overlay-color":"","overlay-opacity":"","overlay-gradient":""},"tablet":{"background-color":"","background-image":"","background-repeat":"repeat","background-position":"center center","background-size":"auto","background-attachment":"scroll","background-type":"","background-media":"","overlay-type":"","overlay-color":"","overlay-opacity":"","overlay-gradient":""},"mobile":{"background-color":"","background-image":"","background-repeat":"repeat","background-position":"center center","background-size":"auto","background-attachment":"scroll","background-type":"","background-media":"","overlay-type":"","overlay-color":"","overlay-opacity":"","overlay-gradient":""}},"ast-content-background-meta":{"desktop":{"background-color":"var(--ast-global-color-5)","background-image":"","background-repeat":"repeat","background-position":"center center","background-size":"auto","background-attachment":"scroll","background-type":"","background-media":"","overlay-type":"","overlay-color":"","overlay-opacity":"","overlay-gradient":""},"tablet":{"background-color":"var(--ast-global-color-5)","background-image":"","background-repeat":"repeat","background-position":"center center","background-size":"auto","background-attachment":"scroll","background-type":"","background-media":"","overlay-type":"","overlay-color":"","overlay-opacity":"","overlay-gradient":""},"mobile":{"background-color":"var(--ast-global-color-5)","background-image":"","background-repeat":"repeat","background-position":"center center","background-size":"auto","background-attachment":"scroll","background-type":"","background-media":"","overlay-type":"","overlay-color":"","overlay-opacity":"","overlay-gradient":""}},"_joinchat":{"telephone":"+8617776015835"}},"product_brand":[],"product_cat":[65,140,153,157,158,142,144,290],"product_tag":[94,95,93,96,92],"class_list":{"0":"post-2974","1":"product","2":"type-product","3":"status-publish","4":"has-post-thumbnail","6":"product_cat-40000-puff","7":"product_cat-big-puffs-disposable-vapes","8":"product_cat-buy-disposable-vapes-in-italy","9":"product_cat-buy-disposable-vapes-in-portugal","10":"product_cat-buy-disposable-vapes-in-spain","11":"product_cat-digital-box-disposable-vapes","12":"product_cat-low-nicotine-disposable-vapes","13":"product_cat-vopk-vape","14":"product_tag-rechargeable-disposable-vape","15":"product_tag-spaceman-disposable-vape","16":"product_tag-vape-wholesale","17":"product_tag-vopk-40000","18":"product_tag-vopk-vape","19":"desktop-align-left","20":"tablet-align-left","21":"mobile-align-left","23":"first","24":"instock","25":"sale","26":"shipping-taxable","27":"purchasable","28":"product-type-simple"},"acf":[],"uagb_featured_image_src":{"full":["https:\/\/vapestornado.com\/wp-content\/uploads\/2024\/12\/VOPK-ULTRA-40000-Disposable-Vape.jpg",1126,1126,false],"thumbnail":["https:\/\/vapestornado.com\/wp-content\/uploads\/2024\/12\/VOPK-ULTRA-40000-Disposable-Vape-150x150.jpg",150,150,true],"medium":["https:\/\/vapestornado.com\/wp-content\/uploads\/2024\/12\/VOPK-ULTRA-40000-Disposable-Vape-300x300.jpg",300,300,true],"medium_large":["https:\/\/vapestornado.com\/wp-content\/uploads\/2024\/12\/VOPK-ULTRA-40000-Disposable-Vape-768x768.jpg",768,768,true],"large":["https:\/\/vapestornado.com\/wp-content\/uploads\/2024\/12\/VOPK-ULTRA-40000-Disposable-Vape-1024x1024.jpg",1024,1024,true],"1536x1536":["https:\/\/vapestornado.com\/wp-content\/uploads\/2024\/12\/VOPK-ULTRA-40000-Disposable-Vape.jpg",1126,1126,false],"2048x2048":["https:\/\/vapestornado.com\/wp-content\/uploads\/2024\/12\/VOPK-ULTRA-40000-Disposable-Vape.jpg",1126,1126,false],"trp-custom-language-flag":["https:\/\/vapestornado.com\/wp-content\/uploads\/2024\/12\/VOPK-ULTRA-40000-Disposable-Vape.jpg",12,12,false],"woocommerce_thumbnail":["https:\/\/vapestornado.com\/wp-content\/uploads\/2024\/12\/VOPK-ULTRA-40000-Disposable-Vape-300x300.jpg",300,300,true],"woocommerce_single":["https:\/\/vapestornado.com\/wp-content\/uploads\/2024\/12\/VOPK-ULTRA-40000-Disposable-Vape-600x600.jpg",600,600,true],"woocommerce_gallery_thumbnail":["https:\/\/vapestornado.com\/wp-content\/uploads\/2024\/12\/VOPK-ULTRA-40000-Disposable-Vape-100x100.jpg",100,100,true]},"uagb_author_info":{"display_name":"ESAMY","author_link":"https:\/\/vapestornado.com\/it\/author\/"},"uagb_comment_info":0,"uagb_excerpt":"VOPK 40000 Puffs 2 in 1 Disposable Vape Dual Taste 40K Wholesale VOPK Double Flavor 40000 Puffs Rechargeable Disposable Vape VOPK 40000 Puffs Double Flavor with LED Display Add Amy's whatsapp to get right reply and vape vape coupon!","_links":{"self":[{"href":"https:\/\/vapestornado.com\/it\/wp-json\/wp\/v2\/product\/2974","targetHints":{"allow":["GET"]}}],"collection":[{"href":"https:\/\/vapestornado.com\/it\/wp-json\/wp\/v2\/product"}],"about":[{"href":"https:\/\/vapestornado.com\/it\/wp-json\/wp\/v2\/types\/product"}],"replies":[{"embeddable":true,"href":"https:\/\/vapestornado.com\/it\/wp-json\/wp\/v2\/comments?post=2974"}],"wp:featuredmedia":[{"embeddable":true,"href":"https:\/\/vapestornado.com\/it\/wp-json\/wp\/v2\/media\/2973"}],"wp:attachment":[{"href":"https:\/\/vapestornado.com\/it\/wp-json\/wp\/v2\/media?parent=2974"}],"wp:term":[{"taxonomy":"product_brand","embeddable":true,"href":"https:\/\/vapestornado.com\/it\/wp-json\/wp\/v2\/product_brand?post=2974"},{"taxonomy":"product_cat","embeddable":true,"href":"https:\/\/vapestornado.com\/it\/wp-json\/wp\/v2\/product_cat?post=2974"},{"taxonomy":"product_tag","embeddable":true,"href":"https:\/\/vapestornado.com\/it\/wp-json\/wp\/v2\/product_tag?post=2974"}],"curies":[{"name":"wp","href":"https:\/\/api.w.org\/{rel}","templated":true}]}}