{"id":2960,"date":"2024-12-04T02:33:33","date_gmt":"2024-12-04T02:33:33","guid":{"rendered":"https:\/\/vapestornado.com\/?post_type=product&#038;p=2960"},"modified":"2025-12-05T08:44:03","modified_gmt":"2025-12-05T08:44:03","slug":"randm-12000-puffs-fumot-digital-disposable-vape-wholesale-price","status":"publish","type":"product","link":"https:\/\/vapestornado.com\/it\/product\/randm-12000-puffs-fumot-digital-disposable-vape-wholesale-price\/","title":{"rendered":"Randm 12000 Tiri Fumot Digital Vape Usa e Getta Prezzo all'Ingrosso"},"content":{"rendered":"<h1 class=\"product-title\">Randm 12000 Tiri Fumot Digital Vape Usa e Getta Prezzo all'Ingrosso<\/h1>\n<p data-start=\"1245\" data-end=\"1425\">Fumot RandM 12000 Puffs offre un serbatoio completo da 20 ml, una batteria ricaricabile Type-C da 850 mAh, stabilit\u00e0 del sapore della resistenza a mesh e uno schermo digitale in tempo reale in un dispositivo usa e getta pulito e pratico, costruito per l'uso quotidiano.<\/p>\n<p data-start=\"566\" data-end=\"860\"><strong data-start=\"566\" data-end=\"616\">12.000 puffs con abbastanza liquido per supportarli.<\/strong><br data-start=\"616\" data-end=\"619\" \/>La <strong data-start=\"623\" data-end=\"666\">Vaporizzatore usa e getta Fumot RandM 12000 Puffs<\/strong> contiene <strong data-start=\"675\" data-end=\"703\">20ml di e-liquid pre-caricato<\/strong>, conferendo alla valutazione dei puff una reale durata nell'uso quotidiano. \u00c8 adatto ai fumatori che desiderano un dispositivo che duri pi\u00f9 di qualche serata fuori e che non necessiti di una sostituzione costante.<\/p>\n<p data-start=\"862\" data-end=\"1092\"><strong data-start=\"862\" data-end=\"899\">Tiro con resistenza a mesh che rimane costante.<\/strong><br data-start=\"899\" data-end=\"902\" \/>A <strong data-start=\"904\" data-end=\"917\">resistenza a mesh<\/strong> si riscalda uniformemente e mantiene il flusso d'aria fluido. In termini pratici: il sapore dura pi\u00f9 a lungo, il vapore rimane consistente e il dispositivo ha meno probabilit\u00e0 di diventare aspro quando il serbatoio si sta esaurendo.<\/p>\n<p data-start=\"1094\" data-end=\"1329\"><strong data-start=\"1094\" data-end=\"1145\">Alimentazione ricaricabile, non una batteria usa e getta.<\/strong><br data-start=\"1145\" data-end=\"1148\" \/>Questo modello funziona con un <strong data-start=\"1170\" data-end=\"1201\">batteria ricaricabile da 850 mAh<\/strong>. Quando la potenza diminuisce, una rapida ricarica Type-C lo rimette in funzione, in modo che il liquido non vada sprecato perch\u00e9 la batteria si scarica prematuramente.<\/p>\n<p data-start=\"1331\" data-end=\"1519\"><strong data-start=\"1331\" data-end=\"1370\">Schermo digitale per un semplice monitoraggio.<\/strong><br data-start=\"1370\" data-end=\"1373\" \/>Il display mostra <strong data-start=\"1391\" data-end=\"1425\">batteria residua e e-liquid<\/strong>. Nessuna supposizione, nessun tiro a secco a sorpresa nel bel mezzo di una pausa: solo una visione chiara di ci\u00f2 che rimane.<\/p>\n<p data-start=\"1521\" data-end=\"1733\"><strong data-start=\"1521\" data-end=\"1570\">Gradazione di nicotina che corrisponde alle abitudini reali.<\/strong><br data-start=\"1570\" data-end=\"1573\" \/>Due opzioni coprono la maggior parte delle abitudini: <strong data-start=\"1604\" data-end=\"1610\">2%<\/strong> per un uso quotidiano pi\u00f9 leggero o per ridurre, e <strong data-start=\"1654\" data-end=\"1660\">5%<\/strong> per un colpo pi\u00f9 forte, pi\u00f9 simile a quello che molti fumatori si aspettano da un dispositivo usa e getta.<\/p>\n<figure id=\"attachment_4656\" aria-describedby=\"caption-attachment-4656\" style=\"width: 300px\" class=\"wp-caption alignnone\"><img fetchpriority=\"high\" decoding=\"async\" class=\"size-medium wp-image-4656\" src=\"https:\/\/vapestornado.com\/wp-content\/uploads\/2025\/12\/Fumot-Randm-12000-Puff-Disposable-Vape-300x300.jpg\" alt=\"Vaporizzatore usa e getta Fumot Randm 12000 Puff\" width=\"300\" height=\"300\" srcset=\"https:\/\/vapestornado.com\/wp-content\/uploads\/2025\/12\/Fumot-Randm-12000-Puff-Disposable-Vape-300x300.jpg 300w, https:\/\/vapestornado.com\/wp-content\/uploads\/2025\/12\/Fumot-Randm-12000-Puff-Disposable-Vape-1024x1024.jpg 1024w, https:\/\/vapestornado.com\/wp-content\/uploads\/2025\/12\/Fumot-Randm-12000-Puff-Disposable-Vape-150x150.jpg 150w, https:\/\/vapestornado.com\/wp-content\/uploads\/2025\/12\/Fumot-Randm-12000-Puff-Disposable-Vape-768x768.jpg 768w, https:\/\/vapestornado.com\/wp-content\/uploads\/2025\/12\/Fumot-Randm-12000-Puff-Disposable-Vape-12x12.jpg 12w, https:\/\/vapestornado.com\/wp-content\/uploads\/2025\/12\/Fumot-Randm-12000-Puff-Disposable-Vape-600x600.jpg 600w, https:\/\/vapestornado.com\/wp-content\/uploads\/2025\/12\/Fumot-Randm-12000-Puff-Disposable-Vape-100x100.jpg 100w, https:\/\/vapestornado.com\/wp-content\/uploads\/2025\/12\/Fumot-Randm-12000-Puff-Disposable-Vape.jpg 1080w\" sizes=\"(max-width: 300px) 100vw, 300px\" \/><figcaption id=\"caption-attachment-4656\" class=\"wp-caption-text\">Vaporizzatore usa e getta Fumot Randm 12000 Puff<\/figcaption><\/figure>\n<figure id=\"attachment_4655\" aria-describedby=\"caption-attachment-4655\" style=\"width: 300px\" class=\"wp-caption alignnone\"><img decoding=\"async\" class=\"size-medium wp-image-4655\" src=\"https:\/\/vapestornado.com\/wp-content\/uploads\/2025\/12\/Fumot-12k-Digital-Box-Vape-300x300.jpg\" alt=\"Vaporizzatore Fumot 12k Digital Box\" width=\"300\" height=\"300\" srcset=\"https:\/\/vapestornado.com\/wp-content\/uploads\/2025\/12\/Fumot-12k-Digital-Box-Vape-300x300.jpg 300w, https:\/\/vapestornado.com\/wp-content\/uploads\/2025\/12\/Fumot-12k-Digital-Box-Vape-1024x1024.jpg 1024w, https:\/\/vapestornado.com\/wp-content\/uploads\/2025\/12\/Fumot-12k-Digital-Box-Vape-150x150.jpg 150w, https:\/\/vapestornado.com\/wp-content\/uploads\/2025\/12\/Fumot-12k-Digital-Box-Vape-768x768.jpg 768w, https:\/\/vapestornado.com\/wp-content\/uploads\/2025\/12\/Fumot-12k-Digital-Box-Vape-12x12.jpg 12w, https:\/\/vapestornado.com\/wp-content\/uploads\/2025\/12\/Fumot-12k-Digital-Box-Vape-600x600.jpg 600w, https:\/\/vapestornado.com\/wp-content\/uploads\/2025\/12\/Fumot-12k-Digital-Box-Vape-100x100.jpg 100w, https:\/\/vapestornado.com\/wp-content\/uploads\/2025\/12\/Fumot-12k-Digital-Box-Vape.jpg 1080w\" sizes=\"(max-width: 300px) 100vw, 300px\" \/><figcaption id=\"caption-attachment-4655\" class=\"wp-caption-text\">Vaporizzatore Fumot 12k Digital Box<\/figcaption><\/figure>\n<p><strong>Aggiungi il Whatsapp di Amy per ottenere una risposta immediata e un coupon per il vape!<\/strong><\/p>\n<p><img decoding=\"async\" class=\"size-full wp-image-2932\" src=\"https:\/\/vapestornado.com\/wp-content\/uploads\/2024\/12\/Vape-Wholesale.jpg\" alt=\"Vape all&#039;ingrosso\" width=\"229\" height=\"300\" \/><\/p>\n<h3><a href=\"https:\/\/wa.me\/8617776015835\" target=\"_blank\" rel=\"noopener\"><span style=\"color: #ff0000;\"><strong>WhatsApp: +86 17776015835<\/strong><\/span><\/a><\/h3>\n<p>&nbsp;<\/p>\n<h2><strong>Caratteristiche del prodotto Randm 12000 Puffs<\/strong><\/h2>\n<table>\n<thead>\n<tr>\n<th>Caratteristica \/ Parametro<\/th>\n<th align=\"right\">Spec<\/th>\n<th>Spiegazione<\/th>\n<\/tr>\n<\/thead>\n<tbody>\n<tr>\n<td>Nome del prodotto<\/td>\n<td align=\"right\">Vaporizzatore usa e getta Fumot RandM 12000 Puffs<\/td>\n<td>Facile da ritrovare se desideri lo stesso modello.<\/td>\n<\/tr>\n<tr>\n<td>Capacit\u00e0 di tiri<\/td>\n<td align=\"right\">Fino a 12.000 tiri<\/td>\n<td>Utilizzo pi\u00f9 lungo rispetto ai disposables standard; meno sostituzioni.<\/td>\n<\/tr>\n<tr>\n<td>Volume del liquido elettronico<\/td>\n<td align=\"right\">20 ml pre-riempiti<\/td>\n<td>Abbastanza grande da supportare la valutazione di 12K senza ricaricare.<\/td>\n<\/tr>\n<tr>\n<td>Tipo di bobina<\/td>\n<td align=\"right\">Resistenza a mesh<\/td>\n<td>Riscaldamento uniforme = tiro pi\u00f9 morbido e sapore pi\u00f9 stabile.<\/td>\n<\/tr>\n<tr>\n<td>Batteria<\/td>\n<td align=\"right\">850mAh ricaricabile<\/td>\n<td>Ricarica per terminare il serbatoio invece di gettarlo via presto.<\/td>\n<\/tr>\n<tr>\n<td>Ricarica<\/td>\n<td align=\"right\">Ricarica rapida USB Type-C<\/td>\n<td>Standard di cavo comune; tempo di ricarica breve.<\/td>\n<\/tr>\n<tr>\n<td>Opzioni di nicotina<\/td>\n<td align=\"right\">2% \/ 5%<\/td>\n<td>Scegli una gradazione giornaliera pi\u00f9 leggera o un colpo pi\u00f9 forte.<\/td>\n<\/tr>\n<tr>\n<td>Espositore<\/td>\n<td align=\"right\">Schermo digitale (batteria + liquido)<\/td>\n<td>Monitoraggio chiaro della durata residua durante lo svapo.<\/td>\n<\/tr>\n<tr>\n<td>Design<\/td>\n<td align=\"right\">Corpo semplice e sobrio<\/td>\n<td>Costruito per il trasporto quotidiano senza ingombro aggiuntivo.<\/td>\n<\/tr>\n<\/tbody>\n<\/table>\n<h2 class=\"product-title\"><strong>Elenco dei gusti Randm 12000<\/strong><\/h2>\n<p>1 Menta Fresca<br \/>\n2 Ghiaccio all'Anguria<br \/>\n3 Ghiaccio all'Uva<br \/>\n4 Lampone ai Mirtilli<br \/>\n5 Anguria alla Fragola<br \/>\n6 Banana alla Fragola<br \/>\n7 Ghiaccio Lussureggiante<br \/>\n8 Ciliegia<br \/>\n9 Ghiaccio alla Fragola<br \/>\n10 Ghiacciolo<br \/>\n11 Limonata Rosa<br \/>\n12 Mango su Ghiaccio<br \/>\n13 Frutti di Bosco Misti<br \/>\n14 Ciambella alla Fragola<br \/>\n15 Uva alla Fragola<br \/>\n16 Ciliegia Cola<br \/>\n17 Dr. Blue<br \/>\n18 Mirtillo su Ghiaccio<br \/>\n19 Guava, Kiwi e Frutto della Passione<br \/>\n20 Kiwi alla Fragola<br \/>\n21 Mango e Pesca<br \/>\n22 Ghiaccio alla Pesca<br \/>\n23 Ghiaccio alla Mela Rossa<br \/>\n24 Gomma da Masticare al Mirtillo<br \/>\n25 Limonata ai Frutti di Bosco<br \/>\n26 Limonata al lampone blu<br \/>\n27 Lampone acido blu<br \/>\n28 Red Bull alla fragola<br \/>\n29 Esplosione di mela e frutti di bosco<br \/>\n30 Gomma da masticare all'anguria<br \/>\n31 Lampone e anguria<br \/>\n32 Ghiaccio nero<br \/>\n33 Mirtillo, ciliegia e mirtillo rosso<br \/>\n34 Pomp alla fragola (melograno)<br \/>\n35 Vimto<br \/>\n36 Ciliegia e frutti di bosco<br \/>\n37 Limone<br \/>\n38 Bingo Crush<br \/>\n39 Mirtillo e kiwi<br \/>\n40 Mela e cannella<\/p>\n<h3>Perch\u00e9 scegliere vapestornado per la vendita all'ingrosso di vaporizzatori Fumot 12k?<\/h3>\n<div class=\"flex-shrink-0 flex flex-col relative items-end\">\n<div class=\"pt-0\">\n<div class=\"gizmo-bot-avatar flex h-8 w-8 items-center justify-center overflow-hidden rounded-full\">\n<div class=\"relative p-1 rounded-sm flex items-center justify-center bg-token-main-surface-primary text-token-text-primary h-8 w-8\">\n<p>Benvenuti su vapestornado, il vostro negozio di vape online di fiducia per vaporizzatori usa e getta premium. Con pi\u00f9 di 5 anni di esperienza, vi offriamo marchi popolari di vaporizzatori usa e getta come Fumot RandM Vape, Vapme, Bang Vape, Waspe Vape e WGA Vape, ecc.<\/p>\n<p>La nostra gamma include vape di vendita calda come il <a href=\"https:\/\/vapestornado.com\/it\/product\/fumot-randm-tornado-15000-puffs-rechargeable-disposable-vape-wholesale\/\">RandM Tornado 15000<\/a>, e scelte ricche di gusto come il WASPE Double Flavor 40000 Puffs. Ogni prodotto \u00e8 scelto con un focus sulla qualit\u00e0, il valore e la variet\u00e0, garantendo che tu trovi la combinazione perfetta per le tue esigenze. Scopri un servizio eccezionale e una vasta gamma di prodotti di alta qualit\u00e0 su vapestornado.<\/p>\n<\/div>\n<h3><\/h3>\n<div class=\"relative p-1 rounded-sm flex items-center justify-center bg-token-main-surface-primary text-token-text-primary h-8 w-8\">\n<h3>FAQ per il vaporizzatore usa e getta ricaricabile RandM 12k<\/h3>\n<\/div>\n<\/div>\n<\/div>\n<\/div>\n<div class=\"group\/conversation-turn relative flex w-full min-w-0 flex-col agent-turn\">\n<div class=\"flex-col gap-1 md:gap-3\">\n<div class=\"flex max-w-full flex-col flex-grow\">\n<div class=\"min-h-8 text-message flex w-full flex-col items-end gap-2 whitespace-normal break-words [.text-message+&amp;]:mt-5\" dir=\"auto\" data-message-author-role=\"assistant\" data-message-id=\"db716a1c-9ed0-4b8d-b3b0-7bdb913c3d42\" data-message-model-slug=\"gpt-4o\">\n<div class=\"flex w-full flex-col gap-1 empty:hidden first:pt-[3px]\">\n<div class=\"markdown prose w-full break-words dark:prose-invert light\">\n<p data-start=\"2745\" data-end=\"3032\"><strong data-start=\"2745\" data-end=\"2834\">1. La sigaretta elettronica usa e getta RandM 12000 Puffs con nicotina 5% sembra troppo forte?<\/strong><br data-start=\"2834\" data-end=\"2837\" \/>Dipende dalla tua linea di base. <strong data-start=\"2866\" data-end=\"2893\">RandM 12000 Puffs<\/strong> at <strong data-start=\"2897\" data-end=\"2903\">5%<\/strong> si adatta a fumatori pi\u00f9 pesanti o a chi \u00e8 abituato a dispositivi pi\u00f9 forti. Se preferisci un colpo pi\u00f9 morbido, la <strong data-start=\"2998\" data-end=\"3004\">2%<\/strong> versione \u00e8 l'inizio pi\u00f9 sicuro.<\/p>\n<p data-start=\"3034\" data-end=\"3245\"><strong data-start=\"3034\" data-end=\"3107\">2. Come leggo lo schermo digitale sulla Fumot RandM 12000 Puffs?<\/strong><br data-start=\"3107\" data-end=\"3110\" \/>Lo schermo mostra due informazioni di base: <strong data-start=\"3139\" data-end=\"3184\">percentuale di batteria e residuo di liquido<\/strong>. Quando uno dei due si abbassa, lo saprai prima che le prestazioni diminuiscano.<\/p>\n<p data-start=\"3247\" data-end=\"3473\"><strong data-start=\"3247\" data-end=\"3317\">3. La batteria ricaricabile della Fumot RandM 12000 Puffs ne vale la pena?<\/strong><br data-start=\"3317\" data-end=\"3320\" \/>S\u00ec, per un dispositivo da 12K. La <strong data-start=\"3346\" data-end=\"3377\">batteria ricaricabile da 850 mAh<\/strong> ti permette di usare il serbatoio da 20ml interamente invece di gettare via la sigaretta elettronica perch\u00e9 l'energia si esaurisce prima.<\/p>\n<p data-start=\"3475\" data-end=\"3714\"><strong data-start=\"3475\" data-end=\"3545\">4. La Fumot 12000 Puffs perde liquido se rimane in una tasca?<\/strong><br data-start=\"3545\" data-end=\"3548\" \/>\u00c8 normale portarla quotidianamente. Conservala in posizione verticale quando possibile ed evita auto calde o freddo estremo per ridurre la condensa\u2014pratica standard per qualsiasi dispositivo usa e getta con alto contenuto di liquido.<\/p>\n<p data-start=\"3716\" data-end=\"3967\"><strong data-start=\"3716\" data-end=\"3796\">5. Quanto dura una Fumot 12k Puffs per un fumatore quotidiano?<\/strong><br data-start=\"3796\" data-end=\"3799\" \/>L'uso varia, ma la combinazione di <strong data-start=\"3836\" data-end=\"3868\">12.000 puff e 20ml di liquido<\/strong> di solito dura molto pi\u00f9 di modelli da 3k\u20136k. Molti utenti quotidiani la considerano un dispositivo multi-settimana.<\/p>\n<p>&nbsp;<\/p>\n<\/div>\n<\/div>\n<\/div>\n<\/div>\n<\/div>\n<\/div>","protected":false},"excerpt":{"rendered":"<p>Vaporizzatore usa e getta Fumot 12000 Puffs con 20ml di liquido pre-caricato<br \/>\nVaporizzatore usa e getta Fumot RandM 12kPuffs con resistenza a mesh e schermo digitale<br \/>\nRandM 12000 Puffs Monkey Vape ricaricabile Type-C<\/p>\n<p><strong>Aggiungi il whatsapp di Amy per ottenere subito una risposta e un coupon per il vape!<\/strong><\/p>\n<p><img decoding=\"async\" class=\"size-full wp-image-2932\" src=\"https:\/\/vapestornado.com\/wp-content\/uploads\/2024\/12\/Vape-Wholesale.jpg\" alt=\"Vape all&#039;ingrosso\" width=\"229\" height=\"300\" \/><\/p>\n<h3><a href=\"https:\/\/wa.me\/8617776015835\"><span style=\"color: #ff0000;\"><strong>WhatsApp: +86 17776015835<\/strong><\/span><\/a><\/h3>\n<p>&nbsp;<\/p>","protected":false},"featured_media":2952,"comment_status":"open","ping_status":"closed","template":"","meta":{"_acf_changed":false,"_uag_custom_page_level_css":"","_lmt_disableupdate":"no","_lmt_disable":"","_monsterinsights_skip_tracking":false,"_monsterinsights_sitenote_active":false,"_monsterinsights_sitenote_note":"","_monsterinsights_sitenote_category":0,"site-sidebar-layout":"default","site-content-layout":"","ast-site-content-layout":"default","site-content-style":"default","site-sidebar-style":"default","ast-global-header-display":"","ast-banner-title-visibility":"","ast-main-header-display":"","ast-hfb-above-header-display":"","ast-hfb-below-header-display":"","ast-hfb-mobile-header-display":"","site-post-title":"","ast-breadcrumbs-content":"","ast-featured-img":"","footer-sml-layout":"","ast-disable-related-posts":"","theme-transparent-header-meta":"default","adv-header-id-meta":"","stick-header-meta":"","header-above-stick-meta":"","header-main-stick-meta":"","header-below-stick-meta":"","astra-migrate-meta-layouts":"set","ast-page-background-enabled":"default","ast-page-background-meta":{"desktop":{"background-color":"","background-image":"","background-repeat":"repeat","background-position":"center center","background-size":"auto","background-attachment":"scroll","background-type":"","background-media":"","overlay-type":"","overlay-color":"","overlay-opacity":"","overlay-gradient":""},"tablet":{"background-color":"","background-image":"","background-repeat":"repeat","background-position":"center center","background-size":"auto","background-attachment":"scroll","background-type":"","background-media":"","overlay-type":"","overlay-color":"","overlay-opacity":"","overlay-gradient":""},"mobile":{"background-color":"","background-image":"","background-repeat":"repeat","background-position":"center center","background-size":"auto","background-attachment":"scroll","background-type":"","background-media":"","overlay-type":"","overlay-color":"","overlay-opacity":"","overlay-gradient":""}},"ast-content-background-meta":{"desktop":{"background-color":"var(--ast-global-color-5)","background-image":"","background-repeat":"repeat","background-position":"center center","background-size":"auto","background-attachment":"scroll","background-type":"","background-media":"","overlay-type":"","overlay-color":"","overlay-opacity":"","overlay-gradient":""},"tablet":{"background-color":"var(--ast-global-color-5)","background-image":"","background-repeat":"repeat","background-position":"center center","background-size":"auto","background-attachment":"scroll","background-type":"","background-media":"","overlay-type":"","overlay-color":"","overlay-opacity":"","overlay-gradient":""},"mobile":{"background-color":"var(--ast-global-color-5)","background-image":"","background-repeat":"repeat","background-position":"center center","background-size":"auto","background-attachment":"scroll","background-type":"","background-media":"","overlay-type":"","overlay-color":"","overlay-opacity":"","overlay-gradient":""}},"_joinchat":{"telephone":"+861776015835"}},"product_brand":[],"product_cat":[19,72,149,150,153,58,144],"product_tag":[85,83,478,84,86,88,78,87],"class_list":{"0":"post-2960","1":"product","2":"type-product","3":"status-publish","4":"has-post-thumbnail","6":"product_cat-vapes","7":"product_cat-12000-puff","8":"product_cat-buy-disposable-vapes-in-austria","9":"product_cat-buy-disposable-vapes-in-belgium","10":"product_cat-buy-disposable-vapes-in-italy","11":"product_cat-fumot-vape","12":"product_cat-low-nicotine-disposable-vapes","13":"product_tag-fumot-12k","14":"product_tag-fumot-vape","15":"product_tag-monkey-vape","16":"product_tag-randm-12000","17":"product_tag-randm-12k","18":"product_tag-randm-digital-12000","19":"product_tag-randm-vape","20":"product_tag-randm-vape-12000","21":"desktop-align-left","22":"tablet-align-left","23":"mobile-align-left","25":"first","26":"instock","27":"sale","28":"shipping-taxable","29":"purchasable","30":"product-type-simple"},"acf":[],"uagb_featured_image_src":{"full":["https:\/\/vapestornado.com\/wp-content\/uploads\/2024\/12\/Randm-12k-Disposable-Vape.jpg",1126,1126,false],"thumbnail":["https:\/\/vapestornado.com\/wp-content\/uploads\/2024\/12\/Randm-12k-Disposable-Vape-150x150.jpg",150,150,true],"medium":["https:\/\/vapestornado.com\/wp-content\/uploads\/2024\/12\/Randm-12k-Disposable-Vape-300x300.jpg",300,300,true],"medium_large":["https:\/\/vapestornado.com\/wp-content\/uploads\/2024\/12\/Randm-12k-Disposable-Vape-768x768.jpg",768,768,true],"large":["https:\/\/vapestornado.com\/wp-content\/uploads\/2024\/12\/Randm-12k-Disposable-Vape-1024x1024.jpg",1024,1024,true],"1536x1536":["https:\/\/vapestornado.com\/wp-content\/uploads\/2024\/12\/Randm-12k-Disposable-Vape.jpg",1126,1126,false],"2048x2048":["https:\/\/vapestornado.com\/wp-content\/uploads\/2024\/12\/Randm-12k-Disposable-Vape.jpg",1126,1126,false],"trp-custom-language-flag":["https:\/\/vapestornado.com\/wp-content\/uploads\/2024\/12\/Randm-12k-Disposable-Vape.jpg",12,12,false],"woocommerce_thumbnail":["https:\/\/vapestornado.com\/wp-content\/uploads\/2024\/12\/Randm-12k-Disposable-Vape-300x300.jpg",300,300,true],"woocommerce_single":["https:\/\/vapestornado.com\/wp-content\/uploads\/2024\/12\/Randm-12k-Disposable-Vape-600x600.jpg",600,600,true],"woocommerce_gallery_thumbnail":["https:\/\/vapestornado.com\/wp-content\/uploads\/2024\/12\/Randm-12k-Disposable-Vape-100x100.jpg",100,100,true]},"uagb_author_info":{"display_name":"ESAMY","author_link":"https:\/\/vapestornado.com\/it\/author\/"},"uagb_comment_info":0,"uagb_excerpt":"Fumot 12000 Puffs Disposable Vape with 20ml Pre-Filled Liquid Fumot RandM 12kPuffs Mesh Coil Draw Disposable Vape with Digital Screen RandM 12000 Puffs Monkey Vape Type-C Rechargeable Add Amy's whatsapp to get right reply and vape vape coupon! WhatsApp: +86 17776015835 &nbsp;","_links":{"self":[{"href":"https:\/\/vapestornado.com\/it\/wp-json\/wp\/v2\/product\/2960","targetHints":{"allow":["GET"]}}],"collection":[{"href":"https:\/\/vapestornado.com\/it\/wp-json\/wp\/v2\/product"}],"about":[{"href":"https:\/\/vapestornado.com\/it\/wp-json\/wp\/v2\/types\/product"}],"replies":[{"embeddable":true,"href":"https:\/\/vapestornado.com\/it\/wp-json\/wp\/v2\/comments?post=2960"}],"wp:featuredmedia":[{"embeddable":true,"href":"https:\/\/vapestornado.com\/it\/wp-json\/wp\/v2\/media\/2952"}],"wp:attachment":[{"href":"https:\/\/vapestornado.com\/it\/wp-json\/wp\/v2\/media?parent=2960"}],"wp:term":[{"taxonomy":"product_brand","embeddable":true,"href":"https:\/\/vapestornado.com\/it\/wp-json\/wp\/v2\/product_brand?post=2960"},{"taxonomy":"product_cat","embeddable":true,"href":"https:\/\/vapestornado.com\/it\/wp-json\/wp\/v2\/product_cat?post=2960"},{"taxonomy":"product_tag","embeddable":true,"href":"https:\/\/vapestornado.com\/it\/wp-json\/wp\/v2\/product_tag?post=2960"}],"curies":[{"name":"wp","href":"https:\/\/api.w.org\/{rel}","templated":true}]}}