{"id":2958,"date":"2024-12-05T08:16:37","date_gmt":"2024-12-05T08:16:37","guid":{"rendered":"https:\/\/vapestornado.com\/?post_type=product&#038;p=2958"},"modified":"2025-08-23T10:27:04","modified_gmt":"2025-08-23T10:27:04","slug":"randm-vape-tornado-15k-puffs-disposable-vapes-wholesale-price-2-5-nicotine","status":"publish","type":"product","link":"https:\/\/vapestornado.com\/it\/product\/randm-vape-tornado-15k-puffs-disposable-vapes-wholesale-price-2-5-nicotine\/","title":{"rendered":"Randm Vape Tornado 15k Puffs Vape Usa e Getta Prezzo All'Ingrosso 2% 5% Nicotina"},"content":{"rendered":"<h1>Sigarette Elettroniche Randm Vape Tornado 15k Puffs Usa e Getta Prezzo all'Ingrosso 2% 5% Nicotina<\/h1>\n<p>&nbsp;<\/p>\n<p data-start=\"206\" data-end=\"513\">La <strong data-start=\"210\" data-end=\"247\">RandM Tornado 15K Vape Monouso<\/strong> \u00e8 costruito per fornire a rivenditori e distributori un'opzione affidabile ad alto volume per i loro scaffali. Ogni unit\u00e0 viene pre-riempita con <strong data-start=\"383\" data-end=\"403\">25 ml di e-liquid<\/strong> ed \u00e8 alimentato da un <strong data-start=\"425\" data-end=\"456\">batteria ricaricabile da 850 mAh<\/strong>, offrendo fino a <strong data-start=\"473\" data-end=\"489\">15.000 puff<\/strong> senza interruzioni.<\/p>\n<p data-start=\"515\" data-end=\"845\">Progettato con un <strong data-start=\"533\" data-end=\"553\">sistema di bobina a mesh<\/strong>, il dispositivo offre una produzione di vapore stabile e un sapore corposo. Gli utenti possono facilmente monitorare le prestazioni attraverso i <strong data-start=\"672\" data-end=\"691\">doppi indicatori<\/strong> sia per la batteria che per i livelli di liquido. Il suo <strong data-start=\"732\" data-end=\"767\">meccanismo di sparo ad attivazione tramite estrazione<\/strong> garantisce un utilizzo semplice e senza pulsanti, rendendolo adatto ai clienti di tutti i giorni.<\/p>\n<p data-start=\"847\" data-end=\"1119\">La <strong data-start=\"851\" data-end=\"875\">ricarica rapida di tipo C<\/strong> la porta riduce i tempi di inattivit\u00e0 tra le sessioni e la leggera <strong data-start=\"936\" data-end=\"950\">struttura da 103 g<\/strong> lo rende facile da trasportare in viaggio. Con <strong data-start=\"990\" data-end=\"1022\">Gradazioni di nicotina 2% e 5%<\/strong>, il <strong data-start=\"1028\" data-end=\"1041\">RandM 15K<\/strong> si adatta sia agli utenti pi\u00f9 leggeri che a coloro che preferiscono un colpo in gola pi\u00f9 forte.<\/p>\n<p data-start=\"1121\" data-end=\"1311\">Progettato pensando alla vendita all'ingrosso, il <strong data-start=\"1158\" data-end=\"1193\">RandM Tornado 15.000 Puff Vape<\/strong> equilibra capacit\u00e0, usabilit\u00e0 e prezzi all'ingrosso competitivi, rendendolo un'aggiunta intelligente agli inventari di vaporizzatori europei.<\/p>\n<p><img fetchpriority=\"high\" decoding=\"async\" class=\"size-medium wp-image-2951\" src=\"https:\/\/vapestornado.com\/wp-content\/uploads\/2024\/12\/Wholesale-Disposable-Vape-265x300.jpg\" alt=\"Vaporizzatore usa e getta all&#039;ingrosso\" width=\"265\" height=\"300\" srcset=\"https:\/\/vapestornado.com\/wp-content\/uploads\/2024\/12\/Wholesale-Disposable-Vape-265x300.jpg 265w, https:\/\/vapestornado.com\/wp-content\/uploads\/2024\/12\/Wholesale-Disposable-Vape-768x871.jpg 768w, https:\/\/vapestornado.com\/wp-content\/uploads\/2024\/12\/Wholesale-Disposable-Vape-600x680.jpg 600w, https:\/\/vapestornado.com\/wp-content\/uploads\/2024\/12\/Wholesale-Disposable-Vape.jpg 823w\" sizes=\"(max-width: 265px) 100vw, 265px\" \/><\/p>\n<h6>Si prega di contattare il WhatsApp di Mandy per il prezzo scontato<a href=\"https:\/\/wa.me\/8618077105796\" target=\"_blank\" rel=\"noopener\">+8618077105796<\/a><\/h6>\n<p>&nbsp;<\/p>\n<h2><strong>RandM Tornado Vape 15000 Puffs \u2013 Punti salienti del prodotto<\/strong><\/h2>\n<ul>\n<li><strong>Utilizzo esteso<\/strong>: Offre ben 15.000 tiri, garantendo prestazioni di lunga durata per gli utenti frequenti.<\/li>\n<li><strong>Indicatori Intelligenti<\/strong>: Dotato di indicatori per il livello della batteria e dell'e-liquid, che forniscono aggiornamenti in tempo reale per evitare interruzioni inaspettate.<\/li>\n<li><strong>Funzionamento Semplice<\/strong>: Attivato da una semplice inalazione, eliminando la necessit\u00e0 di pulsanti e offrendo un'esperienza di svapo senza problemi.<\/li>\n<li><strong>Ricarica Semplificata<\/strong>: Alimentato da una batteria ricaricabile da 850mAh con una porta di ricarica Type-C per una ricarica rapida ed efficiente.<\/li>\n<li><strong>Sistema a Coil Superiore<\/strong>: Dotato di tecnologia avanzata a coil mesh per sapori costanti e ricchi e nuvole di vapore dense.<\/li>\n<li><strong>Pronto per la Vendita all'Ingrosso<\/strong>: L'imballaggio in grandi quantit\u00e0 di 200 unit\u00e0 per cartone \u00e8 adatto a grossisti e distributori al dettaglio.<\/li>\n<li><strong>Struttura Portatile<\/strong>: Con un peso di soli 103g, questo design leggero \u00e8 perfetto per uno stile di vita in movimento.<\/li>\n<\/ul>\n<p>&nbsp;<\/p>\n<h2><strong>Descrizioni Dettagliate degli Aromi del RandM Tornado 15000 Puff<\/strong><\/h2>\n<p>1.Limonata al Lampone Blu<br \/>\n2.Pesca ghiacciata<br \/>\n3.Mela Aspra<br \/>\n4. Ghiaccio all'anguria<br \/>\n5.Mirtillo su ghiaccio<br \/>\n6. Lampone Mirtillo<br \/>\n7.Ananas Ghiacciato<br \/>\n8.Ciliegia<br \/>\n9. Ghiaccio alla fragola<br \/>\n10.Vimto<br \/>\n11.Ghiaccio all'Uva<br \/>\n12.Ghiaccio alla Cola<br \/>\n13. Anguria e Fragola<br \/>\n14.Limonata Rosa<br \/>\n15.Frutti di Bosco Misti<br \/>\n16.Pesca Mango<br \/>\n17.Frutto del Drago<br \/>\n18.Uva e Fragola<br \/>\n19.Mr Blue<br \/>\n20.Ghiaccio lussureggiante<br \/>\n21.Ghiacciolo<br \/>\n22.Fragola Kiwi<br \/>\n23.Kiwi Frutto della Passione Guava<br \/>\n24.Frutti di Bosco<br \/>\n25.Banana Ghiaccio<br \/>\n26.Caramella Pesca Mirtillo<br \/>\n27.Mela Pesca Pera<br \/>\n28.Limonata ai Frutti di Bosco<br \/>\n29.Mirtillo Rosso Ciliegia<br \/>\n30.Gomma da Masticare al Mirtillo<br \/>\n31.Mirtillo Ciliegia Mirtillo Rosso<br \/>\n32.Mirtillo Melograno<br \/>\n33.Lampone aspro blu<br \/>\n34.Cola alla Ciliegia<br \/>\n35.Orsetto Gommoso<br \/>\n36.Limone<br \/>\n37.Mango Ghiacciato<br \/>\n38.Energy Drink Ghiacciato<br \/>\n39.Fragola Banana<br \/>\n40.Fragola Energy Drink<br \/>\n41.Limonata Fragola Anguria<br \/>\n42.T\u00e8 Freddo Limone Ghiacciato<br \/>\n43.T\u00e8 Freddo Pesca Ghiacciato<br \/>\n44.Ciliegia Frizzante<br \/>\n45.Skittles<\/p>\n<h3><strong>Perch\u00e9 scegliere RandM Tornado 15000 Puffs?<\/strong><\/h3>\n<ul>\n<li><strong>Longevit\u00e0 Ineguagliabile<\/strong><br \/>\nGoditi fino a 15.000 tiri per dispositivo, garantendo un uso prolungato senza sostituzioni frequenti: una scelta perfetta per i vaper abituali.<\/li>\n<li><strong>Tecnologia Avanzata<\/strong><br \/>\nGrazie alla tecnologia a bobina mesh, il RandM Tornado offre profili aromatici superiori e dense nuvole di vapore, migliorando la tua esperienza di svapo.<\/li>\n<li><strong>La comodit\u00e0 ridefinita<\/strong><br \/>\nCon un sistema di attivazione automatica, svapare \u00e8 semplice come inalare: nessun pulsante, nessun problema, solo divertimento senza sforzo.<\/li>\n<li><strong>Batteria Ricaricabile<\/strong><br \/>\nLa batteria ricaricabile da 850 mAh, abbinata a una porta di ricarica di tipo C, offre ricariche veloci, tenendoti pronto a svapare in qualsiasi momento.<\/li>\n<li><strong>Monitoraggio in tempo reale<\/strong><br \/>\nDotato di indicatori di batteria e di e-liquid, puoi rimanere informato sullo stato del tuo dispositivo, evitando interruzioni inattese.<\/li>\n<\/ul>\n<h3><strong>Acquistare RandM Tornado 15000 Puffs all'ingrosso<\/strong><\/h3>\n<p><strong>Eccellenza a prezzi accessibili<\/strong><br \/>\nL'acquisto del RandM Tornado 15000 Puffs all'ingrosso \u00e8 un modo conveniente per godere di uno svapo di alta qualit\u00e0 a un prezzo inferiore per unit\u00e0. Questa opzione \u00e8 l'ideale per i rivenditori e gli acquirenti individuali che cercano il massimo valore senza compromettere la qualit\u00e0.<\/p>\n<p><strong>Disponibilit\u00e0 costante<\/strong><br \/>\nAssicurati di non rimanere mai senza il tuo svapo usa e getta preferito con gli acquisti all'ingrosso. Che tu sia un rivenditore o un avido vaper, avere una fornitura costante di questi dispositivi a lunga durata garantisce una soddisfazione ininterrotta.<\/p>\n<p><strong>Perfetto per le aziende<\/strong><br \/>\nI rivenditori e i proprietari di negozi di svapo possono trarre grandi vantaggi dall'avere in stock il RandM Tornado 15000. La sua reputazione di alte prestazioni, funzionalit\u00e0 ricaricabile e impressionante numero di tiri lo rende un prodotto di punta, attirando un'ampia base di clienti.<\/p>\n<p><strong>Selezione di aromi personalizzabile<\/strong><br \/>\nCon una vasta gamma di aromi, da quelli dolci e fruttati a quelli classici e al mentolo, gli ordini all'ingrosso possono essere personalizzati per includere diverse opzioni che soddisfano varie preferenze. Questa flessibilit\u00e0 garantisce che ogni cliente trovi la sua esperienza di svapo ideale.<\/p>\n<h3><\/h3>\n<h3><strong>Perch\u00e9 scegliere gli acquisti all'ingrosso di Randm Vape 15k puff di vapestornado?<\/strong><\/h3>\n<ul>\n<li><strong>Vantaggi all'ingrosso<\/strong>: Gli ordini di grandi dimensioni sono accompagnati da prezzi scontati, il che li rende una scelta intelligente per le aziende.<\/li>\n<li><strong>Design ecologico<\/strong>: La tecnologia ricaricabile riduce gli sprechi rispetto ai dispositivi monouso.<\/li>\n<li><strong>Margini di profitto migliorati<\/strong>: I rivenditori possono capitalizzare sulla popolarit\u00e0 di questo prodotto molto richiesto.<\/li>\n<\/ul>\n<h3><strong>Esplora il mondo di RandM Vape<\/strong><\/h3>\n<p>Immergiti in una vasta selezione di sapori entusiasmanti come <strong>Ghiaccio ai mirtilli<\/strong>, <strong>Pesca al mango<\/strong>, <strong>Menta Fresca<\/strong>, e molti altri. Ogni sapore \u00e8 realizzato per offrire un gusto unico e costante, garantendo che ogni boccata sia deliziosa come la prima.Scopri il massimo della soddisfazione di svapo con RandM Tornado 15000 Puffs. Le opzioni all'ingrosso sono ora disponibili presso <a href=\"https:\/\/vapestornado.com\/it\/\"><strong>vaporizzatore tornado<\/strong><\/a>, il tuo punto di riferimento per vaporizzatori usa e getta di alta qualit\u00e0. Acquista oggi e porta il tuo viaggio nel mondo dello svapo a un livello superiore!<\/p>","protected":false},"excerpt":{"rendered":"<p>La <strong data-start=\"1355\" data-end=\"1381\">Vape RandM Tornado 15K<\/strong> offre una capacit\u00e0 di 25 ml, 15.000 puff e doppi indicatori. Un'opzione leggera e ricaricabile su misura per <strong data-start=\"1487\" data-end=\"1523\">mercati all'ingrosso di vape in Europa<\/strong>.<\/p>\n<figure id=\"attachment_2951\" aria-describedby=\"caption-attachment-2951\" style=\"width: 265px\" class=\"wp-caption alignnone\"><img fetchpriority=\"high\" decoding=\"async\" class=\"size-medium wp-image-2951\" src=\"https:\/\/vapestornado.com\/wp-content\/uploads\/2024\/12\/Wholesale-Disposable-Vape-265x300.jpg\" alt=\"Vaporizzatore usa e getta all&#039;ingrosso\" width=\"265\" height=\"300\" srcset=\"https:\/\/vapestornado.com\/wp-content\/uploads\/2024\/12\/Wholesale-Disposable-Vape-265x300.jpg 265w, https:\/\/vapestornado.com\/wp-content\/uploads\/2024\/12\/Wholesale-Disposable-Vape-768x871.jpg 768w, https:\/\/vapestornado.com\/wp-content\/uploads\/2024\/12\/Wholesale-Disposable-Vape-600x680.jpg 600w, https:\/\/vapestornado.com\/wp-content\/uploads\/2024\/12\/Wholesale-Disposable-Vape.jpg 823w\" sizes=\"(max-width: 265px) 100vw, 265px\" \/><figcaption id=\"caption-attachment-2951\" class=\"wp-caption-text\">Si prega di contattare il WhatsApp di Mandy per il prezzo scontato<a href=\"https:\/\/wa.me\/8618077105796\">+8618077105796<\/a><\/figcaption><\/figure>\n<p>&nbsp;<\/p>","protected":false},"featured_media":2933,"comment_status":"open","ping_status":"closed","template":"","meta":{"_acf_changed":false,"_uag_custom_page_level_css":"","_lmt_disableupdate":"no","_lmt_disable":"","_monsterinsights_skip_tracking":false,"_monsterinsights_sitenote_active":false,"_monsterinsights_sitenote_note":"","_monsterinsights_sitenote_category":0,"site-sidebar-layout":"default","site-content-layout":"","ast-site-content-layout":"default","site-content-style":"default","site-sidebar-style":"default","ast-global-header-display":"","ast-banner-title-visibility":"","ast-main-header-display":"","ast-hfb-above-header-display":"","ast-hfb-below-header-display":"","ast-hfb-mobile-header-display":"","site-post-title":"","ast-breadcrumbs-content":"","ast-featured-img":"","footer-sml-layout":"","ast-disable-related-posts":"","theme-transparent-header-meta":"default","adv-header-id-meta":"","stick-header-meta":"","header-above-stick-meta":"","header-main-stick-meta":"","header-below-stick-meta":"","astra-migrate-meta-layouts":"set","ast-page-background-enabled":"default","ast-page-background-meta":{"desktop":{"background-color":"","background-image":"","background-repeat":"repeat","background-position":"center center","background-size":"auto","background-attachment":"scroll","background-type":"","background-media":"","overlay-type":"","overlay-color":"","overlay-opacity":"","overlay-gradient":""},"tablet":{"background-color":"","background-image":"","background-repeat":"repeat","background-position":"center center","background-size":"auto","background-attachment":"scroll","background-type":"","background-media":"","overlay-type":"","overlay-color":"","overlay-opacity":"","overlay-gradient":""},"mobile":{"background-color":"","background-image":"","background-repeat":"repeat","background-position":"center center","background-size":"auto","background-attachment":"scroll","background-type":"","background-media":"","overlay-type":"","overlay-color":"","overlay-opacity":"","overlay-gradient":""}},"ast-content-background-meta":{"desktop":{"background-color":"var(--ast-global-color-5)","background-image":"","background-repeat":"repeat","background-position":"center center","background-size":"auto","background-attachment":"scroll","background-type":"","background-media":"","overlay-type":"","overlay-color":"","overlay-opacity":"","overlay-gradient":""},"tablet":{"background-color":"var(--ast-global-color-5)","background-image":"","background-repeat":"repeat","background-position":"center center","background-size":"auto","background-attachment":"scroll","background-type":"","background-media":"","overlay-type":"","overlay-color":"","overlay-opacity":"","overlay-gradient":""},"mobile":{"background-color":"var(--ast-global-color-5)","background-image":"","background-repeat":"repeat","background-position":"center center","background-size":"auto","background-attachment":"scroll","background-type":"","background-media":"","overlay-type":"","overlay-color":"","overlay-opacity":"","overlay-gradient":""}},"_joinchat":{"telephone":"+8618077105796"}},"product_brand":[],"product_cat":[71,154,157,58,148],"product_tag":[97,80],"class_list":{"0":"post-2958","1":"product","2":"type-product","3":"status-publish","4":"has-post-thumbnail","6":"product_cat-15000-puff","7":"product_cat-buy-disposable-vapes-in-netherlands","8":"product_cat-buy-disposable-vapes-in-portugal","9":"product_cat-fumot-vape","10":"product_cat-tornado-disposable-vapes","11":"product_tag-hot-sale-disposable-vape","12":"product_tag-randm-15k","13":"desktop-align-left","14":"tablet-align-left","15":"mobile-align-left","17":"first","18":"instock","19":"sale","20":"shipping-taxable","21":"purchasable","22":"product-type-simple"},"acf":[],"uagb_featured_image_src":{"full":["https:\/\/vapestornado.com\/wp-content\/uploads\/2024\/12\/Discount-Price-Randm-Vape-Tornado-15000-Puffs-Apple-Peach-Pear.jpg",800,800,false],"thumbnail":["https:\/\/vapestornado.com\/wp-content\/uploads\/2024\/12\/Discount-Price-Randm-Vape-Tornado-15000-Puffs-Apple-Peach-Pear-150x150.jpg",150,150,true],"medium":["https:\/\/vapestornado.com\/wp-content\/uploads\/2024\/12\/Discount-Price-Randm-Vape-Tornado-15000-Puffs-Apple-Peach-Pear-300x300.jpg",300,300,true],"medium_large":["https:\/\/vapestornado.com\/wp-content\/uploads\/2024\/12\/Discount-Price-Randm-Vape-Tornado-15000-Puffs-Apple-Peach-Pear-768x768.jpg",768,768,true],"large":["https:\/\/vapestornado.com\/wp-content\/uploads\/2024\/12\/Discount-Price-Randm-Vape-Tornado-15000-Puffs-Apple-Peach-Pear.jpg",800,800,false],"1536x1536":["https:\/\/vapestornado.com\/wp-content\/uploads\/2024\/12\/Discount-Price-Randm-Vape-Tornado-15000-Puffs-Apple-Peach-Pear.jpg",800,800,false],"2048x2048":["https:\/\/vapestornado.com\/wp-content\/uploads\/2024\/12\/Discount-Price-Randm-Vape-Tornado-15000-Puffs-Apple-Peach-Pear.jpg",800,800,false],"trp-custom-language-flag":["https:\/\/vapestornado.com\/wp-content\/uploads\/2024\/12\/Discount-Price-Randm-Vape-Tornado-15000-Puffs-Apple-Peach-Pear.jpg",12,12,false],"woocommerce_thumbnail":["https:\/\/vapestornado.com\/wp-content\/uploads\/2024\/12\/Discount-Price-Randm-Vape-Tornado-15000-Puffs-Apple-Peach-Pear-300x300.jpg",300,300,true],"woocommerce_single":["https:\/\/vapestornado.com\/wp-content\/uploads\/2024\/12\/Discount-Price-Randm-Vape-Tornado-15000-Puffs-Apple-Peach-Pear-600x600.jpg",600,600,true],"woocommerce_gallery_thumbnail":["https:\/\/vapestornado.com\/wp-content\/uploads\/2024\/12\/Discount-Price-Randm-Vape-Tornado-15000-Puffs-Apple-Peach-Pear-100x100.jpg",100,100,true]},"uagb_author_info":{"display_name":"ESMANDY","author_link":"https:\/\/vapestornado.com\/it\/author\/"},"uagb_comment_info":0,"uagb_excerpt":"The RandM Tornado 15K Vape offers 25ml capacity, 15,000 puffs, and dual indicators. A lightweight, rechargeable option tailored for wholesale vape markets in Europe. [caption id=\"attachment_2951\" align=\"alignnone\" width=\"265\"] Pls Contact Mandy's WhatsApp For Discount Price+8618077105796[\/caption] &nbsp;","_links":{"self":[{"href":"https:\/\/vapestornado.com\/it\/wp-json\/wp\/v2\/product\/2958","targetHints":{"allow":["GET"]}}],"collection":[{"href":"https:\/\/vapestornado.com\/it\/wp-json\/wp\/v2\/product"}],"about":[{"href":"https:\/\/vapestornado.com\/it\/wp-json\/wp\/v2\/types\/product"}],"replies":[{"embeddable":true,"href":"https:\/\/vapestornado.com\/it\/wp-json\/wp\/v2\/comments?post=2958"}],"wp:featuredmedia":[{"embeddable":true,"href":"https:\/\/vapestornado.com\/it\/wp-json\/wp\/v2\/media\/2933"}],"wp:attachment":[{"href":"https:\/\/vapestornado.com\/it\/wp-json\/wp\/v2\/media?parent=2958"}],"wp:term":[{"taxonomy":"product_brand","embeddable":true,"href":"https:\/\/vapestornado.com\/it\/wp-json\/wp\/v2\/product_brand?post=2958"},{"taxonomy":"product_cat","embeddable":true,"href":"https:\/\/vapestornado.com\/it\/wp-json\/wp\/v2\/product_cat?post=2958"},{"taxonomy":"product_tag","embeddable":true,"href":"https:\/\/vapestornado.com\/it\/wp-json\/wp\/v2\/product_tag?post=2958"}],"curies":[{"name":"wp","href":"https:\/\/api.w.org\/{rel}","templated":true}]}}