{"id":2926,"date":"2024-12-03T08:03:07","date_gmt":"2024-12-03T08:03:07","guid":{"rendered":"https:\/\/vapestornado.com\/?post_type=product&#038;p=2926"},"modified":"2025-08-23T10:05:34","modified_gmt":"2025-08-23T10:05:34","slug":"fumot-digital-box-12000-puffs-cheap-price-disposable-vape","status":"publish","type":"product","link":"https:\/\/vapestornado.com\/it\/product\/fumot-digital-box-12000-puffs-cheap-price-disposable-vape\/","title":{"rendered":"Fumot Digital Box 12000 Tiri Sigaretta Elettronica Monouso Prezzo Economico"},"content":{"rendered":"<h1>Fumot Digital Box 12000 Tiri Sigaretta Elettronica Monouso Prezzo Economico<\/h1>\n<p>&nbsp;<\/p>\n<p data-start=\"298\" data-end=\"609\">La <strong data-start=\"302\" data-end=\"351\">Fumot Digital Box 12000 Puff Vape Monouso<\/strong> offre prestazioni di lunga durata e un forte appeal all'ingrosso. Con un <strong data-start=\"420\" data-end=\"453\">serbatoio di e-liquid pre-riempito da 20 ml<\/strong> e fino a <strong data-start=\"464\" data-end=\"491\">12.000 puff per dispositivo<\/strong>, offre un uso prolungato e un sapore costante, rendendolo una scelta interessante sia per i rivenditori che per gli acquirenti all'ingrosso.<\/p>\n<p data-start=\"611\" data-end=\"868\">Alimentato da una <strong data-start=\"624\" data-end=\"655\">batteria ricaricabile da 550 mAh<\/strong> con <strong data-start=\"661\" data-end=\"685\">ricarica rapida di tipo C<\/strong>, questo vaporizzatore riduce al minimo i tempi di inattivit\u00e0 offrendo al contempo prestazioni affidabili. Il suo <strong data-start=\"759\" data-end=\"789\">controllo del flusso d'aria regolabile<\/strong> consente ai clienti di personalizzare l'emissione di vapore, attirando un'ampia gamma di utenti.<\/p>\n<p data-start=\"870\" data-end=\"1111\">Una caratteristica unica del <strong data-start=\"894\" data-end=\"919\">Fumot 12K Scatola Digitale<\/strong> \u00e8 il <strong data-start=\"927\" data-end=\"943\">6 luci RGB<\/strong>, che si attivano durante l'uso per aggiungere appeal visivo, popolare tra i consumatori europei pi\u00f9 giovani. Compatto, resistente e facile da trasportare, \u00e8 adatto sia per l'uso quotidiano che sociale.<\/p>\n<p data-start=\"1113\" data-end=\"1315\">Con il suo equilibrio tra elevata capacit\u00e0 di puff, funzionalit\u00e0 personalizzabili e <strong data-start=\"1180\" data-end=\"1213\">prezzi all'ingrosso competitivi<\/strong>, il <strong data-start=\"1219\" data-end=\"1246\">Fumot Scatola Digitale 12000<\/strong> \u00e8 un'aggiunta intelligente per negozi di vaporizzatori e distributori in tutta Europa.<\/p>\n<p><img fetchpriority=\"high\" decoding=\"async\" class=\"size-medium wp-image-2951\" src=\"https:\/\/vapestornado.com\/wp-content\/uploads\/2024\/12\/Wholesale-Disposable-Vape-265x300.jpg\" alt=\"Vaporizzatore usa e getta all&#039;ingrosso\" width=\"265\" height=\"300\" srcset=\"https:\/\/vapestornado.com\/wp-content\/uploads\/2024\/12\/Wholesale-Disposable-Vape-265x300.jpg 265w, https:\/\/vapestornado.com\/wp-content\/uploads\/2024\/12\/Wholesale-Disposable-Vape-768x871.jpg 768w, https:\/\/vapestornado.com\/wp-content\/uploads\/2024\/12\/Wholesale-Disposable-Vape-600x680.jpg 600w, https:\/\/vapestornado.com\/wp-content\/uploads\/2024\/12\/Wholesale-Disposable-Vape.jpg 823w\" sizes=\"(max-width: 265px) 100vw, 265px\" \/><\/p>\n<h6>Si prega di contattare il WhatsApp di Mandy per il prezzo scontato<a href=\"https:\/\/wa.me\/8618077105796\" target=\"_blank\" rel=\"noopener\">+8618077105796<\/a><\/h6>\n<p>&nbsp;<\/p>\n<h3>Caratteristiche del prodotto<\/h3>\n<ul>\n<li><strong>20 ml di e-liquid<\/strong>: Offre un sapore eccezionale e fino a 12.000 puff.<\/li>\n<li><strong>batteria ricaricabile da 550 mAh<\/strong>: Assicura una potenza di lunga durata con una ricarica rapida Type-C.<\/li>\n<li><strong>6 luci RGB<\/strong>: Migliora la tua esperienza di svapo con una luce fresca ed elegante.<\/li>\n<li><strong>Interruttore di controllo del flusso d'aria<\/strong>: Regola l'intensit\u00e0 del vapore in base alle tue preferenze senza sforzo.<\/li>\n<li><strong>Compatto e resistente<\/strong>: Perfetto per l'uso in movimento con un design elegante e di alta gamma.<\/li>\n<\/ul>\n<h4><strong>Fumot 12000 gusti<\/strong><\/h4>\n<p>1 Menta Fresca<br \/>\n2 Ghiaccio all'Anguria<br \/>\n3 Ghiaccio all'Uva<br \/>\n4 Lampone ai Mirtilli<br \/>\n5 Anguria alla Fragola<br \/>\n6 Banana alla Fragola<br \/>\n7 Ghiaccio Lussureggiante<br \/>\n8 Ciliegia<br \/>\n9 Ghiaccio alla Fragola<br \/>\n10 Ghiacciolo<br \/>\n11 Limonata Rosa<br \/>\n12 Mango su Ghiaccio<br \/>\n13 Frutti di Bosco Misti<br \/>\n14 Ciambella alla Fragola<br \/>\n15 Uva alla Fragola<br \/>\n16 Ciliegia Cola<br \/>\n17 Dr. Blue<br \/>\n18 Mirtillo su Ghiaccio<br \/>\n19 Guava, Kiwi e Frutto della Passione<br \/>\n20 Kiwi alla Fragola<br \/>\n21 Mango e Pesca<br \/>\n22 Ghiaccio alla Pesca<br \/>\n23 Ghiaccio alla Mela Rossa<br \/>\n24 Gomma da Masticare al Mirtillo<br \/>\n25 Limonata ai Frutti di Bosco<br \/>\n26 Limonata al lampone blu<br \/>\n27 Lampone acido blu<br \/>\n28 Red Bull alla fragola<br \/>\n29 Esplosione di mela e frutti di bosco<br \/>\n30 Gomma da masticare all'anguria<br \/>\n31 Lampone e anguria<br \/>\n32 Ghiaccio nero<br \/>\n33 Mirtillo, ciliegia e mirtillo rosso<br \/>\n34 Pomp alla fragola (melograno)<br \/>\n35 Vimto<br \/>\n36 Ciliegia e frutti di bosco<br \/>\n37 Limone<br \/>\n38 Bingo Crush<br \/>\n39 Mirtillo e kiwi<br \/>\n40 Mela e cannella<\/p>\n<p>&nbsp;<\/p>\n<h3>Domande frequenti sul vaporizzatore usa e getta Fumot Digital Box 12000 Puffs<\/h3>\n<p><strong>D: I vaporizzatori Fumot sono di alta qualit\u00e0?<\/strong><br \/>\n<strong>A:<\/strong> S\u00ec, i vaporizzatori Fumot sono rinomati per la loro qualit\u00e0 premium e le prestazioni eccezionali. Sono dotati di tecnologia avanzata per offrire un sapore uniforme, un'esperienza di svapo soddisfacente e un numero impressionante di tiri, rendendoli una scelta affidabile per gli appassionati di svapo.<\/p>\n<p><strong>D: Quanto dura un vaporizzatore RandM con 12.000 tiri?<\/strong><br \/>\n<strong>A:<\/strong> La durata dipende dalle abitudini di utilizzo individuali. Per i forti consumatori, pu\u00f2 durare diverse settimane, mentre gli utenti moderati possono trovarlo sufficiente per uno o due mesi. I consumatori leggeri potrebbero potenzialmente godere del loro dispositivo fino a tre mesi, rendendolo ideale per coloro che preferiscono un'opzione di svapo di lunga durata senza sostituzioni frequenti.<\/p>\n<p><strong>D: Qual \u00e8 il prezzo di un vaporizzatore Fumot da 12.000 tiri?<\/strong><br \/>\n<strong>A:<\/strong> Il prezzo per un vaporizzatore da 12.000 tiri varia in base alla marca, alle caratteristiche e al venditore. In genere, varia tra 15 e 30 sterline nel Regno Unito. Sconti stagionali, disponibilit\u00e0 e variazioni del modello possono anche influenzare il costo.<\/p>\n<p><strong>D: Quanta nicotina c'\u00e8 in un vaporizzatore da 12.000 tiri?<\/strong><br \/>\n<strong>A:<\/strong> La Fumot Digital Box offre molteplici opzioni di concentrazione di nicotina, tra cui 0%, 2%, 3% e 5%. Questa variet\u00e0 consente agli utenti di scegliere un livello che si allinei alle loro preferenze e abitudini di svapo.<\/p>\n<p><strong>D: Quanto tempo ci vuole per caricare un vaporizzatore Fumot?<\/strong><br \/>\n<strong>A:<\/strong> Il tempo di ricarica per un vaporizzatore Fumot \u00e8 di circa 1-2 ore, a seconda della capacit\u00e0 della batteria del dispositivo e del tipo di caricabatterie. La funzione di ricarica rapida garantisce tempi di inattivit\u00e0 minimi, in modo che gli utenti possano riprendere a svapare tempestivamente.<\/p>\n<p>&nbsp;<\/p>\n<h3>Motivi per scegliere il prezzo all'ingrosso <a href=\"https:\/\/vapestornado.com\/it\/product\/fumot-digital-box-12000-puffs-cheap-price-disposable-vape\/\">Fumot Scatola Digitale 12000 puff<\/a> Vaporizzatore usa e getta a <a href=\"https:\/\/vapestornado.com\/it\/store\/\">vaporizzatore tornado<\/a><\/h3>\n<ol>\n<li><strong>Alto numero di tiri per la longevit\u00e0<\/strong><br \/>\nCon un'impressionante capacit\u00e0 di 12.000 boccate, questo dispositivo garantisce un uso prolungato, perfetto per chi cerca un vape di lunga durata senza frequenti sostituzioni.<\/li>\n<li><strong>Opzioni di nicotina personalizzabili<\/strong><br \/>\nDisponibile nelle gradazioni di nicotina 0%, 2%, 3% e 5%, la Fumot Digital Box soddisfa una vasta gamma di preferenze, sia che tu stia cercando un'esperienza senza nicotina o pi\u00f9 forte.<\/li>\n<li><strong>Design compatto con funzionalit\u00e0 avanzate<\/strong><br \/>\nIl design elegante e leggero \u00e8 abbinato a funzionalit\u00e0 moderne come il controllo del flusso d'aria e 6 luci RGB, offrendo funzionalit\u00e0 e stile.<\/li>\n<li><strong>Comoda batteria ricaricabile<\/strong><br \/>\nDotato di una batteria ricaricabile da 550 mAh e porta di ricarica Type-C, offre ricariche rapide, riducendo al minimo i tempi di inattivit\u00e0.<\/li>\n<li><strong>Prezzi accessibili<\/strong><br \/>\nOffrendo funzionalit\u00e0 premium a un prezzo competitivo, la Fumot Digital Box offre un valore eccellente per chi cerca una soluzione di svapo ad alte prestazioni e conveniente.<\/li>\n<\/ol>","protected":false},"excerpt":{"rendered":"<p>Scopri offerte imbattibili sul Vape ricaricabile Fumot Digital Box da 12000 puff. Contattaci oggi stesso per assicurarti il tuo sconto speciale!<strong>(MOQ \u00e8 di 50 pezzi)<\/strong><\/p>\n<figure id=\"attachment_2951\" aria-describedby=\"caption-attachment-2951\" style=\"width: 265px\" class=\"wp-caption alignnone\"><img fetchpriority=\"high\" decoding=\"async\" class=\"size-medium wp-image-2951\" src=\"https:\/\/vapestornado.com\/wp-content\/uploads\/2024\/12\/Wholesale-Disposable-Vape-265x300.jpg\" alt=\"Vaporizzatore usa e getta all&#039;ingrosso\" width=\"265\" height=\"300\" srcset=\"https:\/\/vapestornado.com\/wp-content\/uploads\/2024\/12\/Wholesale-Disposable-Vape-265x300.jpg 265w, https:\/\/vapestornado.com\/wp-content\/uploads\/2024\/12\/Wholesale-Disposable-Vape-768x871.jpg 768w, https:\/\/vapestornado.com\/wp-content\/uploads\/2024\/12\/Wholesale-Disposable-Vape-600x680.jpg 600w, https:\/\/vapestornado.com\/wp-content\/uploads\/2024\/12\/Wholesale-Disposable-Vape.jpg 823w\" sizes=\"(max-width: 265px) 100vw, 265px\" \/><figcaption id=\"caption-attachment-2951\" class=\"wp-caption-text\">Si prega di contattare il WhatsApp di Mandy per il prezzo scontato<a href=\"https:\/\/wa.me\/8618077105796\">+8618077105796<\/a><\/figcaption><\/figure>","protected":false},"featured_media":2943,"comment_status":"open","ping_status":"closed","template":"","meta":{"_acf_changed":false,"_uag_custom_page_level_css":"","_lmt_disableupdate":"no","_lmt_disable":"","_monsterinsights_skip_tracking":false,"_monsterinsights_sitenote_active":false,"_monsterinsights_sitenote_note":"","_monsterinsights_sitenote_category":0,"site-sidebar-layout":"default","site-content-layout":"","ast-site-content-layout":"default","site-content-style":"default","site-sidebar-style":"default","ast-global-header-display":"","ast-banner-title-visibility":"","ast-main-header-display":"","ast-hfb-above-header-display":"","ast-hfb-below-header-display":"","ast-hfb-mobile-header-display":"","site-post-title":"","ast-breadcrumbs-content":"","ast-featured-img":"","footer-sml-layout":"","ast-disable-related-posts":"","theme-transparent-header-meta":"default","adv-header-id-meta":"","stick-header-meta":"","header-above-stick-meta":"","header-main-stick-meta":"","header-below-stick-meta":"","astra-migrate-meta-layouts":"set","ast-page-background-enabled":"default","ast-page-background-meta":{"desktop":{"background-color":"","background-image":"","background-repeat":"repeat","background-position":"center center","background-size":"auto","background-attachment":"scroll","background-type":"","background-media":"","overlay-type":"","overlay-color":"","overlay-opacity":"","overlay-gradient":""},"tablet":{"background-color":"","background-image":"","background-repeat":"repeat","background-position":"center center","background-size":"auto","background-attachment":"scroll","background-type":"","background-media":"","overlay-type":"","overlay-color":"","overlay-opacity":"","overlay-gradient":""},"mobile":{"background-color":"","background-image":"","background-repeat":"repeat","background-position":"center center","background-size":"auto","background-attachment":"scroll","background-type":"","background-media":"","overlay-type":"","overlay-color":"","overlay-opacity":"","overlay-gradient":""}},"ast-content-background-meta":{"desktop":{"background-color":"var(--ast-global-color-5)","background-image":"","background-repeat":"repeat","background-position":"center center","background-size":"auto","background-attachment":"scroll","background-type":"","background-media":"","overlay-type":"","overlay-color":"","overlay-opacity":"","overlay-gradient":""},"tablet":{"background-color":"var(--ast-global-color-5)","background-image":"","background-repeat":"repeat","background-position":"center center","background-size":"auto","background-attachment":"scroll","background-type":"","background-media":"","overlay-type":"","overlay-color":"","overlay-opacity":"","overlay-gradient":""},"mobile":{"background-color":"var(--ast-global-color-5)","background-image":"","background-repeat":"repeat","background-position":"center center","background-size":"auto","background-attachment":"scroll","background-type":"","background-media":"","overlay-type":"","overlay-color":"","overlay-opacity":"","overlay-gradient":""}},"_joinchat":{"telephone":"+8618077105796"}},"product_brand":[],"product_cat":[72,154,155,142,58],"product_tag":[82,98],"class_list":{"0":"post-2926","1":"product","2":"type-product","3":"status-publish","4":"has-post-thumbnail","6":"product_cat-12000-puff","7":"product_cat-buy-disposable-vapes-in-netherlands","8":"product_cat-buy-disposable-vapes-in-norway","9":"product_cat-digital-box-disposable-vapes","10":"product_cat-fumot-vape","11":"product_tag-fumot-digital-box-12000-puffs","12":"product_tag-wholesale-price-disposable-vape","13":"desktop-align-left","14":"tablet-align-left","15":"mobile-align-left","17":"first","18":"instock","19":"sale","20":"shipping-taxable","21":"purchasable","22":"product-type-simple"},"acf":[],"uagb_featured_image_src":{"full":["https:\/\/vapestornado.com\/wp-content\/uploads\/2024\/12\/Fumot-Digital-Box-12000-Puffs-Grape-Ice.jpg",800,800,false],"thumbnail":["https:\/\/vapestornado.com\/wp-content\/uploads\/2024\/12\/Fumot-Digital-Box-12000-Puffs-Grape-Ice-150x150.jpg",150,150,true],"medium":["https:\/\/vapestornado.com\/wp-content\/uploads\/2024\/12\/Fumot-Digital-Box-12000-Puffs-Grape-Ice-300x300.jpg",300,300,true],"medium_large":["https:\/\/vapestornado.com\/wp-content\/uploads\/2024\/12\/Fumot-Digital-Box-12000-Puffs-Grape-Ice-768x768.jpg",768,768,true],"large":["https:\/\/vapestornado.com\/wp-content\/uploads\/2024\/12\/Fumot-Digital-Box-12000-Puffs-Grape-Ice.jpg",800,800,false],"1536x1536":["https:\/\/vapestornado.com\/wp-content\/uploads\/2024\/12\/Fumot-Digital-Box-12000-Puffs-Grape-Ice.jpg",800,800,false],"2048x2048":["https:\/\/vapestornado.com\/wp-content\/uploads\/2024\/12\/Fumot-Digital-Box-12000-Puffs-Grape-Ice.jpg",800,800,false],"trp-custom-language-flag":["https:\/\/vapestornado.com\/wp-content\/uploads\/2024\/12\/Fumot-Digital-Box-12000-Puffs-Grape-Ice.jpg",12,12,false],"woocommerce_thumbnail":["https:\/\/vapestornado.com\/wp-content\/uploads\/2024\/12\/Fumot-Digital-Box-12000-Puffs-Grape-Ice-300x300.jpg",300,300,true],"woocommerce_single":["https:\/\/vapestornado.com\/wp-content\/uploads\/2024\/12\/Fumot-Digital-Box-12000-Puffs-Grape-Ice-600x600.jpg",600,600,true],"woocommerce_gallery_thumbnail":["https:\/\/vapestornado.com\/wp-content\/uploads\/2024\/12\/Fumot-Digital-Box-12000-Puffs-Grape-Ice-100x100.jpg",100,100,true]},"uagb_author_info":{"display_name":"ESMANDY","author_link":"https:\/\/vapestornado.com\/it\/author\/"},"uagb_comment_info":0,"uagb_excerpt":"Discover unbeatable deals on the Fumot Digital Box 12000 puff Rechargeable Vape. Reach out today to secure your special discount!(MOQ is 50pcs) [caption id=\"attachment_2951\" align=\"alignnone\" width=\"265\"] Pls Contact Mandy's WhatsApp For Discount Price+8618077105796[\/caption]","_links":{"self":[{"href":"https:\/\/vapestornado.com\/it\/wp-json\/wp\/v2\/product\/2926","targetHints":{"allow":["GET"]}}],"collection":[{"href":"https:\/\/vapestornado.com\/it\/wp-json\/wp\/v2\/product"}],"about":[{"href":"https:\/\/vapestornado.com\/it\/wp-json\/wp\/v2\/types\/product"}],"replies":[{"embeddable":true,"href":"https:\/\/vapestornado.com\/it\/wp-json\/wp\/v2\/comments?post=2926"}],"wp:featuredmedia":[{"embeddable":true,"href":"https:\/\/vapestornado.com\/it\/wp-json\/wp\/v2\/media\/2943"}],"wp:attachment":[{"href":"https:\/\/vapestornado.com\/it\/wp-json\/wp\/v2\/media?parent=2926"}],"wp:term":[{"taxonomy":"product_brand","embeddable":true,"href":"https:\/\/vapestornado.com\/it\/wp-json\/wp\/v2\/product_brand?post=2926"},{"taxonomy":"product_cat","embeddable":true,"href":"https:\/\/vapestornado.com\/it\/wp-json\/wp\/v2\/product_cat?post=2926"},{"taxonomy":"product_tag","embeddable":true,"href":"https:\/\/vapestornado.com\/it\/wp-json\/wp\/v2\/product_tag?post=2926"}],"curies":[{"name":"wp","href":"https:\/\/api.w.org\/{rel}","templated":true}]}}