{"id":2781,"date":"2024-11-12T10:02:57","date_gmt":"2024-11-12T10:02:57","guid":{"rendered":"https:\/\/vapestornado.com\/?page_id=2781"},"modified":"2024-11-12T10:02:58","modified_gmt":"2024-11-12T10:02:58","slug":"age-verification-policy-for-vapestornado","status":"publish","type":"page","link":"https:\/\/vapestornado.com\/it\/age-verification-policy-for-vapestornado\/","title":{"rendered":"Politica di Verifica dell'Et\u00e0 per vapestornado"},"content":{"rendered":"<p>In Vapestornado, ci impegniamo a mantenere un approccio responsabile e legale alla vendita dei nostri prodotti di vaping. Per garantire il rispetto dei requisiti legali e promuovere un vaping responsabile, abbiamo implementato la seguente politica di verifica dell'et\u00e0:<\/p>\n\n\n\n<h3 class=\"wp-block-heading\"><strong>Requisito di et\u00e0 legale per fumare<\/strong><\/h3>\n\n\n\n<p>I clienti devono avere almeno <strong>21 anni<\/strong> (l'et\u00e0 legale per fumare in Italia) per acquistare prodotti di vaping dal nostro sito web, vapestornado.com.<\/p>\n\n\n\n<h3 class=\"wp-block-heading\"><strong>Falsificare l'et\u00e0 \u00e8 illegale<\/strong><\/h3>\n\n\n\n<p>\u00c8 <strong>illegale<\/strong> falsificare la tua et\u00e0 per acquistare i nostri prodotti. La violazione di questa legge pu\u00f2 comportare sanzioni legali, tra cui multe e potenziali accuse penali.<\/p>\n\n\n\n<h3 class=\"wp-block-heading\"><strong>Divieto di acquisto per minori<\/strong><\/h3>\n\n\n\n<p>L'acquisto di prodotti di vaping da vapestornado per <strong>minori<\/strong> \u00e8 severamente vietato. Qualsiasi tentativo di farlo pu\u00f2 comportare conseguenze legali per l'acquirente.<\/p>\n\n\n\n<h3 class=\"wp-block-heading\"><strong>Processo di verifica dell'et\u00e0<\/strong><\/h3>\n\n\n\n<p>Abbiamo un <strong>rigoroso processo di verifica dell'et\u00e0<\/strong> per garantire la conformit\u00e0 ai requisiti di et\u00e0 legale. Per completare la verifica dell'et\u00e0, potrebbe essere richiesto di fornire dettagli personali, tra cui nome, indirizzo, data di nascita e le ultime quattro cifre del codice fiscale. Queste informazioni saranno verificate con i registri pubblici. Se la verifica incrociata non ha successo o se non \u00e8 possibile fornire il proprio codice fiscale, sar\u00e0 necessario caricare un <strong>documento d'identit\u00e0 rilasciato dal governo<\/strong> per la verifica.<\/p>\n\n\n\n<h3 class=\"wp-block-heading\"><strong>Diritto di negare il servizio<\/strong><\/h3>\n\n\n\n<p>Ci riserviamo il diritto di <strong>rifiutare o annullare un ordine<\/strong> se non siamo in grado di verificare la tua et\u00e0 o se non \u00e8 possibile fornire tempestivamente un'identificazione adeguata.<\/p>\n\n\n\n<h3 class=\"wp-block-heading\"><strong>Impegno per la prevenzione giovanile<\/strong><\/h3>\n\n\n\n<p>vapestornado si dedica a prevenire la vendita di prodotti a persone minorenni. Impieghiamo un solido sistema di verifica dell'et\u00e0 per garantire la conformit\u00e0 alle restrizioni di et\u00e0 legali e prevenire l'accesso dei giovani ai prodotti di vaping.<\/p>\n\n\n\n<h3 class=\"wp-block-heading\"><strong>Rifiuto o limitazione del servizio<\/strong><\/h3>\n\n\n\n<p>Ci riserviamo il diritto di <strong>rifiutare il servizio<\/strong> a persone che non soddisfano i requisiti di et\u00e0 o non forniscono una prova sufficiente dell'et\u00e0. Se ritieni che ti sia stato negato il servizio ingiustamente, contatta il nostro team di assistenza clienti per ricevere assistenza.<\/p>\n\n\n\n<h3 class=\"wp-block-heading\"><strong>Avviso sui contenuti del sito<\/strong><\/h3>\n\n\n\n<p>Includiamo un <strong>messaggio di avvertimento<\/strong> sul nostro sito web in merito ai prodotti di sigarette elettroniche, ricordando ai clienti che devono avere almeno <strong>21 anni<\/strong> in Italia per effettuare un acquisto.<\/p>\n\n\n\n<p>In vapestornado, diamo la priorit\u00e0 alla <strong>sicurezza<\/strong> e <strong>benessere<\/strong> dei nostri clienti. Garantendo una rigorosa aderenza ai protocolli di verifica dell'et\u00e0, manteniamo un approccio responsabile e legale alla vendita di sigarette elettroniche. Il nostro impegno a prevenire l'accesso ai minorenni riflette la nostra dedizione alla promozione di una comunit\u00e0 di vaping sana e responsabile.<\/p>\n\n\n\n<p>4o mini<\/p>","protected":false},"excerpt":{"rendered":"<p>In vapestornado, ci impegniamo a mantenere un approccio responsabile e legale alla vendita dei nostri prodotti di vaping. Per garantire di soddisfare i requisiti legali e promuovere il vaping responsabile, abbiamo implementato la seguente politica di verifica dell'et\u00e0: Requisito di et\u00e0 legale per fumare I clienti devono avere almeno 18 anni (l'et\u00e0 legale per fumare in Italia [...])<\/p>","protected":false},"author":1,"featured_media":0,"parent":0,"menu_order":0,"comment_status":"closed","ping_status":"closed","template":"","meta":{"_acf_changed":false,"_uag_custom_page_level_css":"","_lmt_disableupdate":"","_lmt_disable":"","_monsterinsights_skip_tracking":false,"_monsterinsights_sitenote_active":false,"_monsterinsights_sitenote_note":"","_monsterinsights_sitenote_category":0,"site-sidebar-layout":"default","site-content-layout":"","ast-site-content-layout":"default","site-content-style":"default","site-sidebar-style":"default","ast-global-header-display":"","ast-banner-title-visibility":"","ast-main-header-display":"","ast-hfb-above-header-display":"","ast-hfb-below-header-display":"","ast-hfb-mobile-header-display":"","site-post-title":"","ast-breadcrumbs-content":"","ast-featured-img":"","footer-sml-layout":"","ast-disable-related-posts":"","theme-transparent-header-meta":"","adv-header-id-meta":"","stick-header-meta":"","header-above-stick-meta":"","header-main-stick-meta":"","header-below-stick-meta":"","astra-migrate-meta-layouts":"set","ast-page-background-enabled":"default","ast-page-background-meta":{"desktop":{"background-color":"","background-image":"","background-repeat":"repeat","background-position":"center center","background-size":"auto","background-attachment":"scroll","background-type":"","background-media":"","overlay-type":"","overlay-color":"","overlay-opacity":"","overlay-gradient":""},"tablet":{"background-color":"","background-image":"","background-repeat":"repeat","background-position":"center center","background-size":"auto","background-attachment":"scroll","background-type":"","background-media":"","overlay-type":"","overlay-color":"","overlay-opacity":"","overlay-gradient":""},"mobile":{"background-color":"","background-image":"","background-repeat":"repeat","background-position":"center center","background-size":"auto","background-attachment":"scroll","background-type":"","background-media":"","overlay-type":"","overlay-color":"","overlay-opacity":"","overlay-gradient":""}},"ast-content-background-meta":{"desktop":{"background-color":"var(--ast-global-color-5)","background-image":"","background-repeat":"repeat","background-position":"center center","background-size":"auto","background-attachment":"scroll","background-type":"","background-media":"","overlay-type":"","overlay-color":"","overlay-opacity":"","overlay-gradient":""},"tablet":{"background-color":"var(--ast-global-color-5)","background-image":"","background-repeat":"repeat","background-position":"center center","background-size":"auto","background-attachment":"scroll","background-type":"","background-media":"","overlay-type":"","overlay-color":"","overlay-opacity":"","overlay-gradient":""},"mobile":{"background-color":"var(--ast-global-color-5)","background-image":"","background-repeat":"repeat","background-position":"center center","background-size":"auto","background-attachment":"scroll","background-type":"","background-media":"","overlay-type":"","overlay-color":"","overlay-opacity":"","overlay-gradient":""}},"_joinchat":[],"footnotes":""},"class_list":["post-2781","page","type-page","status-publish","hentry"],"acf":[],"uagb_featured_image_src":{"full":false,"thumbnail":false,"medium":false,"medium_large":false,"large":false,"1536x1536":false,"2048x2048":false,"trp-custom-language-flag":false,"woocommerce_thumbnail":false,"woocommerce_single":false,"woocommerce_gallery_thumbnail":false},"uagb_author_info":{"display_name":"yannazhan@gmail.com","author_link":"https:\/\/vapestornado.com\/it\/author\/yannazhangmail-com\/"},"uagb_comment_info":0,"uagb_excerpt":"At vapestornado, we are committed to maintaining a responsible and legal approach to the sale of our vape products. To ensure we meet legal requirements and promote responsible vaping, we have implemented the following age verification policy: Legal Smoking Age Requirement Customers must be at least 21 years old (the legal smoking age in the&hellip;","_links":{"self":[{"href":"https:\/\/vapestornado.com\/it\/wp-json\/wp\/v2\/pages\/2781","targetHints":{"allow":["GET"]}}],"collection":[{"href":"https:\/\/vapestornado.com\/it\/wp-json\/wp\/v2\/pages"}],"about":[{"href":"https:\/\/vapestornado.com\/it\/wp-json\/wp\/v2\/types\/page"}],"author":[{"embeddable":true,"href":"https:\/\/vapestornado.com\/it\/wp-json\/wp\/v2\/users\/1"}],"replies":[{"embeddable":true,"href":"https:\/\/vapestornado.com\/it\/wp-json\/wp\/v2\/comments?post=2781"}],"version-history":[{"count":1,"href":"https:\/\/vapestornado.com\/it\/wp-json\/wp\/v2\/pages\/2781\/revisions"}],"predecessor-version":[{"id":2783,"href":"https:\/\/vapestornado.com\/it\/wp-json\/wp\/v2\/pages\/2781\/revisions\/2783"}],"wp:attachment":[{"href":"https:\/\/vapestornado.com\/it\/wp-json\/wp\/v2\/media?parent=2781"}],"curies":[{"name":"wp","href":"https:\/\/api.w.org\/{rel}","templated":true}]}}