{"id":2776,"date":"2024-11-12T09:55:46","date_gmt":"2024-11-12T09:55:46","guid":{"rendered":"https:\/\/vapestornado.com\/?page_id=2776"},"modified":"2024-11-12T09:55:48","modified_gmt":"2024-11-12T09:55:48","slug":"terms-conditions","status":"publish","type":"page","link":"https:\/\/vapestornado.com\/it\/terms-conditions\/","title":{"rendered":"Termini e Condizioni"},"content":{"rendered":"<p>Benvenuto su vapestornado! Accedendo e utilizzando il nostro sito web, accetti di rispettare i seguenti termini e condizioni, insieme alle leggi applicabili. Se non sei d'accordo con questi termini, ti preghiamo di non utilizzare il nostro sito. Effettuando un acquisto sul nostro sito web, accetti i Termini<\/p>\n\n\n\n<p><strong>Ordini internazionali<\/strong><\/p>\n\n\n\n<p>vapestornado ha sede a Hong Kong e opera a livello globale. I clienti che acquistano da noi e spediscono in paesi al di fuori di Hong Kong saranno considerati clienti internazionali. Assicurati di comprendere le normative del tuo paese in merito al possesso, all'importazione, all'esportazione e all'uso di prodotti vaporizzatori prima di effettuare un acquisto. Ulteriori politiche per paesi specifici sono delineate nelle nostre politiche di spedizione, resi e garanzia.<\/p>\n\n\n\n<p><strong>Copyright<\/strong><\/p>\n\n\n\n<p>Tutti i contenuti di questo sito, inclusi testi, grafica e codice, sono protetti da copyright come opera collettiva ai sensi delle leggi sul copyright. Questa opera collettiva include opere concesse in licenza a vapestornado. Copyright 2022, vapestornado. Tutti i diritti riservati. \u00c8 possibile copiare e stampare elettronicamente porzioni di questo sito al solo scopo di effettuare un ordine con vapestornado o acquistare prodotti vapestornado. Qualsiasi altro uso, inclusi la riproduzione, la distribuzione, la visualizzazione o la trasmissione di contenuti del sito, \u00e8 severamente vietato senza l'espressa autorizzazione di vapestornado Inc.<\/p>\n\n\n\n<p><strong>Marchi<\/strong><\/p>\n\n\n\n<p>Tutti i marchi, i marchi di servizio e i nomi commerciali utilizzati nel sito sono marchi o marchi registrati di vapestornado.<\/p>\n\n\n\n<p><strong>Esclusione di garanzia<\/strong><\/p>\n\n\n\n<p>Il nostro sito e i materiali e i prodotti forniti sono offerti \"cos\u00ec come sono\" senza garanzie di alcun tipo, esplicite o implicite. vapestornado declina tutte le garanzie, incluse la commerciabilit\u00e0, l'idoneit\u00e0 per uno scopo particolare e la non violazione. Non garantiamo che le funzioni del sito saranno ininterrotte o prive di errori, o che eventuali difetti saranno corretti. Inoltre, non garantiamo l'accuratezza, la tempestivit\u00e0 o l'affidabilit\u00e0 dei materiali sul sito.<\/p>\n\n\n\n<p><strong>Limitazione di responsabilit\u00e0<\/strong><\/p>\n\n\n\n<p>vapestornado non sar\u00e0 responsabile per eventuali danni speciali o consequenziali derivanti dall'uso di materiali su questo sito o dalle prestazioni dei prodotti, anche se informata della possibilit\u00e0 di tali danni. Alcune giurisdizioni non consentono limitazioni alle garanzie o esclusioni di responsabilit\u00e0 per danni consequenziali, pertanto queste limitazioni potrebbero non essere applicabili all'utente.<\/p>\n\n\n\n<p><strong>Risoluzione<\/strong><\/p>\n\n\n\n<p>Questi termini e condizioni si applicano all'utente al momento dell'accesso al sito o al completamento di qualsiasi processo di registrazione o acquisto. vapestornado pu\u00f2 risolvere questi termini e condizioni, o qualsiasi parte di essi, senza preavviso in qualsiasi momento, per qualsiasi motivo. Alcune disposizioni, inclusi Copyright, Marchi, Dichiarazione di non responsabilit\u00e0, Limitazione di responsabilit\u00e0, Indennizzo e Varie, sopravvivono alla risoluzione.<\/p>\n\n\n\n<p><strong>Avviso<\/strong><\/p>\n\n\n\n<p>vapestornado pu\u00f2 fornire avvisi all'utente tramite e-mail, un avviso generale sul sito o altri metodi affidabili utilizzando le informazioni di contatto fornite.<\/p>\n\n\n\n<p><strong>Varie<\/strong><\/p>\n\n\n\n<p>L'utilizzo di questo sito \u00e8 regolato dalle leggi di Hong Kong, senza riguardo alle disposizioni sul conflitto di leggi. Eventuali procedimenti legali relativi a questo sito devono essere svolti nei tribunali di Hong Kong. Eventuali reclami relativi al sito devono essere presentati entro un anno dall'insorgere del reclamo. La mancata applicazione da parte di vapestornado di qualsiasi disposizione di questi termini non costituisce una rinuncia a tali diritti. vapestornado pu\u00f2 cedere i propri diritti e doveri ai sensi del presente Contratto senza preavviso.<\/p>\n\n\n\n<p><strong>Uso del sito<\/strong><\/p>\n\n\n\n<p>Le molestie in qualsiasi forma sul sito sono vietate. Non \u00e8 possibile caricare contenuti discutibili o sollecitare altri per servizi commerciali. vapestornado si riserva il diritto di bloccare o rimuovere contenuti inappropriati a sua discrezione.<\/p>\n\n\n\n<p><strong>Dichiarazione di non responsabilit\u00e0 sulla partecipazione<\/strong><\/p>\n\n\n\n<p>vapestornado non \u00e8 responsabile per i contenuti generati dagli utenti sul sito. Agiamo come un canale di distribuzione e ci riserviamo il diritto di rimuovere qualsiasi materiale discutibile.<\/p>\n\n\n\n<p><strong>Uso dei prodotti<\/strong><\/p>\n\n\n\n<p>vapestornado non rilascia alcuna dichiarazione in merito all'efficacia dei nostri prodotti per qualsiasi uso specifico. Acquistando i nostri prodotti, accetti di utilizzarli a tuo rischio e pericolo. I prodotti a base di nicotina sono destinati esclusivamente all'uso da parte di adulti. Si prega di consultare un medico prima di utilizzare prodotti a base di nicotina.<\/p>\n\n\n\n<p><strong>Indennizzo<\/strong><\/p>\n\n\n\n<p>Accetti di indennizzare vapestornado e i suoi fornitori di servizi da qualsiasi perdita, spesa, lesione, danno e costo derivante da qualsiasi violazione di questi termini o attivit\u00e0 correlate al tuo account.<\/p>\n\n\n\n<p><strong>Link di terze parti<\/strong><\/p>\n\n\n\n<p>vapestornado pu\u00f2 collegarsi a siti di terze parti per comodit\u00e0 dei visitatori. Non abbiamo alcun controllo su questi siti e non siamo responsabili delle loro pratiche.<\/p>\n\n\n\n<p><strong>Esclusione di responsabilit\u00e0 del prodotto<\/strong><\/p>\n\n\n\n<p>Alcuni prodotti possono avere specifiche esclusioni di responsabilit\u00e0 riguardanti l'idoneit\u00e0 per cambi o rimborsi. Si prega di leggere tutte le esclusioni di responsabilit\u00e0 del prodotto prima dell'acquisto. Accettando i nostri Termini e condizioni al momento del pagamento, confermi di aver letto e compreso tutte le esclusioni di responsabilit\u00e0 del prodotto.<\/p>\n\n\n\n<p>Grazie per aver scelto vapestornado!<\/p>","protected":false},"excerpt":{"rendered":"<p>Welcome to vapestornado! By accessing and using our website, you agree to comply with the following terms and conditions, along with applicable laws. If you do not agree with these terms, please do not use our site. By making a purchase on our website, you agree to the Terms &amp; Conditions below, as well as [&hellip;]<\/p>","protected":false},"author":1,"featured_media":0,"parent":0,"menu_order":0,"comment_status":"closed","ping_status":"closed","template":"","meta":{"_acf_changed":false,"_uag_custom_page_level_css":"","_lmt_disableupdate":"","_lmt_disable":"","_monsterinsights_skip_tracking":false,"_monsterinsights_sitenote_active":false,"_monsterinsights_sitenote_note":"","_monsterinsights_sitenote_category":0,"site-sidebar-layout":"default","site-content-layout":"","ast-site-content-layout":"default","site-content-style":"default","site-sidebar-style":"default","ast-global-header-display":"","ast-banner-title-visibility":"","ast-main-header-display":"","ast-hfb-above-header-display":"","ast-hfb-below-header-display":"","ast-hfb-mobile-header-display":"","site-post-title":"","ast-breadcrumbs-content":"","ast-featured-img":"","footer-sml-layout":"","ast-disable-related-posts":"","theme-transparent-header-meta":"","adv-header-id-meta":"","stick-header-meta":"","header-above-stick-meta":"","header-main-stick-meta":"","header-below-stick-meta":"","astra-migrate-meta-layouts":"set","ast-page-background-enabled":"default","ast-page-background-meta":{"desktop":{"background-color":"","background-image":"","background-repeat":"repeat","background-position":"center center","background-size":"auto","background-attachment":"scroll","background-type":"","background-media":"","overlay-type":"","overlay-color":"","overlay-opacity":"","overlay-gradient":""},"tablet":{"background-color":"","background-image":"","background-repeat":"repeat","background-position":"center center","background-size":"auto","background-attachment":"scroll","background-type":"","background-media":"","overlay-type":"","overlay-color":"","overlay-opacity":"","overlay-gradient":""},"mobile":{"background-color":"","background-image":"","background-repeat":"repeat","background-position":"center center","background-size":"auto","background-attachment":"scroll","background-type":"","background-media":"","overlay-type":"","overlay-color":"","overlay-opacity":"","overlay-gradient":""}},"ast-content-background-meta":{"desktop":{"background-color":"var(--ast-global-color-5)","background-image":"","background-repeat":"repeat","background-position":"center center","background-size":"auto","background-attachment":"scroll","background-type":"","background-media":"","overlay-type":"","overlay-color":"","overlay-opacity":"","overlay-gradient":""},"tablet":{"background-color":"var(--ast-global-color-5)","background-image":"","background-repeat":"repeat","background-position":"center center","background-size":"auto","background-attachment":"scroll","background-type":"","background-media":"","overlay-type":"","overlay-color":"","overlay-opacity":"","overlay-gradient":""},"mobile":{"background-color":"var(--ast-global-color-5)","background-image":"","background-repeat":"repeat","background-position":"center center","background-size":"auto","background-attachment":"scroll","background-type":"","background-media":"","overlay-type":"","overlay-color":"","overlay-opacity":"","overlay-gradient":""}},"_joinchat":[],"footnotes":""},"class_list":["post-2776","page","type-page","status-publish","hentry"],"acf":[],"uagb_featured_image_src":{"full":false,"thumbnail":false,"medium":false,"medium_large":false,"large":false,"1536x1536":false,"2048x2048":false,"trp-custom-language-flag":false,"woocommerce_thumbnail":false,"woocommerce_single":false,"woocommerce_gallery_thumbnail":false},"uagb_author_info":{"display_name":"yannazhan@gmail.com","author_link":"https:\/\/vapestornado.com\/it\/author\/yannazhangmail-com\/"},"uagb_comment_info":0,"uagb_excerpt":"Welcome to vapestornado! By accessing and using our website, you agree to comply with the following terms and conditions, along with applicable laws. If you do not agree with these terms, please do not use our site. By making a purchase on our website, you agree to the Terms &amp; Conditions below, as well as&hellip;","_links":{"self":[{"href":"https:\/\/vapestornado.com\/it\/wp-json\/wp\/v2\/pages\/2776","targetHints":{"allow":["GET"]}}],"collection":[{"href":"https:\/\/vapestornado.com\/it\/wp-json\/wp\/v2\/pages"}],"about":[{"href":"https:\/\/vapestornado.com\/it\/wp-json\/wp\/v2\/types\/page"}],"author":[{"embeddable":true,"href":"https:\/\/vapestornado.com\/it\/wp-json\/wp\/v2\/users\/1"}],"replies":[{"embeddable":true,"href":"https:\/\/vapestornado.com\/it\/wp-json\/wp\/v2\/comments?post=2776"}],"version-history":[{"count":1,"href":"https:\/\/vapestornado.com\/it\/wp-json\/wp\/v2\/pages\/2776\/revisions"}],"predecessor-version":[{"id":2777,"href":"https:\/\/vapestornado.com\/it\/wp-json\/wp\/v2\/pages\/2776\/revisions\/2777"}],"wp:attachment":[{"href":"https:\/\/vapestornado.com\/it\/wp-json\/wp\/v2\/media?parent=2776"}],"curies":[{"name":"wp","href":"https:\/\/api.w.org\/{rel}","templated":true}]}}