{"id":4858,"date":"2026-02-04T08:09:21","date_gmt":"2026-02-04T08:09:21","guid":{"rendered":"https:\/\/vapestornado.com\/?post_type=product&#038;p=4858"},"modified":"2026-02-04T08:17:33","modified_gmt":"2026-02-04T08:17:33","slug":"bang-box-160k-puff-160000-new-long-lasting-disposable-vaper-4-in-1-flavor","status":"publish","type":"product","link":"https:\/\/vapestornado.com\/hu\/product\/bang-box-160k-puff-160000-new-long-lasting-disposable-vaper-4-in-1-flavor\/","title":{"rendered":"BANG BOX 160k Puff 160000 \u00daj Hossz\u00fa \u00c9lettartam\u00fa Egyszer haszn\u00e1latos Vape 4 az 1-ben \u00cdz"},"content":{"rendered":"<h1 data-start=\"0\" data-end=\"87\">BANG BOX 160k Puff 160000 \u00daj Hossz\u00fa \u00c9lettartam\u00fa Egyszer haszn\u00e1latos Vape 4 az 1-ben \u00cdz<\/h1>\n<p data-start=\"246\" data-end=\"609\">A <strong data-start=\"250\" data-end=\"267\">BANG BOX 160k<\/strong> kifejezetten azoknak k\u00e9sz\u00fclt, akik sk\u00e1l\u00e1z\u00e1st, gyorsas\u00e1got \u00e9s egy\u00e9rtelm\u0171 \u00e9rt\u00e9ket keresnek. Val\u00f3di <strong data-start=\"340\" data-end=\"364\">BANG BOX 160000 sz\u00edv\u00e1s<\/strong> kimenettel, ez <strong data-start=\"378\" data-end=\"392\">vaper 160k<\/strong> egy 4\u00d720ml e-juice rendszer \u00e9s egy stabil h\u00e1l\u00f3tek\u0151 seg\u00edts\u00e9g\u00e9vel tartja az \u00edzt k\u00f6vetkezetesen az els\u0151 sz\u00edv\u00e1st\u00f3l az utols\u00f3ig. Ez egy <strong data-start=\"511\" data-end=\"543\">Hossz\u00fa \u00c9lettartam\u00fa Egyszer haszn\u00e1latos Vape<\/strong> magas forgalm\u00fa polcokra tervezett <strong data-start=\"586\" data-end=\"608\">e-cigaretta bolt<\/strong>.<\/p>\n<p data-start=\"611\" data-end=\"1063\">Egy digit\u00e1lis kijelz\u0151 val\u00f3s idej\u0171en mutatja az olaj \u00e9s az akkumul\u00e1tor \u00e1llapot\u00e1t, cs\u00f6kkentve a helytelen haszn\u00e1latot \u00e9s az ut\u00f3lagos probl\u00e9m\u00e1kat. A <strong data-start=\"720\" data-end=\"758\">650mAh Type-C \u00fajrat\u00f6lthet\u0151 akkumul\u00e1tor<\/strong> a folyad\u00e9kmennyis\u00e9ghez van igaz\u00edtva, \u00edgy a felhaszn\u00e1l\u00f3k az olajat an\u00e9lk\u00fcl fogyasztj\u00e1k el, hogy az akkumul\u00e1tor lemer\u00fclne. A <strong data-start=\"840\" data-end=\"868\">4 az 1-ben \u00e1ll\u00edthat\u00f3 \u00edz<\/strong> tervez\u00e9s lehet\u0151v\u00e9 teszi a v\u00e1s\u00e1rl\u00f3k sz\u00e1m\u00e1ra, hogy ig\u00e9ny szerint v\u00e1ltogass\u00e1k a profilokat, ez\u00e1ltal val\u00f3di <strong data-start=\"937\" data-end=\"970\">\u00edzv\u00e1lt\u00f3 Egyszer haszn\u00e1latos Vape<\/strong> amely ism\u00e9telt v\u00e1s\u00e1rl\u00e1sokat \u00f6szt\u00f6n\u00f6z\u2014mik\u00f6zben megtartja a <strong data-start=\"1016\" data-end=\"1036\">olcs\u00f3 vape \u00e1r<\/strong> el\u0151nyt a nagykeresked\u0151k sz\u00e1m\u00e1ra.<\/p>\n<p data-start=\"1065\" data-end=\"1271\">Ez a modell napi felhaszn\u00e1l\u00f3knak k\u00e9sz\u00fclt 25\u201335 \u00e9ves koroszt\u00e1ly sz\u00e1m\u00e1ra, akik a teljes\u00edtm\u00e9nyt, a tisztas\u00e1got \u00e9s a v\u00e1laszt\u00e9kot \u00e9rt\u00e9kelik. Ha nagy kapacit\u00e1s\u00fa, gyorsan eladhat\u00f3 \u00e9s kevesebb visszat\u00e9r\u00edt\u00e9st hoz\u00f3 egyszer haszn\u00e1latos term\u00e9ket keres, akkor a <strong data-start=\"1240\" data-end=\"1257\">BANG BOX 160k<\/strong> megfelel a feladatnak.<\/p>\n<p data-start=\"1273\" data-end=\"1375\">\u00a0<strong data-start=\"1299\" data-end=\"1375\">Vegye fel vel\u00fcnk a kapcsolatot most a BANG BOX 160k nagy t\u00e9telben t\u00f6rt\u00e9n\u0151 \u00e1rk\u00e9pz\u00e9s\u00e9hez.<\/strong><\/p>\n<p><strong><span style=\"color: #ff0000;\">Adja hozz\u00e1 Amy-t WhatsApp-on, hogy azonnali v\u00e1laszt \u00e9s vape kupont kapjon!<\/span><\/strong><\/p>\n<p><img fetchpriority=\"high\" decoding=\"async\" class=\"size-full wp-image-2932\" src=\"https:\/\/vapestornado.com\/wp-content\/uploads\/2024\/12\/Vape-Wholesale.jpg\" alt=\"Vape nagykereskedelem\" width=\"229\" height=\"300\" \/><\/p>\n<h3><a href=\"https:\/\/wa.me\/8617776015835\" target=\"_blank\" rel=\"noopener\"><span style=\"color: #ff0000;\"><strong>WhatsApp: +86 17776015835<\/strong><\/span><\/a><\/h3>\n<h2><strong>BANG BOX 160k Puffs Kulcsfontoss\u00e1g\u00fa term\u00e9kjellemz\u0151k<\/strong><\/h2>\n<ul>\n<li data-start=\"1429\" data-end=\"1531\">\n<p data-start=\"1431\" data-end=\"1531\"><strong data-start=\"1431\" data-end=\"1455\">160000 Puffs Kimenet:<\/strong> Nagy kapacit\u00e1s\u00fa szerkezet t\u00e1mogatja a hossz\u00fa ciklusokat \u00e9s az er\u0151s kiskereskedelmi megtart\u00e1st.<\/p>\n<\/li>\n<li data-start=\"1532\" data-end=\"1626\">\n<p data-start=\"1534\" data-end=\"1626\"><strong data-start=\"1534\" data-end=\"1560\">4\u00d720ml E-Juice Rendszer:<\/strong> Nagy folyad\u00e9kt\u00f6meg fenntartja az \u00edzm\u00e9lys\u00e9get hosszabb haszn\u00e1lat sor\u00e1n.<\/p>\n<\/li>\n<li data-start=\"1627\" data-end=\"1697\">\n<p data-start=\"1629\" data-end=\"1697\"><strong data-start=\"1629\" data-end=\"1643\">Mesh tekercs:<\/strong> Egys\u00e9ges hev\u00edt\u00e9s tiszta g\u0151zt \u00e9s stabil \u00edzt biztos\u00edt.<\/p>\n<\/li>\n<li data-start=\"1698\" data-end=\"1774\">\n<p data-start=\"1700\" data-end=\"1774\"><strong data-start=\"1700\" data-end=\"1720\">Digit\u00e1lis kijelz\u0151:<\/strong> \u00c1tl\u00e1tsz\u00f3 olaj- \u00e9s akkumul\u00e1tor-indik\u00e1torok cs\u00f6kkentik a felhaszn\u00e1l\u00f3i hib\u00e1t.<\/p>\n<\/li>\n<li data-start=\"1775\" data-end=\"1870\">\n<p data-start=\"1777\" data-end=\"1870\"><strong data-start=\"1777\" data-end=\"1808\">650mAh t\u00edpus-C \u00fajrat\u00f6lthet\u0151:<\/strong> Az energiaell\u00e1t\u00f3 rendszer \u00fagy lett tervezve, hogy befejezze a folyad\u00e9kot, nem pedig kor\u00e1n meghib\u00e1sodjon.<\/p>\n<\/li>\n<li data-start=\"1871\" data-end=\"1957\">\n<p data-start=\"1873\" data-end=\"1957\"><strong data-start=\"1873\" data-end=\"1902\">4 az 1-ben \u00e1ll\u00edthat\u00f3 \u00edz:<\/strong> Egyszer\u0171 v\u00e1lt\u00e1s n\u00f6veli a napi haszn\u00e1latot \u00e9s a polc vonzerej\u00e9t.<\/p>\n<\/li>\n<\/ul>\n<h2 class=\"product-title\"><strong>BANG BOX 160k Puff \u00cdzv\u00e1laszt\u00e9k lista<\/strong><\/h2>\n<h2 data-start=\"1964\" data-end=\"2014\"><\/h2>\n<ol data-start=\"2016\" data-end=\"2780\">\n<li data-start=\"2016\" data-end=\"2093\">\n<p data-start=\"2019\" data-end=\"2093\">Citrom-lime \/ G\u00f6r\u00f6gdinnye j\u00e9g \/ Fekete j\u00e9g s\u00e1rk\u00e1nygy\u00fcm\u00f6lcs eper \/ Szeretet 66<\/p>\n<\/li>\n<li data-start=\"2094\" data-end=\"2171\">\n<p data-start=\"2097\" data-end=\"2171\">Van\u00edlia K\u00f3la \/ Citrom S\u00e1rgabarack \/ Eper M\u00e1lna Cseresznye J\u00e9g \/ Sz\u0151l\u0151 J\u00e9g<\/p>\n<\/li>\n<li data-start=\"2172\" data-end=\"2240\">\n<p data-start=\"2175\" data-end=\"2240\">Sz\u0151l\u0151 J\u00e9g \/ Licsi J\u00e9g \/ S\u00e1rgabarack Bogy\u00f3 \/ Kivi Passi\u00f3gy\u00fcm\u00f6lcs Guava<\/p>\n<\/li>\n<li data-start=\"2241\" data-end=\"2310\">\n<p data-start=\"2244\" data-end=\"2310\">G\u00f6r\u00f6gdinnye J\u00e9g \/ Eper Mang\u00f3 \/ \u00c1fonya J\u00e9g \/ Sz\u00e9nsavas Cseresznye<\/p>\n<\/li>\n<li data-start=\"2311\" data-end=\"2389\">\n<p data-start=\"2314\" data-end=\"2389\">Eper G\u00f6r\u00f6gdinnye \/ Red Bull \/ Juicy S\u00e1rgabarack J\u00e9g \/ Grapefruit Friss\u00edt\u0151<\/p>\n<\/li>\n<li data-start=\"2390\" data-end=\"2459\">\n<p data-start=\"2393\" data-end=\"2459\">Citrom-lime \/ Eper J\u00e9g \/ M\u00e1lna G\u00f6r\u00f6gdinnye \/ Mang\u00f3 S\u00e1rgabarack<\/p>\n<\/li>\n<li data-start=\"2460\" data-end=\"2537\">\n<p data-start=\"2463\" data-end=\"2537\">Savany\u00fa Mang\u00f3 Anan\u00e1sz \/ Citrom K\u00f3la Sz\u00e9nsav \/ S\u00e1rgabarack Bogy\u00f3 \/ Eper Ban\u00e1n<\/p>\n<\/li>\n<li data-start=\"2538\" data-end=\"2619\">\n<p data-start=\"2541\" data-end=\"2619\">Eper Mang\u00f3 \/ Eper Van\u00edlia Cola \/ K\u00e9k Razz J\u00e9g \/ Eper Kivi<\/p>\n<\/li>\n<li data-start=\"2620\" data-end=\"2699\">\n<p data-start=\"2623\" data-end=\"2699\">Cseresznye \u00c1fonya \/ Triple Berry \/ Eper Pitaya \/ G\u00f6r\u00f6gdinnye Bubor\u00e9kgumi<\/p>\n<\/li>\n<li data-start=\"2700\" data-end=\"2780\">\n<p data-start=\"2704\" data-end=\"2780\">Eper G\u00f6r\u00f6gdinnye \/ R\u00f3zsasz\u00edn Limon\u00e1d\u00e9 \/ Triple M\u00e9zeskal\u00e1cs \/ Fekete S\u00e1rk\u00e1ny J\u00e9g<\/p>\n<\/li>\n<\/ol>\n<figure id=\"attachment_4853\" aria-describedby=\"caption-attachment-4853\" style=\"width: 300px\" class=\"wp-caption alignnone\"><img decoding=\"async\" class=\"size-medium wp-image-4853\" src=\"https:\/\/vapestornado.com\/wp-content\/uploads\/2026\/02\/Bang-Box-160K-Puffs-4-Flavor-Disposable-Vape-Wholesale-300x300.png\" alt=\"Bang Box 160K Puffs 4 \u00cdz\u0171 Egyszer haszn\u00e1latos Vape Nagykereskedelem\" width=\"300\" height=\"300\" srcset=\"https:\/\/vapestornado.com\/wp-content\/uploads\/2026\/02\/Bang-Box-160K-Puffs-4-Flavor-Disposable-Vape-Wholesale-300x300.png 300w, https:\/\/vapestornado.com\/wp-content\/uploads\/2026\/02\/Bang-Box-160K-Puffs-4-Flavor-Disposable-Vape-Wholesale-150x150.png 150w, https:\/\/vapestornado.com\/wp-content\/uploads\/2026\/02\/Bang-Box-160K-Puffs-4-Flavor-Disposable-Vape-Wholesale-768x768.png 768w, https:\/\/vapestornado.com\/wp-content\/uploads\/2026\/02\/Bang-Box-160K-Puffs-4-Flavor-Disposable-Vape-Wholesale-12x12.png 12w, https:\/\/vapestornado.com\/wp-content\/uploads\/2026\/02\/Bang-Box-160K-Puffs-4-Flavor-Disposable-Vape-Wholesale-600x600.png 600w, https:\/\/vapestornado.com\/wp-content\/uploads\/2026\/02\/Bang-Box-160K-Puffs-4-Flavor-Disposable-Vape-Wholesale-100x100.png 100w, https:\/\/vapestornado.com\/wp-content\/uploads\/2026\/02\/Bang-Box-160K-Puffs-4-Flavor-Disposable-Vape-Wholesale.png 800w\" sizes=\"(max-width: 300px) 100vw, 300px\" \/><figcaption id=\"caption-attachment-4853\" class=\"wp-caption-text\">Bang Box 160K Puffs 4 \u00cdz\u0171 Egyszer haszn\u00e1latos Vape Nagykereskedelem<\/figcaption><\/figure>\n<figure id=\"attachment_4854\" aria-describedby=\"caption-attachment-4854\" style=\"width: 300px\" class=\"wp-caption alignnone\"><img decoding=\"async\" class=\"size-medium wp-image-4854\" src=\"https:\/\/vapestornado.com\/wp-content\/uploads\/2026\/02\/Bang-Box-160K-Puffs-4-in-1-Disposable-Vape-Packing-300x300.png\" alt=\"Bang Box 160K Puffs 4 az 1-ben Egyszer haszn\u00e1latos Vape Csomagol\u00e1s\" width=\"300\" height=\"300\" srcset=\"https:\/\/vapestornado.com\/wp-content\/uploads\/2026\/02\/Bang-Box-160K-Puffs-4-in-1-Disposable-Vape-Packing-300x300.png 300w, https:\/\/vapestornado.com\/wp-content\/uploads\/2026\/02\/Bang-Box-160K-Puffs-4-in-1-Disposable-Vape-Packing-150x150.png 150w, https:\/\/vapestornado.com\/wp-content\/uploads\/2026\/02\/Bang-Box-160K-Puffs-4-in-1-Disposable-Vape-Packing-768x768.png 768w, https:\/\/vapestornado.com\/wp-content\/uploads\/2026\/02\/Bang-Box-160K-Puffs-4-in-1-Disposable-Vape-Packing-12x12.png 12w, https:\/\/vapestornado.com\/wp-content\/uploads\/2026\/02\/Bang-Box-160K-Puffs-4-in-1-Disposable-Vape-Packing-600x600.png 600w, https:\/\/vapestornado.com\/wp-content\/uploads\/2026\/02\/Bang-Box-160K-Puffs-4-in-1-Disposable-Vape-Packing-100x100.png 100w, https:\/\/vapestornado.com\/wp-content\/uploads\/2026\/02\/Bang-Box-160K-Puffs-4-in-1-Disposable-Vape-Packing.png 800w\" sizes=\"(max-width: 300px) 100vw, 300px\" \/><figcaption id=\"caption-attachment-4854\" class=\"wp-caption-text\">Bang Box 160K Puffs 4 az 1-ben Egyszer haszn\u00e1latos Vape Csomagol\u00e1s<\/figcaption><\/figure>\n<h2 data-start=\"2787\" data-end=\"2826\">Mi\u00e9rt v\u00e1lasztj\u00e1k a nagykeresked\u0151k a BANG BOX 160k-t?<\/h2>\n<ul data-start=\"2828\" data-end=\"3057\">\n<li data-start=\"2828\" data-end=\"2882\">\n<p data-start=\"2830\" data-end=\"2882\">Kevesebb csere a val\u00f3di hossz\u00fa \u00e9lettartam\u00fa kialak\u00edt\u00e1snak k\u00f6sz\u00f6nhet\u0151en<\/p>\n<\/li>\n<li data-start=\"2883\" data-end=\"2940\">\n<p data-start=\"2885\" data-end=\"2940\">Magasabb konverzi\u00f3 \u00edzv\u00e1lt\u00e1ssal egy k\u00e9sz\u00fcl\u00e9kben<\/p>\n<\/li>\n<li data-start=\"2941\" data-end=\"3002\">\n<p data-start=\"2943\" data-end=\"3002\">Alacsonyabb ut\u00f3elad\u00e1si kock\u00e1zat l\u00e1that\u00f3 olaj- \u00e9s akkumul\u00e1tor szintekkel<\/p>\n<\/li>\n<li data-start=\"3003\" data-end=\"3057\">\n<p data-start=\"3005\" data-end=\"3057\">Er\u0151s \u00e1rr\u00e9st\u00e1mogat\u00e1s versenyk\u00e9pes egys\u00e9gk\u00f6lts\u00e9ggel<\/p>\n<\/li>\n<\/ul>\n<div class=\"flex-shrink-0 flex flex-col relative items-end\">\n<div class=\"pt-0\">\n<div class=\"gizmo-bot-avatar flex h-8 w-8 items-center justify-center overflow-hidden rounded-full\">\n<div class=\"relative p-1 rounded-sm flex items-center justify-center bg-token-main-surface-primary text-token-text-primary h-8 w-8\">\n<h2 data-start=\"1200\" data-end=\"1487\">Vapes Tornado \u2013 Az \u00d6n Nagykereskedelmi Online P\u00e1rologtat\u00f3 Boltja a N\u00e9pszer\u0171 Vape-ekhez<\/h2>\n<p data-start=\"72\" data-end=\"396\"><strong data-start=\"72\" data-end=\"89\">Vapes Tornado<\/strong> egy Eur\u00f3p\u00e1ra f\u00f3kusz\u00e1l\u00f3 nagykereskedelmi online p\u00e1rologtat\u00f3 bolt, amely gondosan v\u00e1logatott k\u00edn\u00e1latot biztos\u00edt <strong data-start=\"178\" data-end=\"195\">n\u00e9pszer\u0171 vape-ekb\u0151l<\/strong> professzion\u00e1lis v\u00e1s\u00e1rl\u00f3k sz\u00e1m\u00e1ra. Olyan kiskeresked\u0151kkel, forgalmaz\u00f3kkal \u00e9s online \u00e1ruh\u00e1zakkal dolgozunk az EU-ban, akik stabil ell\u00e1t\u00e1st, vil\u00e1gos term\u00e9kinform\u00e1ci\u00f3kat \u00e9s olyan m\u00e1rk\u00e1kat keresnek, amelyeket a v\u00e1s\u00e1rl\u00f3k m\u00e1r ismernek \u00e9s megb\u00edznak benn\u00fck.<\/p>\n<p data-start=\"398\" data-end=\"687\">Biztos partnerekkel dolgozunk, mint p\u00e9ld\u00e1ul <strong data-start=\"247\" data-end=\"352\"><a href=\"https:\/\/vapestornado.com\/hu\/product\/randm-12000-puffs-fumot-digital-disposable-vape-wholesale-price\/\">Fumot VAPE<\/a>, <a href=\"https:\/\/vapestornado.com\/hu\/product\/original-wga-ultra-35k-35000-puff-rechargeable-crystal-disposable-nicotine-vape-best-discount-price\/\">WGA VAPE<\/a>, <a href=\"https:\/\/vapestornado.com\/hu\/product\/vozol-gear-shisha-25k-25000-puffs-best-dtl-disposable-vape-hookah-cheap-price\/\">VOZOL BAR VAPE<\/a>, <\/strong><strong data-start=\"247\" data-end=\"352\">Elf Bar Vape, WASPE Vape, <a href=\"https:\/\/vapestornado.com\/hu\/product\/uzy-150k-puffs-6-in-1-flavor-switch-disposable-vape-pen-wholesale\/\">UZY Vape<\/a>, Bang Vape, Razz Bar Vape, \u00e9s Stag Bar Vape<\/strong>, melyeket a folyamatos min\u0151s\u00e9g \u00e9s a nagy kereslet miatt v\u00e1lasztottak az eur\u00f3pai piacon.<\/p>\n<h4 data-start=\"1080\" data-end=\"1120\">\u00c9p\u00edtve eur\u00f3pai vaperek sz\u00e1m\u00e1ra Nagykereskedelem<\/h4>\n<p data-start=\"1121\" data-end=\"1189\">A Vapes Tornado az EU nagykeresked\u0151k val\u00f3di ig\u00e9nyei k\u00f6r\u00e9 \u00e9p\u00fclt:<\/p>\n<ul data-start=\"1190\" data-end=\"1400\">\n<li data-start=\"1190\" data-end=\"1239\">\n<p data-start=\"1192\" data-end=\"1239\">Versenyk\u00e9pes nagykereskedelmi \u00e1rak t\u00e9teles megrendel\u00e9sekhez<\/p>\n<\/li>\n<li data-start=\"1240\" data-end=\"1289\">\n<p data-start=\"1242\" data-end=\"1289\">\u00c1tl\u00e1that\u00f3 term\u00e9kle\u00edr\u00e1sok \u00e9s specifik\u00e1ci\u00f3k<\/p>\n<\/li>\n<li data-start=\"1290\" data-end=\"1330\">\n<p data-start=\"1292\" data-end=\"1330\">Gyors, megb\u00edzhat\u00f3 EU-orient\u00e1lt logisztika<\/p>\n<\/li>\n<li data-start=\"1331\" data-end=\"1400\">\n<p data-start=\"1333\" data-end=\"1400\">Egy katal\u00f3gus, amely a <strong data-start=\"1356\" data-end=\"1373\">n\u00e9pszer\u0171 vape-ekb\u0151l<\/strong>, nem t\u00falzs\u00fafolt SKUs-ra f\u00f3kusz\u00e1l<\/p>\n<\/li>\n<\/ul>\n<h2 data-start=\"2064\" data-end=\"2115\">Gyakran Ism\u00e9telt K\u00e9rd\u00e9sek a BANG BOX 160k Egyszer haszn\u00e1latos Vape-r\u0151l<\/h2>\n<p data-start=\"3105\" data-end=\"3252\"><strong data-start=\"3105\" data-end=\"3163\">1. Alkalmas-e a BANG BOX 160k nagykereskedelmi rendel\u00e9sre?<\/strong><br data-start=\"3163\" data-end=\"3166\" \/>Igen, a t\u00f6meges forgalmaz\u00e1sra tervezt\u00e9k stabil teljes\u00edtm\u00e9nnyel \u00e9s alacsony visszak\u00fcld\u00e9si ar\u00e1nnyal.<\/p>\n<p data-start=\"3254\" data-end=\"3377\"><strong data-start=\"3254\" data-end=\"3300\">2. Hogyan m\u0171k\u00f6dik a 4 az 1-ben \u00edzrendszer?<\/strong><br data-start=\"3300\" data-end=\"3303\" \/>A felhaszn\u00e1l\u00f3k n\u00e9gy el\u0151re be\u00e1ll\u00edtott \u00edz k\u00f6z\u00f6tt v\u00e1lthatnak egy k\u00e9sz\u00fcl\u00e9kben an\u00e9lk\u00fcl, hogy kevern\u00e9k \u0151ket.<\/p>\n<p data-start=\"3379\" data-end=\"3502\"><strong data-start=\"3379\" data-end=\"3441\">3. T\u00e1mogatja-e a BANG BOX 160000 puffs modell az \u00fajrat\u00f6lt\u00e9st?<\/strong><br data-start=\"3441\" data-end=\"3444\" \/>Igen, tartalmaz egy <strong data-start=\"3463\" data-end=\"3501\">650mAh Type-C \u00fajrat\u00f6lthet\u0151 akkumul\u00e1tor<\/strong>.<\/p>\n<p data-start=\"3504\" data-end=\"3637\"><strong data-start=\"3504\" data-end=\"3558\">4. Mi teszi ezt hossz\u00fa \u00e9lettartam\u00fa egyszer haszn\u00e1latos vape-\u00e9?<\/strong><br data-start=\"3558\" data-end=\"3561\" \/>A megfelel\u0151 akkumul\u00e1tor, nagy e-juice t\u00e9rfogat \u00e9s h\u00e1l\u00f3s tekercs meghosszabb\u00edtja az \u00e9lettartamot.<\/p>\n<p data-start=\"3639\" data-end=\"3787\"><strong data-start=\"3639\" data-end=\"3707\">5. Alkalmas-e ez a term\u00e9k eur\u00f3pai e-cigaretta bolt sz\u00e1m\u00e1ra?<\/strong><br data-start=\"3707\" data-end=\"3710\" \/>Igen, a tiszta kijelz\u0151, nagy kapacit\u00e1s \u00e9s \u00edzv\u00e1laszt\u00e9k megfelel az EU kiskereskedelmi ig\u00e9nyeinek.<\/p>\n<\/div>\n<\/div>\n<\/div>\n<\/div>","protected":false},"excerpt":{"rendered":"<div class=\"flex max-w-full flex-col grow\">\n<div class=\"min-h-8 text-message relative flex w-full flex-col items-end gap-2 text-start break-words whitespace-normal [.text-message+&amp;]:mt-1\" dir=\"auto\" data-message-author-role=\"assistant\" data-message-id=\"2a9d6edf-5b3a-41c0-afc9-caef2e4c2c3b\" data-message-model-slug=\"gpt-5-2\">\n<div class=\"flex w-full flex-col gap-1 empty:hidden first:pt-[1px]\">\n<div class=\"markdown prose dark:prose-invert w-full break-words light markdown-new-styling\">\n<p data-start=\"4300\" data-end=\"4384\">BANG BOX 160K Egyszer haszn\u00e1latos Vape 160000 Sz\u00edv\u00e1s 4-in-1 \u00cdzv\u00e1lt\u00f3<br \/>\nBANG BOX 160000 Sz\u00edv\u00e1s Hossz\u00fa \u00c9lettartam\u00fa Egyszer haszn\u00e1latos Vape Nagykeresked\u00e9shez<br \/>\nBANG BOX 160K \u00cdzv\u00e1lt\u00f3 Egyszer haszn\u00e1latos Vape Olcs\u00f3 \u00c1r EU Sz\u00e1ll\u00edt\u00e1s<\/p>\n<\/div>\n<\/div>\n<\/div>\n<\/div>\n<p><strong>Add hozz\u00e1 Amy whatsappj\u00e1t, hogy azonnali v\u00e1laszt \u00e9s kedvezm\u00e9nyes \u00e1rat kapj!<\/strong><\/p>\n<p><img fetchpriority=\"high\" decoding=\"async\" class=\"size-full wp-image-2932\" src=\"https:\/\/vapestornado.com\/wp-content\/uploads\/2024\/12\/Vape-Wholesale.jpg\" alt=\"Vape nagykereskedelem\" width=\"229\" height=\"300\" \/><\/p>\n<h3><a href=\"https:\/\/wa.me\/8617776015835\"><span style=\"color: #ff0000;\"><strong>WhatsApp: +86 17776015835<\/strong><\/span><\/a><\/h3>","protected":false},"featured_media":4857,"comment_status":"open","ping_status":"closed","template":"","meta":{"_acf_changed":false,"_uag_custom_page_level_css":"","_lmt_disableupdate":"no","_lmt_disable":"","_monsterinsights_skip_tracking":false,"_monsterinsights_sitenote_active":false,"_monsterinsights_sitenote_note":"","_monsterinsights_sitenote_category":0,"site-sidebar-layout":"default","site-content-layout":"","ast-site-content-layout":"default","site-content-style":"default","site-sidebar-style":"default","ast-global-header-display":"","ast-banner-title-visibility":"","ast-main-header-display":"","ast-hfb-above-header-display":"","ast-hfb-below-header-display":"","ast-hfb-mobile-header-display":"","site-post-title":"","ast-breadcrumbs-content":"","ast-featured-img":"","footer-sml-layout":"","ast-disable-related-posts":"","theme-transparent-header-meta":"default","adv-header-id-meta":"","stick-header-meta":"","header-above-stick-meta":"","header-main-stick-meta":"","header-below-stick-meta":"","astra-migrate-meta-layouts":"set","ast-page-background-enabled":"default","ast-page-background-meta":{"desktop":{"background-color":"","background-image":"","background-repeat":"repeat","background-position":"center center","background-size":"auto","background-attachment":"scroll","background-type":"","background-media":"","overlay-type":"","overlay-color":"","overlay-opacity":"","overlay-gradient":""},"tablet":{"background-color":"","background-image":"","background-repeat":"repeat","background-position":"center center","background-size":"auto","background-attachment":"scroll","background-type":"","background-media":"","overlay-type":"","overlay-color":"","overlay-opacity":"","overlay-gradient":""},"mobile":{"background-color":"","background-image":"","background-repeat":"repeat","background-position":"center center","background-size":"auto","background-attachment":"scroll","background-type":"","background-media":"","overlay-type":"","overlay-color":"","overlay-opacity":"","overlay-gradient":""}},"ast-content-background-meta":{"desktop":{"background-color":"var(--ast-global-color-5)","background-image":"","background-repeat":"repeat","background-position":"center center","background-size":"auto","background-attachment":"scroll","background-type":"","background-media":"","overlay-type":"","overlay-color":"","overlay-opacity":"","overlay-gradient":""},"tablet":{"background-color":"var(--ast-global-color-5)","background-image":"","background-repeat":"repeat","background-position":"center center","background-size":"auto","background-attachment":"scroll","background-type":"","background-media":"","overlay-type":"","overlay-color":"","overlay-opacity":"","overlay-gradient":""},"mobile":{"background-color":"var(--ast-global-color-5)","background-image":"","background-repeat":"repeat","background-position":"center center","background-size":"auto","background-attachment":"scroll","background-type":"","background-media":"","overlay-type":"","overlay-color":"","overlay-opacity":"","overlay-gradient":""}},"_joinchat":[]},"product_brand":[],"product_cat":[64,152,153,154,156,158,141,492,357,144,146],"product_tag":[576,575,578,426,579,549,580,577],"class_list":{"0":"post-4858","1":"product","2":"type-product","3":"status-publish","4":"has-post-thumbnail","6":"product_cat-bangbox-vape","7":"product_cat-buy-disposable-vapes-in-cermany","8":"product_cat-buy-disposable-vapes-in-italy","9":"product_cat-buy-disposable-vapes-in-netherlands","10":"product_cat-buy-disposable-vapes-in-poland","11":"product_cat-buy-disposable-vapes-in-spain","12":"product_cat-crystal-disposable-vapes","13":"product_cat-eu-warehouse","14":"product_cat-flavor-adjustable-vape","15":"product_cat-low-nicotine-disposable-vapes","16":"product_cat-rechargeable-disposable-vapes","17":"product_tag-bang-box-160000-puff","18":"product_tag-bang-box-160k","19":"product_tag-e-cigarettes-store","20":"product_tag-flavor-switch-disposable-vape","21":"product_tag-long-lasting-disposable-vape","22":"product_tag-vape-cheap-price","23":"product_tag-vape-wholesale-spain","24":"product_tag-vaper-160k","25":"desktop-align-left","26":"tablet-align-left","27":"mobile-align-left","29":"first","30":"instock","31":"sale","32":"shipping-taxable","33":"purchasable","34":"product-type-simple"},"acf":[],"uagb_featured_image_src":{"full":["https:\/\/vapestornado.com\/wp-content\/uploads\/2026\/02\/Bang-Box-160K-Puffs-4-in-1.webp",1000,1000,false],"thumbnail":["https:\/\/vapestornado.com\/wp-content\/uploads\/2026\/02\/Bang-Box-160K-Puffs-4-in-1-150x150.webp",150,150,true],"medium":["https:\/\/vapestornado.com\/wp-content\/uploads\/2026\/02\/Bang-Box-160K-Puffs-4-in-1-300x300.webp",300,300,true],"medium_large":["https:\/\/vapestornado.com\/wp-content\/uploads\/2026\/02\/Bang-Box-160K-Puffs-4-in-1-768x768.webp",768,768,true],"large":["https:\/\/vapestornado.com\/wp-content\/uploads\/2026\/02\/Bang-Box-160K-Puffs-4-in-1.webp",1000,1000,false],"1536x1536":["https:\/\/vapestornado.com\/wp-content\/uploads\/2026\/02\/Bang-Box-160K-Puffs-4-in-1.webp",1000,1000,false],"2048x2048":["https:\/\/vapestornado.com\/wp-content\/uploads\/2026\/02\/Bang-Box-160K-Puffs-4-in-1.webp",1000,1000,false],"trp-custom-language-flag":["https:\/\/vapestornado.com\/wp-content\/uploads\/2026\/02\/Bang-Box-160K-Puffs-4-in-1-12x12.webp",12,12,true],"woocommerce_thumbnail":["https:\/\/vapestornado.com\/wp-content\/uploads\/2026\/02\/Bang-Box-160K-Puffs-4-in-1-300x300.webp",300,300,true],"woocommerce_single":["https:\/\/vapestornado.com\/wp-content\/uploads\/2026\/02\/Bang-Box-160K-Puffs-4-in-1-600x600.webp",600,600,true],"woocommerce_gallery_thumbnail":["https:\/\/vapestornado.com\/wp-content\/uploads\/2026\/02\/Bang-Box-160K-Puffs-4-in-1-100x100.webp",100,100,true]},"uagb_author_info":{"display_name":"ESAMY","author_link":"https:\/\/vapestornado.com\/hu\/author\/"},"uagb_comment_info":0,"uagb_excerpt":"BANG BOX 160K Disposable Vape 160000 Puffs 4-in-1 Flavor Switch BANG BOX 160000 Puff Long Lasting Disposable Vaper for Wholesale BANG BOX 160K Flavor Switch Disposable Vape Cheap Price EU Supply Add Amy's whatsapp to get right reply and discount price! WhatsApp: +86 17776015835","_links":{"self":[{"href":"https:\/\/vapestornado.com\/hu\/wp-json\/wp\/v2\/product\/4858","targetHints":{"allow":["GET"]}}],"collection":[{"href":"https:\/\/vapestornado.com\/hu\/wp-json\/wp\/v2\/product"}],"about":[{"href":"https:\/\/vapestornado.com\/hu\/wp-json\/wp\/v2\/types\/product"}],"replies":[{"embeddable":true,"href":"https:\/\/vapestornado.com\/hu\/wp-json\/wp\/v2\/comments?post=4858"}],"wp:featuredmedia":[{"embeddable":true,"href":"https:\/\/vapestornado.com\/hu\/wp-json\/wp\/v2\/media\/4857"}],"wp:attachment":[{"href":"https:\/\/vapestornado.com\/hu\/wp-json\/wp\/v2\/media?parent=4858"}],"wp:term":[{"taxonomy":"product_brand","embeddable":true,"href":"https:\/\/vapestornado.com\/hu\/wp-json\/wp\/v2\/product_brand?post=4858"},{"taxonomy":"product_cat","embeddable":true,"href":"https:\/\/vapestornado.com\/hu\/wp-json\/wp\/v2\/product_cat?post=4858"},{"taxonomy":"product_tag","embeddable":true,"href":"https:\/\/vapestornado.com\/hu\/wp-json\/wp\/v2\/product_tag?post=4858"}],"curies":[{"name":"wp","href":"https:\/\/api.w.org\/{rel}","templated":true}]}}