{"id":4842,"date":"2026-01-24T09:54:19","date_gmt":"2026-01-24T09:54:19","guid":{"rendered":"https:\/\/vapestornado.com\/?post_type=product&#038;p=4842"},"modified":"2026-01-24T10:03:36","modified_gmt":"2026-01-24T10:03:36","slug":"aivono-avn-mate-120k-puffs-double-flaovr-disposable-e-cigarette-adjust-flavor","status":"publish","type":"product","link":"https:\/\/vapestornado.com\/hu\/product\/aivono-avn-mate-120k-puffs-double-flaovr-disposable-e-cigarette-adjust-flavor\/","title":{"rendered":"AIVONO AVN MATE 120k Puffs K\u00e9tsz\u00edn\u0171 Dobozos E-Cigaretta \u00c1ll\u00edthat\u00f3 \u00cdz"},"content":{"rendered":"<h1 data-start=\"0\" data-end=\"87\">AIVONO AVN MATE 120k Puffs K\u00e9tsz\u00edn\u0171 Dobozos E-Cigaretta \u00c1ll\u00edthat\u00f3 \u00cdz<\/h1>\n<p data-start=\"276\" data-end=\"608\">A <strong data-start=\"280\" data-end=\"304\">AIVONO AVN MATE 120k<\/strong> kifejlesztve nagykeresked\u0151k sz\u00e1m\u00e1ra, akiknek nagy kapacit\u00e1s\u00fa, magas \u00e9rt\u00e9k\u0171 egyszer haszn\u00e1latos k\u00e9sz\u00fcl\u00e9k sz\u00fcks\u00e9ges, amely gyorsan elkel a versenyk\u00e9pes eur\u00f3pai piacon. Val\u00f3di <strong data-start=\"439\" data-end=\"464\">120 000 szippant\u00e1s \u00e9lettartam<\/strong>, k\u00e9t \u00edz v\u00e1lt\u00e1si kialak\u00edt\u00e1s, \u00e9s egy okos kijelz\u0151, ez a k\u00e9sz\u00fcl\u00e9k azoknak a felhaszn\u00e1l\u00f3knak sz\u00f3l, akik v\u00e1ltozatoss\u00e1got, tart\u00f3ss\u00e1got \u00e9s l\u00e1that\u00f3 teljes\u00edtm\u00e9nyt keresnek egy egys\u00e9gben.<\/p>\n<p data-start=\"610\" data-end=\"976\">Olyan kialak\u00edt\u00e1s\u00fa, mint egy <strong data-start=\"624\" data-end=\"662\">2 az 1-ben K\u00e9t \u00edz\u0171 egyszer haszn\u00e1latos vape<\/strong>, az AIVONO AVN MATE 120000 lehet\u0151v\u00e9 teszi a felhaszn\u00e1l\u00f3k sz\u00e1m\u00e1ra, hogy azonnal v\u00e1ltogassanak k\u00e9t \u00edz k\u00f6z\u00f6tt an\u00e9lk\u00fcl, hogy cser\u00e9lni\u00fck kellene a k\u00e9sz\u00fcl\u00e9ket. Ez az \u00e1ll\u00edthat\u00f3 \u00edz rendszer n\u00f6veli a haszn\u00e1lati id\u0151t \u00e9s jav\u00edtja az \u00fcgyf\u00e9l-el\u00e9gedetts\u00e9get, \u00edgy er\u0151s v\u00e1laszt\u00e1s <strong data-start=\"887\" data-end=\"911\">vape nagykereskedelem Magyarorsz\u00e1gon<\/strong> v\u00e1s\u00e1rl\u00f3knak, akik k\u00fcl\u00f6nlegess\u00e9get keresnek egy <strong data-start=\"952\" data-end=\"975\">alacsony nagykereskedelmi \u00e1ron<\/strong>.<\/p>\n<p data-start=\"978\" data-end=\"1308\">Nagy <strong data-start=\"986\" data-end=\"1012\">36ml e-liquid kapacit\u00e1ssal<\/strong>, egy stabil <strong data-start=\"1037\" data-end=\"1050\">1.0\u03a9 mag<\/strong>, biztos\u00edtva a k\u00f6vetkezetes g\u0151z- \u00e9s \u00edzlead\u00e1st az eg\u00e9sz szippant\u00e1si ciklus sor\u00e1n. A <strong data-start=\"1127\" data-end=\"1179\">850mAh \u00fajrat\u00f6lthet\u0151 akkumul\u00e1tor Type-C t\u00f6lt\u00e9ssel<\/strong> illeszkedik az olajt\u00e9rhez, \u00edgy a felhaszn\u00e1l\u00f3k befejezhetik a folyad\u00e9kot \u00e1ramkimarad\u00e1s n\u00e9lk\u00fcl\u2014cs\u00f6kkentve a panaszokat \u00e9s a visszak\u00fcld\u00e9seket kiskereskedelmi szinten.<\/p>\n<p data-start=\"1310\" data-end=\"1559\">A be\u00e9p\u00edtett <strong data-start=\"1323\" data-end=\"1337\">LED k\u00e9perny\u0151<\/strong> egy\u00e9rtelm\u0171en mutatja az akkumul\u00e1tor \u00e9s az e-folyad\u00e9k \u00e1llapot\u00e1t, ezzel pr\u00e9miumk\u00e9nt poz\u00edcion\u00e1lva ezt a modellt <strong data-start=\"1420\" data-end=\"1440\">vape k\u00e9perny\u0151vel<\/strong> mik\u00f6zben az \u00fczemeltet\u00e9s egyszer\u0171 marad. A kompakt m\u00e9ret seg\u00edti a kiskeresked\u0151ket a polchely optimaliz\u00e1l\u00e1s\u00e1ban \u00e9s a t\u00f6meges sz\u00e1ll\u00edt\u00e1s hat\u00e9konys\u00e1g\u00e1ban.<\/p>\n<p data-start=\"1561\" data-end=\"1812\">Olyan forgalmaz\u00f3k sz\u00e1m\u00e1ra, akik megb\u00edzhat\u00f3 <strong data-start=\"1597\" data-end=\"1612\">AIVONO vape<\/strong> er\u0151s ism\u00e9tl\u0151d\u0151 rendel\u00e9si potenci\u00e1llal, az AVN MATE 120k teljes\u00edtm\u00e9nyt, \u00edzv\u00e1laszt\u00e9kot \u00e9s nyeres\u00e9gbar\u00e1t \u00e1raz\u00e1st k\u00edn\u00e1l.<br data-start=\"1733\" data-end=\"1736\" \/><strong data-start=\"1739\" data-end=\"1812\">L\u00e9pjen vel\u00fcnk kapcsolatba most Vape Nagybani Kereskedelem\u00e9rt alacsony \u00e1ron \u00e9s t\u00f6meges sz\u00e1ll\u00edtm\u00e1ny\u00e9rt Magyarorsz\u00e1gon.<\/strong><\/p>\n<p><strong><span style=\"color: #ff0000;\">Adja hozz\u00e1 Amy-t WhatsApp-on, hogy azonnali v\u00e1laszt \u00e9s vape kupont kapjon!<\/span><\/strong><\/p>\n<p><img fetchpriority=\"high\" decoding=\"async\" class=\"size-full wp-image-2932\" src=\"https:\/\/vapestornado.com\/wp-content\/uploads\/2024\/12\/Vape-Wholesale.jpg\" alt=\"Vape nagykereskedelem\" width=\"229\" height=\"300\" \/><\/p>\n<h3><a href=\"https:\/\/wa.me\/8617776015835\" target=\"_blank\" rel=\"noopener\"><span style=\"color: #ff0000;\"><strong>WhatsApp: +86 17776015835<\/strong><\/span><\/a><\/h3>\n<h2><strong>AIVONO AVN MATE 120k Puffs Term\u00e9kjellemz\u0151k<\/strong><\/h2>\n<div>\n<ul>\n<li data-start=\"1887\" data-end=\"1985\">\n<p data-start=\"1889\" data-end=\"1985\"><strong data-start=\"1889\" data-end=\"1907\">120 000 Sz\u00edv\u00e1s:<\/strong> Val\u00f3di magas puff szerkezet hossz\u00fa t\u00e1v\u00fa haszn\u00e1latra \u00e9s kevesebb cser\u00e9re tervezve.<\/p>\n<\/li>\n<li data-start=\"1986\" data-end=\"2096\">\n<p data-start=\"1988\" data-end=\"2096\"><strong data-start=\"1988\" data-end=\"2018\">2 az 1-ben K\u00e9t \u00cdz Rendszer:<\/strong> K\u00e9t \u00edz egy k\u00e9sz\u00fcl\u00e9kben azonnali v\u00e1lt\u00e1ssal a magasabb felhaszn\u00e1l\u00f3i megtart\u00e1s \u00e9rdek\u00e9ben.<\/p>\n<\/li>\n<li data-start=\"2097\" data-end=\"2203\">\n<p data-start=\"2099\" data-end=\"2203\"><strong data-start=\"2099\" data-end=\"2126\">36ml E-Folyad\u00e9k Kapacit\u00e1s:<\/strong> Nagy olajt\u00e9r t\u00e1mogatja a stabil kimenetet a teljes puff \u00e9lettartam alatt.<\/p>\n<\/li>\n<li data-start=\"2204\" data-end=\"2301\">\n<p data-start=\"2206\" data-end=\"2301\"><strong data-start=\"2206\" data-end=\"2227\">Intelligens LED K\u00e9perny\u0151:<\/strong> Val\u00f3s idej\u0171 akkumul\u00e1tor \u00e9s olaj kijelz\u00e9s jav\u00edtja a haszn\u00e1lhat\u00f3s\u00e1got \u00e9s a term\u00e9k bizalm\u00e1t.<\/p>\n<\/li>\n<li data-start=\"2302\" data-end=\"2419\">\n<p data-start=\"2304\" data-end=\"2419\"><strong data-start=\"2304\" data-end=\"2343\">850mAh t\u00edpus-C \u00fajrat\u00f6lthet\u0151 akkumul\u00e1tor:<\/strong> Egyens\u00falyozott er\u0151forr\u00e1s-rendszer biztos\u00edtja a teljes e-folyad\u00e9k fogyaszt\u00e1st sz\u00fcnet n\u00e9lk\u00fcl.<\/p>\n<\/li>\n<\/ul>\n<figure id=\"attachment_4838\" aria-describedby=\"caption-attachment-4838\" style=\"width: 162px\" class=\"wp-caption alignnone\"><img decoding=\"async\" class=\"size-medium wp-image-4838\" src=\"https:\/\/vapestornado.com\/wp-content\/uploads\/2026\/01\/AIVONO-AVN-MATE-120k-120000-Puffs-Disposable-Vape-Low-Price-162x300.webp\" alt=\"AIVONO AVN MATE 120k 120000 Puffs Egyszer haszn\u00e1latos Vape Alacsony \u00c1r\" width=\"162\" height=\"300\" srcset=\"https:\/\/vapestornado.com\/wp-content\/uploads\/2026\/01\/AIVONO-AVN-MATE-120k-120000-Puffs-Disposable-Vape-Low-Price-162x300.webp 162w, https:\/\/vapestornado.com\/wp-content\/uploads\/2026\/01\/AIVONO-AVN-MATE-120k-120000-Puffs-Disposable-Vape-Low-Price-552x1024.webp 552w, https:\/\/vapestornado.com\/wp-content\/uploads\/2026\/01\/AIVONO-AVN-MATE-120k-120000-Puffs-Disposable-Vape-Low-Price-768x1425.webp 768w, https:\/\/vapestornado.com\/wp-content\/uploads\/2026\/01\/AIVONO-AVN-MATE-120k-120000-Puffs-Disposable-Vape-Low-Price-6x12.webp 6w, https:\/\/vapestornado.com\/wp-content\/uploads\/2026\/01\/AIVONO-AVN-MATE-120k-120000-Puffs-Disposable-Vape-Low-Price-600x1113.webp 600w, https:\/\/vapestornado.com\/wp-content\/uploads\/2026\/01\/AIVONO-AVN-MATE-120k-120000-Puffs-Disposable-Vape-Low-Price.webp 800w\" sizes=\"(max-width: 162px) 100vw, 162px\" \/><figcaption id=\"caption-attachment-4838\" class=\"wp-caption-text\">AIVONO AVN MATE 120k 120000 Puffs Egyszer haszn\u00e1latos Vape Alacsony \u00c1r<\/figcaption><\/figure>\n<\/div>\n<h2 class=\"product-title\"><strong>AIVONO AVN MATE 120k Puff \u00cdzv\u00e1laszt\u00e9k Lista<\/strong><\/h2>\n<ol data-start=\"2475\" data-end=\"2828\">\n<li data-start=\"2475\" data-end=\"2508\">\n<p data-start=\"2478\" data-end=\"2508\">Cseresznye K\u00f3la + G\u00f6r\u00f6gdinnye J\u00e9g<\/p>\n<\/li>\n<li data-start=\"2509\" data-end=\"2554\">\n<p data-start=\"2512\" data-end=\"2554\">Kiwi Passion Gy\u00fcm\u00f6lcs Guava + \u00c1fonya J\u00e9g<\/p>\n<\/li>\n<li data-start=\"2555\" data-end=\"2584\">\n<p data-start=\"2558\" data-end=\"2584\">Sziv\u00e1rv\u00e1ny Cukorka + \u00dar K\u00e9k<\/p>\n<\/li>\n<li data-start=\"2585\" data-end=\"2617\">\n<p data-start=\"2588\" data-end=\"2617\">Energiaital + H\u00e1romszoros Mang\u00f3<\/p>\n<\/li>\n<li data-start=\"2618\" data-end=\"2653\">\n<p data-start=\"2621\" data-end=\"2653\">Eper Ban\u00e1n + R\u00f3zsasz\u00edn Citrom<\/p>\n<\/li>\n<li data-start=\"2654\" data-end=\"2691\">\n<p data-start=\"2657\" data-end=\"2691\">\u00c1fonya M\u00e1lna + Citrom Ment\u00e1val<\/p>\n<\/li>\n<li data-start=\"2692\" data-end=\"2734\">\n<p data-start=\"2695\" data-end=\"2734\">Eper G\u00f6r\u00f6gdinnye + Anan\u00e1sz J\u00e9g<\/p>\n<\/li>\n<li data-start=\"2735\" data-end=\"2768\">\n<p data-start=\"2738\" data-end=\"2768\">Anan\u00e1sz Narancs Lime + Ment\u00e1val<\/p>\n<\/li>\n<li data-start=\"2769\" data-end=\"2796\">\n<p data-start=\"2772\" data-end=\"2796\">Citrom Lime + Sz\u0151l\u0151 J\u00e9g<\/p>\n<\/li>\n<li data-start=\"2797\" data-end=\"2828\">\n<p data-start=\"2801\" data-end=\"2828\">Gummy Bears + Vegyes Bogy\u00f3s Gy\u00fcm\u00f6lcs<\/p>\n<h2 data-start=\"2835\" data-end=\"2886\">Mi\u00e9rt v\u00e1lasztj\u00e1k a nagykeresked\u0151k az AIVONO AVN MATE 120k-t?<\/h2>\n<ul data-start=\"2888\" data-end=\"3159\">\n<li data-start=\"2888\" data-end=\"2950\">\n<p data-start=\"2890\" data-end=\"2950\">A kett\u0151s \u00edz\u0171 kialak\u00edt\u00e1s n\u00f6veli a polc vonzerej\u00e9t \u00e9s az ism\u00e9telt elad\u00e1sokat<\/p>\n<\/li>\n<li data-start=\"2951\" data-end=\"3020\">\n<p data-start=\"2953\" data-end=\"3020\">A magas puffer sz\u00e1m cs\u00f6kkenti a cseresz\u00e1mot \u00e9s az ut\u00f3elad\u00e1si kock\u00e1zatot<\/p>\n<\/li>\n<li data-start=\"3021\" data-end=\"3091\">\n<p data-start=\"3023\" data-end=\"3091\">Az okos k\u00e9perny\u0151 pr\u00e9mium \u00e9rt\u00e9ket ad hozz\u00e1 an\u00e9lk\u00fcl, hogy jelent\u0151sen n\u00f6veln\u00e9 a k\u00f6lts\u00e9get<\/p>\n<\/li>\n<li data-start=\"3092\" data-end=\"3159\">\n<p data-start=\"3094\" data-end=\"3159\">Ide\u00e1lis <strong data-start=\"3104\" data-end=\"3128\">vape nagykereskedelem Magyarorsz\u00e1gon<\/strong> \u00e9s az EU forgalmaz\u00e1si csatorn\u00e1kat<\/p>\n<\/li>\n<\/ul>\n<\/li>\n<\/ol>\n<div class=\"flex-shrink-0 flex flex-col relative items-end\">\n<div class=\"pt-0\">\n<div class=\"gizmo-bot-avatar flex h-8 w-8 items-center justify-center overflow-hidden rounded-full\">\n<div class=\"relative p-1 rounded-sm flex items-center justify-center bg-token-main-surface-primary text-token-text-primary h-8 w-8\">\n<h2 data-start=\"1200\" data-end=\"1487\">Vapes Tornado \u2013 Az \u00d6n Nagykereskedelmi Online P\u00e1rologtat\u00f3 Boltja a N\u00e9pszer\u0171 Vape-ekhez<\/h2>\n<p data-start=\"72\" data-end=\"396\"><strong data-start=\"72\" data-end=\"89\">Vapes Tornado<\/strong> egy Eur\u00f3p\u00e1ra f\u00f3kusz\u00e1l\u00f3 nagykereskedelmi online p\u00e1rologtat\u00f3 bolt, amely gondosan v\u00e1logatott k\u00edn\u00e1latot biztos\u00edt <strong data-start=\"178\" data-end=\"195\">n\u00e9pszer\u0171 vape-ekb\u0151l<\/strong> professzion\u00e1lis v\u00e1s\u00e1rl\u00f3k sz\u00e1m\u00e1ra. Olyan kiskeresked\u0151kkel, forgalmaz\u00f3kkal \u00e9s online \u00e1ruh\u00e1zakkal dolgozunk az EU-ban, akik stabil ell\u00e1t\u00e1st, vil\u00e1gos term\u00e9kinform\u00e1ci\u00f3kat \u00e9s olyan m\u00e1rk\u00e1kat keresnek, amelyeket a v\u00e1s\u00e1rl\u00f3k m\u00e1r ismernek \u00e9s megb\u00edznak benn\u00fck.<\/p>\n<p data-start=\"398\" data-end=\"687\">Biztos partnerekkel dolgozunk, mint p\u00e9ld\u00e1ul <strong data-start=\"247\" data-end=\"352\"><a href=\"https:\/\/vapestornado.com\/hu\/product\/randm-12000-puffs-fumot-digital-disposable-vape-wholesale-price\/\">Fumot VAPE<\/a>, <a href=\"https:\/\/vapestornado.com\/hu\/product\/original-wga-ultra-35k-35000-puff-rechargeable-crystal-disposable-nicotine-vape-best-discount-price\/\">WGA VAPE<\/a>, <a href=\"https:\/\/vapestornado.com\/hu\/product\/vozol-gear-shisha-25k-25000-puffs-best-dtl-disposable-vape-hookah-cheap-price\/\">VOZOL BAR VAPE<\/a>, <\/strong><strong data-start=\"247\" data-end=\"352\">Elf Bar Vape, WASPE Vape, <a href=\"https:\/\/vapestornado.com\/hu\/product\/uzy-150k-puffs-6-in-1-flavor-switch-disposable-vape-pen-wholesale\/\">UZY Vape<\/a>, Bang Vape, Razz Bar Vape, \u00e9s Stag Bar Vape<\/strong>, melyeket a folyamatos min\u0151s\u00e9g \u00e9s a nagy kereslet miatt v\u00e1lasztottak az eur\u00f3pai piacon.<\/p>\n<h4 data-start=\"1080\" data-end=\"1120\">\u00c9p\u00edtve eur\u00f3pai vaperek sz\u00e1m\u00e1ra Nagykereskedelem<\/h4>\n<p data-start=\"1121\" data-end=\"1189\">A Vapes Tornado az EU nagykeresked\u0151k val\u00f3di ig\u00e9nyei k\u00f6r\u00e9 \u00e9p\u00fclt:<\/p>\n<ul data-start=\"1190\" data-end=\"1400\">\n<li data-start=\"1190\" data-end=\"1239\">\n<p data-start=\"1192\" data-end=\"1239\">Versenyk\u00e9pes nagykereskedelmi \u00e1rak t\u00e9teles megrendel\u00e9sekhez<\/p>\n<\/li>\n<li data-start=\"1240\" data-end=\"1289\">\n<p data-start=\"1242\" data-end=\"1289\">\u00c1tl\u00e1that\u00f3 term\u00e9kle\u00edr\u00e1sok \u00e9s specifik\u00e1ci\u00f3k<\/p>\n<\/li>\n<li data-start=\"1290\" data-end=\"1330\">\n<p data-start=\"1292\" data-end=\"1330\">Gyors, megb\u00edzhat\u00f3 EU-orient\u00e1lt logisztika<\/p>\n<\/li>\n<li data-start=\"1331\" data-end=\"1400\">\n<p data-start=\"1333\" data-end=\"1400\">Egy katal\u00f3gus, amely a <strong data-start=\"1356\" data-end=\"1373\">n\u00e9pszer\u0171 vape-ekb\u0151l<\/strong>, nem t\u00falzs\u00fafolt SKUs-ra f\u00f3kusz\u00e1l<\/p>\n<\/li>\n<\/ul>\n<h2 data-start=\"2064\" data-end=\"2115\">Gyakran Ism\u00e9telt K\u00e9rd\u00e9sek az AIVONO AVN MATE 120k Puffs eldobhat\u00f3 vape-r\u0151l<\/h2>\n<p data-start=\"3198\" data-end=\"3373\"><strong data-start=\"3198\" data-end=\"3260\">1. Val\u00f3di 120.000 szippant\u00e1sos az AIVONO AVN MATE 120k?<\/strong><br data-start=\"3260\" data-end=\"3263\" \/>Igen, \u00fagy van tervezve, hogy t\u00e1mogatja a teljes szippant\u00e1si tartom\u00e1nyt norm\u00e1l haszn\u00e1lat mellett egy egys\u00e9ges akkumul\u00e1torral \u00e9s olajrendszerrel.<\/p>\n<p data-start=\"3375\" data-end=\"3514\"><strong data-start=\"3375\" data-end=\"3419\">2. Hogyan m\u0171k\u00f6dik a kett\u0151s \u00edz rendszer?<\/strong><br data-start=\"3419\" data-end=\"3422\" \/>A felhaszn\u00e1l\u00f3k k\u00e9t \u00edz k\u00f6z\u00f6tt v\u00e1lthatnak an\u00e9lk\u00fcl, hogy keveredne vagy \u00fajrat\u00f6lten\u00e9k az eszk\u00f6zt.<\/p>\n<p data-start=\"3516\" data-end=\"3619\"><strong data-start=\"3516\" data-end=\"3562\">3. Ez \u00fajrat\u00f6lthet\u0151 eldobhat\u00f3 vape?<\/strong><br data-start=\"3562\" data-end=\"3565\" \/>Igen, egy Type-C \u00fajrat\u00f6lthet\u0151 850mAh-s akkumul\u00e1torral rendelkezik.<\/p>\n<p data-start=\"3621\" data-end=\"3727\"><strong data-start=\"3621\" data-end=\"3666\">4. Milyen nikotiner\u0151ss\u00e9gek \u00e1llnak rendelkez\u00e9sre?<\/strong><br data-start=\"3666\" data-end=\"3669\" \/>A k\u00e9sz\u00fcl\u00e9k <strong data-start=\"3696\" data-end=\"3726\">2%-os \u00e9s 5%-os nikotin opci\u00f3kat k\u00edn\u00e1l<\/strong>.<\/p>\n<p data-start=\"3729\" data-end=\"3888\"><strong data-start=\"3729\" data-end=\"3789\">5. Ez alkalmas nagykereskedelmi forgalmaz\u00e1sra Magyarorsz\u00e1gon?<\/strong><br data-start=\"3789\" data-end=\"3792\" \/>Igen, a tervez\u00e9s, az \u00e1rk\u00e9pz\u00e9s \u00e9s az \u00edzstrukt\u00fara j\u00f3l illeszkedik a magyar nagykereskedelmi piachoz.<\/p>\n<\/div>\n<\/div>\n<\/div>\n<\/div>","protected":false},"excerpt":{"rendered":"<div class=\"flex max-w-full flex-col grow\">\n<div class=\"min-h-8 text-message relative flex w-full flex-col items-end gap-2 text-start break-words whitespace-normal [.text-message+&amp;]:mt-1\" dir=\"auto\" data-message-author-role=\"assistant\" data-message-id=\"2a9d6edf-5b3a-41c0-afc9-caef2e4c2c3b\" data-message-model-slug=\"gpt-5-2\">\n<div class=\"flex w-full flex-col gap-1 empty:hidden first:pt-[1px]\">\n<div class=\"markdown prose dark:prose-invert w-full break-words light markdown-new-styling\">\n<p data-start=\"4127\" data-end=\"4213\"><strong data-start=\"4127\" data-end=\"4211\">AIVONO AVN MATE 120k K\u00e9t \u00edz\u0171 egyszer haszn\u00e1latos vape kijelz\u0151vel Olaszorsz\u00e1g nagykereskedelemhez<\/strong><\/p>\n<p data-start=\"4217\" data-end=\"4296\"><strong data-start=\"4217\" data-end=\"4294\">AIVONO AVN MATE 120000 Szippant\u00e1s 2 az 1-ben egyszer haszn\u00e1latos vape alacsony \u00e1r nagykereskedelemhez<\/strong><\/p>\n<p data-start=\"4300\" data-end=\"4384\"><strong data-start=\"4300\" data-end=\"4384\">AIVONO AVN MATE 120k \u00c1ll\u00edthat\u00f3 \u00edz\u0171 egyszer haszn\u00e1latos elektromos cigaretta vape nagykereskedelemhez<\/strong><\/p>\n<\/div>\n<\/div>\n<\/div>\n<\/div>\n<p><strong>Add hozz\u00e1 Amy whatsappj\u00e1t, hogy azonnali v\u00e1laszt \u00e9s kedvezm\u00e9nyes \u00e1rat kapj!<\/strong><\/p>\n<p><img fetchpriority=\"high\" decoding=\"async\" class=\"size-full wp-image-2932\" src=\"https:\/\/vapestornado.com\/wp-content\/uploads\/2024\/12\/Vape-Wholesale.jpg\" alt=\"Vape nagykereskedelem\" width=\"229\" height=\"300\" \/><\/p>\n<h3><a href=\"https:\/\/wa.me\/8617776015835\"><span style=\"color: #ff0000;\"><strong>WhatsApp: +86 17776015835<\/strong><\/span><\/a><\/h3>","protected":false},"featured_media":4837,"comment_status":"open","ping_status":"closed","template":"","meta":{"_acf_changed":false,"_uag_custom_page_level_css":"","_lmt_disableupdate":"no","_lmt_disable":"","_monsterinsights_skip_tracking":false,"_monsterinsights_sitenote_active":false,"_monsterinsights_sitenote_note":"","_monsterinsights_sitenote_category":0,"site-sidebar-layout":"default","site-content-layout":"","ast-site-content-layout":"default","site-content-style":"default","site-sidebar-style":"default","ast-global-header-display":"","ast-banner-title-visibility":"","ast-main-header-display":"","ast-hfb-above-header-display":"","ast-hfb-below-header-display":"","ast-hfb-mobile-header-display":"","site-post-title":"","ast-breadcrumbs-content":"","ast-featured-img":"","footer-sml-layout":"","ast-disable-related-posts":"","theme-transparent-header-meta":"default","adv-header-id-meta":"","stick-header-meta":"","header-above-stick-meta":"","header-main-stick-meta":"","header-below-stick-meta":"","astra-migrate-meta-layouts":"set","ast-page-background-enabled":"default","ast-page-background-meta":{"desktop":{"background-color":"","background-image":"","background-repeat":"repeat","background-position":"center center","background-size":"auto","background-attachment":"scroll","background-type":"","background-media":"","overlay-type":"","overlay-color":"","overlay-opacity":"","overlay-gradient":""},"tablet":{"background-color":"","background-image":"","background-repeat":"repeat","background-position":"center center","background-size":"auto","background-attachment":"scroll","background-type":"","background-media":"","overlay-type":"","overlay-color":"","overlay-opacity":"","overlay-gradient":""},"mobile":{"background-color":"","background-image":"","background-repeat":"repeat","background-position":"center center","background-size":"auto","background-attachment":"scroll","background-type":"","background-media":"","overlay-type":"","overlay-color":"","overlay-opacity":"","overlay-gradient":""}},"ast-content-background-meta":{"desktop":{"background-color":"var(--ast-global-color-5)","background-image":"","background-repeat":"repeat","background-position":"center center","background-size":"auto","background-attachment":"scroll","background-type":"","background-media":"","overlay-type":"","overlay-color":"","overlay-opacity":"","overlay-gradient":""},"tablet":{"background-color":"var(--ast-global-color-5)","background-image":"","background-repeat":"repeat","background-position":"center center","background-size":"auto","background-attachment":"scroll","background-type":"","background-media":"","overlay-type":"","overlay-color":"","overlay-opacity":"","overlay-gradient":""},"mobile":{"background-color":"var(--ast-global-color-5)","background-image":"","background-repeat":"repeat","background-position":"center center","background-size":"auto","background-attachment":"scroll","background-type":"","background-media":"","overlay-type":"","overlay-color":"","overlay-opacity":"","overlay-gradient":""}},"_joinchat":[]},"product_brand":[],"product_cat":[347,176,150,152,153,158,141,142,492,144,146],"product_tag":[567,563,562,564,195,566,565,522,269],"class_list":{"0":"post-4842","1":"product","2":"type-product","3":"status-publish","4":"has-post-thumbnail","6":"product_cat-120000-puff","7":"product_cat-aivono-vape","8":"product_cat-buy-disposable-vapes-in-belgium","9":"product_cat-buy-disposable-vapes-in-cermany","10":"product_cat-buy-disposable-vapes-in-italy","11":"product_cat-buy-disposable-vapes-in-spain","12":"product_cat-crystal-disposable-vapes","13":"product_cat-digital-box-disposable-vapes","14":"product_cat-eu-warehouse","15":"product_cat-low-nicotine-disposable-vapes","16":"product_cat-rechargeable-disposable-vapes","17":"product_tag-2-in-1-flavor","18":"product_tag-aivono-avn-mate-120000","19":"product_tag-aivono-avn-mate-120k","20":"product_tag-aivono-vape","21":"product_tag-dual-flavor-disposable-vape","22":"product_tag-puff-120k","23":"product_tag-vape-wholesale-at-low-price","24":"product_tag-vape-wholesale-italy","25":"product_tag-vape-with-screen","26":"desktop-align-left","27":"tablet-align-left","28":"mobile-align-left","30":"first","31":"instock","32":"sale","33":"shipping-taxable","34":"purchasable","35":"product-type-simple"},"acf":[],"uagb_featured_image_src":{"full":["https:\/\/vapestornado.com\/wp-content\/uploads\/2026\/01\/AIVONO-AVN-MATE-120k-120000-Puffs-Disposable-Vape-Double-Flaovr.webp",800,800,false],"thumbnail":["https:\/\/vapestornado.com\/wp-content\/uploads\/2026\/01\/AIVONO-AVN-MATE-120k-120000-Puffs-Disposable-Vape-Double-Flaovr-150x150.webp",150,150,true],"medium":["https:\/\/vapestornado.com\/wp-content\/uploads\/2026\/01\/AIVONO-AVN-MATE-120k-120000-Puffs-Disposable-Vape-Double-Flaovr-300x300.webp",300,300,true],"medium_large":["https:\/\/vapestornado.com\/wp-content\/uploads\/2026\/01\/AIVONO-AVN-MATE-120k-120000-Puffs-Disposable-Vape-Double-Flaovr-768x768.webp",768,768,true],"large":["https:\/\/vapestornado.com\/wp-content\/uploads\/2026\/01\/AIVONO-AVN-MATE-120k-120000-Puffs-Disposable-Vape-Double-Flaovr.webp",800,800,false],"1536x1536":["https:\/\/vapestornado.com\/wp-content\/uploads\/2026\/01\/AIVONO-AVN-MATE-120k-120000-Puffs-Disposable-Vape-Double-Flaovr.webp",800,800,false],"2048x2048":["https:\/\/vapestornado.com\/wp-content\/uploads\/2026\/01\/AIVONO-AVN-MATE-120k-120000-Puffs-Disposable-Vape-Double-Flaovr.webp",800,800,false],"trp-custom-language-flag":["https:\/\/vapestornado.com\/wp-content\/uploads\/2026\/01\/AIVONO-AVN-MATE-120k-120000-Puffs-Disposable-Vape-Double-Flaovr-12x12.webp",12,12,true],"woocommerce_thumbnail":["https:\/\/vapestornado.com\/wp-content\/uploads\/2026\/01\/AIVONO-AVN-MATE-120k-120000-Puffs-Disposable-Vape-Double-Flaovr-300x300.webp",300,300,true],"woocommerce_single":["https:\/\/vapestornado.com\/wp-content\/uploads\/2026\/01\/AIVONO-AVN-MATE-120k-120000-Puffs-Disposable-Vape-Double-Flaovr-600x600.webp",600,600,true],"woocommerce_gallery_thumbnail":["https:\/\/vapestornado.com\/wp-content\/uploads\/2026\/01\/AIVONO-AVN-MATE-120k-120000-Puffs-Disposable-Vape-Double-Flaovr-100x100.webp",100,100,true]},"uagb_author_info":{"display_name":"ESAMY","author_link":"https:\/\/vapestornado.com\/hu\/author\/"},"uagb_comment_info":0,"uagb_excerpt":"AIVONO AVN MATE 120k Dual Flavor Disposable Vape with Screen for Italy Wholesale AIVONO AVN MATE 120000 Puffs 2 in 1 Disposable Vape Low Price Bulk Supply AIVONO AVN MATE 120k Adjustable Flavor Disposable E-Cigarette for Vape Wholesale Add Amy's whatsapp to get right reply and discount price! WhatsApp: +86 17776015835","_links":{"self":[{"href":"https:\/\/vapestornado.com\/hu\/wp-json\/wp\/v2\/product\/4842","targetHints":{"allow":["GET"]}}],"collection":[{"href":"https:\/\/vapestornado.com\/hu\/wp-json\/wp\/v2\/product"}],"about":[{"href":"https:\/\/vapestornado.com\/hu\/wp-json\/wp\/v2\/types\/product"}],"replies":[{"embeddable":true,"href":"https:\/\/vapestornado.com\/hu\/wp-json\/wp\/v2\/comments?post=4842"}],"wp:featuredmedia":[{"embeddable":true,"href":"https:\/\/vapestornado.com\/hu\/wp-json\/wp\/v2\/media\/4837"}],"wp:attachment":[{"href":"https:\/\/vapestornado.com\/hu\/wp-json\/wp\/v2\/media?parent=4842"}],"wp:term":[{"taxonomy":"product_brand","embeddable":true,"href":"https:\/\/vapestornado.com\/hu\/wp-json\/wp\/v2\/product_brand?post=4842"},{"taxonomy":"product_cat","embeddable":true,"href":"https:\/\/vapestornado.com\/hu\/wp-json\/wp\/v2\/product_cat?post=4842"},{"taxonomy":"product_tag","embeddable":true,"href":"https:\/\/vapestornado.com\/hu\/wp-json\/wp\/v2\/product_tag?post=4842"}],"curies":[{"name":"wp","href":"https:\/\/api.w.org\/{rel}","templated":true}]}}