{"id":4833,"date":"2026-01-23T08:34:14","date_gmt":"2026-01-23T08:34:14","guid":{"rendered":"https:\/\/vapestornado.com\/?post_type=product&#038;p=4833"},"modified":"2026-01-23T08:50:43","modified_gmt":"2026-01-23T08:50:43","slug":"waspe-crystal-180k-180000-puffs-disposable-vapes-pen-8-in-1-flavor-bulk-buy","status":"publish","type":"product","link":"https:\/\/vapestornado.com\/hu\/product\/waspe-crystal-180k-180000-puffs-disposable-vapes-pen-8-in-1-flavor-bulk-buy\/","title":{"rendered":"WASPE Crystal 180k 180000 Puffs Egyszer haszn\u00e1latos Vape Toll 8 \u00edzben Nagy t\u00e9telben v\u00e1s\u00e1rolhat\u00f3"},"content":{"rendered":"<h1 data-start=\"0\" data-end=\"87\">WASPE Crystal 180K Puff Egyszer haszn\u00e1latos Vape Toll \u2013 8-in-1 \u00cdz Nagykereskedelmi V\u00e1s\u00e1rl\u00e1s<\/h1>\n<p data-start=\"275\" data-end=\"612\">A <strong data-start=\"279\" data-end=\"326\">WASPE Crystal 180K Puff Egyszer haszn\u00e1latos Vape Toll<\/strong> azoknak a nagykeresked\u0151knek k\u00e9sz\u00fclt, akik maxim\u00e1lis polcos hat\u00e1st \u00e9s hossz\u00fa t\u00e1v\u00fa forgalmat szeretn\u00e9nek. K\u00e9pes ak\u00e1r <strong data-start=\"423\" data-end=\"440\">180 000 szippant\u00e1sra<\/strong>, ez az eszk\u00f6z szil\u00e1rdan az ultra-nagy kapacit\u00e1s\u00fa kateg\u00f3ri\u00e1ba tartozik, neh\u00e9z haszn\u00e1l\u00f3k \u00e9s nagykeresked\u0151k sz\u00e1m\u00e1ra, akik \u00e9rt\u00e9kelik a tart\u00f3ss\u00e1got, a k\u00f6vetkezetess\u00e9get \u00e9s a tiszta teljes\u00edtm\u00e9nymutat\u00f3kat.<\/p>\n<p data-start=\"614\" data-end=\"934\">Egy <strong data-start=\"627\" data-end=\"657\">quad 1.0\u03a9 h\u00e1l\u00f3s tekercsrendszer<\/strong>, a WASPE Crystal 180k stabil \u00edzlead\u00e1st tart fenn teljes \u00e9lettartama alatt. A <strong data-start=\"745\" data-end=\"771\">68ml e-liquid kapacit\u00e1s<\/strong> egy\u00fctt <strong data-start=\"786\" data-end=\"824\">650mAh Type-C \u00fajrat\u00f6lthet\u0151 akkumul\u00e1tor<\/strong> biztos\u00edtja a folyamatos g\u0151zk\u00e9pz\u00e9st korai cs\u00f6kken\u00e9s n\u00e9lk\u00fcl, cs\u00f6kkentve a v\u00e1s\u00e1rl\u00f3i panaszokat \u00e9s az ism\u00e9telt cser\u00e9ket.<\/p>\n<p data-start=\"936\" data-end=\"1299\">Mi k\u00fcl\u00f6nb\u00f6zteti meg a <strong data-start=\"950\" data-end=\"974\">WASPE Crystal 180000<\/strong> term\u00e9ket, az a <strong data-start=\"988\" data-end=\"1023\">8-in-1 \u00e1ll\u00edthat\u00f3 \u00edzrendszer<\/strong>, lehet\u0151v\u00e9 t\u00e9ve a felhaszn\u00e1l\u00f3k sz\u00e1m\u00e1ra, hogy egy eszk\u00f6zben v\u00e1ltogassanak \u00edzeket. Egy <strong data-start=\"1089\" data-end=\"1109\">okos LED-k\u00e9perny\u0151<\/strong> amely kijelzi az akkumul\u00e1tor \u00e9s az olaj szintj\u00e9t, ez a k\u00e9perny\u0151s vape \u00e1tl\u00e1that\u00f3s\u00e1got, ir\u00e1ny\u00edt\u00e1st \u00e9s pr\u00e9mium felhaszn\u00e1l\u00f3i \u00e9lm\u00e9nyt ny\u00fajt\u2014kulcsfontoss\u00e1g\u00fa t\u00e9nyez\u0151k az ism\u00e9telt elad\u00e1sokhoz az Egyszer haszn\u00e1latos Vape-ek Nagykereskedelmi Piacon.<\/p>\n<p data-start=\"1301\" data-end=\"1593\">El\u00e9rhet\u0151 <strong data-start=\"1314\" data-end=\"1349\">0%, 2% \u00e9s 5% nikotin opci\u00f3kban<\/strong>, a <strong data-start=\"1355\" data-end=\"1394\">WASPE 180k Puff Egyszer haszn\u00e1latos Vape Toll<\/strong> alkalmas t\u00f6bb EU piacra \u00e9s v\u00e1s\u00e1rl\u00f3i preferenci\u00e1kra. Szil\u00e1rd fel\u00e9p\u00edt\u00e9se, nagy m\u00e9rete \u00e9s modern krist\u00e1ly-st\u00edlus\u00fa kialak\u00edt\u00e1sa er\u0151s teljes\u00edtm\u00e9nyt ny\u00fajt nagykeresked\u0151k sz\u00e1m\u00e1ra, akik mennyis\u00e9gi rendel\u00e9seket \u00e9s gyors forg\u00e1st keresnek.<\/p>\n<p data-start=\"1595\" data-end=\"1722\"><strong data-start=\"1598\" data-end=\"1722\">Nagykeresked\u0151k \u00e9s vaperek: biztos\u00edts\u00e1k be a WASPE Crystal 180k k\u00e9szlet\u00fcket most, \u00e9s er\u0151s\u00edts\u00e9k meg magas puff-sz\u00e1m\u00fa egyszer haszn\u00e1latos kateg\u00f3ri\u00e1jukat bizalommal.<\/strong><\/p>\n<p><strong><span style=\"color: #ff0000;\">Adja hozz\u00e1 Amy-t WhatsApp-on, hogy azonnali v\u00e1laszt \u00e9s vape kupont kapjon!<\/span><\/strong><\/p>\n<p><img fetchpriority=\"high\" decoding=\"async\" class=\"size-full wp-image-2932\" src=\"https:\/\/vapestornado.com\/wp-content\/uploads\/2024\/12\/Vape-Wholesale.jpg\" alt=\"Vape nagykereskedelem\" width=\"229\" height=\"300\" \/><\/p>\n<h3><a href=\"https:\/\/wa.me\/8617776015835\" target=\"_blank\" rel=\"noopener\"><span style=\"color: #ff0000;\"><strong>WhatsApp: +86 17776015835<\/strong><\/span><\/a><\/h3>\n<p>&nbsp;<\/p>\n<h2><strong>WASPE Crystal 180k Puff Term\u00e9ktulajdons\u00e1gok<\/strong><\/h2>\n<ul>\n<li data-start=\"1774\" data-end=\"1894\">\n<p data-start=\"1776\" data-end=\"1894\"><strong data-start=\"1776\" data-end=\"1801\">180 000 Puff kapacit\u00e1s<\/strong> \u2013 Kifejezetten hossz\u00fa t\u00e1v\u00fa haszn\u00e1latra tervezve, minimaliz\u00e1lva a cser\u00e9ket \u00e9s maximaliz\u00e1lva a v\u00e1s\u00e1rl\u00f3i el\u00e9gedetts\u00e9get.<\/p>\n<\/li>\n<li data-start=\"1895\" data-end=\"2012\">\n<p data-start=\"1897\" data-end=\"2012\"><strong data-start=\"1897\" data-end=\"1932\">8 az 1-ben \u00c1ll\u00edthat\u00f3 \u00cdz Rendszer<\/strong> \u2013 T\u00f6bb \u00edzv\u00e1laszt\u00e9k egy eszk\u00f6zben n\u00f6veli az elk\u00f6telezetts\u00e9get \u00e9s az ism\u00e9telt haszn\u00e1latot.<\/p>\n<\/li>\n<li data-start=\"2013\" data-end=\"2111\">\n<p data-start=\"2015\" data-end=\"2111\"><strong data-start=\"2015\" data-end=\"2043\">Quad Mesh Tekercs (1.0\u03a9 \u00d74)<\/strong> \u2013 Biztos\u00edtja az egyenletes hev\u00edt\u00e9st, s\u0171r\u0171 g\u0151zt \u00e9s k\u00f6vetkezetes \u00edz\u00e9lm\u00e9nyt.<\/p>\n<\/li>\n<li data-start=\"2112\" data-end=\"2212\">\n<p data-start=\"2114\" data-end=\"2212\"><strong data-start=\"2114\" data-end=\"2140\">68ml E-Liquid Kapacit\u00e1s<\/strong> \u2013 T\u00e1mogatja a val\u00f3di hossz\u00fa t\u00e1v\u00fa teljes\u00edtm\u00e9nyt, gyakori megszak\u00edt\u00e1sok n\u00e9lk\u00fcl.<\/p>\n<\/li>\n<li data-start=\"2213\" data-end=\"2305\">\n<p data-start=\"2215\" data-end=\"2305\"><strong data-start=\"2215\" data-end=\"2235\">Okos LED k\u00e9perny\u0151<\/strong> \u2013 Vil\u00e1gosan mutatja az akkumul\u00e1tor \u00e9s az olaj szintj\u00e9t a jobb haszn\u00e1lati kontroll \u00e9rdek\u00e9ben.<\/p>\n<\/li>\n<li data-start=\"2306\" data-end=\"2403\">\n<p data-start=\"2308\" data-end=\"2403\"><strong data-start=\"2308\" data-end=\"2346\">650mAh Type-C \u00fajrat\u00f6lthet\u0151 akkumul\u00e1tor<\/strong> \u2013 Megb\u00edzhat\u00f3 energiaell\u00e1t\u00e1s gyors, univerz\u00e1lis t\u00f6lt\u00e9ssel.<\/p>\n<\/li>\n<\/ul>\n<figure id=\"attachment_4827\" aria-describedby=\"caption-attachment-4827\" style=\"width: 300px\" class=\"wp-caption alignnone\"><img decoding=\"async\" class=\"size-medium wp-image-4827\" src=\"https:\/\/vapestornado.com\/wp-content\/uploads\/2026\/01\/WASPE-Crystal-180k-Puff-Disposable-Vape-Pen-300x300.webp\" alt=\"Waspe Crystal 180k Puff Egyszer haszn\u00e1latos Vape Toll\" width=\"300\" height=\"300\" srcset=\"https:\/\/vapestornado.com\/wp-content\/uploads\/2026\/01\/WASPE-Crystal-180k-Puff-Disposable-Vape-Pen-300x300.webp 300w, https:\/\/vapestornado.com\/wp-content\/uploads\/2026\/01\/WASPE-Crystal-180k-Puff-Disposable-Vape-Pen-150x150.webp 150w, https:\/\/vapestornado.com\/wp-content\/uploads\/2026\/01\/WASPE-Crystal-180k-Puff-Disposable-Vape-Pen-768x768.webp 768w, https:\/\/vapestornado.com\/wp-content\/uploads\/2026\/01\/WASPE-Crystal-180k-Puff-Disposable-Vape-Pen-12x12.webp 12w, https:\/\/vapestornado.com\/wp-content\/uploads\/2026\/01\/WASPE-Crystal-180k-Puff-Disposable-Vape-Pen-600x600.webp 600w, https:\/\/vapestornado.com\/wp-content\/uploads\/2026\/01\/WASPE-Crystal-180k-Puff-Disposable-Vape-Pen-100x100.webp 100w, https:\/\/vapestornado.com\/wp-content\/uploads\/2026\/01\/WASPE-Crystal-180k-Puff-Disposable-Vape-Pen.webp 800w\" sizes=\"(max-width: 300px) 100vw, 300px\" \/><figcaption id=\"caption-attachment-4827\" class=\"wp-caption-text\">Waspe Crystal 180k Puff Egyszer haszn\u00e1latos Vape Toll<\/figcaption><\/figure>\n<figure id=\"attachment_4830\" aria-describedby=\"caption-attachment-4830\" style=\"width: 300px\" class=\"wp-caption alignnone\"><img decoding=\"async\" class=\"size-medium wp-image-4830\" src=\"https:\/\/vapestornado.com\/wp-content\/uploads\/2026\/01\/WASPE-Crystal-180k-Puffs-Bulk-Buy-Price-300x300.webp\" alt=\"WASPE Crystal 180k Puff Nagykereskedelmi \u00c1r\" width=\"300\" height=\"300\" srcset=\"https:\/\/vapestornado.com\/wp-content\/uploads\/2026\/01\/WASPE-Crystal-180k-Puffs-Bulk-Buy-Price-300x300.webp 300w, https:\/\/vapestornado.com\/wp-content\/uploads\/2026\/01\/WASPE-Crystal-180k-Puffs-Bulk-Buy-Price-150x150.webp 150w, https:\/\/vapestornado.com\/wp-content\/uploads\/2026\/01\/WASPE-Crystal-180k-Puffs-Bulk-Buy-Price-768x768.webp 768w, https:\/\/vapestornado.com\/wp-content\/uploads\/2026\/01\/WASPE-Crystal-180k-Puffs-Bulk-Buy-Price-12x12.webp 12w, https:\/\/vapestornado.com\/wp-content\/uploads\/2026\/01\/WASPE-Crystal-180k-Puffs-Bulk-Buy-Price-600x600.webp 600w, https:\/\/vapestornado.com\/wp-content\/uploads\/2026\/01\/WASPE-Crystal-180k-Puffs-Bulk-Buy-Price-100x100.webp 100w, https:\/\/vapestornado.com\/wp-content\/uploads\/2026\/01\/WASPE-Crystal-180k-Puffs-Bulk-Buy-Price.webp 800w\" sizes=\"(max-width: 300px) 100vw, 300px\" \/><figcaption id=\"caption-attachment-4830\" class=\"wp-caption-text\">WASPE Crystal 180k Puff Nagykereskedelmi \u00c1r<\/figcaption><\/figure>\n<figure id=\"attachment_4826\" aria-describedby=\"caption-attachment-4826\" style=\"width: 300px\" class=\"wp-caption alignnone\"><img loading=\"lazy\" decoding=\"async\" class=\"size-medium wp-image-4826\" src=\"https:\/\/vapestornado.com\/wp-content\/uploads\/2026\/01\/Waspe-Crystal-180k-Puff-8-in-1-Flavor-Adjustable-Disposable-Vape-300x300.webp\" alt=\"Waspe Crystal 180k Puff 8 az 1-ben \u00cdz \u00c1ll\u00edthat\u00f3 Egyszer haszn\u00e1latos Vape\" width=\"300\" height=\"300\" srcset=\"https:\/\/vapestornado.com\/wp-content\/uploads\/2026\/01\/Waspe-Crystal-180k-Puff-8-in-1-Flavor-Adjustable-Disposable-Vape-300x300.webp 300w, https:\/\/vapestornado.com\/wp-content\/uploads\/2026\/01\/Waspe-Crystal-180k-Puff-8-in-1-Flavor-Adjustable-Disposable-Vape-150x150.webp 150w, https:\/\/vapestornado.com\/wp-content\/uploads\/2026\/01\/Waspe-Crystal-180k-Puff-8-in-1-Flavor-Adjustable-Disposable-Vape-768x768.webp 768w, https:\/\/vapestornado.com\/wp-content\/uploads\/2026\/01\/Waspe-Crystal-180k-Puff-8-in-1-Flavor-Adjustable-Disposable-Vape-12x12.webp 12w, https:\/\/vapestornado.com\/wp-content\/uploads\/2026\/01\/Waspe-Crystal-180k-Puff-8-in-1-Flavor-Adjustable-Disposable-Vape-600x600.webp 600w, https:\/\/vapestornado.com\/wp-content\/uploads\/2026\/01\/Waspe-Crystal-180k-Puff-8-in-1-Flavor-Adjustable-Disposable-Vape-100x100.webp 100w, https:\/\/vapestornado.com\/wp-content\/uploads\/2026\/01\/Waspe-Crystal-180k-Puff-8-in-1-Flavor-Adjustable-Disposable-Vape.webp 843w\" sizes=\"(max-width: 300px) 100vw, 300px\" \/><figcaption id=\"caption-attachment-4826\" class=\"wp-caption-text\">Waspe Crystal 180k Puff 8 az 1-ben \u00cdz \u00c1ll\u00edthat\u00f3 Egyszer haszn\u00e1latos Vape<\/figcaption><\/figure>\n<div><\/div>\n<h2 class=\"product-title\"><strong>WASPE Crystal 180k Puff \u00cdzlista<\/strong><\/h2>\n<p>1. G\u00f6r\u00f6gdinnye J\u00e9g &amp; Citrom Lime &amp; Savany\u00fa Mang\u00f3 J\u00e9g &amp; Kivi Dinnye J\u00e9g<br \/>\n2. \u00c1fonya J\u00e9g &amp; Cseresznye K\u00f3la &amp; Eper Van\u00edlia &amp; Citrom Cseresznye<br \/>\n3. Red Bull Ice &amp; Strawberry Ice &amp; Sour Fcuking Fab &amp; Cola Ice<br \/>\n4. Sz\u0151l\u0151 Ice &amp; Eper Kiwi &amp; G\u00f6r\u00f6gdinnye Ice &amp; K\u00e9k Rancher<br \/>\n5. Dinnye Passion Gy\u00fcm\u00f6lcs &amp; Savany\u00fa Mang\u00f3 Anan\u00e1sz &amp; Ban\u00e1n Toffee Cukorka &amp; Eper Bogy\u00f3<br \/>\n6. Eper G\u00f6r\u00f6gdinnye &amp; H\u0171s Mentol &amp; K\u00e9k Razz Ice &amp; Fekete Ribizli Ice<br \/>\n7. Fekete Szeder Ice &amp; Dupla Alma &amp; Fekete S\u00e1rk\u00e1ny Ice &amp; Eper Kiwi<br \/>\n8. Eper Red Bull &amp; Cseresznye Cola &amp; Cseresznye Citrom &amp; Tr\u00f3pusi Gy\u00fcm\u00f6lcs<br \/>\n9. Vegyes Bogy\u00f3k &amp; Citrom Lime &amp; \u00c1fonya Ribizli &amp; Z\u00f6ld Alma<br \/>\n10. Eper Ribizli Cseresznye &amp; Eper G\u00f6r\u00f6gdinnye &amp; Kiwi G\u00f6r\u00f6gdinnye &amp; Citrom Lime<br \/>\n11. Eper Ban\u00e1n &amp; Mang\u00f3 \u0150szibarack &amp; Triple Bogy\u00f3k &amp; Eper Anan\u00e1sz<br \/>\n12. K\u00e9k Razz Limon\u00e1d\u00e9 &amp; Cseresznye Citrom &amp; \u00c1fonya Ice &amp; G\u00f6r\u00f6gdinnye \u0150szibarack<\/p>\n<div class=\"flex-shrink-0 flex flex-col relative items-end\">\n<div class=\"pt-0\">\n<div class=\"gizmo-bot-avatar flex h-8 w-8 items-center justify-center overflow-hidden rounded-full\">\n<div class=\"relative p-1 rounded-sm flex items-center justify-center bg-token-main-surface-primary text-token-text-primary h-8 w-8\">\n<h2 data-start=\"1200\" data-end=\"1487\">Vapes Tornado \u2013 Az \u00d6n Nagykereskedelmi Online P\u00e1rologtat\u00f3 Boltja a N\u00e9pszer\u0171 Vape-ekhez<\/h2>\n<p data-start=\"72\" data-end=\"396\"><strong data-start=\"72\" data-end=\"89\">Vapes Tornado<\/strong> egy Eur\u00f3p\u00e1ra f\u00f3kusz\u00e1l\u00f3 nagykereskedelmi online p\u00e1rologtat\u00f3 bolt, amely gondosan v\u00e1logatott k\u00edn\u00e1latot biztos\u00edt <strong data-start=\"178\" data-end=\"195\">n\u00e9pszer\u0171 vape-ekb\u0151l<\/strong> professzion\u00e1lis v\u00e1s\u00e1rl\u00f3k sz\u00e1m\u00e1ra. Olyan kiskeresked\u0151kkel, forgalmaz\u00f3kkal \u00e9s online \u00e1ruh\u00e1zakkal dolgozunk az EU-ban, akik stabil ell\u00e1t\u00e1st, vil\u00e1gos term\u00e9kinform\u00e1ci\u00f3kat \u00e9s olyan m\u00e1rk\u00e1kat keresnek, amelyeket a v\u00e1s\u00e1rl\u00f3k m\u00e1r ismernek \u00e9s megb\u00edznak benn\u00fck.<\/p>\n<p data-start=\"398\" data-end=\"687\">Biztos partnerekkel dolgozunk, mint p\u00e9ld\u00e1ul <strong data-start=\"247\" data-end=\"352\"><a href=\"https:\/\/vapestornado.com\/hu\/product\/randm-12000-puffs-fumot-digital-disposable-vape-wholesale-price\/\">Fumot VAPE<\/a>, <a href=\"https:\/\/vapestornado.com\/hu\/product\/original-wga-ultra-35k-35000-puff-rechargeable-crystal-disposable-nicotine-vape-best-discount-price\/\">WGA VAPE<\/a>, <a href=\"https:\/\/vapestornado.com\/hu\/product\/vozol-gear-shisha-25k-25000-puffs-best-dtl-disposable-vape-hookah-cheap-price\/\">VOZOL BAR VAPE<\/a>, <\/strong><strong data-start=\"247\" data-end=\"352\">Elf Bar Vape, WASPE Vape, <a href=\"https:\/\/vapestornado.com\/hu\/product\/uzy-150k-puffs-6-in-1-flavor-switch-disposable-vape-pen-wholesale\/\">UZY Vape<\/a>, Bang Vape, Razz Bar Vape, \u00e9s Stag Bar Vape<\/strong>, melyeket a folyamatos min\u0151s\u00e9g \u00e9s a nagy kereslet miatt v\u00e1lasztottak az eur\u00f3pai piacon.<\/p>\n<h4 data-start=\"1080\" data-end=\"1120\">\u00c9p\u00edtve eur\u00f3pai vaperek sz\u00e1m\u00e1ra Nagykereskedelem<\/h4>\n<p data-start=\"1121\" data-end=\"1189\">A Vapes Tornado az EU nagykeresked\u0151k val\u00f3di ig\u00e9nyei k\u00f6r\u00e9 \u00e9p\u00fclt:<\/p>\n<ul data-start=\"1190\" data-end=\"1400\">\n<li data-start=\"1190\" data-end=\"1239\">\n<p data-start=\"1192\" data-end=\"1239\">Versenyk\u00e9pes nagykereskedelmi \u00e1rak t\u00e9teles megrendel\u00e9sekhez<\/p>\n<\/li>\n<li data-start=\"1240\" data-end=\"1289\">\n<p data-start=\"1242\" data-end=\"1289\">\u00c1tl\u00e1that\u00f3 term\u00e9kle\u00edr\u00e1sok \u00e9s specifik\u00e1ci\u00f3k<\/p>\n<\/li>\n<li data-start=\"1290\" data-end=\"1330\">\n<p data-start=\"1292\" data-end=\"1330\">Gyors, megb\u00edzhat\u00f3 EU-orient\u00e1lt logisztika<\/p>\n<\/li>\n<li data-start=\"1331\" data-end=\"1400\">\n<p data-start=\"1333\" data-end=\"1400\">Egy katal\u00f3gus, amely a <strong data-start=\"1356\" data-end=\"1373\">n\u00e9pszer\u0171 vape-ekb\u0151l<\/strong>, nem t\u00falzs\u00fafolt SKUs-ra f\u00f3kusz\u00e1l<\/p>\n<\/li>\n<\/ul>\n<h2 data-start=\"2064\" data-end=\"2115\">GYIK a WASPE Crystal 180k Puffs Egyszer haszn\u00e1latos Vape-r\u0151l<\/h2>\n<p data-start=\"3376\" data-end=\"3516\"><strong data-start=\"3376\" data-end=\"3425\">1. Mennyi ideig tart a WASPE Crystal 180k?<\/strong><br data-start=\"3425\" data-end=\"3428\" \/>A haszn\u00e1lat a szok\u00e1sokt\u00f3l f\u00fcgg, de kifejlesztve hosszabb haszn\u00e1latra, ak\u00e1r 180 000 szippant\u00e1ssal.<\/p>\n<p data-start=\"3518\" data-end=\"3650\"><strong data-start=\"3518\" data-end=\"3557\">2. K\u00f6nnyen lehet v\u00e1ltani az \u00edzek k\u00f6z\u00f6tt?<\/strong><br data-start=\"3557\" data-end=\"3560\" \/>Igen, az 8 az 1-ben \u00e1ll\u00edthat\u00f3 \u00edzrendszer lehet\u0151v\u00e9 teszi az egyszer\u0171 \u00edzv\u00e1lt\u00e1st egy eszk\u00f6z\u00f6n bel\u00fcl.<\/p>\n<p data-start=\"3652\" data-end=\"3763\"><strong data-start=\"3652\" data-end=\"3700\">3. A WASPE Crystal 180000 \u00fajrat\u00f6lthet\u0151?<\/strong><br data-start=\"3700\" data-end=\"3703\" \/>Igen, 650mAh-s akkumul\u00e1torral \u00e9s Type-C gyors t\u00f6lt\u00e9ssel rendelkezik.<\/p>\n<p data-start=\"3765\" data-end=\"3898\"><strong data-start=\"3765\" data-end=\"3821\">4. Az eszk\u00f6z mutatja az akkumul\u00e1tor \u00e9s az e-liquid \u00e1llapot\u00e1t?<\/strong><br data-start=\"3821\" data-end=\"3824\" \/>Igen, a be\u00e9p\u00edtett LED-k\u00e9perny\u0151 egy\u00e9rtelm\u0171en mutatja az olaj- \u00e9s az akkumul\u00e1tor szinteket.<\/p>\n<p data-start=\"3900\" data-end=\"4056\"><strong data-start=\"3900\" data-end=\"3954\">5. Ez alkalmas nagykereskedelmi \u00e9s t\u00f6meges megrendel\u00e9sekre?<\/strong><br data-start=\"3954\" data-end=\"3957\" \/>Abszol\u00fat, kifejezetten az egyszer haszn\u00e1latos vaperek nagy t\u00e9telben t\u00f6rt\u00e9n\u0151 v\u00e1s\u00e1rl\u00e1s\u00e1ra \u00e9s nagy volumen\u0171 forgalmaz\u00e1s\u00e1ra tervezt\u00e9k.<\/p>\n<\/div>\n<\/div>\n<\/div>\n<\/div>","protected":false},"excerpt":{"rendered":"<div class=\"flex max-w-full flex-col grow\">\n<div class=\"min-h-8 text-message relative flex w-full flex-col items-end gap-2 text-start break-words whitespace-normal [.text-message+&amp;]:mt-1\" dir=\"auto\" data-message-author-role=\"assistant\" data-message-id=\"2a9d6edf-5b3a-41c0-afc9-caef2e4c2c3b\" data-message-model-slug=\"gpt-5-2\">\n<div class=\"flex w-full flex-col gap-1 empty:hidden first:pt-[1px]\">\n<div class=\"markdown prose dark:prose-invert w-full break-words light markdown-new-styling\">\n<ul>\n<li data-start=\"4315\" data-end=\"4401\">\n<p data-start=\"4318\" data-end=\"4401\"><strong data-start=\"4318\" data-end=\"4399\">WASPE Crystal 180K Puff Egyszer haszn\u00e1latos Vape \u2013 8-in-1 \u00cdz Er\u0151 Nagykeresked\u0151knek<\/strong><\/p>\n<\/li>\n<li data-start=\"4402\" data-end=\"4487\">\n<p data-start=\"4405\" data-end=\"4487\"><strong data-start=\"4405\" data-end=\"4485\">WASPE Crystal 180000 Puffs Vape K\u00e9perny\u0151vel | Nagykapacit\u00e1s\u00fa Nagykereskedelmi V\u00e1laszt\u00e9k<\/strong><\/p>\n<\/li>\n<li data-start=\"4488\" data-end=\"4567\">\n<p data-start=\"4491\" data-end=\"4567\"><strong data-start=\"4491\" data-end=\"4567\">WASPE 180k Puff Egyszer haszn\u00e1latos Vape Toll \u2013 A mennyis\u00e9gre tervezve, az elad\u00e1sra kialak\u00edtva<\/strong><\/p>\n<\/li>\n<\/ul>\n<\/div>\n<\/div>\n<\/div>\n<\/div>\n<p><strong>Add hozz\u00e1 Amy whatsappj\u00e1t, hogy azonnali v\u00e1laszt \u00e9s kedvezm\u00e9nyes \u00e1rat kapj!<\/strong><\/p>\n<p><img fetchpriority=\"high\" decoding=\"async\" class=\"size-full wp-image-2932\" src=\"https:\/\/vapestornado.com\/wp-content\/uploads\/2024\/12\/Vape-Wholesale.jpg\" alt=\"Vape nagykereskedelem\" width=\"229\" height=\"300\" \/><\/p>\n<h3><a href=\"https:\/\/wa.me\/8617776015835\"><span style=\"color: #ff0000;\"><strong>WhatsApp: +86 17776015835<\/strong><\/span><\/a><\/h3>","protected":false},"featured_media":4832,"comment_status":"open","ping_status":"closed","template":"","meta":{"_acf_changed":false,"_uag_custom_page_level_css":"","_lmt_disableupdate":"no","_lmt_disable":"","_monsterinsights_skip_tracking":false,"_monsterinsights_sitenote_active":false,"_monsterinsights_sitenote_note":"","_monsterinsights_sitenote_category":0,"site-sidebar-layout":"default","site-content-layout":"","ast-site-content-layout":"default","site-content-style":"default","site-sidebar-style":"default","ast-global-header-display":"","ast-banner-title-visibility":"","ast-main-header-display":"","ast-hfb-above-header-display":"","ast-hfb-below-header-display":"","ast-hfb-mobile-header-display":"","site-post-title":"","ast-breadcrumbs-content":"","ast-featured-img":"","footer-sml-layout":"","ast-disable-related-posts":"","theme-transparent-header-meta":"default","adv-header-id-meta":"","stick-header-meta":"","header-above-stick-meta":"","header-main-stick-meta":"","header-below-stick-meta":"","astra-migrate-meta-layouts":"set","ast-page-background-enabled":"default","ast-page-background-meta":{"desktop":{"background-color":"","background-image":"","background-repeat":"repeat","background-position":"center center","background-size":"auto","background-attachment":"scroll","background-type":"","background-media":"","overlay-type":"","overlay-color":"","overlay-opacity":"","overlay-gradient":""},"tablet":{"background-color":"","background-image":"","background-repeat":"repeat","background-position":"center center","background-size":"auto","background-attachment":"scroll","background-type":"","background-media":"","overlay-type":"","overlay-color":"","overlay-opacity":"","overlay-gradient":""},"mobile":{"background-color":"","background-image":"","background-repeat":"repeat","background-position":"center center","background-size":"auto","background-attachment":"scroll","background-type":"","background-media":"","overlay-type":"","overlay-color":"","overlay-opacity":"","overlay-gradient":""}},"ast-content-background-meta":{"desktop":{"background-color":"var(--ast-global-color-5)","background-image":"","background-repeat":"repeat","background-position":"center center","background-size":"auto","background-attachment":"scroll","background-type":"","background-media":"","overlay-type":"","overlay-color":"","overlay-opacity":"","overlay-gradient":""},"tablet":{"background-color":"var(--ast-global-color-5)","background-image":"","background-repeat":"repeat","background-position":"center center","background-size":"auto","background-attachment":"scroll","background-type":"","background-media":"","overlay-type":"","overlay-color":"","overlay-opacity":"","overlay-gradient":""},"mobile":{"background-color":"var(--ast-global-color-5)","background-image":"","background-repeat":"repeat","background-position":"center center","background-size":"auto","background-attachment":"scroll","background-type":"","background-media":"","overlay-type":"","overlay-color":"","overlay-opacity":"","overlay-gradient":""}},"_joinchat":[]},"product_brand":[],"product_cat":[150,152,153,158,141,142,492,144,146,60],"product_tag":[561,560,269,559,558,557],"class_list":{"0":"post-4833","1":"product","2":"type-product","3":"status-publish","4":"has-post-thumbnail","6":"product_cat-buy-disposable-vapes-in-belgium","7":"product_cat-buy-disposable-vapes-in-cermany","8":"product_cat-buy-disposable-vapes-in-italy","9":"product_cat-buy-disposable-vapes-in-spain","10":"product_cat-crystal-disposable-vapes","11":"product_cat-digital-box-disposable-vapes","12":"product_cat-eu-warehouse","13":"product_cat-low-nicotine-disposable-vapes","14":"product_cat-rechargeable-disposable-vapes","15":"product_cat-waspe-fihp-vape","16":"product_tag-disposable-vapes-bulk-buy","17":"product_tag-disposable-vapes-pen","18":"product_tag-vape-with-screen","19":"product_tag-waspe-180k-puff","20":"product_tag-waspe-crystal-180000","21":"product_tag-waspe-crystal-180k","22":"desktop-align-left","23":"tablet-align-left","24":"mobile-align-left","26":"first","27":"instock","28":"sale","29":"shipping-taxable","30":"purchasable","31":"product-type-simple"},"acf":[],"uagb_featured_image_src":{"full":["https:\/\/vapestornado.com\/wp-content\/uploads\/2026\/01\/WASPE-Crystal-180000-Puffs-Multi-Flavor-Disposable-Vapes.webp",800,800,false],"thumbnail":["https:\/\/vapestornado.com\/wp-content\/uploads\/2026\/01\/WASPE-Crystal-180000-Puffs-Multi-Flavor-Disposable-Vapes-150x150.webp",150,150,true],"medium":["https:\/\/vapestornado.com\/wp-content\/uploads\/2026\/01\/WASPE-Crystal-180000-Puffs-Multi-Flavor-Disposable-Vapes-300x300.webp",300,300,true],"medium_large":["https:\/\/vapestornado.com\/wp-content\/uploads\/2026\/01\/WASPE-Crystal-180000-Puffs-Multi-Flavor-Disposable-Vapes-768x768.webp",768,768,true],"large":["https:\/\/vapestornado.com\/wp-content\/uploads\/2026\/01\/WASPE-Crystal-180000-Puffs-Multi-Flavor-Disposable-Vapes.webp",800,800,false],"1536x1536":["https:\/\/vapestornado.com\/wp-content\/uploads\/2026\/01\/WASPE-Crystal-180000-Puffs-Multi-Flavor-Disposable-Vapes.webp",800,800,false],"2048x2048":["https:\/\/vapestornado.com\/wp-content\/uploads\/2026\/01\/WASPE-Crystal-180000-Puffs-Multi-Flavor-Disposable-Vapes.webp",800,800,false],"trp-custom-language-flag":["https:\/\/vapestornado.com\/wp-content\/uploads\/2026\/01\/WASPE-Crystal-180000-Puffs-Multi-Flavor-Disposable-Vapes-12x12.webp",12,12,true],"woocommerce_thumbnail":["https:\/\/vapestornado.com\/wp-content\/uploads\/2026\/01\/WASPE-Crystal-180000-Puffs-Multi-Flavor-Disposable-Vapes-300x300.webp",300,300,true],"woocommerce_single":["https:\/\/vapestornado.com\/wp-content\/uploads\/2026\/01\/WASPE-Crystal-180000-Puffs-Multi-Flavor-Disposable-Vapes-600x600.webp",600,600,true],"woocommerce_gallery_thumbnail":["https:\/\/vapestornado.com\/wp-content\/uploads\/2026\/01\/WASPE-Crystal-180000-Puffs-Multi-Flavor-Disposable-Vapes-100x100.webp",100,100,true]},"uagb_author_info":{"display_name":"ESAMY","author_link":"https:\/\/vapestornado.com\/hu\/author\/"},"uagb_comment_info":0,"uagb_excerpt":"WASPE Crystal 180K Puff Disposable Vape \u2013 8-in-1 Flavor Power for Bulk Buyers WASPE Crystal 180000 Puffs Vape with Screen | High-Capacity Wholesale Choice WASPE 180k Puff Disposable Vape Pen \u2013 Built for Volume, Designed to Sell Add Amy's whatsapp to get right reply and discount price! WhatsApp: +86 17776015835","_links":{"self":[{"href":"https:\/\/vapestornado.com\/hu\/wp-json\/wp\/v2\/product\/4833","targetHints":{"allow":["GET"]}}],"collection":[{"href":"https:\/\/vapestornado.com\/hu\/wp-json\/wp\/v2\/product"}],"about":[{"href":"https:\/\/vapestornado.com\/hu\/wp-json\/wp\/v2\/types\/product"}],"replies":[{"embeddable":true,"href":"https:\/\/vapestornado.com\/hu\/wp-json\/wp\/v2\/comments?post=4833"}],"wp:featuredmedia":[{"embeddable":true,"href":"https:\/\/vapestornado.com\/hu\/wp-json\/wp\/v2\/media\/4832"}],"wp:attachment":[{"href":"https:\/\/vapestornado.com\/hu\/wp-json\/wp\/v2\/media?parent=4833"}],"wp:term":[{"taxonomy":"product_brand","embeddable":true,"href":"https:\/\/vapestornado.com\/hu\/wp-json\/wp\/v2\/product_brand?post=4833"},{"taxonomy":"product_cat","embeddable":true,"href":"https:\/\/vapestornado.com\/hu\/wp-json\/wp\/v2\/product_cat?post=4833"},{"taxonomy":"product_tag","embeddable":true,"href":"https:\/\/vapestornado.com\/hu\/wp-json\/wp\/v2\/product_tag?post=4833"}],"curies":[{"name":"wp","href":"https:\/\/api.w.org\/{rel}","templated":true}]}}