{"id":4822,"date":"2026-01-22T08:52:40","date_gmt":"2026-01-22T08:52:40","guid":{"rendered":"https:\/\/vapestornado.com\/?post_type=product&#038;p=4822"},"modified":"2026-01-22T09:13:50","modified_gmt":"2026-01-22T09:13:50","slug":"vozol-neon-45000-puffs-45k-adjustable-ice-level-disposable-vape-pod","status":"publish","type":"product","link":"https:\/\/vapestornado.com\/hu\/product\/vozol-neon-45000-puffs-45k-adjustable-ice-level-disposable-vape-pod\/","title":{"rendered":"Vozol Neon 45000 Szippant\u00e1s 45k \u00c1ll\u00edthat\u00f3 J\u00e9g Szint Diszposz\u00edbilis Vape Pod"},"content":{"rendered":"<h1 data-start=\"0\" data-end=\"87\">Vozol Neon 45000 Szippant\u00e1s \u00c1ll\u00edthat\u00f3 J\u00e9g Diszposz\u00edbilis Vape Pod<\/h1>\n<p data-start=\"63\" data-end=\"414\">A <strong data-start=\"67\" data-end=\"93\">Vozol Neon 45000 Szippant\u00e1s<\/strong> azoknak k\u00e9sz\u00fclt, akik hossz\u00fa \u00fczemid\u0151t, vil\u00e1gos kontrollt \u00e9s stabil \u00edzt szeretn\u00e9nek az els\u0151 szippant\u00e1st\u00f3l az utols\u00f3ig. Olyan kialak\u00edt\u00e1ssal, mint egy <strong data-start=\"217\" data-end=\"249\">magas min\u0151s\u00e9g\u0171 diszposz\u00edbilis vape<\/strong>, ez ak\u00e1r <strong data-start=\"269\" data-end=\"285\">45 000 sz\u00edv\u00e1s<\/strong> \u00fajrat\u00f6lthet\u0151 rendszerrel, amely megb\u00edzhat\u00f3 v\u00e1laszt\u00e1s neh\u00e9z felhaszn\u00e1l\u00f3k \u00e9s nagykeresked\u0151k sz\u00e1m\u00e1ra, akik az \u00e9rt\u00e9kre \u00e9s teljes\u00edtm\u00e9nyre helyezik a hangs\u00falyt.<\/p>\n<p data-start=\"416\" data-end=\"786\">Egy <strong data-start=\"429\" data-end=\"468\">1000mAh t\u00edpus-C \u00fajrat\u00f6lthet\u0151 akkumul\u00e1tor<\/strong>, a <strong data-start=\"474\" data-end=\"492\">Vozol Neon 45K<\/strong> biztos\u00edtja, hogy az e-liquid teljesen felhaszn\u00e1l\u00e1sra ker\u00fclj\u00f6n, ne vesszen el. A be\u00e9p\u00edtett <strong data-start=\"554\" data-end=\"574\">vape k\u00e9perny\u0151vel<\/strong> val\u00f3s idej\u0171 kijelz\u0151vel mutatja az akkumul\u00e1tor \u00e9s az e-liquid szinteket, seg\u00edtve a felhaszn\u00e1l\u00f3kat a haszn\u00e1lat kezel\u00e9s\u00e9ben tal\u00e1lgat\u00e1s n\u00e9lk\u00fcl. A Vozol h\u00e1l\u00f3sz\u00e1l \u00e9s S.i.L.C \u00edztechnol\u00f3gia kombin\u00e1ci\u00f3j\u00e1val minden szippant\u00e1s k\u00f6vetkezetes, sima \u00e9s telt \u00edz\u0171 marad.<\/p>\n<p data-start=\"788\" data-end=\"1345\">Mint egy <strong data-start=\"794\" data-end=\"828\">\u00c1ll\u00edthat\u00f3 J\u00e9g Diszposz\u00edbilis Vape<\/strong>, a Vozol Neon 45000 lehet\u0151v\u00e9 teszi a felhaszn\u00e1l\u00f3k sz\u00e1m\u00e1ra, hogy finomhangolj\u00e1k a h\u0171t\u00e9si szintet, hogy megfeleljenek k\u00fcl\u00f6nb\u00f6z\u0151 \u00edzprofiloknak \u00e9s szem\u00e9lyes preferenci\u00e1knak. 20ml el\u0151re t\u00f6lt\u00f6tt e-liquid, 2% nikotinszint \u00e9s modern pod-st\u00edlus\u00fa testtel ez a <strong data-start=\"1037\" data-end=\"1060\">Diszposz\u00edbilis Vape Pod<\/strong> egyens\u00falyt teremt er\u0151s teljes\u00edtm\u00e9ny \u00e9s napi k\u00e9nyelem k\u00f6z\u00f6tt. Disztrib\u00fatorok \u00e9s kiskeresked\u0151k sz\u00e1m\u00e1ra a Vozol vape term\u00e9kek stabil min\u0151s\u00e9g\u00fckr\u0151l, er\u0151s m\u00e1rkaismerts\u00e9g\u00fckr\u0151l \u00e9s ism\u00e9telt kereslet\u00fckr\u0151l ismertek.<br data-start=\"1235\" data-end=\"1238\" \/><strong data-start=\"1238\" data-end=\"1251\">Rendelje meg most<\/strong> \u00e9s biztos\u00edtson hossz\u00fa \u00e9lettartam\u00fa, kijelz\u0151vel ell\u00e1tott diszposz\u00edbilis k\u00e9sz\u00fcl\u00e9ket, amely megfelel a mai piaci elv\u00e1r\u00e1soknak.<\/p>\n<p><strong><span style=\"color: #ff0000;\">Adja hozz\u00e1 Amy-t WhatsApp-on, hogy azonnali v\u00e1laszt \u00e9s vape kupont kapjon!<\/span><\/strong><\/p>\n<p><img fetchpriority=\"high\" decoding=\"async\" class=\"size-full wp-image-2932\" src=\"https:\/\/vapestornado.com\/wp-content\/uploads\/2024\/12\/Vape-Wholesale.jpg\" alt=\"Vape nagykereskedelem\" width=\"229\" height=\"300\" \/><\/p>\n<h3><a href=\"https:\/\/wa.me\/8617776015835\" target=\"_blank\" rel=\"noopener\"><span style=\"color: #ff0000;\"><strong>WhatsApp: +86 17776015835<\/strong><\/span><\/a><\/h3>\n<p>&nbsp;<\/p>\n<h2><strong>Vozol Neon 45000 Szippant\u00e1s Term\u00e9kjellemz\u0151k<\/strong><\/h2>\n<ul data-start=\"1939\" data-end=\"2435\">\n<li data-start=\"1939\" data-end=\"2042\">\n<p data-start=\"1941\" data-end=\"2042\"><strong data-start=\"1941\" data-end=\"1966\">45 000 Szippant\u00e1s Kapacit\u00e1s:<\/strong> Kifejezetten hossz\u00fa haszn\u00e1latra tervezve, cs\u00f6kkentve a gyakori vaperek cser\u00e9j\u00e9nek k\u00f6lts\u00e9g\u00e9t.<\/p>\n<\/li>\n<li data-start=\"2043\" data-end=\"2145\">\n<p data-start=\"2045\" data-end=\"2145\"><strong data-start=\"2045\" data-end=\"2078\">\u00dajrat\u00f6lthet\u0151 1000mAh-s Akkumul\u00e1tor:<\/strong> Type-C gyors t\u00f6lt\u00e9s biztos\u00edtja az \u00f6sszes el\u0151re t\u00f6lt\u00f6tt e-liquid teljes kihaszn\u00e1l\u00e1s\u00e1t.<\/p>\n<\/li>\n<li data-start=\"2146\" data-end=\"2238\">\n<p data-start=\"2148\" data-end=\"2238\"><strong data-start=\"2148\" data-end=\"2173\">Okos k\u00e9perny\u0151:<\/strong> J\u00f3l l\u00e1that\u00f3an mutatja az akkumul\u00e1tor \u00e9s az olaj szintj\u00e9t a jobb haszn\u00e1lat \u00e9rdek\u00e9ben.<\/p>\n<\/li>\n<li data-start=\"2239\" data-end=\"2337\">\n<p data-start=\"2241\" data-end=\"2337\"><strong data-start=\"2241\" data-end=\"2266\">\u00c1ll\u00edthat\u00f3 J\u00e9g Szint:<\/strong> Lehet\u0151v\u00e9 teszi a felhaszn\u00e1l\u00f3k sz\u00e1m\u00e1ra, hogy testre szabj\u00e1k a h\u0171t\u00e9s er\u0151ss\u00e9g\u00e9t a k\u00e9sz\u00fcl\u00e9k cser\u00e9je n\u00e9lk\u00fcl.<\/p>\n<\/li>\n<li data-start=\"2338\" data-end=\"2435\">\n<p data-start=\"2340\" data-end=\"2435\"><strong data-start=\"2340\" data-end=\"2365\">H\u00e1l\u00f3s tekercs technol\u00f3gia:<\/strong> Egys\u00e9ges meleg\u00edt\u00e9st, sima g\u0151zt \u00e9s k\u00f6vetkezetes \u00edz kimenetet biztos\u00edt.<\/p>\n<\/li>\n<\/ul>\n<figure id=\"attachment_4816\" aria-describedby=\"caption-attachment-4816\" style=\"width: 284px\" class=\"wp-caption alignnone\"><img decoding=\"async\" class=\"size-medium wp-image-4816\" src=\"https:\/\/vapestornado.com\/wp-content\/uploads\/2026\/01\/Vozol-45K-45000-Puff-Disposable-Vape-Pod-Wholesale-1-284x300.webp\" alt=\"Vozol 45K 45000 Szippant\u00e1s Eldobhat\u00f3 Vape Pod Nagykereskedelem\" width=\"284\" height=\"300\" srcset=\"https:\/\/vapestornado.com\/wp-content\/uploads\/2026\/01\/Vozol-45K-45000-Puff-Disposable-Vape-Pod-Wholesale-1-284x300.webp 284w, https:\/\/vapestornado.com\/wp-content\/uploads\/2026\/01\/Vozol-45K-45000-Puff-Disposable-Vape-Pod-Wholesale-1-971x1024.webp 971w, https:\/\/vapestornado.com\/wp-content\/uploads\/2026\/01\/Vozol-45K-45000-Puff-Disposable-Vape-Pod-Wholesale-1-768x810.webp 768w, https:\/\/vapestornado.com\/wp-content\/uploads\/2026\/01\/Vozol-45K-45000-Puff-Disposable-Vape-Pod-Wholesale-1-1456x1536.webp 1456w, https:\/\/vapestornado.com\/wp-content\/uploads\/2026\/01\/Vozol-45K-45000-Puff-Disposable-Vape-Pod-Wholesale-1-11x12.webp 11w, https:\/\/vapestornado.com\/wp-content\/uploads\/2026\/01\/Vozol-45K-45000-Puff-Disposable-Vape-Pod-Wholesale-1-600x633.webp 600w, https:\/\/vapestornado.com\/wp-content\/uploads\/2026\/01\/Vozol-45K-45000-Puff-Disposable-Vape-Pod-Wholesale-1.webp 1500w\" sizes=\"(max-width: 284px) 100vw, 284px\" \/><figcaption id=\"caption-attachment-4816\" class=\"wp-caption-text\">Vozol 45K 45000 Szippant\u00e1s Eldobhat\u00f3 Vape Pod Nagykereskedelem<\/figcaption><\/figure>\n<div><\/div>\n<h2 class=\"product-title\"><strong>Vozol Neon 45000 Szippant\u00e1s \u00cdzlista<\/strong><\/h2>\n<p>1. Bogy\u00f3s Cseresznye Lime<br \/>\n2. bogy\u00f3s menta<br \/>\n3. K\u00e9k M\u00e1lna J\u00e9g<br \/>\n4.\u00c1fonya g\u00f6r\u00f6gdinnye<br \/>\n5. Cseresznye K\u00f3la<br \/>\n6. cseresznye strazz<br \/>\n7. \u00c1fonya J\u00e9g<br \/>\n8. S\u00e1rk\u00e1nygy\u00fcm\u00f6lcs Ban\u00e1n Cseresznye<br \/>\n9. Fagyasztott Eper<br \/>\n10. Sz\u0151l\u0151 J\u00e9g<br \/>\n11. Hawaii Anan\u00e1sz Paradicsom<br \/>\n12. Szerelem 777<br \/>\n13. Licsi Narancs Szenved\u00e9ly Gy\u00fcm\u00f6lcs<br \/>\n14. hajadon<br \/>\n15,Mango Ice<br \/>\n16.Miami Mint<br \/>\n17.Mixed Berries<br \/>\n18.Peach Ice<br \/>\n19.Savany alma j\u00e9g<br \/>\n20.Savany mang\u00f3 anan\u00e1sz<br \/>\n21.Eper ban\u00e1n<br \/>\n22.Eper margarita<br \/>\n23.vzbull<br \/>\n24.T\u00f6kj\u00e9g<br \/>\n25.T\u00f6k Razz Rancher<br \/>\n26.T\u00f6k Savany\u00fa S\u00e1rgabarack<\/p>\n<div class=\"flex-shrink-0 flex flex-col relative items-end\">\n<div class=\"pt-0\">\n<div class=\"gizmo-bot-avatar flex h-8 w-8 items-center justify-center overflow-hidden rounded-full\">\n<div class=\"relative p-1 rounded-sm flex items-center justify-center bg-token-main-surface-primary text-token-text-primary h-8 w-8\">\n<h2 data-start=\"1200\" data-end=\"1487\">Vapes Tornado \u2013 Az \u00d6n Nagykereskedelmi Online P\u00e1rologtat\u00f3 Boltja a N\u00e9pszer\u0171 Vape-ekhez<\/h2>\n<p data-start=\"72\" data-end=\"396\"><strong data-start=\"72\" data-end=\"89\">Vapes Tornado<\/strong> egy Eur\u00f3p\u00e1ra f\u00f3kusz\u00e1l\u00f3 nagykereskedelmi online p\u00e1rologtat\u00f3 bolt, amely gondosan v\u00e1logatott k\u00edn\u00e1latot biztos\u00edt <strong data-start=\"178\" data-end=\"195\">n\u00e9pszer\u0171 vape-ekb\u0151l<\/strong> professzion\u00e1lis v\u00e1s\u00e1rl\u00f3k sz\u00e1m\u00e1ra. Olyan kiskeresked\u0151kkel, forgalmaz\u00f3kkal \u00e9s online \u00e1ruh\u00e1zakkal dolgozunk az EU-ban, akik stabil ell\u00e1t\u00e1st, vil\u00e1gos term\u00e9kinform\u00e1ci\u00f3kat \u00e9s olyan m\u00e1rk\u00e1kat keresnek, amelyeket a v\u00e1s\u00e1rl\u00f3k m\u00e1r ismernek \u00e9s megb\u00edznak benn\u00fck.<\/p>\n<p data-start=\"398\" data-end=\"687\">Biztos partnerekkel dolgozunk, mint p\u00e9ld\u00e1ul <strong data-start=\"247\" data-end=\"352\">Elf Bar Vape, WASPE Vape, <a href=\"https:\/\/vapestornado.com\/hu\/product\/uzy-150k-puffs-6-in-1-flavor-switch-disposable-vape-pen-wholesale\/\">UZY Vape<\/a>, Bang Vape, Razz Bar Vape, <a href=\"https:\/\/vapestornado.com\/hu\/product\/randm-12000-puffs-fumot-digital-disposable-vape-wholesale-price\/\">Fumot VAPE<\/a>, <a href=\"https:\/\/vapestornado.com\/hu\/product\/original-wga-ultra-35k-35000-puff-rechargeable-crystal-disposable-nicotine-vape-best-discount-price\/\">WGA VAPE<\/a>, <a href=\"https:\/\/vapestornado.com\/hu\/product\/vozol-gear-shisha-25k-25000-puffs-best-dtl-disposable-vape-hookah-cheap-price\/\">VOZOL BAR VAPE<\/a>,\u00a0\u00e9s Stag Bar Vape<\/strong>, melyeket a folyamatos min\u0151s\u00e9g \u00e9s a nagy kereslet miatt v\u00e1lasztottak az eur\u00f3pai piacon.<\/p>\n<h4 data-start=\"1080\" data-end=\"1120\">Eur\u00f3pai nagykereskedelmi v\u00e1s\u00e1rl\u00f3k sz\u00e1m\u00e1ra k\u00e9sz\u00fclt<\/h4>\n<p data-start=\"1121\" data-end=\"1189\">A Vapes Tornado az EU nagykeresked\u0151k val\u00f3di ig\u00e9nyei k\u00f6r\u00e9 \u00e9p\u00fclt:<\/p>\n<ul data-start=\"1190\" data-end=\"1400\">\n<li data-start=\"1190\" data-end=\"1239\">\n<p data-start=\"1192\" data-end=\"1239\">Versenyk\u00e9pes nagykereskedelmi \u00e1rak t\u00e9teles megrendel\u00e9sekhez<\/p>\n<\/li>\n<li data-start=\"1240\" data-end=\"1289\">\n<p data-start=\"1242\" data-end=\"1289\">\u00c1tl\u00e1that\u00f3 term\u00e9kle\u00edr\u00e1sok \u00e9s specifik\u00e1ci\u00f3k<\/p>\n<\/li>\n<li data-start=\"1290\" data-end=\"1330\">\n<p data-start=\"1292\" data-end=\"1330\">Gyors, megb\u00edzhat\u00f3 EU-orient\u00e1lt logisztika<\/p>\n<\/li>\n<li data-start=\"1331\" data-end=\"1400\">\n<p data-start=\"1333\" data-end=\"1400\">Egy katal\u00f3gus, amely a <strong data-start=\"1356\" data-end=\"1373\">n\u00e9pszer\u0171 vape-ekb\u0151l<\/strong>, nem t\u00falzs\u00fafolt SKUs-ra f\u00f3kusz\u00e1l<\/p>\n<\/li>\n<\/ul>\n<h2 data-start=\"2064\" data-end=\"2115\">Gyakran Ism\u00e9telt K\u00e9rd\u00e9sek a Vozol Neon 45000 Puffs egyszer haszn\u00e1latos vape-r\u0151l<\/h2>\n<p data-start=\"2720\" data-end=\"2871\"><strong data-start=\"2720\" data-end=\"2767\">Ez a Neon 45000 val\u00f3di Vozol term\u00e9k?<\/strong><br data-start=\"2767\" data-end=\"2770\" \/>Igen, a Vozol Neon 45000 Puffs egy hiteles Vozol vape hivatalos m\u00e1rk\u00e1z\u00e1ssal \u00e9s specifik\u00e1ci\u00f3kkal.<\/p>\n<p data-start=\"2873\" data-end=\"3008\"><strong data-start=\"2873\" data-end=\"2915\">Meddig tart a Vozol Neon 45K?<\/strong><br data-start=\"2915\" data-end=\"2918\" \/>Haszn\u00e1lat f\u00fcgg a szok\u00e1sokt\u00f3l, de a 45 000 szippant\u00e1s kapacit\u00e1s hossz\u00fa t\u00e1v\u00fa napi haszn\u00e1latra lett tervezve.<\/p>\n<p data-start=\"3010\" data-end=\"3133\"><strong data-start=\"3010\" data-end=\"3048\">T\u00f6lthetem \u00fajra a Vozol Neon 45000-et?<\/strong><br data-start=\"3048\" data-end=\"3051\" \/>Igen, Type-C t\u00f6lthet\u0151 akkumul\u00e1torral rendelkezik, hogy teljesen elfogyassza a 20 ml e-liquidet.<\/p>\n<p data-start=\"3135\" data-end=\"3256\"><strong data-start=\"3135\" data-end=\"3174\">Milyen nikotinszintet haszn\u00e1l?<\/strong><br data-start=\"3174\" data-end=\"3177\" \/>Ez a modell 2% (20mg\/ml) nikotinszinttel rendelkezik az egyens\u00falyos el\u00e9gedetts\u00e9g \u00e9rdek\u00e9ben.<\/p>\n<p data-start=\"3258\" data-end=\"3368\"><strong data-start=\"3258\" data-end=\"3298\">Hogyan tudom meg\u00e1llap\u00edtani, mikor fogy el?<\/strong><br data-start=\"3298\" data-end=\"3301\" \/>A be\u00e9p\u00edtett kijelz\u0151 val\u00f3s idej\u0171 akkumul\u00e1tor- \u00e9s e-liquid szinteket mutat.<\/p>\n<\/div>\n<\/div>\n<\/div>\n<\/div>","protected":false},"excerpt":{"rendered":"<div class=\"flex max-w-full flex-col grow\">\n<div class=\"min-h-8 text-message relative flex w-full flex-col items-end gap-2 text-start break-words whitespace-normal [.text-message+&amp;]:mt-1\" dir=\"auto\" data-message-author-role=\"assistant\" data-message-id=\"2a9d6edf-5b3a-41c0-afc9-caef2e4c2c3b\" data-message-model-slug=\"gpt-5-2\">\n<div class=\"flex w-full flex-col gap-1 empty:hidden first:pt-[1px]\">\n<div class=\"markdown prose dark:prose-invert w-full break-words light markdown-new-styling\">\n<p data-start=\"3612\" data-end=\"3673\">A Vozol Neon 45000 Szippant\u00e1s diszposz\u00edbilis vape pod hossz\u00fa t\u00e1v\u00fa teljes\u00edtm\u00e9nyt \u00e9s stabil \u00edzlead\u00e1st k\u00f6vetel\u0151 felhaszn\u00e1l\u00f3knak k\u00e9sz\u00fclt. Er\u0151s \u00fajrat\u00f6lthet\u0151 akkumul\u00e1torral, okost\u00e9perny\u0151s kijelz\u0151vel \u00e9s \u00e1ll\u00edthat\u00f3 j\u00e9g szinttel biztos\u00edt kontroll\u00e1lt, sima vapinget \u00e9s k\u00f6vetkezetes \u00edzt. A Vozol h\u00e1l\u00f3sz\u00e1l technol\u00f3gi\u00e1val tervezve megb\u00edzhat\u00f3 min\u0151s\u00e9get k\u00edn\u00e1l egy eleg\u00e1ns, pr\u00e9mium diszposz\u00edbilis vape form\u00e1tumban.<\/p>\n<\/div>\n<\/div>\n<\/div>\n<\/div>\n<p><strong>Add hozz\u00e1 Amy whatsappj\u00e1t, hogy azonnali v\u00e1laszt \u00e9s kedvezm\u00e9nyes \u00e1rat kapj!<\/strong><\/p>\n<p><img fetchpriority=\"high\" decoding=\"async\" class=\"size-full wp-image-2932\" src=\"https:\/\/vapestornado.com\/wp-content\/uploads\/2024\/12\/Vape-Wholesale.jpg\" alt=\"Vape nagykereskedelem\" width=\"229\" height=\"300\" \/><\/p>\n<h3><a href=\"https:\/\/wa.me\/8617776015835\"><span style=\"color: #ff0000;\"><strong>WhatsApp: +86 17776015835<\/strong><\/span><\/a><\/h3>","protected":false},"featured_media":4820,"comment_status":"open","ping_status":"closed","template":"","meta":{"_acf_changed":false,"_uag_custom_page_level_css":"","_lmt_disableupdate":"no","_lmt_disable":"","_monsterinsights_skip_tracking":false,"_monsterinsights_sitenote_active":false,"_monsterinsights_sitenote_note":"","_monsterinsights_sitenote_category":0,"site-sidebar-layout":"default","site-content-layout":"","ast-site-content-layout":"default","site-content-style":"default","site-sidebar-style":"default","ast-global-header-display":"","ast-banner-title-visibility":"","ast-main-header-display":"","ast-hfb-above-header-display":"","ast-hfb-below-header-display":"","ast-hfb-mobile-header-display":"","site-post-title":"","ast-breadcrumbs-content":"","ast-featured-img":"","footer-sml-layout":"","ast-disable-related-posts":"","theme-transparent-header-meta":"default","adv-header-id-meta":"","stick-header-meta":"","header-above-stick-meta":"","header-main-stick-meta":"","header-below-stick-meta":"","astra-migrate-meta-layouts":"set","ast-page-background-enabled":"default","ast-page-background-meta":{"desktop":{"background-color":"","background-image":"","background-repeat":"repeat","background-position":"center center","background-size":"auto","background-attachment":"scroll","background-type":"","background-media":"","overlay-type":"","overlay-color":"","overlay-opacity":"","overlay-gradient":""},"tablet":{"background-color":"","background-image":"","background-repeat":"repeat","background-position":"center center","background-size":"auto","background-attachment":"scroll","background-type":"","background-media":"","overlay-type":"","overlay-color":"","overlay-opacity":"","overlay-gradient":""},"mobile":{"background-color":"","background-image":"","background-repeat":"repeat","background-position":"center center","background-size":"auto","background-attachment":"scroll","background-type":"","background-media":"","overlay-type":"","overlay-color":"","overlay-opacity":"","overlay-gradient":""}},"ast-content-background-meta":{"desktop":{"background-color":"var(--ast-global-color-5)","background-image":"","background-repeat":"repeat","background-position":"center center","background-size":"auto","background-attachment":"scroll","background-type":"","background-media":"","overlay-type":"","overlay-color":"","overlay-opacity":"","overlay-gradient":""},"tablet":{"background-color":"var(--ast-global-color-5)","background-image":"","background-repeat":"repeat","background-position":"center center","background-size":"auto","background-attachment":"scroll","background-type":"","background-media":"","overlay-type":"","overlay-color":"","overlay-opacity":"","overlay-gradient":""},"mobile":{"background-color":"var(--ast-global-color-5)","background-image":"","background-repeat":"repeat","background-position":"center center","background-size":"auto","background-attachment":"scroll","background-type":"","background-media":"","overlay-type":"","overlay-color":"","overlay-opacity":"","overlay-gradient":""}},"_joinchat":[]},"product_brand":[],"product_cat":[265,149,150,151,152,153,143,492,146,57],"product_tag":[554,555,550,556,549,513,93,269,552,553,220],"class_list":{"0":"post-4822","1":"product","2":"type-product","3":"status-publish","4":"has-post-thumbnail","6":"product_cat-45000-puff","7":"product_cat-buy-disposable-vapes-in-austria","8":"product_cat-buy-disposable-vapes-in-belgium","9":"product_cat-buy-disposable-vapes-in-france","10":"product_cat-buy-disposable-vapes-in-cermany","11":"product_cat-buy-disposable-vapes-in-italy","12":"product_cat-dual-mesh-disposable-vapes","13":"product_cat-eu-warehouse","14":"product_cat-rechargeable-disposable-vapes","15":"product_cat-vozol-vape","16":"product_tag-adjustable-ice-disposable-vape","17":"product_tag-disposable-vape-pod","18":"product_tag-disposable-vape-with-screen","19":"product_tag-high-quanlity-disposable-vape","20":"product_tag-vape-cheap-price","21":"product_tag-vape-discount-price","22":"product_tag-vape-wholesale","23":"product_tag-vape-with-screen","24":"product_tag-vozol-neon-45000-puffs","25":"product_tag-vozol-neon-45k","26":"product_tag-vozol-vape","27":"desktop-align-left","28":"tablet-align-left","29":"mobile-align-left","31":"first","32":"instock","33":"sale","34":"shipping-taxable","35":"purchasable","36":"product-type-simple"},"acf":[],"uagb_featured_image_src":{"full":["https:\/\/vapestornado.com\/wp-content\/uploads\/2026\/01\/Vozol-45000-Puff-Disposable-Vape-Box-Wholesale.webp",800,800,false],"thumbnail":["https:\/\/vapestornado.com\/wp-content\/uploads\/2026\/01\/Vozol-45000-Puff-Disposable-Vape-Box-Wholesale-150x150.webp",150,150,true],"medium":["https:\/\/vapestornado.com\/wp-content\/uploads\/2026\/01\/Vozol-45000-Puff-Disposable-Vape-Box-Wholesale-300x300.webp",300,300,true],"medium_large":["https:\/\/vapestornado.com\/wp-content\/uploads\/2026\/01\/Vozol-45000-Puff-Disposable-Vape-Box-Wholesale-768x768.webp",768,768,true],"large":["https:\/\/vapestornado.com\/wp-content\/uploads\/2026\/01\/Vozol-45000-Puff-Disposable-Vape-Box-Wholesale.webp",800,800,false],"1536x1536":["https:\/\/vapestornado.com\/wp-content\/uploads\/2026\/01\/Vozol-45000-Puff-Disposable-Vape-Box-Wholesale.webp",800,800,false],"2048x2048":["https:\/\/vapestornado.com\/wp-content\/uploads\/2026\/01\/Vozol-45000-Puff-Disposable-Vape-Box-Wholesale.webp",800,800,false],"trp-custom-language-flag":["https:\/\/vapestornado.com\/wp-content\/uploads\/2026\/01\/Vozol-45000-Puff-Disposable-Vape-Box-Wholesale-12x12.webp",12,12,true],"woocommerce_thumbnail":["https:\/\/vapestornado.com\/wp-content\/uploads\/2026\/01\/Vozol-45000-Puff-Disposable-Vape-Box-Wholesale-300x300.webp",300,300,true],"woocommerce_single":["https:\/\/vapestornado.com\/wp-content\/uploads\/2026\/01\/Vozol-45000-Puff-Disposable-Vape-Box-Wholesale-600x600.webp",600,600,true],"woocommerce_gallery_thumbnail":["https:\/\/vapestornado.com\/wp-content\/uploads\/2026\/01\/Vozol-45000-Puff-Disposable-Vape-Box-Wholesale-100x100.webp",100,100,true]},"uagb_author_info":{"display_name":"ESAMY","author_link":"https:\/\/vapestornado.com\/hu\/author\/"},"uagb_comment_info":0,"uagb_excerpt":"The Vozol Neon 45000 Puffs disposable vape pod is built for users who demand long-lasting performance and stable flavour output. With a powerful rechargeable battery, smart screen display, and adjustable ice level, it delivers controlled, smooth vaping with consistent taste. Designed with Vozol mesh coil technology, it offers reliable quality in a sleek, high-end disposable&hellip;","_links":{"self":[{"href":"https:\/\/vapestornado.com\/hu\/wp-json\/wp\/v2\/product\/4822","targetHints":{"allow":["GET"]}}],"collection":[{"href":"https:\/\/vapestornado.com\/hu\/wp-json\/wp\/v2\/product"}],"about":[{"href":"https:\/\/vapestornado.com\/hu\/wp-json\/wp\/v2\/types\/product"}],"replies":[{"embeddable":true,"href":"https:\/\/vapestornado.com\/hu\/wp-json\/wp\/v2\/comments?post=4822"}],"wp:featuredmedia":[{"embeddable":true,"href":"https:\/\/vapestornado.com\/hu\/wp-json\/wp\/v2\/media\/4820"}],"wp:attachment":[{"href":"https:\/\/vapestornado.com\/hu\/wp-json\/wp\/v2\/media?parent=4822"}],"wp:term":[{"taxonomy":"product_brand","embeddable":true,"href":"https:\/\/vapestornado.com\/hu\/wp-json\/wp\/v2\/product_brand?post=4822"},{"taxonomy":"product_cat","embeddable":true,"href":"https:\/\/vapestornado.com\/hu\/wp-json\/wp\/v2\/product_cat?post=4822"},{"taxonomy":"product_tag","embeddable":true,"href":"https:\/\/vapestornado.com\/hu\/wp-json\/wp\/v2\/product_tag?post=4822"}],"curies":[{"name":"wp","href":"https:\/\/api.w.org\/{rel}","templated":true}]}}