{"id":4803,"date":"2026-01-14T07:52:29","date_gmt":"2026-01-14T07:52:29","guid":{"rendered":"https:\/\/vapestornado.com\/?post_type=product&#038;p=4803"},"modified":"2026-01-14T07:59:53","modified_gmt":"2026-01-14T07:59:53","slug":"runchunfu-200k-puffs-3-flavor-disposable-vape-wholesale-2-nic","status":"publish","type":"product","link":"https:\/\/vapestornado.com\/hu\/product\/runchunfu-200k-puffs-3-flavor-disposable-vape-wholesale-2-nic\/","title":{"rendered":"RUNCHUNFU 200k Puffs 3 \u00edzes\u00edt\u00e9s\u0171 egyszer haszn\u00e1latos vape nagykereskedelem 2% Nic"},"content":{"rendered":"<h1 data-start=\"0\" data-end=\"87\">RUNCHUNFU 200k Puffs 3 \u00edzes\u00edt\u00e9s\u0171 egyszer haszn\u00e1latos vape nagykereskedelem 2% Nic<\/h1>\n<p data-start=\"102\" data-end=\"545\">A <strong data-start=\"106\" data-end=\"130\">RUNCHUNFU 200k Puffs<\/strong> azoknak k\u00e9sz\u00fclt, akiknek sz\u00fcks\u00e9g\u00fck van egy <strong data-start=\"167\" data-end=\"184\">nagy puff vape<\/strong> er\u0151s polc vonzer\u0151vel \u00e9s hossz\u00fa t\u00e1v\u00fa megb\u00edzhat\u00f3s\u00e1ggal. Egy <strong data-start=\"251\" data-end=\"279\">3 \u00edz\u0171 eldobhat\u00f3 vape<\/strong>, lehet\u0151v\u00e9 teszi a felhaszn\u00e1l\u00f3k sz\u00e1m\u00e1ra, hogy h\u00e1rom \u00edz k\u00f6z\u00f6tt v\u00e1ltogassanak egy eszk\u00f6zben, t\u00f6bb v\u00e1ltozatoss\u00e1got adva, mik\u00f6zben cs\u00f6kkenti a kiskeresked\u0151k k\u00e9szletnyom\u00e1s\u00e1t. Ez a <strong data-start=\"418\" data-end=\"444\">\u00edz\u00e1ll\u00edthat\u00f3 vape<\/strong> form\u00e1tum bizony\u00edtottan n\u00f6veli az ism\u00e9telt v\u00e1s\u00e1rl\u00e1sokat \u00e9s a v\u00e1s\u00e1rl\u00f3i el\u00e9gedetts\u00e9get az EU eldobhat\u00f3 piacon.<\/p>\n<p data-start=\"547\" data-end=\"889\">A hatalmas <strong data-start=\"562\" data-end=\"585\">200 000 puff \u00e9rt\u00e9kel\u00e9s<\/strong>, egy <strong data-start=\"589\" data-end=\"615\">58 ml e-liquid kapacit\u00e1s<\/strong>, \u00e9s egy <strong data-start=\"623\" data-end=\"646\">0.8\u03a9 dupla h\u00e1l\u00f3tekercs<\/strong>, a <strong data-start=\"652\" data-end=\"676\">RUNCHUNFU 200k Puffs<\/strong> sima g\u0151zt \u00e9s stabil \u00edzt biztos\u00edt az els\u0151 sz\u00edv\u00e1st\u00f3l az utols\u00f3ig. Egy <strong data-start=\"763\" data-end=\"817\">650mAh t\u00edpus-C \u00fajrat\u00f6lthet\u0151 eldobhat\u00f3 vape akkumul\u00e1torral<\/strong>, amely fenntartja a folyamatos kimenetet, mik\u00f6zben a t\u00f6lt\u00e9s egyszer\u0171 \u00e9s gyors marad.<\/p>\n<p data-start=\"891\" data-end=\"1195\">Egy\u00e9rtelm\u0171 <strong data-start=\"899\" data-end=\"913\">LED k\u00e9perny\u0151<\/strong> mindkett\u0151t mutatja <strong data-start=\"925\" data-end=\"962\">akkumul\u00e1tor t\u00f6lt\u00f6tts\u00e9gi szintj\u00e9t \u00e9s az e-liquid \u00e1llapot\u00e1t<\/strong>, cs\u00f6kkentve a k\u00e9sz\u00fcl\u00e9kek visszak\u00fcld\u00e9s\u00e9t \u00e9s n\u00f6velve a felhaszn\u00e1l\u00f3i bizalmat. El\u00e9rhet\u0151 <strong data-start=\"1032\" data-end=\"1042\">2% nic<\/strong> \u00e9s m\u00e1s er\u0151ss\u00e9gek mellett ez a k\u00e9sz\u00fcl\u00e9k mind k\u00f6nny\u0171, mind norm\u00e1l felhaszn\u00e1l\u00f3knak ide\u00e1lis, \u00edgy <strong data-start=\"1131\" data-end=\"1149\">Vape nagykereskedelem<\/strong> v\u00e1s\u00e1rl\u00f3knak, akik k\u00fcl\u00f6nb\u00f6z\u0151 \u00fcgyf\u00e9lcsoportokat c\u00e9loznak meg.<\/p>\n<p data-start=\"1197\" data-end=\"1397\">Ha egy <strong data-start=\"1222\" data-end=\"1245\">vape kedvezm\u00e9nyes \u00e1rat<\/strong> term\u00e9ket keres, amely m\u00e9g mindig pr\u00e9mium teljes\u00edtm\u00e9nyt \u00e9s ultra-magast sz\u00edv\u00e1si kapacit\u00e1st k\u00edn\u00e1l, akkor a <strong data-start=\"1326\" data-end=\"1350\">RUNCHUNFU 200k Puffs<\/strong> egy okos v\u00e1laszt\u00e1s b\u00e1rmely EU nagykereskedelmi k\u00edn\u00e1lathoz.<\/p>\n<p><strong><span style=\"color: #ff0000;\">Adja hozz\u00e1 Amy-t WhatsApp-on, hogy azonnali v\u00e1laszt \u00e9s vape kupont kapjon!<\/span><\/strong><\/p>\n<p><img fetchpriority=\"high\" decoding=\"async\" class=\"size-full wp-image-2932\" src=\"https:\/\/vapestornado.com\/wp-content\/uploads\/2024\/12\/Vape-Wholesale.jpg\" alt=\"Vape nagykereskedelem\" width=\"229\" height=\"300\" \/><\/p>\n<h3><a href=\"https:\/\/wa.me\/8617776015835\" target=\"_blank\" rel=\"noopener\"><span style=\"color: #ff0000;\"><strong>WhatsApp: +86 17776015835<\/strong><\/span><\/a><\/h3>\n<p>&nbsp;<\/p>\n<h2><strong>RUNCHUNFU 200k Puffs Term\u00e9kjellemz\u0151k<\/strong><\/h2>\n<ul>\n<li data-start=\"1453\" data-end=\"1538\">\n<p data-start=\"1455\" data-end=\"1538\"><strong data-start=\"1455\" data-end=\"1472\">200 000 Sz\u00edv\u00e1s<\/strong> \u2013 Tervezve ultra-hossz\u00fa haszn\u00e1latra, kevesebb k\u00e9sz\u00fcl\u00e9kcsere mellett.<\/p>\n<\/li>\n<li data-start=\"1539\" data-end=\"1631\">\n<p data-start=\"1541\" data-end=\"1631\"><strong data-start=\"1541\" data-end=\"1558\">58ml E-Liquid<\/strong> \u2013 Nagy olajtartalom t\u00e1mogatja a k\u00f6vetkezetes \u00edzt hosszabb id\u0151n kereszt\u00fcl.<\/p>\n<\/li>\n<li data-start=\"1632\" data-end=\"1715\">\n<p data-start=\"1634\" data-end=\"1715\"><strong data-start=\"1634\" data-end=\"1657\">0.8\u03a9 K\u00e9t Mesh Tekercs<\/strong> \u2013 Sima g\u0151zt \u00e9s stabil \u00edzt biztos\u00edt minden h\u00faz\u00e1sn\u00e1l.<\/p>\n<\/li>\n<li data-start=\"1716\" data-end=\"1804\">\n<p data-start=\"1718\" data-end=\"1804\"><strong data-start=\"1718\" data-end=\"1740\">3 \u00cdzv\u00e1lt\u00e1s<\/strong> \u2013 Lehet\u0151v\u00e9 teszi a felhaszn\u00e1l\u00f3knak, hogy h\u00e1rom \u00edz k\u00f6z\u00f6tt v\u00e1ltogassanak egy k\u00e9sz\u00fcl\u00e9kben.<\/p>\n<\/li>\n<li data-start=\"1805\" data-end=\"1891\">\n<p data-start=\"1807\" data-end=\"1891\"><strong data-start=\"1807\" data-end=\"1825\">650mAh akkumul\u00e1tor<\/strong> \u2013 Megb\u00edzhat\u00f3 \u00e1ramell\u00e1t\u00e1st ny\u00fajt a teljes k\u00e9sz\u00fcl\u00e9k \u00e9lettartama alatt.<\/p>\n<\/li>\n<li data-start=\"1892\" data-end=\"1972\">\n<p data-start=\"1894\" data-end=\"1972\"><strong data-start=\"1894\" data-end=\"1913\">Type-C T\u00f6lt\u00e9s<\/strong> \u2013 Gyors, modern \u00fajrat\u00f6lt\u00e9st tesz lehet\u0151v\u00e9 a mindennapi k\u00e9nyelem\u00e9rt.<\/p>\n<\/li>\n<li data-start=\"1973\" data-end=\"2037\">\n<p data-start=\"1975\" data-end=\"2037\"><strong data-start=\"1975\" data-end=\"1990\">LED kijelz\u0151<\/strong> \u2013 Egy\u00e9rtelm\u0171en mutatja az akkumul\u00e1tor \u00e9s az e-liquid szinteket.<\/p>\n<\/li>\n<li data-start=\"2038\" data-end=\"2125\">\n<p data-start=\"2040\" data-end=\"2125\"><strong data-start=\"2040\" data-end=\"2068\">\u00c1ll\u00edthat\u00f3 \u00edz rendszer<\/strong> \u2013 N\u00f6veli a felhaszn\u00e1l\u00f3i kontrollt \u00e9s az ism\u00e9telt v\u00e1s\u00e1rl\u00e1si lehet\u0151s\u00e9get.<\/p>\n<\/li>\n<\/ul>\n<div class=\"mceTemp\"><\/div>\n<div>\n<div class=\"mceTemp\"><\/div>\n<figure id=\"attachment_4798\" aria-describedby=\"caption-attachment-4798\" style=\"width: 300px\" class=\"wp-caption alignnone\"><img decoding=\"async\" class=\"size-medium wp-image-4798\" src=\"https:\/\/vapestornado.com\/wp-content\/uploads\/2026\/01\/Runchunfu-200K-Puffs-3-in-1-Vape-Disposable-300x300.webp\" alt=\"Runchunfu 200K Puffs 3 az 1-ben Vape eldobhat\u00f3\" width=\"300\" height=\"300\" srcset=\"https:\/\/vapestornado.com\/wp-content\/uploads\/2026\/01\/Runchunfu-200K-Puffs-3-in-1-Vape-Disposable-300x300.webp 300w, https:\/\/vapestornado.com\/wp-content\/uploads\/2026\/01\/Runchunfu-200K-Puffs-3-in-1-Vape-Disposable-150x150.webp 150w, https:\/\/vapestornado.com\/wp-content\/uploads\/2026\/01\/Runchunfu-200K-Puffs-3-in-1-Vape-Disposable-768x768.webp 768w, https:\/\/vapestornado.com\/wp-content\/uploads\/2026\/01\/Runchunfu-200K-Puffs-3-in-1-Vape-Disposable-12x12.webp 12w, https:\/\/vapestornado.com\/wp-content\/uploads\/2026\/01\/Runchunfu-200K-Puffs-3-in-1-Vape-Disposable-600x600.webp 600w, https:\/\/vapestornado.com\/wp-content\/uploads\/2026\/01\/Runchunfu-200K-Puffs-3-in-1-Vape-Disposable-100x100.webp 100w, https:\/\/vapestornado.com\/wp-content\/uploads\/2026\/01\/Runchunfu-200K-Puffs-3-in-1-Vape-Disposable.webp 800w\" sizes=\"(max-width: 300px) 100vw, 300px\" \/><figcaption id=\"caption-attachment-4798\" class=\"wp-caption-text\">Runchunfu 200K Puffs 3 az 1-ben Vape eldobhat\u00f3<\/figcaption><\/figure>\n<\/div>\n<h2 class=\"product-title\"><strong>RUNCHUNFU 200k Puffs \u00edzlist\u00e1ja<\/strong><\/h2>\n<p data-start=\"3215\" data-end=\"3339\">1. G\u00f6r\u00f6gdinnye j\u00e9g<br \/>\n2. Eperdinnye &amp; Eper m\u00e1lna cukorka &amp; K\u00e9k Razz<br \/>\n3. \u00c1fonya j\u00e9g<br \/>\n4. Eper m\u00e1lna cseresznye<br \/>\n5. \u0150szibarack j\u00e9g<br \/>\n6. Red Bull j\u00e9g<br \/>\n7. Vegyes bogy\u00f3k &amp; Menta &amp; Sziv\u00e1rv\u00e1ny cukorka<br \/>\n8. Sz\u0151l\u0151 j\u00e9g &amp; Eper &amp; Anan\u00e1sz j\u00e9g<br \/>\n9. Eper ban\u00e1n &amp; Anan\u00e1sz k\u00f3kusz j\u00e9g &amp; Mang\u00f3 j\u00e9g<br \/>\n10. Cseresznye Cola j\u00e9g &amp; Eper Cola &amp; Cola<\/p>\n<p>&nbsp;<\/p>\n<div class=\"flex-shrink-0 flex flex-col relative items-end\">\n<div class=\"pt-0\">\n<div class=\"gizmo-bot-avatar flex h-8 w-8 items-center justify-center overflow-hidden rounded-full\">\n<div class=\"relative p-1 rounded-sm flex items-center justify-center bg-token-main-surface-primary text-token-text-primary h-8 w-8\">\n<h2 data-start=\"1200\" data-end=\"1487\">Vapes Tornado \u2013 Az \u00d6n Nagykereskedelmi Online P\u00e1rologtat\u00f3 Boltja a N\u00e9pszer\u0171 Vape-ekhez<\/h2>\n<p data-start=\"72\" data-end=\"396\"><strong data-start=\"72\" data-end=\"89\">Vapes Tornado<\/strong> egy Eur\u00f3p\u00e1ra f\u00f3kusz\u00e1l\u00f3 nagykereskedelmi online p\u00e1rologtat\u00f3 bolt, amely gondosan v\u00e1logatott k\u00edn\u00e1latot biztos\u00edt <strong data-start=\"178\" data-end=\"195\">n\u00e9pszer\u0171 vape-ekb\u0151l<\/strong> professzion\u00e1lis v\u00e1s\u00e1rl\u00f3k sz\u00e1m\u00e1ra. Olyan kiskeresked\u0151kkel, forgalmaz\u00f3kkal \u00e9s online \u00e1ruh\u00e1zakkal dolgozunk az EU-ban, akik stabil ell\u00e1t\u00e1st, vil\u00e1gos term\u00e9kinform\u00e1ci\u00f3kat \u00e9s olyan m\u00e1rk\u00e1kat keresnek, amelyeket a v\u00e1s\u00e1rl\u00f3k m\u00e1r ismernek \u00e9s megb\u00edznak benn\u00fck.<\/p>\n<p data-start=\"398\" data-end=\"687\">Biztos partnerekkel dolgozunk, mint p\u00e9ld\u00e1ul <strong data-start=\"247\" data-end=\"352\">Elf Bar Vape, WASPE Vape, <a href=\"https:\/\/vapestornado.com\/hu\/product\/uzy-150k-puffs-6-in-1-flavor-switch-disposable-vape-pen-wholesale\/\">UZY Vape<\/a>, Bang Vape, Razz Bar Vape, <a href=\"https:\/\/vapestornado.com\/hu\/product\/randm-12000-puffs-fumot-digital-disposable-vape-wholesale-price\/\">Fumot VAPE<\/a>, <a href=\"https:\/\/vapestornado.com\/hu\/product\/original-wga-ultra-35k-35000-puff-rechargeable-crystal-disposable-nicotine-vape-best-discount-price\/\">WGA VAPE<\/a>, <a href=\"https:\/\/vapestornado.com\/hu\/product\/vozol-gear-shisha-25k-25000-puffs-best-dtl-disposable-vape-hookah-cheap-price\/\">VOZOL BAR VAPE<\/a>,\u00a0\u00e9s Stag Bar Vape<\/strong>, melyeket a folyamatos min\u0151s\u00e9g \u00e9s a nagy kereslet miatt v\u00e1lasztottak az eur\u00f3pai piacon.<\/p>\n<h4 data-start=\"1080\" data-end=\"1120\">Eur\u00f3pai nagykereskedelmi v\u00e1s\u00e1rl\u00f3k sz\u00e1m\u00e1ra k\u00e9sz\u00fclt<\/h4>\n<p data-start=\"1121\" data-end=\"1189\">A Vapes Tornado az EU nagykeresked\u0151k val\u00f3di ig\u00e9nyei k\u00f6r\u00e9 \u00e9p\u00fclt:<\/p>\n<ul data-start=\"1190\" data-end=\"1400\">\n<li data-start=\"1190\" data-end=\"1239\">\n<p data-start=\"1192\" data-end=\"1239\">Versenyk\u00e9pes nagykereskedelmi \u00e1rak t\u00e9teles megrendel\u00e9sekhez<\/p>\n<\/li>\n<li data-start=\"1240\" data-end=\"1289\">\n<p data-start=\"1242\" data-end=\"1289\">\u00c1tl\u00e1that\u00f3 term\u00e9kle\u00edr\u00e1sok \u00e9s specifik\u00e1ci\u00f3k<\/p>\n<\/li>\n<li data-start=\"1290\" data-end=\"1330\">\n<p data-start=\"1292\" data-end=\"1330\">Gyors, megb\u00edzhat\u00f3 EU-orient\u00e1lt logisztika<\/p>\n<\/li>\n<li data-start=\"1331\" data-end=\"1400\">\n<p data-start=\"1333\" data-end=\"1400\">Egy katal\u00f3gus, amely a <strong data-start=\"1356\" data-end=\"1373\">n\u00e9pszer\u0171 vape-ekb\u0151l<\/strong>, nem t\u00falzs\u00fafolt SKUs-ra f\u00f3kusz\u00e1l<\/p>\n<\/li>\n<\/ul>\n<h2 data-start=\"2064\" data-end=\"2115\">Gyakran Ism\u00e9telt K\u00e9rd\u00e9sek a RUNCHUNFU 200k Puffs eldobhat\u00f3 vape-r\u0151l<\/h2>\n<p data-start=\"2710\" data-end=\"2843\"><strong data-start=\"2710\" data-end=\"2761\">1. Mennyi ideig tart a RUNCHUNFU 200k Puffs?<\/strong><br data-start=\"2761\" data-end=\"2764\" \/>Ak\u00e1r 200 000 sz\u00edv\u00e1ssal, heteken vagy tov\u00e1bb is eltarthat a felhaszn\u00e1l\u00f3i szok\u00e1sokt\u00f3l f\u00fcgg\u0151en.<\/p>\n<p data-start=\"2845\" data-end=\"2953\"><strong data-start=\"2845\" data-end=\"2888\">2. V\u00e1ltoztathatnak-e a felhaszn\u00e1l\u00f3k \u00edzeket haszn\u00e1lat k\u00f6zben?<\/strong><br data-start=\"2888\" data-end=\"2891\" \/>Igen, a k\u00e9sz\u00fcl\u00e9k h\u00e1rom cser\u00e9lhet\u0151 \u00edzt t\u00e1mogat egy egys\u00e9gben.<\/p>\n<p data-start=\"2955\" data-end=\"3043\"><strong data-start=\"2955\" data-end=\"2990\">3. Az akkumul\u00e1tor \u00fajrat\u00f6lthet\u0151?<\/strong><br data-start=\"2990\" data-end=\"2993\" \/>Igen, 650mAh-s akkumul\u00e1torral \u00e9s Type-C t\u00f6lt\u00e9ssel rendelkezik.<\/p>\n<p data-start=\"3045\" data-end=\"3143\"><strong data-start=\"3045\" data-end=\"3090\">4. Milyen nikotiner\u0151ss\u00e9gek \u00e1llnak rendelkez\u00e9sre?<\/strong><br data-start=\"3090\" data-end=\"3093\" \/>El\u00e9rhet\u0151 0%, 2%, 3% \u00e9s 5% nikotintartalommal.<\/p>\n<p data-start=\"3145\" data-end=\"3283\"><strong data-start=\"3145\" data-end=\"3191\">5. Megfelel-e ez az EU vape nagykereskedelm\u00e9hez?<\/strong><br data-start=\"3191\" data-end=\"3194\" \/>Igen, \u00fagy van tervezve, <strong data-start=\"3218\" data-end=\"3236\">Vape nagykereskedelem<\/strong> magas sz\u00edv\u00e1si sz\u00e1mmal \u00e9s er\u0151s kiskereskedelmi vonzer\u0151vel.<\/p>\n<\/div>\n<\/div>\n<\/div>\n<\/div>","protected":false},"excerpt":{"rendered":"<div class=\"flex max-w-full flex-col grow\">\n<div class=\"min-h-8 text-message relative flex w-full flex-col items-end gap-2 text-start break-words whitespace-normal [.text-message+&amp;]:mt-1\" dir=\"auto\" data-message-author-role=\"assistant\" data-message-id=\"2a9d6edf-5b3a-41c0-afc9-caef2e4c2c3b\" data-message-model-slug=\"gpt-5-2\">\n<div class=\"flex w-full flex-col gap-1 empty:hidden first:pt-[1px]\">\n<div class=\"markdown prose dark:prose-invert w-full break-words light markdown-new-styling\">\n<p data-start=\"3689\" data-end=\"3768\"><strong data-start=\"3689\" data-end=\"3766\">RUNCHUNFU 200k Puffs 3 \u00edz\u0171 eldobhat\u00f3 vape \u2013 Nagy Puff Eszk\u00f6z nagykeresked\u0151knek<\/strong><\/p>\n<p data-start=\"3772\" data-end=\"3847\"><strong data-start=\"3772\" data-end=\"3845\">RUNCHUNFU 200 000 Puffs \u00fajrat\u00f6lthet\u0151 eldobhat\u00f3 vape kedvez\u0151 \u00e1ron<\/strong><\/p>\n<p data-start=\"3851\" data-end=\"3925\" data-is-last-node=\"\"><strong data-start=\"3851\" data-end=\"3925\" data-is-last-node=\"\">\u00cdz\u00e1ll\u00edt\u00e1s \u00e1ll\u00edthat\u00f3 RUNCHUNFU 200k Vape \u2013 Nagykeresked\u0151knek EU-ban<\/strong><\/p>\n<\/div>\n<\/div>\n<\/div>\n<\/div>\n<p><strong>Add hozz\u00e1 Amy whatsappj\u00e1t, hogy azonnali v\u00e1laszt \u00e9s kedvezm\u00e9nyes \u00e1rat kapj!<\/strong><\/p>\n<p><img fetchpriority=\"high\" decoding=\"async\" class=\"size-full wp-image-2932\" src=\"https:\/\/vapestornado.com\/wp-content\/uploads\/2024\/12\/Vape-Wholesale.jpg\" alt=\"Vape nagykereskedelem\" width=\"229\" height=\"300\" \/><\/p>\n<h3><a href=\"https:\/\/wa.me\/8617776015835\"><span style=\"color: #ff0000;\"><strong>WhatsApp: +86 17776015835<\/strong><\/span><\/a><\/h3>","protected":false},"featured_media":4800,"comment_status":"open","ping_status":"closed","template":"","meta":{"_acf_changed":false,"_uag_custom_page_level_css":"","_lmt_disableupdate":"no","_lmt_disable":"","_monsterinsights_skip_tracking":false,"_monsterinsights_sitenote_active":false,"_monsterinsights_sitenote_note":"","_monsterinsights_sitenote_category":0,"site-sidebar-layout":"default","site-content-layout":"","ast-site-content-layout":"default","site-content-style":"default","site-sidebar-style":"default","ast-global-header-display":"","ast-banner-title-visibility":"","ast-main-header-display":"","ast-hfb-above-header-display":"","ast-hfb-below-header-display":"","ast-hfb-mobile-header-display":"","site-post-title":"","ast-breadcrumbs-content":"","ast-featured-img":"","footer-sml-layout":"","ast-disable-related-posts":"","theme-transparent-header-meta":"default","adv-header-id-meta":"","stick-header-meta":"","header-above-stick-meta":"","header-main-stick-meta":"","header-below-stick-meta":"","astra-migrate-meta-layouts":"set","ast-page-background-enabled":"default","ast-page-background-meta":{"desktop":{"background-color":"","background-image":"","background-repeat":"repeat","background-position":"center center","background-size":"auto","background-attachment":"scroll","background-type":"","background-media":"","overlay-type":"","overlay-color":"","overlay-opacity":"","overlay-gradient":""},"tablet":{"background-color":"","background-image":"","background-repeat":"repeat","background-position":"center center","background-size":"auto","background-attachment":"scroll","background-type":"","background-media":"","overlay-type":"","overlay-color":"","overlay-opacity":"","overlay-gradient":""},"mobile":{"background-color":"","background-image":"","background-repeat":"repeat","background-position":"center center","background-size":"auto","background-attachment":"scroll","background-type":"","background-media":"","overlay-type":"","overlay-color":"","overlay-opacity":"","overlay-gradient":""}},"ast-content-background-meta":{"desktop":{"background-color":"var(--ast-global-color-5)","background-image":"","background-repeat":"repeat","background-position":"center center","background-size":"auto","background-attachment":"scroll","background-type":"","background-media":"","overlay-type":"","overlay-color":"","overlay-opacity":"","overlay-gradient":""},"tablet":{"background-color":"var(--ast-global-color-5)","background-image":"","background-repeat":"repeat","background-position":"center center","background-size":"auto","background-attachment":"scroll","background-type":"","background-media":"","overlay-type":"","overlay-color":"","overlay-opacity":"","overlay-gradient":""},"mobile":{"background-color":"var(--ast-global-color-5)","background-image":"","background-repeat":"repeat","background-position":"center center","background-size":"auto","background-attachment":"scroll","background-type":"","background-media":"","overlay-type":"","overlay-color":"","overlay-opacity":"","overlay-gradient":""}},"_joinchat":[]},"product_brand":[],"product_cat":[526,140,149,152,153,156,142,146],"product_tag":[355,354,545,94,544,543,513,93,512],"class_list":{"0":"post-4803","1":"product","2":"type-product","3":"status-publish","4":"has-post-thumbnail","6":"product_cat-200k-puff","7":"product_cat-big-puffs-disposable-vapes","8":"product_cat-buy-disposable-vapes-in-austria","9":"product_cat-buy-disposable-vapes-in-cermany","10":"product_cat-buy-disposable-vapes-in-italy","11":"product_cat-buy-disposable-vapes-in-poland","12":"product_cat-digital-box-disposable-vapes","13":"product_cat-rechargeable-disposable-vapes","14":"product_tag-big-puff-vape","15":"product_tag-flavor-adjustable-vape","16":"product_tag-flavor-disposable-vape","17":"product_tag-rechargeable-disposable-vape","18":"product_tag-runchunfu-200k","19":"product_tag-runchunfu-200k-puff","20":"product_tag-vape-discount-price","21":"product_tag-vape-wholesale","22":"product_tag-vape-wholesale-distributor","23":"desktop-align-left","24":"tablet-align-left","25":"mobile-align-left","27":"first","28":"instock","29":"sale","30":"shipping-taxable","31":"purchasable","32":"product-type-simple"},"acf":[],"uagb_featured_image_src":{"full":["https:\/\/vapestornado.com\/wp-content\/uploads\/2026\/01\/RUNCHUNFU-Triple-200k-Big-Puff-Disposable-Vapes.webp",800,800,false],"thumbnail":["https:\/\/vapestornado.com\/wp-content\/uploads\/2026\/01\/RUNCHUNFU-Triple-200k-Big-Puff-Disposable-Vapes-150x150.webp",150,150,true],"medium":["https:\/\/vapestornado.com\/wp-content\/uploads\/2026\/01\/RUNCHUNFU-Triple-200k-Big-Puff-Disposable-Vapes-300x300.webp",300,300,true],"medium_large":["https:\/\/vapestornado.com\/wp-content\/uploads\/2026\/01\/RUNCHUNFU-Triple-200k-Big-Puff-Disposable-Vapes-768x768.webp",768,768,true],"large":["https:\/\/vapestornado.com\/wp-content\/uploads\/2026\/01\/RUNCHUNFU-Triple-200k-Big-Puff-Disposable-Vapes.webp",800,800,false],"1536x1536":["https:\/\/vapestornado.com\/wp-content\/uploads\/2026\/01\/RUNCHUNFU-Triple-200k-Big-Puff-Disposable-Vapes.webp",800,800,false],"2048x2048":["https:\/\/vapestornado.com\/wp-content\/uploads\/2026\/01\/RUNCHUNFU-Triple-200k-Big-Puff-Disposable-Vapes.webp",800,800,false],"trp-custom-language-flag":["https:\/\/vapestornado.com\/wp-content\/uploads\/2026\/01\/RUNCHUNFU-Triple-200k-Big-Puff-Disposable-Vapes-12x12.webp",12,12,true],"woocommerce_thumbnail":["https:\/\/vapestornado.com\/wp-content\/uploads\/2026\/01\/RUNCHUNFU-Triple-200k-Big-Puff-Disposable-Vapes-300x300.webp",300,300,true],"woocommerce_single":["https:\/\/vapestornado.com\/wp-content\/uploads\/2026\/01\/RUNCHUNFU-Triple-200k-Big-Puff-Disposable-Vapes-600x600.webp",600,600,true],"woocommerce_gallery_thumbnail":["https:\/\/vapestornado.com\/wp-content\/uploads\/2026\/01\/RUNCHUNFU-Triple-200k-Big-Puff-Disposable-Vapes-100x100.webp",100,100,true]},"uagb_author_info":{"display_name":"ESAMY","author_link":"https:\/\/vapestornado.com\/hu\/author\/"},"uagb_comment_info":0,"uagb_excerpt":"RUNCHUNFU 200k Puffs 3 Flavor Disposable Vape \u2013 Wholesale Big Puff Device RUNCHUNFU 200,000 Puff Rechargeable Disposable Vape at Discount Price Flavor Adjustable RUNCHUNFU 200k Vape \u2013 Bulk Supply for EU Wholesalers Add Amy's whatsapp to get right reply and discount price! WhatsApp: +86 17776015835","_links":{"self":[{"href":"https:\/\/vapestornado.com\/hu\/wp-json\/wp\/v2\/product\/4803","targetHints":{"allow":["GET"]}}],"collection":[{"href":"https:\/\/vapestornado.com\/hu\/wp-json\/wp\/v2\/product"}],"about":[{"href":"https:\/\/vapestornado.com\/hu\/wp-json\/wp\/v2\/types\/product"}],"replies":[{"embeddable":true,"href":"https:\/\/vapestornado.com\/hu\/wp-json\/wp\/v2\/comments?post=4803"}],"wp:featuredmedia":[{"embeddable":true,"href":"https:\/\/vapestornado.com\/hu\/wp-json\/wp\/v2\/media\/4800"}],"wp:attachment":[{"href":"https:\/\/vapestornado.com\/hu\/wp-json\/wp\/v2\/media?parent=4803"}],"wp:term":[{"taxonomy":"product_brand","embeddable":true,"href":"https:\/\/vapestornado.com\/hu\/wp-json\/wp\/v2\/product_brand?post=4803"},{"taxonomy":"product_cat","embeddable":true,"href":"https:\/\/vapestornado.com\/hu\/wp-json\/wp\/v2\/product_cat?post=4803"},{"taxonomy":"product_tag","embeddable":true,"href":"https:\/\/vapestornado.com\/hu\/wp-json\/wp\/v2\/product_tag?post=4803"}],"curies":[{"name":"wp","href":"https:\/\/api.w.org\/{rel}","templated":true}]}}