{"id":4795,"date":"2026-01-13T03:09:18","date_gmt":"2026-01-13T03:09:18","guid":{"rendered":"https:\/\/vapestornado.com\/?post_type=product&#038;p=4795"},"modified":"2026-01-13T03:17:55","modified_gmt":"2026-01-13T03:17:55","slug":"al-fakher-crown-bar-15k-ice-adjust-disposable-shisha-hookah-wholesale-netherlands","status":"publish","type":"product","link":"https:\/\/vapestornado.com\/hu\/product\/al-fakher-crown-bar-15k-ice-adjust-disposable-shisha-hookah-wholesale-netherlands\/","title":{"rendered":"Al Fakher Crown Bar 15K Ice Adjust Eldobhat\u00f3 Shisha V\u00edzipipa Nagykeresked\u00e9s Hollandia"},"content":{"rendered":"<h1 data-start=\"0\" data-end=\"87\">Al Fakher Mega Max 40K sz\u00edv\u00e1s Crown Bar egyszer haszn\u00e1latos E-Sz\u00edv\u00f3 hookah vape \u00e1ll\u00edthat\u00f3 l\u00e9g\u00e1raml\u00e1ssal<\/h1>\n<p data-start=\"107\" data-end=\"502\">Az Al Fakher Crown Bar 15K Ice Adjust az eur\u00f3pai nagykereskedelmi piacra k\u00e9sz\u00fclt, amely \u00edzszab\u00e1lyoz\u00e1st, hossz\u00fa \u00e9lettartamot \u00e9s megb\u00edzhat\u00f3 min\u0151s\u00e9get k\u00f6vetel meg egy <strong data-start=\"259\" data-end=\"274\">olcs\u00f3 \u00e1rral<\/strong>. A k\u00f6vetkez\u0151k sz\u00e1m\u00e1ra tervezt\u00e9k: <strong data-start=\"289\" data-end=\"316\">Eldobhat\u00f3 E-Cigarett\u00e1k<\/strong> kiskeresked\u0151k \u00e9s <strong data-start=\"331\" data-end=\"368\">Eldobhat\u00f3 Vape Nagykereskedelem Franciaorsz\u00e1g<\/strong> forgalmaz\u00f3k sz\u00e1m\u00e1ra ez a modell ak\u00e1r <strong data-start=\"409\" data-end=\"440\">15 000 sima, stabil p\u00f6ff\u00f6t biztos\u00edt<\/strong> az Al Fakher jellegzetes \u00edzpontoss\u00e1g\u00e1val \u00e9s pr\u00e9mium kivitel\u00e9vel.<\/p>\n<p data-start=\"504\" data-end=\"842\">A szok\u00e1sos eldobhat\u00f3 eszk\u00f6z\u00f6kt\u0151l elt\u00e9r\u0151en a <strong data-start=\"537\" data-end=\"568\">Crown Bar Ice Adjust rendszer<\/strong> lehet\u0151v\u00e9 teszi a felhaszn\u00e1l\u00f3k sz\u00e1m\u00e1ra a h\u0171t\u00e9si intenzit\u00e1s szab\u00e1lyoz\u00e1s\u00e1t, lehet\u0151v\u00e9 t\u00e9ve minden v\u00e1s\u00e1rl\u00f3 sz\u00e1m\u00e1ra, hogy er\u0151s jeges vagy l\u00e1gyabb, melegebb sz\u00edv\u00e1st v\u00e1lasszon. Ez\u00e1ltal a <strong data-start=\"703\" data-end=\"730\">Al Fakher Crown Bar 15K<\/strong> k\u00f6nnyebben eladhat\u00f3 a k\u00fcl\u00f6nb\u00f6z\u0151 felhaszn\u00e1l\u00f3i preferenci\u00e1k k\u00f6z\u00f6tt, n\u00f6velve az ism\u00e9telt v\u00e1s\u00e1rl\u00e1sokat \u00e9s cs\u00f6kkentve a lassan mozg\u00f3 \u00edzeket.<\/p>\n<p data-start=\"844\" data-end=\"1140\">Meghajtja egy <strong data-start=\"858\" data-end=\"889\">850mAh-s \u00fajrat\u00f6lthet\u0151 akkumul\u00e1torral<\/strong> \u00e9s megt\u00f6ltve <strong data-start=\"906\" data-end=\"926\">22 ml e-liquid-et tartalmaz<\/strong>, a <strong data-start=\"932\" data-end=\"960\">AL Fakher Ice Adjust 15K<\/strong> az els\u0151 p\u00f6fft\u0151l az utols\u00f3ig egyenletes teljes\u00edtm\u00e9nyt tart fenn. A <strong data-start=\"1026\" data-end=\"1044\">0.6\u03a9 mesh tekercs<\/strong> biztos\u00edtja a tiszta g\u0151zt, az er\u0151s \u00edz tisztas\u00e1g\u00e1t \u00e9s a stabil teljes\u00edtm\u00e9nyt m\u00e9g hossz\u00fa napi haszn\u00e1lat sor\u00e1n is.<\/p>\n<p data-start=\"1142\" data-end=\"1446\">A be\u00e9p\u00edtett <strong data-start=\"1153\" data-end=\"1171\">digit\u00e1lis k\u00e9perny\u0151<\/strong> mind a akkumul\u00e1tor-, mind a folyad\u00e9kszinteket mutatja, n\u00f6velve a v\u00e1s\u00e1rl\u00f3i bizalmat \u00e9s cs\u00f6kkentve a k\u00e9sz\u00fcl\u00e9kek visszak\u00fcld\u00e9s\u00e9t. Ezzel <strong data-start=\"1272\" data-end=\"1293\">45 bizony\u00edtott \u00edz<\/strong>, a <strong data-start=\"1299\" data-end=\"1312\">Kir\u00e1lyi B\u00e1r<\/strong> a sorozat t\u00e1mogatja az er\u0151s kiskereskedelmi rot\u00e1ci\u00f3t, \u00e9s seg\u00edt a boltoknak megb\u00edzhat\u00f3 legkelend\u0151bb kateg\u00f3ri\u00e1t \u00e9p\u00edteni a <strong data-start=\"1411\" data-end=\"1438\">Eldobhat\u00f3 E-Cigarett\u00e1k<\/strong> piacon.<\/p>\n<p data-start=\"1448\" data-end=\"1645\">Ha beszerez <strong data-start=\"1468\" data-end=\"1505\">Egyszer haszn\u00e1latos Vape-k Nagykeresked\u00e9s Magyarorsz\u00e1gon<\/strong>\u00a0versenyk\u00e9pes \u00e1ron, gyorsan mozg\u00f3 \u00edzekkel, a <strong data-start=\"1559\" data-end=\"1597\">Al Fakher Crown Bar 15K Ice \u00c1ll\u00edthat\u00f3<\/strong> biztons\u00e1gos, magas forg\u00e1si sebess\u00e9g\u0171 v\u00e1laszt\u00e1s az \u00fczlet\u00e9hez.<\/p>\n<p><strong><span style=\"color: #ff0000;\">Adja hozz\u00e1 Amy-t WhatsApp-on, hogy azonnali v\u00e1laszt \u00e9s vape kupont kapjon!<\/span><\/strong><\/p>\n<p><img fetchpriority=\"high\" decoding=\"async\" class=\"size-full wp-image-2932\" src=\"https:\/\/vapestornado.com\/wp-content\/uploads\/2024\/12\/Vape-Wholesale.jpg\" alt=\"Vape nagykereskedelem\" width=\"229\" height=\"300\" \/><\/p>\n<h3><a href=\"https:\/\/wa.me\/8617776015835\" target=\"_blank\" rel=\"noopener\"><span style=\"color: #ff0000;\"><strong>WhatsApp: +86 17776015835<\/strong><\/span><\/a><\/h3>\n<p>&nbsp;<\/p>\n<h2><strong>Al Fakher Crown Bar 15K Term\u00e9kjellemz\u0151k<\/strong><\/h2>\n<ul>\n<li data-start=\"1701\" data-end=\"1810\">\n<p data-start=\"1703\" data-end=\"1810\"><strong data-start=\"1703\" data-end=\"1719\">15 000 Puffs<\/strong> \u2013 Hossz\u00fa t\u00e1v\u00fa teljes\u00edtm\u00e9nyt ny\u00fajt, amely heteken \u00e1t tart\u00f3 vapel\u00e9st tesz lehet\u0151v\u00e9 egy k\u00e9sz\u00fcl\u00e9kkel.<\/p>\n<\/li>\n<li data-start=\"1811\" data-end=\"1909\">\n<p data-start=\"1813\" data-end=\"1909\"><strong data-start=\"1813\" data-end=\"1830\">22ml E-Liquid<\/strong> \u2013 Nagy folyad\u00e9ktart\u00e1ly biztos\u00edtja az \u00e1lland\u00f3 \u00edzt an\u00e9lk\u00fcl, hogy gyakori cser\u00e9kre lenne sz\u00fcks\u00e9g.<\/p>\n<\/li>\n<li data-start=\"1910\" data-end=\"1991\">\n<p data-start=\"1912\" data-end=\"1991\"><strong data-start=\"1912\" data-end=\"1930\">0,6\u03a9 h\u00e1l\u00f3s tekercs<\/strong> \u2013 Sima g\u0151zt \u00e9s pontos \u00edzt eredm\u00e9nyez minden h\u00faz\u00e1sn\u00e1l.<\/p>\n<\/li>\n<li data-start=\"1992\" data-end=\"2075\">\n<p data-start=\"1994\" data-end=\"2075\"><strong data-start=\"1994\" data-end=\"2011\">0,5% Nikotin<\/strong> \u2013 K\u00f6nny\u0171, sima nikotin hat\u00e1st ny\u00fajt, alkalmas mindennapi haszn\u00e1latra.<\/p>\n<\/li>\n<li data-start=\"2076\" data-end=\"2164\">\n<p data-start=\"2078\" data-end=\"2164\"><strong data-start=\"2078\" data-end=\"2096\">850mAh Akkumul\u00e1tor<\/strong> \u2013 Megb\u00edzhat\u00f3 energi\u00e1t biztos\u00edt az eg\u00e9sz k\u00e9sz\u00fcl\u00e9k \u00e9lettartama alatt.<\/p>\n<\/li>\n<li data-start=\"2165\" data-end=\"2229\">\n<p data-start=\"2167\" data-end=\"2229\"><strong data-start=\"2167\" data-end=\"2185\">USB-C T\u00f6lt\u00e9s<\/strong> \u2013 Gyorsabb, stabilabb \u00fajrat\u00f6lt\u00e9st tesz lehet\u0151v\u00e9.<\/p>\n<\/li>\n<li data-start=\"2230\" data-end=\"2319\">\n<p data-start=\"2232\" data-end=\"2319\"><strong data-start=\"2232\" data-end=\"2254\">J\u00e9g\u00e1ll\u00edt\u00e1si Szab\u00e1lyoz\u00f3<\/strong> \u2013 Lehet\u0151v\u00e9 teszi a felhaszn\u00e1l\u00f3knak, hogy be\u00e1ll\u00edts\u00e1k kedvenc h\u0171t\u00e9si szintj\u00fcket minden sz\u00edv\u00e1sn\u00e1l.<\/p>\n<\/li>\n<li data-start=\"2320\" data-end=\"2395\">\n<p data-start=\"2322\" data-end=\"2395\"><strong data-start=\"2322\" data-end=\"2340\">Digit\u00e1lis K\u00e9perny\u0151<\/strong> \u2013 Val\u00f3s idej\u0171 akkumul\u00e1tor- \u00e9s e-liquid szinteket mutat.<\/p>\n<\/li>\n<li data-start=\"2396\" data-end=\"2474\">\n<p data-start=\"2398\" data-end=\"2474\"><strong data-start=\"2398\" data-end=\"2417\">Kir\u00e1lyi B\u00e1r \u00c9p\u00edt\u00e9s<\/strong> \u2013 Pr\u00e9mium testdesign jav\u00edtja a tart\u00f3ss\u00e1got \u00e9s a l\u00e9g\u00e1raml\u00e1st.<\/p>\n<\/li>\n<li data-start=\"2475\" data-end=\"2543\">\n<p data-start=\"2477\" data-end=\"2543\"><strong data-start=\"2477\" data-end=\"2491\">45 \u00cdz<\/strong> \u2013 T\u00e1mogatja az er\u0151s kiskereskedelmi rot\u00e1ci\u00f3t \u00e9s az ism\u00e9telt elad\u00e1sokat.<\/p>\n<\/li>\n<\/ul>\n<figure id=\"attachment_4791\" aria-describedby=\"caption-attachment-4791\" style=\"width: 300px\" class=\"wp-caption alignnone\"><img decoding=\"async\" class=\"size-medium wp-image-4791\" src=\"https:\/\/vapestornado.com\/wp-content\/uploads\/2026\/01\/Al-Fakher-Crown-Bar-Ice-Adjust-15K-15000-Puff-300x300.webp\" alt=\"Al Fakher Crown Bar Ice Adjust 15K 15000 Sz\u00edv\u00e1s\" width=\"300\" height=\"300\" srcset=\"https:\/\/vapestornado.com\/wp-content\/uploads\/2026\/01\/Al-Fakher-Crown-Bar-Ice-Adjust-15K-15000-Puff-300x300.webp 300w, https:\/\/vapestornado.com\/wp-content\/uploads\/2026\/01\/Al-Fakher-Crown-Bar-Ice-Adjust-15K-15000-Puff-150x150.webp 150w, https:\/\/vapestornado.com\/wp-content\/uploads\/2026\/01\/Al-Fakher-Crown-Bar-Ice-Adjust-15K-15000-Puff-768x768.webp 768w, https:\/\/vapestornado.com\/wp-content\/uploads\/2026\/01\/Al-Fakher-Crown-Bar-Ice-Adjust-15K-15000-Puff-12x12.webp 12w, https:\/\/vapestornado.com\/wp-content\/uploads\/2026\/01\/Al-Fakher-Crown-Bar-Ice-Adjust-15K-15000-Puff-600x600.webp 600w, https:\/\/vapestornado.com\/wp-content\/uploads\/2026\/01\/Al-Fakher-Crown-Bar-Ice-Adjust-15K-15000-Puff-100x100.webp 100w, https:\/\/vapestornado.com\/wp-content\/uploads\/2026\/01\/Al-Fakher-Crown-Bar-Ice-Adjust-15K-15000-Puff.webp 800w\" sizes=\"(max-width: 300px) 100vw, 300px\" \/><figcaption id=\"caption-attachment-4791\" class=\"wp-caption-text\">Al Fakher Crown Bar Ice Adjust 15K 15000 Sz\u00edv\u00e1s<\/figcaption><\/figure>\n<div>\n<div class=\"mceTemp\"><\/div>\n<\/div>\n<h2 class=\"product-title\"><strong>Al Fakher Crown Bar 15K Sz\u00edv\u00e1s \u00cdzlist\u00e1ja<\/strong><\/h2>\n<p>1 Bogy\u00f3 K\u00e9k<br \/>\n2 Bogy\u00f3 J\u00e9g<br \/>\n3 Fekete Ribizli J\u00e9g<br \/>\n4 Fekete Ribizli Ment\u00e1val<br \/>\n5 K\u00e9k Razz Robban\u00e1s<br \/>\n6 K\u00e9k Razz Limon\u00e1d\u00e9<br \/>\n7 \u00c1fonya Cseresznye<br \/>\n8 \u00c1fonya R\u00e1g\u00f3gumi<br \/>\n9 \u00c1fonya Limon\u00e1d\u00e9<br \/>\n10 \u00c1fonya Menta<br \/>\n11 \u00c1fonya M\u00e1lna<br \/>\n12 \u00c1fonya Savany\u00fa M\u00e1lna<br \/>\n13 Cseresznye Fiesta<br \/>\n14 Cseresznye Fizz<br \/>\n15 Cseresznye J\u00e9g<br \/>\n16 H\u0171s Mang\u00f3<br \/>\n17 Fusion Pop<br \/>\n18 Sz\u0151l\u0151<br \/>\n19 Sz\u0151l\u0151 Bogy\u00f3<br \/>\n20 Sz\u0151l\u0151 Menta<br \/>\n21 R\u00e1g\u00f3gumi Menta<br \/>\n22 Hubba<br \/>\n23 J\u00e9gk\u00e9k<br \/>\n24 Citrom Lime<br \/>\n25 Citrom Lime Cseresznye Fizz<br \/>\n26 Citrom Menta<br \/>\n27 Lush Ice<br \/>\n28 Magic Love<br \/>\n29 Mang\u00f3 Anan\u00e1sz<br \/>\n30 Menthol<br \/>\n31 Menta<br \/>\n32 Vegyes Bogy\u00f3<br \/>\n33 Narancs Menta<br \/>\n34 S\u00e1rgabarack J\u00e9g<br \/>\n35 Anan\u00e1sz J\u00e9g<br \/>\n36 \u0170r \u00c1lom<br \/>\n37 Borsmenta<br \/>\n38 Eper Cseresznye<br \/>\n39 Eper Punch<br \/>\n40 Ny\u00e1ri \u00c1lom<br \/>\n41 K\u00e9t Alma<br \/>\n42 G\u00f6r\u00f6gdinnye Cseresznye<br \/>\n43 G\u00f6r\u00f6gdinnye Kivi<br \/>\n44 G\u00f6r\u00f6gdinnye Lime<br \/>\n45 G\u00f6r\u00f6gdinnye Anan\u00e1sz<\/p>\n<h2 data-start=\"2951\" data-end=\"2994\"><strong data-start=\"2954\" data-end=\"2994\">Mi\u00e9rt v\u00e1lasztj\u00e1k a nagykeresked\u0151k a Crown Bar 15K-t<\/strong><\/h2>\n<p data-start=\"2996\" data-end=\"3213\">A <strong data-start=\"3000\" data-end=\"3028\">AL Fakher Ice Adjust 15K<\/strong> kombin\u00e1lja a <strong data-start=\"3038\" data-end=\"3086\">hossz\u00fa sz\u00edv\u00e1si \u00e9lettartam, j\u00e9gkontroll \u00e9s m\u00e1rkabizalom<\/strong> egy egyszer haszn\u00e1latos term\u00e9kben, amely gyorsan elkel, \u00e1lland\u00f3 min\u0151s\u00e9get ny\u00fajt, \u00e9s visszat\u00e9r\u0151 v\u00e1s\u00e1rl\u00f3kat hoz.<\/p>\n<p data-start=\"3215\" data-end=\"3339\">Rendeld meg most \u00e9s biztos\u00edts egy <strong data-start=\"3238\" data-end=\"3253\">olcs\u00f3 \u00e1rral<\/strong> on <strong data-start=\"3257\" data-end=\"3284\">Al Fakher Crown Bar 15K<\/strong> sz\u00e1m\u00e1ra <strong data-start=\"3294\" data-end=\"3331\">Eldobhat\u00f3 Vape Nagykereskedelem Franciaorsz\u00e1g<\/strong> ell\u00e1t\u00e1sban.<\/p>\n<p>&nbsp;<\/p>\n<div class=\"flex-shrink-0 flex flex-col relative items-end\">\n<div class=\"pt-0\">\n<div class=\"gizmo-bot-avatar flex h-8 w-8 items-center justify-center overflow-hidden rounded-full\">\n<div class=\"relative p-1 rounded-sm flex items-center justify-center bg-token-main-surface-primary text-token-text-primary h-8 w-8\">\n<h2 data-start=\"1200\" data-end=\"1487\">Vapes Tornado \u2013 Az \u00d6n Nagykereskedelmi Online P\u00e1rologtat\u00f3 Boltja a N\u00e9pszer\u0171 Vape-ekhez<\/h2>\n<p data-start=\"72\" data-end=\"396\"><strong data-start=\"72\" data-end=\"89\">Vapes Tornado<\/strong> egy Eur\u00f3p\u00e1ra f\u00f3kusz\u00e1l\u00f3 nagykereskedelmi online p\u00e1rologtat\u00f3 bolt, amely gondosan v\u00e1logatott k\u00edn\u00e1latot biztos\u00edt <strong data-start=\"178\" data-end=\"195\">n\u00e9pszer\u0171 vape-ekb\u0151l<\/strong> professzion\u00e1lis v\u00e1s\u00e1rl\u00f3k sz\u00e1m\u00e1ra. Olyan kiskeresked\u0151kkel, forgalmaz\u00f3kkal \u00e9s online \u00e1ruh\u00e1zakkal dolgozunk az EU-ban, akik stabil ell\u00e1t\u00e1st, vil\u00e1gos term\u00e9kinform\u00e1ci\u00f3kat \u00e9s olyan m\u00e1rk\u00e1kat keresnek, amelyeket a v\u00e1s\u00e1rl\u00f3k m\u00e1r ismernek \u00e9s megb\u00edznak benn\u00fck.<\/p>\n<p data-start=\"398\" data-end=\"687\">Biztos partnerekkel dolgozunk, mint p\u00e9ld\u00e1ul <strong data-start=\"247\" data-end=\"352\">Elf Bar Vape, WASPE Vape, <a href=\"https:\/\/vapestornado.com\/hu\/product\/uzy-150k-puffs-6-in-1-flavor-switch-disposable-vape-pen-wholesale\/\">UZY Vape<\/a>, Bang Vape, Razz Bar Vape, <a href=\"https:\/\/vapestornado.com\/hu\/product\/randm-12000-puffs-fumot-digital-disposable-vape-wholesale-price\/\">Fumot VAPE<\/a>, <a href=\"https:\/\/vapestornado.com\/hu\/product\/original-wga-ultra-35k-35000-puff-rechargeable-crystal-disposable-nicotine-vape-best-discount-price\/\">WGA VAPE<\/a>, <a href=\"https:\/\/vapestornado.com\/hu\/product\/vozol-gear-shisha-25k-25000-puffs-best-dtl-disposable-vape-hookah-cheap-price\/\">VOZOL BAR VAPE<\/a>,\u00a0\u00e9s Stag Bar Vape<\/strong>, melyeket a folyamatos min\u0151s\u00e9g \u00e9s a nagy kereslet miatt v\u00e1lasztottak az eur\u00f3pai piacon.<\/p>\n<h4 data-start=\"1080\" data-end=\"1120\">Eur\u00f3pai nagykereskedelmi v\u00e1s\u00e1rl\u00f3k sz\u00e1m\u00e1ra k\u00e9sz\u00fclt<\/h4>\n<p data-start=\"1121\" data-end=\"1189\">A Vapes Tornado az EU nagykeresked\u0151k val\u00f3di ig\u00e9nyei k\u00f6r\u00e9 \u00e9p\u00fclt:<\/p>\n<ul data-start=\"1190\" data-end=\"1400\">\n<li data-start=\"1190\" data-end=\"1239\">\n<p data-start=\"1192\" data-end=\"1239\">Versenyk\u00e9pes nagykereskedelmi \u00e1rak t\u00e9teles megrendel\u00e9sekhez<\/p>\n<\/li>\n<li data-start=\"1240\" data-end=\"1289\">\n<p data-start=\"1242\" data-end=\"1289\">\u00c1tl\u00e1that\u00f3 term\u00e9kle\u00edr\u00e1sok \u00e9s specifik\u00e1ci\u00f3k<\/p>\n<\/li>\n<li data-start=\"1290\" data-end=\"1330\">\n<p data-start=\"1292\" data-end=\"1330\">Gyors, megb\u00edzhat\u00f3 EU-orient\u00e1lt logisztika<\/p>\n<\/li>\n<li data-start=\"1331\" data-end=\"1400\">\n<p data-start=\"1333\" data-end=\"1400\">Egy katal\u00f3gus, amely a <strong data-start=\"1356\" data-end=\"1373\">n\u00e9pszer\u0171 vape-ekb\u0151l<\/strong>, nem t\u00falzs\u00fafolt SKUs-ra f\u00f3kusz\u00e1l<\/p>\n<\/li>\n<\/ul>\n<h2 data-start=\"2064\" data-end=\"2115\">Gyakran Ism\u00e9telt K\u00e9rd\u00e9sek az Al Fakher Crown Bar 15K egyszer haszn\u00e1latos vape-r\u0151l<\/h2>\n<p data-start=\"3359\" data-end=\"3484\"><strong data-start=\"3359\" data-end=\"3413\">1. Mennyi ideig tart az Al Fakher Crown Bar 15K?<\/strong><br data-start=\"3413\" data-end=\"3416\" \/>Ak\u00e1r 15 000 sz\u00edv\u00e1ssal, hetekig is eltarthat a napi haszn\u00e1latt\u00f3l f\u00fcgg\u0151en.<\/p>\n<p data-start=\"3486\" data-end=\"3605\"><strong data-start=\"3486\" data-end=\"3532\">2. A v\u00e1s\u00e1rl\u00f3k be\u00e1ll\u00edthatj\u00e1k a h\u0171t\u00e9si szintet?<\/strong><br data-start=\"3532\" data-end=\"3535\" \/>Igen, az Ice Adjust rendszer lehet\u0151v\u00e9 teszi a felhaszn\u00e1l\u00f3k sz\u00e1m\u00e1ra, hogy kiv\u00e1lassz\u00e1k, milyen hidegnek \u00e9rz\u0151dik minden sz\u00edv\u00e1s.<\/p>\n<p data-start=\"3607\" data-end=\"3700\"><strong data-start=\"3607\" data-end=\"3642\">3. Az akkumul\u00e1tor \u00fajrat\u00f6lthet\u0151?<\/strong><br data-start=\"3642\" data-end=\"3645\" \/>Igen, 850mAh-s akkumul\u00e1torral rendelkezik, USB-C gyors t\u00f6lt\u00e9ssel.<\/p>\n<p data-start=\"3702\" data-end=\"3807\"><strong data-start=\"3702\" data-end=\"3744\">4. Milyen nikotinszintet haszn\u00e1l?<\/strong><br data-start=\"3744\" data-end=\"3747\" \/>A k\u00e9sz\u00fcl\u00e9k 0,5% nikotint tartalmaz, ami sima, k\u00f6nny\u0171 hat\u00e1st biztos\u00edt.<\/p>\n<p data-start=\"3809\" data-end=\"3972\"><strong data-start=\"3809\" data-end=\"3857\">5. Ez alkalmas nagykereskedelemre Magyarorsz\u00e1gon?<\/strong><br data-start=\"3857\" data-end=\"3860\" \/>Igen, \u00fagy van tervezve, <strong data-start=\"3884\" data-end=\"3921\">Eldobhat\u00f3 Vape Nagykereskedelem Franciaorsz\u00e1g<\/strong> er\u0151s kiskereskedelmi vonzer\u0151vel \u00e9s gyorsan v\u00e1ltoz\u00f3 \u00edzekkel.<\/p>\n<\/div>\n<\/div>\n<\/div>\n<\/div>","protected":false},"excerpt":{"rendered":"<p data-start=\"4393\" data-end=\"4476\"><strong data-start=\"4393\" data-end=\"4474\">AL Fakher Crown Bar 15K Ice Adjust \u2013 Nagykereskedelmi Eldobhat\u00f3 E-Cigarett\u00e1k Franciaorsz\u00e1g<\/strong><\/p>\n<p data-start=\"4480\" data-end=\"4550\"><strong data-start=\"4480\" data-end=\"4548\">Al Fakher Ice Adjust 15K Crown Bar | 15 000 P\u00f6ff Olcs\u00f3 \u00c1ron<\/strong><\/p>\n<p data-start=\"4554\" data-end=\"4622\" data-is-last-node=\"\"><strong data-start=\"4554\" data-end=\"4622\" data-is-last-node=\"\">Crown Bar 15K Eldobhat\u00f3 Vape \u2013 J\u00e9gkontroll \u00e9s T\u00f6meges Ell\u00e1t\u00e1s Eur\u00f3pa<\/strong><\/p>\n<p><strong>Add hozz\u00e1 Amy whatsappj\u00e1t, hogy azonnali v\u00e1laszt \u00e9s kedvezm\u00e9nyes \u00e1rat kapj!<\/strong><\/p>\n<p><img fetchpriority=\"high\" decoding=\"async\" class=\"size-full wp-image-2932\" src=\"https:\/\/vapestornado.com\/wp-content\/uploads\/2024\/12\/Vape-Wholesale.jpg\" alt=\"Vape nagykereskedelem\" width=\"229\" height=\"300\" \/><\/p>\n<h3><a href=\"https:\/\/wa.me\/8617776015835\"><span style=\"color: #ff0000;\"><strong>WhatsApp: +86 17776015835<\/strong><\/span><\/a><\/h3>","protected":false},"featured_media":4790,"comment_status":"open","ping_status":"closed","template":"","meta":{"_acf_changed":false,"_uag_custom_page_level_css":"","_lmt_disableupdate":"no","_lmt_disable":"","_monsterinsights_skip_tracking":false,"_monsterinsights_sitenote_active":false,"_monsterinsights_sitenote_note":"","_monsterinsights_sitenote_category":0,"site-sidebar-layout":"default","site-content-layout":"","ast-site-content-layout":"default","site-content-style":"default","site-sidebar-style":"default","ast-global-header-display":"","ast-banner-title-visibility":"","ast-main-header-display":"","ast-hfb-above-header-display":"","ast-hfb-below-header-display":"","ast-hfb-mobile-header-display":"","site-post-title":"","ast-breadcrumbs-content":"","ast-featured-img":"","footer-sml-layout":"","ast-disable-related-posts":"","theme-transparent-header-meta":"default","adv-header-id-meta":"","stick-header-meta":"","header-above-stick-meta":"","header-main-stick-meta":"","header-below-stick-meta":"","astra-migrate-meta-layouts":"set","ast-page-background-enabled":"default","ast-page-background-meta":{"desktop":{"background-color":"","background-image":"","background-repeat":"repeat","background-position":"center center","background-size":"auto","background-attachment":"scroll","background-type":"","background-media":"","overlay-type":"","overlay-color":"","overlay-opacity":"","overlay-gradient":""},"tablet":{"background-color":"","background-image":"","background-repeat":"repeat","background-position":"center center","background-size":"auto","background-attachment":"scroll","background-type":"","background-media":"","overlay-type":"","overlay-color":"","overlay-opacity":"","overlay-gradient":""},"mobile":{"background-color":"","background-image":"","background-repeat":"repeat","background-position":"center center","background-size":"auto","background-attachment":"scroll","background-type":"","background-media":"","overlay-type":"","overlay-color":"","overlay-opacity":"","overlay-gradient":""}},"ast-content-background-meta":{"desktop":{"background-color":"var(--ast-global-color-5)","background-image":"","background-repeat":"repeat","background-position":"center center","background-size":"auto","background-attachment":"scroll","background-type":"","background-media":"","overlay-type":"","overlay-color":"","overlay-opacity":"","overlay-gradient":""},"tablet":{"background-color":"var(--ast-global-color-5)","background-image":"","background-repeat":"repeat","background-position":"center center","background-size":"auto","background-attachment":"scroll","background-type":"","background-media":"","overlay-type":"","overlay-color":"","overlay-opacity":"","overlay-gradient":""},"mobile":{"background-color":"var(--ast-global-color-5)","background-image":"","background-repeat":"repeat","background-position":"center center","background-size":"auto","background-attachment":"scroll","background-type":"","background-media":"","overlay-type":"","overlay-color":"","overlay-opacity":"","overlay-gradient":""}},"_joinchat":[]},"product_brand":[],"product_cat":[71,531,140,150,152,156,158,142,146,147],"product_tag":[541,542,317,540,538,291,539,513,512],"class_list":{"0":"post-4795","1":"product","2":"type-product","3":"status-publish","4":"has-post-thumbnail","6":"product_cat-15000-puff","7":"product_cat-al-fakher-crown-bar","8":"product_cat-big-puffs-disposable-vapes","9":"product_cat-buy-disposable-vapes-in-belgium","10":"product_cat-buy-disposable-vapes-in-cermany","11":"product_cat-buy-disposable-vapes-in-poland","12":"product_cat-buy-disposable-vapes-in-spain","13":"product_cat-digital-box-disposable-vapes","14":"product_cat-rechargeable-disposable-vapes","15":"product_cat-shisha-hookah-disposable-vapes","16":"product_tag-al-fakher-15k-ice-adjust","17":"product_tag-al-fakher-15k-sound-adjust","18":"product_tag-al-fakher-crown-bar","19":"product_tag-al-fakher-crown-bar-15k","20":"product_tag-disposable-e-shisha","21":"product_tag-disposable-shisha-hookah","22":"product_tag-hookah-shisha","23":"product_tag-vape-discount-price","24":"product_tag-vape-wholesale-distributor","25":"desktop-align-left","26":"tablet-align-left","27":"mobile-align-left","29":"first","30":"instock","31":"sale","32":"shipping-taxable","33":"purchasable","34":"product-type-simple"},"acf":[],"uagb_featured_image_src":{"full":["https:\/\/vapestornado.com\/wp-content\/uploads\/2026\/01\/Al-Fakher-Crown-Bar-15K-Ice-Adjust-Disposable-Vape-Wholesale.webp",800,800,false],"thumbnail":["https:\/\/vapestornado.com\/wp-content\/uploads\/2026\/01\/Al-Fakher-Crown-Bar-15K-Ice-Adjust-Disposable-Vape-Wholesale-150x150.webp",150,150,true],"medium":["https:\/\/vapestornado.com\/wp-content\/uploads\/2026\/01\/Al-Fakher-Crown-Bar-15K-Ice-Adjust-Disposable-Vape-Wholesale-300x300.webp",300,300,true],"medium_large":["https:\/\/vapestornado.com\/wp-content\/uploads\/2026\/01\/Al-Fakher-Crown-Bar-15K-Ice-Adjust-Disposable-Vape-Wholesale-768x768.webp",768,768,true],"large":["https:\/\/vapestornado.com\/wp-content\/uploads\/2026\/01\/Al-Fakher-Crown-Bar-15K-Ice-Adjust-Disposable-Vape-Wholesale.webp",800,800,false],"1536x1536":["https:\/\/vapestornado.com\/wp-content\/uploads\/2026\/01\/Al-Fakher-Crown-Bar-15K-Ice-Adjust-Disposable-Vape-Wholesale.webp",800,800,false],"2048x2048":["https:\/\/vapestornado.com\/wp-content\/uploads\/2026\/01\/Al-Fakher-Crown-Bar-15K-Ice-Adjust-Disposable-Vape-Wholesale.webp",800,800,false],"trp-custom-language-flag":["https:\/\/vapestornado.com\/wp-content\/uploads\/2026\/01\/Al-Fakher-Crown-Bar-15K-Ice-Adjust-Disposable-Vape-Wholesale-12x12.webp",12,12,true],"woocommerce_thumbnail":["https:\/\/vapestornado.com\/wp-content\/uploads\/2026\/01\/Al-Fakher-Crown-Bar-15K-Ice-Adjust-Disposable-Vape-Wholesale-300x300.webp",300,300,true],"woocommerce_single":["https:\/\/vapestornado.com\/wp-content\/uploads\/2026\/01\/Al-Fakher-Crown-Bar-15K-Ice-Adjust-Disposable-Vape-Wholesale-600x600.webp",600,600,true],"woocommerce_gallery_thumbnail":["https:\/\/vapestornado.com\/wp-content\/uploads\/2026\/01\/Al-Fakher-Crown-Bar-15K-Ice-Adjust-Disposable-Vape-Wholesale-100x100.webp",100,100,true]},"uagb_author_info":{"display_name":"ESAMY","author_link":"https:\/\/vapestornado.com\/hu\/author\/"},"uagb_comment_info":0,"uagb_excerpt":"AL Fakher Crown Bar 15K Ice Adjust \u2013 Wholesale Disposable E Cigarettes France Al Fakher Ice Adjust 15K Crown Bar | 15,000 Puffs at Cheap Price Crown Bar 15K Disposable Vape \u2013 Ice Control &amp; Bulk Supply Europe Add Amy's whatsapp to get right reply and discount price! WhatsApp: +86 17776015835","_links":{"self":[{"href":"https:\/\/vapestornado.com\/hu\/wp-json\/wp\/v2\/product\/4795","targetHints":{"allow":["GET"]}}],"collection":[{"href":"https:\/\/vapestornado.com\/hu\/wp-json\/wp\/v2\/product"}],"about":[{"href":"https:\/\/vapestornado.com\/hu\/wp-json\/wp\/v2\/types\/product"}],"replies":[{"embeddable":true,"href":"https:\/\/vapestornado.com\/hu\/wp-json\/wp\/v2\/comments?post=4795"}],"wp:featuredmedia":[{"embeddable":true,"href":"https:\/\/vapestornado.com\/hu\/wp-json\/wp\/v2\/media\/4790"}],"wp:attachment":[{"href":"https:\/\/vapestornado.com\/hu\/wp-json\/wp\/v2\/media?parent=4795"}],"wp:term":[{"taxonomy":"product_brand","embeddable":true,"href":"https:\/\/vapestornado.com\/hu\/wp-json\/wp\/v2\/product_brand?post=4795"},{"taxonomy":"product_cat","embeddable":true,"href":"https:\/\/vapestornado.com\/hu\/wp-json\/wp\/v2\/product_cat?post=4795"},{"taxonomy":"product_tag","embeddable":true,"href":"https:\/\/vapestornado.com\/hu\/wp-json\/wp\/v2\/product_tag?post=4795"}],"curies":[{"name":"wp","href":"https:\/\/api.w.org\/{rel}","templated":true}]}}