{"id":4788,"date":"2026-01-09T08:31:41","date_gmt":"2026-01-09T08:31:41","guid":{"rendered":"https:\/\/vapestornado.com\/?post_type=product&#038;p=4788"},"modified":"2026-01-09T08:59:59","modified_gmt":"2026-01-09T08:59:59","slug":"al-fakher-60k-ehose-x-disposable-vape-crown-bar-60000-puffs-shisha-hookah-low-price","status":"publish","type":"product","link":"https:\/\/vapestornado.com\/hu\/product\/al-fakher-60k-ehose-x-disposable-vape-crown-bar-60000-puffs-shisha-hookah-low-price\/","title":{"rendered":"Al Fakher 60k EHose X Dobozos Vape Crown Bar 60000 Puffs Sz\u00ednes Sz\u00edv\u00f3cs\u0151 Olcs\u00f3 \u00c1rkedvez\u0151"},"content":{"rendered":"<h1 data-start=\"0\" data-end=\"87\">Al Fakher Mega Max 40K sz\u00edv\u00e1s Crown Bar egyszer haszn\u00e1latos E-Sz\u00edv\u00f3 hookah vape \u00e1ll\u00edthat\u00f3 l\u00e9g\u00e1raml\u00e1ssal<\/h1>\n<p data-start=\"233\" data-end=\"642\">A <strong data-start=\"237\" data-end=\"289\">Al Fakher 60K E-Hose X Dobozos Vape Crown Bar<\/strong> olyan v\u00e1s\u00e1rl\u00f3k sz\u00e1m\u00e1ra lett tervezve, akik hossz\u00fa t\u00e1v\u00fa megb\u00edzhat\u00f3s\u00e1got, er\u0151s \u00edzkibocs\u00e1t\u00e1st \u00e9s sz\u00edvaszint\u0171 g\u0151zt v\u00e1rnak el eldobhat\u00f3 form\u00e1tumban. Tervezve <strong data-start=\"431\" data-end=\"480\">nagy volumen\u0171 kiskereskedelmi \u00e9s nagykereskedelmi forgalomra<\/strong>, ez a modell ak\u00e1r <strong data-start=\"508\" data-end=\"524\">60 000 sz\u00edv\u00e1ssal<\/strong> stabil teljes\u00edtm\u00e9nnyel ny\u00fajt, \u00edgy az egyik legk\u00f6lts\u00e9ghat\u00e9konyabb <strong data-start=\"591\" data-end=\"627\">nagy sz\u00edv\u00e1s\u00fa eldobhat\u00f3 hookah vape<\/strong> k\u00f6z\u00f6tt.<\/p>\n<p data-start=\"644\" data-end=\"998\">egy hatalmas <strong data-start=\"667\" data-end=\"694\">50ml e-liquid tart\u00e1llyal<\/strong> \u00e9s egy <strong data-start=\"701\" data-end=\"736\">magas teljes\u00edtm\u00e9ny\u0171 0,6\u03a9 h\u00e1l\u00f3sz\u00e1l<\/strong>, a <strong data-start=\"742\" data-end=\"769\">Al Fakher CRYSTAL 60000<\/strong> meg\u0151rzi a s\u0171r\u0171 g\u0151zt \u00e9s a tiszta \u00edzt az els\u0151 sz\u00edv\u00e1st\u00f3l az utols\u00f3ig. Ellent\u00e9tben a r\u00f6vid \u00e9lettartam\u00fa eldobhat\u00f3kkal, amelyek gyorsan elhalv\u00e1nyulnak, ez a rendszer hangolt a k\u00f6vetkezetes lead\u00e1sra, ami elengedhetetlen az ism\u00e9telt \u00e9rt\u00e9kes\u00edt\u00e9shez \u00e9s a v\u00e1s\u00e1rl\u00f3i megtart\u00e1shoz.<\/p>\n<p data-start=\"1000\" data-end=\"1348\">A k\u00e9sz\u00fcl\u00e9k t\u00e1mogatja a <strong data-start=\"1020\" data-end=\"1040\">kett\u0151s vape m\u00f3d<\/strong>, lehet\u0151v\u00e9 t\u00e9ve a felhaszn\u00e1l\u00f3k sz\u00e1m\u00e1ra, hogy v\u00e1ltogassanak <strong data-start=\"1075\" data-end=\"1099\">DTL (k\u00f6zvetlen a t\u00fcd\u0151be)<\/strong> a felh\u0151s shisha session\u00f6khez \u00e9s <strong data-start=\"1136\" data-end=\"1159\">MTL (sz\u00e1jb\u00f3l t\u00fcd\u0151be)<\/strong> egy kontroll\u00e1ltabb h\u00faz\u00e1s\u00e9rt. Ez a rugalmass\u00e1g teszi <strong data-start=\"1215\" data-end=\"1250\">Al Fakher Crown Bar Crystal 60K<\/strong> alkalmass\u00e1 mind hookah rajong\u00f3k, mind pedig az egyszer\u0171 eldobhat\u00f3 vape felhaszn\u00e1l\u00f3k sz\u00e1m\u00e1ra, n\u00f6velve ezzel kereskedelmi el\u00e9r\u00e9s\u00e9t.<\/p>\n<p data-start=\"1350\" data-end=\"1704\">A <strong data-start=\"1352\" data-end=\"1384\">1000 mAh-s \u00fajrat\u00f6lthet\u0151 akkumul\u00e1tor<\/strong> p\u00e1ros\u00edtva <strong data-start=\"1397\" data-end=\"1421\">Type-C gyorst\u00f6lt\u00e9ssel<\/strong> fenntartja a k\u00e9sz\u00fcl\u00e9k m\u0171k\u00f6d\u00e9s\u00e9t le\u00e1ll\u00e1s n\u00e9lk\u00fcl. A be\u00e9p\u00edtett <strong data-start=\"1478\" data-end=\"1503\">okos digit\u00e1lis kijelz\u0151<\/strong> val\u00f3s idej\u0171 akkumul\u00e1tor- \u00e9s e- folyad\u00e9kszinteket mutat, cs\u00f6kkentve a felhaszn\u00e1l\u00f3i frusztr\u00e1ci\u00f3t \u00e9s jav\u00edtva a term\u00e9k \u00e9szlelt min\u0151s\u00e9g\u00e9t \u2014 ez egy fontos t\u00e9nyez\u0151 a versenyk\u00e9pes <strong data-start=\"1652\" data-end=\"1688\">Eldobhat\u00f3 Vape Nagykereskedelem Magyarorsz\u00e1gon<\/strong> \u00e9s az EU piacain.<\/p>\n<p data-start=\"1706\" data-end=\"1900\">Nagyteljes\u00edtm\u00e9ny\u0171 nagykeresked\u0151k sz\u00e1m\u00e1ra, akik <strong data-start=\"1734\" data-end=\"1787\">alacsony \u00e1rat, magas sz\u00edv\u00e1si sz\u00e1mot \u00e9s er\u0151s m\u00e1rk\u00e1z\u00e1si vonzer\u0151t keresnek<\/strong>, a <strong data-start=\"1793\" data-end=\"1819\">Al Fakher 60K E-Hose X<\/strong> egyens\u00falyozott kombin\u00e1ci\u00f3t ny\u00fajt a teljes\u00edtm\u00e9ny, tart\u00f3ss\u00e1g \u00e9s \u00e9rt\u00e9kes\u00edt\u00e9si stabilit\u00e1s ter\u00e9n.<\/p>\n<p><strong><span style=\"color: #ff0000;\">Adja hozz\u00e1 Amy-t WhatsApp-on, hogy azonnali v\u00e1laszt \u00e9s vape kupont kapjon!<\/span><\/strong><\/p>\n<p><img fetchpriority=\"high\" decoding=\"async\" class=\"size-full wp-image-2932\" src=\"https:\/\/vapestornado.com\/wp-content\/uploads\/2024\/12\/Vape-Wholesale.jpg\" alt=\"Vape nagykereskedelem\" width=\"229\" height=\"300\" \/><\/p>\n<h3><a href=\"https:\/\/wa.me\/8617776015835\" target=\"_blank\" rel=\"noopener\"><span style=\"color: #ff0000;\"><strong>WhatsApp: +86 17776015835<\/strong><\/span><\/a><\/h3>\n<p>&nbsp;<\/p>\n<h2><strong>Al Fakher 60k Sz\u00edv\u00e1s Term\u00e9k Jellemz\u0151k<\/strong><\/h2>\n<ul>\n<li data-start=\"1956\" data-end=\"2043\">\n<p data-start=\"1958\" data-end=\"2043\"><strong data-start=\"1958\" data-end=\"1975\">60 000 Sz\u00edv\u00e1s:<\/strong> Olyan kialak\u00edt\u00e1s, amely hosszabb haszn\u00e1latra k\u00e9sz\u00fclt, an\u00e9lk\u00fcl, hogy korai cs\u00f6kken\u00e9s lenne a g\u0151z vagy az \u00edz ter\u00e9n.<\/p>\n<\/li>\n<li data-start=\"2044\" data-end=\"2151\">\n<p data-start=\"2046\" data-end=\"2151\"><strong data-start=\"2046\" data-end=\"2073\">50ml E- folyad\u00e9k Kapacit\u00e1s:<\/strong> Nagy bels\u0151 tart\u00e1ly cs\u00f6kkenti a cseresz\u00e1mot \u00e9s n\u00f6veli a felhaszn\u00e1l\u00f3i \u00e9rt\u00e9ket.<\/p>\n<\/li>\n<li data-start=\"2152\" data-end=\"2230\">\n<p data-start=\"2154\" data-end=\"2230\"><strong data-start=\"2154\" data-end=\"2175\">Du\u00e1l Vape m\u00f3d:<\/strong> Mind DTL, mind MTL t\u00e1mogatott a sz\u00e9lesebb v\u00e1s\u00e1rl\u00f3i k\u00f6r sz\u00e1m\u00e1ra.<\/p>\n<\/li>\n<li data-start=\"2231\" data-end=\"2323\">\n<p data-start=\"2233\" data-end=\"2323\"><strong data-start=\"2233\" data-end=\"2252\">0,6\u03a9 Mesh Tekercs:<\/strong> Simogat\u00f3 l\u00e9g\u00e1raml\u00e1st, s\u0171r\u0171 felh\u0151ket \u00e9s k\u00f6vetkezetes \u00edzlead\u00e1st biztos\u00edt.<\/p>\n<\/li>\n<li data-start=\"2324\" data-end=\"2406\">\n<p data-start=\"2326\" data-end=\"2406\"><strong data-start=\"2326\" data-end=\"2346\">1000mAh Akkumul\u00e1tor:<\/strong> \u00dajrat\u00f6lthet\u0151 energiaell\u00e1t\u00e1s, amelyet intenz\u00edv napi haszn\u00e1latra terveztek.<\/p>\n<\/li>\n<li data-start=\"2407\" data-end=\"2492\">\n<p data-start=\"2409\" data-end=\"2492\"><strong data-start=\"2409\" data-end=\"2429\">Type-C T\u00f6lt\u00e9s:<\/strong> Gyorsabb \u00e9s stabilabb t\u00f6lt\u00e9s modern kompatibilit\u00e1ssal.<\/p>\n<\/li>\n<li data-start=\"2493\" data-end=\"2582\">\n<p data-start=\"2495\" data-end=\"2582\"><strong data-start=\"2495\" data-end=\"2521\">Okos Digit\u00e1lis Kijelz\u0151:<\/strong> Az akkumul\u00e1tor \u00e9s a folyad\u00e9kszintek mutat\u00e1sa a megb\u00edzhat\u00f3 mindennapi haszn\u00e1lathoz.<\/p>\n<\/li>\n<li data-start=\"2583\" data-end=\"2666\">\n<p data-start=\"2585\" data-end=\"2666\"><strong data-start=\"2585\" data-end=\"2614\">6mg\/ml Nikotinszint:<\/strong> Egyens\u00falyozott lead\u00e1s, amely a shisha-st\u00edlus\u00fa vapinghez lett tervezve.<\/p>\n<\/li>\n<\/ul>\n<div>\n<figure id=\"attachment_4783\" aria-describedby=\"caption-attachment-4783\" style=\"width: 300px\" class=\"wp-caption alignnone\"><img decoding=\"async\" class=\"size-medium wp-image-4783\" src=\"https:\/\/vapestornado.com\/wp-content\/uploads\/2026\/01\/AL-Fakher-60k-Crown-Bar-EHOSE-X-60000-Puff-Disposable-Vape-300x300.webp\" alt=\"AL Fakher 60k Crown Bar EHOSE X 60000 Szippant\u00e1s Eldobhat\u00f3 Vape\" width=\"300\" height=\"300\" srcset=\"https:\/\/vapestornado.com\/wp-content\/uploads\/2026\/01\/AL-Fakher-60k-Crown-Bar-EHOSE-X-60000-Puff-Disposable-Vape-300x300.webp 300w, https:\/\/vapestornado.com\/wp-content\/uploads\/2026\/01\/AL-Fakher-60k-Crown-Bar-EHOSE-X-60000-Puff-Disposable-Vape-150x150.webp 150w, https:\/\/vapestornado.com\/wp-content\/uploads\/2026\/01\/AL-Fakher-60k-Crown-Bar-EHOSE-X-60000-Puff-Disposable-Vape-768x768.webp 768w, https:\/\/vapestornado.com\/wp-content\/uploads\/2026\/01\/AL-Fakher-60k-Crown-Bar-EHOSE-X-60000-Puff-Disposable-Vape-12x12.webp 12w, https:\/\/vapestornado.com\/wp-content\/uploads\/2026\/01\/AL-Fakher-60k-Crown-Bar-EHOSE-X-60000-Puff-Disposable-Vape-600x600.webp 600w, https:\/\/vapestornado.com\/wp-content\/uploads\/2026\/01\/AL-Fakher-60k-Crown-Bar-EHOSE-X-60000-Puff-Disposable-Vape-100x100.webp 100w, https:\/\/vapestornado.com\/wp-content\/uploads\/2026\/01\/AL-Fakher-60k-Crown-Bar-EHOSE-X-60000-Puff-Disposable-Vape.webp 800w\" sizes=\"(max-width: 300px) 100vw, 300px\" \/><figcaption id=\"caption-attachment-4783\" class=\"wp-caption-text\">AL Fakher 60k Crown Bar EHOSE X 60000 Szippant\u00e1s Eldobhat\u00f3 Vape<\/figcaption><\/figure>\n<\/div>\n<h2 class=\"product-title\"><strong>Al Fakher 60k EHose X Szippant\u00e1s \u00cdzv\u00e1laszt\u00e9k<\/strong><\/h2>\n<p>1 Bogy\u00f3 K\u00e9k<br \/>\n2 Bogy\u00f3 J\u00e9g<br \/>\n3 Fekete Ribizli J\u00e9g<br \/>\n4 Fekete Ribizli Ment\u00e1val<br \/>\n5 K\u00e9k Razz Robban\u00e1s<br \/>\n6 K\u00e9k Razz Limon\u00e1d\u00e9<br \/>\n7 \u00c1fonya Cseresznye<br \/>\n8 \u00c1fonya R\u00e1g\u00f3gumi<br \/>\n9 \u00c1fonya Limon\u00e1d\u00e9<br \/>\n10 \u00c1fonya Menta<br \/>\n11 \u00c1fonya M\u00e1lna<br \/>\n12 \u00c1fonya Savany\u00fa M\u00e1lna<br \/>\n13 Cseresznye Fiesta<br \/>\n14 Cseresznye Fizz<br \/>\n15 Cseresznye J\u00e9g<br \/>\n16 H\u0171s Mang\u00f3<br \/>\n17 Fusion Pop<br \/>\n18 Sz\u0151l\u0151<br \/>\n19 Sz\u0151l\u0151 Bogy\u00f3<br \/>\n20 Sz\u0151l\u0151 Menta<br \/>\n21 R\u00e1g\u00f3gumi Menta<br \/>\n22 Hubba<br \/>\n23 J\u00e9gk\u00e9k<br \/>\n24 Citrom Lime<br \/>\n25 Citrom Lime Cseresznye Fizz<br \/>\n26 Citrom Menta<br \/>\n27 Lush Ice<br \/>\n28 Magic Love<br \/>\n29 Mang\u00f3 Anan\u00e1sz<br \/>\n30 Menthol<br \/>\n31 Menta<br \/>\n32 Vegyes Bogy\u00f3<br \/>\n33 Narancs Menta<br \/>\n34 S\u00e1rgabarack J\u00e9g<br \/>\n35 Anan\u00e1sz J\u00e9g<br \/>\n36 \u0170r \u00c1lom<br \/>\n37 Borsmenta<br \/>\n38 Eper Cseresznye<br \/>\n39 Eper Punch<br \/>\n40 Ny\u00e1ri \u00c1lom<br \/>\n41 K\u00e9t Alma<br \/>\n42 G\u00f6r\u00f6gdinnye Cseresznye<br \/>\n43 G\u00f6r\u00f6gdinnye Kivi<br \/>\n44 G\u00f6r\u00f6gdinnye Lime<br \/>\n45 G\u00f6r\u00f6gdinnye Anan\u00e1sz<\/p>\n<div class=\"flex-shrink-0 flex flex-col relative items-end\">\n<div class=\"pt-0\">\n<div class=\"gizmo-bot-avatar flex h-8 w-8 items-center justify-center overflow-hidden rounded-full\">\n<div class=\"relative p-1 rounded-sm flex items-center justify-center bg-token-main-surface-primary text-token-text-primary h-8 w-8\">\n<h2 data-start=\"1200\" data-end=\"1487\">Vapes Tornado \u2013 Az \u00d6n Nagykereskedelmi Online P\u00e1rologtat\u00f3 Boltja a N\u00e9pszer\u0171 Vape-ekhez<\/h2>\n<p data-start=\"72\" data-end=\"396\"><strong data-start=\"72\" data-end=\"89\">Vapes Tornado<\/strong> egy Eur\u00f3p\u00e1ra f\u00f3kusz\u00e1l\u00f3 nagykereskedelmi online p\u00e1rologtat\u00f3 bolt, amely gondosan v\u00e1logatott k\u00edn\u00e1latot biztos\u00edt <strong data-start=\"178\" data-end=\"195\">n\u00e9pszer\u0171 vape-ekb\u0151l<\/strong> professzion\u00e1lis v\u00e1s\u00e1rl\u00f3k sz\u00e1m\u00e1ra. Olyan kiskeresked\u0151kkel, forgalmaz\u00f3kkal \u00e9s online \u00e1ruh\u00e1zakkal dolgozunk az EU-ban, akik stabil ell\u00e1t\u00e1st, vil\u00e1gos term\u00e9kinform\u00e1ci\u00f3kat \u00e9s olyan m\u00e1rk\u00e1kat keresnek, amelyeket a v\u00e1s\u00e1rl\u00f3k m\u00e1r ismernek \u00e9s megb\u00edznak benn\u00fck.<\/p>\n<p data-start=\"398\" data-end=\"687\">Biztos partnerekkel dolgozunk, mint p\u00e9ld\u00e1ul <strong data-start=\"247\" data-end=\"352\">Elf Bar Vape, WASPE Vape, <a href=\"https:\/\/vapestornado.com\/hu\/product\/uzy-150k-puffs-6-in-1-flavor-switch-disposable-vape-pen-wholesale\/\">UZY Vape<\/a>, Bang Vape, Razz Bar Vape, <a href=\"https:\/\/vapestornado.com\/hu\/product\/randm-12000-puffs-fumot-digital-disposable-vape-wholesale-price\/\">Fumot VAPE<\/a>, <a href=\"https:\/\/vapestornado.com\/hu\/product\/original-wga-ultra-35k-35000-puff-rechargeable-crystal-disposable-nicotine-vape-best-discount-price\/\">WGA VAPE<\/a>, <a href=\"https:\/\/vapestornado.com\/hu\/product\/vozol-gear-shisha-25k-25000-puffs-best-dtl-disposable-vape-hookah-cheap-price\/\">VOZOL BAR VAPE<\/a>,\u00a0\u00e9s Stag Bar Vape<\/strong>, melyeket a folyamatos min\u0151s\u00e9g \u00e9s a nagy kereslet miatt v\u00e1lasztottak az eur\u00f3pai piacon.<\/p>\n<h4 data-start=\"1080\" data-end=\"1120\">Eur\u00f3pai nagykereskedelmi v\u00e1s\u00e1rl\u00f3k sz\u00e1m\u00e1ra k\u00e9sz\u00fclt<\/h4>\n<p data-start=\"1121\" data-end=\"1189\">A Vapes Tornado az EU nagykeresked\u0151k val\u00f3di ig\u00e9nyei k\u00f6r\u00e9 \u00e9p\u00fclt:<\/p>\n<ul data-start=\"1190\" data-end=\"1400\">\n<li data-start=\"1190\" data-end=\"1239\">\n<p data-start=\"1192\" data-end=\"1239\">Versenyk\u00e9pes nagykereskedelmi \u00e1rak t\u00e9teles megrendel\u00e9sekhez<\/p>\n<\/li>\n<li data-start=\"1240\" data-end=\"1289\">\n<p data-start=\"1242\" data-end=\"1289\">\u00c1tl\u00e1that\u00f3 term\u00e9kle\u00edr\u00e1sok \u00e9s specifik\u00e1ci\u00f3k<\/p>\n<\/li>\n<li data-start=\"1290\" data-end=\"1330\">\n<p data-start=\"1292\" data-end=\"1330\">Gyors, megb\u00edzhat\u00f3 EU-orient\u00e1lt logisztika<\/p>\n<\/li>\n<li data-start=\"1331\" data-end=\"1400\">\n<p data-start=\"1333\" data-end=\"1400\">Egy katal\u00f3gus, amely a <strong data-start=\"1356\" data-end=\"1373\">n\u00e9pszer\u0171 vape-ekb\u0151l<\/strong>, nem t\u00falzs\u00fafolt SKUs-ra f\u00f3kusz\u00e1l<\/p>\n<\/li>\n<\/ul>\n<h2 data-start=\"2064\" data-end=\"2115\">Gyakran Ism\u00e9telt K\u00e9rd\u00e9sek az Al Fakher 60k EHose X Eldobhat\u00f3 Vape-r\u0151l<\/h2>\n<p data-start=\"3387\" data-end=\"3541\"><strong data-start=\"3387\" data-end=\"3441\">1. Kinek k\u00e9sz\u00fclt az Al Fakher 60K E-Hose X?<\/strong><br data-start=\"3441\" data-end=\"3444\" \/>Kiz\u00e1r\u00f3lag shisha rajong\u00f3knak \u00e9s nagy mennyis\u00e9gben eldobhat\u00f3 felhaszn\u00e1l\u00f3knak, akik hossz\u00fa t\u00e1v\u00fa teljes\u00edtm\u00e9nyt keresnek.<\/p>\n<p data-start=\"3543\" data-end=\"3668\"><strong data-start=\"3543\" data-end=\"3587\">2. \u00c1tv\u00e1lthatnak-e a felhaszn\u00e1l\u00f3k DTL \u00e9s MTL k\u00f6z\u00f6tt?<\/strong><br data-start=\"3587\" data-end=\"3590\" \/>Igen, a kett\u0151s vape m\u00f3d lehet\u0151v\u00e9 teszi mind a k\u00f6zvetlen t\u00fcd\u0151be, mind a sz\u00e1jr\u00f3l-t\u00fcd\u0151re st\u00edlusokat.<\/p>\n<p data-start=\"3670\" data-end=\"3796\"><strong data-start=\"3670\" data-end=\"3708\">3. Mennyi ideig tart az akkumul\u00e1tor?<\/strong><br data-start=\"3708\" data-end=\"3711\" \/>Az 1000mAh-s akkumul\u00e1tor hossz\u00fa napi haszn\u00e1latot t\u00e1mogat, \u00e9s Type-C csatlakoz\u00f3val gyorsan \u00fajrat\u00f6lthet\u0151.<\/p>\n<p data-start=\"3798\" data-end=\"3944\"><strong data-start=\"3798\" data-end=\"3857\">4. Marad-e az \u00edz konzisztens a 60 000 sz\u00edv\u00e1s sor\u00e1n?<\/strong><br data-start=\"3857\" data-end=\"3860\" \/>A h\u00e1l\u00f3s tekercs \u00e9s a 50ml-es e-liquid rendszer seg\u00edt fenntartani az \u00edz \u00e9s a g\u0151zkibocs\u00e1t\u00e1s stabilit\u00e1s\u00e1t.<\/p>\n<p data-start=\"3946\" data-end=\"4135\"><strong data-start=\"3946\" data-end=\"4028\">5. Ez a modell alkalmas-e eldobhat\u00f3 vape-k nagykereskedelm\u00e9re Magyarorsz\u00e1gon \u00e9s az EU piac\u00e1n?<\/strong><br data-start=\"4028\" data-end=\"4031\" \/>Igen, nagykereskedelmi forgalomra tervezt\u00e9k megb\u00edzhat\u00f3 teljes\u00edtm\u00e9nnyel \u00e9s er\u0151s m\u00e1rkaismerts\u00e9ggel.<\/p>\n<\/div>\n<\/div>\n<\/div>\n<\/div>","protected":false},"excerpt":{"rendered":"<p data-start=\"4645\" data-end=\"4728\"><strong data-start=\"0\" data-end=\"26\" data-is-only-node=\"\">Al Fakher 60K E-Hose X<\/strong> ak\u00e1r <strong data-start=\"42\" data-end=\"58\">60 000 sz\u00edv\u00e1ssal<\/strong> sima sz\u00edves st\u00edlus\u00fa g\u0151zzel, <strong data-start=\"91\" data-end=\"111\">kett\u0151s vape m\u00f3d<\/strong>, \u00e9s egy er\u0151teljes <strong data-start=\"128\" data-end=\"160\">1000 mAh-s \u00fajrat\u00f6lthet\u0151 akkumul\u00e1tor<\/strong>. Nagy volumen\u0171 \u00e9rt\u00e9kes\u00edt\u00e9sre tervezve, ez a <strong data-start=\"196\" data-end=\"223\">Crown Bar Krist\u00e1ly 60000<\/strong> er\u0151s \u00edzt, hossz\u00fa \u00e9lettartamot \u00e9s <strong data-start=\"261\" data-end=\"300\">olcs\u00f3 \u00e1r\u00fa eldobhat\u00f3 vape nagykereskedelmet k\u00edn\u00e1l<\/strong> szerte Eur\u00f3p\u00e1ban.<\/p>\n<p><strong>Add hozz\u00e1 Amy whatsappj\u00e1t, hogy azonnali v\u00e1laszt \u00e9s kedvezm\u00e9nyes \u00e1rat kapj!<\/strong><\/p>\n<p><img fetchpriority=\"high\" decoding=\"async\" class=\"size-full wp-image-2932\" src=\"https:\/\/vapestornado.com\/wp-content\/uploads\/2024\/12\/Vape-Wholesale.jpg\" alt=\"Vape nagykereskedelem\" width=\"229\" height=\"300\" \/><\/p>\n<h3><a href=\"https:\/\/wa.me\/8617776015835\"><span style=\"color: #ff0000;\"><strong>WhatsApp: +86 17776015835<\/strong><\/span><\/a><\/h3>","protected":false},"featured_media":4784,"comment_status":"open","ping_status":"closed","template":"","meta":{"_acf_changed":false,"_uag_custom_page_level_css":"","_lmt_disableupdate":"no","_lmt_disable":"","_monsterinsights_skip_tracking":false,"_monsterinsights_sitenote_active":false,"_monsterinsights_sitenote_note":"","_monsterinsights_sitenote_category":0,"site-sidebar-layout":"default","site-content-layout":"","ast-site-content-layout":"default","site-content-style":"default","site-sidebar-style":"default","ast-global-header-display":"","ast-banner-title-visibility":"","ast-main-header-display":"","ast-hfb-above-header-display":"","ast-hfb-below-header-display":"","ast-hfb-mobile-header-display":"","site-post-title":"","ast-breadcrumbs-content":"","ast-featured-img":"","footer-sml-layout":"","ast-disable-related-posts":"","theme-transparent-header-meta":"default","adv-header-id-meta":"","stick-header-meta":"","header-above-stick-meta":"","header-main-stick-meta":"","header-below-stick-meta":"","astra-migrate-meta-layouts":"set","ast-page-background-enabled":"default","ast-page-background-meta":{"desktop":{"background-color":"","background-image":"","background-repeat":"repeat","background-position":"center center","background-size":"auto","background-attachment":"scroll","background-type":"","background-media":"","overlay-type":"","overlay-color":"","overlay-opacity":"","overlay-gradient":""},"tablet":{"background-color":"","background-image":"","background-repeat":"repeat","background-position":"center center","background-size":"auto","background-attachment":"scroll","background-type":"","background-media":"","overlay-type":"","overlay-color":"","overlay-opacity":"","overlay-gradient":""},"mobile":{"background-color":"","background-image":"","background-repeat":"repeat","background-position":"center center","background-size":"auto","background-attachment":"scroll","background-type":"","background-media":"","overlay-type":"","overlay-color":"","overlay-opacity":"","overlay-gradient":""}},"ast-content-background-meta":{"desktop":{"background-color":"var(--ast-global-color-5)","background-image":"","background-repeat":"repeat","background-position":"center center","background-size":"auto","background-attachment":"scroll","background-type":"","background-media":"","overlay-type":"","overlay-color":"","overlay-opacity":"","overlay-gradient":""},"tablet":{"background-color":"var(--ast-global-color-5)","background-image":"","background-repeat":"repeat","background-position":"center center","background-size":"auto","background-attachment":"scroll","background-type":"","background-media":"","overlay-type":"","overlay-color":"","overlay-opacity":"","overlay-gradient":""},"mobile":{"background-color":"var(--ast-global-color-5)","background-image":"","background-repeat":"repeat","background-position":"center center","background-size":"auto","background-attachment":"scroll","background-type":"","background-media":"","overlay-type":"","overlay-color":"","overlay-opacity":"","overlay-gradient":""}},"_joinchat":[]},"product_brand":[],"product_cat":[343,531,140,150,152,156,158,142,146,147],"product_tag":[537,536,317,538,291,539,513,512],"class_list":{"0":"post-4788","1":"product","2":"type-product","3":"status-publish","4":"has-post-thumbnail","6":"product_cat-60000-puff","7":"product_cat-al-fakher-crown-bar","8":"product_cat-big-puffs-disposable-vapes","9":"product_cat-buy-disposable-vapes-in-belgium","10":"product_cat-buy-disposable-vapes-in-cermany","11":"product_cat-buy-disposable-vapes-in-poland","12":"product_cat-buy-disposable-vapes-in-spain","13":"product_cat-digital-box-disposable-vapes","14":"product_cat-rechargeable-disposable-vapes","15":"product_cat-shisha-hookah-disposable-vapes","16":"product_tag-al-fakher-60000","17":"product_tag-al-fakher-60k-ehose-x","18":"product_tag-al-fakher-crown-bar","19":"product_tag-disposable-e-shisha","20":"product_tag-disposable-shisha-hookah","21":"product_tag-hookah-shisha","22":"product_tag-vape-discount-price","23":"product_tag-vape-wholesale-distributor","24":"desktop-align-left","25":"tablet-align-left","26":"mobile-align-left","28":"first","29":"instock","30":"sale","31":"shipping-taxable","32":"purchasable","33":"product-type-simple"},"acf":[],"uagb_featured_image_src":{"full":["https:\/\/vapestornado.com\/wp-content\/uploads\/2026\/01\/AL-Fakher-Crown-Bar-EHOSE-X-60K-Disposable-Vape.webp",800,800,false],"thumbnail":["https:\/\/vapestornado.com\/wp-content\/uploads\/2026\/01\/AL-Fakher-Crown-Bar-EHOSE-X-60K-Disposable-Vape-150x150.webp",150,150,true],"medium":["https:\/\/vapestornado.com\/wp-content\/uploads\/2026\/01\/AL-Fakher-Crown-Bar-EHOSE-X-60K-Disposable-Vape-300x300.webp",300,300,true],"medium_large":["https:\/\/vapestornado.com\/wp-content\/uploads\/2026\/01\/AL-Fakher-Crown-Bar-EHOSE-X-60K-Disposable-Vape-768x768.webp",768,768,true],"large":["https:\/\/vapestornado.com\/wp-content\/uploads\/2026\/01\/AL-Fakher-Crown-Bar-EHOSE-X-60K-Disposable-Vape.webp",800,800,false],"1536x1536":["https:\/\/vapestornado.com\/wp-content\/uploads\/2026\/01\/AL-Fakher-Crown-Bar-EHOSE-X-60K-Disposable-Vape.webp",800,800,false],"2048x2048":["https:\/\/vapestornado.com\/wp-content\/uploads\/2026\/01\/AL-Fakher-Crown-Bar-EHOSE-X-60K-Disposable-Vape.webp",800,800,false],"trp-custom-language-flag":["https:\/\/vapestornado.com\/wp-content\/uploads\/2026\/01\/AL-Fakher-Crown-Bar-EHOSE-X-60K-Disposable-Vape-12x12.webp",12,12,true],"woocommerce_thumbnail":["https:\/\/vapestornado.com\/wp-content\/uploads\/2026\/01\/AL-Fakher-Crown-Bar-EHOSE-X-60K-Disposable-Vape-300x300.webp",300,300,true],"woocommerce_single":["https:\/\/vapestornado.com\/wp-content\/uploads\/2026\/01\/AL-Fakher-Crown-Bar-EHOSE-X-60K-Disposable-Vape-600x600.webp",600,600,true],"woocommerce_gallery_thumbnail":["https:\/\/vapestornado.com\/wp-content\/uploads\/2026\/01\/AL-Fakher-Crown-Bar-EHOSE-X-60K-Disposable-Vape-100x100.webp",100,100,true]},"uagb_author_info":{"display_name":"ESAMY","author_link":"https:\/\/vapestornado.com\/hu\/author\/"},"uagb_comment_info":0,"uagb_excerpt":"Al Fakher 60K E-Hose X delivers up to 60,000 puffs with smooth shisha-style vapor, dual vaping mode, and a powerful 1000mAh rechargeable battery. Built for high-volume sales, this Crown Bar Crystal 60000 offers strong flavor, long life, and low-price disposable vape wholesale across Europe. Add Amy's whatsapp to get right reply and discount price! WhatsApp:&hellip;","_links":{"self":[{"href":"https:\/\/vapestornado.com\/hu\/wp-json\/wp\/v2\/product\/4788","targetHints":{"allow":["GET"]}}],"collection":[{"href":"https:\/\/vapestornado.com\/hu\/wp-json\/wp\/v2\/product"}],"about":[{"href":"https:\/\/vapestornado.com\/hu\/wp-json\/wp\/v2\/types\/product"}],"replies":[{"embeddable":true,"href":"https:\/\/vapestornado.com\/hu\/wp-json\/wp\/v2\/comments?post=4788"}],"wp:featuredmedia":[{"embeddable":true,"href":"https:\/\/vapestornado.com\/hu\/wp-json\/wp\/v2\/media\/4784"}],"wp:attachment":[{"href":"https:\/\/vapestornado.com\/hu\/wp-json\/wp\/v2\/media?parent=4788"}],"wp:term":[{"taxonomy":"product_brand","embeddable":true,"href":"https:\/\/vapestornado.com\/hu\/wp-json\/wp\/v2\/product_brand?post=4788"},{"taxonomy":"product_cat","embeddable":true,"href":"https:\/\/vapestornado.com\/hu\/wp-json\/wp\/v2\/product_cat?post=4788"},{"taxonomy":"product_tag","embeddable":true,"href":"https:\/\/vapestornado.com\/hu\/wp-json\/wp\/v2\/product_tag?post=4788"}],"curies":[{"name":"wp","href":"https:\/\/api.w.org\/{rel}","templated":true}]}}