{"id":4781,"date":"2026-01-07T09:28:57","date_gmt":"2026-01-07T09:28:57","guid":{"rendered":"https:\/\/vapestornado.com\/?post_type=product&#038;p=4781"},"modified":"2026-01-07T09:59:16","modified_gmt":"2026-01-07T09:59:16","slug":"al-fakher-mega-max-40k-puffs-crown-bar-disposable-e-shisha-hookah-vape-adjustable-airflow","status":"publish","type":"product","link":"https:\/\/vapestornado.com\/hu\/product\/al-fakher-mega-max-40k-puffs-crown-bar-disposable-e-shisha-hookah-vape-adjustable-airflow\/","title":{"rendered":"Al Fakher Mega Max 40K Puffs Crown Bar Egyszer haszn\u00e1latos E-Sz\u00edv\u00f3 Hookah Vape \u00c1ll\u00edthat\u00f3 L\u00e9g\u00e1raml\u00e1s"},"content":{"rendered":"<h1 data-start=\"0\" data-end=\"87\">Al Fakher Mega Max 40K sz\u00edv\u00e1s Crown Bar egyszer haszn\u00e1latos E-Sz\u00edv\u00f3 hookah vape \u00e1ll\u00edthat\u00f3 l\u00e9g\u00e1raml\u00e1ssal<\/h1>\n<p data-start=\"207\" data-end=\"581\">Magas volumen\u0171 felhaszn\u00e1l\u00f3k \u00e9s nagykereskedelmi piacok sz\u00e1m\u00e1ra k\u00e9sz\u00fclt, a <strong data-start=\"262\" data-end=\"288\">Al Fakher Mega Max 40K<\/strong> k\u00e9pviseli az egyszer haszn\u00e1latos e-sz\u00edv\u00f3 teljes\u00edtm\u00e9ny\u00e9nek k\u00f6vetkez\u0151 fejl\u0151d\u00e9si l\u00e9p\u00e9s\u00e9t. Ak\u00e1r <strong data-start=\"366\" data-end=\"382\">40 000 puffot<\/strong>, \u00e1ll\u00edthat\u00f3 l\u00e9g\u00e1raml\u00e1ssal, \u00e9s Al Fakher jellegzetes \u00edztervez\u00e9s\u00e9vel ez az eszk\u00f6z pr\u00e9mium, m\u00e9gis praktikus megold\u00e1sk\u00e9nt poz\u00edcion\u00e1l\u00f3dik az EU-s forgalmaz\u00f3k sz\u00e1m\u00e1ra, akik stabil forgalmat \u00e9s er\u0151s ism\u00e9tl\u0151d\u0151 keresletet keresnek.<\/p>\n<p data-start=\"583\" data-end=\"1045\">A <strong data-start=\"598\" data-end=\"621\">Al Fakher Korona B\u00e1r<\/strong> term\u00e9kcsal\u00e1d r\u00e9szek\u00e9nt, a Mega Max 40000 arra lett tervezve, hogy megb\u00edzhat\u00f3 teljes\u00edtm\u00e9nyt ny\u00fajtson teljes \u00e9lettartama alatt. A <strong data-start=\"738\" data-end=\"756\">dupla h\u00e1l\u00f3s tekercs<\/strong>, <strong data-start=\"758\" data-end=\"785\">20ml el\u0151re t\u00f6lt\u00f6tt e-liquid<\/strong>, \u00e9s egy <strong data-start=\"793\" data-end=\"824\">\u00fajrat\u00f6lthet\u0151 850mAh akkumul\u00e1tor<\/strong> biztos\u00edtja a megb\u00edzhat\u00f3 g\u0151z s\u0171r\u0171s\u00e9g\u00e9t \u00e9s \u00edz tisztas\u00e1g\u00e1t az els\u0151 h\u00faz\u00e1st\u00f3l az utols\u00f3ig. Ez k\u00fcl\u00f6n\u00f6sen alkalmass\u00e1 teszi az \u00fcgyfeleket, akik hagyom\u00e1nyos hookah vagy \u00fajrahasznos\u00edthat\u00f3 e-sz\u00edv\u00f3 rendszerr\u0151l \u00e1tt\u00e9rnek az egyszer haszn\u00e1latos form\u00e1tumokra.<\/p>\n<p data-start=\"1047\" data-end=\"1332\">A <strong data-start=\"1051\" data-end=\"1080\">\u00e1ll\u00edthat\u00f3 l\u00e9g\u00e1raml\u00e1si rendszer<\/strong> lehet\u0151v\u00e9 teszi a felhaszn\u00e1l\u00f3knak, hogy finomhangolj\u00e1k a sz\u00edv\u00e1sukat, v\u00e1ltogatva a szorosabb hookah-st\u00edlus\u00fa h\u00faz\u00e1s \u00e9s a nyitott, leveg\u0151s sz\u00edv\u00e1s k\u00f6z\u00f6tt. Ez a rugalmass\u00e1g sz\u00e9lesebb k\u00f6rben teszi vonz\u00f3v\u00e1 k\u00fcl\u00f6nb\u00f6z\u0151 vaporiz\u00e1ci\u00f3s preferenci\u00e1k mellett, seg\u00edtve az \u00e9rt\u00e9kes\u00edt\u0151ket, hogy t\u00f6bb v\u00e1s\u00e1rl\u00f3i profilt fedjenek le egyetlen SKU-val.<\/p>\n<p data-start=\"1334\" data-end=\"1686\">Nagykereskedelmi v\u00e1s\u00e1rl\u00f3knak az Al Fakher Mega Max 40K a legfontosabbakat k\u00edn\u00e1lja: felismerhet\u0151 m\u00e1rk\u00e1z\u00e1s, kontroll\u00e1lt nikotinszint, modern Type-C t\u00f6lt\u00e9s, \u00e9s olyan gy\u00e1rt\u00e1si min\u0151s\u00e9g, amely a hossz\u00fa t\u00e1v\u00fa megb\u00edzhat\u00f3s\u00e1got t\u00fckr\u00f6zi, nem pedig r\u00f6vid t\u00e1v\u00fa \u00fajdons\u00e1got. A <strong data-start=\"1589\" data-end=\"1620\">versenyk\u00e9pes nagykereskedelmi \u00e1ron<\/strong>poz\u00edci\u00f3ban, er\u0151s szerepl\u0151 az EU-s egyszer haszn\u00e1latos e-sz\u00edv\u00f3 kateg\u00f3ri\u00e1ban.<\/p>\n<h2 data-start=\"2768\" data-end=\"2821\">Mi\u00e9rt v\u00e1lassza az Al Fakher Mega Max 40000-et Nagykereskedelemhez?<\/h2>\n<p data-start=\"2823\" data-end=\"3237\">A <strong data-start=\"2827\" data-end=\"2855\">Al Fakher Mega Max 40000<\/strong> az\u00e9rt tervezve, hogy konzisztens legyen, nem pedig tr\u00fckk\u00f6kkel. Al Fakher glob\u00e1lis m\u00e1rkab\u00edzhat\u00f3s\u00e1g\u00e1t haszn\u00e1lja ki, mik\u00f6zben megfelel az EU forgalmaz\u00f3k elv\u00e1r\u00e1sainak, akik a megb\u00edzhat\u00f3s\u00e1got, jogi poz\u00edci\u00f3t \u00e9s kisz\u00e1m\u00edthat\u00f3 \u00e9rt\u00e9kes\u00edt\u00e9st helyezik el\u0151t\u00e9rbe. Az egyszer haszn\u00e1latos e-shisha hookah form\u00e1tum, \u00e1ll\u00edthat\u00f3 l\u00e9g\u00e1raml\u00e1s \u00e9s hossz\u00fa sz\u00edv\u00e1si \u00e9lettartam er\u0151s kieg\u00e9sz\u00edt\u0151je mind a vaporiz\u00e1torokra, mind a hookah-rajong\u00f3 \u00e9rt\u00e9kes\u00edt\u00e9si csatorn\u00e1knak.<\/p>\n<p><strong><span style=\"color: #ff0000;\">Adja hozz\u00e1 Amy-t WhatsApp-on, hogy azonnali v\u00e1laszt \u00e9s vape kupont kapjon!<\/span><\/strong><\/p>\n<p><img fetchpriority=\"high\" decoding=\"async\" class=\"size-full wp-image-2932\" src=\"https:\/\/vapestornado.com\/wp-content\/uploads\/2024\/12\/Vape-Wholesale.jpg\" alt=\"Vape nagykereskedelem\" width=\"229\" height=\"300\" \/><\/p>\n<h3><a href=\"https:\/\/wa.me\/8617776015835\" target=\"_blank\" rel=\"noopener\"><span style=\"color: #ff0000;\"><strong>WhatsApp: +86 17776015835<\/strong><\/span><\/a><\/h3>\n<p>&nbsp;<\/p>\n<h2><strong>Al Fakher Mega Max 40K Sz\u00edv\u00e1sok Term\u00e9ktulajdons\u00e1gai<\/strong><\/h2>\n<ul>\n<li data-start=\"113\" data-end=\"228\">\n<p data-start=\"115\" data-end=\"228\"><strong data-start=\"115\" data-end=\"139\">40 000 Sz\u00edv\u00e1s Kapacit\u00e1s<\/strong> \u2013 Kiterjesztett DTL vaporiz\u00e1l\u00e1si teljes\u00edtm\u00e9nyt ny\u00fajt, amely hossz\u00fa t\u00e1v\u00fa, magas gyakoris\u00e1g\u00fa haszn\u00e1latra lett tervezve.<\/p>\n<\/li>\n<li data-start=\"229\" data-end=\"361\">\n<p data-start=\"231\" data-end=\"361\"><strong data-start=\"231\" data-end=\"258\">DTL Shisha Hookah St\u00edlus<\/strong> \u2013 Optimaliz\u00e1lt k\u00f6zvetlen t\u00fcd\u0151be t\u00f6rt\u00e9n\u0151 sz\u00edv\u00e1sra, s\u0171r\u0171 felh\u0151ket produk\u00e1lva, hasonl\u00f3an a hagyom\u00e1nyos hookah \u00fcl\u00e9sekhez.<\/p>\n<\/li>\n<li data-start=\"362\" data-end=\"476\">\n<p data-start=\"364\" data-end=\"476\"><strong data-start=\"364\" data-end=\"393\">Dupla h\u00e1l\u00f3s tekercs technol\u00f3gia<\/strong> \u2013 Biztos\u00edtja az egyenletes hev\u00edt\u00e9st \u00e9s a stabil \u00edzkiad\u00e1st az els\u0151 sz\u00edv\u00e1st\u00f3l az utols\u00f3ig.<\/p>\n<\/li>\n<li data-start=\"477\" data-end=\"605\">\n<p data-start=\"479\" data-end=\"605\"><strong data-start=\"479\" data-end=\"508\">\u00c1ll\u00edthat\u00f3 L\u00e9g\u00e1raml\u00e1si Rendszer<\/strong> \u2013 Lehet\u0151v\u00e9 teszi a felhaszn\u00e1l\u00f3k sz\u00e1m\u00e1ra, hogy finomhangolj\u00e1k a sz\u00edv\u00e1si ellen\u00e1ll\u00e1st, szem\u00e9lyre szabott DTL vagy shisha-st\u00edlus\u00fa bel\u00e9gz\u00e9shez.<\/p>\n<\/li>\n<li data-start=\"606\" data-end=\"729\">\n<p data-start=\"608\" data-end=\"729\"><strong data-start=\"608\" data-end=\"636\">20ml El\u0151re T\u00f6lt\u00f6tt E-Liquid<\/strong> \u2013 Nagy e-liquid kapacit\u00e1s cs\u00f6kkenti a cseresz\u00e1mot, \u00e9s t\u00e1mogatja a hossz\u00fa vaporiz\u00e1l\u00e1si \u00fcl\u00e9seket.<\/p>\n<\/li>\n<li data-start=\"730\" data-end=\"841\">\n<p data-start=\"732\" data-end=\"841\"><strong data-start=\"732\" data-end=\"757\">0.6% Nikotin Er\u0151ss\u00e9g<\/strong> \u2013 Simogat\u00f3, kontroll\u00e1lt nikotin lead\u00e1st biztos\u00edt, alkalmas hosszabb napi haszn\u00e1latra.<\/p>\n<\/li>\n<li data-start=\"842\" data-end=\"945\">\n<p data-start=\"844\" data-end=\"945\"><strong data-start=\"844\" data-end=\"875\">850mAh \u00dajrat\u00f6lthet\u0151 Akkumul\u00e1tor<\/strong> \u2013 Konzekvens teljes\u00edtm\u00e9nyt ny\u00fajt a teljes 40K sz\u00edv\u00e1s \u00e9letciklus sor\u00e1n.<\/p>\n<\/li>\n<li data-start=\"946\" data-end=\"1051\">\n<p data-start=\"948\" data-end=\"1051\"><strong data-start=\"948\" data-end=\"976\">USB Type-C Gyors T\u00f6lt\u00e9s<\/strong> \u2013 Gyors, k\u00e9nyelmes \u00fajrat\u00f6lt\u00e9st tesz lehet\u0151v\u00e9 modern eszk\u00f6zkompatibilit\u00e1ssal.<\/p>\n<\/li>\n<li data-start=\"1052\" data-end=\"1148\">\n<p data-start=\"1054\" data-end=\"1148\"><strong data-start=\"1054\" data-end=\"1076\">LED kijelz\u0151<\/strong> \u2013 Egy\u00e9rtelm\u0171en mutatja az akkumul\u00e1tor \u00e9s az e-liquid szinteket a jobb haszn\u00e1lat\u00e9rt.<\/p>\n<\/li>\n<li data-start=\"1149\" data-end=\"1259\">\n<p data-start=\"1151\" data-end=\"1259\"><strong data-start=\"1151\" data-end=\"1176\">Pr\u00e9mium Alum\u00ednium Test<\/strong> \u2013 Tart\u00f3ss\u00e1got \u00f6tv\u00f6z ergonomikus, magas sz\u00ednvonal\u00fa kivitel\u00e9vel a mindennapi hordozhat\u00f3s\u00e1g\u00e9rt.<\/p>\n<\/li>\n<\/ul>\n<figure id=\"attachment_4777\" aria-describedby=\"caption-attachment-4777\" style=\"width: 300px\" class=\"wp-caption alignnone\"><img decoding=\"async\" class=\"size-medium wp-image-4777\" src=\"https:\/\/vapestornado.com\/wp-content\/uploads\/2026\/01\/Al-Fakher-Mega-Max-40K-40000-Puff-Vape-Wholesale-Spain-300x300.webp\" alt=\"Al Fakher Mega Max 40K 40000 Sz\u00edv\u00e1s Nagykereskedelem Magyarorsz\u00e1g\" width=\"300\" height=\"300\" srcset=\"https:\/\/vapestornado.com\/wp-content\/uploads\/2026\/01\/Al-Fakher-Mega-Max-40K-40000-Puff-Vape-Wholesale-Spain-300x300.webp 300w, https:\/\/vapestornado.com\/wp-content\/uploads\/2026\/01\/Al-Fakher-Mega-Max-40K-40000-Puff-Vape-Wholesale-Spain-150x150.webp 150w, https:\/\/vapestornado.com\/wp-content\/uploads\/2026\/01\/Al-Fakher-Mega-Max-40K-40000-Puff-Vape-Wholesale-Spain-768x768.webp 768w, https:\/\/vapestornado.com\/wp-content\/uploads\/2026\/01\/Al-Fakher-Mega-Max-40K-40000-Puff-Vape-Wholesale-Spain-12x12.webp 12w, https:\/\/vapestornado.com\/wp-content\/uploads\/2026\/01\/Al-Fakher-Mega-Max-40K-40000-Puff-Vape-Wholesale-Spain-600x600.webp 600w, https:\/\/vapestornado.com\/wp-content\/uploads\/2026\/01\/Al-Fakher-Mega-Max-40K-40000-Puff-Vape-Wholesale-Spain-100x100.webp 100w, https:\/\/vapestornado.com\/wp-content\/uploads\/2026\/01\/Al-Fakher-Mega-Max-40K-40000-Puff-Vape-Wholesale-Spain.webp 800w\" sizes=\"(max-width: 300px) 100vw, 300px\" \/><figcaption id=\"caption-attachment-4777\" class=\"wp-caption-text\">Al Fakher Mega Max 40K 40000 Sz\u00edv\u00e1s Nagykereskedelem Magyarorsz\u00e1g<\/figcaption><\/figure>\n<p>&nbsp;<\/p>\n<div><\/div>\n<h2 class=\"product-title\"><strong>Al Fakher Mega Max 40K Puff \u00cdzlista<\/strong><\/h2>\n<p>1 Bogy\u00f3 K\u00e9k<br \/>\n2 Bogy\u00f3 J\u00e9g<br \/>\n3 Fekete Ribizli J\u00e9g<br \/>\n4 Fekete Ribizli Ment\u00e1val<br \/>\n5 K\u00e9k Razz Robban\u00e1s<br \/>\n6 K\u00e9k Razz Limon\u00e1d\u00e9<br \/>\n7 \u00c1fonya Cseresznye<br \/>\n8 \u00c1fonya R\u00e1g\u00f3gumi<br \/>\n9 \u00c1fonya Limon\u00e1d\u00e9<br \/>\n10 \u00c1fonya Menta<br \/>\n11 \u00c1fonya M\u00e1lna<br \/>\n12 \u00c1fonya Savany\u00fa M\u00e1lna<br \/>\n13 Cseresznye Fiesta<br \/>\n14 Cseresznye Fizz<br \/>\n15 Cseresznye J\u00e9g<br \/>\n16 H\u0171s Mang\u00f3<br \/>\n17 Fusion Pop<br \/>\n18 Sz\u0151l\u0151<br \/>\n19 Sz\u0151l\u0151 Bogy\u00f3<br \/>\n20 Sz\u0151l\u0151 Menta<br \/>\n21 R\u00e1g\u00f3gumi Menta<br \/>\n22 Hubba<br \/>\n23 J\u00e9gk\u00e9k<br \/>\n24 Citrom Lime<br \/>\n25 Citrom Lime Cseresznye Fizz<br \/>\n26 Citrom Menta<br \/>\n27 Lush Ice<br \/>\n28 Magic Love<br \/>\n29 Mang\u00f3 Anan\u00e1sz<br \/>\n30 Menthol<br \/>\n31 Menta<br \/>\n32 Vegyes Bogy\u00f3<br \/>\n33 Narancs Menta<br \/>\n34 S\u00e1rgabarack J\u00e9g<br \/>\n35 Anan\u00e1sz J\u00e9g<br \/>\n36 \u0170r \u00c1lom<br \/>\n37 Borsmenta<br \/>\n38 Eper Cseresznye<br \/>\n39 Eper Punch<br \/>\n40 Ny\u00e1ri \u00c1lom<br \/>\n41 K\u00e9t Alma<br \/>\n42 G\u00f6r\u00f6gdinnye Cseresznye<br \/>\n43 G\u00f6r\u00f6gdinnye Kivi<br \/>\n44 G\u00f6r\u00f6gdinnye Lime<br \/>\n45 G\u00f6r\u00f6gdinnye Anan\u00e1sz<\/p>\n<div class=\"flex-shrink-0 flex flex-col relative items-end\">\n<div class=\"pt-0\">\n<div class=\"gizmo-bot-avatar flex h-8 w-8 items-center justify-center overflow-hidden rounded-full\">\n<div class=\"relative p-1 rounded-sm flex items-center justify-center bg-token-main-surface-primary text-token-text-primary h-8 w-8\">\n<h2 data-start=\"1200\" data-end=\"1487\">Vapes Tornado \u2013 Az \u00d6n Nagykereskedelmi Online P\u00e1rologtat\u00f3 Boltja a N\u00e9pszer\u0171 Vape-ekhez<\/h2>\n<p data-start=\"72\" data-end=\"396\"><strong data-start=\"72\" data-end=\"89\">Vapes Tornado<\/strong> egy Eur\u00f3p\u00e1ra f\u00f3kusz\u00e1l\u00f3 nagykereskedelmi online p\u00e1rologtat\u00f3 bolt, amely gondosan v\u00e1logatott k\u00edn\u00e1latot biztos\u00edt <strong data-start=\"178\" data-end=\"195\">n\u00e9pszer\u0171 vape-ekb\u0151l<\/strong> professzion\u00e1lis v\u00e1s\u00e1rl\u00f3k sz\u00e1m\u00e1ra. Olyan kiskeresked\u0151kkel, forgalmaz\u00f3kkal \u00e9s online \u00e1ruh\u00e1zakkal dolgozunk az EU-ban, akik stabil ell\u00e1t\u00e1st, vil\u00e1gos term\u00e9kinform\u00e1ci\u00f3kat \u00e9s olyan m\u00e1rk\u00e1kat keresnek, amelyeket a v\u00e1s\u00e1rl\u00f3k m\u00e1r ismernek \u00e9s megb\u00edznak benn\u00fck.<\/p>\n<p data-start=\"398\" data-end=\"687\">Biztos partnerekkel dolgozunk, mint p\u00e9ld\u00e1ul <strong data-start=\"307\" data-end=\"362\"><a href=\"https:\/\/vapestornado.com\/hu\/product\/randm-12000-puffs-fumot-digital-disposable-vape-wholesale-price\/\">Fumot VAPE<\/a>, <a href=\"https:\/\/vapestornado.com\/hu\/product\/original-wga-ultra-35k-35000-puff-rechargeable-crystal-disposable-nicotine-vape-best-discount-price\/\">WGA VAPE<\/a>, <\/strong><strong data-start=\"307\" data-end=\"362\"><a href=\"https:\/\/vapestornado.com\/hu\/product\/vozol-gear-shisha-25k-25000-puffs-best-dtl-disposable-vape-hookah-cheap-price\/\">VOZOL BAR VAPE<\/a>,<\/strong><strong data-start=\"247\" data-end=\"352\">\u00a0Elf Bar Vape, WASPE Vape, <a href=\"https:\/\/vapestornado.com\/hu\/product\/uzy-150k-puffs-6-in-1-flavor-switch-disposable-vape-pen-wholesale\/\">UZY Vape<\/a>, Bang Vape, Razz Bar Vape, \u00e9s Stag Bar Vape<\/strong>, melyeket a folyamatos min\u0151s\u00e9g \u00e9s a nagy kereslet miatt v\u00e1lasztottak az eur\u00f3pai piacon.<\/p>\n<h4 data-start=\"1080\" data-end=\"1120\">Eur\u00f3pai nagykereskedelmi v\u00e1s\u00e1rl\u00f3k sz\u00e1m\u00e1ra k\u00e9sz\u00fclt<\/h4>\n<p data-start=\"1121\" data-end=\"1189\">A Vapes Tornado az EU nagykeresked\u0151k val\u00f3di ig\u00e9nyei k\u00f6r\u00e9 \u00e9p\u00fclt:<\/p>\n<ul data-start=\"1190\" data-end=\"1400\">\n<li data-start=\"1190\" data-end=\"1239\">\n<p data-start=\"1192\" data-end=\"1239\">Versenyk\u00e9pes nagykereskedelmi \u00e1rak t\u00e9teles megrendel\u00e9sekhez<\/p>\n<\/li>\n<li data-start=\"1240\" data-end=\"1289\">\n<p data-start=\"1242\" data-end=\"1289\">\u00c1tl\u00e1that\u00f3 term\u00e9kle\u00edr\u00e1sok \u00e9s specifik\u00e1ci\u00f3k<\/p>\n<\/li>\n<li data-start=\"1290\" data-end=\"1330\">\n<p data-start=\"1292\" data-end=\"1330\">Gyors, megb\u00edzhat\u00f3 EU-orient\u00e1lt logisztika<\/p>\n<\/li>\n<li data-start=\"1331\" data-end=\"1400\">\n<p data-start=\"1333\" data-end=\"1400\">Egy katal\u00f3gus, amely a <strong data-start=\"1356\" data-end=\"1373\">n\u00e9pszer\u0171 vape-ekb\u0151l<\/strong>, nem t\u00falzs\u00fafolt SKUs-ra f\u00f3kusz\u00e1l<\/p>\n<\/li>\n<\/ul>\n<h2 data-start=\"2064\" data-end=\"2115\">GYIK az Al Fakher Mega Max 40000 egyszer haszn\u00e1latos vape-r\u0151l<\/h2>\n<p data-start=\"3278\" data-end=\"3451\"><strong data-start=\"3278\" data-end=\"3343\">1. Mennyi ideig tart az Al Fakher Mega Max 40K val\u00f3di haszn\u00e1lat sor\u00e1n?<\/strong><br data-start=\"3343\" data-end=\"3346\" \/>A haszn\u00e1lat egy\u00e9ni szok\u00e1sokt\u00f3l f\u00fcgg, de a legt\u00f6bb felhaszn\u00e1l\u00f3 t\u00f6bb hetes teljes\u00edtm\u00e9nyt jelent rendszeres napi haszn\u00e1lat mellett.<\/p>\n<p data-start=\"3453\" data-end=\"3579\"><strong data-start=\"3453\" data-end=\"3497\">2. \u00c1ll\u00edthat\u00f3 a l\u00e9g\u00e1raml\u00e1s haszn\u00e1lat k\u00f6zben?<\/strong><br data-start=\"3497\" data-end=\"3500\" \/>Igen, az \u00e1ll\u00edthat\u00f3 l\u00e9g\u00e1raml\u00e1s lehet\u0151v\u00e9 teszi a felhaszn\u00e1l\u00f3k sz\u00e1m\u00e1ra, hogy b\u00e1rmikor m\u00f3dos\u00edts\u00e1k a sz\u00edv\u00e1s ellen\u00e1ll\u00e1s\u00e1t.<\/p>\n<p data-start=\"3581\" data-end=\"3678\"><strong data-start=\"3581\" data-end=\"3615\">3. Az eszk\u00f6z \u00fajrat\u00f6lthet\u0151?<\/strong><br data-start=\"3615\" data-end=\"3618\" \/>Igen, 850mAh-s akkumul\u00e1torral rendelkezik, USB Type-C t\u00f6lt\u00e9ssel.<\/p>\n<p data-start=\"3680\" data-end=\"3856\"><strong data-start=\"3680\" data-end=\"3744\">4. Mi k\u00fcl\u00f6nb\u00f6zteti meg ezt a standard egyszer haszn\u00e1latos vape-k\u00e9sz\u00fcl\u00e9kekt\u0151l?<\/strong><br data-start=\"3744\" data-end=\"3747\" \/>Az e-shisha hookah kialak\u00edt\u00e1s, a nagy e-liquid kapacit\u00e1s \u00e9s a l\u00e9g\u00e1raml\u00e1s szab\u00e1lyoz\u00e1s k\u00fcl\u00f6nb\u00f6zteti meg az alapvet\u0151 egyszer haszn\u00e1latos k\u00e9sz\u00fcl\u00e9kekt\u0151l.<\/p>\n<p data-start=\"3858\" data-end=\"4007\"><strong data-start=\"3858\" data-end=\"3912\">5. Alkalmas-e ez EU nagykereskedelmi forgalmaz\u00e1sra?<\/strong><br data-start=\"3912\" data-end=\"3915\" \/>Igen, az EU piac\u00e1ra tervezt\u00e9k, \u00e9s \u00e1ltal\u00e1ban nagykereskedelmi \u00e1ron sz\u00e1ll\u00edtj\u00e1k t\u00f6meges rendel\u00e9s eset\u00e9n.<\/p>\n<\/div>\n<\/div>\n<\/div>\n<\/div>","protected":false},"excerpt":{"rendered":"<p data-start=\"4472\" data-end=\"4562\"><strong data-start=\"4472\" data-end=\"4560\">Al Fakher Mega Max 40K egyszer haszn\u00e1latos E-Sz\u00edv\u00f3, \u00e1ll\u00edthat\u00f3 l\u00e9g\u00e1raml\u00e1ssal \u2013 Nagykereskedelmi k\u00e9szlet<\/strong><\/p>\n<p data-start=\"4566\" data-end=\"4641\"><strong data-start=\"4566\" data-end=\"4639\">Al Fakher Crown Bar Mega Max 40000 sz\u00edv\u00e1s Hookah Vape EU Nagykereskedelemhez<\/strong><\/p>\n<p data-start=\"4645\" data-end=\"4728\"><strong data-start=\"4645\" data-end=\"4728\">Mega Max 40K az Al Fakher-t\u0151l \u2013 Hossz\u00fa \u00e9lettartam\u00fa egyszer haszn\u00e1latos E-Sz\u00edv\u00f3 nagykereskedelmi \u00e1ron<\/strong><\/p>\n<p><strong>Add hozz\u00e1 Amy whatsappj\u00e1t, hogy azonnali v\u00e1laszt \u00e9s kedvezm\u00e9nyes \u00e1rat kapj!<\/strong><\/p>\n<p><img fetchpriority=\"high\" decoding=\"async\" class=\"size-full wp-image-2932\" src=\"https:\/\/vapestornado.com\/wp-content\/uploads\/2024\/12\/Vape-Wholesale.jpg\" alt=\"Vape nagykereskedelem\" width=\"229\" height=\"300\" \/><\/p>\n<h3><a href=\"https:\/\/wa.me\/8617776015835\"><span style=\"color: #ff0000;\"><strong>WhatsApp: +86 17776015835<\/strong><\/span><\/a><\/h3>","protected":false},"featured_media":4776,"comment_status":"open","ping_status":"closed","template":"","meta":{"_acf_changed":false,"_uag_custom_page_level_css":"","_lmt_disableupdate":"no","_lmt_disable":"","_monsterinsights_skip_tracking":false,"_monsterinsights_sitenote_active":false,"_monsterinsights_sitenote_note":"","_monsterinsights_sitenote_category":0,"site-sidebar-layout":"default","site-content-layout":"","ast-site-content-layout":"default","site-content-style":"default","site-sidebar-style":"default","ast-global-header-display":"","ast-banner-title-visibility":"","ast-main-header-display":"","ast-hfb-above-header-display":"","ast-hfb-below-header-display":"","ast-hfb-mobile-header-display":"","site-post-title":"","ast-breadcrumbs-content":"","ast-featured-img":"","footer-sml-layout":"","ast-disable-related-posts":"","theme-transparent-header-meta":"default","adv-header-id-meta":"","stick-header-meta":"","header-above-stick-meta":"","header-main-stick-meta":"","header-below-stick-meta":"","astra-migrate-meta-layouts":"set","ast-page-background-enabled":"default","ast-page-background-meta":{"desktop":{"background-color":"","background-image":"","background-repeat":"repeat","background-position":"center center","background-size":"auto","background-attachment":"scroll","background-type":"","background-media":"","overlay-type":"","overlay-color":"","overlay-opacity":"","overlay-gradient":""},"tablet":{"background-color":"","background-image":"","background-repeat":"repeat","background-position":"center center","background-size":"auto","background-attachment":"scroll","background-type":"","background-media":"","overlay-type":"","overlay-color":"","overlay-opacity":"","overlay-gradient":""},"mobile":{"background-color":"","background-image":"","background-repeat":"repeat","background-position":"center center","background-size":"auto","background-attachment":"scroll","background-type":"","background-media":"","overlay-type":"","overlay-color":"","overlay-opacity":"","overlay-gradient":""}},"ast-content-background-meta":{"desktop":{"background-color":"var(--ast-global-color-5)","background-image":"","background-repeat":"repeat","background-position":"center center","background-size":"auto","background-attachment":"scroll","background-type":"","background-media":"","overlay-type":"","overlay-color":"","overlay-opacity":"","overlay-gradient":""},"tablet":{"background-color":"var(--ast-global-color-5)","background-image":"","background-repeat":"repeat","background-position":"center center","background-size":"auto","background-attachment":"scroll","background-type":"","background-media":"","overlay-type":"","overlay-color":"","overlay-opacity":"","overlay-gradient":""},"mobile":{"background-color":"var(--ast-global-color-5)","background-image":"","background-repeat":"repeat","background-position":"center center","background-size":"auto","background-attachment":"scroll","background-type":"","background-media":"","overlay-type":"","overlay-color":"","overlay-opacity":"","overlay-gradient":""}},"_joinchat":[]},"product_brand":[],"product_cat":[65,531,140,150,156,158,141,142,146,147],"product_tag":[533,534,535,532,355,287,513,512],"class_list":{"0":"post-4781","1":"product","2":"type-product","3":"status-publish","4":"has-post-thumbnail","6":"product_cat-40000-puff","7":"product_cat-al-fakher-crown-bar","8":"product_cat-big-puffs-disposable-vapes","9":"product_cat-buy-disposable-vapes-in-belgium","10":"product_cat-buy-disposable-vapes-in-poland","11":"product_cat-buy-disposable-vapes-in-spain","12":"product_cat-crystal-disposable-vapes","13":"product_cat-digital-box-disposable-vapes","14":"product_cat-rechargeable-disposable-vapes","15":"product_cat-shisha-hookah-disposable-vapes","16":"product_tag-al-fakher-crown-bar-mega-max","17":"product_tag-al-fakher-crown-bar-mega-max-40000-puffs","18":"product_tag-al-fakher-crown-bar-mega-max-40k","19":"product_tag-al-fakher-mega-max-40k","20":"product_tag-big-puff-vape","21":"product_tag-disposable-vape-pen","22":"product_tag-vape-discount-price","23":"product_tag-vape-wholesale-distributor","24":"desktop-align-left","25":"tablet-align-left","26":"mobile-align-left","28":"first","29":"instock","30":"sale","31":"shipping-taxable","32":"purchasable","33":"product-type-simple"},"acf":[],"uagb_featured_image_src":{"full":["https:\/\/vapestornado.com\/wp-content\/uploads\/2026\/01\/Al-Fakher-Mega-Max-40K-40000-Puff-Disposable-Vapor.webp",800,800,false],"thumbnail":["https:\/\/vapestornado.com\/wp-content\/uploads\/2026\/01\/Al-Fakher-Mega-Max-40K-40000-Puff-Disposable-Vapor-150x150.webp",150,150,true],"medium":["https:\/\/vapestornado.com\/wp-content\/uploads\/2026\/01\/Al-Fakher-Mega-Max-40K-40000-Puff-Disposable-Vapor-300x300.webp",300,300,true],"medium_large":["https:\/\/vapestornado.com\/wp-content\/uploads\/2026\/01\/Al-Fakher-Mega-Max-40K-40000-Puff-Disposable-Vapor-768x768.webp",768,768,true],"large":["https:\/\/vapestornado.com\/wp-content\/uploads\/2026\/01\/Al-Fakher-Mega-Max-40K-40000-Puff-Disposable-Vapor.webp",800,800,false],"1536x1536":["https:\/\/vapestornado.com\/wp-content\/uploads\/2026\/01\/Al-Fakher-Mega-Max-40K-40000-Puff-Disposable-Vapor.webp",800,800,false],"2048x2048":["https:\/\/vapestornado.com\/wp-content\/uploads\/2026\/01\/Al-Fakher-Mega-Max-40K-40000-Puff-Disposable-Vapor.webp",800,800,false],"trp-custom-language-flag":["https:\/\/vapestornado.com\/wp-content\/uploads\/2026\/01\/Al-Fakher-Mega-Max-40K-40000-Puff-Disposable-Vapor-12x12.webp",12,12,true],"woocommerce_thumbnail":["https:\/\/vapestornado.com\/wp-content\/uploads\/2026\/01\/Al-Fakher-Mega-Max-40K-40000-Puff-Disposable-Vapor-300x300.webp",300,300,true],"woocommerce_single":["https:\/\/vapestornado.com\/wp-content\/uploads\/2026\/01\/Al-Fakher-Mega-Max-40K-40000-Puff-Disposable-Vapor-600x600.webp",600,600,true],"woocommerce_gallery_thumbnail":["https:\/\/vapestornado.com\/wp-content\/uploads\/2026\/01\/Al-Fakher-Mega-Max-40K-40000-Puff-Disposable-Vapor-100x100.webp",100,100,true]},"uagb_author_info":{"display_name":"ESAMY","author_link":"https:\/\/vapestornado.com\/hu\/author\/"},"uagb_comment_info":0,"uagb_excerpt":"Al Fakher Mega Max 40K Disposable E Shisha with Adjustable Airflow \u2013 Wholesale Ready Al Fakher Crown Bar Mega Max 40000 Puffs Hookah Vape for EU Wholesale Mega Max 40K by Al Fakher \u2013 Long-Lasting Disposable E Shisha at Wholesale Price Add Amy's whatsapp to get right reply and discount price! WhatsApp: +86 17776015835","_links":{"self":[{"href":"https:\/\/vapestornado.com\/hu\/wp-json\/wp\/v2\/product\/4781","targetHints":{"allow":["GET"]}}],"collection":[{"href":"https:\/\/vapestornado.com\/hu\/wp-json\/wp\/v2\/product"}],"about":[{"href":"https:\/\/vapestornado.com\/hu\/wp-json\/wp\/v2\/types\/product"}],"replies":[{"embeddable":true,"href":"https:\/\/vapestornado.com\/hu\/wp-json\/wp\/v2\/comments?post=4781"}],"wp:featuredmedia":[{"embeddable":true,"href":"https:\/\/vapestornado.com\/hu\/wp-json\/wp\/v2\/media\/4776"}],"wp:attachment":[{"href":"https:\/\/vapestornado.com\/hu\/wp-json\/wp\/v2\/media?parent=4781"}],"wp:term":[{"taxonomy":"product_brand","embeddable":true,"href":"https:\/\/vapestornado.com\/hu\/wp-json\/wp\/v2\/product_brand?post=4781"},{"taxonomy":"product_cat","embeddable":true,"href":"https:\/\/vapestornado.com\/hu\/wp-json\/wp\/v2\/product_cat?post=4781"},{"taxonomy":"product_tag","embeddable":true,"href":"https:\/\/vapestornado.com\/hu\/wp-json\/wp\/v2\/product_tag?post=4781"}],"curies":[{"name":"wp","href":"https:\/\/api.w.org\/{rel}","templated":true}]}}