{"id":4772,"date":"2026-01-06T07:32:26","date_gmt":"2026-01-06T07:32:26","guid":{"rendered":"https:\/\/vapestornado.com\/?post_type=product&#038;p=4772"},"modified":"2026-01-06T08:25:40","modified_gmt":"2026-01-06T08:25:40","slug":"al-fakher-crystal-8k-v2-8000-puffs-disposable-vape-dual-vaping-mode","status":"publish","type":"product","link":"https:\/\/vapestornado.com\/hu\/product\/al-fakher-crystal-8k-v2-8000-puffs-disposable-vape-dual-vaping-mode\/","title":{"rendered":"Al Fakher CRYSTAL 8k V2 8000 Sz\u00edv\u00e1s Eldobhat\u00f3 Vape Kett\u0151s Sz\u00edv\u00e1si M\u00f3ddal"},"content":{"rendered":"<h1 data-start=\"0\" data-end=\"87\">Al Fakher CRYSTAL 8K V2 8000 Sz\u00edv\u00e1s Eldobhat\u00f3 Vape \u2013 Kett\u0151s Sz\u00edv\u00e1si M\u00f3ddal<\/h1>\n<p data-start=\"249\" data-end=\"723\">A <strong data-start=\"253\" data-end=\"280\">Al Fakher CRYSTAL 8K V2<\/strong> t\u00f6bb\u00e9ves tapasztalattal rendelkez\u0151 gy\u00e1rt\u00f3 sz\u00e1m\u00e1ra k\u00e9sz\u00fclt, akik \u00e9rt\u00e9kelik a m\u00e1rka hiteless\u00e9g\u00e9t, a k\u00f6vetkezetes \u00edz\u00e1tvitelt \u00e9s a megb\u00edzhat\u00f3 forgalmat. A <strong data-start=\"409\" data-end=\"432\">Al Fakher Korona B\u00e1r<\/strong> term\u00e9kcsal\u00e1d r\u00e9szek\u00e9nt ez a modell a stabilit\u00e1sra \u00f6sszpontos\u00edt, nem pedig a tr\u00fckk\u00f6kre, \u00edgy biztons\u00e1gos \u00e9s bev\u00e1lt v\u00e1laszt\u00e1s az EU eldobhat\u00f3 piac\u00e1n. Egy finom\u00edtott krist\u00e1ly-st\u00edlus\u00fa testtel, h\u00e1l\u00f3s tekercs f\u0171t\u00e9ssel \u00e9s <strong data-start=\"618\" data-end=\"638\">kett\u0151s vape m\u00f3d<\/strong>, \u00edgy kontroll\u00e1lt \u00e9s ism\u00e9telhet\u0151 \u00e9lm\u00e9nyt ny\u00fajt az els\u0151 sz\u00edv\u00e1st\u00f3l az utols\u00f3ig.<\/p>\n<p data-start=\"725\" data-end=\"1103\">Ellent\u00e9tben a t\u00falm\u00e9retezett magas sz\u00edv\u00e1s\u00fa modellekkel, mint p\u00e9ld\u00e1ul <strong data-start=\"767\" data-end=\"787\">Airmez Fox 80000<\/strong>, a <strong data-start=\"793\" data-end=\"830\">Al Fakher Crown Bar Crystal 8000 V2<\/strong> a k\u00f6nnyebb fogyaszt\u00e1st \u00e9s a napi megb\u00edzhat\u00f3s\u00e1got r\u00e9szes\u00edtik el\u0151nyben a felhaszn\u00e1l\u00f3k. Az alacsony <strong data-start=\"902\" data-end=\"939\">0,5% (0,5mg\/ml) nikotintartalom<\/strong> azok ig\u00e9nyeit el\u00e9g\u00edti ki, akik sima \u00e9lvezetet keresnek a cs\u00edp\u0151ss\u00e9g n\u00e9lk\u00fcl, m\u00edg a <strong data-start=\"1025\" data-end=\"1051\">18 ml-es e-liquid kapacit\u00e1s<\/strong> hosszabb haszn\u00e1latot tesz lehet\u0151v\u00e9 gyakori cser\u00e9k n\u00e9lk\u00fcl.<\/p>\n<p data-start=\"1105\" data-end=\"1509\">Az \u00edz\u00e9lm\u00e9nyt az \u00fajragondolt h\u00e1l\u00f3s tekercsrendszer biztos\u00edtja, amely egyenletes h\u0151lead\u00e1st \u00e9s sima h\u00faz\u00e1st eredm\u00e9nyez mind MTL, mind DTL be\u00e1ll\u00edt\u00e1sokn\u00e1l. A <strong data-start=\"1263\" data-end=\"1283\">kett\u0151s vape m\u00f3d<\/strong> lehet\u0151v\u00e9 teszi a felhaszn\u00e1l\u00f3k sz\u00e1m\u00e1ra, hogy a preferenci\u00e1ik alapj\u00e1n v\u00e1ltogassanak a rajzst\u00edlusok k\u00f6z\u00f6tt, b\u0151v\u00edtve ezzel a k\u00fcl\u00f6nb\u00f6z\u0151 felhaszn\u00e1l\u00f3i szok\u00e1sok ir\u00e1nti vonzer\u0151t. Egy \u00e1ltal m\u0171k\u00f6dtetett <strong data-start=\"1401\" data-end=\"1432\">850mAh-s \u00fajrat\u00f6lthet\u0151 akkumul\u00e1torral<\/strong> \u00e9s a <strong data-start=\"1437\" data-end=\"1456\">\u00e9s a Type-C t\u00f6lt\u00e9s<\/strong>, a k\u00e9sz\u00fcl\u00e9k stabil kimenetet tart fenn a kimer\u00fcl\u00e9sig.<\/p>\n<p data-start=\"1511\" data-end=\"1833\">A <strong data-start=\"1516\" data-end=\"1538\">45 \u00edzv\u00e1laszt\u00e9k<\/strong>, a <strong data-start=\"1544\" data-end=\"1571\">Al Fakher CRYSTAL 8k V2<\/strong> ide\u00e1lis az \u00edzv\u00e1lt\u00e1sra, polc l\u00e1that\u00f3s\u00e1g\u00e1ra \u00e9s ism\u00e9telt v\u00e1s\u00e1rl\u00e1sra. Nagy t\u00e9telben sz\u00e1ll\u00edtva <strong data-start=\"1666\" data-end=\"1688\">200 db dobozonk\u00e9nt<\/strong>, j\u00f3l alkalmas <strong data-start=\"1712\" data-end=\"1750\">Egyszer haszn\u00e1latos Vape-k nagykereskedelme Magyarorsz\u00e1gon<\/strong> v\u00e1s\u00e1rl\u00f3knak, akik er\u0151s m\u00e1rk\u00e1t keresnek <strong data-start=\"1790\" data-end=\"1805\">olcs\u00f3 \u00e1rral<\/strong> hossz\u00fa t\u00e1v\u00fa megb\u00edzhat\u00f3s\u00e1ggal.<\/p>\n<p><strong><span style=\"color: #ff0000;\">Adja hozz\u00e1 Amy-t WhatsApp-on, hogy azonnali v\u00e1laszt \u00e9s vape kupont kapjon!<\/span><\/strong><\/p>\n<p><img fetchpriority=\"high\" decoding=\"async\" class=\"size-full wp-image-2932\" src=\"https:\/\/vapestornado.com\/wp-content\/uploads\/2024\/12\/Vape-Wholesale.jpg\" alt=\"Vape nagykereskedelem\" width=\"229\" height=\"300\" \/><\/p>\n<h3><a href=\"https:\/\/wa.me\/8617776015835\" target=\"_blank\" rel=\"noopener\"><span style=\"color: #ff0000;\"><strong>WhatsApp: +86 17776015835<\/strong><\/span><\/a><\/h3>\n<p>&nbsp;<\/p>\n<h2><strong>Al Fakher CRYSTAL 8k V2 Puffs Term\u00e9kjellemz\u0151k<\/strong><\/h2>\n<div>\n<ul>\n<li data-start=\"0\" data-end=\"138\">\n<p data-start=\"2\" data-end=\"138\"><strong data-start=\"2\" data-end=\"31\" data-is-only-node=\"\">Ak\u00e1r 8,000\u201312,000 Puffs:<\/strong> Hossz\u00fa t\u00e1von ny\u00fajt\u00f3 teljes\u00edtm\u00e9nyt, cs\u00f6kkentve a gyakori cser\u00e9k sz\u00fcks\u00e9gess\u00e9g\u00e9t a v\u00e9gfelhaszn\u00e1l\u00f3k sz\u00e1m\u00e1ra.<\/p>\n<\/li>\n<li data-start=\"140\" data-end=\"263\">\n<p data-start=\"142\" data-end=\"263\"><strong data-start=\"142\" data-end=\"163\" data-is-only-node=\"\">Du\u00e1l Vape m\u00f3d:<\/strong> Mind MTL, mind DTL st\u00edlusokat t\u00e1mogat, lehet\u0151v\u00e9 t\u00e9ve a felhaszn\u00e1l\u00f3k sz\u00e1m\u00e1ra, hogy a h\u00faz\u00e1st szem\u00e9lyes preferenci\u00e1juk szerint \u00e1ll\u00edts\u00e1k be.<\/p>\n<\/li>\n<li data-start=\"265\" data-end=\"392\">\n<p data-start=\"267\" data-end=\"392\"><strong data-start=\"267\" data-end=\"298\" data-is-only-node=\"\">0,5% Alacsony nikotintartalom:<\/strong> K\u00f6nnyebb, sim\u00e1bb l\u00f6v\u00e9st biztos\u00edt, ide\u00e1lis azok sz\u00e1m\u00e1ra, akik kontroll\u00e1lt nikotinfogyaszt\u00e1st keresnek.<\/p>\n<\/li>\n<li data-start=\"394\" data-end=\"502\">\n<p data-start=\"396\" data-end=\"502\"><strong data-start=\"396\" data-end=\"423\" data-is-only-node=\"\">18 ml E-Liquid kapacit\u00e1s:<\/strong> Biztos\u00edtja az \u00e1lland\u00f3 \u00edzlead\u00e1st az eszk\u00f6z teljes \u00e9lettartama alatt.<\/p>\n<\/li>\n<li data-start=\"504\" data-end=\"615\">\n<p data-start=\"506\" data-end=\"615\"><strong data-start=\"506\" data-end=\"535\" data-is-only-node=\"\">H\u00e1l\u00f3s tekercs f\u0171t\u00e9si rendszer:<\/strong> Egyenletes meleg\u00edt\u00e9st biztos\u00edt a stabil g\u0151zk\u00e9pz\u00e9s \u00e9s a tiszta, pontos \u00edz \u00e9rdek\u00e9ben.<\/p>\n<\/li>\n<li data-start=\"617\" data-end=\"737\">\n<p data-start=\"619\" data-end=\"737\"><strong data-start=\"619\" data-end=\"651\" data-is-only-node=\"\">850mAh \u00fajrat\u00f6lthet\u0151 akkumul\u00e1tor:<\/strong> Megb\u00edzhat\u00f3 teljes\u00edtm\u00e9nyt ny\u00fajt az els\u0151 sz\u00edv\u00e1st\u00f3l az utols\u00f3ig, teljes\u00edtm\u00e9nycs\u00f6kken\u00e9s n\u00e9lk\u00fcl.<\/p>\n<\/li>\n<li data-start=\"739\" data-end=\"828\">\n<p data-start=\"741\" data-end=\"828\"><strong data-start=\"741\" data-end=\"766\" data-is-only-node=\"\">Type-C T\u00f6lt\u0151port:<\/strong> Gyors, k\u00e9nyelmes \u00e9s sz\u00e9les k\u00f6rben kompatibilis \u00fajrat\u00f6lt\u00e9st tesz lehet\u0151v\u00e9.<\/p>\n<\/li>\n<li data-start=\"830\" data-end=\"942\">\n<p data-start=\"832\" data-end=\"942\"><strong data-start=\"832\" data-end=\"854\" data-is-only-node=\"\">45 \u00cdzv\u00e1laszt\u00e9k:<\/strong> T\u00e1mogatja az er\u0151s \u00edzrot\u00e1ci\u00f3t \u00e9s a visszat\u00e9r\u0151 v\u00e1s\u00e1rl\u00e1sokat kiskereskedelmi \u00e9s nagykereskedelmi piacokon.<\/p>\n<\/li>\n<li data-start=\"944\" data-end=\"1050\">\n<p data-start=\"946\" data-end=\"1050\"><strong data-start=\"946\" data-end=\"976\" data-is-only-node=\"\">Krist\u00e1lyst\u00edlus\u00fa Testdesign:<\/strong> Pr\u00e9mium eszt\u00e9tik\u00e1t \u00f6tv\u00f6z a praktikus tart\u00f3ss\u00e1ggal a mindennapi haszn\u00e1lathoz.<\/p>\n<\/li>\n<li data-start=\"1052\" data-end=\"1160\" data-is-last-node=\"\">\n<p data-start=\"1054\" data-end=\"1160\" data-is-last-node=\"\"><strong data-start=\"1054\" data-end=\"1095\" data-is-only-node=\"\">Nagykereskedelmi Dobozos Csomagol\u00e1s (200 db):<\/strong> Hat\u00e9kony EU-n bel\u00fcli nagykereskedelmi eloszt\u00e1sra \u00e9s logisztik\u00e1ra optimaliz\u00e1lva.<\/p>\n<\/li>\n<\/ul>\n<\/div>\n<div>\n<figure id=\"attachment_4766\" aria-describedby=\"caption-attachment-4766\" style=\"width: 300px\" class=\"wp-caption alignnone\"><img decoding=\"async\" class=\"size-medium wp-image-4766\" src=\"https:\/\/vapestornado.com\/wp-content\/uploads\/2026\/01\/Al-Fakher-Crown-Bar-Crystal-8000-Disposable-Wholesale-Price-300x300.webp\" alt=\"Al Fakher Crown Bar Krist\u00e1ly 8000 Egyszer haszn\u00e1latos Nagykereskedelmi \u00c1r\" width=\"300\" height=\"300\" srcset=\"https:\/\/vapestornado.com\/wp-content\/uploads\/2026\/01\/Al-Fakher-Crown-Bar-Crystal-8000-Disposable-Wholesale-Price-300x300.webp 300w, https:\/\/vapestornado.com\/wp-content\/uploads\/2026\/01\/Al-Fakher-Crown-Bar-Crystal-8000-Disposable-Wholesale-Price-150x150.webp 150w, https:\/\/vapestornado.com\/wp-content\/uploads\/2026\/01\/Al-Fakher-Crown-Bar-Crystal-8000-Disposable-Wholesale-Price-768x768.webp 768w, https:\/\/vapestornado.com\/wp-content\/uploads\/2026\/01\/Al-Fakher-Crown-Bar-Crystal-8000-Disposable-Wholesale-Price-12x12.webp 12w, https:\/\/vapestornado.com\/wp-content\/uploads\/2026\/01\/Al-Fakher-Crown-Bar-Crystal-8000-Disposable-Wholesale-Price-600x600.webp 600w, https:\/\/vapestornado.com\/wp-content\/uploads\/2026\/01\/Al-Fakher-Crown-Bar-Crystal-8000-Disposable-Wholesale-Price-100x100.webp 100w, https:\/\/vapestornado.com\/wp-content\/uploads\/2026\/01\/Al-Fakher-Crown-Bar-Crystal-8000-Disposable-Wholesale-Price.webp 800w\" sizes=\"(max-width: 300px) 100vw, 300px\" \/><figcaption id=\"caption-attachment-4766\" class=\"wp-caption-text\">Al Fakher Crown Bar Krist\u00e1ly 8000 Egyszer haszn\u00e1latos Nagykereskedelmi \u00c1r<\/figcaption><\/figure>\n<\/div>\n<div>\n<figure id=\"attachment_4771\" aria-describedby=\"caption-attachment-4771\" style=\"width: 289px\" class=\"wp-caption alignnone\"><img decoding=\"async\" class=\"size-medium wp-image-4771\" src=\"https:\/\/vapestornado.com\/wp-content\/uploads\/2026\/01\/Al-Fakher-Crystal-8k-Disposable-Vapes-289x300.jpg\" alt=\"Al Fakher Krist\u00e1ly 8k V2 Egyszer haszn\u00e1latos Vape-k\" width=\"289\" height=\"300\" srcset=\"https:\/\/vapestornado.com\/wp-content\/uploads\/2026\/01\/Al-Fakher-Crystal-8k-Disposable-Vapes-289x300.jpg 289w, https:\/\/vapestornado.com\/wp-content\/uploads\/2026\/01\/Al-Fakher-Crystal-8k-Disposable-Vapes-987x1024.jpg 987w, https:\/\/vapestornado.com\/wp-content\/uploads\/2026\/01\/Al-Fakher-Crystal-8k-Disposable-Vapes-768x797.jpg 768w, https:\/\/vapestornado.com\/wp-content\/uploads\/2026\/01\/Al-Fakher-Crystal-8k-Disposable-Vapes-12x12.jpg 12w, https:\/\/vapestornado.com\/wp-content\/uploads\/2026\/01\/Al-Fakher-Crystal-8k-Disposable-Vapes-600x623.jpg 600w, https:\/\/vapestornado.com\/wp-content\/uploads\/2026\/01\/Al-Fakher-Crystal-8k-Disposable-Vapes.jpg 1411w\" sizes=\"(max-width: 289px) 100vw, 289px\" \/><figcaption id=\"caption-attachment-4771\" class=\"wp-caption-text\">Al Fakher Krist\u00e1ly 8k V2 Egyszer haszn\u00e1latos Vape-k<\/figcaption><\/figure>\n<\/div>\n<h2 class=\"product-title\"><strong>Al Fakher CRYSTAL 8k V2Puff \u00cdzlista<\/strong><\/h2>\n<p>1 Bogy\u00f3 K\u00e9k<br \/>\n2 Bogy\u00f3 J\u00e9g<br \/>\n3 Fekete Ribizli J\u00e9g<br \/>\n4 Fekete Ribizli Ment\u00e1val<br \/>\n5 K\u00e9k Razz Robban\u00e1s<br \/>\n6 K\u00e9k Razz Limon\u00e1d\u00e9<br \/>\n7 \u00c1fonya Cseresznye<br \/>\n8 \u00c1fonya R\u00e1g\u00f3gumi<br \/>\n9 \u00c1fonya Limon\u00e1d\u00e9<br \/>\n10 \u00c1fonya Menta<br \/>\n11 \u00c1fonya M\u00e1lna<br \/>\n12 \u00c1fonya Savany\u00fa M\u00e1lna<br \/>\n13 Cseresznye Fiesta<br \/>\n14 Cseresznye Fizz<br \/>\n15 Cseresznye J\u00e9g<br \/>\n16 H\u0171s Mang\u00f3<br \/>\n17 Fusion Pop<br \/>\n18 Sz\u0151l\u0151<br \/>\n19 Sz\u0151l\u0151 Bogy\u00f3<br \/>\n20 Sz\u0151l\u0151 Menta<br \/>\n21 R\u00e1g\u00f3gumi Menta<br \/>\n22 Hubba<br \/>\n23 J\u00e9gk\u00e9k<br \/>\n24 Citrom Lime<br \/>\n25 Citrom Lime Cseresznye Fizz<br \/>\n26 Citrom Menta<br \/>\n27 Lush Ice<br \/>\n28 Magic Love<br \/>\n29 Mang\u00f3 Anan\u00e1sz<br \/>\n30 Menthol<br \/>\n31 Menta<br \/>\n32 Vegyes Bogy\u00f3<br \/>\n33 Narancs Menta<br \/>\n34 S\u00e1rgabarack J\u00e9g<br \/>\n35 Anan\u00e1sz J\u00e9g<br \/>\n36 \u0170r \u00c1lom<br \/>\n37 Borsmenta<br \/>\n38 Eper Cseresznye<br \/>\n39 Eper Punch<br \/>\n40 Ny\u00e1ri \u00c1lom<br \/>\n41 K\u00e9t Alma<br \/>\n42 G\u00f6r\u00f6gdinnye Cseresznye<br \/>\n43 G\u00f6r\u00f6gdinnye Kivi<br \/>\n44 G\u00f6r\u00f6gdinnye Lime<br \/>\n45 G\u00f6r\u00f6gdinnye Anan\u00e1sz<\/p>\n<div class=\"flex-shrink-0 flex flex-col relative items-end\">\n<div class=\"pt-0\">\n<div class=\"gizmo-bot-avatar flex h-8 w-8 items-center justify-center overflow-hidden rounded-full\">\n<div class=\"relative p-1 rounded-sm flex items-center justify-center bg-token-main-surface-primary text-token-text-primary h-8 w-8\">\n<h2 data-start=\"1200\" data-end=\"1487\">Vapes Tornado \u2013 Az \u00d6n Nagykereskedelmi Online P\u00e1rologtat\u00f3 Boltja a N\u00e9pszer\u0171 Vape-ekhez<\/h2>\n<p data-start=\"72\" data-end=\"396\"><strong data-start=\"72\" data-end=\"89\">Vapes Tornado<\/strong> egy Eur\u00f3p\u00e1ra f\u00f3kusz\u00e1l\u00f3 nagykereskedelmi online p\u00e1rologtat\u00f3 bolt, amely gondosan v\u00e1logatott k\u00edn\u00e1latot biztos\u00edt <strong data-start=\"178\" data-end=\"195\">n\u00e9pszer\u0171 vape-ekb\u0151l<\/strong> professzion\u00e1lis v\u00e1s\u00e1rl\u00f3k sz\u00e1m\u00e1ra. Olyan kiskeresked\u0151kkel, forgalmaz\u00f3kkal \u00e9s online \u00e1ruh\u00e1zakkal dolgozunk az EU-ban, akik stabil ell\u00e1t\u00e1st, vil\u00e1gos term\u00e9kinform\u00e1ci\u00f3kat \u00e9s olyan m\u00e1rk\u00e1kat keresnek, amelyeket a v\u00e1s\u00e1rl\u00f3k m\u00e1r ismernek \u00e9s megb\u00edznak benn\u00fck.<\/p>\n<p data-start=\"398\" data-end=\"687\">Biztos partnerekkel dolgozunk, mint p\u00e9ld\u00e1ul <strong data-start=\"307\" data-end=\"362\"><a href=\"https:\/\/vapestornado.com\/hu\/product\/randm-12000-puffs-fumot-digital-disposable-vape-wholesale-price\/\">Fumot VAPE<\/a>, <a href=\"https:\/\/vapestornado.com\/hu\/product\/original-wga-ultra-35k-35000-puff-rechargeable-crystal-disposable-nicotine-vape-best-discount-price\/\">WGA VAPE<\/a>, <\/strong><strong data-start=\"307\" data-end=\"362\"><a href=\"https:\/\/vapestornado.com\/hu\/product\/vozol-gear-shisha-25k-25000-puffs-best-dtl-disposable-vape-hookah-cheap-price\/\">VOZOL BAR VAPE<\/a>,<\/strong><strong data-start=\"247\" data-end=\"352\">\u00a0Elf Bar Vape, WASPE Vape, <a href=\"https:\/\/vapestornado.com\/hu\/product\/uzy-150k-puffs-6-in-1-flavor-switch-disposable-vape-pen-wholesale\/\">UZY Vape<\/a>, Bang Vape, Razz Bar Vape, \u00e9s Stag Bar Vape<\/strong>, melyeket a folyamatos min\u0151s\u00e9g \u00e9s a nagy kereslet miatt v\u00e1lasztottak az eur\u00f3pai piacon.<\/p>\n<h4 data-start=\"1080\" data-end=\"1120\">Eur\u00f3pai nagykereskedelmi v\u00e1s\u00e1rl\u00f3k sz\u00e1m\u00e1ra k\u00e9sz\u00fclt<\/h4>\n<p data-start=\"1121\" data-end=\"1189\">A Vapes Tornado az EU nagykeresked\u0151k val\u00f3di ig\u00e9nyei k\u00f6r\u00e9 \u00e9p\u00fclt:<\/p>\n<ul data-start=\"1190\" data-end=\"1400\">\n<li data-start=\"1190\" data-end=\"1239\">\n<p data-start=\"1192\" data-end=\"1239\">Versenyk\u00e9pes nagykereskedelmi \u00e1rak t\u00e9teles megrendel\u00e9sekhez<\/p>\n<\/li>\n<li data-start=\"1240\" data-end=\"1289\">\n<p data-start=\"1242\" data-end=\"1289\">\u00c1tl\u00e1that\u00f3 term\u00e9kle\u00edr\u00e1sok \u00e9s specifik\u00e1ci\u00f3k<\/p>\n<\/li>\n<li data-start=\"1290\" data-end=\"1330\">\n<p data-start=\"1292\" data-end=\"1330\">Gyors, megb\u00edzhat\u00f3 EU-orient\u00e1lt logisztika<\/p>\n<\/li>\n<li data-start=\"1331\" data-end=\"1400\">\n<p data-start=\"1333\" data-end=\"1400\">Egy katal\u00f3gus, amely a <strong data-start=\"1356\" data-end=\"1373\">n\u00e9pszer\u0171 vape-ekb\u0151l<\/strong>, nem t\u00falzs\u00fafolt SKUs-ra f\u00f3kusz\u00e1l<\/p>\n<\/li>\n<\/ul>\n<h2 data-start=\"2064\" data-end=\"2115\">Gyakran Ism\u00e9telt K\u00e9rd\u00e9sek az Al Fakher CRYSTAL 8000 V2 Egyszer haszn\u00e1latos Vape-r\u0151l<\/h2>\n<p data-start=\"3467\" data-end=\"3658\"><strong data-start=\"3467\" data-end=\"3546\">1. Mi k\u00fcl\u00f6nb\u00f6zteti meg az Al Fakher CRYSTAL 8K V2-t m\u00e1s egyszer haszn\u00e1latos vape-ekhez k\u00e9pest?<\/strong><br data-start=\"3546\" data-end=\"3549\" \/>A hangs\u00faly a \u00edzstabilit\u00e1son, az alacsony nikotintartalmon \u00e9s a kett\u0151s vaping m\u00f3don van, nem pedig a rendk\u00edv\u00fcli sz\u00edv\u00e1sok sz\u00e1m\u00e1n.<\/p>\n<p data-start=\"3660\" data-end=\"3780\"><strong data-start=\"3660\" data-end=\"3721\">2. Az Al Fakher Crown Bar Crystal 8K V2 \u00fajrat\u00f6lthet\u0151?<\/strong><br data-start=\"3721\" data-end=\"3724\" \/>Igen, 850mAh-s akkumul\u00e1torral \u00e9s Type-C t\u00f6lt\u00e9ssel rendelkezik.<\/p>\n<p data-start=\"3782\" data-end=\"3917\"><strong data-start=\"3782\" data-end=\"3825\">3. Kinek a legink\u00e1bb ez a term\u00e9k aj\u00e1nlott?<\/strong><br data-start=\"3825\" data-end=\"3828\" \/>Felhaszn\u00e1l\u00f3knak, akik sima \u00edzt, k\u00f6nnyebb nikotinfogyaszt\u00e1st \u00e9s k\u00f6vetkezetes napi teljes\u00edtm\u00e9nyt szeretn\u00e9nek.<\/p>\n<p data-start=\"3919\" data-end=\"4102\"><strong data-start=\"3919\" data-end=\"3989\">4. Hogyan viszonyul a magas sz\u00edv\u00e1si sz\u00e1m\u00fa eszk\u00f6z\u00f6kh\u00f6z, mint p\u00e9ld\u00e1ul az Airmez Fox 80000?<\/strong><br data-start=\"3989\" data-end=\"3992\" \/>A Crystal 8K V2 a kontrollt \u00e9s az \u00edzpontoss\u00e1got helyezi el\u0151t\u00e9rbe, m\u00edg a magas sz\u00edv\u00e1si sz\u00e1m\u00fa modellek a hosszabb \u00e9lettartamot c\u00e9lozz\u00e1k meg.<\/p>\n<p data-start=\"4104\" data-end=\"4265\"><strong data-start=\"4104\" data-end=\"4166\">5. Ez a term\u00e9k alkalmas az EU nagykereskedelmi forgalmaz\u00e1s\u00e1ra?<\/strong><br data-start=\"4166\" data-end=\"4169\" \/>Igen, t\u00f6meges csomagol\u00e1sban van, \u00e9s n\u00e9pszer\u0171 a <strong data-start=\"4219\" data-end=\"4257\">Egyszer haszn\u00e1latos Vape-k nagykereskedelme Magyarorsz\u00e1gon<\/strong> ell\u00e1t\u00e1sban.<\/p>\n<\/div>\n<\/div>\n<\/div>\n<\/div>","protected":false},"excerpt":{"rendered":"<p data-start=\"1873\" data-end=\"1964\"><strong data-start=\"1873\" data-end=\"1964\">Al Fakher Crown Bar Crystal 8K V2 \u2013 Stabil Teljes\u00edtm\u00e9ny\u0171 Eldobhat\u00f3 Vape az EU Nagykeresked\u00e9shez<\/strong><\/p>\n<p data-start=\"1968\" data-end=\"2039\"><strong data-start=\"1968\" data-end=\"2039\">Al Fakher CRYSTAL 8K V2 Kett\u0151s Sz\u00edv\u00e1si M\u00f3ddal &amp; Alacsony Nikotintartalommal<\/strong><\/p>\n<p data-start=\"2043\" data-end=\"2136\"><strong data-start=\"2043\" data-end=\"2136\">Crystal 8K V2 az Al Fakher-t\u0151l \u2013 Megb\u00edzhat\u00f3 8000 Sz\u00edv\u00e1s Eldobhat\u00f3 Versenyk\u00e9pes Nagykereskedelmi \u00c1ron<\/strong><\/p>\n<p><strong>Add hozz\u00e1 Amy whatsappj\u00e1t, hogy azonnali v\u00e1laszt \u00e9s kedvezm\u00e9nyes \u00e1rat kapj!<\/strong><\/p>\n<p><img fetchpriority=\"high\" decoding=\"async\" class=\"size-full wp-image-2932\" src=\"https:\/\/vapestornado.com\/wp-content\/uploads\/2024\/12\/Vape-Wholesale.jpg\" alt=\"Vape nagykereskedelem\" width=\"229\" height=\"300\" \/><\/p>\n<h3><a href=\"https:\/\/wa.me\/8617776015835\"><span style=\"color: #ff0000;\"><strong>WhatsApp: +86 17776015835<\/strong><\/span><\/a><\/h3>","protected":false},"featured_media":4770,"comment_status":"open","ping_status":"closed","template":"","meta":{"_acf_changed":false,"_uag_custom_page_level_css":"","_lmt_disableupdate":"no","_lmt_disable":"","_monsterinsights_skip_tracking":false,"_monsterinsights_sitenote_active":false,"_monsterinsights_sitenote_note":"","_monsterinsights_sitenote_category":0,"site-sidebar-layout":"default","site-content-layout":"","ast-site-content-layout":"default","site-content-style":"default","site-sidebar-style":"default","ast-global-header-display":"","ast-banner-title-visibility":"","ast-main-header-display":"","ast-hfb-above-header-display":"","ast-hfb-below-header-display":"","ast-hfb-mobile-header-display":"","site-post-title":"","ast-breadcrumbs-content":"","ast-featured-img":"","footer-sml-layout":"","ast-disable-related-posts":"","theme-transparent-header-meta":"default","adv-header-id-meta":"","stick-header-meta":"","header-above-stick-meta":"","header-main-stick-meta":"","header-below-stick-meta":"","astra-migrate-meta-layouts":"set","ast-page-background-enabled":"default","ast-page-background-meta":{"desktop":{"background-color":"","background-image":"","background-repeat":"repeat","background-position":"center center","background-size":"auto","background-attachment":"scroll","background-type":"","background-media":"","overlay-type":"","overlay-color":"","overlay-opacity":"","overlay-gradient":""},"tablet":{"background-color":"","background-image":"","background-repeat":"repeat","background-position":"center center","background-size":"auto","background-attachment":"scroll","background-type":"","background-media":"","overlay-type":"","overlay-color":"","overlay-opacity":"","overlay-gradient":""},"mobile":{"background-color":"","background-image":"","background-repeat":"repeat","background-position":"center center","background-size":"auto","background-attachment":"scroll","background-type":"","background-media":"","overlay-type":"","overlay-color":"","overlay-opacity":"","overlay-gradient":""}},"ast-content-background-meta":{"desktop":{"background-color":"var(--ast-global-color-5)","background-image":"","background-repeat":"repeat","background-position":"center center","background-size":"auto","background-attachment":"scroll","background-type":"","background-media":"","overlay-type":"","overlay-color":"","overlay-opacity":"","overlay-gradient":""},"tablet":{"background-color":"var(--ast-global-color-5)","background-image":"","background-repeat":"repeat","background-position":"center center","background-size":"auto","background-attachment":"scroll","background-type":"","background-media":"","overlay-type":"","overlay-color":"","overlay-opacity":"","overlay-gradient":""},"mobile":{"background-color":"var(--ast-global-color-5)","background-image":"","background-repeat":"repeat","background-position":"center center","background-size":"auto","background-attachment":"scroll","background-type":"","background-media":"","overlay-type":"","overlay-color":"","overlay-opacity":"","overlay-gradient":""}},"_joinchat":[]},"product_brand":[],"product_cat":[140,149,156,158,141,142,146,147],"product_tag":[529,530,528,355,287,513,512],"class_list":{"0":"post-4772","1":"product","2":"type-product","3":"status-publish","4":"has-post-thumbnail","6":"product_cat-big-puffs-disposable-vapes","7":"product_cat-buy-disposable-vapes-in-austria","8":"product_cat-buy-disposable-vapes-in-poland","9":"product_cat-buy-disposable-vapes-in-spain","10":"product_cat-crystal-disposable-vapes","11":"product_cat-digital-box-disposable-vapes","12":"product_cat-rechargeable-disposable-vapes","13":"product_cat-shisha-hookah-disposable-vapes","14":"product_tag-al-fakher-8k-v2","15":"product_tag-al-fakher-crystal-8000-v2","16":"product_tag-al-fakher-crystal-8k-v2","17":"product_tag-big-puff-vape","18":"product_tag-disposable-vape-pen","19":"product_tag-vape-discount-price","20":"product_tag-vape-wholesale-distributor","21":"desktop-align-left","22":"tablet-align-left","23":"mobile-align-left","25":"first","26":"instock","27":"sale","28":"shipping-taxable","29":"purchasable","30":"product-type-simple"},"acf":[],"uagb_featured_image_src":{"full":["https:\/\/vapestornado.com\/wp-content\/uploads\/2026\/01\/Al-Fakher-Disposable-Vapes-Best-Price.webp",800,800,false],"thumbnail":["https:\/\/vapestornado.com\/wp-content\/uploads\/2026\/01\/Al-Fakher-Disposable-Vapes-Best-Price-150x150.webp",150,150,true],"medium":["https:\/\/vapestornado.com\/wp-content\/uploads\/2026\/01\/Al-Fakher-Disposable-Vapes-Best-Price-300x300.webp",300,300,true],"medium_large":["https:\/\/vapestornado.com\/wp-content\/uploads\/2026\/01\/Al-Fakher-Disposable-Vapes-Best-Price-768x768.webp",768,768,true],"large":["https:\/\/vapestornado.com\/wp-content\/uploads\/2026\/01\/Al-Fakher-Disposable-Vapes-Best-Price.webp",800,800,false],"1536x1536":["https:\/\/vapestornado.com\/wp-content\/uploads\/2026\/01\/Al-Fakher-Disposable-Vapes-Best-Price.webp",800,800,false],"2048x2048":["https:\/\/vapestornado.com\/wp-content\/uploads\/2026\/01\/Al-Fakher-Disposable-Vapes-Best-Price.webp",800,800,false],"trp-custom-language-flag":["https:\/\/vapestornado.com\/wp-content\/uploads\/2026\/01\/Al-Fakher-Disposable-Vapes-Best-Price-12x12.webp",12,12,true],"woocommerce_thumbnail":["https:\/\/vapestornado.com\/wp-content\/uploads\/2026\/01\/Al-Fakher-Disposable-Vapes-Best-Price-300x300.webp",300,300,true],"woocommerce_single":["https:\/\/vapestornado.com\/wp-content\/uploads\/2026\/01\/Al-Fakher-Disposable-Vapes-Best-Price-600x600.webp",600,600,true],"woocommerce_gallery_thumbnail":["https:\/\/vapestornado.com\/wp-content\/uploads\/2026\/01\/Al-Fakher-Disposable-Vapes-Best-Price-100x100.webp",100,100,true]},"uagb_author_info":{"display_name":"ESAMY","author_link":"https:\/\/vapestornado.com\/hu\/author\/"},"uagb_comment_info":0,"uagb_excerpt":"Al Fakher Crown Bar Crystal 8K V2 \u2013 Stable Performance Disposable Vape for EU Wholesale Al Fakher CRYSTAL 8K V2 with Dual Vaping Mode &amp; Low Nicotine Output Crystal 8K V2 by Al Fakher \u2013 Reliable 8000 Puff Disposable at Competitive Wholesale Price Add Amy's whatsapp to get right reply and discount price! WhatsApp: +86&hellip;","_links":{"self":[{"href":"https:\/\/vapestornado.com\/hu\/wp-json\/wp\/v2\/product\/4772","targetHints":{"allow":["GET"]}}],"collection":[{"href":"https:\/\/vapestornado.com\/hu\/wp-json\/wp\/v2\/product"}],"about":[{"href":"https:\/\/vapestornado.com\/hu\/wp-json\/wp\/v2\/types\/product"}],"replies":[{"embeddable":true,"href":"https:\/\/vapestornado.com\/hu\/wp-json\/wp\/v2\/comments?post=4772"}],"wp:featuredmedia":[{"embeddable":true,"href":"https:\/\/vapestornado.com\/hu\/wp-json\/wp\/v2\/media\/4770"}],"wp:attachment":[{"href":"https:\/\/vapestornado.com\/hu\/wp-json\/wp\/v2\/media?parent=4772"}],"wp:term":[{"taxonomy":"product_brand","embeddable":true,"href":"https:\/\/vapestornado.com\/hu\/wp-json\/wp\/v2\/product_brand?post=4772"},{"taxonomy":"product_cat","embeddable":true,"href":"https:\/\/vapestornado.com\/hu\/wp-json\/wp\/v2\/product_cat?post=4772"},{"taxonomy":"product_tag","embeddable":true,"href":"https:\/\/vapestornado.com\/hu\/wp-json\/wp\/v2\/product_tag?post=4772"}],"curies":[{"name":"wp","href":"https:\/\/api.w.org\/{rel}","templated":true}]}}