{"id":4716,"date":"2025-12-24T03:47:14","date_gmt":"2025-12-24T03:47:14","guid":{"rendered":"https:\/\/vapestornado.com\/?post_type=product&#038;p=4716"},"modified":"2025-12-24T06:53:12","modified_gmt":"2025-12-24T06:53:12","slug":"fihp-90k-puffs-90000-3-in-1-triple-flavors-crystal-vape-shop-wholesale-disposable-e-cigarette","status":"publish","type":"product","link":"https:\/\/vapestornado.com\/hu\/product\/fihp-90k-puffs-90000-3-in-1-triple-flavors-crystal-vape-shop-wholesale-disposable-e-cigarette\/","title":{"rendered":"FIHP 90K Puffs 90000 3 az 1-ben Triple Flavors Krist\u00e1ly Vape Nagykereskedelmi Dobozos E Cigaretta"},"content":{"rendered":"<h2 data-pm-slice=\"1 1 []\">FIHP 90K Sz\u00edv\u00e1sok 90000 3 az 1-ben h\u00e1rom \u00edz\u0171 Krist\u00e1ly Egyszer Haszn\u00e1latos E-Cigaretta Nagykereskedelem<\/h2>\n<p data-start=\"90\" data-end=\"562\">A <strong data-start=\"94\" data-end=\"112\">FIHP 90K Puffs<\/strong> feln\u0151ttek sz\u00e1m\u00e1ra k\u00e9sz\u00fclt, akik hossz\u00fa t\u00e1von \u00e9rdekes eszk\u00f6zt keresnek. A f\u0151 jellemz\u0151 nyilv\u00e1nval\u00f3\u2014<strong data-start=\"213\" data-end=\"229\">90 000 sz\u00edv\u00e1s<\/strong>\u2014de ami nap mint nap haszn\u00e1lhat\u00f3v\u00e1 teszi, az a <strong data-start=\"293\" data-end=\"324\">3 az 1-ben h\u00e1rom \u00edz\u0171 rendszer<\/strong>, egy <strong data-start=\"328\" data-end=\"344\">okos kijelz\u0151t<\/strong>, \u00e9s a stabil \u00edzlead\u00e1st biztos\u00edt\u00f3 tekercs hardver kombin\u00e1ci\u00f3ja. Ez a t\u00edpus\u00fa <strong data-start=\"420\" data-end=\"446\">Egyszer Haszn\u00e1latos E-Cigaretta<\/strong> mind szem\u00e9lyes haszn\u00e1latra, mind vape bolt nagykereskedelemre alkalmas, mert k\u00f6nny\u0171 magyar\u00e1zni \u00e9s k\u00f6nny\u0171 megb\u00edzni benne k\u00e9zben.<\/p>\n<p data-start=\"564\" data-end=\"847\">A \u201ckrist\u00e1ly\u201d \u00e1tl\u00e1tsz\u00f3 test nemcsak st\u00edlusos; emellett modern \u00e9s egy\u00e9rtelm\u0171 \u00e9rz\u00e9st k\u00f6lcs\u00f6n\u00f6z a term\u00e9knek\u2014ami l\u00e1tszik, az van. Sok v\u00e1s\u00e1rl\u00f3nak Eur\u00f3p\u00e1ban ez sz\u00e1m\u00edt: tiszta megjelen\u00e9s, egy\u00e9rtelm\u0171 visszajelz\u00e9s a k\u00e9perny\u0151r\u0151l, \u00e9s nincs rejt\u00e9ly arr\u00f3l, hogy a k\u00e9sz\u00fcl\u00e9k alacsony t\u00f6lt\u00f6tts\u00e9g\u0171-e vagy csak t\u00f6lt\u00e9sre szorul.<\/p>\n<p data-start=\"876\" data-end=\"1116\">A nagy kapacit\u00e1s\u00fa egyszer haszn\u00e1latos eszk\u00f6z\u00f6k gyakran megb\u00edzhatatlan m\u00f3don hib\u00e1znak: az \u00edz tompul, a teljes\u00edtm\u00e9ny ingadozik, vagy a felhaszn\u00e1l\u00f3k nem tudj\u00e1k, hogy az eszk\u00f6z \u00fcres-e vagy csak t\u00f6lt\u00e9sre szorul. A FIHP 90000 sz\u00edv\u00e1s ezeket a probl\u00e9m\u00e1kat praktikus hardverv\u00e1laszt\u00e1sokkal oldja meg.<\/p>\n<p data-start=\"1118\" data-end=\"1588\">A <strong data-start=\"1122\" data-end=\"1138\">okos kijelz\u0151t<\/strong> mutatja <strong data-start=\"1145\" data-end=\"1181\">akkumul\u00e1tor szint \u00e9s e-liquid szint<\/strong>, \u00edgy nem kell tal\u00e1lgatni. Ez cs\u00f6kkenti a frusztr\u00e1ci\u00f3t \u00e9s kiv\u00e1gja a \u201cnem m\u0171k\u00f6dik\u201d pillanatokat, amelyek val\u00f3j\u00e1ban csak alacsony energia szintet jeleznek. A <strong data-start=\"1318\" data-end=\"1342\">0,9\u03a9 k\u00e9t mesh tekercs<\/strong> nagyobb hev\u00edt\u00e9si fel\u00fclettel tervezt\u00e9k, ami seg\u00edt stabil g\u0151zk\u00e9pz\u00e9st \u00e9s tiszt\u00e1bb \u00edzt biztos\u00edtani hosszabb haszn\u00e1lat sor\u00e1n. Adj hozz\u00e1 a <strong data-start=\"1469\" data-end=\"1488\">\u00e9s a Type-C t\u00f6lt\u00e9s<\/strong> \u00e9s a <strong data-start=\"1493\" data-end=\"1511\">650mAh akkumul\u00e1torral<\/strong>, \u00e9s a k\u00e9sz\u00fcl\u00e9k val\u00f3di napi rutinhoz illeszkedik\u2014gyorsan t\u00f6ltse, hosszabb ideig haszn\u00e1lja, ism\u00e9telje meg.<\/p>\n<h3 data-start=\"1590\" data-end=\"1635\">Mi\u00e9rt \u00e9rdemes megv\u00e1s\u00e1rolni a FIHP 90K 90000 Sz\u00edv\u00e1s Egyszer Haszn\u00e1latos Vape Tollat<\/h3>\n<ul data-start=\"1636\" data-end=\"2259\">\n<li data-start=\"1636\" data-end=\"1764\">\n<p data-start=\"1638\" data-end=\"1764\"><strong data-start=\"1638\" data-end=\"1665\">Hossz\u00fa csereperi\u00f3dus:<\/strong> a <strong data-start=\"1670\" data-end=\"1679\">90000<\/strong> A puff design cs\u00f6kkenti, hogy milyen gyakran van sz\u00fcks\u00e9g \u00faj eszk\u00f6zre, k\u00fcl\u00f6n\u00f6sen rendszeres felhaszn\u00e1l\u00f3kn\u00e1l.<\/p>\n<\/li>\n<li data-start=\"1765\" data-end=\"1936\">\n<p data-start=\"1767\" data-end=\"1936\"><strong data-start=\"1767\" data-end=\"1801\">V\u00e1ltozatoss\u00e1g extra eszk\u00f6z\u00f6k n\u00e9lk\u00fcl:<\/strong> a <strong data-start=\"1806\" data-end=\"1824\">3 \u00edz egyben<\/strong> A rendszer praktikus\u2014a profilok v\u00e1lt\u00e1sa seg\u00edt elker\u00fclni az \u00edzf\u00e1radts\u00e1got, ami gyakori nagy kapacit\u00e1s\u00fa vapekn\u00e9l.<\/p>\n<\/li>\n<li data-start=\"1937\" data-end=\"2094\">\n<p data-start=\"1939\" data-end=\"2094\"><strong data-start=\"1939\" data-end=\"1968\">\u00c1tl\u00e1that\u00f3 \u00e1llapot egy pillant\u00e1ssal:<\/strong> a kijelz\u0151 teszi az eszk\u00f6zt kisz\u00e1m\u00edthat\u00f3bb\u00e1, k\u00fcl\u00f6n\u00f6sen azok sz\u00e1m\u00e1ra, akik eg\u00e9sz nap vapelnek, \u00e9s nem szeretn\u00e9nek meglepet\u00e9seket.<\/p>\n<\/li>\n<li data-start=\"2095\" data-end=\"2259\">\n<p data-start=\"2097\" data-end=\"2259\"><strong data-start=\"2097\" data-end=\"2120\">Nagykereskedelmi bar\u00e1t:<\/strong> egy krist\u00e1ly-st\u00edlus\u00fa vape bolt kijelz\u0151h\u00f6z a term\u00e9k pr\u00e9mium megjelen\u00e9s\u0171, mik\u00f6zben egyszer\u0171en bemutathat\u00f3: 90K + h\u00e1rom \u00edz + kijelz\u0151 + Type-C.<\/p>\n<\/li>\n<\/ul>\n<p><strong><span style=\"color: #ff0000;\">Adja hozz\u00e1 Amy-t WhatsApp-on, hogy azonnali v\u00e1laszt \u00e9s vape kupont kapjon!<\/span><\/strong><\/p>\n<p><img fetchpriority=\"high\" decoding=\"async\" class=\"size-full wp-image-2932\" src=\"https:\/\/vapestornado.com\/wp-content\/uploads\/2024\/12\/Vape-Wholesale.jpg\" alt=\"Vape nagykereskedelem\" width=\"229\" height=\"300\" \/><\/p>\n<h3><a href=\"https:\/\/wa.me\/8617776015835\" target=\"_blank\" rel=\"noopener\"><span style=\"color: #ff0000;\"><strong>WhatsApp: +86 17776015835<\/strong><\/span><\/a><\/h3>\n<figure id=\"attachment_4711\" aria-describedby=\"caption-attachment-4711\" style=\"width: 300px\" class=\"wp-caption alignnone\"><img decoding=\"async\" class=\"size-medium wp-image-4711\" src=\"https:\/\/vapestornado.com\/wp-content\/uploads\/2025\/12\/FIHP-90K-90000-Puff-Bar-Disposables-Triple-Flavors-300x300.webp\" alt=\"FIHP 90K Puffs 90000 eldobhat\u00f3 Vape Bar h\u00e1rom \u00edzben\" width=\"300\" height=\"300\" srcset=\"https:\/\/vapestornado.com\/wp-content\/uploads\/2025\/12\/FIHP-90K-90000-Puff-Bar-Disposables-Triple-Flavors-300x300.webp 300w, https:\/\/vapestornado.com\/wp-content\/uploads\/2025\/12\/FIHP-90K-90000-Puff-Bar-Disposables-Triple-Flavors-150x150.webp 150w, https:\/\/vapestornado.com\/wp-content\/uploads\/2025\/12\/FIHP-90K-90000-Puff-Bar-Disposables-Triple-Flavors-768x768.webp 768w, https:\/\/vapestornado.com\/wp-content\/uploads\/2025\/12\/FIHP-90K-90000-Puff-Bar-Disposables-Triple-Flavors-12x12.webp 12w, https:\/\/vapestornado.com\/wp-content\/uploads\/2025\/12\/FIHP-90K-90000-Puff-Bar-Disposables-Triple-Flavors-600x600.webp 600w, https:\/\/vapestornado.com\/wp-content\/uploads\/2025\/12\/FIHP-90K-90000-Puff-Bar-Disposables-Triple-Flavors-100x100.webp 100w, https:\/\/vapestornado.com\/wp-content\/uploads\/2025\/12\/FIHP-90K-90000-Puff-Bar-Disposables-Triple-Flavors.webp 800w\" sizes=\"(max-width: 300px) 100vw, 300px\" \/><figcaption id=\"caption-attachment-4711\" class=\"wp-caption-text\">FIHP 90K 90000 Puffs Bar Disposables Triple Flavors<\/figcaption><\/figure>\n<p>&nbsp;<\/p>\n<h2><strong>FIHP 90K Puffs Term\u00e9kjellemz\u0151k<\/strong><\/h2>\n<table>\n<thead>\n<tr>\n<th>Jellemz\u0151k<\/th>\n<th>Specifik\u00e1ci\u00f3<\/th>\n<th>Mit jelent a mindennapi haszn\u00e1latban<\/th>\n<\/tr>\n<\/thead>\n<tbody>\n<tr>\n<td>Slukkkapacit\u00e1s<\/td>\n<td>Ak\u00e1r 90 000 sz\u00edv\u00e1s<\/td>\n<td>Hosszabb haszn\u00e1latra tervezve; a t\u00e9nyleges sz\u00edv\u00e1sok sz\u00e1ma a h\u00faz\u00e1s hossz\u00e1t\u00f3l \u00e9s a haszn\u00e1lati szok\u00e1sokt\u00f3l f\u00fcgg.<\/td>\n<\/tr>\n<tr>\n<td>\u00cdzrendszer<\/td>\n<td>3 az 1-ben h\u00e1rmas \u00edzek<\/td>\n<td>V\u00e1ltson h\u00e1rom \u00edz k\u00f6z\u00f6tt egy eszk\u00f6zben, hogy cs\u00f6kkentse az \u00edzf\u00e1rad\u00e1st hossz\u00fa haszn\u00e1lat sor\u00e1n.<\/td>\n<\/tr>\n<tr>\n<td>Tekercs t\u00edpusa<\/td>\n<td>0,9\u03a9 Dual Mesh Coils<\/td>\n<td>Nagyobb f\u0171t\u00e9si fel\u00fclet t\u00e1mogatja a stabilabb g\u0151z\u00f6l\u00e9st \u00e9s a tiszt\u00e1bb \u00edz\u00e1tvitelt hosszabb \u00fcl\u00e9sek sor\u00e1n.<\/td>\n<\/tr>\n<tr>\n<td>Akkumul\u00e1tor<\/td>\n<td>650mAh \u00fajrat\u00f6lthet\u0151<\/td>\n<td>Napi haszn\u00e1latra k\u00e9sz\u00fclt; t\u00f6ltse \u00fajra, amikor sz\u00fcks\u00e9ges, ahelyett, hogy kor\u00e1n eldobn\u00e1.<\/td>\n<\/tr>\n<tr>\n<td>T\u00f6lt\u00e9s<\/td>\n<td>Type-C (k\u00f6r\u00fclbel\u00fcl 30 perc \u00e1ll\u00edt\u00e1s szerint)<\/td>\n<td>Gyorsabb, k\u00e9nyelmesebb t\u00f6lt\u00e9s, mint a r\u00e9gebbi portok eset\u00e9ben; az id\u0151tartam a t\u00f6lt\u0151t\u0151l \u00e9s a k\u00f6r\u00fclm\u00e9nyekt\u0151l f\u00fcgg.<\/td>\n<\/tr>\n<tr>\n<td>Kijelz\u0151<\/td>\n<td>Okos kijelz\u0151 (akku + e-liquid)<\/td>\n<td>Cs\u00f6kkenti a tal\u00e1lgat\u00e1st azzal, hogy egy pillant\u00e1ssal mutatja az eszk\u00f6z \u00e1llapot\u00e1t.<\/td>\n<\/tr>\n<tr>\n<td>Nikotin opci\u00f3k<\/td>\n<td>2% \/ 5%<\/td>\n<td>K\u00e9t er\u0151ss\u00e9g k\u00fcl\u00f6nb\u00f6z\u0151 feln\u0151tt preferenci\u00e1khoz (a piaci el\u00e9rhet\u0151s\u00e9g v\u00e1ltozhat).<\/td>\n<\/tr>\n<tr>\n<td>Design<\/td>\n<td>\u00c1tl\u00e1tsz\u00f3 krist\u00e1lyst\u00edlus\u00fa test<\/td>\n<td>Modern megjelen\u00e9s, alkalmas kiskereskedelmi bemutat\u00f3ra \u00e9s k\u00f6nny\u0171 term\u00e9kbemutat\u00e1sra.<\/td>\n<\/tr>\n<\/tbody>\n<\/table>\n<h2 class=\"product-title\"><strong>FIHP 90K Puffs Puff Puff \u00edzlista<\/strong><\/h2>\n<h2 data-start=\"4164\" data-end=\"4193\"><\/h2>\n<ol data-start=\"4195\" data-end=\"4730\">\n<li data-start=\"4195\" data-end=\"4239\">\n<p data-start=\"4198\" data-end=\"4239\">Fizzy Cherry &amp; Lady Killer &amp; Gummy Bear<\/p>\n<\/li>\n<li data-start=\"4240\" data-end=\"4287\">\n<p data-start=\"4243\" data-end=\"4287\">\u00c1fonya m\u00e1lna &amp; Love 666 &amp; Peach Ice<\/p>\n<\/li>\n<li data-start=\"4288\" data-end=\"4343\">\n<p data-start=\"4291\" data-end=\"4343\">M\u00e1lna g\u00f6r\u00f6gdinnye &amp; Vegyes Bogy\u00f3k &amp; Mang\u00f3 Peach<\/p>\n<\/li>\n<li data-start=\"4344\" data-end=\"4406\">\n<p data-start=\"4347\" data-end=\"4406\">\u00c1fonya Citroml\u00e9 &amp; Eper M\u00e1lna &amp; Sziv\u00e1rv\u00e1ny Cukorka<\/p>\n<\/li>\n<li data-start=\"4407\" data-end=\"4463\">\n<p data-start=\"4410\" data-end=\"4463\">G\u00f6r\u00f6gdinnye Bubor\u00e9kf\u00faj\u00e1s &amp; Sz\u0151l\u0151 J\u00e9g &amp; Fekete S\u00e1rk\u00e1ny J\u00e9g<\/p>\n<\/li>\n<li data-start=\"4464\" data-end=\"4514\">\n<p data-start=\"4467\" data-end=\"4514\">Anan\u00e1sz K\u00f3kusz &amp; Vegyes Gy\u00fcm\u00f6lcs &amp; Citrom Peach<\/p>\n<\/li>\n<li data-start=\"4515\" data-end=\"4575\">\n<p data-start=\"4518\" data-end=\"4575\">Dupla Alma &amp; Eper Ban\u00e1n &amp; M\u00e1lna G\u00f6r\u00f6gdinnye<\/p>\n<\/li>\n<li data-start=\"4576\" data-end=\"4624\">\n<p data-start=\"4579\" data-end=\"4624\">G\u00f6r\u00f6gdinnye J\u00e9g &amp; Red Bull &amp; Eper Kiwi<\/p>\n<\/li>\n<li data-start=\"4625\" data-end=\"4680\">\n<p data-start=\"4628\" data-end=\"4680\">\u00c1fonya J\u00e9g &amp; Eper G\u00f6r\u00f6gdinnye &amp; Citrom Lime<\/p>\n<\/li>\n<li data-start=\"4681\" data-end=\"4730\">\n<p data-start=\"4685\" data-end=\"4730\">Peach Berry &amp; Triple Melon &amp; G\u00f6r\u00f6gdinnye J\u00e9g<\/p>\n<\/li>\n<\/ol>\n<div class=\"flex-shrink-0 flex flex-col relative items-end\">\n<div class=\"pt-0\">\n<div class=\"gizmo-bot-avatar flex h-8 w-8 items-center justify-center overflow-hidden rounded-full\">\n<div class=\"relative p-1 rounded-sm flex items-center justify-center bg-token-main-surface-primary text-token-text-primary h-8 w-8\">\n<h2 data-start=\"1200\" data-end=\"1487\">Vapes Tornado \u2013 Az \u00d6n Nagykereskedelmi Online P\u00e1rologtat\u00f3 Boltja a N\u00e9pszer\u0171 Vape-ekhez<\/h2>\n<p data-start=\"72\" data-end=\"396\"><strong data-start=\"72\" data-end=\"89\">Vapes Tornado<\/strong> egy Eur\u00f3p\u00e1ra f\u00f3kusz\u00e1l\u00f3 nagykereskedelmi online p\u00e1rologtat\u00f3 bolt, amely gondosan v\u00e1logatott k\u00edn\u00e1latot biztos\u00edt <strong data-start=\"178\" data-end=\"195\">n\u00e9pszer\u0171 vape-ekb\u0151l<\/strong> professzion\u00e1lis v\u00e1s\u00e1rl\u00f3k sz\u00e1m\u00e1ra. Olyan kiskeresked\u0151kkel, forgalmaz\u00f3kkal \u00e9s online \u00e1ruh\u00e1zakkal dolgozunk az EU-ban, akik stabil ell\u00e1t\u00e1st, vil\u00e1gos term\u00e9kinform\u00e1ci\u00f3kat \u00e9s olyan m\u00e1rk\u00e1kat keresnek, amelyeket a v\u00e1s\u00e1rl\u00f3k m\u00e1r ismernek \u00e9s megb\u00edznak benn\u00fck.<\/p>\n<p data-start=\"398\" data-end=\"687\">Biztos partnerekkel dolgozunk, mint p\u00e9ld\u00e1ul <strong data-start=\"307\" data-end=\"362\"><a href=\"https:\/\/vapestornado.com\/hu\/product\/randm-12000-puffs-fumot-digital-disposable-vape-wholesale-price\/\">Fumot VAPE<\/a>, <a href=\"https:\/\/vapestornado.com\/hu\/product\/original-wga-ultra-35k-35000-puff-rechargeable-crystal-disposable-nicotine-vape-best-discount-price\/\">WGA VAPE<\/a>, <\/strong><strong data-start=\"307\" data-end=\"362\"><a href=\"https:\/\/vapestornado.com\/hu\/product\/vozol-gear-shisha-25k-25000-puffs-best-dtl-disposable-vape-hookah-cheap-price\/\">VOZOL BAR VAPE<\/a>,<\/strong><strong data-start=\"247\" data-end=\"352\">\u00a0Elf Bar Vape, WASPE Vape, <a href=\"https:\/\/vapestornado.com\/hu\/product\/uzy-150k-puffs-6-in-1-flavor-switch-disposable-vape-pen-wholesale\/\">UZY Vape<\/a>, Bang Vape, Razz Bar Vape, \u00e9s Stag Bar Vape<\/strong>, melyeket a folyamatos min\u0151s\u00e9g \u00e9s a nagy kereslet miatt v\u00e1lasztottak az eur\u00f3pai piacon.<\/p>\n<h4 data-start=\"1080\" data-end=\"1120\">Eur\u00f3pai nagykereskedelmi v\u00e1s\u00e1rl\u00f3k sz\u00e1m\u00e1ra k\u00e9sz\u00fclt<\/h4>\n<p data-start=\"1121\" data-end=\"1189\">A Vapes Tornado az EU nagykeresked\u0151k val\u00f3di ig\u00e9nyei k\u00f6r\u00e9 \u00e9p\u00fclt:<\/p>\n<ul data-start=\"1190\" data-end=\"1400\">\n<li data-start=\"1190\" data-end=\"1239\">\n<p data-start=\"1192\" data-end=\"1239\">Versenyk\u00e9pes nagykereskedelmi \u00e1rak t\u00e9teles megrendel\u00e9sekhez<\/p>\n<\/li>\n<li data-start=\"1240\" data-end=\"1289\">\n<p data-start=\"1242\" data-end=\"1289\">\u00c1tl\u00e1that\u00f3 term\u00e9kle\u00edr\u00e1sok \u00e9s specifik\u00e1ci\u00f3k<\/p>\n<\/li>\n<li data-start=\"1290\" data-end=\"1330\">\n<p data-start=\"1292\" data-end=\"1330\">Gyors, megb\u00edzhat\u00f3 EU-orient\u00e1lt logisztika<\/p>\n<\/li>\n<li data-start=\"1331\" data-end=\"1400\">\n<p data-start=\"1333\" data-end=\"1400\">Egy katal\u00f3gus, amely a <strong data-start=\"1356\" data-end=\"1373\">n\u00e9pszer\u0171 vape-ekb\u0151l<\/strong>, nem t\u00falzs\u00fafolt SKUs-ra f\u00f3kusz\u00e1l<\/p>\n<\/li>\n<\/ul>\n<p data-start=\"1200\" data-end=\"1487\">\n<h2 data-start=\"2064\" data-end=\"2115\">GYIK az FIHP 90K Puffs egyszer haszn\u00e1latos vape-r\u0151l<\/h2>\n<p data-start=\"5001\" data-end=\"5156\"><strong data-start=\"5001\" data-end=\"5050\">1) Garant\u00e1ltan 90 000 sz\u00edv\u00e1s minden felhaszn\u00e1l\u00f3nak?<\/strong><br data-start=\"5050\" data-end=\"5053\" \/>Nem. A sz\u00edv\u00e1sok sz\u00e1ma a h\u00faz\u00e1s hossz\u00e1t\u00f3l, gyakoris\u00e1g\u00e1t\u00f3l \u00e9s haszn\u00e1lati st\u00edlust\u00f3l f\u00fcgg; a 90K a maxim\u00e1lis tervez\u00e9si c\u00e9l.<\/p>\n<p data-start=\"5158\" data-end=\"5316\"><strong data-start=\"5158\" data-end=\"5211\">2) Hogyan m\u0171k\u00f6dik a 3 az 1-ben h\u00e1rom \u00edz\u0171 rendszer?<\/strong><br data-start=\"5211\" data-end=\"5214\" \/>Egy k\u00e9sz\u00fcl\u00e9k h\u00e1rom \u00edzt tartalmaz, lehet\u0151v\u00e9 t\u00e9ve a v\u00e1lt\u00e1st, amikor m\u00e1s \u00edzt szeretne haszn\u00e1lat k\u00f6zben.<\/p>\n<p data-start=\"5318\" data-end=\"5457\"><strong data-start=\"5318\" data-end=\"5357\">3) Mit mutat a okos kijelz\u0151?<\/strong><br data-start=\"5357\" data-end=\"5360\" \/>Az akkumul\u00e1tor szintj\u00e9t \u00e9s az e-liquid szintj\u00e9t mutatja, \u00edgy a felhaszn\u00e1l\u00f3k pillanatok alatt ellen\u0151rizhetik az \u00e1llapotot.<\/p>\n<p data-start=\"5459\" data-end=\"5633\"><strong data-start=\"5459\" data-end=\"5498\">4) Mi\u00e9rt v\u00e1lassza a 0,9\u03a9 k\u00e9t mesh tekercset?<\/strong><br data-start=\"5498\" data-end=\"5501\" \/>A k\u00e9t mesh tekercs nagyobb f\u0171t\u0151fel\u00fcletet biztos\u00edt, ami seg\u00edt fenntartani a k\u00f6vetkezetesebb g\u0151zkibocs\u00e1t\u00e1st \u00e9s \u00edzt hosszabb haszn\u00e1lat sor\u00e1n.<\/p>\n<p data-start=\"5635\" data-end=\"5802\" data-is-last-node=\"\" data-is-only-node=\"\"><strong data-start=\"5635\" data-end=\"5670\">5) Mennyi ideig tart a t\u00f6lt\u00e9s?<\/strong><br data-start=\"5670\" data-end=\"5673\" \/>Type-C t\u00f6lt\u00e9s k\u00f6r\u00fclbel\u00fcl 30 percet vesz ig\u00e9nybe, b\u00e1r a val\u00f3di t\u00f6lt\u00e9si id\u0151 v\u00e1ltozhat a t\u00e1pegys\u00e9gt\u0151l \u00e9s a k\u00f6r\u00fclm\u00e9nyekt\u0151l f\u00fcgg\u0151en.<\/p>\n<\/div>\n<\/div>\n<\/div>\n<\/div>","protected":false},"excerpt":{"rendered":"<p data-start=\"5635\" data-end=\"5802\" data-is-last-node=\"\" data-is-only-node=\"\">A <strong data-start=\"37\" data-end=\"55\">FIHP 90K Puffs<\/strong> azok sz\u00e1m\u00e1ra k\u00e9sz\u00fclt, akik t\u00f6bbet v\u00e1rnak egy egyszer haszn\u00e1latost\u00f3l. Ak\u00e1r <strong data-start=\"121\" data-end=\"137\">90 000 sz\u00edv\u00e1s<\/strong>, egy <strong data-start=\"141\" data-end=\"172\">3 az 1-ben tripla \u00edzrendszerrel<\/strong>, \u00e9s egy <strong data-start=\"180\" data-end=\"196\">okos kijelz\u0151t<\/strong> ami a akkumul\u00e1tort \u00e9s az e-levet egy\u00e9rtelm\u0171en mutatja, hossz\u00fa t\u00e1v\u00fa teljes\u00edtm\u00e9nyt ny\u00fajt a szok\u00e1sos tal\u00e1lgat\u00e1s n\u00e9lk\u00fcl. Egy <strong data-start=\"323\" data-end=\"346\">0,9\u03a9 dual mesh tekercs<\/strong> \u00e9s gyors <strong data-start=\"356\" data-end=\"375\">\u00e9s a Type-C t\u00f6lt\u00e9s<\/strong>seg\u00edts\u00e9g\u00e9vel ez a krist\u00e1lyszer\u0171 egyszer haszn\u00e1lhat\u00f3 sima \u00edzt, szil\u00e1rd g\u0151zt \u00e9s mindennapi megb\u00edzhat\u00f3s\u00e1got k\u00edn\u00e1l\u2014ez\u00e9rt kiemelked\u0151 v\u00e1laszt\u00e1s szem\u00e9lyes haszn\u00e1latra \u00e9s vape bolt nagykereskedelemre.<\/p>\n<p><strong>Add hozz\u00e1 Amy whatsappj\u00e1t, hogy azonnali v\u00e1laszt \u00e9s kedvezm\u00e9nyes \u00e1rat kapj!<\/strong><\/p>\n<p><img fetchpriority=\"high\" decoding=\"async\" class=\"size-full wp-image-2932\" src=\"https:\/\/vapestornado.com\/wp-content\/uploads\/2024\/12\/Vape-Wholesale.jpg\" alt=\"Vape nagykereskedelem\" width=\"229\" height=\"300\" \/><\/p>\n<h3><a href=\"https:\/\/wa.me\/8617776015835\"><span style=\"color: #ff0000;\"><strong>WhatsApp: +86 17776015835<\/strong><\/span><\/a><\/h3>","protected":false},"featured_media":4715,"comment_status":"open","ping_status":"closed","template":"","meta":{"_acf_changed":false,"_uag_custom_page_level_css":"","_lmt_disableupdate":"no","_lmt_disable":"","_monsterinsights_skip_tracking":false,"_monsterinsights_sitenote_active":false,"_monsterinsights_sitenote_note":"","_monsterinsights_sitenote_category":0,"site-sidebar-layout":"default","site-content-layout":"","ast-site-content-layout":"default","site-content-style":"default","site-sidebar-style":"default","ast-global-header-display":"","ast-banner-title-visibility":"","ast-main-header-display":"","ast-hfb-above-header-display":"","ast-hfb-below-header-display":"","ast-hfb-mobile-header-display":"","site-post-title":"","ast-breadcrumbs-content":"","ast-featured-img":"","footer-sml-layout":"","ast-disable-related-posts":"","theme-transparent-header-meta":"default","adv-header-id-meta":"","stick-header-meta":"","header-above-stick-meta":"","header-main-stick-meta":"","header-below-stick-meta":"","astra-migrate-meta-layouts":"set","ast-page-background-enabled":"default","ast-page-background-meta":{"desktop":{"background-color":"","background-image":"","background-repeat":"repeat","background-position":"center center","background-size":"auto","background-attachment":"scroll","background-type":"","background-media":"","overlay-type":"","overlay-color":"","overlay-opacity":"","overlay-gradient":""},"tablet":{"background-color":"","background-image":"","background-repeat":"repeat","background-position":"center center","background-size":"auto","background-attachment":"scroll","background-type":"","background-media":"","overlay-type":"","overlay-color":"","overlay-opacity":"","overlay-gradient":""},"mobile":{"background-color":"","background-image":"","background-repeat":"repeat","background-position":"center center","background-size":"auto","background-attachment":"scroll","background-type":"","background-media":"","overlay-type":"","overlay-color":"","overlay-opacity":"","overlay-gradient":""}},"ast-content-background-meta":{"desktop":{"background-color":"var(--ast-global-color-5)","background-image":"","background-repeat":"repeat","background-position":"center center","background-size":"auto","background-attachment":"scroll","background-type":"","background-media":"","overlay-type":"","overlay-color":"","overlay-opacity":"","overlay-gradient":""},"tablet":{"background-color":"var(--ast-global-color-5)","background-image":"","background-repeat":"repeat","background-position":"center center","background-size":"auto","background-attachment":"scroll","background-type":"","background-media":"","overlay-type":"","overlay-color":"","overlay-opacity":"","overlay-gradient":""},"mobile":{"background-color":"var(--ast-global-color-5)","background-image":"","background-repeat":"repeat","background-position":"center center","background-size":"auto","background-attachment":"scroll","background-type":"","background-media":"","overlay-type":"","overlay-color":"","overlay-opacity":"","overlay-gradient":""}},"_joinchat":[]},"product_brand":[],"product_cat":[154,156,158,142,146,60],"product_tag":[387,120,287,505,504,503,393],"class_list":{"0":"post-4716","1":"product","2":"type-product","3":"status-publish","4":"has-post-thumbnail","6":"product_cat-buy-disposable-vapes-in-netherlands","7":"product_cat-buy-disposable-vapes-in-poland","8":"product_cat-buy-disposable-vapes-in-spain","9":"product_cat-digital-box-disposable-vapes","10":"product_cat-rechargeable-disposable-vapes","11":"product_cat-waspe-fihp-vape","12":"product_tag-cigarette-vapor","13":"product_tag-crystal-vape","14":"product_tag-disposable-vape-pen","15":"product_tag-fihp-90000-puff","16":"product_tag-fihp-90k-puffs","17":"product_tag-multi-flavor-disposable-vape","18":"product_tag-vape-cartridge","19":"desktop-align-left","20":"tablet-align-left","21":"mobile-align-left","23":"first","24":"instock","25":"sale","26":"shipping-taxable","27":"purchasable","28":"product-type-simple"},"acf":[],"uagb_featured_image_src":{"full":["https:\/\/vapestornado.com\/wp-content\/uploads\/2025\/12\/FIHP-90000-Puff-90k-Disposable-Vape-Pod.webp",800,800,false],"thumbnail":["https:\/\/vapestornado.com\/wp-content\/uploads\/2025\/12\/FIHP-90000-Puff-90k-Disposable-Vape-Pod-150x150.webp",150,150,true],"medium":["https:\/\/vapestornado.com\/wp-content\/uploads\/2025\/12\/FIHP-90000-Puff-90k-Disposable-Vape-Pod-300x300.webp",300,300,true],"medium_large":["https:\/\/vapestornado.com\/wp-content\/uploads\/2025\/12\/FIHP-90000-Puff-90k-Disposable-Vape-Pod-768x768.webp",768,768,true],"large":["https:\/\/vapestornado.com\/wp-content\/uploads\/2025\/12\/FIHP-90000-Puff-90k-Disposable-Vape-Pod.webp",800,800,false],"1536x1536":["https:\/\/vapestornado.com\/wp-content\/uploads\/2025\/12\/FIHP-90000-Puff-90k-Disposable-Vape-Pod.webp",800,800,false],"2048x2048":["https:\/\/vapestornado.com\/wp-content\/uploads\/2025\/12\/FIHP-90000-Puff-90k-Disposable-Vape-Pod.webp",800,800,false],"trp-custom-language-flag":["https:\/\/vapestornado.com\/wp-content\/uploads\/2025\/12\/FIHP-90000-Puff-90k-Disposable-Vape-Pod-12x12.webp",12,12,true],"woocommerce_thumbnail":["https:\/\/vapestornado.com\/wp-content\/uploads\/2025\/12\/FIHP-90000-Puff-90k-Disposable-Vape-Pod-300x300.webp",300,300,true],"woocommerce_single":["https:\/\/vapestornado.com\/wp-content\/uploads\/2025\/12\/FIHP-90000-Puff-90k-Disposable-Vape-Pod-600x600.webp",600,600,true],"woocommerce_gallery_thumbnail":["https:\/\/vapestornado.com\/wp-content\/uploads\/2025\/12\/FIHP-90000-Puff-90k-Disposable-Vape-Pod-100x100.webp",100,100,true]},"uagb_author_info":{"display_name":"ESAMY","author_link":"https:\/\/vapestornado.com\/hu\/author\/"},"uagb_comment_info":0,"uagb_excerpt":"The FIHP 90K Puffs is built for those who expect more from a disposable. With up to 90,000 puffs, a 3-in-1 triple flavor system, and a smart screen that keeps battery and e-liquid in clear view, it delivers long-lasting performance without the usual guesswork. Powered by a 0.9\u03a9 dual mesh coil and fast Type-C charging,&hellip;","_links":{"self":[{"href":"https:\/\/vapestornado.com\/hu\/wp-json\/wp\/v2\/product\/4716","targetHints":{"allow":["GET"]}}],"collection":[{"href":"https:\/\/vapestornado.com\/hu\/wp-json\/wp\/v2\/product"}],"about":[{"href":"https:\/\/vapestornado.com\/hu\/wp-json\/wp\/v2\/types\/product"}],"replies":[{"embeddable":true,"href":"https:\/\/vapestornado.com\/hu\/wp-json\/wp\/v2\/comments?post=4716"}],"wp:featuredmedia":[{"embeddable":true,"href":"https:\/\/vapestornado.com\/hu\/wp-json\/wp\/v2\/media\/4715"}],"wp:attachment":[{"href":"https:\/\/vapestornado.com\/hu\/wp-json\/wp\/v2\/media?parent=4716"}],"wp:term":[{"taxonomy":"product_brand","embeddable":true,"href":"https:\/\/vapestornado.com\/hu\/wp-json\/wp\/v2\/product_brand?post=4716"},{"taxonomy":"product_cat","embeddable":true,"href":"https:\/\/vapestornado.com\/hu\/wp-json\/wp\/v2\/product_cat?post=4716"},{"taxonomy":"product_tag","embeddable":true,"href":"https:\/\/vapestornado.com\/hu\/wp-json\/wp\/v2\/product_tag?post=4716"}],"curies":[{"name":"wp","href":"https:\/\/api.w.org\/{rel}","templated":true}]}}