{"id":4703,"date":"2025-12-19T06:50:39","date_gmt":"2025-12-19T06:50:39","guid":{"rendered":"https:\/\/vapestornado.com\/?post_type=product&#038;p=4703"},"modified":"2025-12-19T07:56:00","modified_gmt":"2025-12-19T07:56:00","slug":"bang-box-200k-200000-puff-disposable-vape-pen-wholesale-price-8-flavor-adjustable","status":"publish","type":"product","link":"https:\/\/vapestornado.com\/hu\/product\/bang-box-200k-200000-puff-disposable-vape-pen-wholesale-price-8-flavor-adjustable\/","title":{"rendered":"Bang Box 200k 200000 Puffs Egyszer haszn\u00e1latos Vape Toll Nagykereskedelmi \u00c1r 8 \u00cdz \u00c1ll\u00edthat\u00f3"},"content":{"rendered":"<h2 data-pm-slice=\"1 1 []\">Bang Box 200k 200000 Puffs Egyszer haszn\u00e1latos Vape Toll Nagykereskedelmi \u00c1r 8 \u00cdz \u00c1ll\u00edthat\u00f3<\/h2>\n<p data-start=\"88\" data-end=\"695\">A <strong data-start=\"92\" data-end=\"109\">Bang Box 200k<\/strong> (m\u00e1s n\u00e9ven <strong data-start=\"128\" data-end=\"152\">Bang Box 200000 slukk<\/strong>) egy nagy kapacit\u00e1s\u00fa <strong data-start=\"173\" data-end=\"196\">eldobhat\u00f3 vape toll<\/strong> feln\u0151ttek sz\u00e1m\u00e1ra k\u00e9sz\u00fclt, akik egy olyan eszk\u00f6zt szeretn\u00e9nek, amely hosszabb ideig m\u0171k\u00f6dik a folyamatos csereciklus n\u00e9lk\u00fcl. Egy nagyon nagy slukk c\u00e9lt kombin\u00e1l egy <strong data-start=\"358\" data-end=\"374\">40 ml-es e-liquid<\/strong> tart\u00e1llyal, egy <strong data-start=\"388\" data-end=\"401\">h\u00e1l\u00f3s tekercs<\/strong> maggal a stabil kibocs\u00e1t\u00e1s\u00e9rt \u00e9s egy <strong data-start=\"433\" data-end=\"443\">850mAh<\/strong> akkumul\u00e1torral, amelyet arra terveztek, hogy az eszk\u00f6z hossz\u00fa haszn\u00e1lat sor\u00e1n is haszn\u00e1lhat\u00f3 maradjon. A f\u0151 megk\u00fcl\u00f6nb\u00f6ztet\u0151 t\u00e9nyez\u0151 azonban az \u00edzrendszer: ahelyett, hogy t\u00f6bb eszk\u00f6zt v\u00e1s\u00e1roln\u00e1nak az \u00edzek v\u00e1ltogat\u00e1s\u00e1hoz, ezt a modellt <strong data-start=\"642\" data-end=\"665\">8 \u00e1ll\u00edthat\u00f3 \u00edz<\/strong> lehet\u0151s\u00e9g k\u00f6r\u00e9 \u00e9rt\u00e9kes\u00edtik egyetlen egys\u00e9gen bel\u00fcl.<\/p>\n<p data-start=\"697\" data-end=\"1165\">A bizalom ebben a kateg\u00f3ri\u00e1ban att\u00f3l f\u00fcgg, hogy a hardver megfelel-e az \u00edg\u00e9retnek. Egy \u201e200k\u201d \u00e1ll\u00edt\u00e1s elegend\u0151 folyad\u00e9k vagy hossz\u00fa haszn\u00e1latra tervezett tekercs n\u00e9lk\u00fcl gyorsan marketingnek t\u0171nik. Itt a <strong data-start=\"884\" data-end=\"892\">40 ml-es<\/strong> kapacit\u00e1s az igazi alap, \u00e9s a <strong data-start=\"934\" data-end=\"947\">h\u00e1l\u00f3s tekercs<\/strong> a praktikus v\u00e1laszt\u00e1s az egyenletes meleg\u00edt\u00e9shez \u00e9s a k\u00f6vetkezetes \u00edz\u00e1tad\u00e1s\u00e9rt. Az akkumul\u00e1tor m\u00e9rete is sz\u00e1m\u00edt: <strong data-start=\"1056\" data-end=\"1066\">850mAh<\/strong> a hosszabb haszn\u00e1lat t\u00e1mogat\u00e1s\u00e1ra k\u00e9sz\u00fclt, \u00edgy az \u00e9lm\u00e9ny nem cs\u00f6kken kor\u00e1n puszt\u00e1n az akkumul\u00e1tor miatt.<\/p>\n<p data-start=\"1167\" data-end=\"1741\">Az \u00edzkoncepci\u00f3 is ink\u00e1bb funkcion\u00e1lis, mint amennyire hangzik. A <strong data-start=\"1232\" data-end=\"1255\">8 \u00e1ll\u00edthat\u00f3 \u00edz<\/strong>, a k\u00e9sz\u00fcl\u00e9k azoknak van kialak\u00edtva, akik egy nap vagy k\u00e9t ut\u00e1n megunj\u00e1k az egy profilt. Ahelyett, hogy egy eg\u00e9sz k\u00e9sz\u00fcl\u00e9ket egy \u00edzzel fogyasztan\u00e1nak el, a felhaszn\u00e1l\u00f3k a nap k\u00fcl\u00f6nb\u00f6z\u0151 id\u0151szakaiban v\u00e1ltogathatnak a profilok k\u00f6z\u00f6tt\u2014valami tiszt\u00e1bb, mint a menta, amikor ropog\u00f3sra akarod, vagy egy gy\u00fcm\u00f6lcs\/cukorka kever\u00e9k, amikor t\u00f6bb \u00e9dess\u00e9get szeretn\u00e9l. Nagykeresked\u0151k sz\u00e1m\u00e1ra ez k\u00f6nnyebben \u00e9rt\u00e9kes\u00edthet\u0151, mert cs\u00f6kkenti a \u201erossz \u00edz\u201d kock\u00e1zat\u00e1t: az \u00fcgyfelek v\u00e1ltozatoss\u00e1got kapnak egy k\u00e9sz\u00fcl\u00e9kben, ami n\u00f6velheti az el\u00e9gedetts\u00e9get \u00e9s az ism\u00e9telt rendel\u00e9seket.<\/p>\n<p data-start=\"1743\" data-end=\"2146\">Nagykereskedelmi szempontb\u00f3l a <strong data-start=\"1777\" data-end=\"1796\">nagykereskedelmi \u00e1ron<\/strong> vonzer\u0151 nemcsak az egys\u00e9gk\u00f6lts\u00e9gben rejlik. Arr\u00f3l sz\u00f3l, hogy mit tudsz magabiztosan \u00edg\u00e9rni a p\u00e9nzt\u00e1rn\u00e1l: hossz\u00fa m\u0171k\u00f6d\u00e9si id\u0151, er\u0151s \u00edzv\u00e1laszt\u00e9k, \u00e9s egy olyan tekercsrendszer, amely stabil teljes\u00edtm\u00e9nyt ny\u00fajt. Ez\u00e9rt a Bang Box 200k er\u0151s v\u00e1laszt\u00e1s azoknak a kiskeresked\u0151knek, akik egy pr\u00e9mium \u00e9rzet\u0171, de m\u00e9gis \u00e9rt\u00e9kalap\u00fa v\u00e1s\u00e1rl\u00e1st k\u00edn\u00e1l\u00f3 f\u0151 term\u00e9ket keresnek.<\/p>\n<p><strong><span style=\"color: #ff0000;\">Adja hozz\u00e1 Amy-t WhatsApp-on, hogy azonnali v\u00e1laszt \u00e9s vape kupont kapjon!<\/span><\/strong><\/p>\n<p><img fetchpriority=\"high\" decoding=\"async\" class=\"size-full wp-image-2932\" src=\"https:\/\/vapestornado.com\/wp-content\/uploads\/2024\/12\/Vape-Wholesale.jpg\" alt=\"Vape nagykereskedelem\" width=\"229\" height=\"300\" \/><\/p>\n<h3><a href=\"https:\/\/wa.me\/8617776015835\" target=\"_blank\" rel=\"noopener\"><span style=\"color: #ff0000;\"><strong>WhatsApp: +86 17776015835<\/strong><\/span><\/a><\/h3>\n<h2 class=\"product-title\"><strong>Bang Box 200000 Puff \u00cdzlista<\/strong><\/h2>\n<ol data-start=\"2433\" data-end=\"3152\">\n<li data-start=\"2433\" data-end=\"2499\">\n<p data-start=\"2436\" data-end=\"2499\">\u00c1fonya J\u00e9g \/ \u00c1fonya G\u00f6r\u00f6gdinnye \/ M\u00e1lna \/ Citrom Lime<\/p>\n<\/li>\n<li data-start=\"2500\" data-end=\"2567\">\n<p data-start=\"2503\" data-end=\"2567\">G\u00f6r\u00f6gdinnye J\u00e9g \/ G\u00f6r\u00f6gdinnye R\u00e1g\u00f3gumi \/ Cseresznye J\u00e9g \/ R\u00e1g\u00f3gumi<\/p>\n<\/li>\n<li data-start=\"2568\" data-end=\"2632\">\n<p data-start=\"2571\" data-end=\"2632\">Ment\u00e1s J\u00e9g \/ \u00c1fonya M\u00e1lna J\u00e9g \/ Sz\u0151l\u0151 J\u00e9g \/ Nerd Cukorka<\/p>\n<\/li>\n<li data-start=\"2633\" data-end=\"2703\">\n<p data-start=\"2636\" data-end=\"2703\">H\u00e1rmas M\u00e9zeskal\u00e1cs \/ Szerelmes 66 \/ Passi\u00f3gy\u00fcm\u00f6lcs \/ Anan\u00e1sz K\u00f3kusz J\u00e9g<\/p>\n<\/li>\n<li data-start=\"2704\" data-end=\"2779\">\n<p data-start=\"2707\" data-end=\"2779\">K\u00e9tszeres Alma \/ Savany\u00fa Alma M\u00e1lna \/ Szeder J\u00e9g \/ Anan\u00e1sz \u0150szibarack<\/p>\n<\/li>\n<li data-start=\"2780\" data-end=\"2854\">\n<p data-start=\"2783\" data-end=\"2854\">Eper J\u00e9g \/ Eper Kivi \/ K\u00e9k M\u00e1lna J\u00e9g \/ R\u00f3zsasz\u00edn Limon\u00e1d\u00e9<\/p>\n<\/li>\n<li data-start=\"2855\" data-end=\"2925\">\n<p data-start=\"2858\" data-end=\"2925\">Cseresznye K\u00f3la \/ \u00c1fonya Cseresznye \/ \u00c1fonya \/ Eper M\u00e1lna<\/p>\n<\/li>\n<li data-start=\"2926\" data-end=\"3000\">\n<p data-start=\"2929\" data-end=\"3000\">Anan\u00e1sz J\u00e9g \/ Savany\u00fa Mang\u00f3 Anan\u00e1sz \/ \u0150szibarack J\u00e9g \/ Anan\u00e1sz Limon\u00e1d\u00e9<\/p>\n<\/li>\n<li data-start=\"3001\" data-end=\"3076\">\n<p data-start=\"3004\" data-end=\"3076\">Fekete S\u00e1rk\u00e1ny J\u00e9g \/ Eper Pitaya \/ H\u00e1rmas Bogy\u00f3 \/ Cseresznye \u00c1fonya<\/p>\n<\/li>\n<li data-start=\"3077\" data-end=\"3152\">\n<p data-start=\"3081\" data-end=\"3152\">H\u00e1rmas Mang\u00f3 \/ Mang\u00f3 Passi\u00f3gy\u00fcm\u00f6lcs \/ Anan\u00e1sz J\u00e9g \/ Eper Mang\u00f3<\/p>\n<\/li>\n<\/ol>\n<p><strong>Ezek a k\u00e9szletek lefedik az EU f\u0151bb fogyaszt\u00f3i preferenci\u00e1it: jeges menta, kevert gy\u00fcm\u00f6lcs, \u00e9des cukorka jegyek, \u00e9s n\u00e9h\u00e1ny gazdagabb profil, mint a k\u00f3la \u00e9s a s\u00e1rk\u00e1nygy\u00fcm\u00f6lcs kever\u00e9kek.<\/strong><\/p>\n<div class=\"flex-shrink-0 flex flex-col relative items-end\">\n<div class=\"pt-0\">\n<div class=\"gizmo-bot-avatar flex h-8 w-8 items-center justify-center overflow-hidden rounded-full\">\n<div class=\"relative p-1 rounded-sm flex items-center justify-center bg-token-main-surface-primary text-token-text-primary h-8 w-8\">\n<p data-start=\"4971\" data-end=\"5180\">\n<\/div>\n<h2><strong>Bang Box 200k Puff F\u0151bb Jellemz\u0151i<\/strong><\/h2>\n<div class=\"relative p-1 rounded-sm flex items-center justify-center bg-token-main-surface-primary text-token-text-primary h-8 w-8\">\n<table>\n<thead>\n<tr>\n<th>Jellemz\u0151k<\/th>\n<th>Specifik\u00e1ci\u00f3<\/th>\n<th>Magyar\u00e1zat<\/th>\n<\/tr>\n<\/thead>\n<tbody>\n<tr>\n<td>Slukkkapacit\u00e1s<\/td>\n<td>200 000 sz\u00edv\u00e1s<\/td>\n<td>Hosszabb t\u00e1von t\u00f6rt\u00e9n\u0151 haszn\u00e1latra tervezve; a val\u00f3di sz\u00edv\u00e1si sz\u00e1m v\u00e1ltozik a h\u00faz\u00e1si hossz \u00e9s a haszn\u00e1lat gyakoris\u00e1ga szerint.<\/td>\n<\/tr>\n<tr>\n<td>Akkumul\u00e1tor kapacit\u00e1sa<\/td>\n<td>850mAh<\/td>\n<td>El\u00e9g er\u0151t biztos\u00edt hosszabb haszn\u00e1lati ciklusok t\u00e1mogat\u00e1s\u00e1hoz \u00e9s stabil kimenet fenntart\u00e1s\u00e1hoz hosszabb \u00fcl\u00e9sek sor\u00e1n.<\/td>\n<\/tr>\n<tr>\n<td>E-juice kapacit\u00e1s<\/td>\n<td>40 ml-es<\/td>\n<td>Nagy e-liquid mennyis\u00e9g seg\u00edt biztos\u00edtani, hogy az eszk\u00f6z \u00edztart\u00f3ss\u00e1ga k\u00f6vetkezetes marad az \u00e9lettartama sor\u00e1n.<\/td>\n<\/tr>\n<tr>\n<td>Tekercs t\u00edpusa<\/td>\n<td>H\u00e1l\u00f3s tekercs<\/td>\n<td>H\u00e1l\u00f3s szerkezet lehet\u0151v\u00e9 teszi az egyenletesebb meleg\u00edt\u00e9st, t\u00e1mogatva a sim\u00e1bb g\u0151zk\u00e9pz\u00e9st \u00e9s az \u00edz k\u00f6vetkezetess\u00e9g\u00e9t hossz\u00fa haszn\u00e1lat sor\u00e1n.<\/td>\n<\/tr>\n<tr>\n<td>\u00cdzrendszer<\/td>\n<td>8 \u00e1ll\u00edthat\u00f3 \u00edz<\/td>\n<td>Lehet\u0151v\u00e9 teszi a felhaszn\u00e1l\u00f3knak, hogy t\u00f6bb \u00edzprofilt v\u00e1ltsanak egy eszk\u00f6z\u00f6n bel\u00fcl, cs\u00f6kkentve az \u00edzf\u00e1radts\u00e1got hossz\u00fa t\u00e1v\u00fa haszn\u00e1lat sor\u00e1n.<\/td>\n<\/tr>\n<tr>\n<td>\u00cdzv\u00e1laszt\u00e9kok<\/td>\n<td>10 \u00edzk\u00e9szlet (4 \u00edz k\u00e9szletenk\u00e9nt)<\/td>\n<td>Minden k\u00e9szlet kiegyens\u00falyozott kever\u00e9ket k\u00edn\u00e1l gy\u00fcm\u00f6lcs\u00f6s, jeges \u00e9s \u00e9des profilokb\u00f3l, hogy megfeleljen a gyakori eur\u00f3pai \u00edzpreferenci\u00e1knak.<\/td>\n<\/tr>\n<tr>\n<td>Eszk\u00f6zt\u00edpus<\/td>\n<td>Eldobhat\u00f3 Vape Pen<\/td>\n<td>El\u0151re t\u00f6lt\u00f6tt \u00e9s haszn\u00e1latra k\u00e9sz, nincs sz\u00fcks\u00e9g \u00fajrat\u00f6lt\u00e9sre vagy tekercs cser\u00e9j\u00e9re.<\/td>\n<\/tr>\n<tr>\n<td>Haszn\u00e1lati st\u00edlus<\/td>\n<td>Hossz\u00fa \u00e9lettartam\u00fa<\/td>\n<td>Olyan felhaszn\u00e1l\u00f3knak k\u00e9sz\u00fclt, akik kevesebb cser\u00e9t \u00e9s hosszabb id\u0151k\u00f6z\u00f6ket prefer\u00e1lnak az eszk\u00f6z\u00f6k k\u00f6z\u00f6tt.<\/td>\n<\/tr>\n<tr>\n<td>C\u00e9lpiac<\/td>\n<td>Feln\u0151tt felhaszn\u00e1l\u00f3k \u00e9s nagykereskedelmi ell\u00e1t\u00e1s<\/td>\n<td>Alkalmas kiskereskedelmi \u00e9rt\u00e9kes\u00edt\u00e9sre \u00e9s nagy t\u00e9telben t\u00f6rt\u00e9n\u0151 v\u00e1s\u00e1rl\u00e1sra nagykereskedelmi \u00e1rakon.<\/td>\n<\/tr>\n<\/tbody>\n<\/table>\n<figure id=\"attachment_4699\" aria-describedby=\"caption-attachment-4699\" style=\"width: 263px\" class=\"wp-caption alignnone\"><img decoding=\"async\" class=\"size-medium wp-image-4699\" src=\"https:\/\/vapestornado.com\/wp-content\/uploads\/2025\/12\/Bang-Box-200k-200000-Puffs-Disposable-Vape-Shop-Online-263x300.webp\" alt=\"Bang Box 200k 200000 Puffs eldobhat\u00f3 vape bolt online\" width=\"263\" height=\"300\" srcset=\"https:\/\/vapestornado.com\/wp-content\/uploads\/2025\/12\/Bang-Box-200k-200000-Puffs-Disposable-Vape-Shop-Online-263x300.webp 263w, https:\/\/vapestornado.com\/wp-content\/uploads\/2025\/12\/Bang-Box-200k-200000-Puffs-Disposable-Vape-Shop-Online-768x875.webp 768w, https:\/\/vapestornado.com\/wp-content\/uploads\/2025\/12\/Bang-Box-200k-200000-Puffs-Disposable-Vape-Shop-Online-11x12.webp 11w, https:\/\/vapestornado.com\/wp-content\/uploads\/2025\/12\/Bang-Box-200k-200000-Puffs-Disposable-Vape-Shop-Online-600x683.webp 600w, https:\/\/vapestornado.com\/wp-content\/uploads\/2025\/12\/Bang-Box-200k-200000-Puffs-Disposable-Vape-Shop-Online.webp 800w\" sizes=\"(max-width: 263px) 100vw, 263px\" \/><figcaption id=\"caption-attachment-4699\" class=\"wp-caption-text\">Bang Box 200k 200000 Puffs eldobhat\u00f3 vape bolt online<\/figcaption><\/figure>\n<figure id=\"attachment_4697\" aria-describedby=\"caption-attachment-4697\" style=\"width: 300px\" class=\"wp-caption alignnone\"><img decoding=\"async\" class=\"size-medium wp-image-4697\" src=\"https:\/\/vapestornado.com\/wp-content\/uploads\/2025\/12\/Bang-Box-200k-200000-Puffs-Disposable-Vape-Long-Lasting-300x218.webp\" alt=\"Bang Box 200k 200000 Puffs eldobhat\u00f3 vape hossz\u00fa \u00e9lettartam\u00fa\" width=\"300\" height=\"218\" srcset=\"https:\/\/vapestornado.com\/wp-content\/uploads\/2025\/12\/Bang-Box-200k-200000-Puffs-Disposable-Vape-Long-Lasting-300x218.webp 300w, https:\/\/vapestornado.com\/wp-content\/uploads\/2025\/12\/Bang-Box-200k-200000-Puffs-Disposable-Vape-Long-Lasting-1024x744.webp 1024w, https:\/\/vapestornado.com\/wp-content\/uploads\/2025\/12\/Bang-Box-200k-200000-Puffs-Disposable-Vape-Long-Lasting-768x558.webp 768w, https:\/\/vapestornado.com\/wp-content\/uploads\/2025\/12\/Bang-Box-200k-200000-Puffs-Disposable-Vape-Long-Lasting-1536x1117.webp 1536w, https:\/\/vapestornado.com\/wp-content\/uploads\/2025\/12\/Bang-Box-200k-200000-Puffs-Disposable-Vape-Long-Lasting-2048x1489.webp 2048w, https:\/\/vapestornado.com\/wp-content\/uploads\/2025\/12\/Bang-Box-200k-200000-Puffs-Disposable-Vape-Long-Lasting-18x12.webp 18w, https:\/\/vapestornado.com\/wp-content\/uploads\/2025\/12\/Bang-Box-200k-200000-Puffs-Disposable-Vape-Long-Lasting-600x436.webp 600w\" sizes=\"(max-width: 300px) 100vw, 300px\" \/><figcaption id=\"caption-attachment-4697\" class=\"wp-caption-text\">Bang Box 200k 200000 Puffs eldobhat\u00f3 vape hossz\u00fa \u00e9lettartam\u00fa<\/figcaption><\/figure>\n<h2 data-start=\"1200\" data-end=\"1487\">Vapes Torn\u00e1d\u00f3 \u2013 Az \u00d6n Nagykereskedelmi Online Vape \u00c1ruh\u00e1za a Legjobb Vape M\u00e1rk\u00e1khoz<\/h2>\n<p data-start=\"1200\" data-end=\"1487\"><strong data-start=\"141\" data-end=\"177\">Vapes Tornado Online Doh\u00e1nybolt<\/strong> az \u00d6n megb\u00edzhat\u00f3 forr\u00e1sa <strong data-start=\"205\" data-end=\"270\">pr\u00e9mium egyszer haszn\u00e1latos vapek \u00e9s nagykereskedelmi e-cigarett\u00e1k sz\u00e1m\u00e1ra Eur\u00f3p\u00e1ban<\/strong>. K\u00edn\u00e1latunkban megtal\u00e1lhat\u00f3k a legkelend\u0151bb m\u00e1rk\u00e1k, mint p\u00e9ld\u00e1ul <strong data-start=\"307\" data-end=\"362\"><a href=\"https:\/\/vapestornado.com\/hu\/product\/randm-12000-puffs-fumot-digital-disposable-vape-wholesale-price\/\">Fumot VAPE<\/a>, <a href=\"https:\/\/vapestornado.com\/hu\/product\/original-wga-ultra-35k-35000-puff-rechargeable-crystal-disposable-nicotine-vape-best-discount-price\/\">WGA VAPE<\/a>, <\/strong><strong data-start=\"307\" data-end=\"362\"><a href=\"https:\/\/vapestornado.com\/hu\/product\/vozol-gear-shisha-25k-25000-puffs-best-dtl-disposable-vape-hookah-cheap-price\/\">VOZOL BAR VAPE<\/a>, \u00a0 Bang Vape<\/strong>, \u00e9s m\u00e9g sok m\u00e1s, biztos\u00edtva a min\u0151s\u00e9get \u00e9s a v\u00e1ltozatoss\u00e1got minden v\u00e1s\u00e1rl\u00f3 sz\u00e1m\u00e1ra. Ak\u00e1r egy\u00e9ni vaperek\u00e9nt, ak\u00e1r nagykeresked\u0151k\u00e9nt v\u00e1s\u00e1rolsz, mi sz\u00e1ll\u00edtunk <strong data-start=\"481\" data-end=\"550\">magas teljes\u00edtm\u00e9ny\u0171 eszk\u00f6z\u00f6ket, st\u00edlusos kialak\u00edt\u00e1sokat \u00e9s versenyk\u00e9pes \u00e1rakat<\/strong> az ig\u00e9nyeid kiel\u00e9g\u00edt\u00e9s\u00e9re.<\/p>\n<h2 data-start=\"2064\" data-end=\"2115\">GYIK a WASPE 150K 150000 Szippant\u00f3s Egyszer haszn\u00e1latos Vape-r\u0151l<\/h2>\n<p data-start=\"4211\" data-end=\"4399\"><strong data-start=\"4211\" data-end=\"4264\">1) Garant\u00e1lt sz\u00e1m a \u201cBang Box 200000 sz\u00edv\u00e1s\u201d?<\/strong><br data-start=\"4264\" data-end=\"4267\" \/>Nem. A sz\u00edv\u00e1si sz\u00e1m a h\u00faz\u00e1si hossz, a vape gyakoris\u00e1ga \u00e9s a haszn\u00e1lati st\u00edlus szerint v\u00e1ltozik. Ez egy maxim\u00e1lis \u00e1ll\u00edt\u00e1s, nem minden felhaszn\u00e1l\u00f3ra vonatkoz\u00f3 fix eredm\u00e9ny.<\/p>\n<p data-start=\"4401\" data-end=\"4622\"><strong data-start=\"4401\" data-end=\"4457\">2) Mit jelent a \u201e8 \u00e1ll\u00edthat\u00f3 \u00edz\u201d a gyakorlatban?<\/strong><br data-start=\"4457\" data-end=\"4460\" \/>Ez azt jelenti, hogy az eszk\u00f6z \u00fagy van kialak\u00edtva, hogy a felhaszn\u00e1l\u00f3k t\u00f6bb \u00edzprofil k\u00f6z\u00f6tt v\u00e1lthassanak egy egys\u00e9gen bel\u00fcl (\u00edzk\u00e9szletek form\u00e1j\u00e1ban), cs\u00f6kkentve az \u00edzf\u00e1radts\u00e1got hossz\u00fa haszn\u00e1lat sor\u00e1n.<\/p>\n<p data-start=\"4624\" data-end=\"4844\"><strong data-start=\"4624\" data-end=\"4688\">3) Mi\u00e9rt sz\u00e1m\u00edt h\u00e1l\u00f3s tekercs egy hossz\u00fa \u00e9lettartam\u00fa eldobhat\u00f3 eszk\u00f6z\u00f6n?<\/strong><br data-start=\"4688\" data-end=\"4691\" \/>A h\u00e1l\u00f3s tekercsek egyenletesebb hev\u00edt\u00e9st biztos\u00edtanak, ami seg\u00edt meg\u0151rizni az \u00edzt \u00e9s a g\u0151zkibocs\u00e1t\u00e1st hosszabb haszn\u00e1lat sor\u00e1n, \u00f6sszehasonl\u00edtva az egyszer\u0171bb tekercs szerkezetekkel.<\/p>\n<p data-start=\"4846\" data-end=\"4969\"><strong data-start=\"4846\" data-end=\"4883\">4) Mennyit tartalmaz az e-juice?<\/strong><br data-start=\"4883\" data-end=\"4886\" \/>Az meg van hat\u00e1rozva, mint <strong data-start=\"4904\" data-end=\"4912\">40 ml-es<\/strong>, ami a hossz\u00fa m\u0171k\u00f6d\u00e9si id\u0151t t\u00e1mogatja.<\/p>\n<p data-start=\"4971\" data-end=\"5180\"><strong data-start=\"4971\" data-end=\"5030\">5) Ez f\u0151k\u00e9nt kiskereskedelmi felhaszn\u00e1l\u00f3knak vagy nagykereskedelmi v\u00e1s\u00e1rl\u00f3knak sz\u00f3l?<\/strong><br data-start=\"5030\" data-end=\"5033\" \/>Mindkett\u0151. A v\u00e9gfelhaszn\u00e1l\u00f3k hossz\u00fa \u00e9lettartamot \u00e9s v\u00e1ltozatoss\u00e1got kapnak; a nagykereskedelmi v\u00e1s\u00e1rl\u00f3k egy vil\u00e1gos, k\u00f6nnyen \u00e9rt\u00e9kes\u00edthet\u0151 term\u00e9ket kapnak versenyk\u00e9pes \u00e1ron <strong data-start=\"5160\" data-end=\"5179\">nagykereskedelmi \u00e1ron<\/strong>.<\/p>\n<\/div>\n<\/div>\n<\/div>\n<\/div>","protected":false},"excerpt":{"rendered":"<p data-start=\"3411\" data-end=\"3490\">A <strong data-start=\"35\" data-end=\"52\">Bang Box 200k<\/strong> egy hossz\u00fa \u00e9lettartam\u00fa eldobhat\u00f3 vape toll, amelyet hosszan tart\u00f3 haszn\u00e1latra \u00e9s \u00edzrugalmass\u00e1gra terveztek. Ak\u00e1r <strong data-start=\"160\" data-end=\"176\">200000 slukk<\/strong>lead\u00e1s\u00e1ra k\u00e9pes, rendelkezik egy <strong data-start=\"189\" data-end=\"214\">40 ml-es e-liquid kapacit\u00e1ssal<\/strong>, egy <strong data-start=\"219\" data-end=\"237\">850mAh akkumul\u00e1torral<\/strong>, \u00e9s egy <strong data-start=\"245\" data-end=\"258\">h\u00e1l\u00f3s tekercs<\/strong> a stabil g\u0151zkibocs\u00e1t\u00e1s\u00e9rt. A <strong data-start=\"290\" data-end=\"313\">8 \u00e1ll\u00edthat\u00f3 \u00edz<\/strong> lehet\u0151s\u00e9ggel egyetlen eszk\u00f6zben v\u00e1ltozatoss\u00e1got k\u00edn\u00e1l gyakori csere n\u00e9lk\u00fcl, \u00edgy praktikus v\u00e1laszt\u00e1s a feln\u0151tt felhaszn\u00e1l\u00f3k sz\u00e1m\u00e1ra \u00e9s er\u0151s lehet\u0151s\u00e9g a nagykereskedelmi \u00e1rpozicion\u00e1l\u00e1sra.<\/p>\n<p><strong>Add hozz\u00e1 Amy whatsappj\u00e1t, hogy azonnali v\u00e1laszt \u00e9s kedvezm\u00e9nyes \u00e1rat kapj!<\/strong><\/p>\n<p><img fetchpriority=\"high\" decoding=\"async\" class=\"size-full wp-image-2932\" src=\"https:\/\/vapestornado.com\/wp-content\/uploads\/2024\/12\/Vape-Wholesale.jpg\" alt=\"Vape nagykereskedelem\" width=\"229\" height=\"300\" \/><\/p>\n<h3><a href=\"https:\/\/wa.me\/8617776015835\"><span style=\"color: #ff0000;\"><strong>WhatsApp: +86 17776015835<\/strong><\/span><\/a><\/h3>","protected":false},"featured_media":4696,"comment_status":"open","ping_status":"closed","template":"","meta":{"_acf_changed":false,"_uag_custom_page_level_css":"","_lmt_disableupdate":"no","_lmt_disable":"","_monsterinsights_skip_tracking":false,"_monsterinsights_sitenote_active":false,"_monsterinsights_sitenote_note":"","_monsterinsights_sitenote_category":0,"site-sidebar-layout":"default","site-content-layout":"","ast-site-content-layout":"default","site-content-style":"default","site-sidebar-style":"default","ast-global-header-display":"","ast-banner-title-visibility":"","ast-main-header-display":"","ast-hfb-above-header-display":"","ast-hfb-below-header-display":"","ast-hfb-mobile-header-display":"","site-post-title":"","ast-breadcrumbs-content":"","ast-featured-img":"","footer-sml-layout":"","ast-disable-related-posts":"","theme-transparent-header-meta":"default","adv-header-id-meta":"","stick-header-meta":"","header-above-stick-meta":"","header-main-stick-meta":"","header-below-stick-meta":"","astra-migrate-meta-layouts":"set","ast-page-background-enabled":"default","ast-page-background-meta":{"desktop":{"background-color":"","background-image":"","background-repeat":"repeat","background-position":"center center","background-size":"auto","background-attachment":"scroll","background-type":"","background-media":"","overlay-type":"","overlay-color":"","overlay-opacity":"","overlay-gradient":""},"tablet":{"background-color":"","background-image":"","background-repeat":"repeat","background-position":"center center","background-size":"auto","background-attachment":"scroll","background-type":"","background-media":"","overlay-type":"","overlay-color":"","overlay-opacity":"","overlay-gradient":""},"mobile":{"background-color":"","background-image":"","background-repeat":"repeat","background-position":"center center","background-size":"auto","background-attachment":"scroll","background-type":"","background-media":"","overlay-type":"","overlay-color":"","overlay-opacity":"","overlay-gradient":""}},"ast-content-background-meta":{"desktop":{"background-color":"var(--ast-global-color-5)","background-image":"","background-repeat":"repeat","background-position":"center center","background-size":"auto","background-attachment":"scroll","background-type":"","background-media":"","overlay-type":"","overlay-color":"","overlay-opacity":"","overlay-gradient":""},"tablet":{"background-color":"var(--ast-global-color-5)","background-image":"","background-repeat":"repeat","background-position":"center center","background-size":"auto","background-attachment":"scroll","background-type":"","background-media":"","overlay-type":"","overlay-color":"","overlay-opacity":"","overlay-gradient":""},"mobile":{"background-color":"var(--ast-global-color-5)","background-image":"","background-repeat":"repeat","background-position":"center center","background-size":"auto","background-attachment":"scroll","background-type":"","background-media":"","overlay-type":"","overlay-color":"","overlay-opacity":"","overlay-gradient":""}},"_joinchat":[]},"product_brand":[],"product_cat":[64,151,152,153,154,142,144,146],"product_tag":[500,499,387,287,498,390,393,386],"class_list":{"0":"post-4703","1":"product","2":"type-product","3":"status-publish","4":"has-post-thumbnail","6":"product_cat-bangbox-vape","7":"product_cat-buy-disposable-vapes-in-france","8":"product_cat-buy-disposable-vapes-in-cermany","9":"product_cat-buy-disposable-vapes-in-italy","10":"product_cat-buy-disposable-vapes-in-netherlands","11":"product_cat-digital-box-disposable-vapes","12":"product_cat-low-nicotine-disposable-vapes","13":"product_cat-rechargeable-disposable-vapes","14":"product_tag-200k-puff-vape","15":"product_tag-bang-box-200k","16":"product_tag-cigarette-vapor","17":"product_tag-disposable-vape-pen","18":"product_tag-long-lasting-vape","19":"product_tag-online-vape-shop","20":"product_tag-vape-cartridge","21":"product_tag-vape-pen","22":"desktop-align-left","23":"tablet-align-left","24":"mobile-align-left","26":"first","27":"instock","28":"sale","29":"shipping-taxable","30":"purchasable","31":"product-type-simple"},"acf":[],"uagb_featured_image_src":{"full":["https:\/\/vapestornado.com\/wp-content\/uploads\/2025\/12\/Bang-Box-200k-200000-Puffs-Disposable-Vape-Box-Wholesale-Price.webp",1000,1000,false],"thumbnail":["https:\/\/vapestornado.com\/wp-content\/uploads\/2025\/12\/Bang-Box-200k-200000-Puffs-Disposable-Vape-Box-Wholesale-Price-150x150.webp",150,150,true],"medium":["https:\/\/vapestornado.com\/wp-content\/uploads\/2025\/12\/Bang-Box-200k-200000-Puffs-Disposable-Vape-Box-Wholesale-Price-300x300.webp",300,300,true],"medium_large":["https:\/\/vapestornado.com\/wp-content\/uploads\/2025\/12\/Bang-Box-200k-200000-Puffs-Disposable-Vape-Box-Wholesale-Price-768x768.webp",768,768,true],"large":["https:\/\/vapestornado.com\/wp-content\/uploads\/2025\/12\/Bang-Box-200k-200000-Puffs-Disposable-Vape-Box-Wholesale-Price.webp",1000,1000,false],"1536x1536":["https:\/\/vapestornado.com\/wp-content\/uploads\/2025\/12\/Bang-Box-200k-200000-Puffs-Disposable-Vape-Box-Wholesale-Price.webp",1000,1000,false],"2048x2048":["https:\/\/vapestornado.com\/wp-content\/uploads\/2025\/12\/Bang-Box-200k-200000-Puffs-Disposable-Vape-Box-Wholesale-Price.webp",1000,1000,false],"trp-custom-language-flag":["https:\/\/vapestornado.com\/wp-content\/uploads\/2025\/12\/Bang-Box-200k-200000-Puffs-Disposable-Vape-Box-Wholesale-Price-12x12.webp",12,12,true],"woocommerce_thumbnail":["https:\/\/vapestornado.com\/wp-content\/uploads\/2025\/12\/Bang-Box-200k-200000-Puffs-Disposable-Vape-Box-Wholesale-Price-300x300.webp",300,300,true],"woocommerce_single":["https:\/\/vapestornado.com\/wp-content\/uploads\/2025\/12\/Bang-Box-200k-200000-Puffs-Disposable-Vape-Box-Wholesale-Price-600x600.webp",600,600,true],"woocommerce_gallery_thumbnail":["https:\/\/vapestornado.com\/wp-content\/uploads\/2025\/12\/Bang-Box-200k-200000-Puffs-Disposable-Vape-Box-Wholesale-Price-100x100.webp",100,100,true]},"uagb_author_info":{"display_name":"ESAMY","author_link":"https:\/\/vapestornado.com\/hu\/author\/"},"uagb_comment_info":0,"uagb_excerpt":"The Bang Box 200k is a long lasting disposable vape pen designed for extended use and flavour flexibility. It delivers up to 200000 puffs, features a 40ml e-juice capacity, an 850mAh battery, and a mesh coil for stable vapour output. With 8 adjustable flavor options in one device, it offers variety without frequent replacements, making&hellip;","_links":{"self":[{"href":"https:\/\/vapestornado.com\/hu\/wp-json\/wp\/v2\/product\/4703","targetHints":{"allow":["GET"]}}],"collection":[{"href":"https:\/\/vapestornado.com\/hu\/wp-json\/wp\/v2\/product"}],"about":[{"href":"https:\/\/vapestornado.com\/hu\/wp-json\/wp\/v2\/types\/product"}],"replies":[{"embeddable":true,"href":"https:\/\/vapestornado.com\/hu\/wp-json\/wp\/v2\/comments?post=4703"}],"wp:featuredmedia":[{"embeddable":true,"href":"https:\/\/vapestornado.com\/hu\/wp-json\/wp\/v2\/media\/4696"}],"wp:attachment":[{"href":"https:\/\/vapestornado.com\/hu\/wp-json\/wp\/v2\/media?parent=4703"}],"wp:term":[{"taxonomy":"product_brand","embeddable":true,"href":"https:\/\/vapestornado.com\/hu\/wp-json\/wp\/v2\/product_brand?post=4703"},{"taxonomy":"product_cat","embeddable":true,"href":"https:\/\/vapestornado.com\/hu\/wp-json\/wp\/v2\/product_cat?post=4703"},{"taxonomy":"product_tag","embeddable":true,"href":"https:\/\/vapestornado.com\/hu\/wp-json\/wp\/v2\/product_tag?post=4703"}],"curies":[{"name":"wp","href":"https:\/\/api.w.org\/{rel}","templated":true}]}}