{"id":4683,"date":"2025-12-13T07:01:25","date_gmt":"2025-12-13T07:01:25","guid":{"rendered":"https:\/\/vapestornado.com\/?post_type=product&#038;p=4683"},"modified":"2025-12-13T07:24:55","modified_gmt":"2025-12-13T07:24:55","slug":"hifancy-legend-20000-puff-disposable-vape-wholesale-e-cigarette-online","status":"publish","type":"product","link":"https:\/\/vapestornado.com\/hu\/product\/hifancy-legend-20000-puff-disposable-vape-wholesale-e-cigarette-online\/","title":{"rendered":"HIFANCY Legend 20000 Puff Egyszer haszn\u00e1latos Vape Nagybani E-cigaretta Online"},"content":{"rendered":"<h2 data-start=\"0\" data-end=\"73\">HIFANCY Legend 20000 Puff Egyszer haszn\u00e1latos Vape Nagybani E-cigaretta Online<\/h2>\n<p data-start=\"75\" data-end=\"474\">A <strong data-start=\"79\" data-end=\"108\">HIFANCY Legend 20000 Puff<\/strong> feln\u0151ttek sz\u00e1m\u00e1ra k\u00e9sz\u00fclt, akik nagy kapacit\u00e1s\u00fa egyszer haszn\u00e1latos term\u00e9ket szeretn\u00e9nek, \u00fajrat\u00f6lthet\u0151 akkumul\u00e1torral, er\u0151s \u00edz\u00e1tvitellel \u00e9s a sz\u00edv\u00e1s st\u00edlus\u00e1nak be\u00e1ll\u00edt\u00e1si lehet\u0151s\u00e9g\u00e9vel. Kiskeresked\u0151k \u00e9s forgalmaz\u00f3k sz\u00e1m\u00e1ra <strong data-start=\"122\" data-end=\"144\">HIFANCY Legend 20k<\/strong>\u00a0egy\u00e9rtelm\u0171 SKU-k\u00e9nt poz\u00edcion\u00e1lva: nagy puff sz\u00e1m, nagy folyad\u00e9k kapacit\u00e1s, \u00e9s egy tekercsrendszer, amely hossz\u00fa haszn\u00e1lat sor\u00e1n is fenntartja az \u00edz k\u00f6vetkezetess\u00e9g\u00e9t.<\/p>\n<h2 data-start=\"615\" data-end=\"666\">Amit val\u00f3j\u00e1ban v\u00e1s\u00e1rol<\/h2>\n<ul data-start=\"668\" data-end=\"1165\">\n<li data-start=\"668\" data-end=\"756\">\n<p data-start=\"670\" data-end=\"756\"><strong data-start=\"670\" data-end=\"692\">Nagy kapacit\u00e1s\u00fa haszn\u00e1lat:<\/strong> ak\u00e1r <strong data-start=\"699\" data-end=\"715\">20 000 puffot<\/strong> hossz\u00fa \u00fczemid\u0151 a cser\u00e9k k\u00f6z\u00f6tt<\/p>\n<\/li>\n<li data-start=\"757\" data-end=\"813\">\n<p data-start=\"759\" data-end=\"813\"><strong data-start=\"759\" data-end=\"784\">Nagy folyad\u00e9ktart\u00e1ly:<\/strong> <strong data-start=\"785\" data-end=\"811\">30 ml-es e-liquid kapacit\u00e1ssal<\/strong><\/p>\n<\/li>\n<li data-start=\"814\" data-end=\"891\">\n<p data-start=\"816\" data-end=\"891\"><strong data-start=\"816\" data-end=\"839\">\u00dajrat\u00f6lthet\u0151 energia:<\/strong> <strong data-start=\"840\" data-end=\"858\">750mAh akkumul\u00e1tor<\/strong> a magas puff sz\u00e1m t\u00e1mogat\u00e1s\u00e1ra<\/p>\n<\/li>\n<li data-start=\"892\" data-end=\"990\">\n<p data-start=\"894\" data-end=\"990\"><strong data-start=\"894\" data-end=\"919\">\u00cdzre f\u00f3kusz\u00e1lt tekercs:<\/strong> <strong data-start=\"920\" data-end=\"940\">Kett\u0151s h\u00e1l\u00f3s tekercs<\/strong> er\u0151sebb \u00edz kimenet \u00e9s stabilabb g\u0151z \u00e9rdek\u00e9ben<\/p>\n<\/li>\n<li data-start=\"991\" data-end=\"1079\">\n<p data-start=\"993\" data-end=\"1079\"><strong data-start=\"993\" data-end=\"1013\">\u00c1ll\u00edthat\u00f3 \u00e9rzet:<\/strong> <strong data-start=\"1014\" data-end=\"1035\">k\u00e9t f\u0171t\u00e9si m\u00f3d<\/strong> \u00edgy a vape lehet l\u00e1gyabb vagy intenz\u00edvebb<\/p>\n<\/li>\n<li data-start=\"1080\" data-end=\"1165\">\n<p data-start=\"1082\" data-end=\"1165\"><strong data-start=\"1082\" data-end=\"1103\">Nikotin opci\u00f3k:<\/strong> <strong data-start=\"1104\" data-end=\"1121\">2%, 3%, vagy 5%<\/strong> (el\u00e9rhet\u0151s\u00e9g a rendel\u00e9st\u0151l\/piacokt\u00f3l f\u00fcgg)<\/p>\n<\/li>\n<\/ul>\n<h2 data-start=\"1476\" data-end=\"1518\">Mi\u00e9rt b\u00edznak az \u00fcgyfelek ebben a HIFANCY Legend 20k k\u00e9sz\u00fcl\u00e9kben<\/h2>\n<p data-start=\"1520\" data-end=\"1616\">B\u00edzz egy <strong data-start=\"1532\" data-end=\"1547\">E-cigarett\u00e1ban<\/strong> nem a hype-r\u00f3l sz\u00f3l\u2014hanem a kisz\u00e1m\u00edthat\u00f3 teljes\u00edtm\u00e9nyr\u0151l \u00e9s a tiszta specifik\u00e1ci\u00f3kr\u00f3l.<\/p>\n<p data-start=\"1618\" data-end=\"1650\"><strong data-start=\"1618\" data-end=\"1650\">A bizalom \u00e9p\u00fcl itt:<\/strong><\/p>\n<ul data-start=\"1651\" data-end=\"2107\">\n<li data-start=\"1651\" data-end=\"1794\">\n<p data-start=\"1653\" data-end=\"1794\"><strong data-start=\"1653\" data-end=\"1695\">\u00c1tl\u00e1that\u00f3 kapacit\u00e1s \u00e9s hardverlista<\/strong> (akkumul\u00e1tor m\u00e9rete, folyad\u00e9k mennyis\u00e9ge, tekercst\u00edpus, f\u0171t\u00e9si m\u00f3dok) \u00edgy az elv\u00e1r\u00e1sok a v\u00e1s\u00e1rl\u00e1s el\u0151tt tiszt\u00e1zottak.<\/p>\n<\/li>\n<li data-start=\"1795\" data-end=\"1950\">\n<p data-start=\"1797\" data-end=\"1950\"><strong data-start=\"1797\" data-end=\"1850\">\u00dajrat\u00f6lthet\u0151 akkumul\u00e1tor, amely megfelel a folyad\u00e9k mennyis\u00e9g\u00e9nek<\/strong>, ami sz\u00e1m\u00edt: egy nagyon magas sz\u00edv\u00f3er\u0151vel rendelkez\u0151 eszk\u00f6z, amely nem \u00fajrat\u00f6lthet\u0151, hajlamos elhalv\u00e1nyulni, miel\u0151tt a folyad\u00e9k elfogyna.<\/p>\n<\/li>\n<li data-start=\"1951\" data-end=\"2107\">\n<p data-start=\"1953\" data-end=\"2107\"><strong data-start=\"1953\" data-end=\"1980\">Dupla h\u00e1l\u00f3s tekercs kialak\u00edt\u00e1s<\/strong>, kifejezetten az\u00e9rt v\u00e1lasztva, hogy meg\u0151rizze az \u00edzt \u00e9s a g\u0151z konzisztenci\u00e1j\u00e1t hosszabb haszn\u00e1lat sor\u00e1n, nem pedig korai cs\u00facsokat \u00e9s cs\u00f6kken\u00e9st.<\/p>\n<\/li>\n<\/ul>\n<h2 data-start=\"4583\" data-end=\"4628\">EU rakt\u00e1rb\u00f3l t\u00f6rt\u00e9n\u0151 sz\u00e1ll\u00edt\u00e1s (gyorsas\u00e1g, ami sz\u00e1m\u00edt)<\/h2>\n<p data-start=\"4630\" data-end=\"4837\">A HIFANCY sz\u00e1ll\u00edt egy <strong data-start=\"4651\" data-end=\"4673\">Eur\u00f3pai rakt\u00e1runkb\u00f3l<\/strong> a jellemz\u0151 sz\u00e1ll\u00edt\u00e1si id\u0151tartam megadva <strong data-start=\"4706\" data-end=\"4726\">3\u20137 munkanap<\/strong>. Ez praktikus az \u00fajrat\u00f6lt\u00e9shez, \u00e9s cs\u00f6kkenti a hossz\u00fa nemzetk\u00f6zi sz\u00e1ll\u00edt\u00e1si id\u0151k \u00e1ltal okozott bizonytalans\u00e1got.<\/p>\n<p><strong><span style=\"color: #ff0000;\">Adja hozz\u00e1 Amy-t WhatsApp-on, hogy azonnali v\u00e1laszt \u00e9s vape kupont kapjon!<\/span><\/strong><\/p>\n<p><img fetchpriority=\"high\" decoding=\"async\" class=\"size-full wp-image-2932\" src=\"https:\/\/vapestornado.com\/wp-content\/uploads\/2024\/12\/Vape-Wholesale.jpg\" alt=\"Vape nagykereskedelem\" width=\"229\" height=\"300\" \/><\/p>\n<h3><a href=\"https:\/\/wa.me\/8617776015835\" target=\"_blank\" rel=\"noopener\"><span style=\"color: #ff0000;\"><strong>WhatsApp: +86 17776015835<\/strong><\/span><\/a><\/h3>\n<p>&nbsp;<\/p>\n<h2><strong>HIFANCY Legend 20000 Puff Term\u00e9kjellemz\u0151k<\/strong><\/h2>\n<ul data-start=\"1195\" data-end=\"1469\">\n<li data-start=\"1195\" data-end=\"1242\">\n<p data-start=\"1197\" data-end=\"1242\"><strong data-start=\"1197\" data-end=\"1214\">Term\u00e9k neve:<\/strong> HIFANCY Legend 20000 Puff<\/p>\n<\/li>\n<li data-start=\"1243\" data-end=\"1303\">\n<p data-start=\"1245\" data-end=\"1303\"><strong data-start=\"1245\" data-end=\"1255\">Sz\u00edv\u00e1sok:<\/strong> 20 000 (haszn\u00e1lat v\u00e1ltozik a h\u00faz\u00e1si hossz \u00e9s m\u00f3d szerint)<\/p>\n<\/li>\n<li data-start=\"1304\" data-end=\"1340\">\n<p data-start=\"1306\" data-end=\"1340\"><strong data-start=\"1306\" data-end=\"1318\">Akkumul\u00e1tor:<\/strong> 750mAh \u00fajrat\u00f6lthet\u0151<\/p>\n<\/li>\n<li data-start=\"1341\" data-end=\"1372\">\n<p data-start=\"1343\" data-end=\"1372\"><strong data-start=\"1343\" data-end=\"1365\">E-liquid kapacit\u00e1s:<\/strong> 30ml<\/p>\n<\/li>\n<li data-start=\"1373\" data-end=\"1403\">\n<p data-start=\"1375\" data-end=\"1403\"><strong data-start=\"1375\" data-end=\"1384\">Tekercs:<\/strong> Kett\u0151s h\u00e1l\u00f3s tekercs<\/p>\n<\/li>\n<li data-start=\"1404\" data-end=\"1430\">\n<p data-start=\"1406\" data-end=\"1430\"><strong data-start=\"1406\" data-end=\"1418\">Meleg\u00edt\u00e9s:<\/strong> K\u00e9t m\u00f3d<\/p>\n<\/li>\n<li data-start=\"1431\" data-end=\"1469\">\n<p data-start=\"1433\" data-end=\"1469\"><strong data-start=\"1433\" data-end=\"1456\">Nikotin er\u0151ss\u00e9gek:<\/strong> 2% \/ 3% \/ 5%<\/p>\n<\/li>\n<\/ul>\n<figure id=\"attachment_4678\" aria-describedby=\"caption-attachment-4678\" style=\"width: 300px\" class=\"wp-caption alignnone\"><img decoding=\"async\" class=\"size-medium wp-image-4678\" src=\"https:\/\/vapestornado.com\/wp-content\/uploads\/2025\/12\/HIFANCY-Legend-20k-20000-Disposable-Vape-with-Screen-300x300.webp\" alt=\"HIFANCY Legend 20k 20000 eldobhat\u00f3 vape k\u00e9perny\u0151vel\" width=\"300\" height=\"300\" srcset=\"https:\/\/vapestornado.com\/wp-content\/uploads\/2025\/12\/HIFANCY-Legend-20k-20000-Disposable-Vape-with-Screen-300x300.webp 300w, https:\/\/vapestornado.com\/wp-content\/uploads\/2025\/12\/HIFANCY-Legend-20k-20000-Disposable-Vape-with-Screen-150x150.webp 150w, https:\/\/vapestornado.com\/wp-content\/uploads\/2025\/12\/HIFANCY-Legend-20k-20000-Disposable-Vape-with-Screen-768x768.webp 768w, https:\/\/vapestornado.com\/wp-content\/uploads\/2025\/12\/HIFANCY-Legend-20k-20000-Disposable-Vape-with-Screen-12x12.webp 12w, https:\/\/vapestornado.com\/wp-content\/uploads\/2025\/12\/HIFANCY-Legend-20k-20000-Disposable-Vape-with-Screen-600x600.webp 600w, https:\/\/vapestornado.com\/wp-content\/uploads\/2025\/12\/HIFANCY-Legend-20k-20000-Disposable-Vape-with-Screen-100x100.webp 100w, https:\/\/vapestornado.com\/wp-content\/uploads\/2025\/12\/HIFANCY-Legend-20k-20000-Disposable-Vape-with-Screen.webp 800w\" sizes=\"(max-width: 300px) 100vw, 300px\" \/><figcaption id=\"caption-attachment-4678\" class=\"wp-caption-text\">HIFANCY Legend 20k 20000 eldobhat\u00f3 vape k\u00e9perny\u0151vel<\/figcaption><\/figure>\n<h2 class=\"product-title\"><strong>HIFANCY 20000 Puff Vape \u00cdzv\u00e1laszt\u00e9k<\/strong><\/h2>\n<p>1. Eper Mang\u00f3<br \/>\n2. Eper G\u00f6r\u00f6gdinnye<br \/>\n3. Energiaital<br \/>\n4. Eperl\u00e9<br \/>\n5. \u00c1fonya M\u00e1lna Sz\u0151l\u0151<br \/>\n6. K\u00e9k R\u00e1zs Cseresznye<br \/>\n7. Kivi Passion Gy\u00fcm\u00f6lcs Guava<br \/>\n8. M\u00e1lna G\u00f6r\u00f6gdinnye J\u00e9g<br \/>\n9. G\u00f6r\u00f6gdinnye Bubor\u00e9kf\u00faj\u00f3<br \/>\n10. S\u00e1rgabarack Bogy\u00f3 J\u00e9g<\/p>\n<div class=\"flex-shrink-0 flex flex-col relative items-end\">\n<div class=\"pt-0\">\n<div class=\"gizmo-bot-avatar flex h-8 w-8 items-center justify-center overflow-hidden rounded-full\">\n<h2 data-start=\"4844\" data-end=\"4888\">Mi\u00e9rt v\u00e1s\u00e1roljon a Vapes Tornado-t\u00f3l \u2013 Az \u00d6n egyszer haszn\u00e1latos vape nagykeresked\u0151je<\/h2>\n<p data-start=\"4890\" data-end=\"4958\">V\u00e1s\u00e1rl\u00e1s egy <strong data-start=\"4903\" data-end=\"4933\">Egyszer haszn\u00e1latos vape nagykeresked\u0151<\/strong> f\u0151k\u00e9nt az ir\u00e1ny\u00edt\u00e1sr\u00f3l sz\u00f3l:<\/p>\n<ul data-start=\"4959\" data-end=\"5183\">\n<li data-start=\"4959\" data-end=\"5012\">\n<p data-start=\"4961\" data-end=\"5012\">Tervezheti a k\u00e9szletet megb\u00edzhat\u00f3 sz\u00e1ll\u00edt\u00e1si id\u0151kkel<\/p>\n<\/li>\n<li data-start=\"5013\" data-end=\"5097\">\n<p data-start=\"5015\" data-end=\"5097\">Szabv\u00e1nyos\u00edthatja a legkelend\u0151bb v\u00e1ltozatokat (nikotinszintek, n\u00e9pszer\u0171 \u00edzek)<\/p>\n<\/li>\n<li data-start=\"5098\" data-end=\"5183\">\n<p data-start=\"5100\" data-end=\"5183\">Elker\u00fclheti a \u201ekevert t\u00e9tel\u201d beszerz\u00e9st, amely gyakran okoz k\u00f6vetkezetlen v\u00e1s\u00e1rl\u00f3i \u00e9lm\u00e9nyt<\/p>\n<\/li>\n<\/ul>\n<p data-start=\"5185\" data-end=\"5250\">Ha az \u00fczlete az ism\u00e9tl\u0151d\u0151 v\u00e1s\u00e1rl\u00f3kt\u00f3l f\u00fcgg, a k\u00f6vetkezetess\u00e9g fel\u00fclm\u00falja az \u00fajdons\u00e1got.<\/p>\n<\/div>\n<p data-start=\"5185\" data-end=\"5250\"><strong data-start=\"141\" data-end=\"177\">Vapes Tornado Online Doh\u00e1nybolt<\/strong> az \u00d6n megb\u00edzhat\u00f3 forr\u00e1sa <strong data-start=\"205\" data-end=\"270\">pr\u00e9mium egyszer haszn\u00e1latos vapek \u00e9s nagykereskedelmi e-cigarett\u00e1k sz\u00e1m\u00e1ra Eur\u00f3p\u00e1ban<\/strong>. K\u00edn\u00e1latunkban megtal\u00e1lhat\u00f3k a legkelend\u0151bb m\u00e1rk\u00e1k, mint p\u00e9ld\u00e1ul <strong data-start=\"307\" data-end=\"362\"><a href=\"https:\/\/vapestornado.com\/hu\/product\/randm-12000-puffs-fumot-digital-disposable-vape-wholesale-price\/\">Fumot VAPE<\/a>, <a href=\"https:\/\/vapestornado.com\/hu\/product\/waspe-150k-150000-puff-6-in-1-disposable-vape-pen-cartridge-best-wholesale-price-in-poland\/\">WASPE VAPE<\/a>, <\/strong><strong data-start=\"307\" data-end=\"362\"><a href=\"https:\/\/vapestornado.com\/hu\/product\/vozol-gear-shisha-25k-25000-puffs-best-dtl-disposable-vape-hookah-cheap-price\/\">VOZOL BAR VAPE<\/a>, \u00a0 Bang Vape<\/strong>, \u00e9s m\u00e9g sok m\u00e1s, biztos\u00edtva a min\u0151s\u00e9get \u00e9s a v\u00e1ltozatoss\u00e1got minden v\u00e1s\u00e1rl\u00f3 sz\u00e1m\u00e1ra. Ak\u00e1r egy\u00e9ni vaperek\u00e9nt, ak\u00e1r nagykeresked\u0151k\u00e9nt v\u00e1s\u00e1rolsz, mi sz\u00e1ll\u00edtunk <strong data-start=\"481\" data-end=\"550\">magas teljes\u00edtm\u00e9ny\u0171 eszk\u00f6z\u00f6ket, st\u00edlusos kialak\u00edt\u00e1sokat \u00e9s versenyk\u00e9pes \u00e1rakat<\/strong> az ig\u00e9nyeid kiel\u00e9g\u00edt\u00e9s\u00e9re.<\/p>\n<div class=\"gizmo-bot-avatar flex h-8 w-8 items-center justify-center overflow-hidden rounded-full\">\n<div class=\"relative p-1 rounded-sm flex items-center justify-center bg-token-main-surface-primary text-token-text-primary h-8 w-8\">\n<h2 data-start=\"2064\" data-end=\"2115\">Gyakran Ism\u00e9telt K\u00e9rd\u00e9sek a HIFANCY Legend 20k Puff Vape-r\u0151l<\/h2>\n<p data-start=\"5721\" data-end=\"5865\"><strong data-start=\"5721\" data-end=\"5779\">A 20 000 szippant\u00e1s ugyanazt jelenti mindenkinek?<\/strong><br data-start=\"5779\" data-end=\"5782\" \/>Nem. A szippant\u00e1sok sz\u00e1ma a h\u00faz\u00e1s hossz\u00e1t\u00f3l, a hev\u00edt\u00e9si m\u00f3dt\u00f3l \u00e9s a haszn\u00e1lat gyakoris\u00e1g\u00e1t\u00f3l f\u00fcgg.<\/p>\n<p data-start=\"5867\" data-end=\"6086\"><strong data-start=\"5867\" data-end=\"5904\">Marad-e az \u00edz k\u00f6vetkezetes?<\/strong><br data-start=\"5904\" data-end=\"5907\" \/>A Double Mesh Coilt \u00fagy tervezt\u00e9k, hogy jav\u00edtsa az \u00edz \u00e1tvitelt \u00e9s a stabilit\u00e1st hosszabb haszn\u00e1lat sor\u00e1n a egyszer\u0171bb tekercsekhez k\u00e9pest, de a val\u00f3 \u00e9letbeli eredm\u00e9nyek m\u00e9g mindig a haszn\u00e1lati st\u00edlust\u00f3l f\u00fcggenek.<\/p>\n<p data-start=\"6088\" data-end=\"6253\"><strong data-start=\"6088\" data-end=\"6109\">\u00dajrat\u00f6lthet\u0151?<\/strong><br data-start=\"6109\" data-end=\"6112\" \/>Ez egy nagy kapacit\u00e1s\u00fa egyszer haszn\u00e1latosk\u00e9nt poz\u00edcion\u00e1lt term\u00e9k, <strong data-start=\"6163\" data-end=\"6171\">30ml<\/strong> el\u0151re t\u00f6lt\u00f6tt e-liquiddel; az akkumul\u00e1tort \u00fajra lehet t\u00f6lteni, de nem sz\u00e1nt\u00e1k \u00fajrat\u00f6lt\u00e9sre.<\/p>\n<\/div>\n<\/div>\n<\/div>\n<\/div>","protected":false},"excerpt":{"rendered":"<div class=\"flex flex-col text-sm @w-xl\/main:pt-header-height pb-25\">\n<article class=\"text-token-text-primary w-full focus:outline-none [--shadow-height:45px] has-data-writing-block:pointer-events-none has-data-writing-block:-mt-(--shadow-height) has-data-writing-block:pt-(--shadow-height) [&amp;:has([data-writing-block])&gt;*]:pointer-events-auto scroll-mt-[calc(var(--header-height)+min(200px,max(70px,20svh)))]\" dir=\"auto\" tabindex=\"-1\" data-turn-id=\"a4553bcb-7aea-49d6-9fac-81ba76f7aa52\" data-testid=\"conversation-turn-52\" data-scroll-anchor=\"true\" data-turn=\"assistant\">\n<div class=\"text-base my-auto mx-auto pb-10 [--thread-content-margin:--spacing(4)] @w-sm\/main:[--thread-content-margin:--spacing(6)] @w-lg\/main:[--thread-content-margin:--spacing(16)] px-(--thread-content-margin)\">\n<div class=\"[--thread-content-max-width:40rem] @w-lg\/main:[--thread-content-max-width:48rem] mx-auto max-w-(--thread-content-max-width) flex-1 group\/turn-messages focus-visible:outline-hidden relative flex w-full min-w-0 flex-col agent-turn\" tabindex=\"-1\">\n<div class=\"flex max-w-full flex-col grow\">\n<div class=\"min-h-8 text-message relative flex w-full flex-col items-end gap-2 text-start break-words whitespace-normal [.text-message+&amp;]:mt-1\" dir=\"auto\" data-message-author-role=\"assistant\" data-message-id=\"337d04d0-1322-4696-922d-486732393dc5\" data-message-model-slug=\"gpt-5-2-thinking\">\n<div class=\"flex w-full flex-col gap-1 empty:hidden first:pt-[1px]\">\n<div class=\"markdown prose dark:prose-invert w-full break-words light markdown-new-styling\">\n<p data-start=\"4468\" data-end=\"4743\" data-is-last-node=\"\" data-is-only-node=\"\">A <strong data-start=\"289\" data-end=\"318\" data-is-only-node=\"\">HIFANCY Legend 20000 Puff<\/strong> egy nagy kapacit\u00e1s\u00fa egyszer haszn\u00e1latos E-cigaretta, amely hossz\u00fa t\u00e1v\u00fa haszn\u00e1latra \u00e9s k\u00f6vetkezetes \u00edz\u00e9lm\u00e9nyre lett tervezve. Ak\u00e1r 20 000 sz\u00edv\u00e1s, 30 ml e-liquid kapacit\u00e1s, 750 mAh \u00fajrat\u00f6lthet\u0151 akkumul\u00e1tor \u00e9s dupla h\u00e1l\u00f3s tekercs a stabil g\u0151zkibocs\u00e1t\u00e1s\u00e9rt. K\u00e9t f\u0171t\u00e9si m\u00f3ddal \u00e9s t\u00f6bb nikotin opci\u00f3val, ide\u00e1lis feln\u0151tt felhaszn\u00e1l\u00f3k sz\u00e1m\u00e1ra, akik tart\u00f3s, megb\u00edzhat\u00f3 egyszer haszn\u00e1latos term\u00e9ket keresnek versenyk\u00e9pes nagykereskedelmi \u00e1ron.<\/p>\n<\/div>\n<\/div>\n<\/div>\n<\/div>\n<div class=\"z-0 flex min-h-[46px] justify-start\"><\/div>\n<\/div>\n<\/div>\n<\/article>\n<\/div>\n<p><strong>Add hozz\u00e1 Amy whatsappj\u00e1t, hogy azonnali v\u00e1laszt \u00e9s kedvezm\u00e9nyes \u00e1rat kapj!<\/strong><\/p>\n<p><img fetchpriority=\"high\" decoding=\"async\" class=\"size-full wp-image-2932\" src=\"https:\/\/vapestornado.com\/wp-content\/uploads\/2024\/12\/Vape-Wholesale.jpg\" alt=\"Vape nagykereskedelem\" width=\"229\" height=\"300\" \/><\/p>\n<h3><a href=\"https:\/\/wa.me\/8617776015835\"><span style=\"color: #ff0000;\"><strong>WhatsApp: +86 17776015835<\/strong><\/span><\/a><\/h3>","protected":false},"featured_media":4682,"comment_status":"open","ping_status":"closed","template":"","meta":{"_acf_changed":false,"_uag_custom_page_level_css":"","_lmt_disableupdate":"no","_lmt_disable":"","_monsterinsights_skip_tracking":false,"_monsterinsights_sitenote_active":false,"_monsterinsights_sitenote_note":"","_monsterinsights_sitenote_category":0,"site-sidebar-layout":"default","site-content-layout":"","ast-site-content-layout":"default","site-content-style":"default","site-sidebar-style":"default","ast-global-header-display":"","ast-banner-title-visibility":"","ast-main-header-display":"","ast-hfb-above-header-display":"","ast-hfb-below-header-display":"","ast-hfb-mobile-header-display":"","site-post-title":"","ast-breadcrumbs-content":"","ast-featured-img":"","footer-sml-layout":"","ast-disable-related-posts":"","theme-transparent-header-meta":"default","adv-header-id-meta":"","stick-header-meta":"","header-above-stick-meta":"","header-main-stick-meta":"","header-below-stick-meta":"","astra-migrate-meta-layouts":"set","ast-page-background-enabled":"default","ast-page-background-meta":{"desktop":{"background-color":"","background-image":"","background-repeat":"repeat","background-position":"center center","background-size":"auto","background-attachment":"scroll","background-type":"","background-media":"","overlay-type":"","overlay-color":"","overlay-opacity":"","overlay-gradient":""},"tablet":{"background-color":"","background-image":"","background-repeat":"repeat","background-position":"center center","background-size":"auto","background-attachment":"scroll","background-type":"","background-media":"","overlay-type":"","overlay-color":"","overlay-opacity":"","overlay-gradient":""},"mobile":{"background-color":"","background-image":"","background-repeat":"repeat","background-position":"center center","background-size":"auto","background-attachment":"scroll","background-type":"","background-media":"","overlay-type":"","overlay-color":"","overlay-opacity":"","overlay-gradient":""}},"ast-content-background-meta":{"desktop":{"background-color":"var(--ast-global-color-5)","background-image":"","background-repeat":"repeat","background-position":"center center","background-size":"auto","background-attachment":"scroll","background-type":"","background-media":"","overlay-type":"","overlay-color":"","overlay-opacity":"","overlay-gradient":""},"tablet":{"background-color":"var(--ast-global-color-5)","background-image":"","background-repeat":"repeat","background-position":"center center","background-size":"auto","background-attachment":"scroll","background-type":"","background-media":"","overlay-type":"","overlay-color":"","overlay-opacity":"","overlay-gradient":""},"mobile":{"background-color":"var(--ast-global-color-5)","background-image":"","background-repeat":"repeat","background-position":"center center","background-size":"auto","background-attachment":"scroll","background-type":"","background-media":"","overlay-type":"","overlay-color":"","overlay-opacity":"","overlay-gradient":""}},"_joinchat":[]},"product_brand":[],"product_cat":[69,152,156,142,492,357,146],"product_tag":[396,497,368,495,496,390,397],"class_list":{"0":"post-4683","1":"product","2":"type-product","3":"status-publish","4":"has-post-thumbnail","6":"product_cat-20000-puff","7":"product_cat-buy-disposable-vapes-in-cermany","8":"product_cat-buy-disposable-vapes-in-poland","9":"product_cat-digital-box-disposable-vapes","10":"product_cat-eu-warehouse","11":"product_cat-flavor-adjustable-vape","12":"product_cat-rechargeable-disposable-vapes","13":"product_tag-disposable-cigarette","14":"product_tag-disposable-vape-wholesaler","15":"product_tag-disposable-vapor","16":"product_tag-hifancy-legend-20000-puff","17":"product_tag-hifancy-legend-20k","18":"product_tag-online-vape-shop","19":"product_tag-vapor","20":"desktop-align-left","21":"tablet-align-left","22":"mobile-align-left","24":"first","25":"instock","26":"sale","27":"shipping-taxable","28":"purchasable","29":"product-type-simple"},"acf":[],"uagb_featured_image_src":{"full":["https:\/\/vapestornado.com\/wp-content\/uploads\/2025\/12\/HIFANCY-LEGEND-20000-Vape-Factory-Price.webp",800,800,false],"thumbnail":["https:\/\/vapestornado.com\/wp-content\/uploads\/2025\/12\/HIFANCY-LEGEND-20000-Vape-Factory-Price-150x150.webp",150,150,true],"medium":["https:\/\/vapestornado.com\/wp-content\/uploads\/2025\/12\/HIFANCY-LEGEND-20000-Vape-Factory-Price-300x300.webp",300,300,true],"medium_large":["https:\/\/vapestornado.com\/wp-content\/uploads\/2025\/12\/HIFANCY-LEGEND-20000-Vape-Factory-Price-768x768.webp",768,768,true],"large":["https:\/\/vapestornado.com\/wp-content\/uploads\/2025\/12\/HIFANCY-LEGEND-20000-Vape-Factory-Price.webp",800,800,false],"1536x1536":["https:\/\/vapestornado.com\/wp-content\/uploads\/2025\/12\/HIFANCY-LEGEND-20000-Vape-Factory-Price.webp",800,800,false],"2048x2048":["https:\/\/vapestornado.com\/wp-content\/uploads\/2025\/12\/HIFANCY-LEGEND-20000-Vape-Factory-Price.webp",800,800,false],"trp-custom-language-flag":["https:\/\/vapestornado.com\/wp-content\/uploads\/2025\/12\/HIFANCY-LEGEND-20000-Vape-Factory-Price-12x12.webp",12,12,true],"woocommerce_thumbnail":["https:\/\/vapestornado.com\/wp-content\/uploads\/2025\/12\/HIFANCY-LEGEND-20000-Vape-Factory-Price-300x300.webp",300,300,true],"woocommerce_single":["https:\/\/vapestornado.com\/wp-content\/uploads\/2025\/12\/HIFANCY-LEGEND-20000-Vape-Factory-Price-600x600.webp",600,600,true],"woocommerce_gallery_thumbnail":["https:\/\/vapestornado.com\/wp-content\/uploads\/2025\/12\/HIFANCY-LEGEND-20000-Vape-Factory-Price-100x100.webp",100,100,true]},"uagb_author_info":{"display_name":"ESAMY","author_link":"https:\/\/vapestornado.com\/hu\/author\/"},"uagb_comment_info":0,"uagb_excerpt":"The HIFANCY Legend 20000 Puff is a high-capacity disposable E-cigarette designed for long-lasting use and consistent flavour. It features up to 20,000 puffs, a 30ml e-liquid capacity, a 750mAh rechargeable battery, and a double mesh coil for stable vapour output. With two heating modes and multiple nicotine options, it suits adult users who want a&hellip;","_links":{"self":[{"href":"https:\/\/vapestornado.com\/hu\/wp-json\/wp\/v2\/product\/4683","targetHints":{"allow":["GET"]}}],"collection":[{"href":"https:\/\/vapestornado.com\/hu\/wp-json\/wp\/v2\/product"}],"about":[{"href":"https:\/\/vapestornado.com\/hu\/wp-json\/wp\/v2\/types\/product"}],"replies":[{"embeddable":true,"href":"https:\/\/vapestornado.com\/hu\/wp-json\/wp\/v2\/comments?post=4683"}],"wp:featuredmedia":[{"embeddable":true,"href":"https:\/\/vapestornado.com\/hu\/wp-json\/wp\/v2\/media\/4682"}],"wp:attachment":[{"href":"https:\/\/vapestornado.com\/hu\/wp-json\/wp\/v2\/media?parent=4683"}],"wp:term":[{"taxonomy":"product_brand","embeddable":true,"href":"https:\/\/vapestornado.com\/hu\/wp-json\/wp\/v2\/product_brand?post=4683"},{"taxonomy":"product_cat","embeddable":true,"href":"https:\/\/vapestornado.com\/hu\/wp-json\/wp\/v2\/product_cat?post=4683"},{"taxonomy":"product_tag","embeddable":true,"href":"https:\/\/vapestornado.com\/hu\/wp-json\/wp\/v2\/product_tag?post=4683"}],"curies":[{"name":"wp","href":"https:\/\/api.w.org\/{rel}","templated":true}]}}