{"id":4614,"date":"2025-11-29T06:20:23","date_gmt":"2025-11-29T06:20:23","guid":{"rendered":"https:\/\/vapestornado.com\/?post_type=product&#038;p=4614"},"modified":"2025-11-29T06:33:24","modified_gmt":"2025-11-29T06:33:24","slug":"razz-bar-40000-puff-40k-dual-flavours-disposable-vape-factory-price","status":"publish","type":"product","link":"https:\/\/vapestornado.com\/hu\/product\/razz-bar-40000-puff-40k-dual-flavours-disposable-vape-factory-price\/","title":{"rendered":"Razz Bar 40000 Puff 40K K\u00e9t \u00cdz\u0171 Egyszer haszn\u00e1latos Vape Gy\u00e1ri \u00c1r"},"content":{"rendered":"<h2 data-pm-slice=\"1 1 []\">Razz Bar 40000 Puff 40K K\u00e9t \u00cdz\u0171 Eldobhat\u00f3 Vape Gy\u00e1ri Nagykereskedelmi \u00c1r<\/h2>\n<p data-start=\"289\" data-end=\"881\">A <strong data-start=\"293\" data-end=\"316\">Razz Bar 40000 Puff<\/strong> azoknak k\u00e9sz\u00fclt, akik megb\u00edzhat\u00f3, nagy volumen\u0171 eszk\u00f6zt keresnek, er\u0151s kereslettel \u00e9s gyors forg\u00e1ssal. Ez <strong data-start=\"425\" data-end=\"447\">2 az 1-ben \u00edz\u0171 vape<\/strong> k\u00e9t teljes \u00edzt k\u00edn\u00e1l egyetlen eszk\u00f6zben, \u00edgy a felhaszn\u00e1l\u00f3knak t\u00f6bb v\u00e1laszt\u00e1si lehet\u0151s\u00e9get \u00e9s \u00e9rt\u00e9ket ny\u00fajt. Ak\u00e1r <strong data-start=\"551\" data-end=\"564\">40 000 sz\u00edv\u00e1s<\/strong>, egy\u00e9rtelm\u0171 kijelz\u0151vel \u00e9s egy 650mAh \u00fajrat\u00f6lthet\u0151 akkumul\u00e1torral, a <strong data-start=\"622\" data-end=\"638\">Razz Bar 40K<\/strong> kiemelked\u0151, tart\u00f3s <strong data-start=\"677\" data-end=\"708\">k\u00e9t \u00edz\u0171 eldobhat\u00f3 vape<\/strong> ide\u00e1lis az EU kiskeresked\u0151inek, akik stabil heti \u00e9rt\u00e9kes\u00edt\u00e9st keresnek. A k\u00e9szletek gyorsan sz\u00e1ll\u00edt\u00f3dnak a mi <strong data-start=\"794\" data-end=\"815\">Vape EU Rakt\u00e1r<\/strong>-r\u00f3l, biztos\u00edtva gyors sz\u00e1ll\u00edt\u00e1st \u00e9s k\u00f6vetkezetes ell\u00e1t\u00e1st \u00fcgyfeleinek.<\/p>\n<p data-start=\"883\" data-end=\"1342\">Fejlett k\u00e9t h\u00e1l\u00f3sz\u00e1las tekercsek garant\u00e1lj\u00e1k a tiszta \u00edz elk\u00fcl\u00f6n\u00edt\u00e9st \u2013 minden \u00edz saj\u00e1t tart\u00e1llyal rendelkezik, \u00edgy az \u00edz \u00e9les \u00e9s hiteles marad az els\u0151 pufft\u00f3l a 40 000-edikig. Egy egyszer\u0171 csavarkapcsol\u00f3 lehet\u0151v\u00e9 teszi a felhaszn\u00e1l\u00f3knak, hogy azonnal cser\u00e9lj\u00e9k az \u00edzeket, \u00edgy a Razz Bar kedvenc a vaperek k\u00f6r\u00e9ben, akik v\u00e1ltozatoss\u00e1got keresnek an\u00e9lk\u00fcl, hogy t\u00f6bb eszk\u00f6zt kellene hordozniuk. A Type-C gyors t\u00f6lt\u00e9ssel \u00e9s t\u00f6bb mint 10 k\u00fcl\u00f6nb\u00f6z\u0151 gy\u00fcm\u00f6lcskombin\u00e1ci\u00f3val megb\u00edzhat\u00f3, magas teljes\u00edtm\u00e9ny\u0171 v\u00e1laszt\u00e1s mindennapi haszn\u00e1latra.<\/p>\n<p data-start=\"1344\" data-end=\"1558\">Forgalmaz\u00f3k vagy szem\u00e9lyes felhaszn\u00e1l\u00f3k sz\u00e1m\u00e1ra, akik pr\u00e9mium <strong data-start=\"1385\" data-end=\"1416\">k\u00e9t \u00edz\u0171 eldobhat\u00f3 vape<\/strong> keresnek, bizony\u00edtott kereslettel, er\u0151s \u00edz\u00e9lm\u00e9nnyel \u00e9s modern kijelz\u0151 rendszerrel, a <strong data-start=\"1496\" data-end=\"1519\">Razz Bar 40000 Puff<\/strong> egy\u00e9rtelm\u0171 nyertes a 40K kateg\u00f3ri\u00e1ban.<\/p>\n<p data-start=\"666\" data-end=\"1235\"><strong style=\"font-size: 16px;\"><span style=\"color: #ff0000;\">Add hozz\u00e1 Amy WhatsApp-j\u00e1t, hogy azonnali v\u00e1laszt \u00e9s kedvezm\u00e9nyes \u00e1rat kapj!<\/span><\/strong><\/p>\n<p><img fetchpriority=\"high\" decoding=\"async\" class=\"size-full wp-image-2932\" src=\"https:\/\/vapestornado.com\/wp-content\/uploads\/2024\/12\/Vape-Wholesale.jpg\" alt=\"Vape nagykereskedelem\" width=\"229\" height=\"300\" \/><\/p>\n<h3><a href=\"https:\/\/wa.me\/8617776015835\" target=\"_blank\" rel=\"noopener\"><span style=\"color: #ff0000;\"><strong>WhatsApp: +86 17776015835<\/strong><\/span><\/a><\/h3>\n<p>&nbsp;<\/p>\n<h2><strong>Milyen \u00edzek \u00e9rhet\u0151k el a Razz Bar 40000 Puff Disposables Vape-b\u0151l?<\/strong><\/h2>\n<ol data-start=\"1912\" data-end=\"2668\">\n<li data-start=\"1912\" data-end=\"1938\">\n<p data-start=\"1915\" data-end=\"1938\">Citrom Lime \/ Lush Ice<\/p>\n<\/li>\n<li data-start=\"1939\" data-end=\"1974\">\n<p data-start=\"1942\" data-end=\"1974\">Eper Ice \/ Vegyes Bogy\u00f3k<\/p>\n<\/li>\n<li data-start=\"1975\" data-end=\"2028\">\n<p data-start=\"1978\" data-end=\"2028\">K\u00e9k Razz Ice \/ Eper G\u00f6r\u00f6gdinnye Bubor\u00e9kf\u00faj\u00f3<\/p>\n<\/li>\n<li data-start=\"2029\" data-end=\"2064\">\n<p data-start=\"2032\" data-end=\"2064\">Vegyes Bogy\u00f3k \/ G\u00f6r\u00f6gdinnye Ice<\/p>\n<\/li>\n<li data-start=\"2065\" data-end=\"2102\">\n<p data-start=\"2068\" data-end=\"2102\">Eper Ban\u00e1n \/ Red Bull Ice<\/p>\n<\/li>\n<li data-start=\"2103\" data-end=\"2131\">\n<p data-start=\"2106\" data-end=\"2131\">\u00c1fonya Ice \/ Love 66<\/p>\n<\/li>\n<li data-start=\"2132\" data-end=\"2162\">\n<p data-start=\"2135\" data-end=\"2162\">Barack Ice \/ \u00c1fonya Ice<\/p>\n<\/li>\n<li data-start=\"2163\" data-end=\"2210\">\n<p data-start=\"2166\" data-end=\"2210\">Eper Kiwi \/ \u00c1fonya Savany\u00fa M\u00e1lna<\/p>\n<\/li>\n<li data-start=\"2211\" data-end=\"2241\">\n<p data-start=\"2214\" data-end=\"2241\">G\u00f6r\u00f6gdinnye Ice \/ K\u00f3la Ice<\/p>\n<\/li>\n<li data-start=\"2242\" data-end=\"2281\">\n<p data-start=\"2246\" data-end=\"2281\">Eper G\u00f6r\u00f6gdinnye \/ Sz\u0151l\u0151 Ice<\/p>\n<\/li>\n<li data-start=\"2282\" data-end=\"2316\">\n<p data-start=\"2286\" data-end=\"2316\">Citrom Lime \/ Eper Kiwi<\/p>\n<\/li>\n<li data-start=\"2317\" data-end=\"2353\">\n<p data-start=\"2321\" data-end=\"2353\">R\u00f3zsasz\u00edn Limon\u00e1d\u00e9 \/ Fekete \u00c1fonya Ice<\/p>\n<\/li>\n<li data-start=\"2354\" data-end=\"2391\">\n<p data-start=\"2358\" data-end=\"2391\">\u00cdzletes Barack Ice \/ Anan\u00e1sz Ice<\/p>\n<\/li>\n<li data-start=\"2392\" data-end=\"2442\">\n<p data-start=\"2396\" data-end=\"2442\">Kivi Szenved\u00e9ly Gy\u00fcm\u00f6lcs Guava \/ Anan\u00e1sz K\u00f3kusz<\/p>\n<\/li>\n<li data-start=\"2443\" data-end=\"2471\">\n<p data-start=\"2447\" data-end=\"2471\">Skittles \/ Sz\u0151l\u0151 Robban\u00e1s<\/p>\n<\/li>\n<li data-start=\"2472\" data-end=\"2526\">\n<p data-start=\"2476\" data-end=\"2526\">Fekete J\u00e9g S\u00e1rk\u00e1nygy\u00fcm\u00f6lcs Eper \/ H\u00e1romf\u00e9le Dinnye<\/p>\n<\/li>\n<li data-start=\"2527\" data-end=\"2565\">\n<p data-start=\"2531\" data-end=\"2565\">Ny\u00e1ri \u00c1lom \/ Eper Ban\u00e1n<\/p>\n<\/li>\n<li data-start=\"2566\" data-end=\"2611\">\n<p data-start=\"2570\" data-end=\"2611\">Cseresznye Citrom \/ \u00c1fonya Savany\u00fa M\u00e1lna<\/p>\n<\/li>\n<li data-start=\"2612\" data-end=\"2638\">\n<p data-start=\"2616\" data-end=\"2638\">Love 66 \/ Savany\u00fa Alma<\/p>\n<\/li>\n<li data-start=\"2639\" data-end=\"2668\">\n<p data-start=\"2643\" data-end=\"2668\">Citrom-lime \/ Friss borsmenta<\/p>\n<\/li>\n<\/ol>\n<h2><strong>Razz Bar 40000 Puff eldobhat\u00f3 vape doboz F\u0151 term\u00e9kkulcsjellemz\u0151k<\/strong><\/h2>\n<ul data-start=\"2707\" data-end=\"3053\">\n<li data-start=\"2707\" data-end=\"2765\">\n<p data-start=\"2709\" data-end=\"2765\">Du\u00e1l \u00edzv\u00e1lt\u00f3 rendszer k\u00e9t f\u00fcggetlen tart\u00e1llyal.<\/p>\n<\/li>\n<li data-start=\"2766\" data-end=\"2820\">\n<p data-start=\"2768\" data-end=\"2820\">Ak\u00e1r <strong data-start=\"2774\" data-end=\"2790\">40 000 puffot<\/strong> hossz\u00fa t\u00e1v\u00fa mindennapi haszn\u00e1latra.<\/p>\n<\/li>\n<li data-start=\"2821\" data-end=\"2878\">\n<p data-start=\"2823\" data-end=\"2878\">650mAh \u00fajrat\u00f6lthet\u0151 akkumul\u00e1tor <strong data-start=\"2856\" data-end=\"2866\">Type-C<\/strong> t\u00f6lt\u00e9ssel.<\/p>\n<\/li>\n<li data-start=\"2879\" data-end=\"2927\">\n<p data-start=\"2881\" data-end=\"2927\">Du\u00e1l h\u00e1l\u00f3s tekercs tiszta, k\u00fcl\u00f6n\u00e1ll\u00f3 \u00edzekhez.<\/p>\n<\/li>\n<li data-start=\"2928\" data-end=\"2974\">\n<p data-start=\"2930\" data-end=\"2974\">LED kijelz\u0151 az akkumul\u00e1tor + e-liquid szintekhez.<\/p>\n<\/li>\n<li data-start=\"2975\" data-end=\"3004\">\n<p data-start=\"2977\" data-end=\"3004\">2% \/ 5% nikotin s\u00f3 opci\u00f3k.<\/p>\n<\/li>\n<li data-start=\"3005\" data-end=\"3053\">\n<p data-start=\"3007\" data-end=\"3053\">200 db kartononk\u00e9nt a nagykereskedelmi optimaliz\u00e1ci\u00f3 \u00e9rdek\u00e9ben.<\/p>\n<\/li>\n<\/ul>\n<figure id=\"attachment_4609\" aria-describedby=\"caption-attachment-4609\" style=\"width: 300px\" class=\"wp-caption alignnone\"><img decoding=\"async\" class=\"size-medium wp-image-4609\" src=\"https:\/\/vapestornado.com\/wp-content\/uploads\/2025\/11\/Razz-Bar-40k-Puffs-Disposable-Vape-Wholesale-Price-300x300.webp\" alt=\"Razz Bar 40k Puff eldobhat\u00f3 vape nagykereskedelmi \u00e1r\" width=\"300\" height=\"300\" srcset=\"https:\/\/vapestornado.com\/wp-content\/uploads\/2025\/11\/Razz-Bar-40k-Puffs-Disposable-Vape-Wholesale-Price-300x300.webp 300w, https:\/\/vapestornado.com\/wp-content\/uploads\/2025\/11\/Razz-Bar-40k-Puffs-Disposable-Vape-Wholesale-Price-150x150.webp 150w, https:\/\/vapestornado.com\/wp-content\/uploads\/2025\/11\/Razz-Bar-40k-Puffs-Disposable-Vape-Wholesale-Price-768x768.webp 768w, https:\/\/vapestornado.com\/wp-content\/uploads\/2025\/11\/Razz-Bar-40k-Puffs-Disposable-Vape-Wholesale-Price-12x12.webp 12w, https:\/\/vapestornado.com\/wp-content\/uploads\/2025\/11\/Razz-Bar-40k-Puffs-Disposable-Vape-Wholesale-Price-600x600.webp 600w, https:\/\/vapestornado.com\/wp-content\/uploads\/2025\/11\/Razz-Bar-40k-Puffs-Disposable-Vape-Wholesale-Price-100x100.webp 100w, https:\/\/vapestornado.com\/wp-content\/uploads\/2025\/11\/Razz-Bar-40k-Puffs-Disposable-Vape-Wholesale-Price.webp 800w\" sizes=\"(max-width: 300px) 100vw, 300px\" \/><figcaption id=\"caption-attachment-4609\" class=\"wp-caption-text\">Razz Bar 40k Puff eldobhat\u00f3 vape nagykereskedelmi \u00e1r<\/figcaption><\/figure>\n<h2>Mi\u00e9rt v\u00e1lassza a Vapestornado-t az egyszer haszn\u00e1latos vape online v\u00e1s\u00e1rl\u00e1s\u00e1hoz?<\/h2>\n<div class=\"flex-shrink-0 flex flex-col relative items-end\">\n<div class=\"pt-0\">\n<div class=\"gizmo-bot-avatar flex h-8 w-8 items-center justify-center overflow-hidden rounded-full\">\n<div class=\"relative p-1 rounded-sm flex items-center justify-center bg-token-main-surface-primary text-token-text-primary h-8 w-8\">\n<p data-start=\"136\" data-end=\"686\">V\u00e1laszt\u00e1s <strong data-start=\"145\" data-end=\"161\">Vapestornado<\/strong> mint megb\u00edzhat\u00f3 forr\u00e1s a <strong data-start=\"193\" data-end=\"227\">Elf Bar Moon Night 40000 Puff<\/strong> egy\u00fcttm\u0171k\u00f6d\u00e9s egy olyan besz\u00e1ll\u00edt\u00f3val, aki val\u00f3ban \u00e9rti az EU nagykeresked\u0151k \u00e9s kiskeresked\u0151k ig\u00e9nyeit. Mi kiemelten kezelj\u00fck <strong data-start=\"343\" data-end=\"409\">gyors sz\u00e1ll\u00edt\u00e1st, ellen\u0151rz\u00f6tt k\u00e9szletet \u00e9s stabil hossz\u00fa t\u00e1v\u00fa ell\u00e1t\u00e1st<\/strong>, biztos\u00edtva, hogy soha ne legyen k\u00e9szlethi\u00e1ny\u2014k\u00fcl\u00f6n\u00f6sen olyan magas volumen\u0171 term\u00e9kek eset\u00e9ben, mint a <a href=\"https:\/\/vapestornado.com\/hu\/product\/airmez-140k-puff-6-in-1-flavor-disposable-vape-wholesale-disposable-vape-pen-eu-warehouse\/\">Airmez 140k 6 az 1-ben,<\/a>\u00a0<a href=\"https:\/\/vapestornado.com\/hu\/product\/bang-legend-150000-puffs-6-in-1-flavor-newest-disposable-vape\/\">HiFancy Space 50000, Bang Legend 150k <\/a>Minden term\u00e9k hiteles\u00edtett csatorn\u00e1kb\u00f3l sz\u00e1rmazik, \u00edgy biztos\u00edtva <strong data-start=\"582\" data-end=\"651\">hiteles min\u0151s\u00e9get, k\u00f6vetkezetes \u00edz\u00e9lm\u00e9nyt \u00e9s megb\u00edzhat\u00f3s\u00e1got<\/strong> amely megfelel az EU piaci elv\u00e1r\u00e1soknak.<\/p>\n<\/div>\n<h2>GYIK a Razz Bar 40000 Puff Bar-r\u00f3l<\/h2>\n<div class=\"relative p-1 rounded-sm flex items-center justify-center bg-token-main-surface-primary text-token-text-primary h-8 w-8\">\n<p data-start=\"3094\" data-end=\"3257\"><strong data-start=\"3094\" data-end=\"3159\">1. Hogyan m\u0171k\u00f6dik a kett\u0151s \u00edzv\u00e1lt\u00f3 a Razz Bar 40K-n\u00e1l?<\/strong><br data-start=\"3159\" data-end=\"3162\" \/>Egyszer\u0171en emelje fel \u00e9s ford\u00edtsa el a sz\u00e1jr\u00e9szt 180 fokkal az \u00edzek k\u00f6z\u00f6tti v\u00e1lt\u00e1shoz azonnal.<\/p>\n<p data-start=\"3259\" data-end=\"3371\"><strong data-start=\"3259\" data-end=\"3306\">2. A Razz Bar 40000 Puff \u00fajrat\u00f6lthet\u0151?<\/strong><br data-start=\"3306\" data-end=\"3309\" \/>Igen, egy 650mAh-s \u00fajrat\u00f6lthet\u0151 akkumul\u00e1tort haszn\u00e1l Type-C csatlakoz\u00f3val.<\/p>\n<p data-start=\"3373\" data-end=\"3507\"><strong data-start=\"3373\" data-end=\"3416\">3. Minden \u00edzhez tartozik saj\u00e1t tekercs?<\/strong><br data-start=\"3416\" data-end=\"3419\" \/>Igen, a Razz Bar egy kett\u0151s h\u00e1l\u00f3s tekercses tart\u00e1llyal rendelkezik, biztos\u00edtva, hogy az \u00edzek tiszt\u00e1k \u00e9s elk\u00fcl\u00f6n\u00fcltek maradjanak.<\/p>\n<p data-start=\"3509\" data-end=\"3638\"><strong data-start=\"3509\" data-end=\"3546\">4. Mennyi ideig tart az eszk\u00f6z \u00e9lettartama?<\/strong><br data-start=\"3546\" data-end=\"3549\" \/>Ak\u00e1r 40K sz\u00edv\u00e1sig, a legt\u00f6bb felhaszn\u00e1l\u00f3 t\u00f6bb h\u00e9tig haszn\u00e1lhatja, a napi fogyaszt\u00e1st\u00f3l f\u00fcgg\u0151en.<\/p>\n<p data-start=\"3640\" data-end=\"3791\"><strong data-start=\"3640\" data-end=\"3701\">5. Rendelhetem a Razz Bar 40K-t egy Vape EU Rakt\u00e1rb\u00f3l?<\/strong><br data-start=\"3701\" data-end=\"3704\" \/>Igen, nagykereskedelmi rendel\u00e9seket k\u00f6zvetlen\u00fcl az EU rakt\u00e1runkb\u00f3l sz\u00e1ll\u00edtunk a gyorsabb region\u00e1lis kisz\u00e1ll\u00edt\u00e1s \u00e9rdek\u00e9ben.<\/p>\n<\/div>\n<\/div>\n<\/div>\n<\/div>","protected":false},"excerpt":{"rendered":"<article class=\"text-token-text-primary w-full focus:outline-none [--shadow-height:45px] has-data-writing-block:pointer-events-none has-data-writing-block:-mt-(--shadow-height) has-data-writing-block:pt-(--shadow-height) [&amp;:has([data-writing-block])&gt;*]:pointer-events-auto [content-visibility:auto] supports-[content-visibility:auto]:[contain-intrinsic-size:auto_100lvh] scroll-mt-[calc(var(--header-height)+min(200px,max(70px,20svh)))]\" dir=\"auto\" tabindex=\"-1\" data-turn-id=\"86ca9d92-7a10-4e6b-bda0-15f9df36adca\" data-testid=\"conversation-turn-120\" data-scroll-anchor=\"true\" data-turn=\"assistant\">\n<div class=\"text-base my-auto mx-auto pb-10 [--thread-content-margin:--spacing(4)] thread-sm:[--thread-content-margin:--spacing(6)] thread-lg:[--thread-content-margin:--spacing(16)] px-(--thread-content-margin)\">\n<div class=\"[--thread-content-max-width:40rem] thread-lg:[--thread-content-max-width:48rem] mx-auto max-w-(--thread-content-max-width) flex-1 group\/turn-messages focus-visible:outline-hidden relative flex w-full min-w-0 flex-col agent-turn\" tabindex=\"-1\">\n<div class=\"flex max-w-full flex-col grow\">\n<div class=\"min-h-8 text-message relative flex w-full flex-col items-end gap-2 text-start break-words whitespace-normal [.text-message+&amp;]:mt-1\" dir=\"auto\" data-message-author-role=\"assistant\" data-message-id=\"43b070d6-bf28-4fbe-8049-1032a61ea3ac\" data-message-model-slug=\"gpt-5\">\n<div class=\"flex w-full flex-col gap-1 empty:hidden first:pt-[1px]\">\n<div class=\"markdown prose dark:prose-invert w-full break-words light markdown-new-styling\">\n<article class=\"text-token-text-primary w-full focus:outline-none [--shadow-height:45px] has-data-writing-block:pointer-events-none has-data-writing-block:-mt-(--shadow-height) has-data-writing-block:pt-(--shadow-height) [&amp;:has([data-writing-block])&gt;*]:pointer-events-auto [content-visibility:auto] supports-[content-visibility:auto]:[contain-intrinsic-size:auto_100lvh] scroll-mt-[calc(var(--header-height)+min(200px,max(70px,20svh)))]\" dir=\"auto\" tabindex=\"-1\" data-turn-id=\"4d6f00b8-d41a-438b-8912-05a895842882\" data-testid=\"conversation-turn-130\" data-scroll-anchor=\"true\" data-turn=\"assistant\">\n<div class=\"text-base my-auto mx-auto pb-10 [--thread-content-margin:--spacing(4)] thread-sm:[--thread-content-margin:--spacing(6)] thread-lg:[--thread-content-margin:--spacing(16)] px-(--thread-content-margin)\">\n<div class=\"[--thread-content-max-width:40rem] thread-lg:[--thread-content-max-width:48rem] mx-auto max-w-(--thread-content-max-width) flex-1 group\/turn-messages focus-visible:outline-hidden relative flex w-full min-w-0 flex-col agent-turn\" tabindex=\"-1\">\n<div class=\"flex max-w-full flex-col grow\">\n<div class=\"min-h-8 text-message relative flex w-full flex-col items-end gap-2 text-start break-words whitespace-normal [.text-message+&amp;]:mt-1\" dir=\"auto\" data-message-author-role=\"assistant\" data-message-id=\"f3c520bf-c043-4392-87ea-b3bf1b3ae6d3\" data-message-model-slug=\"gpt-5-1\">\n<div class=\"flex w-full flex-col gap-1 empty:hidden first:pt-[1px]\">\n<div class=\"markdown prose dark:prose-invert w-full break-words light markdown-new-styling\">\n<p data-start=\"1595\" data-end=\"1691\"><strong data-start=\"1595\" data-end=\"1689\">Razz Bar 40K K\u00e9t \u00cdz\u0171 Power \u2013 A Legkelend\u0151bb 2 az 1-ben eldobhat\u00f3 vape az EU nagykereskedelm\u00e9ben<\/strong><\/p>\n<p data-start=\"1695\" data-end=\"1780\"><strong data-start=\"1695\" data-end=\"1778\">Razz Bar 40000 Puff \u00dajrat\u00f6lthet\u0151 Vape \u2013 Maxim\u00e1lis \u00edz\u00e9lm\u00e9ny, Hossz\u00fa \u00e9lettartam\u00fa teljes\u00edtm\u00e9ny<\/strong><\/p>\n<p data-start=\"1784\" data-end=\"1867\"><strong data-start=\"1784\" data-end=\"1865\">Razz Bar 40K Nagykereskedelmi Vape \u2013 K\u00e9t h\u00e1l\u00f3sz\u00e1las tekercs, Dupla \u00edz, Nincs kompromisszum<\/strong><\/p>\n<\/div>\n<\/div>\n<\/div>\n<\/div>\n<\/div>\n<\/div>\n<\/article>\n<\/div>\n<\/div>\n<\/div>\n<\/div>\n<\/div>\n<\/div>\n<\/article>\n<p><img fetchpriority=\"high\" decoding=\"async\" class=\"size-full wp-image-2932\" src=\"https:\/\/vapestornado.com\/wp-content\/uploads\/2024\/12\/Vape-Wholesale.jpg\" alt=\"Vape nagykereskedelem\" width=\"229\" height=\"300\" \/><\/p>\n<h3><a href=\"https:\/\/wa.me\/8617776015835\"><span style=\"color: #ff0000;\"><strong>WhatsApp: +86 17776015835<\/strong><\/span><\/a><\/h3>\n<p>&nbsp;<\/p>","protected":false},"featured_media":4613,"comment_status":"open","ping_status":"closed","template":"","meta":{"_acf_changed":false,"_uag_custom_page_level_css":"","_lmt_disableupdate":"no","_lmt_disable":"","_monsterinsights_skip_tracking":false,"_monsterinsights_sitenote_active":false,"_monsterinsights_sitenote_note":"","_monsterinsights_sitenote_category":0,"site-sidebar-layout":"default","site-content-layout":"","ast-site-content-layout":"default","site-content-style":"default","site-sidebar-style":"default","ast-global-header-display":"","ast-banner-title-visibility":"","ast-main-header-display":"","ast-hfb-above-header-display":"","ast-hfb-below-header-display":"","ast-hfb-mobile-header-display":"","site-post-title":"","ast-breadcrumbs-content":"","ast-featured-img":"","footer-sml-layout":"","ast-disable-related-posts":"","theme-transparent-header-meta":"default","adv-header-id-meta":"","stick-header-meta":"","header-above-stick-meta":"","header-main-stick-meta":"","header-below-stick-meta":"","astra-migrate-meta-layouts":"set","ast-page-background-enabled":"default","ast-page-background-meta":{"desktop":{"background-color":"","background-image":"","background-repeat":"repeat","background-position":"center center","background-size":"auto","background-attachment":"scroll","background-type":"","background-media":"","overlay-type":"","overlay-color":"","overlay-opacity":"","overlay-gradient":""},"tablet":{"background-color":"","background-image":"","background-repeat":"repeat","background-position":"center center","background-size":"auto","background-attachment":"scroll","background-type":"","background-media":"","overlay-type":"","overlay-color":"","overlay-opacity":"","overlay-gradient":""},"mobile":{"background-color":"","background-image":"","background-repeat":"repeat","background-position":"center center","background-size":"auto","background-attachment":"scroll","background-type":"","background-media":"","overlay-type":"","overlay-color":"","overlay-opacity":"","overlay-gradient":""}},"ast-content-background-meta":{"desktop":{"background-color":"var(--ast-global-color-5)","background-image":"","background-repeat":"repeat","background-position":"center center","background-size":"auto","background-attachment":"scroll","background-type":"","background-media":"","overlay-type":"","overlay-color":"","overlay-opacity":"","overlay-gradient":""},"tablet":{"background-color":"var(--ast-global-color-5)","background-image":"","background-repeat":"repeat","background-position":"center center","background-size":"auto","background-attachment":"scroll","background-type":"","background-media":"","overlay-type":"","overlay-color":"","overlay-opacity":"","overlay-gradient":""},"mobile":{"background-color":"var(--ast-global-color-5)","background-image":"","background-repeat":"repeat","background-position":"center center","background-size":"auto","background-attachment":"scroll","background-type":"","background-media":"","overlay-type":"","overlay-color":"","overlay-opacity":"","overlay-gradient":""}},"_joinchat":{"telephone":"17776015835"}},"product_brand":[],"product_cat":[149,150,151,152,144],"product_tag":[463,105,446,461,462,436],"class_list":{"0":"post-4614","1":"product","2":"type-product","3":"status-publish","4":"has-post-thumbnail","6":"product_cat-buy-disposable-vapes-in-austria","7":"product_cat-buy-disposable-vapes-in-belgium","8":"product_cat-buy-disposable-vapes-in-france","9":"product_cat-buy-disposable-vapes-in-cermany","10":"product_cat-low-nicotine-disposable-vapes","11":"product_tag-2-in-1-flavor-vape","12":"product_tag-digital-disposable-vape","13":"product_tag-disposable-vape-kit","14":"product_tag-razz-bar-40000","15":"product_tag-razz-bar-40k","16":"product_tag-shop-vape-online","17":"desktop-align-left","18":"tablet-align-left","19":"mobile-align-left","21":"first","22":"instock","23":"sale","24":"shipping-taxable","25":"purchasable","26":"product-type-simple"},"acf":[],"uagb_featured_image_src":{"full":["https:\/\/vapestornado.com\/wp-content\/uploads\/2025\/11\/RAZZ-BAR-40000-Puffs-Wholesale-Vape-Factory-Price.webp",800,800,false],"thumbnail":["https:\/\/vapestornado.com\/wp-content\/uploads\/2025\/11\/RAZZ-BAR-40000-Puffs-Wholesale-Vape-Factory-Price-150x150.webp",150,150,true],"medium":["https:\/\/vapestornado.com\/wp-content\/uploads\/2025\/11\/RAZZ-BAR-40000-Puffs-Wholesale-Vape-Factory-Price-300x300.webp",300,300,true],"medium_large":["https:\/\/vapestornado.com\/wp-content\/uploads\/2025\/11\/RAZZ-BAR-40000-Puffs-Wholesale-Vape-Factory-Price-768x768.webp",768,768,true],"large":["https:\/\/vapestornado.com\/wp-content\/uploads\/2025\/11\/RAZZ-BAR-40000-Puffs-Wholesale-Vape-Factory-Price.webp",800,800,false],"1536x1536":["https:\/\/vapestornado.com\/wp-content\/uploads\/2025\/11\/RAZZ-BAR-40000-Puffs-Wholesale-Vape-Factory-Price.webp",800,800,false],"2048x2048":["https:\/\/vapestornado.com\/wp-content\/uploads\/2025\/11\/RAZZ-BAR-40000-Puffs-Wholesale-Vape-Factory-Price.webp",800,800,false],"trp-custom-language-flag":["https:\/\/vapestornado.com\/wp-content\/uploads\/2025\/11\/RAZZ-BAR-40000-Puffs-Wholesale-Vape-Factory-Price-12x12.webp",12,12,true],"woocommerce_thumbnail":["https:\/\/vapestornado.com\/wp-content\/uploads\/2025\/11\/RAZZ-BAR-40000-Puffs-Wholesale-Vape-Factory-Price-300x300.webp",300,300,true],"woocommerce_single":["https:\/\/vapestornado.com\/wp-content\/uploads\/2025\/11\/RAZZ-BAR-40000-Puffs-Wholesale-Vape-Factory-Price-600x600.webp",600,600,true],"woocommerce_gallery_thumbnail":["https:\/\/vapestornado.com\/wp-content\/uploads\/2025\/11\/RAZZ-BAR-40000-Puffs-Wholesale-Vape-Factory-Price-100x100.webp",100,100,true]},"uagb_author_info":{"display_name":"ESAMY","author_link":"https:\/\/vapestornado.com\/hu\/author\/"},"uagb_comment_info":0,"uagb_excerpt":"Razz Bar 40K Dual Flavour Power \u2013 The Best-Selling 2-in-1 Disposable Vape for EU Wholesale Razz Bar 40000 Puff Rechargeable Vape \u2013 Maximum Taste, Long-Lasting Performance Razz Bar 40K Wholesale Vape \u2013 Dual Mesh Coil, Double Flavour, Zero Compromise WhatsApp: +86 17776015835 &nbsp;","_links":{"self":[{"href":"https:\/\/vapestornado.com\/hu\/wp-json\/wp\/v2\/product\/4614","targetHints":{"allow":["GET"]}}],"collection":[{"href":"https:\/\/vapestornado.com\/hu\/wp-json\/wp\/v2\/product"}],"about":[{"href":"https:\/\/vapestornado.com\/hu\/wp-json\/wp\/v2\/types\/product"}],"replies":[{"embeddable":true,"href":"https:\/\/vapestornado.com\/hu\/wp-json\/wp\/v2\/comments?post=4614"}],"wp:featuredmedia":[{"embeddable":true,"href":"https:\/\/vapestornado.com\/hu\/wp-json\/wp\/v2\/media\/4613"}],"wp:attachment":[{"href":"https:\/\/vapestornado.com\/hu\/wp-json\/wp\/v2\/media?parent=4614"}],"wp:term":[{"taxonomy":"product_brand","embeddable":true,"href":"https:\/\/vapestornado.com\/hu\/wp-json\/wp\/v2\/product_brand?post=4614"},{"taxonomy":"product_cat","embeddable":true,"href":"https:\/\/vapestornado.com\/hu\/wp-json\/wp\/v2\/product_cat?post=4614"},{"taxonomy":"product_tag","embeddable":true,"href":"https:\/\/vapestornado.com\/hu\/wp-json\/wp\/v2\/product_tag?post=4614"}],"curies":[{"name":"wp","href":"https:\/\/api.w.org\/{rel}","templated":true}]}}