{"id":4602,"date":"2025-11-26T09:30:42","date_gmt":"2025-11-26T09:30:42","guid":{"rendered":"https:\/\/vapestornado.com\/?post_type=product&#038;p=4602"},"modified":"2025-11-26T09:38:13","modified_gmt":"2025-11-26T09:38:13","slug":"airmez-140k-puff-6-in-1-flavor-disposable-vape-wholesale-disposable-vape-pen-eu-warehouse","status":"publish","type":"product","link":"https:\/\/vapestornado.com\/hu\/product\/airmez-140k-puff-6-in-1-flavor-disposable-vape-wholesale-disposable-vape-pen-eu-warehouse\/","title":{"rendered":"Airmez 140k Puff 6 az 1-ben \u00cdz\u0171 Eldobhat\u00f3 Vape Nagykeresked\u00e9s Eldobhat\u00f3 Vape Pen EU Rakt\u00e1r"},"content":{"rendered":"<h2 data-pm-slice=\"1 1 []\">Airmez 140k Puff \u2013 6 az 1-ben Nagy Puff Eldobhat\u00f3 Vape Pen EU Rakt\u00e1r<\/h2>\n<p data-start=\"636\" data-end=\"1125\">A <strong data-start=\"640\" data-end=\"660\">Airmez 140k Puff<\/strong> a nagykereskedelmi v\u00e1s\u00e1rl\u00f3k sz\u00e1m\u00e1ra k\u00e9sz\u00fclt, akik cs\u00facsmin\u0151s\u00e9g\u0171 term\u00e9ket szeretn\u00e9nek <strong data-start=\"711\" data-end=\"739\">Nagy Puff Eldobhat\u00f3 Vape-re<\/strong> val\u00f3di, t\u00f6bbf\u00e9le \u00edzv\u00e1laszt\u00e9kkal \u00e9s megb\u00edzhat\u00f3 teljes\u00edtm\u00e9nnyel. Ez az eszk\u00f6z integr\u00e1l <strong data-start=\"824\" data-end=\"852\">hatf\u00e9le vegyes gy\u00fcm\u00f6lcs \u00edzt<\/strong> szerte <strong data-start=\"860\" data-end=\"880\">h\u00e1rom 15 ml-es tart\u00e1lyban<\/strong>, \u00edgy a felhaszn\u00e1l\u00f3k \u00f6sszesen <strong data-start=\"903\" data-end=\"920\">45 ml kapacit\u00e1st<\/strong> \u00e1ltal t\u00e1mogatott <strong data-start=\"934\" data-end=\"953\">1.0\u03a9 mesh tekercsek<\/strong> kapnak a tiszta, egyenletes \u00edz\u00e9lm\u00e9ny \u00e9rdek\u00e9ben. A hossz\u00fa t\u00e1v\u00fa haszn\u00e1latra tervezett teljes\u00edtm\u00e9ny\u00e9vel a <strong data-start=\"1039\" data-end=\"1061\">Airmez 140000 Puff<\/strong> kiemelkedik a tart\u00f3ss\u00e1got \u00e9s \u00edzv\u00e1laszt\u00e9kot ig\u00e9nyl\u0151 piacokon.<\/p>\n<p data-start=\"1127\" data-end=\"1481\">A forg\u00f3 sz\u00e1jr\u00e9sz lehet\u0151v\u00e9 teszi a felhaszn\u00e1l\u00f3k sz\u00e1m\u00e1ra az \u00edzek azonnali v\u00e1lt\u00e1s\u00e1t, az Airmez 140k Puff-ot az egyik legpraktikusabb\u00e1 t\u00e9ve <strong data-start=\"1249\" data-end=\"1276\">\u00e1ll\u00edthat\u00f3 \u00edz\u0171 vape<\/strong> a kateg\u00f3ri\u00e1j\u00e1ban. A nagy LED kijelz\u0151 mutatja a slukkok sz\u00e1m\u00e1t, az akkumul\u00e1tor t\u00f6lt\u00f6tts\u00e9gi szintj\u00e9t \u00e9s az akt\u00edv \u00edzeket \u2013 ez\u00e1ltal a k\u00e9sz\u00fcl\u00e9k k\u00f6nnyebben kezelhet\u0151 a napi felhaszn\u00e1l\u00f3k sz\u00e1m\u00e1ra, mik\u00f6zben cs\u00f6kkenti a kiskeresked\u0151k \u00fcgyf\u00e9lszolg\u00e1lati probl\u00e9m\u00e1it.<\/p>\n<p data-start=\"1483\" data-end=\"1941\">Egy <strong data-start=\"1496\" data-end=\"1534\">650mAh Type-C \u00fajrat\u00f6lthet\u0151 akkumul\u00e1tor<\/strong>, az Airmez 140k Puff stabil teljes\u00edtm\u00e9nyt ny\u00fajt a hosszabb haszn\u00e1lat sor\u00e1n. A forgalmaz\u00f3k \u00e9s kiskeresked\u0151k sz\u00e1m\u00e1ra a lehet\u0151s\u00e9g, hogy <strong data-start=\"1659\" data-end=\"1680\">EU Rakt\u00e1rb\u00f3l V\u00e1s\u00e1rl\u00e1s<\/strong> gyorsabb teljes\u00edt\u00e9st, ad\u00f3mentes mozg\u00e1st jelent az EU-n bel\u00fcl \u00e9s megb\u00edzhat\u00f3 k\u00e9szlet rendelkez\u00e9sre \u00e1ll\u00e1st. Ez a modell j\u00f3l teljes\u00edt a 25\u201335 \u00e9ves f\u00e9rfi fogyaszt\u00f3i csoportokban Eur\u00f3pa-szerte, k\u00f6sz\u00f6nhet\u0151en az er\u0151s slukk besorol\u00e1s\u00e1nak, a mer\u00e9sz \u00edzkever\u00e9keknek \u00e9s a strapab\u00edr\u00f3, utaz\u00e1sbar\u00e1t kialak\u00edt\u00e1snak.<\/p>\n<p data-start=\"1943\" data-end=\"2251\">A <strong data-start=\"1947\" data-end=\"1969\">Airmez 140000 Puff<\/strong> alkalmas azoknak a kiskeresked\u0151knek, akiknek pr\u00e9mium eldobhat\u00f3 tollra van sz\u00fcks\u00e9g\u00fck magas \u00fcgyf\u00e9l-visszat\u00e9r\u00e9si ar\u00e1nnyal, k\u00fcl\u00f6n\u00f6sen azoknak, akik a gy\u00fcm\u00f6lcskever\u00e9kekre \u00e9s a t\u00f6bbf\u00e9le \u00edzes\u00edt\u00e9s\u0171 eszk\u00f6z\u00f6kre \u00f6sszpontos\u00edtanak. A nagykereskedelmi csomagol\u00e1s biztos\u00edtja a k\u00f6nny\u0171 t\u00e1rol\u00e1st \u00e9s a hat\u00e9kony forgalmaz\u00e1st, \u00edgy ide\u00e1lis univerz\u00e1lis SKU az EU-s vape \u00fczletek sz\u00e1m\u00e1ra.<\/p>\n<p data-start=\"666\" data-end=\"1235\"><strong style=\"font-size: 16px;\"><span style=\"color: #ff0000;\">Add hozz\u00e1 Amy WhatsApp-j\u00e1t, hogy azonnali v\u00e1laszt \u00e9s kedvezm\u00e9nyes \u00e1rat kapj!<\/span><\/strong><\/p>\n<p><img fetchpriority=\"high\" decoding=\"async\" class=\"size-full wp-image-2932\" src=\"https:\/\/vapestornado.com\/wp-content\/uploads\/2024\/12\/Vape-Wholesale.jpg\" alt=\"Vape nagykereskedelem\" width=\"229\" height=\"300\" \/><\/p>\n<h3><a href=\"https:\/\/wa.me\/8617776015835\" target=\"_blank\" rel=\"noopener\"><span style=\"color: #ff0000;\"><strong>WhatsApp: +86 17776015835<\/strong><\/span><\/a><\/h3>\n<p>&nbsp;<\/p>\n<h2><strong>Airmez 140k Puff Eldobhat\u00f3 Vape \u00cdzek List\u00e1ja<\/strong><\/h2>\n<ol data-start=\"2293\" data-end=\"2788\">\n<li data-start=\"2293\" data-end=\"2327\">\n<p data-start=\"2296\" data-end=\"2327\">Cseresznye \/ K\u00f3la J\u00e9g \/ Mang\u00f3 J\u00e9g<\/p>\n<\/li>\n<li data-start=\"2328\" data-end=\"2387\">\n<p data-start=\"2331\" data-end=\"2387\">S\u00e1rk\u00e1nygy\u00fcm\u00f6lcs J\u00e9g \/ Gy\u00fcm\u00f6lcs\u00f6s F\u00fazi\u00f3 \/ M\u00e1lna G\u00f6r\u00f6gdinnye<\/p>\n<\/li>\n<li data-start=\"2388\" data-end=\"2432\">\n<p data-start=\"2391\" data-end=\"2432\">Love 66 \/ Bogy\u00f3s Limon\u00e1d\u00e9 \/ Sz\u00e9nsavas Cseresznye<\/p>\n<\/li>\n<li data-start=\"2433\" data-end=\"2487\">\n<p data-start=\"2436\" data-end=\"2487\">Vegyes Bogy\u00f3k \/ K\u00e9k M\u00e1lna Limon\u00e1d\u00e9 \/ Cseresznye Bogy\u00f3<\/p>\n<\/li>\n<li data-start=\"2488\" data-end=\"2532\">\n<p data-start=\"2491\" data-end=\"2532\">Love 66 \/ Eper Kiwi \/ \u0150szibarack Mang\u00f3<\/p>\n<\/li>\n<li data-start=\"2533\" data-end=\"2569\">\n<p data-start=\"2536\" data-end=\"2569\">\u0150szibarack J\u00e9g \/ Mang\u00f3 J\u00e9g \/ Dr Blue<\/p>\n<\/li>\n<li data-start=\"2570\" data-end=\"2629\">\n<p data-start=\"2573\" data-end=\"2629\">Eper Ban\u00e1n \/ Vimto \/ \u00c1fonya Cseresznye T\u0151zeg\u00e1fonya<\/p>\n<\/li>\n<li data-start=\"2630\" data-end=\"2679\">\n<p data-start=\"2633\" data-end=\"2679\">Eper J\u00e9g \/ Pink Limon\u00e1d\u00e9 \/ Bingo Crush<\/p>\n<\/li>\n<li data-start=\"2680\" data-end=\"2737\">\n<p data-start=\"2683\" data-end=\"2737\">Eper G\u00f6r\u00f6gdinnye \/ Tripla Dinnye \/ K\u00e9k M\u00e1lna J\u00e9g<\/p>\n<\/li>\n<li data-start=\"2738\" data-end=\"2788\">\n<p data-start=\"2742\" data-end=\"2788\">G\u00f6r\u00f6gdinnye J\u00e9g \/ Bingo Crush \/ Vegyes Bogy\u00f3k<\/p>\n<\/li>\n<\/ol>\n<figure id=\"attachment_4599\" aria-describedby=\"caption-attachment-4599\" style=\"width: 800px\" class=\"wp-caption alignnone\"><img decoding=\"async\" class=\"wp-image-4599 size-full\" src=\"https:\/\/vapestornado.com\/wp-content\/uploads\/2025\/11\/Airmez-Fox-6-in-1-140K-Puffs-Vapes-Bulk-Buy-Price.webp\" alt=\"Airmez Fox 6 az 1-ben 140K Puffs Vape Nagykereskedelmi \u00c1r\" width=\"800\" height=\"800\" srcset=\"https:\/\/vapestornado.com\/wp-content\/uploads\/2025\/11\/Airmez-Fox-6-in-1-140K-Puffs-Vapes-Bulk-Buy-Price.webp 800w, https:\/\/vapestornado.com\/wp-content\/uploads\/2025\/11\/Airmez-Fox-6-in-1-140K-Puffs-Vapes-Bulk-Buy-Price-300x300.webp 300w, https:\/\/vapestornado.com\/wp-content\/uploads\/2025\/11\/Airmez-Fox-6-in-1-140K-Puffs-Vapes-Bulk-Buy-Price-150x150.webp 150w, https:\/\/vapestornado.com\/wp-content\/uploads\/2025\/11\/Airmez-Fox-6-in-1-140K-Puffs-Vapes-Bulk-Buy-Price-768x768.webp 768w, https:\/\/vapestornado.com\/wp-content\/uploads\/2025\/11\/Airmez-Fox-6-in-1-140K-Puffs-Vapes-Bulk-Buy-Price-12x12.webp 12w, https:\/\/vapestornado.com\/wp-content\/uploads\/2025\/11\/Airmez-Fox-6-in-1-140K-Puffs-Vapes-Bulk-Buy-Price-600x600.webp 600w, https:\/\/vapestornado.com\/wp-content\/uploads\/2025\/11\/Airmez-Fox-6-in-1-140K-Puffs-Vapes-Bulk-Buy-Price-100x100.webp 100w\" sizes=\"(max-width: 800px) 100vw, 800px\" \/><figcaption id=\"caption-attachment-4599\" class=\"wp-caption-text\">Airmez Fox 6 az 1-ben 140K Puffs Vape Nagykereskedelmi \u00c1r<\/figcaption><\/figure>\n<h2><strong>Mit\u0151l t\u0171nik ki az Airmez 140k Puff Eldobhat\u00f3 Vape Pen?<\/strong><\/h2>\n<ul data-start=\"2835\" data-end=\"3319\">\n<li data-start=\"2835\" data-end=\"2886\">\n<p data-start=\"2837\" data-end=\"2886\"><strong data-start=\"2837\" data-end=\"2863\">140 000 slukkos \u00e9lettartam<\/strong> hossz\u00fa t\u00e1v\u00fa haszn\u00e1latra.<\/p>\n<\/li>\n<li data-start=\"2887\" data-end=\"2945\">\n<p data-start=\"2889\" data-end=\"2945\"><strong data-start=\"2889\" data-end=\"2910\">Hat \u00edz m\u00f3d<\/strong> egy forg\u00f3 sz\u00e1jr\u00e9sz \u00e1ltal vez\u00e9relve.<\/p>\n<\/li>\n<li data-start=\"2946\" data-end=\"2990\">\n<p data-start=\"2948\" data-end=\"2990\"><strong data-start=\"2948\" data-end=\"2965\">45 ml kapacit\u00e1st<\/strong> h\u00e1rom 15 ml-es tart\u00e1lyb\u00f3l.<\/p>\n<\/li>\n<li data-start=\"2991\" data-end=\"3051\">\n<p data-start=\"2993\" data-end=\"3051\"><strong data-start=\"2993\" data-end=\"3011\">1.0\u03a9 mesh tekercs<\/strong> sima \u00edz \u00e9s g\u0151z s\u0171r\u0171s\u00e9g \u00e9rdek\u00e9ben.<\/p>\n<\/li>\n<li data-start=\"3052\" data-end=\"3118\">\n<p data-start=\"3054\" data-end=\"3118\"><strong data-start=\"3054\" data-end=\"3069\">LED kijelz\u0151je<\/strong> puff sz\u00e1m, \u00edz z\u00f3na \u00e9s akkumul\u00e1tor kijelz\u00e9se.<\/p>\n<\/li>\n<li data-start=\"3119\" data-end=\"3190\">\n<p data-start=\"3121\" data-end=\"3190\"><strong data-start=\"3121\" data-end=\"3159\">650mAh Type-C \u00fajrat\u00f6lthet\u0151 akkumul\u00e1tor<\/strong> \u00e1lland\u00f3 teljes\u00edtm\u00e9nyre tervezve.<\/p>\n<\/li>\n<li data-start=\"3191\" data-end=\"3248\">\n<p data-start=\"3193\" data-end=\"3248\"><strong data-start=\"3193\" data-end=\"3222\">Vegyes gy\u00fcm\u00f6lcs \u00edz f\u00f3kusz<\/strong> sz\u00e9les piaci vonzer\u0151\u00e9rt.<\/p>\n<\/li>\n<li data-start=\"3249\" data-end=\"3319\">\n<p data-start=\"3251\" data-end=\"3319\"><strong data-start=\"3251\" data-end=\"3282\">Kompakt eldobhat\u00f3 vape toll<\/strong> ide\u00e1lis EU nagykereskedelmi m\u0171veletekhez.<\/p>\n<\/li>\n<\/ul>\n<h2>Mi\u00e9rt v\u00e1lassza a Vapestornado-t az egyszer haszn\u00e1latos vape online v\u00e1s\u00e1rl\u00e1s\u00e1hoz?<\/h2>\n<div class=\"flex-shrink-0 flex flex-col relative items-end\">\n<div class=\"pt-0\">\n<div class=\"gizmo-bot-avatar flex h-8 w-8 items-center justify-center overflow-hidden rounded-full\">\n<div class=\"relative p-1 rounded-sm flex items-center justify-center bg-token-main-surface-primary text-token-text-primary h-8 w-8\">\n<p data-start=\"648\" data-end=\"799\">V\u00e1laszt\u00e1s <strong data-start=\"189\" data-end=\"205\">Vapestornado<\/strong> besz\u00e1ll\u00edt\u00f3dnak sz\u00e1modra <strong data-start=\"227\" data-end=\"261\">Elf Bar Moon Night 40000 Puff<\/strong> az azt jelenti, hogy olyan partnert biztos\u00edtunk, aki \u00e9rti az EU-alap\u00fa nagykeresked\u0151k \u00e9s kiskeresked\u0151k ig\u00e9nyeit. A gyors sz\u00e1ll\u00edt\u00e1sra, ellen\u0151rz\u00f6tt k\u00e9szletre \u00e9s stabil hossz\u00fa t\u00e1v\u00fa ell\u00e1t\u00e1sra \u00f6sszpontos\u00edtunk\u2014ezek kulcsfontoss\u00e1g\u00fa t\u00e9nyez\u0151k olyan v\u00e1llalkoz\u00e1sok sz\u00e1m\u00e1ra, amelyek nagy volumen\u0171 term\u00e9keket \u00e9rt\u00e9kes\u00edtenek, mint p\u00e9ld\u00e1ul a <strong data-start=\"489\" data-end=\"515\">Elf Bar Moon Night 40K<\/strong>. Minden t\u00e9tel k\u00f6zvetlen\u00fcl hiteles\u00edtett csatorn\u00e1kb\u00f3l sz\u00e1rmazik, biztos\u00edtva az eredeti term\u00e9keket, az er\u0151s \u00edz\u00e1lland\u00f3s\u00e1got \u00e9s a megb\u00edzhat\u00f3 min\u0151s\u00e9get, amely megfelel az EU v\u00e1s\u00e1rl\u00f3inak elv\u00e1r\u00e1sainak.<\/p>\n<p data-start=\"559\" data-end=\"933\" data-is-last-node=\"\" data-is-only-node=\"\">Van n\u00e9h\u00e1ny m\u00e1sik n\u00e9pszer\u0171 eldobhat\u00f3 vape k\u00e9perny\u0151vel, mint p\u00e9ld\u00e1ul <a href=\"https:\/\/vapestornado.com\/hu\/product\/hifancy-dream-45k-45000-puffs-disposable-vape-kit-fast-shipping-from-eu-warehouse\/\">Hifancy Dream 45k vape<\/a>, <a href=\"https:\/\/vapestornado.com\/hu\/product\/elf-bar-moon-night-40000-puffs-disposable-vape-germany-wholesale\/\">ELF BAR Holdf\u00e9ny \u00c9j 40000 Vape<\/a>, <a href=\"https:\/\/vapestornado.com\/hu\/product\/uor-120000-puff-120k-4-flavors-rechargeable-disposable-vape-shop-online\/\">UOR 120000 PUFF 4 az 1-ben<\/a>, \u00e9s m\u00e9g sok m\u00e1s.<\/p>\n<p data-start=\"559\" data-end=\"933\" data-is-last-node=\"\" data-is-only-node=\"\">\n<\/div>\n<h2>GYIK az Airmez 140k Puff-r\u00f3l<\/h2>\n<div class=\"relative p-1 rounded-sm flex items-center justify-center bg-token-main-surface-primary text-token-text-primary h-8 w-8\">\n<p data-start=\"3356\" data-end=\"3475\"><strong data-start=\"3356\" data-end=\"3412\">1. Hogyan v\u00e1lthatok \u00edzt az Airmez 140k Puff-on?<\/strong><br data-start=\"3412\" data-end=\"3415\" \/>Forgassa a sz\u00e1jr\u00e9szt az hat \u00edz m\u00f3d k\u00f6z\u00f6tt val\u00f3 v\u00e1lt\u00e1shoz.<\/p>\n<p data-start=\"3477\" data-end=\"3641\"><strong data-start=\"3477\" data-end=\"3536\">2. Mennyit b\u00edr \u00e1ltal\u00e1ban a 140000 puffos eszk\u00f6z?<\/strong><br data-start=\"3536\" data-end=\"3539\" \/>A haszn\u00e1lat v\u00e1ltoz\u00f3, de a legt\u00f6bb felhaszn\u00e1l\u00f3 jelent\u0151sen meghosszabb\u00edtott \u00e9lettartamot \u00e9lvez a magas puff \u00e9rt\u00e9k miatt.<\/p>\n<p data-start=\"3643\" data-end=\"3754\"><strong data-start=\"3643\" data-end=\"3689\">3. Az Airmez 140000 Puff \u00fajrat\u00f6lthet\u0151?<\/strong><br data-start=\"3689\" data-end=\"3692\" \/>Igen, Type-C t\u00f6lt\u0151porttal \u00e9s 650mAh-s akkumul\u00e1torral rendelkezik.<\/p>\n<p data-start=\"3756\" data-end=\"3905\"><strong data-start=\"3756\" data-end=\"3814\">4. A kijelz\u0151 mutatja a puff sz\u00e1mot \u00e9s az akkumul\u00e1tor \u00e1llapot\u00e1t?<\/strong><br data-start=\"3814\" data-end=\"3817\" \/>Az LED kijelz\u0151 val\u00f3s idej\u0171 puff nyomon k\u00f6vet\u00e9st, akkumul\u00e1tor szintet \u00e9s \u00edz jelz\u00e9st biztos\u00edt.<\/p>\n<p data-start=\"3907\" data-end=\"4052\"><strong data-start=\"3907\" data-end=\"3963\">5. Rendelhetek Airmez 140k Puff egys\u00e9geket EU rakt\u00e1rb\u00f3l?<\/strong><br data-start=\"3963\" data-end=\"3966\" \/>Igen, a <strong data-start=\"3975\" data-end=\"3996\">EU Rakt\u00e1rb\u00f3l V\u00e1s\u00e1rl\u00e1s<\/strong> Szolg\u00e1ltat\u00e1s gyors, ad\u00f3mentes sz\u00e1ll\u00edt\u00e1st t\u00e1mogat Eur\u00f3p\u00e1ban.<\/p>\n<\/div>\n<\/div>\n<\/div>\n<\/div>","protected":false},"excerpt":{"rendered":"<article class=\"text-token-text-primary w-full focus:outline-none [--shadow-height:45px] has-data-writing-block:pointer-events-none has-data-writing-block:-mt-(--shadow-height) has-data-writing-block:pt-(--shadow-height) [&amp;:has([data-writing-block])&gt;*]:pointer-events-auto [content-visibility:auto] supports-[content-visibility:auto]:[contain-intrinsic-size:auto_100lvh] scroll-mt-[calc(var(--header-height)+min(200px,max(70px,20svh)))]\" dir=\"auto\" tabindex=\"-1\" data-turn-id=\"86ca9d92-7a10-4e6b-bda0-15f9df36adca\" data-testid=\"conversation-turn-120\" data-scroll-anchor=\"true\" data-turn=\"assistant\">\n<div class=\"text-base my-auto mx-auto pb-10 [--thread-content-margin:--spacing(4)] thread-sm:[--thread-content-margin:--spacing(6)] thread-lg:[--thread-content-margin:--spacing(16)] px-(--thread-content-margin)\">\n<div class=\"[--thread-content-max-width:40rem] thread-lg:[--thread-content-max-width:48rem] mx-auto max-w-(--thread-content-max-width) flex-1 group\/turn-messages focus-visible:outline-hidden relative flex w-full min-w-0 flex-col agent-turn\" tabindex=\"-1\">\n<div class=\"flex max-w-full flex-col grow\">\n<div class=\"min-h-8 text-message relative flex w-full flex-col items-end gap-2 text-start break-words whitespace-normal [.text-message+&amp;]:mt-1\" dir=\"auto\" data-message-author-role=\"assistant\" data-message-id=\"43b070d6-bf28-4fbe-8049-1032a61ea3ac\" data-message-model-slug=\"gpt-5\">\n<div class=\"flex w-full flex-col gap-1 empty:hidden first:pt-[1px]\">\n<div class=\"markdown prose dark:prose-invert w-full break-words light markdown-new-styling\">\n<article class=\"text-token-text-primary w-full focus:outline-none [--shadow-height:45px] has-data-writing-block:pointer-events-none has-data-writing-block:-mt-(--shadow-height) has-data-writing-block:pt-(--shadow-height) [&amp;:has([data-writing-block])&gt;*]:pointer-events-auto [content-visibility:auto] supports-[content-visibility:auto]:[contain-intrinsic-size:auto_100lvh] scroll-mt-[calc(var(--header-height)+min(200px,max(70px,20svh)))]\" dir=\"auto\" tabindex=\"-1\" data-turn-id=\"4d6f00b8-d41a-438b-8912-05a895842882\" data-testid=\"conversation-turn-130\" data-scroll-anchor=\"true\" data-turn=\"assistant\">\n<div class=\"text-base my-auto mx-auto pb-10 [--thread-content-margin:--spacing(4)] thread-sm:[--thread-content-margin:--spacing(6)] thread-lg:[--thread-content-margin:--spacing(16)] px-(--thread-content-margin)\">\n<div class=\"[--thread-content-max-width:40rem] thread-lg:[--thread-content-max-width:48rem] mx-auto max-w-(--thread-content-max-width) flex-1 group\/turn-messages focus-visible:outline-hidden relative flex w-full min-w-0 flex-col agent-turn\" tabindex=\"-1\">\n<div class=\"flex max-w-full flex-col grow\">\n<div class=\"min-h-8 text-message relative flex w-full flex-col items-end gap-2 text-start break-words whitespace-normal [.text-message+&amp;]:mt-1\" dir=\"auto\" data-message-author-role=\"assistant\" data-message-id=\"f3c520bf-c043-4392-87ea-b3bf1b3ae6d3\" data-message-model-slug=\"gpt-5-1\">\n<div class=\"flex w-full flex-col gap-1 empty:hidden first:pt-[1px]\">\n<div class=\"markdown prose dark:prose-invert w-full break-words light markdown-new-styling\">\n<p>Airmez 140k Puff 6 az 1-ben Eldobhat\u00f3 Vape Pen \u2013 Nagy Puff Eszk\u00f6z EU Rakt\u00e1rk\u00e9szlettel<br \/>\nAirmez 140000 Puff \u00c1ll\u00edthat\u00f3 \u00cdz\u0171 Vape \u2013 Nagykereskedelmi K\u00e9szlet Eur\u00f3pa Szerte<br \/>\nAirmez 140k Puff 6-\u00cdz\u0171 Eldobhat\u00f3 Toll \u2013 T\u00f6meges V\u00e1s\u00e1rl\u00e1s EU Rakt\u00e1rb\u00f3l<\/p>\n<\/div>\n<\/div>\n<\/div>\n<\/div>\n<\/div>\n<\/div>\n<\/article>\n<\/div>\n<\/div>\n<\/div>\n<\/div>\n<\/div>\n<\/div>\n<\/article>\n<p><img fetchpriority=\"high\" decoding=\"async\" class=\"size-full wp-image-2932\" src=\"https:\/\/vapestornado.com\/wp-content\/uploads\/2024\/12\/Vape-Wholesale.jpg\" alt=\"Vape nagykereskedelem\" width=\"229\" height=\"300\" \/><\/p>\n<h3><a href=\"https:\/\/wa.me\/8617776015835\"><span style=\"color: #ff0000;\"><strong>WhatsApp: +86 17776015835<\/strong><\/span><\/a><\/h3>\n<p>&nbsp;<\/p>","protected":false},"featured_media":4598,"comment_status":"open","ping_status":"closed","template":"","meta":{"_acf_changed":false,"_uag_custom_page_level_css":"","_lmt_disableupdate":"no","_lmt_disable":"","_monsterinsights_skip_tracking":false,"_monsterinsights_sitenote_active":false,"_monsterinsights_sitenote_note":"","_monsterinsights_sitenote_category":0,"site-sidebar-layout":"default","site-content-layout":"","ast-site-content-layout":"default","site-content-style":"default","site-sidebar-style":"default","ast-global-header-display":"","ast-banner-title-visibility":"","ast-main-header-display":"","ast-hfb-above-header-display":"","ast-hfb-below-header-display":"","ast-hfb-mobile-header-display":"","site-post-title":"","ast-breadcrumbs-content":"","ast-featured-img":"","footer-sml-layout":"","ast-disable-related-posts":"","theme-transparent-header-meta":"default","adv-header-id-meta":"","stick-header-meta":"","header-above-stick-meta":"","header-main-stick-meta":"","header-below-stick-meta":"","astra-migrate-meta-layouts":"set","ast-page-background-enabled":"default","ast-page-background-meta":{"desktop":{"background-color":"","background-image":"","background-repeat":"repeat","background-position":"center center","background-size":"auto","background-attachment":"scroll","background-type":"","background-media":"","overlay-type":"","overlay-color":"","overlay-opacity":"","overlay-gradient":""},"tablet":{"background-color":"","background-image":"","background-repeat":"repeat","background-position":"center center","background-size":"auto","background-attachment":"scroll","background-type":"","background-media":"","overlay-type":"","overlay-color":"","overlay-opacity":"","overlay-gradient":""},"mobile":{"background-color":"","background-image":"","background-repeat":"repeat","background-position":"center center","background-size":"auto","background-attachment":"scroll","background-type":"","background-media":"","overlay-type":"","overlay-color":"","overlay-opacity":"","overlay-gradient":""}},"ast-content-background-meta":{"desktop":{"background-color":"var(--ast-global-color-5)","background-image":"","background-repeat":"repeat","background-position":"center center","background-size":"auto","background-attachment":"scroll","background-type":"","background-media":"","overlay-type":"","overlay-color":"","overlay-opacity":"","overlay-gradient":""},"tablet":{"background-color":"var(--ast-global-color-5)","background-image":"","background-repeat":"repeat","background-position":"center center","background-size":"auto","background-attachment":"scroll","background-type":"","background-media":"","overlay-type":"","overlay-color":"","overlay-opacity":"","overlay-gradient":""},"mobile":{"background-color":"var(--ast-global-color-5)","background-image":"","background-repeat":"repeat","background-position":"center center","background-size":"auto","background-attachment":"scroll","background-type":"","background-media":"","overlay-type":"","overlay-color":"","overlay-opacity":"","overlay-gradient":""}},"_joinchat":{"telephone":"17776015835"}},"product_brand":[],"product_cat":[149,150,151,152,144],"product_tag":[456,454,453,105,446,436,450,451,455],"class_list":{"0":"post-4602","1":"product","2":"type-product","3":"status-publish","4":"has-post-thumbnail","6":"product_cat-buy-disposable-vapes-in-austria","7":"product_cat-buy-disposable-vapes-in-belgium","8":"product_cat-buy-disposable-vapes-in-france","9":"product_cat-buy-disposable-vapes-in-cermany","10":"product_cat-low-nicotine-disposable-vapes","11":"product_tag-6-in-1-flavor-disposable-vape","12":"product_tag-airmez-140000-puff","13":"product_tag-airmez-140k-puff","14":"product_tag-digital-disposable-vape","15":"product_tag-disposable-vape-kit","16":"product_tag-shop-vape-online","17":"product_tag-vape-fast-shipping","18":"product_tag-vape-free-shipping","19":"product_tag-vape-pen-eu-warehouse","20":"desktop-align-left","21":"tablet-align-left","22":"mobile-align-left","24":"first","25":"instock","26":"sale","27":"shipping-taxable","28":"purchasable","29":"product-type-simple"},"acf":[],"uagb_featured_image_src":{"full":["https:\/\/vapestornado.com\/wp-content\/uploads\/2025\/11\/Airmez-Brand-140k-Puff-Disposable-Vape-Wholesale-Vape-Pen.webp",800,800,false],"thumbnail":["https:\/\/vapestornado.com\/wp-content\/uploads\/2025\/11\/Airmez-Brand-140k-Puff-Disposable-Vape-Wholesale-Vape-Pen-150x150.webp",150,150,true],"medium":["https:\/\/vapestornado.com\/wp-content\/uploads\/2025\/11\/Airmez-Brand-140k-Puff-Disposable-Vape-Wholesale-Vape-Pen-300x300.webp",300,300,true],"medium_large":["https:\/\/vapestornado.com\/wp-content\/uploads\/2025\/11\/Airmez-Brand-140k-Puff-Disposable-Vape-Wholesale-Vape-Pen-768x768.webp",768,768,true],"large":["https:\/\/vapestornado.com\/wp-content\/uploads\/2025\/11\/Airmez-Brand-140k-Puff-Disposable-Vape-Wholesale-Vape-Pen.webp",800,800,false],"1536x1536":["https:\/\/vapestornado.com\/wp-content\/uploads\/2025\/11\/Airmez-Brand-140k-Puff-Disposable-Vape-Wholesale-Vape-Pen.webp",800,800,false],"2048x2048":["https:\/\/vapestornado.com\/wp-content\/uploads\/2025\/11\/Airmez-Brand-140k-Puff-Disposable-Vape-Wholesale-Vape-Pen.webp",800,800,false],"trp-custom-language-flag":["https:\/\/vapestornado.com\/wp-content\/uploads\/2025\/11\/Airmez-Brand-140k-Puff-Disposable-Vape-Wholesale-Vape-Pen-12x12.webp",12,12,true],"woocommerce_thumbnail":["https:\/\/vapestornado.com\/wp-content\/uploads\/2025\/11\/Airmez-Brand-140k-Puff-Disposable-Vape-Wholesale-Vape-Pen-300x300.webp",300,300,true],"woocommerce_single":["https:\/\/vapestornado.com\/wp-content\/uploads\/2025\/11\/Airmez-Brand-140k-Puff-Disposable-Vape-Wholesale-Vape-Pen-600x600.webp",600,600,true],"woocommerce_gallery_thumbnail":["https:\/\/vapestornado.com\/wp-content\/uploads\/2025\/11\/Airmez-Brand-140k-Puff-Disposable-Vape-Wholesale-Vape-Pen-100x100.webp",100,100,true]},"uagb_author_info":{"display_name":"ESAMY","author_link":"https:\/\/vapestornado.com\/hu\/author\/"},"uagb_comment_info":0,"uagb_excerpt":"Airmez 140k Puff 6-in-1 Disposable Vape Pen \u2013 Big Puff Device with EU Warehouse Stock Airmez 140000 Puff Adjustable Flavor Vape \u2013 Wholesale Ready Across Europe Airmez 140k Puff 6-Flavor Disposable Pen \u2013 Bulk Buy from EU Warehouse WhatsApp: +86 17776015835 &nbsp;","_links":{"self":[{"href":"https:\/\/vapestornado.com\/hu\/wp-json\/wp\/v2\/product\/4602","targetHints":{"allow":["GET"]}}],"collection":[{"href":"https:\/\/vapestornado.com\/hu\/wp-json\/wp\/v2\/product"}],"about":[{"href":"https:\/\/vapestornado.com\/hu\/wp-json\/wp\/v2\/types\/product"}],"replies":[{"embeddable":true,"href":"https:\/\/vapestornado.com\/hu\/wp-json\/wp\/v2\/comments?post=4602"}],"wp:featuredmedia":[{"embeddable":true,"href":"https:\/\/vapestornado.com\/hu\/wp-json\/wp\/v2\/media\/4598"}],"wp:attachment":[{"href":"https:\/\/vapestornado.com\/hu\/wp-json\/wp\/v2\/media?parent=4602"}],"wp:term":[{"taxonomy":"product_brand","embeddable":true,"href":"https:\/\/vapestornado.com\/hu\/wp-json\/wp\/v2\/product_brand?post=4602"},{"taxonomy":"product_cat","embeddable":true,"href":"https:\/\/vapestornado.com\/hu\/wp-json\/wp\/v2\/product_cat?post=4602"},{"taxonomy":"product_tag","embeddable":true,"href":"https:\/\/vapestornado.com\/hu\/wp-json\/wp\/v2\/product_tag?post=4602"}],"curies":[{"name":"wp","href":"https:\/\/api.w.org\/{rel}","templated":true}]}}