{"id":4596,"date":"2025-11-25T08:25:45","date_gmt":"2025-11-25T08:25:45","guid":{"rendered":"https:\/\/vapestornado.com\/?post_type=product&#038;p=4596"},"modified":"2025-11-25T08:36:27","modified_gmt":"2025-11-25T08:36:27","slug":"airmez-fox-120000-puffs-4-flavour-big-puff-disposable-vape-pen-shop-eu-warehouse","status":"publish","type":"product","link":"https:\/\/vapestornado.com\/hu\/product\/airmez-fox-120000-puffs-4-flavour-big-puff-disposable-vape-pen-shop-eu-warehouse\/","title":{"rendered":"AIRMEZ FOX 120000 Szippant\u00e1s 4 \u00cdz\u0171 Nagy Szippant\u00e1s Eldobhat\u00f3 Vape Toll Boltban EU Rakt\u00e1r"},"content":{"rendered":"<h2 data-pm-slice=\"1 1 []\">AIRMEZ FOX 120000 \u2013 4 \u00cdz\u0171 Nagy Puff Eldobhat\u00f3 Vape Pen EU Rakt\u00e1r K\u00e9szlet<\/h2>\n<p data-start=\"610\" data-end=\"1164\">A <strong data-start=\"614\" data-end=\"635\">AIRMEZ FOX 120000<\/strong> nagykereskedelmi v\u00e1s\u00e1rl\u00f3k sz\u00e1m\u00e1ra k\u00e9sz\u00fclt, akiknek tart\u00f3s, stabil teljes\u00edtm\u00e9ny\u0171 <strong data-start=\"712\" data-end=\"740\">Nagy Puff Eldobhat\u00f3 Vape-re<\/strong> van sz\u00fcks\u00e9g\u00fck, amely val\u00f3di felhaszn\u00e1l\u00f3i vonzer\u0151vel b\u00edr. Minden eszk\u00f6z integr\u00e1l <strong data-start=\"787\" data-end=\"818\">n\u00e9gy f\u00fcggetlen 15 ml-es tart\u00e1lyt<\/strong> \u00f6sszesen <strong data-start=\"832\" data-end=\"849\">60 ml kapacit\u00e1ssal<\/strong>, amely ak\u00e1r <strong data-start=\"868\" data-end=\"885\">120 000 puf<\/strong>\u2014ez egy\u00e9rtelm\u0171 el\u0151ny a nagy fogyaszt\u00e1s\u00fa v\u00e1s\u00e1rl\u00f3kat c\u00e9lz\u00f3 \u00fczletek vagy az er\u0151s, ism\u00e9tl\u0151d\u0151 megrendel\u00e9seket keres\u0151 viszontelad\u00f3k sz\u00e1m\u00e1ra. A fels\u0151 kupak emel\u0151- \u00e9s csavar\u00f3rendszere lehet\u0151v\u00e9 teszi a felhaszn\u00e1l\u00f3k sz\u00e1m\u00e1ra az \u00edzek azonnali v\u00e1lt\u00e1s\u00e1t, \u00edgy ez az egyik legpraktikusabb <strong data-start=\"1106\" data-end=\"1133\">\u00e1ll\u00edthat\u00f3 \u00edz\u0171 vape<\/strong> a nagy kapacit\u00e1s\u00fa kateg\u00f3ri\u00e1ban.<\/p>\n<p data-start=\"1166\" data-end=\"1684\">Egy <strong data-start=\"1179\" data-end=\"1210\">650mAh-s \u00fajrat\u00f6lthet\u0151 akkumul\u00e1tor<\/strong> A Type-C gyorst\u00f6lt\u00e9ssel az <strong data-start=\"1242\" data-end=\"1261\">AIRMEZ FOX 120k<\/strong> hossz\u00fa haszn\u00e1lat sor\u00e1n is egyenletes teljes\u00edtm\u00e9nyt biztos\u00edt. A <strong data-start=\"1316\" data-end=\"1335\">1.0\u03a9 mesh tekercsek<\/strong> tiszta \u00edzt biztos\u00edt mind a n\u00e9gy tart\u00e1lyban, m\u00edg az <strong data-start=\"1391\" data-end=\"1411\">LCD okos k\u00e9perny\u0151<\/strong> gyors \u00e1ttekint\u00e9st ny\u00fajt a felhaszn\u00e1l\u00f3knak az akkumul\u00e1tor t\u00f6lt\u00f6tts\u00e9g\u00e9r\u0151l \u00e9s az \u00edzv\u00e1laszt\u00e9kr\u00f3l \u2013 ez egy fontos r\u00e9szlet, amely n\u00f6veli a felhaszn\u00e1l\u00f3i bizalmat \u00e9s cs\u00f6kkenti az \u00e9rt\u00e9kes\u00edt\u00e9s ut\u00e1ni k\u00e9rd\u00e9seket. Az EU-s v\u00e1s\u00e1rl\u00f3k sz\u00e1m\u00e1ra a <strong data-start=\"1584\" data-end=\"1605\">EU Rakt\u00e1rb\u00f3l V\u00e1s\u00e1rl\u00e1s<\/strong> lehet\u0151s\u00e9ge r\u00f6videbb sz\u00e1ll\u00edt\u00e1si \u00fatvonalakat, stabil k\u00e9szletet \u00e9s g\u00f6rd\u00fcl\u00e9kenyebb \u00fczleti tervez\u00e9st biztos\u00edt.<\/p>\n<p data-start=\"1686\" data-end=\"2063\">Az AIRMEZ FOX 120000 olyan \u00fczletek sz\u00e1m\u00e1ra k\u00e9sz\u00fclt, amelyek nagy \u00e9rt\u00e9k\u0171 eszk\u00f6zt szeretn\u00e9nek er\u0151s \u00edzteljes\u00edtm\u00e9nnyel, alacsony karbantart\u00e1ssal \u00e9s olyan fel\u00e9p\u00edt\u00e9ssel, amely j\u00f3l eladhat\u00f3 online \u00e9s a helyi \u00fczletekben is. A t\u00f6meges csomagol\u00e1s (10 db\/doboz \/ 100 db\/karton) hat\u00e9kony v\u00e1laszt\u00e1ss\u00e1 teszi a forgalmaz\u00f3k sz\u00e1m\u00e1ra, akik egy tiszta, egys\u00e9ges SKU-t szeretn\u00e9nek, amely gyorsan mozog a jelenlegi eur\u00f3pai eldobhat\u00f3 vape piacon.<\/p>\n<p data-start=\"666\" data-end=\"1235\"><strong style=\"font-size: 16px;\"><span style=\"color: #ff0000;\">Add hozz\u00e1 Amy WhatsApp-j\u00e1t, hogy azonnali v\u00e1laszt \u00e9s kedvezm\u00e9nyes \u00e1rat kapj!<\/span><\/strong><\/p>\n<p><img fetchpriority=\"high\" decoding=\"async\" class=\"size-full wp-image-2932\" src=\"https:\/\/vapestornado.com\/wp-content\/uploads\/2024\/12\/Vape-Wholesale.jpg\" alt=\"Vape nagykereskedelem\" width=\"229\" height=\"300\" \/><\/p>\n<h3><a href=\"https:\/\/wa.me\/8617776015835\" target=\"_blank\" rel=\"noopener\"><span style=\"color: #ff0000;\"><strong>WhatsApp: +86 17776015835<\/strong><\/span><\/a><\/h3>\n<p>&nbsp;<\/p>\n<h2><strong>Mi teszi kiemelked\u0151v\u00e9 az AIRMEZ FOX 120000 Puffs egyszer haszn\u00e1latos vape tollat?<\/strong><\/h2>\n<ul>\n<li data-start=\"2855\" data-end=\"2918\">\n<p data-start=\"2857\" data-end=\"2918\"><strong data-start=\"2857\" data-end=\"2893\">4 az 1-ben \u00e1ll\u00edthat\u00f3 \u00edz rendszer<\/strong> azonnali v\u00e1lt\u00e1shoz.<\/p>\n<\/li>\n<li data-start=\"2919\" data-end=\"2981\">\n<p data-start=\"2921\" data-end=\"2981\"><strong data-start=\"2921\" data-end=\"2944\">60 ml \u00f6sszt\u00e9rfogat<\/strong> (15 ml \u00d7 4 tart\u00e1ly) a hosszabb haszn\u00e1lat\u00e9rt.<\/p>\n<\/li>\n<li data-start=\"2982\" data-end=\"3040\">\n<p data-start=\"2984\" data-end=\"3040\"><strong data-start=\"2984\" data-end=\"3005\">H\u00e1l\u00f3s spir\u00e1l f\u0171t\u00e9s<\/strong> stabil, gazdag \u00edz kimenet\u00e9rt.<\/p>\n<\/li>\n<li data-start=\"3041\" data-end=\"3094\">\n<p data-start=\"3043\" data-end=\"3094\"><strong data-start=\"3043\" data-end=\"3066\">650mAh \u00fajrat\u00f6lthet\u0151<\/strong> akkumul\u00e1tor Type-C csatlakoz\u00f3val.<\/p>\n<\/li>\n<li data-start=\"3095\" data-end=\"3150\">\n<p data-start=\"3097\" data-end=\"3150\"><strong data-start=\"3097\" data-end=\"3112\">LCD kijelz\u0151<\/strong> az akkumul\u00e1tor \u00e9s az akt\u00edv \u00edz mutat\u00e1sa.<\/p>\n<\/li>\n<li data-start=\"3151\" data-end=\"3214\">\n<p data-start=\"3153\" data-end=\"3214\"><strong data-start=\"3153\" data-end=\"3182\">Nagykereskedelmi csomagol\u00e1sra k\u00e9sz<\/strong>, ide\u00e1lis nagy t\u00e9telben t\u00f6rt\u00e9n\u0151 forgalmaz\u00e1shoz.<\/p>\n<\/li>\n<li data-start=\"3215\" data-end=\"3294\">\n<p data-start=\"3217\" data-end=\"3294\"><strong data-start=\"3217\" data-end=\"3247\">EU Rakt\u00e1r Gyors Sz\u00e1ll\u00edt\u00e1s<\/strong> 3\u20137 napos \u00e9rkez\u00e9ssel \u00e9s extra ad\u00f3terhek n\u00e9lk\u00fcl.<\/p>\n<\/li>\n<\/ul>\n<figure id=\"attachment_4590\" aria-describedby=\"caption-attachment-4590\" style=\"width: 800px\" class=\"wp-caption alignnone\"><img decoding=\"async\" class=\"wp-image-4590 size-full\" src=\"https:\/\/vapestornado.com\/wp-content\/uploads\/2025\/11\/Airmez-FOX-4-IN-1-120000-Puff-Bar-EU-Warehouse.webp\" alt=\"Airmez FOX 4 az 1-ben 120000 Puffs Bar EU Rakt\u00e1r\" width=\"800\" height=\"800\" srcset=\"https:\/\/vapestornado.com\/wp-content\/uploads\/2025\/11\/Airmez-FOX-4-IN-1-120000-Puff-Bar-EU-Warehouse.webp 800w, https:\/\/vapestornado.com\/wp-content\/uploads\/2025\/11\/Airmez-FOX-4-IN-1-120000-Puff-Bar-EU-Warehouse-300x300.webp 300w, https:\/\/vapestornado.com\/wp-content\/uploads\/2025\/11\/Airmez-FOX-4-IN-1-120000-Puff-Bar-EU-Warehouse-150x150.webp 150w, https:\/\/vapestornado.com\/wp-content\/uploads\/2025\/11\/Airmez-FOX-4-IN-1-120000-Puff-Bar-EU-Warehouse-768x768.webp 768w, https:\/\/vapestornado.com\/wp-content\/uploads\/2025\/11\/Airmez-FOX-4-IN-1-120000-Puff-Bar-EU-Warehouse-12x12.webp 12w, https:\/\/vapestornado.com\/wp-content\/uploads\/2025\/11\/Airmez-FOX-4-IN-1-120000-Puff-Bar-EU-Warehouse-600x600.webp 600w, https:\/\/vapestornado.com\/wp-content\/uploads\/2025\/11\/Airmez-FOX-4-IN-1-120000-Puff-Bar-EU-Warehouse-100x100.webp 100w\" sizes=\"(max-width: 800px) 100vw, 800px\" \/><figcaption id=\"caption-attachment-4590\" class=\"wp-caption-text\">Airmez FOX 4 az 1-ben 120000 Puffs Bar EU Rakt\u00e1r<\/figcaption><\/figure>\n<div class=\"mceTemp\"><\/div>\n<h2><strong>AIRMEZ FOX 120000 Puffs Egyszer haszn\u00e1latos Vape \u00edzlist\u00e1k<\/strong><\/h2>\n<ol data-start=\"2106\" data-end=\"2809\">\n<li data-start=\"2106\" data-end=\"2191\">\n<p data-start=\"2109\" data-end=\"2191\">Eper M\u00e1lna \/ Eper Kivi \/ Eper J\u00e9g \/ S\u00e1rgabarack Mang\u00f3 Dinnye<\/p>\n<\/li>\n<li data-start=\"2192\" data-end=\"2280\">\n<p data-start=\"2195\" data-end=\"2280\">Dinnye J\u00e9g \/ Eper Dinnye \/ M\u00e1lna Dinnye \/ \u00c1fonya M\u00e1lna<\/p>\n<\/li>\n<li data-start=\"2281\" data-end=\"2345\">\n<p data-start=\"2284\" data-end=\"2345\">R\u00f3zsasz\u00edn Limon\u00e1d\u00e9 \/ Szenved\u00e9ly Cs\u00f3k \/ Vegyes Bogy\u00f3k \/ H\u00e1rom Bogy\u00f3<\/p>\n<\/li>\n<li data-start=\"2346\" data-end=\"2396\">\n<p data-start=\"2349\" data-end=\"2396\">Cseresznye \/ Szerelem 66 \/ Bogy\u00f3s Limon\u00e1d\u00e9 \/ Sz\u0151l\u0151 J\u00e9g<\/p>\n<\/li>\n<li data-start=\"2397\" data-end=\"2465\">\n<p data-start=\"2400\" data-end=\"2465\">Mang\u00f3 S\u00e1rgabarack \/ Tr\u00f3pusi Gy\u00fcm\u00f6lcs \/ S\u00e1rgabarack J\u00e9g \/ Savany\u00fa Mang\u00f3 Anan\u00e1sz<\/p>\n<\/li>\n<li data-start=\"2466\" data-end=\"2528\">\n<p data-start=\"2469\" data-end=\"2528\">Sz\u0151l\u0151 J\u00e9g \/ Szerelem 66 \/ \u00c1fonya J\u00e9gen \/ S\u00e1rk\u00e1nygy\u00fcm\u00f6lcs J\u00e9g<\/p>\n<\/li>\n<li data-start=\"2529\" data-end=\"2596\">\n<p data-start=\"2532\" data-end=\"2596\">Szerelem 66 \/ Cseresznye \/ \u00c1fonya J\u00e9gen \/ Kivi Passi\u00f3gy\u00fcm\u00f6lcs Guava<\/p>\n<\/li>\n<li data-start=\"2597\" data-end=\"2654\">\n<p data-start=\"2600\" data-end=\"2654\">\u0150szibarack J\u00e9g \/ R\u00f3zsasz\u00edn Limon\u00e1d\u00e9 \/ Dinnye J\u00e9g \/ Dr Blue<\/p>\n<\/li>\n<li data-start=\"2655\" data-end=\"2720\">\n<p data-start=\"2658\" data-end=\"2720\">V\u00f6r\u00f6s Mojito \/ Szerelem 66 \/ Vegyes Bogy\u00f3k \/ Eper Dinnye<\/p>\n<\/li>\n<li data-start=\"2721\" data-end=\"2809\">\n<p data-start=\"2725\" data-end=\"2809\">\u0150szibarack Mang\u00f3 Dinnye \/ \u00c1fonya Cseresznye \/ Dinnye S\u00e1rk\u00e1nygy\u00fcm\u00f6lcs \/ Szenved\u00e9ly Cs\u00f3k<\/p>\n<\/li>\n<\/ol>\n<h2>Mi\u00e9rt v\u00e1lassza a Vapestornado-t az egyszer haszn\u00e1latos vape online v\u00e1s\u00e1rl\u00e1s\u00e1hoz?<\/h2>\n<div class=\"flex-shrink-0 flex flex-col relative items-end\">\n<div class=\"pt-0\">\n<div class=\"gizmo-bot-avatar flex h-8 w-8 items-center justify-center overflow-hidden rounded-full\">\n<div class=\"relative p-1 rounded-sm flex items-center justify-center bg-token-main-surface-primary text-token-text-primary h-8 w-8\">\n<p data-start=\"648\" data-end=\"799\">V\u00e1laszt\u00e1s <strong data-start=\"189\" data-end=\"205\">Vapestornado<\/strong> besz\u00e1ll\u00edt\u00f3dnak sz\u00e1modra <strong data-start=\"227\" data-end=\"261\">Elf Bar Moon Night 40000 Puff<\/strong> az azt jelenti, hogy olyan partnert biztos\u00edtunk, aki \u00e9rti az EU-alap\u00fa nagykeresked\u0151k \u00e9s kiskeresked\u0151k ig\u00e9nyeit. A gyors sz\u00e1ll\u00edt\u00e1sra, ellen\u0151rz\u00f6tt k\u00e9szletre \u00e9s stabil hossz\u00fa t\u00e1v\u00fa ell\u00e1t\u00e1sra \u00f6sszpontos\u00edtunk\u2014ezek kulcsfontoss\u00e1g\u00fa t\u00e9nyez\u0151k olyan v\u00e1llalkoz\u00e1sok sz\u00e1m\u00e1ra, amelyek nagy volumen\u0171 term\u00e9keket \u00e9rt\u00e9kes\u00edtenek, mint p\u00e9ld\u00e1ul a <strong data-start=\"489\" data-end=\"515\">Elf Bar Moon Night 40K<\/strong>. Minden t\u00e9tel k\u00f6zvetlen\u00fcl hiteles\u00edtett csatorn\u00e1kb\u00f3l sz\u00e1rmazik, biztos\u00edtva az eredeti term\u00e9keket, az er\u0151s \u00edz\u00e1lland\u00f3s\u00e1got \u00e9s a megb\u00edzhat\u00f3 min\u0151s\u00e9get, amely megfelel az EU v\u00e1s\u00e1rl\u00f3inak elv\u00e1r\u00e1sainak.<\/p>\n<p data-start=\"559\" data-end=\"933\" data-is-last-node=\"\" data-is-only-node=\"\">Van n\u00e9h\u00e1ny m\u00e1sik n\u00e9pszer\u0171 eldobhat\u00f3 vape k\u00e9perny\u0151vel, mint p\u00e9ld\u00e1ul <a href=\"https:\/\/vapestornado.com\/hu\/product\/hifancy-dream-45k-45000-puffs-disposable-vape-kit-fast-shipping-from-eu-warehouse\/\">Hifancy Dream 45k vape<\/a>, <a href=\"https:\/\/vapestornado.com\/hu\/product\/elf-bar-moon-night-40000-puffs-disposable-vape-germany-wholesale\/\">ELF BAR Holdf\u00e9ny \u00c9j 40000 Vape<\/a>, <a href=\"https:\/\/vapestornado.com\/hu\/product\/uor-120000-puff-120k-4-flavors-rechargeable-disposable-vape-shop-online\/\">UOR 120000 PUFF 4 az 1-ben<\/a>, \u00e9s m\u00e9g sok m\u00e1s.<\/p>\n<p data-start=\"559\" data-end=\"933\" data-is-last-node=\"\" data-is-only-node=\"\">\n<\/div>\n<h2>GYIK az AIRMEZ FOX 120000 Puffs-r\u00f3l<\/h2>\n<div class=\"relative p-1 rounded-sm flex items-center justify-center bg-token-main-surface-primary text-token-text-primary h-8 w-8\">\n<p data-start=\"3330\" data-end=\"3457\"><strong data-start=\"3330\" data-end=\"3387\">1. Hogyan v\u00e1ltsak \u00edzt az AIRMEZ FOX 120000-en?<\/strong><br data-start=\"3387\" data-end=\"3390\" \/>Emelje fel \u00e9s csavarja meg a fels\u0151 cseppent\u0151 r\u00e9szt az \u00edztank v\u00e1lt\u00e1s\u00e1hoz.<\/p>\n<p data-start=\"3459\" data-end=\"3562\"><strong data-start=\"3459\" data-end=\"3502\">2. Az AIRMEZ FOX 120k \u00fajrat\u00f6lthet\u0151?<\/strong><br data-start=\"3502\" data-end=\"3505\" \/>Igen, Type-C csatlakoz\u00f3val \u00e9s 650mAh bels\u0151 akkumul\u00e1torral rendelkezik.<\/p>\n<p data-start=\"3564\" data-end=\"3691\"><strong data-start=\"3564\" data-end=\"3612\">3. Mennyit puffol egy-egy \u00edz?<\/strong><br data-start=\"3612\" data-end=\"3615\" \/>Minden tank k\u00f6r\u00fclbel\u00fcl 30 000 puffot ny\u00fajt, \u00f6sszesen kb. 120 000-et.<\/p>\n<p data-start=\"3693\" data-end=\"3813\"><strong data-start=\"3693\" data-end=\"3743\">4. Mutatja az okost\u00e9v\u00e9 a e-liquid szinteket?<\/strong><br data-start=\"3743\" data-end=\"3746\" \/>Igen, az LCD kijelz\u0151 mutatja az akkumul\u00e1tor \u00e1llapot\u00e1t \u00e9s az akt\u00edv \u00edzt.<\/p>\n<p data-start=\"3815\" data-end=\"3944\"><strong data-start=\"3815\" data-end=\"3866\">5. Rendelhetek AIRMEZ FOX 120000-et EU rakt\u00e1rb\u00f3l?<\/strong><br data-start=\"3866\" data-end=\"3869\" \/>Igen, a <strong data-start=\"3878\" data-end=\"3899\">EU Rakt\u00e1rb\u00f3l V\u00e1s\u00e1rl\u00e1s<\/strong> Szolg\u00e1ltat\u00e1si haj\u00f3k 3\u20137 napon bel\u00fcl Eur\u00f3pa-szerte.<\/p>\n<\/div>\n<\/div>\n<\/div>\n<\/div>","protected":false},"excerpt":{"rendered":"<article class=\"text-token-text-primary w-full focus:outline-none [--shadow-height:45px] has-data-writing-block:pointer-events-none has-data-writing-block:-mt-(--shadow-height) has-data-writing-block:pt-(--shadow-height) [&amp;:has([data-writing-block])&gt;*]:pointer-events-auto [content-visibility:auto] supports-[content-visibility:auto]:[contain-intrinsic-size:auto_100lvh] scroll-mt-[calc(var(--header-height)+min(200px,max(70px,20svh)))]\" dir=\"auto\" tabindex=\"-1\" data-turn-id=\"86ca9d92-7a10-4e6b-bda0-15f9df36adca\" data-testid=\"conversation-turn-120\" data-scroll-anchor=\"true\" data-turn=\"assistant\">\n<div class=\"text-base my-auto mx-auto pb-10 [--thread-content-margin:--spacing(4)] thread-sm:[--thread-content-margin:--spacing(6)] thread-lg:[--thread-content-margin:--spacing(16)] px-(--thread-content-margin)\">\n<div class=\"[--thread-content-max-width:40rem] thread-lg:[--thread-content-max-width:48rem] mx-auto max-w-(--thread-content-max-width) flex-1 group\/turn-messages focus-visible:outline-hidden relative flex w-full min-w-0 flex-col agent-turn\" tabindex=\"-1\">\n<div class=\"flex max-w-full flex-col grow\">\n<div class=\"min-h-8 text-message relative flex w-full flex-col items-end gap-2 text-start break-words whitespace-normal [.text-message+&amp;]:mt-1\" dir=\"auto\" data-message-author-role=\"assistant\" data-message-id=\"43b070d6-bf28-4fbe-8049-1032a61ea3ac\" data-message-model-slug=\"gpt-5\">\n<div class=\"flex w-full flex-col gap-1 empty:hidden first:pt-[1px]\">\n<div class=\"markdown prose dark:prose-invert w-full break-words light markdown-new-styling\">\n<article class=\"text-token-text-primary w-full focus:outline-none [--shadow-height:45px] has-data-writing-block:pointer-events-none has-data-writing-block:-mt-(--shadow-height) has-data-writing-block:pt-(--shadow-height) [&amp;:has([data-writing-block])&gt;*]:pointer-events-auto [content-visibility:auto] supports-[content-visibility:auto]:[contain-intrinsic-size:auto_100lvh] scroll-mt-[calc(var(--header-height)+min(200px,max(70px,20svh)))]\" dir=\"auto\" tabindex=\"-1\" data-turn-id=\"4d6f00b8-d41a-438b-8912-05a895842882\" data-testid=\"conversation-turn-130\" data-scroll-anchor=\"true\" data-turn=\"assistant\">\n<div class=\"text-base my-auto mx-auto pb-10 [--thread-content-margin:--spacing(4)] thread-sm:[--thread-content-margin:--spacing(6)] thread-lg:[--thread-content-margin:--spacing(16)] px-(--thread-content-margin)\">\n<div class=\"[--thread-content-max-width:40rem] thread-lg:[--thread-content-max-width:48rem] mx-auto max-w-(--thread-content-max-width) flex-1 group\/turn-messages focus-visible:outline-hidden relative flex w-full min-w-0 flex-col agent-turn\" tabindex=\"-1\">\n<div class=\"flex max-w-full flex-col grow\">\n<div class=\"min-h-8 text-message relative flex w-full flex-col items-end gap-2 text-start break-words whitespace-normal [.text-message+&amp;]:mt-1\" dir=\"auto\" data-message-author-role=\"assistant\" data-message-id=\"f3c520bf-c043-4392-87ea-b3bf1b3ae6d3\" data-message-model-slug=\"gpt-5-1\">\n<div class=\"flex w-full flex-col gap-1 empty:hidden first:pt-[1px]\">\n<div class=\"markdown prose dark:prose-invert w-full break-words light markdown-new-styling\">\n<p>AIRMEZ FOX 120000 Nagy Szippant\u00e1s Eldobhat\u00f3 Vape \u2013 4 \u00cdz\u0171 120k Eszk\u00f6z EU Rakt\u00e1rk\u00e9szlettel<\/p>\n<p>AIRMEZ FOX 120k \u00c1ll\u00edthat\u00f3 \u00cdz\u0171 Vape \u2013 Nagybani Rendel\u00e9sek K\u00e9szleten EU Rakt\u00e1rb\u00f3l<\/p>\n<p>AIRMEZ FOX 120000 Szippant\u00e1s 4 az 1-ben Eldobhat\u00f3 Toll \u2013 Hossz\u00fa \u00c9lettartam\u00fa 120k Vape Nagybani V\u00e1s\u00e1rl\u00f3knak<\/p>\n<\/div>\n<\/div>\n<\/div>\n<\/div>\n<\/div>\n<\/div>\n<\/article>\n<\/div>\n<\/div>\n<\/div>\n<\/div>\n<\/div>\n<\/div>\n<\/article>\n<p><img fetchpriority=\"high\" decoding=\"async\" class=\"size-full wp-image-2932\" src=\"https:\/\/vapestornado.com\/wp-content\/uploads\/2024\/12\/Vape-Wholesale.jpg\" alt=\"Vape nagykereskedelem\" width=\"229\" height=\"300\" \/><\/p>\n<h3><a href=\"https:\/\/wa.me\/8617776015835\"><span style=\"color: #ff0000;\"><strong>WhatsApp: +86 17776015835<\/strong><\/span><\/a><\/h3>\n<p>&nbsp;<\/p>","protected":false},"featured_media":4595,"comment_status":"open","ping_status":"closed","template":"","meta":{"_acf_changed":false,"_uag_custom_page_level_css":"","_lmt_disableupdate":"no","_lmt_disable":"","_monsterinsights_skip_tracking":false,"_monsterinsights_sitenote_active":false,"_monsterinsights_sitenote_note":"","_monsterinsights_sitenote_category":0,"site-sidebar-layout":"default","site-content-layout":"","ast-site-content-layout":"default","site-content-style":"default","site-sidebar-style":"default","ast-global-header-display":"","ast-banner-title-visibility":"","ast-main-header-display":"","ast-hfb-above-header-display":"","ast-hfb-below-header-display":"","ast-hfb-mobile-header-display":"","site-post-title":"","ast-breadcrumbs-content":"","ast-featured-img":"","footer-sml-layout":"","ast-disable-related-posts":"","theme-transparent-header-meta":"default","adv-header-id-meta":"","stick-header-meta":"","header-above-stick-meta":"","header-main-stick-meta":"","header-below-stick-meta":"","astra-migrate-meta-layouts":"set","ast-page-background-enabled":"default","ast-page-background-meta":{"desktop":{"background-color":"","background-image":"","background-repeat":"repeat","background-position":"center center","background-size":"auto","background-attachment":"scroll","background-type":"","background-media":"","overlay-type":"","overlay-color":"","overlay-opacity":"","overlay-gradient":""},"tablet":{"background-color":"","background-image":"","background-repeat":"repeat","background-position":"center center","background-size":"auto","background-attachment":"scroll","background-type":"","background-media":"","overlay-type":"","overlay-color":"","overlay-opacity":"","overlay-gradient":""},"mobile":{"background-color":"","background-image":"","background-repeat":"repeat","background-position":"center center","background-size":"auto","background-attachment":"scroll","background-type":"","background-media":"","overlay-type":"","overlay-color":"","overlay-opacity":"","overlay-gradient":""}},"ast-content-background-meta":{"desktop":{"background-color":"var(--ast-global-color-5)","background-image":"","background-repeat":"repeat","background-position":"center center","background-size":"auto","background-attachment":"scroll","background-type":"","background-media":"","overlay-type":"","overlay-color":"","overlay-opacity":"","overlay-gradient":""},"tablet":{"background-color":"var(--ast-global-color-5)","background-image":"","background-repeat":"repeat","background-position":"center center","background-size":"auto","background-attachment":"scroll","background-type":"","background-media":"","overlay-type":"","overlay-color":"","overlay-opacity":"","overlay-gradient":""},"mobile":{"background-color":"var(--ast-global-color-5)","background-image":"","background-repeat":"repeat","background-position":"center center","background-size":"auto","background-attachment":"scroll","background-type":"","background-media":"","overlay-type":"","overlay-color":"","overlay-opacity":"","overlay-gradient":""}},"_joinchat":{"telephone":"17776015835"}},"product_brand":[],"product_cat":[347,149,150,151,157,146],"product_tag":[449,452,105,446,436,450,451],"class_list":{"0":"post-4596","1":"product","2":"type-product","3":"status-publish","4":"has-post-thumbnail","6":"product_cat-120000-puff","7":"product_cat-buy-disposable-vapes-in-austria","8":"product_cat-buy-disposable-vapes-in-belgium","9":"product_cat-buy-disposable-vapes-in-france","10":"product_cat-buy-disposable-vapes-in-portugal","11":"product_cat-rechargeable-disposable-vapes","12":"product_tag-airmez-fox-120000","13":"product_tag-airmez-fox-120k","14":"product_tag-digital-disposable-vape","15":"product_tag-disposable-vape-kit","16":"product_tag-shop-vape-online","17":"product_tag-vape-fast-shipping","18":"product_tag-vape-free-shipping","19":"desktop-align-left","20":"tablet-align-left","21":"mobile-align-left","23":"first","24":"instock","25":"sale","26":"shipping-taxable","27":"purchasable","28":"product-type-simple"},"acf":[],"uagb_featured_image_src":{"full":["https:\/\/vapestornado.com\/wp-content\/uploads\/2025\/11\/Airmez-Fox-Disposable-Vape-120k-Puffs-4-in-1-Vape.webp",800,800,false],"thumbnail":["https:\/\/vapestornado.com\/wp-content\/uploads\/2025\/11\/Airmez-Fox-Disposable-Vape-120k-Puffs-4-in-1-Vape-150x150.webp",150,150,true],"medium":["https:\/\/vapestornado.com\/wp-content\/uploads\/2025\/11\/Airmez-Fox-Disposable-Vape-120k-Puffs-4-in-1-Vape-300x300.webp",300,300,true],"medium_large":["https:\/\/vapestornado.com\/wp-content\/uploads\/2025\/11\/Airmez-Fox-Disposable-Vape-120k-Puffs-4-in-1-Vape-768x768.webp",768,768,true],"large":["https:\/\/vapestornado.com\/wp-content\/uploads\/2025\/11\/Airmez-Fox-Disposable-Vape-120k-Puffs-4-in-1-Vape.webp",800,800,false],"1536x1536":["https:\/\/vapestornado.com\/wp-content\/uploads\/2025\/11\/Airmez-Fox-Disposable-Vape-120k-Puffs-4-in-1-Vape.webp",800,800,false],"2048x2048":["https:\/\/vapestornado.com\/wp-content\/uploads\/2025\/11\/Airmez-Fox-Disposable-Vape-120k-Puffs-4-in-1-Vape.webp",800,800,false],"trp-custom-language-flag":["https:\/\/vapestornado.com\/wp-content\/uploads\/2025\/11\/Airmez-Fox-Disposable-Vape-120k-Puffs-4-in-1-Vape-12x12.webp",12,12,true],"woocommerce_thumbnail":["https:\/\/vapestornado.com\/wp-content\/uploads\/2025\/11\/Airmez-Fox-Disposable-Vape-120k-Puffs-4-in-1-Vape-300x300.webp",300,300,true],"woocommerce_single":["https:\/\/vapestornado.com\/wp-content\/uploads\/2025\/11\/Airmez-Fox-Disposable-Vape-120k-Puffs-4-in-1-Vape-600x600.webp",600,600,true],"woocommerce_gallery_thumbnail":["https:\/\/vapestornado.com\/wp-content\/uploads\/2025\/11\/Airmez-Fox-Disposable-Vape-120k-Puffs-4-in-1-Vape-100x100.webp",100,100,true]},"uagb_author_info":{"display_name":"ESAMY","author_link":"https:\/\/vapestornado.com\/hu\/author\/"},"uagb_comment_info":0,"uagb_excerpt":"AIRMEZ FOX 120000 Big Puff Disposable Vape \u2013 4-Flavour 120k Device with EU Warehouse Stock AIRMEZ FOX 120k Adjustable Flavor Vape \u2013 Bulk Orders Ready from EU Warehouse AIRMEZ FOX 120000 Puffs 4-in-1 Disposable Pen \u2013 Long-Life 120k Vape for Wholesale Buyers WhatsApp: +86 17776015835 &nbsp;","_links":{"self":[{"href":"https:\/\/vapestornado.com\/hu\/wp-json\/wp\/v2\/product\/4596","targetHints":{"allow":["GET"]}}],"collection":[{"href":"https:\/\/vapestornado.com\/hu\/wp-json\/wp\/v2\/product"}],"about":[{"href":"https:\/\/vapestornado.com\/hu\/wp-json\/wp\/v2\/types\/product"}],"replies":[{"embeddable":true,"href":"https:\/\/vapestornado.com\/hu\/wp-json\/wp\/v2\/comments?post=4596"}],"wp:featuredmedia":[{"embeddable":true,"href":"https:\/\/vapestornado.com\/hu\/wp-json\/wp\/v2\/media\/4595"}],"wp:attachment":[{"href":"https:\/\/vapestornado.com\/hu\/wp-json\/wp\/v2\/media?parent=4596"}],"wp:term":[{"taxonomy":"product_brand","embeddable":true,"href":"https:\/\/vapestornado.com\/hu\/wp-json\/wp\/v2\/product_brand?post=4596"},{"taxonomy":"product_cat","embeddable":true,"href":"https:\/\/vapestornado.com\/hu\/wp-json\/wp\/v2\/product_cat?post=4596"},{"taxonomy":"product_tag","embeddable":true,"href":"https:\/\/vapestornado.com\/hu\/wp-json\/wp\/v2\/product_tag?post=4596"}],"curies":[{"name":"wp","href":"https:\/\/api.w.org\/{rel}","templated":true}]}}