{"id":4588,"date":"2025-11-24T09:07:52","date_gmt":"2025-11-24T09:07:52","guid":{"rendered":"https:\/\/vapestornado.com\/?post_type=product&#038;p=4588"},"modified":"2025-11-24T09:18:30","modified_gmt":"2025-11-24T09:18:30","slug":"hifancy-space-50000-puff-50k-disposable-screen-vape-bulk-buy-cheap-price-online","status":"publish","type":"product","link":"https:\/\/vapestornado.com\/hu\/product\/hifancy-space-50000-puff-50k-disposable-screen-vape-bulk-buy-cheap-price-online\/","title":{"rendered":"HIFANCY SPACE 50000 Puff 50k Egyszer haszn\u00e1latos Kijelz\u0151 Vape Nagybani V\u00e1s\u00e1rl\u00e1s Olcs\u00f3 \u00c1r Online"},"content":{"rendered":"<h2 data-pm-slice=\"1 1 []\">HIFANCY SPACE 50000 Puffs Egyszer haszn\u00e1latos K\u00e9perny\u0151s Vape \u2013 Nagykereskedelem EU Rakt\u00e1r<\/h2>\n<p data-start=\"636\" data-end=\"1141\">A <strong data-start=\"640\" data-end=\"663\">HIFANCY SPACE 50000<\/strong> az olyan v\u00e1s\u00e1rl\u00f3knak k\u00e9sz\u00fclt, akik stabil mennyis\u00e9get, er\u0151s \u00edz kimenetet \u00e9s gyors ut\u00e1np\u00f3tl\u00e1st keresnek megb\u00edzhat\u00f3 EU rakt\u00e1ri sz\u00e1ll\u00edt\u00e1ssal. Ez az eszk\u00f6z az egyens\u00falyt hozza, amit a nagykeresked\u0151k keresnek: kompakt test, vil\u00e1gos kijelz\u0151 \u00e9s egy <strong data-start=\"891\" data-end=\"909\">50k puffos oszt\u00e1ly<\/strong> \u00e9rt\u00e9kel\u00e9s, amely megfelel a folyamatos napi haszn\u00e1latnak. A <strong data-start=\"953\" data-end=\"992\">650mAh t\u00edpus-C gyors t\u00f6lt\u00e9s\u0171 akkumul\u00e1tor<\/strong>, p\u00e1ros\u00edtva egy <strong data-start=\"1008\" data-end=\"1028\">h\u00e1l\u00f3s tekercsrendszer<\/strong>, minden h\u00faz\u00e1sn\u00e1l ism\u00e9telhet\u0151 teljes\u00edtm\u00e9nyt ny\u00fajt, \u00edgy megb\u00edzhat\u00f3 v\u00e1laszt\u00e1s kiskereskedelmi \u00fczletek \u00e9s forgalmaz\u00f3k sz\u00e1m\u00e1ra.<\/p>\n<p data-start=\"1143\" data-end=\"1568\">Egy <strong data-start=\"1150\" data-end=\"1173\">30mL el\u0151re t\u00f6lt\u00f6tt tart\u00e1ly<\/strong> \u00e9s opci\u00f3k <strong data-start=\"1189\" data-end=\"1225\">2%, 3%, \u00e9s 5% nikotinszinteken<\/strong> ( r\u00e9gi\u00f3f\u00fcgg\u0151 ), a HIFANCY SPACE 50k megfelel a magyar f\u00e9rfi 25\u201335 \u00e9ves szegmens preferenci\u00e1inak \u2014 k\u00f6vetkezetes, er\u0151s \u00e9s egy\u00e9rtelm\u0171. A <strong data-start=\"1369\" data-end=\"1389\">k\u00e9perny\u0151 fel\u00fclet<\/strong> seg\u00edt a felhaszn\u00e1l\u00f3knak nyomon k\u00f6vetni az energia- \u00e9s haszn\u00e1latot, cs\u00f6kkentve a zavart \u00e9s n\u00f6velve az \u00fcgyf\u00e9l-el\u00e9gedetts\u00e9get, k\u00fcl\u00f6n\u00f6sen az \u00faj v\u00e1s\u00e1rl\u00f3k sz\u00e1m\u00e1ra, akik egy egyszer\u0171 \u00e9s tart\u00f3s Egyszer haszn\u00e1latos Vape Kitet keresnek.<\/p>\n<p data-start=\"1570\" data-end=\"1918\">Ahogy a vape egyszer haszn\u00e1latos nagykereskedelmi kereslete n\u00f6vekszik, a <strong data-start=\"1629\" data-end=\"1652\">HIFANCY SPACE 50000<\/strong> poz\u00edcion\u00e1lja mag\u00e1t, mint egy magas \u00e9rt\u00e9k\u0171 term\u00e9k, versenyk\u00e9pes \u00e1rtartom\u00e1nnyal \u00e9s stabil ell\u00e1t\u00e1si k\u00e9pess\u00e9ggel. Ha m\u00e1r tartasz k\u00e9szleten <strong data-start=\"1776\" data-end=\"1797\">HiFancy Dream 45k<\/strong>, ez az \u00faj modell t\u00f6k\u00e9letesen illeszkedik, mint az er\u0151sebb, 50 000 sz\u00edv\u00f3puffos friss\u00edt\u00e9s azok sz\u00e1m\u00e1ra, akik hosszabb haszn\u00e1latot \u00e9s okosabb eszk\u00f6zt szeretn\u00e9nek.<\/p>\n<p data-start=\"666\" data-end=\"1235\"><strong style=\"font-size: 16px;\"><span style=\"color: #ff0000;\">Add hozz\u00e1 Amy WhatsApp-j\u00e1t, hogy azonnali v\u00e1laszt \u00e9s kedvezm\u00e9nyes \u00e1rat kapj!<\/span><\/strong><\/p>\n<p><img fetchpriority=\"high\" decoding=\"async\" class=\"size-full wp-image-2932\" src=\"https:\/\/vapestornado.com\/wp-content\/uploads\/2024\/12\/Vape-Wholesale.jpg\" alt=\"Vape nagykereskedelem\" width=\"229\" height=\"300\" \/><\/p>\n<h3><a href=\"https:\/\/wa.me\/8617776015835\" target=\"_blank\" rel=\"noopener\"><span style=\"color: #ff0000;\"><strong>WhatsApp: +86 17776015835<\/strong><\/span><\/a><\/h3>\n<p>&nbsp;<\/p>\n<h2><strong>Mi teszi kiemelked\u0151v\u00e9 a HIFANCY SPACE 50000 Puff Egyszer haszn\u00e1latos Vape Tollat?<\/strong><\/h2>\n<ul data-start=\"2287\" data-end=\"2712\">\n<li data-start=\"2287\" data-end=\"2351\">\n<p data-start=\"2289\" data-end=\"2351\"><strong data-start=\"2289\" data-end=\"2317\">50 000 sz\u00edv\u00f3puffos oszt\u00e1ly\u00fa teljes\u00edtm\u00e9ny<\/strong> hossz\u00fa t\u00e1v\u00fa haszn\u00e1latra tervezve.<\/p>\n<\/li>\n<li data-start=\"2352\" data-end=\"2426\">\n<p data-start=\"2354\" data-end=\"2426\"><strong data-start=\"2354\" data-end=\"2381\">30 ml el\u0151re t\u00f6lt\u00f6tt kapacit\u00e1s<\/strong>, nem \u00fajrat\u00f6lthet\u0151 a sziv\u00e1rg\u00e1smentes m\u0171k\u00f6d\u00e9s\u00e9rt.<\/p>\n<\/li>\n<li data-start=\"2427\" data-end=\"2497\">\n<p data-start=\"2429\" data-end=\"2497\"><strong data-start=\"2429\" data-end=\"2447\">650mAh akkumul\u00e1torral<\/strong> Type-C gyors t\u00f6lt\u00e9ssel (kb. 30 perc).<\/p>\n<\/li>\n<li data-start=\"2498\" data-end=\"2563\">\n<p data-start=\"2500\" data-end=\"2563\"><strong data-start=\"2500\" data-end=\"2521\">H\u00e1l\u00f3s spir\u00e1l f\u0171t\u00e9s<\/strong> egys\u00e9ges \u00edz \u00e9s sima aeroszol \u00e9rdek\u00e9ben.<\/p>\n<\/li>\n<li data-start=\"2564\" data-end=\"2633\">\n<p data-start=\"2566\" data-end=\"2633\"><strong data-start=\"2566\" data-end=\"2596\">T\u00f6bb nikotinszint<\/strong> az EU region\u00e1lis k\u00f6vetelm\u00e9nyeknek megfelel\u0151en.<\/p>\n<\/li>\n<li data-start=\"2634\" data-end=\"2712\">\n<p data-start=\"2636\" data-end=\"2712\"><strong data-start=\"2636\" data-end=\"2666\">10 db nagykereskedelmi csomagol\u00e1s<\/strong>, t\u00e1mogatva <strong data-start=\"2681\" data-end=\"2711\">EU rakt\u00e1r Gyors sz\u00e1ll\u00edt\u00e1s<\/strong>.<\/p>\n<\/li>\n<\/ul>\n<figure id=\"attachment_4583\" aria-describedby=\"caption-attachment-4583\" style=\"width: 300px\" class=\"wp-caption alignnone\"><img decoding=\"async\" class=\"size-medium wp-image-4583\" src=\"https:\/\/vapestornado.com\/wp-content\/uploads\/2025\/11\/HIFANCY-50k-50000-Puff-Disposable-Vape-Pod-300x300.webp\" alt=\"HIFANCY 50k 50000 Puff Egyszer haszn\u00e1latos Vape Pod\" width=\"300\" height=\"300\" srcset=\"https:\/\/vapestornado.com\/wp-content\/uploads\/2025\/11\/HIFANCY-50k-50000-Puff-Disposable-Vape-Pod-300x300.webp 300w, https:\/\/vapestornado.com\/wp-content\/uploads\/2025\/11\/HIFANCY-50k-50000-Puff-Disposable-Vape-Pod-150x150.webp 150w, https:\/\/vapestornado.com\/wp-content\/uploads\/2025\/11\/HIFANCY-50k-50000-Puff-Disposable-Vape-Pod-768x768.webp 768w, https:\/\/vapestornado.com\/wp-content\/uploads\/2025\/11\/HIFANCY-50k-50000-Puff-Disposable-Vape-Pod-12x12.webp 12w, https:\/\/vapestornado.com\/wp-content\/uploads\/2025\/11\/HIFANCY-50k-50000-Puff-Disposable-Vape-Pod-600x600.webp 600w, https:\/\/vapestornado.com\/wp-content\/uploads\/2025\/11\/HIFANCY-50k-50000-Puff-Disposable-Vape-Pod-100x100.webp 100w, https:\/\/vapestornado.com\/wp-content\/uploads\/2025\/11\/HIFANCY-50k-50000-Puff-Disposable-Vape-Pod.webp 800w\" sizes=\"(max-width: 300px) 100vw, 300px\" \/><figcaption id=\"caption-attachment-4583\" class=\"wp-caption-text\">HIFANCY 50k 50000 Puff Egyszer haszn\u00e1latos Vape Pod<\/figcaption><\/figure>\n<h2><strong>HIFANCY SPACE 50000 Puff Egyszer haszn\u00e1latos Vape \u00edzv\u00e1laszt\u00e9k<\/strong><\/h2>\n<ol data-start=\"1965\" data-end=\"2239\">\n<li data-start=\"1965\" data-end=\"2017\">\n<p data-start=\"1968\" data-end=\"2017\">Lady Killa (\u00c1fonya + Mango + \u00c1fonyamenta)<\/p>\n<\/li>\n<li data-start=\"2018\" data-end=\"2034\">\n<p data-start=\"2021\" data-end=\"2034\">Vegyes bogy\u00f3s gy\u00fcm\u00f6lcs\u00f6k<\/p>\n<\/li>\n<li data-start=\"2035\" data-end=\"2060\">\n<p data-start=\"2038\" data-end=\"2060\">M\u00e1lna G\u00f6r\u00f6gdinnye<\/p>\n<\/li>\n<li data-start=\"2061\" data-end=\"2081\">\n<p data-start=\"2064\" data-end=\"2081\">Eper Kiwi<\/p>\n<\/li>\n<li data-start=\"2082\" data-end=\"2094\">\n<p data-start=\"2085\" data-end=\"2094\">Szeretet 66<\/p>\n<\/li>\n<li data-start=\"2095\" data-end=\"2121\">\n<p data-start=\"2098\" data-end=\"2121\">\u0150szibarack Mang\u00f3 Anan\u00e1sz<\/p>\n<\/li>\n<li data-start=\"2122\" data-end=\"2172\">\n<p data-start=\"2125\" data-end=\"2172\">Sex on the Beach (Narancs + S\u00e1rgabarack + Bogy\u00f3s Rum)<\/p>\n<\/li>\n<li data-start=\"2173\" data-end=\"2202\">\n<p data-start=\"2176\" data-end=\"2202\">Kivi Maracuja Guava<\/p>\n<\/li>\n<li data-start=\"2203\" data-end=\"2219\">\n<p data-start=\"2206\" data-end=\"2219\">Sz\u0151l\u0151 Robban\u00e1s<\/p>\n<\/li>\n<li data-start=\"2220\" data-end=\"2239\">\n<p data-start=\"2224\" data-end=\"2239\">\u00c1fonya j\u00e9g<\/p>\n<\/li>\n<\/ol>\n<h2>Mi\u00e9rt v\u00e1lassza a Vapestornado-t az egyszer haszn\u00e1latos vape online v\u00e1s\u00e1rl\u00e1s\u00e1hoz?<\/h2>\n<div class=\"flex-shrink-0 flex flex-col relative items-end\">\n<div class=\"pt-0\">\n<div class=\"gizmo-bot-avatar flex h-8 w-8 items-center justify-center overflow-hidden rounded-full\">\n<div class=\"relative p-1 rounded-sm flex items-center justify-center bg-token-main-surface-primary text-token-text-primary h-8 w-8\">\n<p data-start=\"648\" data-end=\"799\">V\u00e1laszt\u00e1s <strong data-start=\"189\" data-end=\"205\">Vapestornado<\/strong> besz\u00e1ll\u00edt\u00f3dnak sz\u00e1modra <strong data-start=\"227\" data-end=\"261\">Elf Bar Moon Night 40000 Puff<\/strong> az azt jelenti, hogy olyan partnert biztos\u00edtunk, aki \u00e9rti az EU-alap\u00fa nagykeresked\u0151k \u00e9s kiskeresked\u0151k ig\u00e9nyeit. A gyors sz\u00e1ll\u00edt\u00e1sra, ellen\u0151rz\u00f6tt k\u00e9szletre \u00e9s stabil hossz\u00fa t\u00e1v\u00fa ell\u00e1t\u00e1sra \u00f6sszpontos\u00edtunk\u2014ezek kulcsfontoss\u00e1g\u00fa t\u00e9nyez\u0151k olyan v\u00e1llalkoz\u00e1sok sz\u00e1m\u00e1ra, amelyek nagy volumen\u0171 term\u00e9keket \u00e9rt\u00e9kes\u00edtenek, mint p\u00e9ld\u00e1ul a <strong data-start=\"489\" data-end=\"515\">Elf Bar Moon Night 40K<\/strong>. Minden t\u00e9tel k\u00f6zvetlen\u00fcl hiteles\u00edtett csatorn\u00e1kb\u00f3l sz\u00e1rmazik, biztos\u00edtva az eredeti term\u00e9keket, az er\u0151s \u00edz\u00e1lland\u00f3s\u00e1got \u00e9s a megb\u00edzhat\u00f3 min\u0151s\u00e9get, amely megfelel az EU v\u00e1s\u00e1rl\u00f3inak elv\u00e1r\u00e1sainak.<\/p>\n<p data-start=\"559\" data-end=\"933\" data-is-last-node=\"\" data-is-only-node=\"\">Van n\u00e9h\u00e1ny m\u00e1sik n\u00e9pszer\u0171 eldobhat\u00f3 vape k\u00e9perny\u0151vel, mint p\u00e9ld\u00e1ul <a href=\"https:\/\/vapestornado.com\/hu\/product\/uzy-150k-puffs-6-in-1-flavor-switch-disposable-vape-pen-wholesale\/\">UZY 150K Puff \u00edzv\u00e1lt\u00f3 vape<\/a>, <a href=\"https:\/\/vapestornado.com\/hu\/product\/vozol-rave-40k-40000-puffs-disposable-vape-smart-screen-5-nicotine\/\">VOZOL RAVE 40K Eldobhat\u00f3 Vape<\/a>, <a href=\"https:\/\/vapestornado.com\/hu\/product\/waspe-150k-150000-puff-6-in-1-disposable-vape-pen-cartridge-best-wholesale-price-in-poland\/\">WASPE 150K Puff 6 az 1-ben<\/a>, \u00e9s m\u00e9g sok m\u00e1s.<\/p>\n<p data-start=\"559\" data-end=\"933\" data-is-last-node=\"\" data-is-only-node=\"\">\n<\/div>\n<h2>GYIK a HIFANCY SPACE 50000 Puff-r\u00f3l<\/h2>\n<div class=\"relative p-1 rounded-sm flex items-center justify-center bg-token-main-surface-primary text-token-text-primary h-8 w-8\">\n<p data-start=\"2756\" data-end=\"2893\"><strong data-start=\"2756\" data-end=\"2804\">1. Fel lehet-e vinni egyszer haszn\u00e1latos vapet rep\u00fcl\u0151n?<\/strong><br data-start=\"2804\" data-end=\"2807\" \/>Igen, de k\u00e9zi poggy\u00e1szban kell lennie, nem feladott poggy\u00e1szban, \u00e9s az szab\u00e1lyok l\u00e9git\u00e1rsas\u00e1gonk\u00e9nt v\u00e1ltoznak.<\/p>\n<p data-start=\"2895\" data-end=\"3074\"><strong data-start=\"2895\" data-end=\"2931\">2. Hogyan m\u0171k\u00f6dnek az egyszer haszn\u00e1latos vaperek?<\/strong><br data-start=\"2931\" data-end=\"2934\" \/>Egy egyszer haszn\u00e1latos vape el\u0151re t\u00f6lt\u00f6tt tart\u00e1llyal, akkumul\u00e1torral \u00e9s h\u00e1l\u00f3s tekercsrendszerrel rendelkezik, amely felmeleg\u00edti a folyad\u00e9kot \u00e9s g\u0151zt hoz l\u00e9tre, karbantart\u00e1s n\u00e9lk\u00fcl.<\/p>\n<p data-start=\"3076\" data-end=\"3224\"><strong data-start=\"3076\" data-end=\"3139\">3. Hogyan kell haszn\u00e1lni egy egyszer haszn\u00e1latos vapet, mint p\u00e9ld\u00e1ul a HIFANCY SPACE 50k?<\/strong><br data-start=\"3139\" data-end=\"3142\" \/>Egyszer\u0171en t\u00e1vol\u00edtsa el a csomagol\u00e1st \u00e9s sz\u00edvjon; az okos chip automatikusan aktiv\u00e1l\u00f3dik.<\/p>\n<p data-start=\"3226\" data-end=\"3398\"><strong data-start=\"3226\" data-end=\"3272\">4. Hol v\u00e1s\u00e1rolhat\u00f3k egyszer haszn\u00e1latos vaperek Magyarorsz\u00e1gon?<\/strong><br data-start=\"3272\" data-end=\"3275\" \/>A legt\u00f6bb v\u00e1s\u00e1rl\u00f3 enged\u00e9lyezett vapeboltokb\u00f3l vagy nagykeresked\u0151kt\u0151l szerzi be, akik <strong data-start=\"3346\" data-end=\"3376\">EU rakt\u00e1r Gyors sz\u00e1ll\u00edt\u00e1s<\/strong> gyorsabb sz\u00e1ll\u00edt\u00e1st k\u00edn\u00e1lnak.<\/p>\n<p data-start=\"3400\" data-end=\"3578\"><strong data-start=\"3400\" data-end=\"3476\">5. \u00c9rdemes-e nagy kapacit\u00e1s\u00fa egyszer haszn\u00e1latos vapert, mint a HIFANCY SPACE 50000, megv\u00e1s\u00e1rolni?<\/strong><br data-start=\"3476\" data-end=\"3479\" \/>Azok sz\u00e1m\u00e1ra, akik hossz\u00fa szolg\u00e1lati id\u0151t \u00e9s stabil \u00edz\u00e9lm\u00e9nyt keresnek, egy 50k eszk\u00f6z kiv\u00e1l\u00f3 \u00e9rt\u00e9ket ny\u00fajt.<\/p>\n<\/div>\n<\/div>\n<\/div>\n<\/div>","protected":false},"excerpt":{"rendered":"<article class=\"text-token-text-primary w-full focus:outline-none [--shadow-height:45px] has-data-writing-block:pointer-events-none has-data-writing-block:-mt-(--shadow-height) has-data-writing-block:pt-(--shadow-height) [&amp;:has([data-writing-block])&gt;*]:pointer-events-auto [content-visibility:auto] supports-[content-visibility:auto]:[contain-intrinsic-size:auto_100lvh] scroll-mt-[calc(var(--header-height)+min(200px,max(70px,20svh)))]\" dir=\"auto\" tabindex=\"-1\" data-turn-id=\"86ca9d92-7a10-4e6b-bda0-15f9df36adca\" data-testid=\"conversation-turn-120\" data-scroll-anchor=\"true\" data-turn=\"assistant\">\n<div class=\"text-base my-auto mx-auto pb-10 [--thread-content-margin:--spacing(4)] thread-sm:[--thread-content-margin:--spacing(6)] thread-lg:[--thread-content-margin:--spacing(16)] px-(--thread-content-margin)\">\n<div class=\"[--thread-content-max-width:40rem] thread-lg:[--thread-content-max-width:48rem] mx-auto max-w-(--thread-content-max-width) flex-1 group\/turn-messages focus-visible:outline-hidden relative flex w-full min-w-0 flex-col agent-turn\" tabindex=\"-1\">\n<div class=\"flex max-w-full flex-col grow\">\n<div class=\"min-h-8 text-message relative flex w-full flex-col items-end gap-2 text-start break-words whitespace-normal [.text-message+&amp;]:mt-1\" dir=\"auto\" data-message-author-role=\"assistant\" data-message-id=\"43b070d6-bf28-4fbe-8049-1032a61ea3ac\" data-message-model-slug=\"gpt-5\">\n<div class=\"flex w-full flex-col gap-1 empty:hidden first:pt-[1px]\">\n<div class=\"markdown prose dark:prose-invert w-full break-words light markdown-new-styling\">\n<article class=\"text-token-text-primary w-full focus:outline-none [--shadow-height:45px] has-data-writing-block:pointer-events-none has-data-writing-block:-mt-(--shadow-height) has-data-writing-block:pt-(--shadow-height) [&amp;:has([data-writing-block])&gt;*]:pointer-events-auto [content-visibility:auto] supports-[content-visibility:auto]:[contain-intrinsic-size:auto_100lvh] scroll-mt-[calc(var(--header-height)+min(200px,max(70px,20svh)))]\" dir=\"auto\" tabindex=\"-1\" data-turn-id=\"4d6f00b8-d41a-438b-8912-05a895842882\" data-testid=\"conversation-turn-130\" data-scroll-anchor=\"true\" data-turn=\"assistant\">\n<div class=\"text-base my-auto mx-auto pb-10 [--thread-content-margin:--spacing(4)] thread-sm:[--thread-content-margin:--spacing(6)] thread-lg:[--thread-content-margin:--spacing(16)] px-(--thread-content-margin)\">\n<div class=\"[--thread-content-max-width:40rem] thread-lg:[--thread-content-max-width:48rem] mx-auto max-w-(--thread-content-max-width) flex-1 group\/turn-messages focus-visible:outline-hidden relative flex w-full min-w-0 flex-col agent-turn\" tabindex=\"-1\">\n<div class=\"flex max-w-full flex-col grow\">\n<div class=\"min-h-8 text-message relative flex w-full flex-col items-end gap-2 text-start break-words whitespace-normal [.text-message+&amp;]:mt-1\" dir=\"auto\" data-message-author-role=\"assistant\" data-message-id=\"f3c520bf-c043-4392-87ea-b3bf1b3ae6d3\" data-message-model-slug=\"gpt-5-1\">\n<div class=\"flex w-full flex-col gap-1 empty:hidden first:pt-[1px]\">\n<div class=\"markdown prose dark:prose-invert w-full break-words light markdown-new-styling\">\n<p data-start=\"280\" data-end=\"360\"><strong data-start=\"280\" data-end=\"358\">HIFANCY SPACE 50000 K\u00e9perny\u0151s Vape \u2013 50k egyszer haszn\u00e1latos k\u00e9szlet EU Gyors Sz\u00e1ll\u00edt\u00e1ssal<\/strong><\/p>\n<p data-start=\"364\" data-end=\"456\"><strong data-start=\"364\" data-end=\"454\">HIFANCY SPACE 50k Egyszer haszn\u00e1latos Vape K\u00e9szlet Nagykeresked\u0151knek \u2013 Er\u0151s \u00cdz, Alacsony \u00c1r<\/strong><\/p>\n<p data-start=\"460\" data-end=\"550\"><strong data-start=\"460\" data-end=\"550\">Nagy t\u00e9telben v\u00e1s\u00e1roljon HIFANCY SPACE 50000 Puffs \u2013 EU Rakt\u00e1r Gyors Sz\u00e1ll\u00edt\u00e1s, Olcs\u00f3 Nagykereskedelem<\/strong><\/p>\n<\/div>\n<\/div>\n<\/div>\n<\/div>\n<\/div>\n<\/div>\n<\/article>\n<div class=\"pointer-events-none h-px w-px\" aria-hidden=\"true\" data-edge=\"true\"><\/div>\n<\/div>\n<\/div>\n<\/div>\n<\/div>\n<\/div>\n<\/div>\n<\/article>\n<p><img fetchpriority=\"high\" decoding=\"async\" class=\"size-full wp-image-2932\" src=\"https:\/\/vapestornado.com\/wp-content\/uploads\/2024\/12\/Vape-Wholesale.jpg\" alt=\"Vape nagykereskedelem\" width=\"229\" height=\"300\" \/><\/p>\n<h3><a href=\"https:\/\/wa.me\/8617776015835\"><span style=\"color: #ff0000;\"><strong>WhatsApp: +86 17776015835<\/strong><\/span><\/a><\/h3>\n<p>&nbsp;<\/p>","protected":false},"featured_media":4584,"comment_status":"open","ping_status":"closed","template":"","meta":{"_acf_changed":false,"_uag_custom_page_level_css":"","_lmt_disableupdate":"no","_lmt_disable":"","_monsterinsights_skip_tracking":false,"_monsterinsights_sitenote_active":false,"_monsterinsights_sitenote_note":"","_monsterinsights_sitenote_category":0,"site-sidebar-layout":"default","site-content-layout":"","ast-site-content-layout":"default","site-content-style":"default","site-sidebar-style":"default","ast-global-header-display":"","ast-banner-title-visibility":"","ast-main-header-display":"","ast-hfb-above-header-display":"","ast-hfb-below-header-display":"","ast-hfb-mobile-header-display":"","site-post-title":"","ast-breadcrumbs-content":"","ast-featured-img":"","footer-sml-layout":"","ast-disable-related-posts":"","theme-transparent-header-meta":"default","adv-header-id-meta":"","stick-header-meta":"","header-above-stick-meta":"","header-main-stick-meta":"","header-below-stick-meta":"","astra-migrate-meta-layouts":"set","ast-page-background-enabled":"default","ast-page-background-meta":{"desktop":{"background-color":"","background-image":"","background-repeat":"repeat","background-position":"center center","background-size":"auto","background-attachment":"scroll","background-type":"","background-media":"","overlay-type":"","overlay-color":"","overlay-opacity":"","overlay-gradient":""},"tablet":{"background-color":"","background-image":"","background-repeat":"repeat","background-position":"center center","background-size":"auto","background-attachment":"scroll","background-type":"","background-media":"","overlay-type":"","overlay-color":"","overlay-opacity":"","overlay-gradient":""},"mobile":{"background-color":"","background-image":"","background-repeat":"repeat","background-position":"center center","background-size":"auto","background-attachment":"scroll","background-type":"","background-media":"","overlay-type":"","overlay-color":"","overlay-opacity":"","overlay-gradient":""}},"ast-content-background-meta":{"desktop":{"background-color":"var(--ast-global-color-5)","background-image":"","background-repeat":"repeat","background-position":"center center","background-size":"auto","background-attachment":"scroll","background-type":"","background-media":"","overlay-type":"","overlay-color":"","overlay-opacity":"","overlay-gradient":""},"tablet":{"background-color":"var(--ast-global-color-5)","background-image":"","background-repeat":"repeat","background-position":"center center","background-size":"auto","background-attachment":"scroll","background-type":"","background-media":"","overlay-type":"","overlay-color":"","overlay-opacity":"","overlay-gradient":""},"mobile":{"background-color":"var(--ast-global-color-5)","background-image":"","background-repeat":"repeat","background-position":"center center","background-size":"auto","background-attachment":"scroll","background-type":"","background-media":"","overlay-type":"","overlay-color":"","overlay-opacity":"","overlay-gradient":""}},"_joinchat":{"telephone":"17776015835"}},"product_brand":[],"product_cat":[192,149,150,151,157,146],"product_tag":[105,446,447,448,436,268,445],"class_list":{"0":"post-4588","1":"product","2":"type-product","3":"status-publish","4":"has-post-thumbnail","6":"product_cat-50000-puff","7":"product_cat-buy-disposable-vapes-in-austria","8":"product_cat-buy-disposable-vapes-in-belgium","9":"product_cat-buy-disposable-vapes-in-france","10":"product_cat-buy-disposable-vapes-in-portugal","11":"product_cat-rechargeable-disposable-vapes","12":"product_tag-digital-disposable-vape","13":"product_tag-disposable-vape-kit","14":"product_tag-hifancy-space-50000","15":"product_tag-hifancy-space-50k","16":"product_tag-shop-vape-online","17":"product_tag-touch-screen-vape","18":"product_tag-vape-eu-warehouse-fast-shipping","19":"desktop-align-left","20":"tablet-align-left","21":"mobile-align-left","23":"first","24":"instock","25":"sale","26":"shipping-taxable","27":"purchasable","28":"product-type-simple"},"acf":[],"uagb_featured_image_src":{"full":["https:\/\/vapestornado.com\/wp-content\/uploads\/2025\/11\/HIFANCY-50000-50k-Puff-Disposable-Vape-Wholesale.webp",800,800,false],"thumbnail":["https:\/\/vapestornado.com\/wp-content\/uploads\/2025\/11\/HIFANCY-50000-50k-Puff-Disposable-Vape-Wholesale-150x150.webp",150,150,true],"medium":["https:\/\/vapestornado.com\/wp-content\/uploads\/2025\/11\/HIFANCY-50000-50k-Puff-Disposable-Vape-Wholesale-300x300.webp",300,300,true],"medium_large":["https:\/\/vapestornado.com\/wp-content\/uploads\/2025\/11\/HIFANCY-50000-50k-Puff-Disposable-Vape-Wholesale-768x768.webp",768,768,true],"large":["https:\/\/vapestornado.com\/wp-content\/uploads\/2025\/11\/HIFANCY-50000-50k-Puff-Disposable-Vape-Wholesale.webp",800,800,false],"1536x1536":["https:\/\/vapestornado.com\/wp-content\/uploads\/2025\/11\/HIFANCY-50000-50k-Puff-Disposable-Vape-Wholesale.webp",800,800,false],"2048x2048":["https:\/\/vapestornado.com\/wp-content\/uploads\/2025\/11\/HIFANCY-50000-50k-Puff-Disposable-Vape-Wholesale.webp",800,800,false],"trp-custom-language-flag":["https:\/\/vapestornado.com\/wp-content\/uploads\/2025\/11\/HIFANCY-50000-50k-Puff-Disposable-Vape-Wholesale-12x12.webp",12,12,true],"woocommerce_thumbnail":["https:\/\/vapestornado.com\/wp-content\/uploads\/2025\/11\/HIFANCY-50000-50k-Puff-Disposable-Vape-Wholesale-300x300.webp",300,300,true],"woocommerce_single":["https:\/\/vapestornado.com\/wp-content\/uploads\/2025\/11\/HIFANCY-50000-50k-Puff-Disposable-Vape-Wholesale-600x600.webp",600,600,true],"woocommerce_gallery_thumbnail":["https:\/\/vapestornado.com\/wp-content\/uploads\/2025\/11\/HIFANCY-50000-50k-Puff-Disposable-Vape-Wholesale-100x100.webp",100,100,true]},"uagb_author_info":{"display_name":"ESAMY","author_link":"https:\/\/vapestornado.com\/hu\/author\/"},"uagb_comment_info":0,"uagb_excerpt":"HIFANCY SPACE 50000 Screen Vape \u2013 50k Disposable Kit with EU Fast Shipping HIFANCY SPACE 50k Disposable Vape Kit for Wholesale Buyers \u2013 Strong Flavour, Low Price Bulk Buy HIFANCY SPACE 50000 Puffs \u2013 EU Warehouse Fast Delivery, Cheap Wholesale WhatsApp: +86 17776015835 &nbsp;","_links":{"self":[{"href":"https:\/\/vapestornado.com\/hu\/wp-json\/wp\/v2\/product\/4588","targetHints":{"allow":["GET"]}}],"collection":[{"href":"https:\/\/vapestornado.com\/hu\/wp-json\/wp\/v2\/product"}],"about":[{"href":"https:\/\/vapestornado.com\/hu\/wp-json\/wp\/v2\/types\/product"}],"replies":[{"embeddable":true,"href":"https:\/\/vapestornado.com\/hu\/wp-json\/wp\/v2\/comments?post=4588"}],"wp:featuredmedia":[{"embeddable":true,"href":"https:\/\/vapestornado.com\/hu\/wp-json\/wp\/v2\/media\/4584"}],"wp:attachment":[{"href":"https:\/\/vapestornado.com\/hu\/wp-json\/wp\/v2\/media?parent=4588"}],"wp:term":[{"taxonomy":"product_brand","embeddable":true,"href":"https:\/\/vapestornado.com\/hu\/wp-json\/wp\/v2\/product_brand?post=4588"},{"taxonomy":"product_cat","embeddable":true,"href":"https:\/\/vapestornado.com\/hu\/wp-json\/wp\/v2\/product_cat?post=4588"},{"taxonomy":"product_tag","embeddable":true,"href":"https:\/\/vapestornado.com\/hu\/wp-json\/wp\/v2\/product_tag?post=4588"}],"curies":[{"name":"wp","href":"https:\/\/api.w.org\/{rel}","templated":true}]}}