{"id":4582,"date":"2025-11-20T09:22:11","date_gmt":"2025-11-20T09:22:11","guid":{"rendered":"https:\/\/vapestornado.com\/?post_type=product&#038;p=4582"},"modified":"2025-11-20T09:36:36","modified_gmt":"2025-11-20T09:36:36","slug":"hifancy-dream-45k-45000-puffs-disposable-vape-kit-fast-shipping-from-eu-warehouse","status":"publish","type":"product","link":"https:\/\/vapestornado.com\/hu\/product\/hifancy-dream-45k-45000-puffs-disposable-vape-kit-fast-shipping-from-eu-warehouse\/","title":{"rendered":"HiFancy Dream 45k 45000 Puffs Egyszer haszn\u00e1latos Vape K\u00e9szlet Gyors Sz\u00e1ll\u00edt\u00e1s EU Rakt\u00e1rb\u00f3l"},"content":{"rendered":"<h2 data-pm-slice=\"1 1 []\">HiFancy Dream 45k 45000 Puffs Egyszer haszn\u00e1latos Vape K\u00e9szlet \u2014 Gyors Sz\u00e1ll\u00edt\u00e1s EU Rakt\u00e1rb\u00f3l<\/h2>\n<p data-start=\"522\" data-end=\"892\">A <strong data-start=\"526\" data-end=\"547\">HiFancy Dream 45k<\/strong> azokat a kiskeresked\u0151ket c\u00e9lozza, akik megb\u00edzhat\u00f3, nagy kapacit\u00e1s\u00fa eszk\u00f6zt keresnek, amely megfelel Eur\u00f3pa gyorsan n\u00f6vekv\u0151 egyszer haszn\u00e1latos vape piac\u00e1nak ig\u00e9nyeinek. Poz\u00edcion\u00e1lva mint <strong data-start=\"704\" data-end=\"727\">Egyszer haszn\u00e1latos Vape K\u00e9szlet<\/strong> leny\u0171g\u00f6z\u0151 kitart\u00e1ssal \u00e9s stabil teljes\u00edtm\u00e9nnyel, megb\u00edzhat\u00f3 term\u00e9ket k\u00edn\u00e1lva a nagykeresked\u0151k sz\u00e1m\u00e1ra, amely gyorsan mozog Franciaorsz\u00e1gban, Olaszorsz\u00e1gban, Spanyolorsz\u00e1gban, N\u00e9metorsz\u00e1gban \u00e9s m\u00e1s EU r\u00e9gi\u00f3kban.<\/p>\n<p data-start=\"894\" data-end=\"1347\">Egy <strong data-start=\"912\" data-end=\"925\">39ml tart\u00e1ly<\/strong>, <strong data-start=\"927\" data-end=\"958\">650mAh-s \u00fajrat\u00f6lthet\u0151 akkumul\u00e1tor<\/strong>, \u00e9s <strong data-start=\"964\" data-end=\"984\">dupla h\u00e1l\u00f3s tekercs<\/strong>, a <strong data-start=\"990\" data-end=\"1013\">HiFancy Dream 45000<\/strong> tiszt\u00e1n \u00edz\u00e9lm\u00e9nyt \u00e9s er\u0151s g\u0151zk\u00e9pz\u0151d\u00e9st ny\u00fajt. Egy okos <strong data-start=\"1085\" data-end=\"1118\">digit\u00e1lis akkumul\u00e1tor t\u00f6lt\u00f6tts\u00e9g kijelz\u0151vel<\/strong>felhaszn\u00e1l\u00f3k mindig tudj\u00e1k h\u00e1ny sz\u00e1zal\u00e9kban van az akkumul\u00e1tor, cs\u00f6kkentve a panaszokat \u00e9s n\u00f6velve a napi el\u00e9gedetts\u00e9get. Az ultra magas puffsz\u00e1m \u00e9s stabil l\u00e9g\u00e1raml\u00e1si rendszer praktikus v\u00e1laszt\u00e1ss\u00e1 teszi a hossz\u00fa \u00e9lettartamot keres\u0151 vaperek sz\u00e1m\u00e1ra komplik\u00e1ci\u00f3k n\u00e9lk\u00fcl.<\/p>\n<p data-start=\"1349\" data-end=\"1737\">EU-alap\u00fa kiskeresked\u0151k profit\u00e1lnak <strong data-start=\"1381\" data-end=\"1421\">gyors sz\u00e1ll\u00edt\u00e1s EU rakt\u00e1rb\u00f3l<\/strong>cs\u00f6kkentve a v\u00e1rakoz\u00e1si id\u0151t \u00e9s az importkock\u00e1zatokat. A kialak\u00edt\u00e1s 25\u201335 \u00e9ves f\u00e9rfi vaperek sz\u00e1m\u00e1ra ide\u00e1lis, akik egy egyszer\u0171, er\u0151teljes eszk\u00f6zt keresnek, amely k\u00f6vetkezetes \u00edzlead\u00e1st biztos\u00edt. Ak\u00e1r gy\u00fcm\u00f6lcskever\u00e9keket, ak\u00e1r jeges klasszikusokat kedvelnek az \u00fcgyfelei, <strong data-start=\"1637\" data-end=\"1658\">HiFancy Dream 45k<\/strong> sim\u00e1n m\u0171k\u00f6dik a magolaj-k\u00f6zpont sz\u00e9tv\u00e1laszt\u00e1si szerkezet\u00e9nek k\u00f6sz\u00f6nhet\u0151en, a kezdett\u0151l a v\u00e9g\u00e9ig.<\/p>\n<p data-start=\"666\" data-end=\"1235\"><strong style=\"font-size: 16px;\"><span style=\"color: #ff0000;\">Add hozz\u00e1 Amy WhatsApp-j\u00e1t, hogy azonnali v\u00e1laszt \u00e9s kedvezm\u00e9nyes \u00e1rat kapj!<\/span><\/strong><\/p>\n<p><img fetchpriority=\"high\" decoding=\"async\" class=\"size-full wp-image-2932\" src=\"https:\/\/vapestornado.com\/wp-content\/uploads\/2024\/12\/Vape-Wholesale.jpg\" alt=\"Vape nagykereskedelem\" width=\"229\" height=\"300\" \/><\/p>\n<h3><a href=\"https:\/\/wa.me\/8617776015835\" target=\"_blank\" rel=\"noopener\"><span style=\"color: #ff0000;\"><strong>WhatsApp: +86 17776015835<\/strong><\/span><\/a><\/h3>\n<p>&nbsp;<\/p>\n<h2><strong>Mi teszi kiemelked\u0151v\u00e9 a HiFancy Dream 45k Puff Egyszer haszn\u00e1latos Vape Tollat?<\/strong><\/h2>\n<ol data-start=\"246\" data-end=\"1434\">\n<li data-start=\"246\" data-end=\"361\">\n<p data-start=\"249\" data-end=\"361\"><strong data-start=\"249\" data-end=\"273\">45000 Puf Kapacit\u00e1s<\/strong>: Hossz\u00fa t\u00e1v\u00fa teljes\u00edtm\u00e9nyt ny\u00fajt an\u00e9lk\u00fcl, hogy gyakori eszk\u00f6zcsere sz\u00fcks\u00e9ges lenne.<\/p>\n<\/li>\n<li data-start=\"362\" data-end=\"503\">\n<p data-start=\"365\" data-end=\"503\"><strong data-start=\"365\" data-end=\"408\">H\u00e1rom m\u00f3d rendszer (ECO \/ Soft \/ Boost)<\/strong>: Lehet\u0151v\u00e9 teszi a felhaszn\u00e1l\u00f3k sz\u00e1m\u00e1ra, hogy azonnal v\u00e1ltsonak az energiatakar\u00e9kos, sima vagy nagy hat\u00e1s\u00fa vap\u00e1z\u00e1si m\u00f3dok k\u00f6z\u00f6tt.<\/p>\n<\/li>\n<li data-start=\"504\" data-end=\"611\">\n<p data-start=\"507\" data-end=\"611\"><strong data-start=\"507\" data-end=\"535\">Teljes Sz\u00edn\u0171 Okos Kijelz\u0151<\/strong>: Vil\u00e1gosan mutatja az akkumul\u00e1tor \u00e9s az e-liquid szinteket az egyszer\u0171 val\u00f3s idej\u0171 nyomon k\u00f6vet\u00e9s \u00e9rdek\u00e9ben.<\/p>\n<\/li>\n<li data-start=\"612\" data-end=\"746\">\n<p data-start=\"615\" data-end=\"746\"><strong data-start=\"615\" data-end=\"637\">20mL E-liquid Tart\u00e1ly<\/strong>: Nagy tart\u00e1lyt biztos\u00edt, hogy a folyamatoss\u00e1got \u00e9s az \u00edz- \u00e9s g\u0151zkibocs\u00e1t\u00e1st az eszk\u00f6z \u00e9lettartama alatt fenntartsa.<\/p>\n<\/li>\n<li data-start=\"747\" data-end=\"859\">\n<p data-start=\"750\" data-end=\"859\"><strong data-start=\"750\" data-end=\"788\">850mAh T\u00edpus-C \u00dajrat\u00f6lthet\u0151 Akkumul\u00e1tor<\/strong>: Er\u0151s tart\u00f3ss\u00e1got k\u00edn\u00e1l gyors t\u00f6lt\u00e9ssel, eg\u00e9sz napos intenz\u00edv haszn\u00e1latra.<\/p>\n<\/li>\n<li data-start=\"860\" data-end=\"971\">\n<p data-start=\"863\" data-end=\"971\"><strong data-start=\"863\" data-end=\"891\">Dupla Sz\u00f6vettekercs Szerkezet<\/strong>: N\u00f6veli a g\u0151z s\u0171r\u0171s\u00e9g\u00e9t \u00e9s fokozza az \u00edz tisztas\u00e1g\u00e1t, gazdagabb, teltebb \u00edz\u00e9lm\u00e9nyt ny\u00fajtva.<\/p>\n<\/li>\n<li data-start=\"972\" data-end=\"1099\">\n<p data-start=\"975\" data-end=\"1099\"><strong data-start=\"975\" data-end=\"1002\">T\u00f6bb \u00cdz Opci\u00f3<\/strong>: Sokf\u00e9le gy\u00fcm\u00f6lcs\u00f6s, jeges \u00e9s \u00e9des kever\u00e9k k\u00f6z\u00fcl v\u00e1laszthat, hogy megfeleljen k\u00fcl\u00f6nb\u00f6z\u0151 preferenci\u00e1knak.<\/p>\n<\/li>\n<li data-start=\"1100\" data-end=\"1223\">\n<p data-start=\"1103\" data-end=\"1223\"><strong data-start=\"1103\" data-end=\"1131\">Pr\u00e9mium Eszt\u00e9tikai Tervez\u00e9s<\/strong>: St\u00edlusos, magas min\u0151s\u00e9g\u0171 kivitelben k\u00e9sz\u00fclt, amely a modern \u00e9s trendk\u00f6vet\u0151 felhaszn\u00e1l\u00f3kat c\u00e9lozza meg.<\/p>\n<\/li>\n<li data-start=\"1224\" data-end=\"1319\">\n<p data-start=\"1227\" data-end=\"1319\"><strong data-start=\"1227\" data-end=\"1253\">Optimaliz\u00e1lt L\u00e9g\u00e1raml\u00e1si \u00dat<\/strong>: Z\u00f6kken\u0151mentes, stabil sz\u00edv\u00e1st biztos\u00edt az els\u0151 pufit\u00f3l az utols\u00f3ig.<\/p>\n<\/li>\n<li data-start=\"1320\" data-end=\"1434\">\n<p data-start=\"1324\" data-end=\"1434\"><strong data-start=\"1324\" data-end=\"1348\">Okos Kimeneti Chipset<\/strong>Fenntartja az egyenletes teljes\u00edtm\u00e9nyt \u00e9s az \u00edz \u00e1tad\u00e1s\u00e1t az eg\u00e9sz vape ciklus sor\u00e1n.<\/p>\n<\/li>\n<\/ol>\n<h2><strong>HiFancy Dream 45k Puffs eldobhat\u00f3 vape \u00edzv\u00e1laszt\u00e9k lista<\/strong><\/h2>\n<h1 data-start=\"1744\" data-end=\"1781\"><\/h1>\n<ol data-start=\"1783\" data-end=\"2063\">\n<li data-start=\"1783\" data-end=\"1802\">\n<p data-start=\"1786\" data-end=\"1802\">G\u00f6r\u00f6gdinnye J\u00e9g<\/p>\n<\/li>\n<li data-start=\"1803\" data-end=\"1855\">\n<p data-start=\"1806\" data-end=\"1855\">Ny\u00e1ri \u00c1lom (sz\u0151l\u0151 + narancs + citrom + Redbull)<\/p>\n<\/li>\n<li data-start=\"1856\" data-end=\"1869\">\n<p data-start=\"1859\" data-end=\"1869\">K\u00f3la J\u00e9g<\/p>\n<\/li>\n<li data-start=\"1870\" data-end=\"1888\">\n<p data-start=\"1873\" data-end=\"1888\">K\u00e9k Razz Ice<\/p>\n<\/li>\n<li data-start=\"1889\" data-end=\"1911\">\n<p data-start=\"1892\" data-end=\"1911\">Eper Ban\u00e1n<\/p>\n<\/li>\n<li data-start=\"1912\" data-end=\"1931\">\n<p data-start=\"1915\" data-end=\"1931\">Eper j\u00e9g<\/p>\n<\/li>\n<li data-start=\"1932\" data-end=\"1959\">\n<p data-start=\"1935\" data-end=\"1959\">Barack Mang\u00f3 G\u00f6r\u00f6gdinnye<\/p>\n<\/li>\n<li data-start=\"1960\" data-end=\"1980\">\n<p data-start=\"1963\" data-end=\"1980\">L\u00e9d\u00fas Barack J\u00e9g<\/p>\n<\/li>\n<li data-start=\"1981\" data-end=\"2046\">\n<p data-start=\"1984\" data-end=\"2046\">Szerelem 66 (dinnye + m\u00e9zdinnye + passion fruit + menta)<\/p>\n<\/li>\n<li data-start=\"2047\" data-end=\"2063\">\n<p data-start=\"2051\" data-end=\"2063\">Citrom Lime<\/p>\n<\/li>\n<\/ol>\n<figure id=\"attachment_4576\" aria-describedby=\"caption-attachment-4576\" style=\"width: 300px\" class=\"wp-caption alignnone\"><img decoding=\"async\" class=\"size-medium wp-image-4576\" src=\"https:\/\/vapestornado.com\/wp-content\/uploads\/2025\/11\/Hifancy-Dream-45k-Puff-Disposable-Vape-300x300.webp\" alt=\"Hifancy Dream 45k Puff Eldobhat\u00f3 Vape\" width=\"300\" height=\"300\" srcset=\"https:\/\/vapestornado.com\/wp-content\/uploads\/2025\/11\/Hifancy-Dream-45k-Puff-Disposable-Vape-300x300.webp 300w, https:\/\/vapestornado.com\/wp-content\/uploads\/2025\/11\/Hifancy-Dream-45k-Puff-Disposable-Vape-150x150.webp 150w, https:\/\/vapestornado.com\/wp-content\/uploads\/2025\/11\/Hifancy-Dream-45k-Puff-Disposable-Vape-768x768.webp 768w, https:\/\/vapestornado.com\/wp-content\/uploads\/2025\/11\/Hifancy-Dream-45k-Puff-Disposable-Vape-12x12.webp 12w, https:\/\/vapestornado.com\/wp-content\/uploads\/2025\/11\/Hifancy-Dream-45k-Puff-Disposable-Vape-600x600.webp 600w, https:\/\/vapestornado.com\/wp-content\/uploads\/2025\/11\/Hifancy-Dream-45k-Puff-Disposable-Vape-100x100.webp 100w, https:\/\/vapestornado.com\/wp-content\/uploads\/2025\/11\/Hifancy-Dream-45k-Puff-Disposable-Vape.webp 800w\" sizes=\"(max-width: 300px) 100vw, 300px\" \/><figcaption id=\"caption-attachment-4576\" class=\"wp-caption-text\">Hifancy Dream 45k Puff Eldobhat\u00f3 Vape<\/figcaption><\/figure>\n<h2>Mi\u00e9rt v\u00e1lassza a Vapestornado-t az eldobhat\u00f3 vape nagykereskedelm\u00e9hez?<\/h2>\n<div class=\"flex-shrink-0 flex flex-col relative items-end\">\n<div class=\"pt-0\">\n<div class=\"gizmo-bot-avatar flex h-8 w-8 items-center justify-center overflow-hidden rounded-full\">\n<div class=\"relative p-1 rounded-sm flex items-center justify-center bg-token-main-surface-primary text-token-text-primary h-8 w-8\">\n<p data-start=\"648\" data-end=\"799\">V\u00e1laszt\u00e1s <strong data-start=\"189\" data-end=\"205\">Vapestornado<\/strong> besz\u00e1ll\u00edt\u00f3dnak sz\u00e1modra <strong data-start=\"227\" data-end=\"261\">Elf Bar Moon Night 40000 Puff<\/strong> az azt jelenti, hogy olyan partnert biztos\u00edtunk, aki \u00e9rti az EU-alap\u00fa nagykeresked\u0151k \u00e9s kiskeresked\u0151k ig\u00e9nyeit. A gyors sz\u00e1ll\u00edt\u00e1sra, ellen\u0151rz\u00f6tt k\u00e9szletre \u00e9s stabil hossz\u00fa t\u00e1v\u00fa ell\u00e1t\u00e1sra \u00f6sszpontos\u00edtunk\u2014ezek kulcsfontoss\u00e1g\u00fa t\u00e9nyez\u0151k olyan v\u00e1llalkoz\u00e1sok sz\u00e1m\u00e1ra, amelyek nagy volumen\u0171 term\u00e9keket \u00e9rt\u00e9kes\u00edtenek, mint p\u00e9ld\u00e1ul a <strong data-start=\"489\" data-end=\"515\">Elf Bar Moon Night 40K<\/strong>. Minden t\u00e9tel k\u00f6zvetlen\u00fcl hiteles\u00edtett csatorn\u00e1kb\u00f3l sz\u00e1rmazik, biztos\u00edtva az eredeti term\u00e9keket, az er\u0151s \u00edz\u00e1lland\u00f3s\u00e1got \u00e9s a megb\u00edzhat\u00f3 min\u0151s\u00e9get, amely megfelel az EU v\u00e1s\u00e1rl\u00f3inak elv\u00e1r\u00e1sainak.<\/p>\n<p data-start=\"559\" data-end=\"933\" data-is-last-node=\"\" data-is-only-node=\"\">Van n\u00e9h\u00e1ny m\u00e1sik n\u00e9pszer\u0171 eldobhat\u00f3 vape k\u00e9perny\u0151vel, mint p\u00e9ld\u00e1ul <a href=\"https:\/\/vapestornado.com\/hu\/product\/uzy-150k-puffs-6-in-1-flavor-switch-disposable-vape-pen-wholesale\/\">UZY 150K Puff \u00edzv\u00e1lt\u00f3 vape<\/a>, <a href=\"https:\/\/vapestornado.com\/hu\/product\/vozol-rave-40k-40000-puffs-disposable-vape-smart-screen-5-nicotine\/\">VOZOL RAVE 40K Eldobhat\u00f3 Vape<\/a>, <a href=\"https:\/\/vapestornado.com\/hu\/product\/waspe-150k-150000-puff-6-in-1-disposable-vape-pen-cartridge-best-wholesale-price-in-poland\/\">WASPE 150K Puff 6 az 1-ben<\/a>, \u00e9s m\u00e9g sok m\u00e1s.<\/p>\n<p data-start=\"559\" data-end=\"933\" data-is-last-node=\"\" data-is-only-node=\"\">\n<\/div>\n<h2>GYIK a HiFancy Dream 45k-r\u00f3l<\/h2>\n<div class=\"relative p-1 rounded-sm flex items-center justify-center bg-token-main-surface-primary text-token-text-primary h-8 w-8\">\n<h3 data-start=\"2713\" data-end=\"2767\"><strong data-start=\"2717\" data-end=\"2765\">1. Mennyi ideig tart a HiFancy Dream 45k?<\/strong><\/h3>\n<p data-start=\"2768\" data-end=\"2924\">A <strong data-start=\"2772\" data-end=\"2793\">HiFancy Dream 45k<\/strong> ak\u00e1r <strong data-start=\"2807\" data-end=\"2823\">45 000 sz\u00edv\u00e1s<\/strong>, t\u00e1mogatva egy 39 ml-es tankkal \u00e9s 650 mAh-s \u00fajrat\u00f6lthet\u0151 akkumul\u00e1torral, ami a legt\u00f6bb felhaszn\u00e1l\u00f3nak hosszabb t\u00f6bbnapos haszn\u00e1latot biztos\u00edt.<\/p>\n<h3 data-start=\"2926\" data-end=\"2984\"><strong data-start=\"2930\" data-end=\"2982\">2. Haszn\u00e1l-e a HiFancy Dream 45000 h\u00e1l\u00f3sz\u00e1lat?<\/strong><\/h3>\n<p data-start=\"2985\" data-end=\"3103\">Igen. Jellemzi egy <strong data-start=\"3004\" data-end=\"3024\">dupla h\u00e1l\u00f3s tekercs<\/strong> az er\u0151sebb \u00edz tisztas\u00e1g \u00e9s a sim\u00e1bb g\u0151z \u00e9rdek\u00e9ben az eg\u00e9sz sz\u00edv\u00e1si ciklus sor\u00e1n.<\/p>\n<h3 data-start=\"3105\" data-end=\"3159\"><strong data-start=\"3109\" data-end=\"3157\">3. Mi gyors\u00edtja a sz\u00e1ll\u00edt\u00e1st az EU v\u00e1s\u00e1rl\u00f3i sz\u00e1m\u00e1ra?<\/strong><\/h3>\n<p data-start=\"3160\" data-end=\"3297\">A term\u00e9k k\u00f6zvetlen\u00fcl egy <strong data-start=\"3195\" data-end=\"3211\">EU rakt\u00e1runkban<\/strong>k\u00fcldi, \u00edgy gyorsabb sz\u00e1ll\u00edt\u00e1st biztos\u00edtva \u00e9s elker\u00fclve a hossz\u00fa v\u00e1mkezel\u00e9si k\u00e9sedelmeket eur\u00f3pai nagykeresked\u0151k sz\u00e1m\u00e1ra.<\/p>\n<h3 data-start=\"3299\" data-end=\"3364\"><strong data-start=\"3303\" data-end=\"3362\">4. Van-e a HiFancy Dream 45k-nek akkumul\u00e1tor kijelz\u0151je?<\/strong><\/h3>\n<p data-start=\"3365\" data-end=\"3499\">Igen. Egy <strong data-start=\"3372\" data-end=\"3405\">digit\u00e1lis akkumul\u00e1tor t\u00f6lt\u00f6tts\u00e9g kijelz\u0151vel<\/strong> mutatja az aktu\u00e1lis akkumul\u00e1tor szinteket, n\u00f6velve a felhaszn\u00e1l\u00f3i bizalmat \u00e9s cs\u00f6kkentve a v\u00e1ratlan energiahi\u00e1nyt.<\/p>\n<h3 data-start=\"3501\" data-end=\"3571\"><strong data-start=\"3505\" data-end=\"3569\">5. Melyek a legkelend\u0151bb \u00edzek a HiFancy Dream 45000-b\u0151l?<\/strong><\/h3>\n<p data-start=\"3572\" data-end=\"3733\">N\u00e9pszer\u0171 v\u00e1laszt\u00e1sok k\u00f6z\u00e9 tartoznak <strong data-start=\"3596\" data-end=\"3614\">G\u00f6r\u00f6gdinnye J\u00e9g<\/strong>, <strong data-start=\"3616\" data-end=\"3633\">K\u00e9k Razz Ice<\/strong>, <strong data-start=\"3635\" data-end=\"3646\">Szeretet 66<\/strong>, \u00e9s <strong data-start=\"3652\" data-end=\"3678\">Barack Mang\u00f3 G\u00f6r\u00f6gdinnye<\/strong>, kedvelt kiegyens\u00falyozott \u00e9dess\u00e9g\u00e9\u00e9rt \u00e9s h\u0171v\u00f6s befejez\u00e9s\u00e9\u00e9rt.<\/p>\n<\/div>\n<\/div>\n<\/div>\n<\/div>","protected":false},"excerpt":{"rendered":"<article class=\"text-token-text-primary w-full focus:outline-none [--shadow-height:45px] has-data-writing-block:pointer-events-none has-data-writing-block:-mt-(--shadow-height) has-data-writing-block:pt-(--shadow-height) [&amp;:has([data-writing-block])&gt;*]:pointer-events-auto [content-visibility:auto] supports-[content-visibility:auto]:[contain-intrinsic-size:auto_100lvh] scroll-mt-[calc(var(--header-height)+min(200px,max(70px,20svh)))]\" dir=\"auto\" tabindex=\"-1\" data-turn-id=\"86ca9d92-7a10-4e6b-bda0-15f9df36adca\" data-testid=\"conversation-turn-120\" data-scroll-anchor=\"true\" data-turn=\"assistant\">\n<div class=\"text-base my-auto mx-auto pb-10 [--thread-content-margin:--spacing(4)] thread-sm:[--thread-content-margin:--spacing(6)] thread-lg:[--thread-content-margin:--spacing(16)] px-(--thread-content-margin)\">\n<div class=\"[--thread-content-max-width:40rem] thread-lg:[--thread-content-max-width:48rem] mx-auto max-w-(--thread-content-max-width) flex-1 group\/turn-messages focus-visible:outline-hidden relative flex w-full min-w-0 flex-col agent-turn\" tabindex=\"-1\">\n<div class=\"flex max-w-full flex-col grow\">\n<div class=\"min-h-8 text-message relative flex w-full flex-col items-end gap-2 text-start break-words whitespace-normal [.text-message+&amp;]:mt-1\" dir=\"auto\" data-message-author-role=\"assistant\" data-message-id=\"43b070d6-bf28-4fbe-8049-1032a61ea3ac\" data-message-model-slug=\"gpt-5\">\n<div class=\"flex w-full flex-col gap-1 empty:hidden first:pt-[1px]\">\n<div class=\"markdown prose dark:prose-invert w-full break-words light markdown-new-styling\">\n<article class=\"text-token-text-primary w-full focus:outline-none [--shadow-height:45px] has-data-writing-block:pointer-events-none has-data-writing-block:-mt-(--shadow-height) has-data-writing-block:pt-(--shadow-height) [&amp;:has([data-writing-block])&gt;*]:pointer-events-auto [content-visibility:auto] supports-[content-visibility:auto]:[contain-intrinsic-size:auto_100lvh] scroll-mt-[calc(var(--header-height)+min(200px,max(70px,20svh)))]\" dir=\"auto\" tabindex=\"-1\" data-turn-id=\"4d6f00b8-d41a-438b-8912-05a895842882\" data-testid=\"conversation-turn-130\" data-scroll-anchor=\"true\" data-turn=\"assistant\">\n<div class=\"text-base my-auto mx-auto pb-10 [--thread-content-margin:--spacing(4)] thread-sm:[--thread-content-margin:--spacing(6)] thread-lg:[--thread-content-margin:--spacing(16)] px-(--thread-content-margin)\">\n<div class=\"[--thread-content-max-width:40rem] thread-lg:[--thread-content-max-width:48rem] mx-auto max-w-(--thread-content-max-width) flex-1 group\/turn-messages focus-visible:outline-hidden relative flex w-full min-w-0 flex-col agent-turn\" tabindex=\"-1\">\n<div class=\"flex max-w-full flex-col grow\">\n<div class=\"min-h-8 text-message relative flex w-full flex-col items-end gap-2 text-start break-words whitespace-normal [.text-message+&amp;]:mt-1\" dir=\"auto\" data-message-author-role=\"assistant\" data-message-id=\"f3c520bf-c043-4392-87ea-b3bf1b3ae6d3\" data-message-model-slug=\"gpt-5-1\">\n<div class=\"flex w-full flex-col gap-1 empty:hidden first:pt-[1px]\">\n<div class=\"markdown prose dark:prose-invert w-full break-words light markdown-new-styling\">\n<p>HiFancy Dream 45k 45000 Puffs Vape K\u00e9szlet \u2014 EU Rakt\u00e1r Gyors Sz\u00e1ll\u00edt\u00e1s Nagykereskedelem<br \/>\nNagykereskedelemben HiFancy Dream 45000 Egyszer haszn\u00e1latos Vape K\u00e9szlet Kett\u0151s Sz\u00f6vettekercs EU K\u00e9szlet<br \/>\nHiFancy Dream 45k Nagy Kapacit\u00e1s\u00fa Egyszer haszn\u00e1latos \u2014 Legjobb 45000 Puffs Vape Gyors Sz\u00e1ll\u00edt\u00e1s EU<\/p>\n<\/div>\n<\/div>\n<\/div>\n<\/div>\n<\/div>\n<\/div>\n<\/article>\n<div class=\"pointer-events-none h-px w-px\" aria-hidden=\"true\" data-edge=\"true\"><\/div>\n<\/div>\n<\/div>\n<\/div>\n<\/div>\n<\/div>\n<\/div>\n<\/article>\n<p><img fetchpriority=\"high\" decoding=\"async\" class=\"size-full wp-image-2932\" src=\"https:\/\/vapestornado.com\/wp-content\/uploads\/2024\/12\/Vape-Wholesale.jpg\" alt=\"Vape nagykereskedelem\" width=\"229\" height=\"300\" \/><\/p>\n<h3><a href=\"https:\/\/wa.me\/8617776015835\"><span style=\"color: #ff0000;\"><strong>WhatsApp: +86 17776015835<\/strong><\/span><\/a><\/h3>\n<p>&nbsp;<\/p>","protected":false},"featured_media":4581,"comment_status":"open","ping_status":"closed","template":"","meta":{"_acf_changed":false,"_uag_custom_page_level_css":"","_lmt_disableupdate":"no","_lmt_disable":"","_monsterinsights_skip_tracking":false,"_monsterinsights_sitenote_active":false,"_monsterinsights_sitenote_note":"","_monsterinsights_sitenote_category":0,"site-sidebar-layout":"default","site-content-layout":"","ast-site-content-layout":"default","site-content-style":"default","site-sidebar-style":"default","ast-global-header-display":"","ast-banner-title-visibility":"","ast-main-header-display":"","ast-hfb-above-header-display":"","ast-hfb-below-header-display":"","ast-hfb-mobile-header-display":"","site-post-title":"","ast-breadcrumbs-content":"","ast-featured-img":"","footer-sml-layout":"","ast-disable-related-posts":"","theme-transparent-header-meta":"default","adv-header-id-meta":"","stick-header-meta":"","header-above-stick-meta":"","header-main-stick-meta":"","header-below-stick-meta":"","astra-migrate-meta-layouts":"set","ast-page-background-enabled":"default","ast-page-background-meta":{"desktop":{"background-color":"","background-image":"","background-repeat":"repeat","background-position":"center center","background-size":"auto","background-attachment":"scroll","background-type":"","background-media":"","overlay-type":"","overlay-color":"","overlay-opacity":"","overlay-gradient":""},"tablet":{"background-color":"","background-image":"","background-repeat":"repeat","background-position":"center center","background-size":"auto","background-attachment":"scroll","background-type":"","background-media":"","overlay-type":"","overlay-color":"","overlay-opacity":"","overlay-gradient":""},"mobile":{"background-color":"","background-image":"","background-repeat":"repeat","background-position":"center center","background-size":"auto","background-attachment":"scroll","background-type":"","background-media":"","overlay-type":"","overlay-color":"","overlay-opacity":"","overlay-gradient":""}},"ast-content-background-meta":{"desktop":{"background-color":"var(--ast-global-color-5)","background-image":"","background-repeat":"repeat","background-position":"center center","background-size":"auto","background-attachment":"scroll","background-type":"","background-media":"","overlay-type":"","overlay-color":"","overlay-opacity":"","overlay-gradient":""},"tablet":{"background-color":"var(--ast-global-color-5)","background-image":"","background-repeat":"repeat","background-position":"center center","background-size":"auto","background-attachment":"scroll","background-type":"","background-media":"","overlay-type":"","overlay-color":"","overlay-opacity":"","overlay-gradient":""},"mobile":{"background-color":"var(--ast-global-color-5)","background-image":"","background-repeat":"repeat","background-position":"center center","background-size":"auto","background-attachment":"scroll","background-type":"","background-media":"","overlay-type":"","overlay-color":"","overlay-opacity":"","overlay-gradient":""}},"_joinchat":{"telephone":"17776015835"}},"product_brand":[],"product_cat":[265,149,150,151,156,357,146],"product_tag":[105,446,443,444,436,268,445],"class_list":{"0":"post-4582","1":"product","2":"type-product","3":"status-publish","4":"has-post-thumbnail","6":"product_cat-45000-puff","7":"product_cat-buy-disposable-vapes-in-austria","8":"product_cat-buy-disposable-vapes-in-belgium","9":"product_cat-buy-disposable-vapes-in-france","10":"product_cat-buy-disposable-vapes-in-poland","11":"product_cat-flavor-adjustable-vape","12":"product_cat-rechargeable-disposable-vapes","13":"product_tag-digital-disposable-vape","14":"product_tag-disposable-vape-kit","15":"product_tag-hifancy-dream-450000","16":"product_tag-hifancy-dream-45k","17":"product_tag-shop-vape-online","18":"product_tag-touch-screen-vape","19":"product_tag-vape-eu-warehouse-fast-shipping","20":"desktop-align-left","21":"tablet-align-left","22":"mobile-align-left","24":"first","25":"instock","26":"sale","27":"shipping-taxable","28":"purchasable","29":"product-type-simple"},"acf":[],"uagb_featured_image_src":{"full":["https:\/\/vapestornado.com\/wp-content\/uploads\/2025\/11\/Shop-HIFANCY-45k-Disposable-Vape-Bar.webp",800,800,false],"thumbnail":["https:\/\/vapestornado.com\/wp-content\/uploads\/2025\/11\/Shop-HIFANCY-45k-Disposable-Vape-Bar-150x150.webp",150,150,true],"medium":["https:\/\/vapestornado.com\/wp-content\/uploads\/2025\/11\/Shop-HIFANCY-45k-Disposable-Vape-Bar-300x300.webp",300,300,true],"medium_large":["https:\/\/vapestornado.com\/wp-content\/uploads\/2025\/11\/Shop-HIFANCY-45k-Disposable-Vape-Bar-768x768.webp",768,768,true],"large":["https:\/\/vapestornado.com\/wp-content\/uploads\/2025\/11\/Shop-HIFANCY-45k-Disposable-Vape-Bar.webp",800,800,false],"1536x1536":["https:\/\/vapestornado.com\/wp-content\/uploads\/2025\/11\/Shop-HIFANCY-45k-Disposable-Vape-Bar.webp",800,800,false],"2048x2048":["https:\/\/vapestornado.com\/wp-content\/uploads\/2025\/11\/Shop-HIFANCY-45k-Disposable-Vape-Bar.webp",800,800,false],"trp-custom-language-flag":["https:\/\/vapestornado.com\/wp-content\/uploads\/2025\/11\/Shop-HIFANCY-45k-Disposable-Vape-Bar-12x12.webp",12,12,true],"woocommerce_thumbnail":["https:\/\/vapestornado.com\/wp-content\/uploads\/2025\/11\/Shop-HIFANCY-45k-Disposable-Vape-Bar-300x300.webp",300,300,true],"woocommerce_single":["https:\/\/vapestornado.com\/wp-content\/uploads\/2025\/11\/Shop-HIFANCY-45k-Disposable-Vape-Bar-600x600.webp",600,600,true],"woocommerce_gallery_thumbnail":["https:\/\/vapestornado.com\/wp-content\/uploads\/2025\/11\/Shop-HIFANCY-45k-Disposable-Vape-Bar-100x100.webp",100,100,true]},"uagb_author_info":{"display_name":"ESAMY","author_link":"https:\/\/vapestornado.com\/hu\/author\/"},"uagb_comment_info":0,"uagb_excerpt":"HiFancy Dream 45k 45000 Puffs Vape Kit \u2014 EU Warehouse Fast Delivery Wholesale Wholesale HiFancy Dream 45000 Disposable Vape Kit with Double Mesh Coil EU Stock HiFancy Dream 45k High-Capacity Disposable \u2014 Best 45000 Puffs Vape Fast Shipping EU WhatsApp: +86 17776015835 &nbsp;","_links":{"self":[{"href":"https:\/\/vapestornado.com\/hu\/wp-json\/wp\/v2\/product\/4582","targetHints":{"allow":["GET"]}}],"collection":[{"href":"https:\/\/vapestornado.com\/hu\/wp-json\/wp\/v2\/product"}],"about":[{"href":"https:\/\/vapestornado.com\/hu\/wp-json\/wp\/v2\/types\/product"}],"replies":[{"embeddable":true,"href":"https:\/\/vapestornado.com\/hu\/wp-json\/wp\/v2\/comments?post=4582"}],"wp:featuredmedia":[{"embeddable":true,"href":"https:\/\/vapestornado.com\/hu\/wp-json\/wp\/v2\/media\/4581"}],"wp:attachment":[{"href":"https:\/\/vapestornado.com\/hu\/wp-json\/wp\/v2\/media?parent=4582"}],"wp:term":[{"taxonomy":"product_brand","embeddable":true,"href":"https:\/\/vapestornado.com\/hu\/wp-json\/wp\/v2\/product_brand?post=4582"},{"taxonomy":"product_cat","embeddable":true,"href":"https:\/\/vapestornado.com\/hu\/wp-json\/wp\/v2\/product_cat?post=4582"},{"taxonomy":"product_tag","embeddable":true,"href":"https:\/\/vapestornado.com\/hu\/wp-json\/wp\/v2\/product_tag?post=4582"}],"curies":[{"name":"wp","href":"https:\/\/api.w.org\/{rel}","templated":true}]}}