{"id":4574,"date":"2025-11-19T09:46:33","date_gmt":"2025-11-19T09:46:33","guid":{"rendered":"https:\/\/vapestornado.com\/?post_type=product&#038;p=4574"},"modified":"2025-11-19T09:57:52","modified_gmt":"2025-11-19T09:57:52","slug":"vaprivee-50k-50000-puff-touch-screen-vape-best-wholesale-france","status":"publish","type":"product","link":"https:\/\/vapestornado.com\/hu\/product\/vaprivee-50k-50000-puff-touch-screen-vape-best-wholesale-france\/","title":{"rendered":"VAPRIVEE 50k 50000 Puff \u00c9rint\u0151k\u00e9perny\u0151s Vape Legjobb Nagykereskedelem Magyarorsz\u00e1g"},"content":{"rendered":"<h2 data-pm-slice=\"1 1 []\">VAPRIV\u00c9E 50K 50000 Puff \u00c9rint\u0151k\u00e9perny\u0151s Vape \u2014 Legjobb Nagykereskedelmi V\u00e1laszt\u00e1s Magyarorsz\u00e1gon<\/h2>\n<p data-start=\"344\" data-end=\"802\">A <strong data-start=\"348\" data-end=\"364\">VAPRIV\u00c9E 50K<\/strong> az a kiskeresked\u0151k sz\u00e1m\u00e1ra k\u00e9sz\u00fclt, akik divatk\u00f6zpont\u00fa fogyaszt\u00f3kat c\u00e9loznak Magyarorsz\u00e1gon \u00e9s m\u00e1s magyar nyelv\u0171 r\u00e9gi\u00f3kban. Eleg\u00e1ns k\u00e9zit\u00e1ska-st\u00edlus\u00fa test\u00e9vel, k\u00e9zzel k\u00e9sz\u00edtett gy\u00e9m\u00e1nt matric\u00e1s fel\u00fclet\u00e9vel pr\u00e9mium megjelen\u00e9st k\u00f6lcs\u00f6n\u00f6z, amely azonnal vonzza a v\u00e1s\u00e1rl\u00f3kat, akik \u00e9rt\u00e9kelik az eszt\u00e9tik\u00e1t \u00e9s a teljes\u00edtm\u00e9nyt egyar\u00e1nt. Ez a modell kiv\u00e1l\u00f3an teljes\u00edt \u00e9letst\u00edlus-vez\u00e9relt vape polcokon, butik-st\u00edlus\u00fa \u00fczletekben \u00e9s trendk\u00f6zpont\u00fa nagykereskedelmi kollekci\u00f3kban.<\/p>\n<p data-start=\"804\" data-end=\"1319\">K\u00e9t teljes\u00edtm\u00e9ny m\u00f3dra van tervezve\u2014<strong data-start=\"836\" data-end=\"871\">Puha 50K a hosszabb \u00e9lettartam\u00e9rt<\/strong> \u00e9s a <strong data-start=\"876\" data-end=\"916\">N\u00f6vel\u00e9s 30K er\u0151sebb, s\u0171r\u0171bb hat\u00e1s\u00e9rt<\/strong>\u2014a k\u00e9sz\u00fcl\u00e9k rugalmass\u00e1got biztos\u00edt k\u00fcl\u00f6nb\u00f6z\u0151 vaping preferenci\u00e1khoz. A 22\u201328W kimenet, <strong data-start=\"1002\" data-end=\"1020\">dupla h\u00e1l\u00f3s tekercs<\/strong> fel\u00e9p\u00edt\u00e9s \u00e9s \u00e1ll\u00edthat\u00f3 l\u00e9g\u00e1raml\u00e1si rendszer biztos\u00edtja a sima sz\u00edv\u00e1st \u00e9s a stabil g\u0151zmin\u0151s\u00e9get, ak\u00e1r k\u00f6nny\u0171 napi sz\u00edv\u00e1sr\u00f3l, ak\u00e1r intenz\u00edvebb szesszi\u00f3r\u00f3l van sz\u00f3. Nagy <strong data-start=\"1190\" data-end=\"1215\">Mega LED \u00e9rint\u0151k\u00e9perny\u0151<\/strong> lehet\u0151v\u00e9 teszi a felhaszn\u00e1l\u00f3k sz\u00e1m\u00e1ra, hogy azonnal ellen\u0151rizz\u00e9k az akkumul\u00e1tor \u00e9lettartam\u00e1t \u00e9s az e-liquid szinteket, k\u00e9nyelmet \u00e9s modern vonzer\u0151t adva.<\/p>\n<p data-start=\"1321\" data-end=\"1755\">T\u00e1mogatja egy <strong data-start=\"1336\" data-end=\"1374\">900mAh t\u00edpus-C \u00fajrat\u00f6lthet\u0151 akkumul\u00e1tor<\/strong> \u00e9s egy <strong data-start=\"1381\" data-end=\"1406\">20ml e-liquid kamra<\/strong>, a VAPRIV\u00c9E 50K k\u00f6vetkezetes \u00edzt tart fenn a kezdetekt\u0151l a v\u00e9g\u00e9ig. Azoknak a nagykeresked\u0151knek, akik m\u00e1r k\u00edn\u00e1lnak 50 000 puffos vape term\u00e9keket, ez a modell z\u00f6kken\u0151mentesen m\u0171k\u00f6dik pr\u00e9mium, diz\u00e1jn-k\u00f6zpont\u00fa alternat\u00edvak\u00e9nt, k\u00fcl\u00f6n\u00f6sen azok sz\u00e1m\u00e1ra, akik st\u00edlusos hardvert r\u00e9szes\u00edtenek el\u0151nyben. MOQ kezdve mind\u00f6ssze 50 egys\u00e9gt\u0151l, er\u0151s kieg\u00e9sz\u00edt\u0151je b\u00e1rmilyen Magyarorsz\u00e1gra f\u00f3kusz\u00e1l\u00f3 nagykereskedelmi k\u00edn\u00e1latnak.<\/p>\n<p data-start=\"666\" data-end=\"1235\"><strong style=\"font-size: 16px;\"><span style=\"color: #ff0000;\">Add hozz\u00e1 Amy WhatsApp-j\u00e1t, hogy azonnali v\u00e1laszt \u00e9s kedvezm\u00e9nyes \u00e1rat kapj!<\/span><\/strong><\/p>\n<p><img fetchpriority=\"high\" decoding=\"async\" class=\"size-full wp-image-2932\" src=\"https:\/\/vapestornado.com\/wp-content\/uploads\/2024\/12\/Vape-Wholesale.jpg\" alt=\"Vape nagykereskedelem\" width=\"229\" height=\"300\" \/><\/p>\n<h3><a href=\"https:\/\/wa.me\/8617776015835\" target=\"_blank\" rel=\"noopener\"><span style=\"color: #ff0000;\"><strong>WhatsApp: +86 17776015835<\/strong><\/span><\/a><\/h3>\n<p>&nbsp;<\/p>\n<h2><strong>Mi teszi kiemelked\u0151v\u00e9 a VAPRIV\u00c9E 50k 50000 Puff Eldobhat\u00f3 Vape Tollat?<\/strong><\/h2>\n<ul>\n<li data-start=\"2123\" data-end=\"2158\">\n<p data-start=\"2125\" data-end=\"2158\"><strong data-start=\"2125\" data-end=\"2135\">Sz\u00edv\u00e1sok:<\/strong> Soft 50K \/ Boost 30K<\/p>\n<\/li>\n<li data-start=\"2159\" data-end=\"2187\">\n<p data-start=\"2161\" data-end=\"2187\"><strong data-start=\"2161\" data-end=\"2178\">Kimeneti teljes\u00edtm\u00e9ny:<\/strong> 22\u201328W<\/p>\n<\/li>\n<li data-start=\"2188\" data-end=\"2225\">\n<p data-start=\"2190\" data-end=\"2225\"><strong data-start=\"2190\" data-end=\"2201\">Kijelz\u0151:<\/strong> Mega LED \u00e9rint\u0151k\u00e9perny\u0151<\/p>\n<\/li>\n<li data-start=\"2226\" data-end=\"2255\">\n<p data-start=\"2228\" data-end=\"2255\"><strong data-start=\"2228\" data-end=\"2237\">Tekercs:<\/strong> Dupla h\u00e1l\u00f3s tekercsek<\/p>\n<\/li>\n<li data-start=\"2256\" data-end=\"2291\">\n<p data-start=\"2258\" data-end=\"2291\"><strong data-start=\"2258\" data-end=\"2270\">L\u00e9g\u00e1raml\u00e1s:<\/strong> \u00c1ll\u00edthat\u00f3 l\u00e9g\u00e1raml\u00e1s<\/p>\n<\/li>\n<li data-start=\"2292\" data-end=\"2323\">\n<p data-start=\"2294\" data-end=\"2323\"><strong data-start=\"2294\" data-end=\"2316\">E-liquid kapacit\u00e1s:<\/strong> 20ml<\/p>\n<\/li>\n<li data-start=\"2324\" data-end=\"2369\">\n<p data-start=\"2326\" data-end=\"2369\"><strong data-start=\"2326\" data-end=\"2338\">Akkumul\u00e1tor:<\/strong> 900mAh \u00fajrat\u00f6lthet\u0151 (Type-C)<\/p>\n<\/li>\n<li data-start=\"2370\" data-end=\"2441\">\n<p data-start=\"2372\" data-end=\"2441\"><strong data-start=\"2372\" data-end=\"2383\">Tervez\u00e9s:<\/strong> K\u00e9zit\u00e1ska-st\u00edlus\u00fa test k\u00e9zzel k\u00e9sz\u00edtett gy\u00e9m\u00e1nt matric\u00e1s fel\u00fclettel<\/p>\n<\/li>\n<\/ul>\n<figure id=\"attachment_4568\" aria-describedby=\"caption-attachment-4568\" style=\"width: 300px\" class=\"wp-caption alignnone\"><img decoding=\"async\" class=\"size-medium wp-image-4568\" src=\"https:\/\/vapestornado.com\/wp-content\/uploads\/2025\/11\/VAPRIVEE-50k-50000-Puff-Disposable-Vape-300x300.webp\" alt=\"VAPRIVEE 50k 50000 Puffs eldobhat\u00f3 vape\" width=\"300\" height=\"300\" srcset=\"https:\/\/vapestornado.com\/wp-content\/uploads\/2025\/11\/VAPRIVEE-50k-50000-Puff-Disposable-Vape-300x300.webp 300w, https:\/\/vapestornado.com\/wp-content\/uploads\/2025\/11\/VAPRIVEE-50k-50000-Puff-Disposable-Vape-150x150.webp 150w, https:\/\/vapestornado.com\/wp-content\/uploads\/2025\/11\/VAPRIVEE-50k-50000-Puff-Disposable-Vape-768x768.webp 768w, https:\/\/vapestornado.com\/wp-content\/uploads\/2025\/11\/VAPRIVEE-50k-50000-Puff-Disposable-Vape-12x12.webp 12w, https:\/\/vapestornado.com\/wp-content\/uploads\/2025\/11\/VAPRIVEE-50k-50000-Puff-Disposable-Vape-600x600.webp 600w, https:\/\/vapestornado.com\/wp-content\/uploads\/2025\/11\/VAPRIVEE-50k-50000-Puff-Disposable-Vape-100x100.webp 100w, https:\/\/vapestornado.com\/wp-content\/uploads\/2025\/11\/VAPRIVEE-50k-50000-Puff-Disposable-Vape.webp 800w\" sizes=\"(max-width: 300px) 100vw, 300px\" \/><figcaption id=\"caption-attachment-4568\" class=\"wp-caption-text\">VAPRIVEE 50k 50000 Puffs eldobhat\u00f3 vape<\/figcaption><\/figure>\n<h2><strong>VAPRIVEE 50000<\/strong><strong> Puffok Eldobhat\u00f3 Vape \u00cdzlist\u00e1ja<\/strong><\/h2>\n<ul>\n<li data-start=\"1800\" data-end=\"1813\">\n<p data-start=\"1803\" data-end=\"1813\">Szippant\u00f3s Pop<\/p>\n<\/li>\n<li data-start=\"1814\" data-end=\"1834\">\n<p data-start=\"1817\" data-end=\"1834\">K\u00e9k Razz Citrom<\/p>\n<\/li>\n<li data-start=\"1835\" data-end=\"1852\">\n<p data-start=\"1838\" data-end=\"1852\">Cseresznye Alma<\/p>\n<\/li>\n<li data-start=\"1853\" data-end=\"1874\">\n<p data-start=\"1856\" data-end=\"1874\">K\u00f3la Gummy Bears<\/p>\n<\/li>\n<li data-start=\"1875\" data-end=\"1892\">\n<p data-start=\"1878\" data-end=\"1892\">Dupla Mang\u00f3<\/p>\n<\/li>\n<li data-start=\"1893\" data-end=\"1907\">\n<p data-start=\"1896\" data-end=\"1907\">Sz\u0151l\u0151 J\u00e9g<\/p>\n<\/li>\n<li data-start=\"1908\" data-end=\"1939\">\n<p data-start=\"1911\" data-end=\"1939\">Mangosteen Rambutan Longan<\/p>\n<\/li>\n<li data-start=\"1940\" data-end=\"1961\">\n<p data-start=\"1943\" data-end=\"1961\">Miami Menta Cukorka<\/p>\n<\/li>\n<li data-start=\"1962\" data-end=\"1993\">\n<p data-start=\"1965\" data-end=\"1993\">Eper M\u00e1lna Citrom<\/p>\n<\/li>\n<li data-start=\"1994\" data-end=\"2030\">\n<p data-start=\"1998\" data-end=\"2030\">Dinnye Anan\u00e1sz M\u00e1lna<\/p>\n<\/li>\n<li data-start=\"2031\" data-end=\"2047\">\n<p data-start=\"2035\" data-end=\"2047\">G\u00f6r\u00f6gdinnye<\/p>\n<\/li>\n<li data-start=\"2048\" data-end=\"2075\">\n<p data-start=\"2052\" data-end=\"2075\">Feh\u00e9r Barack M\u00e1lna<\/p>\n<\/li>\n<\/ul>\n<p>&nbsp;<\/p>\n<h2>Mi\u00e9rt v\u00e1lassza a Vapestornado-t az eldobhat\u00f3 vape nagykereskedelm\u00e9hez?<\/h2>\n<div class=\"flex-shrink-0 flex flex-col relative items-end\">\n<div class=\"pt-0\">\n<div class=\"gizmo-bot-avatar flex h-8 w-8 items-center justify-center overflow-hidden rounded-full\">\n<div class=\"relative p-1 rounded-sm flex items-center justify-center bg-token-main-surface-primary text-token-text-primary h-8 w-8\">\n<p data-start=\"648\" data-end=\"799\">V\u00e1laszt\u00e1s <strong data-start=\"189\" data-end=\"205\">Vapestornado<\/strong> besz\u00e1ll\u00edt\u00f3dnak sz\u00e1modra <strong data-start=\"227\" data-end=\"261\">Elf Bar Moon Night 40000 Puff<\/strong> az azt jelenti, hogy olyan partnert biztos\u00edtunk, aki \u00e9rti az EU-alap\u00fa nagykeresked\u0151k \u00e9s kiskeresked\u0151k ig\u00e9nyeit. A gyors sz\u00e1ll\u00edt\u00e1sra, ellen\u0151rz\u00f6tt k\u00e9szletre \u00e9s stabil hossz\u00fa t\u00e1v\u00fa ell\u00e1t\u00e1sra \u00f6sszpontos\u00edtunk\u2014ezek kulcsfontoss\u00e1g\u00fa t\u00e9nyez\u0151k olyan v\u00e1llalkoz\u00e1sok sz\u00e1m\u00e1ra, amelyek nagy volumen\u0171 term\u00e9keket \u00e9rt\u00e9kes\u00edtenek, mint p\u00e9ld\u00e1ul a <strong data-start=\"489\" data-end=\"515\">Elf Bar Moon Night 40K<\/strong>. Minden t\u00e9tel k\u00f6zvetlen\u00fcl hiteles\u00edtett csatorn\u00e1kb\u00f3l sz\u00e1rmazik, biztos\u00edtva az eredeti term\u00e9keket, az er\u0151s \u00edz\u00e1lland\u00f3s\u00e1got \u00e9s a megb\u00edzhat\u00f3 min\u0151s\u00e9get, amely megfelel az EU v\u00e1s\u00e1rl\u00f3inak elv\u00e1r\u00e1sainak.<\/p>\n<p data-start=\"559\" data-end=\"933\" data-is-last-node=\"\" data-is-only-node=\"\">Van n\u00e9h\u00e1ny m\u00e1sik n\u00e9pszer\u0171 eldobhat\u00f3 vape k\u00e9perny\u0151vel, mint p\u00e9ld\u00e1ul <a href=\"https:\/\/vapestornado.com\/hu\/product\/uzy-150k-puffs-6-in-1-flavor-switch-disposable-vape-pen-wholesale\/\">UZY 150K Puff \u00edzv\u00e1lt\u00f3 vape<\/a>, <a href=\"https:\/\/vapestornado.com\/hu\/product\/vozol-rave-40k-40000-puffs-disposable-vape-smart-screen-5-nicotine\/\">VOZOL RAVE 40K Eldobhat\u00f3 Vape<\/a>, <a href=\"https:\/\/vapestornado.com\/hu\/product\/waspe-150k-150000-puff-6-in-1-disposable-vape-pen-cartridge-best-wholesale-price-in-poland\/\">WASPE 150K Puff 6 az 1-ben<\/a>, \u00e9s m\u00e9g sok m\u00e1s.<\/p>\n<\/div>\n<div class=\"relative p-1 rounded-sm flex items-center justify-center bg-token-main-surface-primary text-token-text-primary h-8 w-8\">\n<h2><\/h2>\n<p data-start=\"5242\" data-end=\"5375\">\n<\/div>\n<\/div>\n<\/div>\n<\/div>","protected":false},"excerpt":{"rendered":"<article class=\"text-token-text-primary w-full focus:outline-none [--shadow-height:45px] has-data-writing-block:pointer-events-none has-data-writing-block:-mt-(--shadow-height) has-data-writing-block:pt-(--shadow-height) [&amp;:has([data-writing-block])&gt;*]:pointer-events-auto [content-visibility:auto] supports-[content-visibility:auto]:[contain-intrinsic-size:auto_100lvh] scroll-mt-[calc(var(--header-height)+min(200px,max(70px,20svh)))]\" dir=\"auto\" tabindex=\"-1\" data-turn-id=\"86ca9d92-7a10-4e6b-bda0-15f9df36adca\" data-testid=\"conversation-turn-120\" data-scroll-anchor=\"true\" data-turn=\"assistant\">\n<div class=\"text-base my-auto mx-auto pb-10 [--thread-content-margin:--spacing(4)] thread-sm:[--thread-content-margin:--spacing(6)] thread-lg:[--thread-content-margin:--spacing(16)] px-(--thread-content-margin)\">\n<div class=\"[--thread-content-max-width:40rem] thread-lg:[--thread-content-max-width:48rem] mx-auto max-w-(--thread-content-max-width) flex-1 group\/turn-messages focus-visible:outline-hidden relative flex w-full min-w-0 flex-col agent-turn\" tabindex=\"-1\">\n<div class=\"flex max-w-full flex-col grow\">\n<div class=\"min-h-8 text-message relative flex w-full flex-col items-end gap-2 text-start break-words whitespace-normal [.text-message+&amp;]:mt-1\" dir=\"auto\" data-message-author-role=\"assistant\" data-message-id=\"43b070d6-bf28-4fbe-8049-1032a61ea3ac\" data-message-model-slug=\"gpt-5\">\n<div class=\"flex w-full flex-col gap-1 empty:hidden first:pt-[1px]\">\n<div class=\"markdown prose dark:prose-invert w-full break-words light markdown-new-styling\">\n<article class=\"text-token-text-primary w-full focus:outline-none [--shadow-height:45px] has-data-writing-block:pointer-events-none has-data-writing-block:-mt-(--shadow-height) has-data-writing-block:pt-(--shadow-height) [&amp;:has([data-writing-block])&gt;*]:pointer-events-auto [content-visibility:auto] supports-[content-visibility:auto]:[contain-intrinsic-size:auto_100lvh] scroll-mt-[calc(var(--header-height)+min(200px,max(70px,20svh)))]\" dir=\"auto\" tabindex=\"-1\" data-turn-id=\"4d6f00b8-d41a-438b-8912-05a895842882\" data-testid=\"conversation-turn-130\" data-scroll-anchor=\"true\" data-turn=\"assistant\">\n<div class=\"text-base my-auto mx-auto pb-10 [--thread-content-margin:--spacing(4)] thread-sm:[--thread-content-margin:--spacing(6)] thread-lg:[--thread-content-margin:--spacing(16)] px-(--thread-content-margin)\">\n<div class=\"[--thread-content-max-width:40rem] thread-lg:[--thread-content-max-width:48rem] mx-auto max-w-(--thread-content-max-width) flex-1 group\/turn-messages focus-visible:outline-hidden relative flex w-full min-w-0 flex-col agent-turn\" tabindex=\"-1\">\n<div class=\"flex max-w-full flex-col grow\">\n<div class=\"min-h-8 text-message relative flex w-full flex-col items-end gap-2 text-start break-words whitespace-normal [.text-message+&amp;]:mt-1\" dir=\"auto\" data-message-author-role=\"assistant\" data-message-id=\"f3c520bf-c043-4392-87ea-b3bf1b3ae6d3\" data-message-model-slug=\"gpt-5-1\">\n<div class=\"flex w-full flex-col gap-1 empty:hidden first:pt-[1px]\">\n<div class=\"markdown prose dark:prose-invert w-full break-words light markdown-new-styling\">\n<p>1. VAPRIV\u00c9E 50K \u00c9rint\u0151k\u00e9perny\u0151s eldobhat\u00f3 \u2013 Pr\u00e9mium 50000 Puffs Vape Nagykereskedelem Magyarorsz\u00e1g<br \/>\n2. Magyar Nagykereskedelmi Sz\u00e1ll\u00edt\u00e1s: VAPRIV\u00c9E 50K Divatos Vape Mega LED &amp; K\u00e9t Mesh Tekercs<br \/>\n3. Nagykereskedelem VAPRIV\u00c9E 50000 Puff K\u00e9zit\u00e1ska-st\u00edlus\u00fa Vape \u2013 Legkelend\u0151bb a magyar kiskeresked\u0151k sz\u00e1m\u00e1ra<\/p>\n<\/div>\n<\/div>\n<\/div>\n<\/div>\n<\/div>\n<\/div>\n<\/article>\n<div class=\"pointer-events-none h-px w-px\" aria-hidden=\"true\" data-edge=\"true\"><\/div>\n<\/div>\n<\/div>\n<\/div>\n<\/div>\n<\/div>\n<\/div>\n<\/article>\n<p><img fetchpriority=\"high\" decoding=\"async\" class=\"size-full wp-image-2932\" src=\"https:\/\/vapestornado.com\/wp-content\/uploads\/2024\/12\/Vape-Wholesale.jpg\" alt=\"Vape nagykereskedelem\" width=\"229\" height=\"300\" \/><\/p>\n<h3><a href=\"https:\/\/wa.me\/8617776015835\"><span style=\"color: #ff0000;\"><strong>WhatsApp: +86 17776015835<\/strong><\/span><\/a><\/h3>\n<p>&nbsp;<\/p>","protected":false},"featured_media":4572,"comment_status":"open","ping_status":"closed","template":"","meta":{"_acf_changed":false,"_uag_custom_page_level_css":"","_lmt_disableupdate":"no","_lmt_disable":"","_monsterinsights_skip_tracking":false,"_monsterinsights_sitenote_active":false,"_monsterinsights_sitenote_note":"","_monsterinsights_sitenote_category":0,"site-sidebar-layout":"default","site-content-layout":"","ast-site-content-layout":"default","site-content-style":"default","site-sidebar-style":"default","ast-global-header-display":"","ast-banner-title-visibility":"","ast-main-header-display":"","ast-hfb-above-header-display":"","ast-hfb-below-header-display":"","ast-hfb-mobile-header-display":"","site-post-title":"","ast-breadcrumbs-content":"","ast-featured-img":"","footer-sml-layout":"","ast-disable-related-posts":"","theme-transparent-header-meta":"default","adv-header-id-meta":"","stick-header-meta":"","header-above-stick-meta":"","header-main-stick-meta":"","header-below-stick-meta":"","astra-migrate-meta-layouts":"set","ast-page-background-enabled":"default","ast-page-background-meta":{"desktop":{"background-color":"","background-image":"","background-repeat":"repeat","background-position":"center center","background-size":"auto","background-attachment":"scroll","background-type":"","background-media":"","overlay-type":"","overlay-color":"","overlay-opacity":"","overlay-gradient":""},"tablet":{"background-color":"","background-image":"","background-repeat":"repeat","background-position":"center center","background-size":"auto","background-attachment":"scroll","background-type":"","background-media":"","overlay-type":"","overlay-color":"","overlay-opacity":"","overlay-gradient":""},"mobile":{"background-color":"","background-image":"","background-repeat":"repeat","background-position":"center center","background-size":"auto","background-attachment":"scroll","background-type":"","background-media":"","overlay-type":"","overlay-color":"","overlay-opacity":"","overlay-gradient":""}},"ast-content-background-meta":{"desktop":{"background-color":"var(--ast-global-color-5)","background-image":"","background-repeat":"repeat","background-position":"center center","background-size":"auto","background-attachment":"scroll","background-type":"","background-media":"","overlay-type":"","overlay-color":"","overlay-opacity":"","overlay-gradient":""},"tablet":{"background-color":"var(--ast-global-color-5)","background-image":"","background-repeat":"repeat","background-position":"center center","background-size":"auto","background-attachment":"scroll","background-type":"","background-media":"","overlay-type":"","overlay-color":"","overlay-opacity":"","overlay-gradient":""},"mobile":{"background-color":"var(--ast-global-color-5)","background-image":"","background-repeat":"repeat","background-position":"center center","background-size":"auto","background-attachment":"scroll","background-type":"","background-media":"","overlay-type":"","overlay-color":"","overlay-opacity":"","overlay-gradient":""}},"_joinchat":{"telephone":"17776015835"}},"product_brand":[],"product_cat":[192,149,150,151,156,357,146],"product_tag":[105,189,436,268,442],"class_list":{"0":"post-4574","1":"product","2":"type-product","3":"status-publish","4":"has-post-thumbnail","6":"product_cat-50000-puff","7":"product_cat-buy-disposable-vapes-in-austria","8":"product_cat-buy-disposable-vapes-in-belgium","9":"product_cat-buy-disposable-vapes-in-france","10":"product_cat-buy-disposable-vapes-in-poland","11":"product_cat-flavor-adjustable-vape","12":"product_cat-rechargeable-disposable-vapes","13":"product_tag-digital-disposable-vape","14":"product_tag-puff-50k","15":"product_tag-shop-vape-online","16":"product_tag-touch-screen-vape","17":"product_tag-vaprivee-50k","18":"desktop-align-left","19":"tablet-align-left","20":"mobile-align-left","22":"first","23":"instock","24":"sale","25":"shipping-taxable","26":"purchasable","27":"product-type-simple"},"acf":[],"uagb_featured_image_src":{"full":["https:\/\/vapestornado.com\/wp-content\/uploads\/2025\/11\/VAPRIVEE-50000-Puff-50k-Popular-Vapes.webp",800,800,false],"thumbnail":["https:\/\/vapestornado.com\/wp-content\/uploads\/2025\/11\/VAPRIVEE-50000-Puff-50k-Popular-Vapes-150x150.webp",150,150,true],"medium":["https:\/\/vapestornado.com\/wp-content\/uploads\/2025\/11\/VAPRIVEE-50000-Puff-50k-Popular-Vapes-300x300.webp",300,300,true],"medium_large":["https:\/\/vapestornado.com\/wp-content\/uploads\/2025\/11\/VAPRIVEE-50000-Puff-50k-Popular-Vapes-768x768.webp",768,768,true],"large":["https:\/\/vapestornado.com\/wp-content\/uploads\/2025\/11\/VAPRIVEE-50000-Puff-50k-Popular-Vapes.webp",800,800,false],"1536x1536":["https:\/\/vapestornado.com\/wp-content\/uploads\/2025\/11\/VAPRIVEE-50000-Puff-50k-Popular-Vapes.webp",800,800,false],"2048x2048":["https:\/\/vapestornado.com\/wp-content\/uploads\/2025\/11\/VAPRIVEE-50000-Puff-50k-Popular-Vapes.webp",800,800,false],"trp-custom-language-flag":["https:\/\/vapestornado.com\/wp-content\/uploads\/2025\/11\/VAPRIVEE-50000-Puff-50k-Popular-Vapes-12x12.webp",12,12,true],"woocommerce_thumbnail":["https:\/\/vapestornado.com\/wp-content\/uploads\/2025\/11\/VAPRIVEE-50000-Puff-50k-Popular-Vapes-300x300.webp",300,300,true],"woocommerce_single":["https:\/\/vapestornado.com\/wp-content\/uploads\/2025\/11\/VAPRIVEE-50000-Puff-50k-Popular-Vapes-600x600.webp",600,600,true],"woocommerce_gallery_thumbnail":["https:\/\/vapestornado.com\/wp-content\/uploads\/2025\/11\/VAPRIVEE-50000-Puff-50k-Popular-Vapes-100x100.webp",100,100,true]},"uagb_author_info":{"display_name":"ESAMY","author_link":"https:\/\/vapestornado.com\/hu\/author\/"},"uagb_comment_info":0,"uagb_excerpt":"1. VAPRIV\u00c9E 50K Touch Screen Disposable \u2013 Premium 50000 Puffs Vape Wholesale France 2. France Bulk Supply: VAPRIV\u00c9E 50K Fashion Vape with Mega LED &amp; Dual Mesh Coils 3. Wholesale VAPRIV\u00c9E 50000 Puff Handbag-Style Vape \u2013 Best Seller for French Retailers WhatsApp: +86 17776015835 &nbsp;","_links":{"self":[{"href":"https:\/\/vapestornado.com\/hu\/wp-json\/wp\/v2\/product\/4574","targetHints":{"allow":["GET"]}}],"collection":[{"href":"https:\/\/vapestornado.com\/hu\/wp-json\/wp\/v2\/product"}],"about":[{"href":"https:\/\/vapestornado.com\/hu\/wp-json\/wp\/v2\/types\/product"}],"replies":[{"embeddable":true,"href":"https:\/\/vapestornado.com\/hu\/wp-json\/wp\/v2\/comments?post=4574"}],"wp:featuredmedia":[{"embeddable":true,"href":"https:\/\/vapestornado.com\/hu\/wp-json\/wp\/v2\/media\/4572"}],"wp:attachment":[{"href":"https:\/\/vapestornado.com\/hu\/wp-json\/wp\/v2\/media?parent=4574"}],"wp:term":[{"taxonomy":"product_brand","embeddable":true,"href":"https:\/\/vapestornado.com\/hu\/wp-json\/wp\/v2\/product_brand?post=4574"},{"taxonomy":"product_cat","embeddable":true,"href":"https:\/\/vapestornado.com\/hu\/wp-json\/wp\/v2\/product_cat?post=4574"},{"taxonomy":"product_tag","embeddable":true,"href":"https:\/\/vapestornado.com\/hu\/wp-json\/wp\/v2\/product_tag?post=4574"}],"curies":[{"name":"wp","href":"https:\/\/api.w.org\/{rel}","templated":true}]}}