{"id":4559,"date":"2025-11-18T06:36:49","date_gmt":"2025-11-18T06:36:49","guid":{"rendered":"https:\/\/vapestornado.com\/?post_type=product&#038;p=4559"},"modified":"2025-11-17T09:46:46","modified_gmt":"2025-11-17T09:46:46","slug":"elf-bar-moon-night-40000-puffs-disposable-vape-germany-wholesale","status":"publish","type":"product","link":"https:\/\/vapestornado.com\/hu\/product\/elf-bar-moon-night-40000-puffs-disposable-vape-germany-wholesale\/","title":{"rendered":"Elf Bar Moon Night 40000 Puffs Egyszer haszn\u00e1latos Vape N\u00e9metorsz\u00e1g Nagykereskedelem"},"content":{"rendered":"<h2 data-pm-slice=\"1 1 []\">Elf Bar Moon Night 40000 Puffs \u2013 N\u00e9metorsz\u00e1g Nagykereskedelemben keresett, nagy ig\u00e9ny\u0171 egyszer haszn\u00e1latos vape<\/h2>\n<p data-start=\"88\" data-end=\"570\">A <strong data-start=\"92\" data-end=\"120\">Elf Bar Moon Night 40000<\/strong> az EU v\u00e1s\u00e1rl\u00f3k sz\u00e1m\u00e1ra lett tervezve, akik tart\u00f3ss\u00e1got, er\u0151s \u00edz tisztas\u00e1got \u00e9s tiszta eg\u00e9sz napos h\u00faz\u00e1st keresnek. Egy hatalmas <strong data-start=\"234\" data-end=\"249\">40000 slukkig<\/strong>, ez a <strong data-start=\"256\" data-end=\"282\">Elf Bar Moon Night 40k<\/strong> pontosan kiel\u00e9g\u00edti a fogyaszt\u00f3i szegmenst, \u00e9s most a legjobb teljes\u00edtm\u00e9nyt ny\u00fajt\u00f3 lehet\u0151s\u00e9g a <strong data-start=\"374\" data-end=\"400\">Vape N\u00e9metorsz\u00e1g Nagykereskedelem<\/strong> forgalmaz\u00f3k sz\u00e1m\u00e1ra. Kompakt testalkata, megb\u00edzhat\u00f3 akkumul\u00e1torrendszere \u00e9s sima g\u0151zkibocs\u00e1t\u00e1sa ide\u00e1liss\u00e1 teszi a kiskeresked\u0151k sz\u00e1m\u00e1ra, akik stabil, magas forgalm\u00fa egyszer haszn\u00e1latos term\u00e9keket keresnek.<\/p>\n<p data-start=\"572\" data-end=\"1277\">Ez <strong data-start=\"577\" data-end=\"608\">40000 Puffs Egyszer haszn\u00e1latos Vape<\/strong> egy nagylelk\u0171 <em data-start=\"626\" data-end=\"650\">20 ml e-liquid kapacit\u00e1s<\/em> p\u00e1ros\u00edtva egy k\u00f6vetkezetes s\u00f3-nikotin torokhat\u00e1ssal, amely \u00f6sszehasonl\u00edthat\u00f3 a pr\u00e9mium \u00fajrat\u00f6lthet\u0151 k\u00e9sz\u00fcl\u00e9kekkel \u2013 de karbantart\u00e1s n\u00e9lk\u00fcl. A k\u00e9sz\u00fcl\u00e9k el\u0151re felt\u00f6lt\u00f6tt \u00e9s ergonomikus egyens\u00falyban k\u00e9sz\u00fclt, \u00edgy k\u00e9nyelmes hosszabb haszn\u00e1lat sor\u00e1n otthon, munkahelyen vagy \u00fatk\u00f6zben is. A <strong data-start=\"921\" data-end=\"935\">Elfbar 40k<\/strong> szint\u00e9n fenntartja az \u00edz egys\u00e9gess\u00e9g\u00e9t a kezdett\u0151l a v\u00e9g\u00e9ig, biztos\u00edtva, hogy az EU felhaszn\u00e1l\u00f3k tiszta, \u00fct\u0151s \u00edzt \u00e9lvezzenek, \u00e9g\u00e9si jegyek n\u00e9lk\u00fcl. N\u00e9metorsz\u00e1g, Franciaorsz\u00e1g, Hollandia, Belgium \u00e9s a k\u00f6rnyez\u0151 EU piacok nagykeresked\u0151inek a <strong data-start=\"1146\" data-end=\"1174\">Elf Bar Moon Night 40k<\/strong>\u00a0er\u0151s \u00e9rt\u00e9kes\u00edt\u00e9si potenci\u00e1lt k\u00edn\u00e1l egyszer\u0171 fel\u00e9p\u00edt\u00e9se \u00e9s vonz\u00f3 \u00edzv\u00e1laszt\u00e9ka miatt.<\/p>\n<p data-start=\"666\" data-end=\"1235\"><strong style=\"font-size: 16px;\"><span style=\"color: #ff0000;\">Add hozz\u00e1 Amy WhatsApp-j\u00e1t, hogy azonnali v\u00e1laszt \u00e9s kedvezm\u00e9nyes \u00e1rat kapj!<\/span><\/strong><\/p>\n<p><img fetchpriority=\"high\" decoding=\"async\" class=\"size-full wp-image-2932\" src=\"https:\/\/vapestornado.com\/wp-content\/uploads\/2024\/12\/Vape-Wholesale.jpg\" alt=\"Vape nagykereskedelem\" width=\"229\" height=\"300\" \/><\/p>\n<h3><a href=\"https:\/\/wa.me\/8617776015835\" target=\"_blank\" rel=\"noopener\"><span style=\"color: #ff0000;\"><strong>WhatsApp: +86 17776015835<\/strong><\/span><\/a><\/h3>\n<p>&nbsp;<\/p>\n<h2><strong>Mi teszi kiemelked\u0151v\u00e9 az Elf Bar Moon Night 40000 Egyszer haszn\u00e1latos Vape Tollat?<\/strong><\/h2>\n<ul>\n<li data-start=\"1335\" data-end=\"1367\">\n<p data-start=\"1337\" data-end=\"1367\"><strong data-start=\"1337\" data-end=\"1352\">Sz\u00edv\u00e1sok sz\u00e1ma:<\/strong> 40 000 puffot<\/p>\n<\/li>\n<li data-start=\"1368\" data-end=\"1400\">\n<p data-start=\"1370\" data-end=\"1400\"><strong data-start=\"1370\" data-end=\"1392\">E-liquid kapacit\u00e1s:<\/strong> ~20ml<\/p>\n<\/li>\n<li data-start=\"1401\" data-end=\"1430\">\n<p data-start=\"1403\" data-end=\"1430\"><strong data-start=\"1403\" data-end=\"1425\">Nikotin er\u0151ss\u00e9g:<\/strong> 5%<\/p>\n<\/li>\n<li data-start=\"1431\" data-end=\"1469\">\n<p data-start=\"1433\" data-end=\"1469\"><strong data-start=\"1433\" data-end=\"1445\">Akkumul\u00e1tor:<\/strong> El\u0151re felt\u00f6lt\u00f6tt, hossz\u00fa \u00e9lettartam\u00fa<\/p>\n<\/li>\n<li data-start=\"1470\" data-end=\"1516\">\n<p data-start=\"1472\" data-end=\"1516\"><strong data-start=\"1472\" data-end=\"1483\">Tervez\u00e9s:<\/strong> Kompakt fog\u00e1s, k\u00f6nny\u0171 test<\/p>\n<\/li>\n<li data-start=\"1517\" data-end=\"1561\">\n<p data-start=\"1519\" data-end=\"1561\"><strong data-start=\"1519\" data-end=\"1534\">Aktiv\u00e1l\u00e1s:<\/strong> H\u00faz\u00e1sra aktiv\u00e1l\u00f3dik, nincs be\u00e1ll\u00edt\u00e1s<\/p>\n<\/li>\n<li data-start=\"1562\" data-end=\"1623\">\n<p data-start=\"1564\" data-end=\"1623\"><strong data-start=\"1564\" data-end=\"1580\">Teljes\u00edtm\u00e9ny:<\/strong> Stabil g\u0151zkibocs\u00e1t\u00e1s, kiegyens\u00falyozott torokhat\u00e1s<\/p>\n<\/li>\n<\/ul>\n<figure id=\"attachment_4558\" aria-describedby=\"caption-attachment-4558\" style=\"width: 300px\" class=\"wp-caption alignnone\"><img decoding=\"async\" class=\"size-medium wp-image-4558\" src=\"https:\/\/vapestornado.com\/wp-content\/uploads\/2025\/11\/ELFBAR-Moon-Night-40k-Puffs-Disposable-Vape-Box-300x300.webp\" alt=\"ELF BAR Moon Night 40k Puffs eldobhat\u00f3 vape doboz\" width=\"300\" height=\"300\" srcset=\"https:\/\/vapestornado.com\/wp-content\/uploads\/2025\/11\/ELFBAR-Moon-Night-40k-Puffs-Disposable-Vape-Box-300x300.webp 300w, https:\/\/vapestornado.com\/wp-content\/uploads\/2025\/11\/ELFBAR-Moon-Night-40k-Puffs-Disposable-Vape-Box-150x150.webp 150w, https:\/\/vapestornado.com\/wp-content\/uploads\/2025\/11\/ELFBAR-Moon-Night-40k-Puffs-Disposable-Vape-Box-768x768.webp 768w, https:\/\/vapestornado.com\/wp-content\/uploads\/2025\/11\/ELFBAR-Moon-Night-40k-Puffs-Disposable-Vape-Box-12x12.webp 12w, https:\/\/vapestornado.com\/wp-content\/uploads\/2025\/11\/ELFBAR-Moon-Night-40k-Puffs-Disposable-Vape-Box-600x600.webp 600w, https:\/\/vapestornado.com\/wp-content\/uploads\/2025\/11\/ELFBAR-Moon-Night-40k-Puffs-Disposable-Vape-Box-100x100.webp 100w, https:\/\/vapestornado.com\/wp-content\/uploads\/2025\/11\/ELFBAR-Moon-Night-40k-Puffs-Disposable-Vape-Box.webp 800w\" sizes=\"(max-width: 300px) 100vw, 300px\" \/><figcaption id=\"caption-attachment-4558\" class=\"wp-caption-text\">ELF BAR Moon Night 40k Puffs eldobhat\u00f3 vape doboz<\/figcaption><\/figure>\n<h2 class=\"product-title\"><strong>Elf Bar Moon Night 40000 Puff eldobhat\u00f3 vape \u00edzv\u00e1laszt\u00e9k lista<\/strong><\/h2>\n<ol data-start=\"1663\" data-end=\"1879\">\n<li data-start=\"1663\" data-end=\"1682\">\n<p data-start=\"1666\" data-end=\"1682\">G\u00f6r\u00f6gdinnye J\u00e9g<\/p>\n<\/li>\n<li data-start=\"1683\" data-end=\"1698\">\n<p data-start=\"1686\" data-end=\"1698\">Miami Menta<\/p>\n<\/li>\n<li data-start=\"1699\" data-end=\"1715\">\n<p data-start=\"1702\" data-end=\"1715\">Sz\u0151l\u0151 J\u00e9gk\u00e1s\u00e1<\/p>\n<\/li>\n<li data-start=\"1716\" data-end=\"1741\">\n<p data-start=\"1719\" data-end=\"1741\">Savany\u00fa Mang\u00f3 Anan\u00e1sz<\/p>\n<\/li>\n<li data-start=\"1742\" data-end=\"1768\">\n<p data-start=\"1745\" data-end=\"1768\">M\u00e1lna Barack Citrom<\/p>\n<\/li>\n<li data-start=\"1769\" data-end=\"1783\">\n<p data-start=\"1772\" data-end=\"1783\">Baracklekv\u00e1r<\/p>\n<\/li>\n<li data-start=\"1784\" data-end=\"1813\">\n<p data-start=\"1787\" data-end=\"1813\">Fagyott Cseresznye G\u00f6r\u00f6gdinnye<\/p>\n<\/li>\n<li data-start=\"1814\" data-end=\"1831\">\n<p data-start=\"1817\" data-end=\"1831\">Dupla Alma<\/p>\n<\/li>\n<li data-start=\"1832\" data-end=\"1851\">\n<p data-start=\"1835\" data-end=\"1851\">\u00c1fonya Razz<\/p>\n<\/li>\n<li data-start=\"1852\" data-end=\"1879\">\n<p data-start=\"1856\" data-end=\"1879\">Eperdinnye<\/p>\n<\/li>\n<\/ol>\n<p>&nbsp;<\/p>\n<h2>Mi\u00e9rt v\u00e1lassza a Vapestornado-t az Elf Bar Moon Night 40000 Puffs nagy t\u00e9telben t\u00f6rt\u00e9n\u0151 v\u00e1s\u00e1rl\u00e1s\u00e1hoz?<\/h2>\n<div class=\"flex-shrink-0 flex flex-col relative items-end\">\n<div class=\"pt-0\">\n<div class=\"gizmo-bot-avatar flex h-8 w-8 items-center justify-center overflow-hidden rounded-full\">\n<div class=\"relative p-1 rounded-sm flex items-center justify-center bg-token-main-surface-primary text-token-text-primary h-8 w-8\">\n<p data-start=\"648\" data-end=\"799\">V\u00e1laszt\u00e1s <strong data-start=\"189\" data-end=\"205\">Vapestornado<\/strong> besz\u00e1ll\u00edt\u00f3dnak sz\u00e1modra <strong data-start=\"227\" data-end=\"261\">Elf Bar Moon Night 40000 Puff<\/strong> az azt jelenti, hogy olyan partnert biztos\u00edtunk, aki \u00e9rti az EU-alap\u00fa nagykeresked\u0151k \u00e9s kiskeresked\u0151k ig\u00e9nyeit. A gyors sz\u00e1ll\u00edt\u00e1sra, ellen\u0151rz\u00f6tt k\u00e9szletre \u00e9s stabil hossz\u00fa t\u00e1v\u00fa ell\u00e1t\u00e1sra \u00f6sszpontos\u00edtunk\u2014ezek kulcsfontoss\u00e1g\u00fa t\u00e9nyez\u0151k olyan v\u00e1llalkoz\u00e1sok sz\u00e1m\u00e1ra, amelyek nagy volumen\u0171 term\u00e9keket \u00e9rt\u00e9kes\u00edtenek, mint p\u00e9ld\u00e1ul a <strong data-start=\"489\" data-end=\"515\">Elf Bar Moon Night 40K<\/strong>. Minden t\u00e9tel k\u00f6zvetlen\u00fcl hiteles\u00edtett csatorn\u00e1kb\u00f3l sz\u00e1rmazik, biztos\u00edtva az eredeti term\u00e9keket, az er\u0151s \u00edz\u00e1lland\u00f3s\u00e1got \u00e9s a megb\u00edzhat\u00f3 min\u0151s\u00e9get, amely megfelel az EU v\u00e1s\u00e1rl\u00f3inak elv\u00e1r\u00e1sainak.<\/p>\n<p data-start=\"559\" data-end=\"933\" data-is-last-node=\"\" data-is-only-node=\"\">Van n\u00e9h\u00e1ny m\u00e1sik n\u00e9pszer\u0171 eldobhat\u00f3 vape k\u00e9perny\u0151vel, mint p\u00e9ld\u00e1ul <a href=\"https:\/\/vapestornado.com\/hu\/product\/uzy-150k-puffs-6-in-1-flavor-switch-disposable-vape-pen-wholesale\/\">UZY 150K Puff \u00edzv\u00e1lt\u00f3 vape<\/a>, <a href=\"https:\/\/vapestornado.com\/hu\/product\/vozol-rave-40k-40000-puffs-disposable-vape-smart-screen-5-nicotine\/\">VOZOL RAVE 40K Eldobhat\u00f3 Vape<\/a>, <a href=\"https:\/\/vapestornado.com\/hu\/product\/waspe-150k-150000-puff-6-in-1-disposable-vape-pen-cartridge-best-wholesale-price-in-poland\/\">WASPE 150K Puff 6 az 1-ben<\/a>, \u00e9s m\u00e9g sok m\u00e1s.<\/p>\n<\/div>\n<div class=\"relative p-1 rounded-sm flex items-center justify-center bg-token-main-surface-primary text-token-text-primary h-8 w-8\">\n<h2>GYIK az Elf Bar Moon Night 40000-r\u0151l<\/h2>\n<p data-start=\"1928\" data-end=\"2074\"><strong data-start=\"1928\" data-end=\"1986\">1. Sz\u00fcks\u00e9ge van az Elf Bar Moon Night 40000 t\u00f6lt\u00e9s\u00e9re?<\/strong><br data-start=\"1986\" data-end=\"1989\" \/>Nem. El\u0151re felt\u00f6lt\u00f6tt, \u00e9s teljes puff kapacit\u00e1s\u00e1t an\u00e9lk\u00fcl \u00e9ri el, hogy tov\u00e1bbi t\u00f6lt\u00e9sre lenne sz\u00fcks\u00e9g.<\/p>\n<p data-start=\"2076\" data-end=\"2257\"><strong data-start=\"2076\" data-end=\"2134\">2. El\u00e9g a 20 ml e-liquid kapacit\u00e1s 40K puffhoz?<\/strong><br data-start=\"2134\" data-end=\"2137\" \/>Igen. Az optimaliz\u00e1lt tekercs lass\u00fa, hat\u00e9kony g\u0151z\u00f6l\u00e9st biztos\u00edt, hogy megfeleljen a teljes \u00e9lettartamnak <strong data-start=\"2228\" data-end=\"2256\">Elf Bar Moon Night 40000<\/strong>.<\/p>\n<p data-start=\"2259\" data-end=\"2429\"><strong data-start=\"2259\" data-end=\"2320\">3. Alkalmas ez a term\u00e9k nagykereskedelmi rendel\u00e9sre Magyarorsz\u00e1gon?<\/strong><br data-start=\"2320\" data-end=\"2323\" \/>Abszol\u00fat. J\u00f3l illeszkedik <strong data-start=\"2355\" data-end=\"2381\">Vape N\u00e9metorsz\u00e1g Nagykereskedelem<\/strong> a hossz\u00fa \u00e9lettartam \u00e9s a stabil min\u0151s\u00e9g miatt.<\/p>\n<p data-start=\"2431\" data-end=\"2555\"><strong data-start=\"2431\" data-end=\"2484\">4. Hogyan tart ki az \u00edz teljes\u00edtm\u00e9ny id\u0151vel?<\/strong><br data-start=\"2484\" data-end=\"2487\" \/>Az \u00edzek k\u00f6vetkezetesek maradnak, \u00e9g\u0151 \u00edz n\u00e9lk\u00fcl, m\u00e9g intenz\u00edv haszn\u00e1lat eset\u00e9n is.<\/p>\n<p data-start=\"2557\" data-end=\"2724\"><strong data-start=\"2557\" data-end=\"2612\">5. K\u00f6nnyen haszn\u00e1lhat\u00f3 az Elf Bar Moon Night 40k kezd\u0151k sz\u00e1m\u00e1ra?<\/strong><br data-start=\"2612\" data-end=\"2615\" \/>Igen. Ez egy egyszer\u0171 <strong data-start=\"2635\" data-end=\"2666\">40000 Puffs Egyszer haszn\u00e1latos Vape<\/strong> kivon\u00e1s-aktiv\u00e1l\u00e1s\u2014ide\u00e1lis \u00faj \u00e9s tapasztalt felhaszn\u00e1l\u00f3k sz\u00e1m\u00e1ra.<\/p>\n<\/div>\n<\/div>\n<\/div>\n<\/div>","protected":false},"excerpt":{"rendered":"<article class=\"text-token-text-primary w-full focus:outline-none [--shadow-height:45px] has-data-writing-block:pointer-events-none has-data-writing-block:-mt-(--shadow-height) has-data-writing-block:pt-(--shadow-height) [&amp;:has([data-writing-block])&gt;*]:pointer-events-auto [content-visibility:auto] supports-[content-visibility:auto]:[contain-intrinsic-size:auto_100lvh] scroll-mt-[calc(var(--header-height)+min(200px,max(70px,20svh)))]\" dir=\"auto\" tabindex=\"-1\" data-turn-id=\"86ca9d92-7a10-4e6b-bda0-15f9df36adca\" data-testid=\"conversation-turn-120\" data-scroll-anchor=\"true\" data-turn=\"assistant\">\n<div class=\"text-base my-auto mx-auto pb-10 [--thread-content-margin:--spacing(4)] thread-sm:[--thread-content-margin:--spacing(6)] thread-lg:[--thread-content-margin:--spacing(16)] px-(--thread-content-margin)\">\n<div class=\"[--thread-content-max-width:40rem] thread-lg:[--thread-content-max-width:48rem] mx-auto max-w-(--thread-content-max-width) flex-1 group\/turn-messages focus-visible:outline-hidden relative flex w-full min-w-0 flex-col agent-turn\" tabindex=\"-1\">\n<div class=\"flex max-w-full flex-col grow\">\n<div class=\"min-h-8 text-message relative flex w-full flex-col items-end gap-2 text-start break-words whitespace-normal [.text-message+&amp;]:mt-1\" dir=\"auto\" data-message-author-role=\"assistant\" data-message-id=\"43b070d6-bf28-4fbe-8049-1032a61ea3ac\" data-message-model-slug=\"gpt-5\">\n<div class=\"flex w-full flex-col gap-1 empty:hidden first:pt-[1px]\">\n<div class=\"markdown prose dark:prose-invert w-full break-words light markdown-new-styling\">\n<article class=\"text-token-text-primary w-full focus:outline-none [--shadow-height:45px] has-data-writing-block:pointer-events-none has-data-writing-block:-mt-(--shadow-height) has-data-writing-block:pt-(--shadow-height) [&amp;:has([data-writing-block])&gt;*]:pointer-events-auto [content-visibility:auto] supports-[content-visibility:auto]:[contain-intrinsic-size:auto_100lvh] scroll-mt-[calc(var(--header-height)+min(200px,max(70px,20svh)))]\" dir=\"auto\" tabindex=\"-1\" data-turn-id=\"4d6f00b8-d41a-438b-8912-05a895842882\" data-testid=\"conversation-turn-130\" data-scroll-anchor=\"true\" data-turn=\"assistant\">\n<div class=\"text-base my-auto mx-auto pb-10 [--thread-content-margin:--spacing(4)] thread-sm:[--thread-content-margin:--spacing(6)] thread-lg:[--thread-content-margin:--spacing(16)] px-(--thread-content-margin)\">\n<div class=\"[--thread-content-max-width:40rem] thread-lg:[--thread-content-max-width:48rem] mx-auto max-w-(--thread-content-max-width) flex-1 group\/turn-messages focus-visible:outline-hidden relative flex w-full min-w-0 flex-col agent-turn\" tabindex=\"-1\">\n<div class=\"flex max-w-full flex-col grow\">\n<div class=\"min-h-8 text-message relative flex w-full flex-col items-end gap-2 text-start break-words whitespace-normal [.text-message+&amp;]:mt-1\" dir=\"auto\" data-message-author-role=\"assistant\" data-message-id=\"f3c520bf-c043-4392-87ea-b3bf1b3ae6d3\" data-message-model-slug=\"gpt-5-1\">\n<div class=\"flex w-full flex-col gap-1 empty:hidden first:pt-[1px]\">\n<div class=\"markdown prose dark:prose-invert w-full break-words light markdown-new-styling\">\n<p data-start=\"2992\" data-end=\"3094\"><strong data-start=\"2992\" data-end=\"3092\">Elf Bar Moon Night 40K N\u00e9metorsz\u00e1g Nagykereskedelem \u2013 Pr\u00e9mium 40000 Puffs Egyszer haszn\u00e1latos Vape az EU kiskeresked\u0151k sz\u00e1m\u00e1ra<\/strong><\/p>\n<p data-start=\"3098\" data-end=\"3187\"><strong data-start=\"3098\" data-end=\"3185\">V\u00e1s\u00e1rolj Elfbar 40k-t online \u2013 Er\u0151s \u00edz, 20ml folyad\u00e9kt\u00e9rfogat \u00e9s hossz\u00fa \u00e9lettartam\u00fa teljes\u00edtm\u00e9ny<\/strong><\/p>\n<p data-start=\"3191\" data-end=\"3285\" data-is-last-node=\"\"><strong data-start=\"3191\" data-end=\"3285\" data-is-last-node=\"\">Elf Bar Moon Night 40000 Puff Eszk\u00f6z \u2013 Legkelend\u0151bb magas puff-sz\u00e1m\u00fa egyszer haszn\u00e1latos az EU Vape boltok sz\u00e1m\u00e1ra<\/strong><\/p>\n<\/div>\n<\/div>\n<\/div>\n<\/div>\n<\/div>\n<\/div>\n<\/article>\n<div class=\"pointer-events-none h-px w-px\" aria-hidden=\"true\" data-edge=\"true\"><\/div>\n<\/div>\n<\/div>\n<\/div>\n<\/div>\n<\/div>\n<\/div>\n<\/article>\n<p><img fetchpriority=\"high\" decoding=\"async\" class=\"size-full wp-image-2932\" src=\"https:\/\/vapestornado.com\/wp-content\/uploads\/2024\/12\/Vape-Wholesale.jpg\" alt=\"Vape nagykereskedelem\" width=\"229\" height=\"300\" \/><\/p>\n<h3><a href=\"https:\/\/wa.me\/8617776015835\"><span style=\"color: #ff0000;\"><strong>WhatsApp: +86 17776015835<\/strong><\/span><\/a><\/h3>\n<p>&nbsp;<\/p>","protected":false},"featured_media":4554,"comment_status":"open","ping_status":"closed","template":"","meta":{"_acf_changed":false,"_uag_custom_page_level_css":"","_lmt_disableupdate":"no","_lmt_disable":"","_monsterinsights_skip_tracking":false,"_monsterinsights_sitenote_active":false,"_monsterinsights_sitenote_note":"","_monsterinsights_sitenote_category":0,"site-sidebar-layout":"default","site-content-layout":"","ast-site-content-layout":"default","site-content-style":"default","site-sidebar-style":"default","ast-global-header-display":"","ast-banner-title-visibility":"","ast-main-header-display":"","ast-hfb-above-header-display":"","ast-hfb-below-header-display":"","ast-hfb-mobile-header-display":"","site-post-title":"","ast-breadcrumbs-content":"","ast-featured-img":"","footer-sml-layout":"","ast-disable-related-posts":"","theme-transparent-header-meta":"default","adv-header-id-meta":"","stick-header-meta":"","header-above-stick-meta":"","header-main-stick-meta":"","header-below-stick-meta":"","astra-migrate-meta-layouts":"set","ast-page-background-enabled":"default","ast-page-background-meta":{"desktop":{"background-color":"","background-image":"","background-repeat":"repeat","background-position":"center center","background-size":"auto","background-attachment":"scroll","background-type":"","background-media":"","overlay-type":"","overlay-color":"","overlay-opacity":"","overlay-gradient":""},"tablet":{"background-color":"","background-image":"","background-repeat":"repeat","background-position":"center center","background-size":"auto","background-attachment":"scroll","background-type":"","background-media":"","overlay-type":"","overlay-color":"","overlay-opacity":"","overlay-gradient":""},"mobile":{"background-color":"","background-image":"","background-repeat":"repeat","background-position":"center center","background-size":"auto","background-attachment":"scroll","background-type":"","background-media":"","overlay-type":"","overlay-color":"","overlay-opacity":"","overlay-gradient":""}},"ast-content-background-meta":{"desktop":{"background-color":"var(--ast-global-color-5)","background-image":"","background-repeat":"repeat","background-position":"center center","background-size":"auto","background-attachment":"scroll","background-type":"","background-media":"","overlay-type":"","overlay-color":"","overlay-opacity":"","overlay-gradient":""},"tablet":{"background-color":"var(--ast-global-color-5)","background-image":"","background-repeat":"repeat","background-position":"center center","background-size":"auto","background-attachment":"scroll","background-type":"","background-media":"","overlay-type":"","overlay-color":"","overlay-opacity":"","overlay-gradient":""},"mobile":{"background-color":"var(--ast-global-color-5)","background-image":"","background-repeat":"repeat","background-position":"center center","background-size":"auto","background-attachment":"scroll","background-type":"","background-media":"","overlay-type":"","overlay-color":"","overlay-opacity":"","overlay-gradient":""}},"_joinchat":{"telephone":"17776015835"}},"product_brand":[],"product_cat":[65,149,150,156,143,254,357,146],"product_tag":[105,437,438,436,435,439,301],"class_list":{"0":"post-4559","1":"product","2":"type-product","3":"status-publish","4":"has-post-thumbnail","6":"product_cat-40000-puff","7":"product_cat-buy-disposable-vapes-in-austria","8":"product_cat-buy-disposable-vapes-in-belgium","9":"product_cat-buy-disposable-vapes-in-poland","10":"product_cat-dual-mesh-disposable-vapes","11":"product_cat-elf-bar-vape","12":"product_cat-flavor-adjustable-vape","13":"product_cat-rechargeable-disposable-vapes","14":"product_tag-digital-disposable-vape","15":"product_tag-elf-bar-moon-night-40000","16":"product_tag-elfbar-moon-night-40k","17":"product_tag-shop-vape-online","18":"product_tag-vape-eu-wholesale","19":"product_tag-vape-germany-wholesale","20":"product_tag-vapor-wholesale","21":"desktop-align-left","22":"tablet-align-left","23":"mobile-align-left","25":"first","26":"instock","27":"sale","28":"shipping-taxable","29":"purchasable","30":"product-type-simple"},"acf":[],"uagb_featured_image_src":{"full":["https:\/\/vapestornado.com\/wp-content\/uploads\/2025\/11\/Elf-Bar-Moon-Night-40000-Puffs-Best-Price.webp",800,800,false],"thumbnail":["https:\/\/vapestornado.com\/wp-content\/uploads\/2025\/11\/Elf-Bar-Moon-Night-40000-Puffs-Best-Price-150x150.webp",150,150,true],"medium":["https:\/\/vapestornado.com\/wp-content\/uploads\/2025\/11\/Elf-Bar-Moon-Night-40000-Puffs-Best-Price-300x300.webp",300,300,true],"medium_large":["https:\/\/vapestornado.com\/wp-content\/uploads\/2025\/11\/Elf-Bar-Moon-Night-40000-Puffs-Best-Price-768x768.webp",768,768,true],"large":["https:\/\/vapestornado.com\/wp-content\/uploads\/2025\/11\/Elf-Bar-Moon-Night-40000-Puffs-Best-Price.webp",800,800,false],"1536x1536":["https:\/\/vapestornado.com\/wp-content\/uploads\/2025\/11\/Elf-Bar-Moon-Night-40000-Puffs-Best-Price.webp",800,800,false],"2048x2048":["https:\/\/vapestornado.com\/wp-content\/uploads\/2025\/11\/Elf-Bar-Moon-Night-40000-Puffs-Best-Price.webp",800,800,false],"trp-custom-language-flag":["https:\/\/vapestornado.com\/wp-content\/uploads\/2025\/11\/Elf-Bar-Moon-Night-40000-Puffs-Best-Price-12x12.webp",12,12,true],"woocommerce_thumbnail":["https:\/\/vapestornado.com\/wp-content\/uploads\/2025\/11\/Elf-Bar-Moon-Night-40000-Puffs-Best-Price-300x300.webp",300,300,true],"woocommerce_single":["https:\/\/vapestornado.com\/wp-content\/uploads\/2025\/11\/Elf-Bar-Moon-Night-40000-Puffs-Best-Price-600x600.webp",600,600,true],"woocommerce_gallery_thumbnail":["https:\/\/vapestornado.com\/wp-content\/uploads\/2025\/11\/Elf-Bar-Moon-Night-40000-Puffs-Best-Price-100x100.webp",100,100,true]},"uagb_author_info":{"display_name":"ESAMY","author_link":"https:\/\/vapestornado.com\/hu\/author\/"},"uagb_comment_info":0,"uagb_excerpt":"Elf Bar Moon Night 40K Germany Wholesale \u2013 High-End 40000 Puffs Disposable Vape for EU Retailers Buy Elfbar 40k Online \u2013 Strong Flavor, 20ml Liquid Capacity &amp; Long-Life Performance Elf Bar Moon Night 40000 Puff Device \u2013 Best-Selling High-Puff Disposable for EU Vape Shops WhatsApp: +86 17776015835 &nbsp;","_links":{"self":[{"href":"https:\/\/vapestornado.com\/hu\/wp-json\/wp\/v2\/product\/4559","targetHints":{"allow":["GET"]}}],"collection":[{"href":"https:\/\/vapestornado.com\/hu\/wp-json\/wp\/v2\/product"}],"about":[{"href":"https:\/\/vapestornado.com\/hu\/wp-json\/wp\/v2\/types\/product"}],"replies":[{"embeddable":true,"href":"https:\/\/vapestornado.com\/hu\/wp-json\/wp\/v2\/comments?post=4559"}],"wp:featuredmedia":[{"embeddable":true,"href":"https:\/\/vapestornado.com\/hu\/wp-json\/wp\/v2\/media\/4554"}],"wp:attachment":[{"href":"https:\/\/vapestornado.com\/hu\/wp-json\/wp\/v2\/media?parent=4559"}],"wp:term":[{"taxonomy":"product_brand","embeddable":true,"href":"https:\/\/vapestornado.com\/hu\/wp-json\/wp\/v2\/product_brand?post=4559"},{"taxonomy":"product_cat","embeddable":true,"href":"https:\/\/vapestornado.com\/hu\/wp-json\/wp\/v2\/product_cat?post=4559"},{"taxonomy":"product_tag","embeddable":true,"href":"https:\/\/vapestornado.com\/hu\/wp-json\/wp\/v2\/product_tag?post=4559"}],"curies":[{"name":"wp","href":"https:\/\/api.w.org\/{rel}","templated":true}]}}