{"id":4544,"date":"2025-11-14T09:07:41","date_gmt":"2025-11-14T09:07:41","guid":{"rendered":"https:\/\/vapestornado.com\/?post_type=product&#038;p=4544"},"modified":"2025-11-17T07:46:36","modified_gmt":"2025-11-17T07:46:36","slug":"uor-120000-puff-120k-4-flavors-rechargeable-disposable-vape-shop-online","status":"publish","type":"product","link":"https:\/\/vapestornado.com\/hu\/product\/uor-120000-puff-120k-4-flavors-rechargeable-disposable-vape-shop-online\/","title":{"rendered":"UOR 120000 Puff 120K 4 \u00cdz\u0171 \u00dajrat\u00f6lthet\u0151 Egyszer haszn\u00e1latos Vape Bolt Online"},"content":{"rendered":"<h2 data-pm-slice=\"1 1 []\">UOR 120000 Puff \u2013 4 \u00cdz\u0171 V\u00e1lt\u00f3 Egyszer haszn\u00e1latos Vape EU V\u00e1s\u00e1rl\u00f3knak<\/h2>\n<p data-start=\"78\" data-end=\"577\">A <strong data-start=\"82\" data-end=\"101\">UOR 120000 Puff<\/strong> az EU nagykeresked\u0151k \u00e9s fiatal feln\u0151tt vaper-ek sz\u00e1m\u00e1ra k\u00e9sz\u00fclt, akik maxim\u00e1lis kitart\u00e1st, er\u0151s \u00edz\u00e1tvitelt \u00e9s egyszer\u0171 m\u0171k\u00f6d\u00e9st keresnek. Ez <strong data-start=\"232\" data-end=\"249\">UOR 120k Puff<\/strong> k\u00e9sz\u00fcl\u00e9k egy <strong data-start=\"268\" data-end=\"295\">4 az 1-ben v\u00e1lt\u00f3 rendszerrel<\/strong>felszerelt, amely lehet\u0151v\u00e9 teszi a felhaszn\u00e1l\u00f3k sz\u00e1m\u00e1ra, hogy azonnal v\u00e1ltogassanak n\u00e9gy pr\u00e9mium \u00edztart\u00e1ly k\u00f6z\u00f6tt\u2014nincs \u00fajrat\u00f6lt\u00e9s, nincs rendetlens\u00e9g, csak tiszta \u00e1tmenetek minden kattint\u00e1ssal. Tervezve <strong data-start=\"443\" data-end=\"464\">Vape EU Nagykereskedelem<\/strong>a k\u00e9sz\u00fcl\u00e9k hossz\u00fa \u00e9lettartamot \u00e9s stabil teljes\u00edtm\u00e9nyt \u00f6tv\u00f6z, amely mind kiskereskedelmi polcokra, mind online vape boltokba illik.<\/p>\n<p data-start=\"579\" data-end=\"998\">A <strong data-start=\"584\" data-end=\"612\">4\u00d716ml e-liquid kapacit\u00e1s<\/strong>minden patron elegend\u0151 hosszabb haszn\u00e1latra, t\u00e1mogatva egy <strong data-start=\"669\" data-end=\"707\">650mAh Type-C \u00fajrat\u00f6lthet\u0151 akkumul\u00e1tor<\/strong>. A <strong data-start=\"713\" data-end=\"731\">1.0\u03a9 mesh tekercs<\/strong> ami biztos\u00edtja a foly\u00e9kony g\u0151z s\u0171r\u0171s\u00e9g\u00e9t \u00e9s a tiszta \u00edz elk\u00fcl\u00f6n\u00edt\u00e9s\u00e9t mind a n\u00e9gy be\u00e9p\u00edtett kever\u00e9k eset\u00e9ben. Mint egy <strong data-start=\"836\" data-end=\"863\">Egyszer haszn\u00e1latos Digit\u00e1lis Vape<\/strong>k\u00f6nny\u0171 h\u00faz\u00e1st k\u00edn\u00e1l modern hat\u00e9konys\u00e1ggal, \u00edgy n\u00e9pszer\u0171 v\u00e1laszt\u00e1s az EU fogyaszt\u00f3i k\u00f6r\u00e9ben, akik magas puff-sz\u00e1m\u00fa t\u00f6bb \u00edz\u0171 eszk\u00f6z\u00f6ket keresnek.<\/p>\n<p data-start=\"1000\" data-end=\"1408\">Ennek a modellnek a v\u00e1logatott \u00edzv\u00e1laszt\u00e9ka, k\u00fcl\u00f6n\u00f6sen az olyan kombin\u00e1ci\u00f3k, mint <em data-start=\"1065\" data-end=\"1088\">Eperdinnye<\/em>, <em data-start=\"1090\" data-end=\"1116\">Kivi Maracuja Guava<\/em>, <em data-start=\"1118\" data-end=\"1129\">Mang\u00f3 J\u00e9g<\/em>, \u00e9s <em data-start=\"1135\" data-end=\"1158\">Dinnye Savany\u00fa Barack<\/em>, dinamikus \u201eTr\u00f3pusi Fagyaszt\u00e1s Kalandj\u00e1t\u201d teremti meg, amely a vil\u00e1gos gy\u00fcm\u00f6lcss\u00e9gt\u0151l a hideg, friss\u00edt\u0151 befejez\u00e9sekig terjed. Az EU forgalmaz\u00f3k sz\u00e1m\u00e1ra a <strong data-start=\"1288\" data-end=\"1307\">UOR 120000 Puff<\/strong> magas \u00e1rr\u00e9st, megb\u00edzhat\u00f3 ell\u00e1t\u00e1st \u00e9s versenyk\u00e9pes keresletet k\u00edn\u00e1l a ny\u00e1ri \u00e9s eg\u00e9sz \u00e9vben tart\u00f3 piacokon.<\/p>\n<p data-start=\"666\" data-end=\"1235\"><strong style=\"font-size: 16px;\"><span style=\"color: #ff0000;\">Add hozz\u00e1 Amy WhatsApp-j\u00e1t, hogy azonnali v\u00e1laszt \u00e9s kedvezm\u00e9nyes \u00e1rat kapj!<\/span><\/strong><\/p>\n<p><img fetchpriority=\"high\" decoding=\"async\" class=\"size-full wp-image-2932\" src=\"https:\/\/vapestornado.com\/wp-content\/uploads\/2024\/12\/Vape-Wholesale.jpg\" alt=\"Vape nagykereskedelem\" width=\"229\" height=\"300\" \/><\/p>\n<h3><a href=\"https:\/\/wa.me\/8617776015835\" target=\"_blank\" rel=\"noopener\"><span style=\"color: #ff0000;\"><strong>WhatsApp: +86 17776015835<\/strong><\/span><\/a><\/h3>\n<p>&nbsp;<\/p>\n<h2><strong>Mi teszi kiemelked\u0151v\u00e9 az UOR 120000 Puff Eldobhat\u00f3 Vape Tollat?<\/strong><\/h2>\n<ul data-start=\"1447\" data-end=\"1657\">\n<li data-start=\"1447\" data-end=\"1482\">\n<p data-start=\"1449\" data-end=\"1482\"><strong data-start=\"1449\" data-end=\"1467\">Puff kapacit\u00e1s:<\/strong> 120000 szippant\u00e1s<\/p>\n<\/li>\n<li data-start=\"1483\" data-end=\"1512\">\n<p data-start=\"1485\" data-end=\"1512\"><strong data-start=\"1485\" data-end=\"1497\">E-Juice:<\/strong> 4\u00d716ml tart\u00e1ly<\/p>\n<\/li>\n<li data-start=\"1513\" data-end=\"1556\">\n<p data-start=\"1515\" data-end=\"1556\"><strong data-start=\"1515\" data-end=\"1533\">\u00cdzv\u00e1lt\u00f3:<\/strong> 4 \u00edz \u00e1ll\u00edthat\u00f3<\/p>\n<\/li>\n<li data-start=\"1557\" data-end=\"1601\">\n<p data-start=\"1559\" data-end=\"1601\"><strong data-start=\"1559\" data-end=\"1571\">Akkumul\u00e1tor:<\/strong> 650mAh, Type-C \u00fajrat\u00f6lthet\u0151<\/p>\n<\/li>\n<li data-start=\"1602\" data-end=\"1625\">\n<p data-start=\"1604\" data-end=\"1625\"><strong data-start=\"1604\" data-end=\"1613\">Tekercs:<\/strong> 1.0\u03a9 h\u00e1l\u00f3s<\/p>\n<\/li>\n<li data-start=\"1626\" data-end=\"1657\">\n<p data-start=\"1628\" data-end=\"1657\"><strong data-start=\"1628\" data-end=\"1639\">S\u00faly:<\/strong> 145g k\u00e9sz\u00fcl\u00e9kenk\u00e9nt<\/p>\n<\/li>\n<\/ul>\n<h2 class=\"product-title\"><strong>UOR 120k Puff Eldobhat\u00f3 Vape \u00cdzv\u00e1laszt\u00e9k Lista<\/strong><\/h2>\n<h3 data-start=\"1664\" data-end=\"1692\"><\/h3>\n<ol data-start=\"1693\" data-end=\"2434\">\n<li data-start=\"1693\" data-end=\"1761\">\n<p data-start=\"1696\" data-end=\"1761\">Dinnye J\u00e9g \/ \u00c1fonya Borsmenta \/ Fuji Alma J\u00e9g \/ Lime Rom\u00e1nc<\/p>\n<\/li>\n<li data-start=\"1762\" data-end=\"1837\">\n<p data-start=\"1765\" data-end=\"1837\">Dinnye J\u00e9g \/ \u00c1fonya Cseresznye \/ Ny\u00e1ri Id\u0151 \/ Savany\u00fa Mang\u00f3 Anan\u00e1sz<\/p>\n<\/li>\n<li data-start=\"1838\" data-end=\"1904\">\n<p data-start=\"1841\" data-end=\"1904\">\u00c1fonya J\u00e9g \/ S\u00e1rgabarack J\u00e9g \/ Sziv\u00e1rv\u00e1ny Cukorka \/ Citrom Savany\u00fa Narancs<\/p>\n<\/li>\n<li data-start=\"1905\" data-end=\"1977\">\n<p data-start=\"1908\" data-end=\"1977\">\u00c1fonya J\u00e9g \/ S\u00e1rgabarack Mang\u00f3 Dinnye \/ Szenved\u00e9ly Cs\u00f3k \/ Melon Alma<\/p>\n<\/li>\n<li data-start=\"1978\" data-end=\"2058\">\n<p data-start=\"1981\" data-end=\"2058\">\u00c1fonya M\u00e1lna \/ Vegyes Bogy\u00f3 \/ Kaliforniai Cseresznye \/ Szenved\u00e9ly Gy\u00fcm\u00f6lcs Mang\u00f3<\/p>\n<\/li>\n<li data-start=\"2059\" data-end=\"2126\">\n<p data-start=\"2062\" data-end=\"2126\">\u00c1fonya M\u00e1lna \/ Sz\u0151l\u0151 J\u00e9g \/ Bogy\u00f3 J\u00e9g \/ Aloe Mang\u00f3 Dinnye<\/p>\n<\/li>\n<li data-start=\"2127\" data-end=\"2203\">\n<p data-start=\"2130\" data-end=\"2203\">Energiad\u00fasital \/ \u00c1fonya Dinnye \/ Savany\u00fa Alma M\u00e1lna \/ Gumimaci<\/p>\n<\/li>\n<li data-start=\"2204\" data-end=\"2271\">\n<p data-start=\"2207\" data-end=\"2271\">Szam\u00f3ca Mang\u00f3 \/ V\u00edzilabda R\u00e1g\u00f3gumi \/ V\u00f6r\u00f6s Mojito \/ LOVE66<\/p>\n<\/li>\n<li data-start=\"2272\" data-end=\"2343\">\n<p data-start=\"2275\" data-end=\"2343\">Szam\u00f3ca V\u00edzilabda \/ Fekete J\u00e9g \/ Triple Melon \/ \u00c1fonya Sz\u0151l\u0151<\/p>\n<\/li>\n<li data-start=\"2344\" data-end=\"2434\">\n<p data-start=\"2348\" data-end=\"2434\">Szam\u00f3ca V\u00edzilabda \/ Kivi Passi\u00f3 Gy\u00fcm\u00f6lcs Guava \/ Mang\u00f3 J\u00e9g \/ V\u00edzilabda Savany\u00fa S\u00e1rgabarack<\/p>\n<\/li>\n<\/ol>\n<figure id=\"attachment_4548\" aria-describedby=\"caption-attachment-4548\" style=\"width: 300px\" class=\"wp-caption alignnone\"><img decoding=\"async\" class=\"size-medium wp-image-4548\" src=\"https:\/\/vapestornado.com\/wp-content\/uploads\/2025\/11\/UOR-4-in-1-Flavors-120K-Puffs-4-Distinct-Flavors-Smart-Screen-Vape-300x300.webp\" alt=\"UOR 4 az 1-ben \u00cdzek 120 000 P\u00fapot 4 K\u00fcl\u00f6nb\u00f6z\u0151 \u00cdz\u0171 Okos K\u00e9perny\u0151s Vape\" width=\"300\" height=\"300\" srcset=\"https:\/\/vapestornado.com\/wp-content\/uploads\/2025\/11\/UOR-4-in-1-Flavors-120K-Puffs-4-Distinct-Flavors-Smart-Screen-Vape-300x300.webp 300w, https:\/\/vapestornado.com\/wp-content\/uploads\/2025\/11\/UOR-4-in-1-Flavors-120K-Puffs-4-Distinct-Flavors-Smart-Screen-Vape-150x150.webp 150w, https:\/\/vapestornado.com\/wp-content\/uploads\/2025\/11\/UOR-4-in-1-Flavors-120K-Puffs-4-Distinct-Flavors-Smart-Screen-Vape-768x768.webp 768w, https:\/\/vapestornado.com\/wp-content\/uploads\/2025\/11\/UOR-4-in-1-Flavors-120K-Puffs-4-Distinct-Flavors-Smart-Screen-Vape-12x12.webp 12w, https:\/\/vapestornado.com\/wp-content\/uploads\/2025\/11\/UOR-4-in-1-Flavors-120K-Puffs-4-Distinct-Flavors-Smart-Screen-Vape-600x600.webp 600w, https:\/\/vapestornado.com\/wp-content\/uploads\/2025\/11\/UOR-4-in-1-Flavors-120K-Puffs-4-Distinct-Flavors-Smart-Screen-Vape-100x100.webp 100w, https:\/\/vapestornado.com\/wp-content\/uploads\/2025\/11\/UOR-4-in-1-Flavors-120K-Puffs-4-Distinct-Flavors-Smart-Screen-Vape.webp 800w\" sizes=\"(max-width: 300px) 100vw, 300px\" \/><figcaption id=\"caption-attachment-4548\" class=\"wp-caption-text\">UOR 4 az 1-ben \u00cdzek 120 000 P\u00fapot 4 K\u00fcl\u00f6nb\u00f6z\u0151 \u00cdz\u0171 Okos K\u00e9perny\u0151s Vape<\/figcaption><\/figure>\n<h2>Mi\u00e9rt v\u00e1lassza a Vapestornado-t az UOR 120000 P\u00fapot tartalmaz\u00f3 nagy t\u00e9tel v\u00e1s\u00e1rl\u00e1s\u00e1hoz?<\/h2>\n<div class=\"flex-shrink-0 flex flex-col relative items-end\">\n<div class=\"pt-0\">\n<div class=\"gizmo-bot-avatar flex h-8 w-8 items-center justify-center overflow-hidden rounded-full\">\n<div class=\"relative p-1 rounded-sm flex items-center justify-center bg-token-main-surface-primary text-token-text-primary h-8 w-8\">\n<p>At\u00a0<strong>Vapes Tornado<\/strong>b\u00fcszk\u00e9k vagyunk arra, hogy\u00a0<strong>pr\u00e9mium vaping term\u00e9keket k\u00edn\u00e1lunk verhetetlen \u00e1ron<\/strong>\u00a0\u00cdme, mi\u00e9rt \u00e9rdemes t\u0151l\u00fcnk v\u00e1s\u00e1rolni:<\/p>\n<p data-start=\"235\" data-end=\"360\"><strong data-start=\"235\" data-end=\"261\">Legjobb Nagykereskedelmi Aj\u00e1nlatok<\/strong> \u2013 \u00c9lvezze <strong data-start=\"270\" data-end=\"297\">magas \u00e1rr\u00e9s\u0171 nagykereskedelmi \u00e1rakat<\/strong> az \u00fajra\u00e9rt\u00e9kes\u00edt\u0151k, vape forgalmaz\u00f3k \u00e9s kiskereskedelmi \u00fczletek sz\u00e1m\u00e1ra kialak\u00edtva.<\/p>\n<p data-start=\"362\" data-end=\"513\"><strong data-start=\"362\" data-end=\"400\">\u2714 Gyors \u00e9s Biztons\u00e1gos Vil\u00e1gszerte Sz\u00e1ll\u00edt\u00e1s<\/strong> \u2013 Biztos\u00edtjuk <strong data-start=\"413\" data-end=\"443\">gyors, nyomon k\u00f6vethet\u0151 sz\u00e1ll\u00edt\u00e1st<\/strong> Eur\u00f3p\u00e1ban \u00e9s azon t\u00fal, hogy k\u00e9szletei biztons\u00e1gosan \u00e9s id\u0151ben \u00e9rkezzenek meg.<\/p>\n<p data-start=\"515\" data-end=\"646\"><strong data-start=\"515\" data-end=\"542\">\u2714 100% Eredeti Term\u00e9kek<\/strong> \u2013 Minden <strong data-start=\"551\" data-end=\"578\">WASPE Triple 60000 vape<\/strong> amit \u00e1rus\u00edtunk, <strong data-start=\"590\" data-end=\"625\">hiteles \u00e9s gy\u00e1ri tan\u00fas\u00edtv\u00e1nnyal rendelkez\u0151<\/strong>, soha nem ut\u00e1nzat.<\/p>\n<p data-start=\"648\" data-end=\"799\"><strong data-start=\"648\" data-end=\"676\">\u2714 Dedik\u00e1lt T\u00e1mogat\u00f3 Csapat<\/strong> \u2013 Sz\u00fcks\u00e9ge van seg\u00edts\u00e9gre? A <strong data-start=\"694\" data-end=\"733\">vape szak\u00e9rt\u0151ink 24\/7 rendelkez\u00e9sre \u00e1llnak<\/strong>, k\u00e9szek v\u00e1laszolni k\u00e9rd\u00e9seire \u00e9s seg\u00edteni a rendel\u00e9sekn\u00e9l b\u00e1rmikor.<\/p>\n<p>&nbsp;<\/p>\n<p data-start=\"559\" data-end=\"933\" data-is-last-node=\"\" data-is-only-node=\"\">Van n\u00e9h\u00e1ny m\u00e1sik n\u00e9pszer\u0171 eldobhat\u00f3 vape k\u00e9perny\u0151vel, mint p\u00e9ld\u00e1ul <a href=\"https:\/\/vapestornado.com\/hu\/product\/uzy-150k-puffs-6-in-1-flavor-switch-disposable-vape-pen-wholesale\/\">UZY 150K Puff \u00edzv\u00e1lt\u00f3 vape<\/a>, <a href=\"https:\/\/vapestornado.com\/hu\/product\/vozol-rave-40k-40000-puffs-disposable-vape-smart-screen-5-nicotine\/\">VOZOL RAVE 40K Eldobhat\u00f3 Vape<\/a>, <a href=\"https:\/\/vapestornado.com\/hu\/product\/waspe-150k-150000-puff-6-in-1-disposable-vape-pen-cartridge-best-wholesale-price-in-poland\/\">WASPE 150K Puff 6 az 1-ben<\/a>, \u00e9s m\u00e9g sok m\u00e1s.<\/p>\n<\/div>\n<div class=\"relative p-1 rounded-sm flex items-center justify-center bg-token-main-surface-primary text-token-text-primary h-8 w-8\">\n<h2>GYIK az UOR 120000 P\u00fapr\u00f3l<\/h2>\n<p data-start=\"2474\" data-end=\"2646\"><strong data-start=\"2474\" data-end=\"2523\">1. Hogyan m\u0171k\u00f6dik az \u00edzv\u00e1lt\u00f3 rendszer?<\/strong><br data-start=\"2523\" data-end=\"2526\" \/>A <strong data-start=\"2530\" data-end=\"2559\">Egyszer haszn\u00e1latos vape v\u00e1lt\u00e1sa<\/strong> A kialak\u00edt\u00e1s n\u00e9gy k\u00fcl\u00f6n\u00e1ll\u00f3 16ml-es tart\u00e1lyt haszn\u00e1l. Forgassa el a kapcsol\u00f3t az \u00edzek azonnali v\u00e1lt\u00e1s\u00e1hoz.<\/p>\n<p data-start=\"2648\" data-end=\"2797\"><strong data-start=\"2648\" data-end=\"2689\">2. Az UOR 120k P\u00fapot \u00fajrat\u00f6lthet\u0151?<\/strong><br data-start=\"2689\" data-end=\"2692\" \/>Igen, tartalmaz egy <strong data-start=\"2711\" data-end=\"2736\">650mAh t\u00edpus-C akkumul\u00e1tor<\/strong>, amely stabil energi\u00e1t biztos\u00edt, am\u00edg az \u00f6sszes \u00edz ki nem fogy.<\/p>\n<p data-start=\"2799\" data-end=\"2917\"><strong data-start=\"2799\" data-end=\"2836\">3. Milyen tekercset haszn\u00e1l az eszk\u00f6z?<\/strong><br data-start=\"2836\" data-end=\"2839\" \/>Ez egy <strong data-start=\"2849\" data-end=\"2867\">1.0\u03a9 mesh tekercs<\/strong>, amely a sima g\u0151z \u00e9s pontos \u00edz \u00e9rdek\u00e9ben lett optimaliz\u00e1lva.<\/p>\n<p data-start=\"2919\" data-end=\"3102\"><strong data-start=\"2919\" data-end=\"2967\">4. Alkalmas ez az EU nagykereskedelmi rendel\u00e9sre?<\/strong><br data-start=\"2967\" data-end=\"2970\" \/>Abszol\u00fat \u2014 a <strong data-start=\"2987\" data-end=\"3006\">UOR 120000 Puff<\/strong> er\u0151teljesen teljes\u00edt a <strong data-start=\"3032\" data-end=\"3053\">Vape EU Nagykereskedelem<\/strong>, magas p\u00fapsz\u00e1mmal \u00e9s t\u00f6bb \u00edz\u0171 vonzer\u0151vel.<\/p>\n<p data-start=\"3104\" data-end=\"3259\"><strong data-start=\"3104\" data-end=\"3145\">5. J\u00f3 ez az eszk\u00f6z kezd\u0151 felhaszn\u00e1l\u00f3knak?<\/strong><br data-start=\"3145\" data-end=\"3148\" \/>Igen. Ez egy <strong data-start=\"3161\" data-end=\"3188\">Egyszer haszn\u00e1latos Digit\u00e1lis Vape<\/strong> kivon\u00e1s-aktiv\u00e1l\u00e1ssal \u00e9s egyszer\u0171 kapcsol\u00e1ssal, karbantart\u00e1s n\u00e9lk\u00fcl.<\/p>\n<\/div>\n<\/div>\n<\/div>\n<\/div>","protected":false},"excerpt":{"rendered":"<article class=\"text-token-text-primary w-full focus:outline-none [--shadow-height:45px] has-data-writing-block:pointer-events-none has-data-writing-block:-mt-(--shadow-height) has-data-writing-block:pt-(--shadow-height) [&amp;:has([data-writing-block])&gt;*]:pointer-events-auto [content-visibility:auto] supports-[content-visibility:auto]:[contain-intrinsic-size:auto_100lvh] scroll-mt-[calc(var(--header-height)+min(200px,max(70px,20svh)))]\" dir=\"auto\" tabindex=\"-1\" data-turn-id=\"86ca9d92-7a10-4e6b-bda0-15f9df36adca\" data-testid=\"conversation-turn-120\" data-scroll-anchor=\"true\" data-turn=\"assistant\">\n<div class=\"text-base my-auto mx-auto pb-10 [--thread-content-margin:--spacing(4)] thread-sm:[--thread-content-margin:--spacing(6)] thread-lg:[--thread-content-margin:--spacing(16)] px-(--thread-content-margin)\">\n<div class=\"[--thread-content-max-width:40rem] thread-lg:[--thread-content-max-width:48rem] mx-auto max-w-(--thread-content-max-width) flex-1 group\/turn-messages focus-visible:outline-hidden relative flex w-full min-w-0 flex-col agent-turn\" tabindex=\"-1\">\n<div class=\"flex max-w-full flex-col grow\">\n<div class=\"min-h-8 text-message relative flex w-full flex-col items-end gap-2 text-start break-words whitespace-normal [.text-message+&amp;]:mt-1\" dir=\"auto\" data-message-author-role=\"assistant\" data-message-id=\"43b070d6-bf28-4fbe-8049-1032a61ea3ac\" data-message-model-slug=\"gpt-5\">\n<div class=\"flex w-full flex-col gap-1 empty:hidden first:pt-[1px]\">\n<div class=\"markdown prose dark:prose-invert w-full break-words light markdown-new-styling\">\n<article class=\"text-token-text-primary w-full focus:outline-none [--shadow-height:45px] has-data-writing-block:pointer-events-none has-data-writing-block:-mt-(--shadow-height) has-data-writing-block:pt-(--shadow-height) [&amp;:has([data-writing-block])&gt;*]:pointer-events-auto [content-visibility:auto] supports-[content-visibility:auto]:[contain-intrinsic-size:auto_100lvh] scroll-mt-[calc(var(--header-height)+min(200px,max(70px,20svh)))]\" dir=\"auto\" tabindex=\"-1\" data-turn-id=\"4d6f00b8-d41a-438b-8912-05a895842882\" data-testid=\"conversation-turn-130\" data-scroll-anchor=\"true\" data-turn=\"assistant\">\n<div class=\"text-base my-auto mx-auto pb-10 [--thread-content-margin:--spacing(4)] thread-sm:[--thread-content-margin:--spacing(6)] thread-lg:[--thread-content-margin:--spacing(16)] px-(--thread-content-margin)\">\n<div class=\"[--thread-content-max-width:40rem] thread-lg:[--thread-content-max-width:48rem] mx-auto max-w-(--thread-content-max-width) flex-1 group\/turn-messages focus-visible:outline-hidden relative flex w-full min-w-0 flex-col agent-turn\" tabindex=\"-1\">\n<div class=\"flex max-w-full flex-col grow\">\n<div class=\"min-h-8 text-message relative flex w-full flex-col items-end gap-2 text-start break-words whitespace-normal [.text-message+&amp;]:mt-1\" dir=\"auto\" data-message-author-role=\"assistant\" data-message-id=\"f3c520bf-c043-4392-87ea-b3bf1b3ae6d3\" data-message-model-slug=\"gpt-5-1\">\n<div class=\"flex w-full flex-col gap-1 empty:hidden first:pt-[1px]\">\n<div class=\"markdown prose dark:prose-invert w-full break-words light markdown-new-styling\">\n<p data-start=\"3562\" data-end=\"3657\"><strong data-start=\"3562\" data-end=\"3655\">UOR 120K Puff 4-\u00cdz\u0171 V\u00e1lt\u00f3 Vape \u2013 120000 Puff \u00dajrat\u00f6lthet\u0151 Egyszer haszn\u00e1latos EU Nagykereskedelem<\/strong><\/p>\n<p data-start=\"3661\" data-end=\"3753\"><strong data-start=\"3661\" data-end=\"3751\">V\u00e1s\u00e1roljon UOR 120000 Puff Online \u2013 T\u00f6bb \u00cdz\u0171 Digit\u00e1lis Egyszer haszn\u00e1latos Vape Type-C T\u00f6lt\u00e9ssel<\/strong><\/p>\n<p data-start=\"3757\" data-end=\"3844\" data-is-last-node=\"\"><strong data-start=\"3757\" data-end=\"3844\" data-is-last-node=\"\">UOR 120K 4 az 1-ben Vape \u2013 120000 Puff Hossz\u00fa \u00c9lettartam\u00fa Egyszer haszn\u00e1latos EU Kiskereskedelem &amp; Nagykereskedelem<\/strong><\/p>\n<\/div>\n<\/div>\n<\/div>\n<\/div>\n<div class=\"z-0 flex min-h-[46px] justify-start\"><\/div>\n<div class=\"mt-3 w-full empty:hidden\">\n<div class=\"text-center\"><\/div>\n<\/div>\n<\/div>\n<\/div>\n<\/article>\n<div class=\"pointer-events-none h-px w-px\" aria-hidden=\"true\" data-edge=\"true\"><\/div>\n<\/div>\n<\/div>\n<\/div>\n<\/div>\n<\/div>\n<\/div>\n<\/article>\n<p><img fetchpriority=\"high\" decoding=\"async\" class=\"size-full wp-image-2932\" src=\"https:\/\/vapestornado.com\/wp-content\/uploads\/2024\/12\/Vape-Wholesale.jpg\" alt=\"Vape nagykereskedelem\" width=\"229\" height=\"300\" \/><\/p>\n<h3><a href=\"https:\/\/wa.me\/8617776015835\"><span style=\"color: #ff0000;\"><strong>WhatsApp: +86 17776015835<\/strong><\/span><\/a><\/h3>\n<p>&nbsp;<\/p>","protected":false},"featured_media":4547,"comment_status":"open","ping_status":"closed","template":"","meta":{"_acf_changed":false,"_uag_custom_page_level_css":"","_lmt_disableupdate":"no","_lmt_disable":"","_monsterinsights_skip_tracking":false,"_monsterinsights_sitenote_active":false,"_monsterinsights_sitenote_note":"","_monsterinsights_sitenote_category":0,"site-sidebar-layout":"default","site-content-layout":"","ast-site-content-layout":"default","site-content-style":"default","site-sidebar-style":"default","ast-global-header-display":"","ast-banner-title-visibility":"","ast-main-header-display":"","ast-hfb-above-header-display":"","ast-hfb-below-header-display":"","ast-hfb-mobile-header-display":"","site-post-title":"","ast-breadcrumbs-content":"","ast-featured-img":"","footer-sml-layout":"","ast-disable-related-posts":"","theme-transparent-header-meta":"default","adv-header-id-meta":"","stick-header-meta":"","header-above-stick-meta":"","header-main-stick-meta":"","header-below-stick-meta":"","astra-migrate-meta-layouts":"set","ast-page-background-enabled":"default","ast-page-background-meta":{"desktop":{"background-color":"","background-image":"","background-repeat":"repeat","background-position":"center center","background-size":"auto","background-attachment":"scroll","background-type":"","background-media":"","overlay-type":"","overlay-color":"","overlay-opacity":"","overlay-gradient":""},"tablet":{"background-color":"","background-image":"","background-repeat":"repeat","background-position":"center center","background-size":"auto","background-attachment":"scroll","background-type":"","background-media":"","overlay-type":"","overlay-color":"","overlay-opacity":"","overlay-gradient":""},"mobile":{"background-color":"","background-image":"","background-repeat":"repeat","background-position":"center center","background-size":"auto","background-attachment":"scroll","background-type":"","background-media":"","overlay-type":"","overlay-color":"","overlay-opacity":"","overlay-gradient":""}},"ast-content-background-meta":{"desktop":{"background-color":"var(--ast-global-color-5)","background-image":"","background-repeat":"repeat","background-position":"center center","background-size":"auto","background-attachment":"scroll","background-type":"","background-media":"","overlay-type":"","overlay-color":"","overlay-opacity":"","overlay-gradient":""},"tablet":{"background-color":"var(--ast-global-color-5)","background-image":"","background-repeat":"repeat","background-position":"center center","background-size":"auto","background-attachment":"scroll","background-type":"","background-media":"","overlay-type":"","overlay-color":"","overlay-opacity":"","overlay-gradient":""},"mobile":{"background-color":"var(--ast-global-color-5)","background-image":"","background-repeat":"repeat","background-position":"center center","background-size":"auto","background-attachment":"scroll","background-type":"","background-media":"","overlay-type":"","overlay-color":"","overlay-opacity":"","overlay-gradient":""}},"_joinchat":{"telephone":"17776015835"}},"product_brand":[],"product_cat":[347,149,150,156,143,357,146],"product_tag":[105,427,94,436,434,433,435,301],"class_list":{"0":"post-4544","1":"product","2":"type-product","3":"status-publish","4":"has-post-thumbnail","6":"product_cat-120000-puff","7":"product_cat-buy-disposable-vapes-in-austria","8":"product_cat-buy-disposable-vapes-in-belgium","9":"product_cat-buy-disposable-vapes-in-poland","10":"product_cat-dual-mesh-disposable-vapes","11":"product_cat-flavor-adjustable-vape","12":"product_cat-rechargeable-disposable-vapes","13":"product_tag-digital-disposable-vape","14":"product_tag-multi-flaovr-vape","15":"product_tag-rechargeable-disposable-vape","16":"product_tag-shop-vape-online","17":"product_tag-uor-120000-puffs","18":"product_tag-uor-120k-puff","19":"product_tag-vape-eu-wholesale","20":"product_tag-vapor-wholesale","21":"desktop-align-left","22":"tablet-align-left","23":"mobile-align-left","25":"first","26":"instock","27":"sale","28":"shipping-taxable","29":"purchasable","30":"product-type-simple"},"acf":[],"uagb_featured_image_src":{"full":["https:\/\/vapestornado.com\/wp-content\/uploads\/2025\/11\/The-UOR-120K-is-very-popular-in-the-European-Disposable-Vape-Wholesale.webp",800,800,false],"thumbnail":["https:\/\/vapestornado.com\/wp-content\/uploads\/2025\/11\/The-UOR-120K-is-very-popular-in-the-European-Disposable-Vape-Wholesale-150x150.webp",150,150,true],"medium":["https:\/\/vapestornado.com\/wp-content\/uploads\/2025\/11\/The-UOR-120K-is-very-popular-in-the-European-Disposable-Vape-Wholesale-300x300.webp",300,300,true],"medium_large":["https:\/\/vapestornado.com\/wp-content\/uploads\/2025\/11\/The-UOR-120K-is-very-popular-in-the-European-Disposable-Vape-Wholesale-768x768.webp",768,768,true],"large":["https:\/\/vapestornado.com\/wp-content\/uploads\/2025\/11\/The-UOR-120K-is-very-popular-in-the-European-Disposable-Vape-Wholesale.webp",800,800,false],"1536x1536":["https:\/\/vapestornado.com\/wp-content\/uploads\/2025\/11\/The-UOR-120K-is-very-popular-in-the-European-Disposable-Vape-Wholesale.webp",800,800,false],"2048x2048":["https:\/\/vapestornado.com\/wp-content\/uploads\/2025\/11\/The-UOR-120K-is-very-popular-in-the-European-Disposable-Vape-Wholesale.webp",800,800,false],"trp-custom-language-flag":["https:\/\/vapestornado.com\/wp-content\/uploads\/2025\/11\/The-UOR-120K-is-very-popular-in-the-European-Disposable-Vape-Wholesale-12x12.webp",12,12,true],"woocommerce_thumbnail":["https:\/\/vapestornado.com\/wp-content\/uploads\/2025\/11\/The-UOR-120K-is-very-popular-in-the-European-Disposable-Vape-Wholesale-300x300.webp",300,300,true],"woocommerce_single":["https:\/\/vapestornado.com\/wp-content\/uploads\/2025\/11\/The-UOR-120K-is-very-popular-in-the-European-Disposable-Vape-Wholesale-600x600.webp",600,600,true],"woocommerce_gallery_thumbnail":["https:\/\/vapestornado.com\/wp-content\/uploads\/2025\/11\/The-UOR-120K-is-very-popular-in-the-European-Disposable-Vape-Wholesale-100x100.webp",100,100,true]},"uagb_author_info":{"display_name":"ESAMY","author_link":"https:\/\/vapestornado.com\/hu\/author\/"},"uagb_comment_info":1,"uagb_excerpt":"UOR 120K Puff 4-Flavor Switch Vape \u2013 120000 Puff Rechargeable Disposable for EU Wholesale Buy UOR 120000 Puff Online \u2013 Multi-Flavor Digital Disposable Vape with Type-C Charging UOR 120K 4-in-1 Vape \u2013 120000 Puff Long-Life Disposable for EU Retail &amp; Bulk Orders WhatsApp: +86 17776015835 &nbsp;","_links":{"self":[{"href":"https:\/\/vapestornado.com\/hu\/wp-json\/wp\/v2\/product\/4544","targetHints":{"allow":["GET"]}}],"collection":[{"href":"https:\/\/vapestornado.com\/hu\/wp-json\/wp\/v2\/product"}],"about":[{"href":"https:\/\/vapestornado.com\/hu\/wp-json\/wp\/v2\/types\/product"}],"replies":[{"embeddable":true,"href":"https:\/\/vapestornado.com\/hu\/wp-json\/wp\/v2\/comments?post=4544"}],"wp:featuredmedia":[{"embeddable":true,"href":"https:\/\/vapestornado.com\/hu\/wp-json\/wp\/v2\/media\/4547"}],"wp:attachment":[{"href":"https:\/\/vapestornado.com\/hu\/wp-json\/wp\/v2\/media?parent=4544"}],"wp:term":[{"taxonomy":"product_brand","embeddable":true,"href":"https:\/\/vapestornado.com\/hu\/wp-json\/wp\/v2\/product_brand?post=4544"},{"taxonomy":"product_cat","embeddable":true,"href":"https:\/\/vapestornado.com\/hu\/wp-json\/wp\/v2\/product_cat?post=4544"},{"taxonomy":"product_tag","embeddable":true,"href":"https:\/\/vapestornado.com\/hu\/wp-json\/wp\/v2\/product_tag?post=4544"}],"curies":[{"name":"wp","href":"https:\/\/api.w.org\/{rel}","templated":true}]}}