{"id":4543,"date":"2025-11-14T09:06:06","date_gmt":"2025-11-14T09:06:06","guid":{"rendered":"https:\/\/vapestornado.com\/?post_type=product&#038;p=4543"},"modified":"2025-11-14T09:29:50","modified_gmt":"2025-11-14T09:29:50","slug":"ainovo-aim-aipod-30000-30k-puff-replaceable-tank-disposable-vape-kit","status":"publish","type":"product","link":"https:\/\/vapestornado.com\/hu\/product\/ainovo-aim-aipod-30000-30k-puff-replaceable-tank-disposable-vape-kit\/","title":{"rendered":"AINOVO AIM AIPOD 30000 30K Puff Cser\u00e9lhet\u0151 Tart\u00e1ly Egyszer haszn\u00e1latos Vape K\u00e9szlet"},"content":{"rendered":"<h2 data-pm-slice=\"1 1 []\">AINOVO AIM AIPOD 30000 Puff \u2013 Cser\u00e9lhet\u0151 Tart\u00e1ly Energia az EU komoly vapereknek<\/h2>\n<p data-start=\"86\" data-end=\"660\">A <strong data-start=\"90\" data-end=\"116\">AINOVO AIM AIPOD 30000<\/strong> tervezve az EU nagykeresked\u0151k \u00e9s fogyaszt\u00f3k sz\u00e1m\u00e1ra, akik a maxim\u00e1lis tart\u00f3ss\u00e1got keresik modern vaping technol\u00f3gi\u00e1val. Tervezve mint <strong data-start=\"242\" data-end=\"282\">Cser\u00e9lhet\u0151 Tart\u00e1ly Egyszer haszn\u00e1latos Vape K\u00e9szlet<\/strong>, ez ak\u00e1r <strong data-start=\"302\" data-end=\"332\">30000 szippant\u00e1s Norm\u00e1l m\u00f3dban<\/strong> \u00e9s a <strong data-start=\"337\" data-end=\"366\">20000 szippant\u00e1s Boost m\u00f3dban<\/strong>, lehet\u0151v\u00e9 t\u00e9ve a felhaszn\u00e1l\u00f3knak, hogy v\u00e1ltogassanak a sima hat\u00e9konys\u00e1g \u00e9s az er\u0151s, s\u0171r\u0171 felh\u0151k k\u00f6z\u00f6tt. Egy <strong data-start=\"462\" data-end=\"485\">1.0\u03a9 duplah\u00e1l\u00f3s kaz\u00e1n<\/strong>, minden szippant\u00e1s gazdag, stabil \u00e9s \u00edzletes \u2014 kulcsfontoss\u00e1g\u00fa el\u0151ny azoknak a kiskeresked\u0151knek, akik megb\u00edzhat\u00f3 <strong data-start=\"588\" data-end=\"631\">nagykereskedelmi \u00e9s t\u00f6meges v\u00e1s\u00e1rl\u00e1sra sz\u00e1nt egyszer haszn\u00e1latos vape-ket keresnek<\/strong> amelyek k\u00f6vetkezetesen teljes\u00edtenek.<\/p>\n<p data-start=\"662\" data-end=\"1302\">Ez a kompakt k\u00e9sz\u00fcl\u00e9k egy <strong data-start=\"692\" data-end=\"717\">15ml cser\u00e9lhet\u0151 tart\u00e1llyal<\/strong>, hosszabb haszn\u00e1lhat\u00f3s\u00e1ggal \u00e9s alacsonyabb m\u0171k\u00f6d\u00e9si k\u00f6lts\u00e9ggel haladja meg a kateg\u00f3ri\u00e1t. A <strong data-start=\"798\" data-end=\"818\">AINOVO AIPOD 30K<\/strong> szint\u00e9n tartalmaz \u00e1ll\u00edthat\u00f3 l\u00e9g\u00e1raml\u00e1st a szem\u00e9lyre szabott h\u00faz\u00e1si ellen\u00e1ll\u00e1s\u00e9rt, plusz egy <strong data-start=\"893\" data-end=\"917\">okos k\u00e9perny\u0151 kijelz\u0151<\/strong> mutatja az akkumul\u00e1tor \u00e9s az e-liquid szinteket. Ezzel <strong data-start=\"960\" data-end=\"990\">850mAh gyors t\u00f6lt\u00e9s\u0171 energia<\/strong> \u00e9s nikotin opci\u00f3k a <strong data-start=\"1016\" data-end=\"1028\">0%-t\u0151l 5%-ig<\/strong>, \u00edgy megfelel a k\u00fcl\u00f6nb\u00f6z\u0151 EU-s piacok ig\u00e9nyeinek. Mint <strong data-start=\"1076\" data-end=\"1110\">K\u00edna egyszer haszn\u00e1latos vape besz\u00e1ll\u00edt\u00f3<\/strong> magas volumen\u0171 viszontelad\u00e1sra tervezett modell, az <strong data-start=\"1151\" data-end=\"1178\">AINOVO AIPOD 30000 szippant\u00e1s<\/strong> az egyszer\u0171s\u00e9gre, tart\u00f3ss\u00e1gra \u00e9s nyeres\u00e9gre optimaliz\u00e1lt \u2014 ide\u00e1lis EU-s kiskereskedelmi l\u00e1ncok, kioszkok \u00e9s online vape boltok sz\u00e1m\u00e1ra.<\/p>\n<p data-start=\"1304\" data-end=\"1649\">Az EU-s v\u00e1s\u00e1rl\u00f3k \u00e9rt\u00e9kelik a kompakt m\u00e9retet, a gyors \u00fajrat\u00f6lt\u00e9st, a pontos \u00edzt \u00e9s az alacsony karbantart\u00e1st. Az AIM AIPOD pontosan ezt ny\u00fajtja, mik\u00f6zben 10 er\u0151s \u00edzprofilt k\u00edn\u00e1l, amelyek vonz\u00f3ak a eur\u00f3pai vaperek sz\u00e1m\u00e1ra. Disztrib\u00fatorok sz\u00e1m\u00e1ra, akik stabil k\u00e9szletell\u00e1t\u00e1st \u00e9s magas kereslet\u0171 teljes\u00edtm\u00e9nyt keresnek, ez az egyik legmegb\u00edzhat\u00f3bb 30K szippant\u00e1sos lehet\u0151s\u00e9g a kateg\u00f3ri\u00e1ban.<\/p>\n<p data-start=\"666\" data-end=\"1235\"><strong style=\"font-size: 16px;\"><span style=\"color: #ff0000;\">Add hozz\u00e1 Amy WhatsApp-j\u00e1t, hogy azonnali v\u00e1laszt \u00e9s kedvezm\u00e9nyes \u00e1rat kapj!<\/span><\/strong><\/p>\n<p><img fetchpriority=\"high\" decoding=\"async\" class=\"size-full wp-image-2932\" src=\"https:\/\/vapestornado.com\/wp-content\/uploads\/2024\/12\/Vape-Wholesale.jpg\" alt=\"Vape nagykereskedelem\" width=\"229\" height=\"300\" \/><\/p>\n<h3><a href=\"https:\/\/wa.me\/8617776015835\" target=\"_blank\" rel=\"noopener\"><span style=\"color: #ff0000;\"><strong>WhatsApp: +86 17776015835<\/strong><\/span><\/a><\/h3>\n<p>&nbsp;<\/p>\n<h2><strong>AINOVO AIM AIPOD 30000 F\u0151bb term\u00e9ktulajdons\u00e1gok<\/strong><\/h2>\n<ul data-start=\"1707\" data-end=\"2033\">\n<li data-start=\"1707\" data-end=\"1739\">\n<p data-start=\"1709\" data-end=\"1739\"><strong data-start=\"1709\" data-end=\"1725\">Norm\u00e1l m\u00f3d:<\/strong> 30000 slukkot<\/p>\n<\/li>\n<li data-start=\"1740\" data-end=\"1771\">\n<p data-start=\"1742\" data-end=\"1771\"><strong data-start=\"1742\" data-end=\"1757\">Boost m\u00f3d:<\/strong> 20000 slukk<\/p>\n<\/li>\n<li data-start=\"1772\" data-end=\"1816\">\n<p data-start=\"1774\" data-end=\"1816\"><strong data-start=\"1774\" data-end=\"1792\">Tart\u00e1ly kapacit\u00e1s:<\/strong> 15ml cser\u00e9lhet\u0151 tart\u00e1llyal<\/p>\n<\/li>\n<li data-start=\"1817\" data-end=\"1845\">\n<p data-start=\"1819\" data-end=\"1845\"><strong data-start=\"1819\" data-end=\"1828\">Tekercs:<\/strong> 1.0\u03a9 dupla h\u00e1l\u00f3<\/p>\n<\/li>\n<li data-start=\"1846\" data-end=\"1882\">\n<p data-start=\"1848\" data-end=\"1882\"><strong data-start=\"1848\" data-end=\"1860\">Akkumul\u00e1tor:<\/strong> 850mAh \u00fajrat\u00f6lthet\u0151<\/p>\n<\/li>\n<li data-start=\"1883\" data-end=\"1923\">\n<p data-start=\"1885\" data-end=\"1923\"><strong data-start=\"1885\" data-end=\"1906\">Nikotin opci\u00f3k:<\/strong> 0%, 2%, 3%, 5%<\/p>\n<\/li>\n<li data-start=\"1924\" data-end=\"1972\">\n<p data-start=\"1926\" data-end=\"1972\"><strong data-start=\"1926\" data-end=\"1943\">Intelligens kijelz\u0151:<\/strong> Akkumul\u00e1tor \u00e9s folyad\u00e9k szintek mutat\u00f3ja<\/p>\n<\/li>\n<li data-start=\"1973\" data-end=\"1999\">\n<p data-start=\"1975\" data-end=\"1999\"><strong data-start=\"1975\" data-end=\"1997\">L\u00e9g\u00e1raml\u00e1s \u00e1ll\u00edthat\u00f3<\/strong><\/p>\n<\/li>\n<li data-start=\"2000\" data-end=\"2033\">\n<p data-start=\"2002\" data-end=\"2033\"><strong data-start=\"2002\" data-end=\"2011\">M\u00e9ret:<\/strong> 52,2 \u00d7 27,8 \u00d7 96 mm<\/p>\n<\/li>\n<\/ul>\n<figure id=\"attachment_4542\" aria-describedby=\"caption-attachment-4542\" style=\"width: 300px\" class=\"wp-caption alignnone\"><img decoding=\"async\" class=\"size-medium wp-image-4542\" src=\"https:\/\/vapestornado.com\/wp-content\/uploads\/2025\/11\/Aivono-Aipod-30k-30000-Puffs-Disposable-Vapes-Bulk-Buy-300x300.webp\" alt=\"Aivono Aipod 30k 30000 Szippant\u00e1sos eldobhat\u00f3 vapek nagy t\u00e9telben v\u00e1s\u00e1rolva\" width=\"300\" height=\"300\" srcset=\"https:\/\/vapestornado.com\/wp-content\/uploads\/2025\/11\/Aivono-Aipod-30k-30000-Puffs-Disposable-Vapes-Bulk-Buy-300x300.webp 300w, https:\/\/vapestornado.com\/wp-content\/uploads\/2025\/11\/Aivono-Aipod-30k-30000-Puffs-Disposable-Vapes-Bulk-Buy-150x150.webp 150w, https:\/\/vapestornado.com\/wp-content\/uploads\/2025\/11\/Aivono-Aipod-30k-30000-Puffs-Disposable-Vapes-Bulk-Buy-768x768.webp 768w, https:\/\/vapestornado.com\/wp-content\/uploads\/2025\/11\/Aivono-Aipod-30k-30000-Puffs-Disposable-Vapes-Bulk-Buy-12x12.webp 12w, https:\/\/vapestornado.com\/wp-content\/uploads\/2025\/11\/Aivono-Aipod-30k-30000-Puffs-Disposable-Vapes-Bulk-Buy-600x600.webp 600w, https:\/\/vapestornado.com\/wp-content\/uploads\/2025\/11\/Aivono-Aipod-30k-30000-Puffs-Disposable-Vapes-Bulk-Buy-100x100.webp 100w, https:\/\/vapestornado.com\/wp-content\/uploads\/2025\/11\/Aivono-Aipod-30k-30000-Puffs-Disposable-Vapes-Bulk-Buy.webp 800w\" sizes=\"(max-width: 300px) 100vw, 300px\" \/><figcaption id=\"caption-attachment-4542\" class=\"wp-caption-text\">Aivono Aipod 30k 30000 Szippant\u00e1sos eldobhat\u00f3 vapek nagy t\u00e9telben v\u00e1s\u00e1rolva<\/figcaption><\/figure>\n<h2 class=\"product-title\"><strong>AINOVO AIM AIPOD 30000 Egyszer haszn\u00e1latos P\u00e1rologtat\u00f3 \u00cdzek Lista<\/strong><\/h2>\n<h3 data-start=\"2040\" data-end=\"2076\"><\/h3>\n<ol data-start=\"2077\" data-end=\"2293\">\n<li data-start=\"2077\" data-end=\"2096\">\n<p data-start=\"2080\" data-end=\"2096\">G\u00f6r\u00f6gdinnye J\u00e9g<\/p>\n<\/li>\n<li data-start=\"2097\" data-end=\"2112\">\n<p data-start=\"2100\" data-end=\"2112\">Miami Menta<\/p>\n<\/li>\n<li data-start=\"2113\" data-end=\"2129\">\n<p data-start=\"2116\" data-end=\"2129\">Sz\u0151l\u0151 J\u00e9gk\u00e1s\u00e1<\/p>\n<\/li>\n<li data-start=\"2130\" data-end=\"2155\">\n<p data-start=\"2133\" data-end=\"2155\">Savany\u00fa Mang\u00f3 Anan\u00e1sz<\/p>\n<\/li>\n<li data-start=\"2156\" data-end=\"2182\">\n<p data-start=\"2159\" data-end=\"2182\">M\u00e1lna Barack Citrom<\/p>\n<\/li>\n<li data-start=\"2183\" data-end=\"2197\">\n<p data-start=\"2186\" data-end=\"2197\">Baracklekv\u00e1r<\/p>\n<\/li>\n<li data-start=\"2198\" data-end=\"2227\">\n<p data-start=\"2201\" data-end=\"2227\">Fagyott Cseresznye G\u00f6r\u00f6gdinnye<\/p>\n<\/li>\n<li data-start=\"2228\" data-end=\"2245\">\n<p data-start=\"2231\" data-end=\"2245\">Dupla Alma<\/p>\n<\/li>\n<li data-start=\"2246\" data-end=\"2265\">\n<p data-start=\"2249\" data-end=\"2265\">\u00c1fonya Razz<\/p>\n<\/li>\n<li data-start=\"2266\" data-end=\"2293\">\n<p data-start=\"2270\" data-end=\"2293\">Eperdinnye<\/p>\n<\/li>\n<\/ol>\n<p>&nbsp;<\/p>\n<h2>Mi\u00e9rt v\u00e1lassza a Vapestornado-t az AINOVO AIM AIPOD 30000 Puffos Nagybani V\u00e1s\u00e1rl\u00e1shoz?<\/h2>\n<div class=\"flex-shrink-0 flex flex-col relative items-end\">\n<div class=\"pt-0\">\n<div class=\"gizmo-bot-avatar flex h-8 w-8 items-center justify-center overflow-hidden rounded-full\">\n<div class=\"relative p-1 rounded-sm flex items-center justify-center bg-token-main-surface-primary text-token-text-primary h-8 w-8\">\n<p>At\u00a0<strong>Vapes Tornado<\/strong>b\u00fcszk\u00e9k vagyunk arra, hogy\u00a0<strong>pr\u00e9mium vaping term\u00e9keket k\u00edn\u00e1lunk verhetetlen \u00e1ron<\/strong>\u00a0\u00cdme, mi\u00e9rt \u00e9rdemes t\u0151l\u00fcnk v\u00e1s\u00e1rolni:<\/p>\n<p data-start=\"235\" data-end=\"360\"><strong data-start=\"235\" data-end=\"261\">Legjobb Nagykereskedelmi Aj\u00e1nlatok<\/strong> \u2013 \u00c9lvezze <strong data-start=\"270\" data-end=\"297\">magas \u00e1rr\u00e9s\u0171 nagykereskedelmi \u00e1rakat<\/strong> az \u00fajra\u00e9rt\u00e9kes\u00edt\u0151k, vape forgalmaz\u00f3k \u00e9s kiskereskedelmi \u00fczletek sz\u00e1m\u00e1ra kialak\u00edtva.<\/p>\n<p data-start=\"362\" data-end=\"513\"><strong data-start=\"362\" data-end=\"400\">\u2714 Gyors \u00e9s Biztons\u00e1gos Vil\u00e1gszerte Sz\u00e1ll\u00edt\u00e1s<\/strong> \u2013 Biztos\u00edtjuk <strong data-start=\"413\" data-end=\"443\">gyors, nyomon k\u00f6vethet\u0151 sz\u00e1ll\u00edt\u00e1st<\/strong> Eur\u00f3p\u00e1ban \u00e9s azon t\u00fal, hogy k\u00e9szletei biztons\u00e1gosan \u00e9s id\u0151ben \u00e9rkezzenek meg.<\/p>\n<p data-start=\"515\" data-end=\"646\"><strong data-start=\"515\" data-end=\"542\">\u2714 100% Eredeti Term\u00e9kek<\/strong> \u2013 Minden <strong data-start=\"551\" data-end=\"578\">WASPE Triple 60000 vape<\/strong> amit \u00e1rus\u00edtunk, <strong data-start=\"590\" data-end=\"625\">hiteles \u00e9s gy\u00e1ri tan\u00fas\u00edtv\u00e1nnyal rendelkez\u0151<\/strong>, soha nem ut\u00e1nzat.<\/p>\n<p data-start=\"648\" data-end=\"799\"><strong data-start=\"648\" data-end=\"676\">\u2714 Dedik\u00e1lt T\u00e1mogat\u00f3 Csapat<\/strong> \u2013 Sz\u00fcks\u00e9ge van seg\u00edts\u00e9gre? A <strong data-start=\"694\" data-end=\"733\">vape szak\u00e9rt\u0151ink 24\/7 rendelkez\u00e9sre \u00e1llnak<\/strong>, k\u00e9szek v\u00e1laszolni k\u00e9rd\u00e9seire \u00e9s seg\u00edteni a rendel\u00e9sekn\u00e9l b\u00e1rmikor.<\/p>\n<p>&nbsp;<\/p>\n<p data-start=\"559\" data-end=\"933\" data-is-last-node=\"\" data-is-only-node=\"\">Van n\u00e9h\u00e1ny m\u00e1sik n\u00e9pszer\u0171 eldobhat\u00f3 vape k\u00e9perny\u0151vel, mint p\u00e9ld\u00e1ul <a href=\"https:\/\/vapestornado.com\/hu\/product\/uzy-150k-puffs-6-in-1-flavor-switch-disposable-vape-pen-wholesale\/\">UZY 150K Puff \u00edzv\u00e1lt\u00f3 vape<\/a>, <a href=\"https:\/\/vapestornado.com\/hu\/product\/vozol-rave-40k-40000-puffs-disposable-vape-smart-screen-5-nicotine\/\">VOZOL RAVE 40K Eldobhat\u00f3 Vape<\/a>, <a href=\"https:\/\/vapestornado.com\/hu\/product\/waspe-150k-150000-puff-6-in-1-disposable-vape-pen-cartridge-best-wholesale-price-in-poland\/\">WASPE 150K Puff 6 az 1-ben<\/a>, \u00e9s m\u00e9g sok m\u00e1s.<\/p>\n<\/div>\n<div class=\"relative p-1 rounded-sm flex items-center justify-center bg-token-main-surface-primary text-token-text-primary h-8 w-8\">\n<h2>GYIK az AINOVO AIM AIPOD 30000 30k Puff-r\u00f3l<\/h2>\n<p data-start=\"2345\" data-end=\"2507\"><strong data-start=\"2345\" data-end=\"2397\">1. Mennyi ideig tart az AINOVO AIPOD 30K Puff?<\/strong><br data-start=\"2397\" data-end=\"2400\" \/>Norm\u00e1l m\u00f3d ak\u00e1r <strong data-start=\"2425\" data-end=\"2440\">30000 slukkot<\/strong>-ig k\u00edn\u00e1l, m\u00edg a Boost m\u00f3d <strong data-start=\"2468\" data-end=\"2483\">20000 slukk<\/strong> -val er\u0151sebb kimenettel.<\/p>\n<p data-start=\"2509\" data-end=\"2669\"><strong data-start=\"2509\" data-end=\"2566\">2. Az AINOVO AIM AIPOD cser\u00e9lhet\u0151 tart\u00e1ly rendszer?<\/strong><br data-start=\"2566\" data-end=\"2569\" \/>Igen, haszn\u00e1l egy <strong data-start=\"2584\" data-end=\"2609\">15ml cser\u00e9lhet\u0151 tart\u00e1llyal<\/strong>, ami ide\u00e1liss\u00e1 teszi a felhaszn\u00e1l\u00f3k sz\u00e1m\u00e1ra, akik hosszabb \u00e9lettartamot szeretn\u00e9nek.<\/p>\n<p data-start=\"2671\" data-end=\"2783\"><strong data-start=\"2671\" data-end=\"2703\">3. \u00c1ll\u00edthatom a l\u00e9g\u00e1raml\u00e1st?<\/strong><br data-start=\"2703\" data-end=\"2706\" \/>Igen, rendelkezik <strong data-start=\"2723\" data-end=\"2745\">l\u00e9g\u00e1raml\u00e1s be\u00e1ll\u00edt\u00e1s<\/strong> szoros vagy nyitott h\u00faz\u00e1si preferenci\u00e1khoz.<\/p>\n<p data-start=\"2785\" data-end=\"2924\"><strong data-start=\"2785\" data-end=\"2828\">4. Milyen nikotin opci\u00f3k el\u00e9rhet\u0151k?<\/strong><br data-start=\"2828\" data-end=\"2831\" \/>T\u00e1mogatja <strong data-start=\"2843\" data-end=\"2864\">0% \/ 2% \/ 3% \/ 5%<\/strong>, ami alkalmas nikotinmentes \u00e9s magas er\u0151ss\u00e9g\u0171 felhaszn\u00e1l\u00f3k sz\u00e1m\u00e1ra.<\/p>\n<p data-start=\"2926\" data-end=\"3121\"><strong data-start=\"2926\" data-end=\"2974\">5. J\u00f3 nagykereskedelmi \u00e9s t\u00f6meges megrendel\u00e9sekhez?<\/strong><br data-start=\"2974\" data-end=\"2977\" \/>Abszol\u00fat \u2014 olyan disztrib\u00fatorok sz\u00e1m\u00e1ra tervezt\u00e9k, akik stabil ell\u00e1t\u00e1st ig\u00e9nyelnek egy <strong data-start=\"3050\" data-end=\"3084\">K\u00edna egyszer haszn\u00e1latos vape besz\u00e1ll\u00edt\u00f3<\/strong>, er\u0151s kereslettel Eur\u00f3p\u00e1ban.<\/p>\n<\/div>\n<\/div>\n<\/div>\n<\/div>","protected":false},"excerpt":{"rendered":"<article class=\"text-token-text-primary w-full focus:outline-none [--shadow-height:45px] has-data-writing-block:pointer-events-none has-data-writing-block:-mt-(--shadow-height) has-data-writing-block:pt-(--shadow-height) [&amp;:has([data-writing-block])&gt;*]:pointer-events-auto [content-visibility:auto] supports-[content-visibility:auto]:[contain-intrinsic-size:auto_100lvh] scroll-mt-[calc(var(--header-height)+min(200px,max(70px,20svh)))]\" dir=\"auto\" tabindex=\"-1\" data-turn-id=\"86ca9d92-7a10-4e6b-bda0-15f9df36adca\" data-testid=\"conversation-turn-120\" data-scroll-anchor=\"true\" data-turn=\"assistant\">\n<div class=\"text-base my-auto mx-auto pb-10 [--thread-content-margin:--spacing(4)] thread-sm:[--thread-content-margin:--spacing(6)] thread-lg:[--thread-content-margin:--spacing(16)] px-(--thread-content-margin)\">\n<div class=\"[--thread-content-max-width:40rem] thread-lg:[--thread-content-max-width:48rem] mx-auto max-w-(--thread-content-max-width) flex-1 group\/turn-messages focus-visible:outline-hidden relative flex w-full min-w-0 flex-col agent-turn\" tabindex=\"-1\">\n<div class=\"flex max-w-full flex-col grow\">\n<div class=\"min-h-8 text-message relative flex w-full flex-col items-end gap-2 text-start break-words whitespace-normal [.text-message+&amp;]:mt-1\" dir=\"auto\" data-message-author-role=\"assistant\" data-message-id=\"43b070d6-bf28-4fbe-8049-1032a61ea3ac\" data-message-model-slug=\"gpt-5\">\n<div class=\"flex w-full flex-col gap-1 empty:hidden first:pt-[1px]\">\n<div class=\"markdown prose dark:prose-invert w-full break-words light markdown-new-styling\">\n<p data-start=\"3431\" data-end=\"3519\"><strong data-start=\"3431\" data-end=\"3517\">AINOVO AIPOD 30K Cser\u00e9lhet\u0151 Tart\u00e1ly Vape \u2013 30000 Puff Okos Egyszer haszn\u00e1latos nagykereskedelemhez<\/strong><\/p>\n<p data-start=\"3523\" data-end=\"3604\"><strong data-start=\"3523\" data-end=\"3602\">V\u00e1s\u00e1roljon AINOVO AIM AIPOD 30000 Puff \u2013 Kett\u0151s Sz\u00f6vet 30K Vape K\u00e9szlet EU Nagy t\u00e9telben rendel\u0151knek<\/strong><\/p>\n<p data-start=\"3608\" data-end=\"3688\" data-is-last-node=\"\"><strong data-start=\"3608\" data-end=\"3688\" data-is-last-node=\"\">AINOVO AIPOD 30000 Puff Egyszer haszn\u00e1latos \u2013 30K Cser\u00e9lhet\u0151 Tart\u00e1ly Vape Forr\u00f3 Elad\u00e1s<\/strong><\/p>\n<\/div>\n<\/div>\n<\/div>\n<\/div>\n<\/div>\n<\/div>\n<\/article>\n<p><img fetchpriority=\"high\" decoding=\"async\" class=\"size-full wp-image-2932\" src=\"https:\/\/vapestornado.com\/wp-content\/uploads\/2024\/12\/Vape-Wholesale.jpg\" alt=\"Vape nagykereskedelem\" width=\"229\" height=\"300\" \/><\/p>\n<h3><a href=\"https:\/\/wa.me\/8617776015835\"><span style=\"color: #ff0000;\"><strong>WhatsApp: +86 17776015835<\/strong><\/span><\/a><\/h3>\n<p>&nbsp;<\/p>","protected":false},"featured_media":4538,"comment_status":"open","ping_status":"closed","template":"","meta":{"_acf_changed":false,"_uag_custom_page_level_css":"","_lmt_disableupdate":"no","_lmt_disable":"","_monsterinsights_skip_tracking":false,"_monsterinsights_sitenote_active":false,"_monsterinsights_sitenote_note":"","_monsterinsights_sitenote_category":0,"site-sidebar-layout":"default","site-content-layout":"","ast-site-content-layout":"default","site-content-style":"default","site-sidebar-style":"default","ast-global-header-display":"","ast-banner-title-visibility":"","ast-main-header-display":"","ast-hfb-above-header-display":"","ast-hfb-below-header-display":"","ast-hfb-mobile-header-display":"","site-post-title":"","ast-breadcrumbs-content":"","ast-featured-img":"","footer-sml-layout":"","ast-disable-related-posts":"","theme-transparent-header-meta":"default","adv-header-id-meta":"","stick-header-meta":"","header-above-stick-meta":"","header-main-stick-meta":"","header-below-stick-meta":"","astra-migrate-meta-layouts":"set","ast-page-background-enabled":"default","ast-page-background-meta":{"desktop":{"background-color":"","background-image":"","background-repeat":"repeat","background-position":"center center","background-size":"auto","background-attachment":"scroll","background-type":"","background-media":"","overlay-type":"","overlay-color":"","overlay-opacity":"","overlay-gradient":""},"tablet":{"background-color":"","background-image":"","background-repeat":"repeat","background-position":"center center","background-size":"auto","background-attachment":"scroll","background-type":"","background-media":"","overlay-type":"","overlay-color":"","overlay-opacity":"","overlay-gradient":""},"mobile":{"background-color":"","background-image":"","background-repeat":"repeat","background-position":"center center","background-size":"auto","background-attachment":"scroll","background-type":"","background-media":"","overlay-type":"","overlay-color":"","overlay-opacity":"","overlay-gradient":""}},"ast-content-background-meta":{"desktop":{"background-color":"var(--ast-global-color-5)","background-image":"","background-repeat":"repeat","background-position":"center center","background-size":"auto","background-attachment":"scroll","background-type":"","background-media":"","overlay-type":"","overlay-color":"","overlay-opacity":"","overlay-gradient":""},"tablet":{"background-color":"var(--ast-global-color-5)","background-image":"","background-repeat":"repeat","background-position":"center center","background-size":"auto","background-attachment":"scroll","background-type":"","background-media":"","overlay-type":"","overlay-color":"","overlay-opacity":"","overlay-gradient":""},"mobile":{"background-color":"var(--ast-global-color-5)","background-image":"","background-repeat":"repeat","background-position":"center center","background-size":"auto","background-attachment":"scroll","background-type":"","background-media":"","overlay-type":"","overlay-color":"","overlay-opacity":"","overlay-gradient":""}},"_joinchat":{"telephone":"17776015835"}},"product_brand":[],"product_cat":[67,176,152,154,156,158,142,357,144],"product_tag":[432,105,430,94,431,301],"class_list":{"0":"post-4543","1":"product","2":"type-product","3":"status-publish","4":"has-post-thumbnail","6":"product_cat-30000-puff","7":"product_cat-aivono-vape","8":"product_cat-buy-disposable-vapes-in-cermany","9":"product_cat-buy-disposable-vapes-in-netherlands","10":"product_cat-buy-disposable-vapes-in-poland","11":"product_cat-buy-disposable-vapes-in-spain","12":"product_cat-digital-box-disposable-vapes","13":"product_cat-flavor-adjustable-vape","14":"product_cat-low-nicotine-disposable-vapes","15":"product_tag-china-disposable-vape-supplier","16":"product_tag-digital-disposable-vape","17":"product_tag-disposables-vaper","18":"product_tag-rechargeable-disposable-vape","19":"product_tag-replaceable-tank-disposable-vape-kit","20":"product_tag-vapor-wholesale","21":"desktop-align-left","22":"tablet-align-left","23":"mobile-align-left","25":"first","26":"instock","27":"sale","28":"shipping-taxable","29":"purchasable","30":"product-type-simple"},"acf":[],"uagb_featured_image_src":{"full":["https:\/\/vapestornado.com\/wp-content\/uploads\/2025\/11\/Aivono-30k-30000-Puffs-Disposable-Vape.webp",800,800,false],"thumbnail":["https:\/\/vapestornado.com\/wp-content\/uploads\/2025\/11\/Aivono-30k-30000-Puffs-Disposable-Vape-150x150.webp",150,150,true],"medium":["https:\/\/vapestornado.com\/wp-content\/uploads\/2025\/11\/Aivono-30k-30000-Puffs-Disposable-Vape-300x300.webp",300,300,true],"medium_large":["https:\/\/vapestornado.com\/wp-content\/uploads\/2025\/11\/Aivono-30k-30000-Puffs-Disposable-Vape-768x768.webp",768,768,true],"large":["https:\/\/vapestornado.com\/wp-content\/uploads\/2025\/11\/Aivono-30k-30000-Puffs-Disposable-Vape.webp",800,800,false],"1536x1536":["https:\/\/vapestornado.com\/wp-content\/uploads\/2025\/11\/Aivono-30k-30000-Puffs-Disposable-Vape.webp",800,800,false],"2048x2048":["https:\/\/vapestornado.com\/wp-content\/uploads\/2025\/11\/Aivono-30k-30000-Puffs-Disposable-Vape.webp",800,800,false],"trp-custom-language-flag":["https:\/\/vapestornado.com\/wp-content\/uploads\/2025\/11\/Aivono-30k-30000-Puffs-Disposable-Vape-12x12.webp",12,12,true],"woocommerce_thumbnail":["https:\/\/vapestornado.com\/wp-content\/uploads\/2025\/11\/Aivono-30k-30000-Puffs-Disposable-Vape-300x300.webp",300,300,true],"woocommerce_single":["https:\/\/vapestornado.com\/wp-content\/uploads\/2025\/11\/Aivono-30k-30000-Puffs-Disposable-Vape-600x600.webp",600,600,true],"woocommerce_gallery_thumbnail":["https:\/\/vapestornado.com\/wp-content\/uploads\/2025\/11\/Aivono-30k-30000-Puffs-Disposable-Vape-100x100.webp",100,100,true]},"uagb_author_info":{"display_name":"ESAMY","author_link":"https:\/\/vapestornado.com\/hu\/author\/"},"uagb_comment_info":0,"uagb_excerpt":"AINOVO AIPOD 30K Replaceable Tank Vape \u2013 30000 Puff Smart Disposable for Wholesale Buy AINOVO AIM AIPOD 30000 Puff \u2013 Dual Mesh 30K Vape Kit for EU Bulk Orders AINOVO AIPOD 30000 Puff Disposable \u2013 30K Replaceable Tank Vape Hot Sale WhatsApp: +86 17776015835 &nbsp;","_links":{"self":[{"href":"https:\/\/vapestornado.com\/hu\/wp-json\/wp\/v2\/product\/4543","targetHints":{"allow":["GET"]}}],"collection":[{"href":"https:\/\/vapestornado.com\/hu\/wp-json\/wp\/v2\/product"}],"about":[{"href":"https:\/\/vapestornado.com\/hu\/wp-json\/wp\/v2\/types\/product"}],"replies":[{"embeddable":true,"href":"https:\/\/vapestornado.com\/hu\/wp-json\/wp\/v2\/comments?post=4543"}],"wp:featuredmedia":[{"embeddable":true,"href":"https:\/\/vapestornado.com\/hu\/wp-json\/wp\/v2\/media\/4538"}],"wp:attachment":[{"href":"https:\/\/vapestornado.com\/hu\/wp-json\/wp\/v2\/media?parent=4543"}],"wp:term":[{"taxonomy":"product_brand","embeddable":true,"href":"https:\/\/vapestornado.com\/hu\/wp-json\/wp\/v2\/product_brand?post=4543"},{"taxonomy":"product_cat","embeddable":true,"href":"https:\/\/vapestornado.com\/hu\/wp-json\/wp\/v2\/product_cat?post=4543"},{"taxonomy":"product_tag","embeddable":true,"href":"https:\/\/vapestornado.com\/hu\/wp-json\/wp\/v2\/product_tag?post=4543"}],"curies":[{"name":"wp","href":"https:\/\/api.w.org\/{rel}","templated":true}]}}