{"id":4537,"date":"2025-11-13T08:50:19","date_gmt":"2025-11-13T08:50:19","guid":{"rendered":"https:\/\/vapestornado.com\/?post_type=product&#038;p=4537"},"modified":"2025-11-13T09:14:06","modified_gmt":"2025-11-13T09:14:06","slug":"uzy-bang-digital-15k-puff-monkey-vape-pen-eu-warehouse-fast-shipping","status":"publish","type":"product","link":"https:\/\/vapestornado.com\/hu\/product\/uzy-bang-digital-15k-puff-monkey-vape-pen-eu-warehouse-fast-shipping\/","title":{"rendered":"UZY Bang Digital 15K Puff 15000 Monkey Vape Pen EU Rakt\u00e1r Gyors Sz\u00e1ll\u00edt\u00e1s"},"content":{"rendered":"<h2 data-pm-slice=\"1 1 []\">UZY Bang Digital 15K Puff \u2013 Kompakt Teljes\u00edtm\u00e9ny, Pr\u00e9mium \u00cdz, Gyors EU Sz\u00e1ll\u00edt\u00e1s<\/h2>\n<p data-start=\"90\" data-end=\"703\">A <strong data-start=\"94\" data-end=\"118\">UZY Bang Digit\u00e1lis 15K<\/strong> \u00fajradefini\u00e1lja, mit k\u00edn\u00e1l egy <strong data-start=\"144\" data-end=\"171\">digit\u00e1lis egyszer haszn\u00e1latos vape<\/strong> amely egy <strong data-start=\"190\" data-end=\"222\">15000 puff kapacit\u00e1ssal<\/strong> \u00e9s a <strong data-start=\"227\" data-end=\"254\">25ml el\u0151re t\u00f6lt\u00f6tt e-liquid<\/strong>, ez a modell hossz\u00fa t\u00e1v\u00fa teljes\u00edtm\u00e9nyt \u00f6tv\u00f6z sima, egyenletes g\u0151zk\u00e9pz\u00e9ssel. Olyan vaperek sz\u00e1m\u00e1ra tervezve, akik mind az \u00e1llhatatoss\u00e1got, mind az \u00edzt keresik, a <strong data-start=\"406\" data-end=\"423\">UZY 15K Puffs<\/strong> tartalmaz egy <strong data-start=\"435\" data-end=\"453\">1.0\u03a9 mesh tekercs<\/strong> s\u0171r\u0171 felh\u0151ket \u00e9s tiszta \u00edzt biztos\u00edt minden h\u00faz\u00e1sn\u00e1l. Az <strong data-start=\"506\" data-end=\"544\">850mAh Type-C \u00fajrat\u00f6lthet\u0151 akkumul\u00e1tor<\/strong> eg\u00e9sz napos teljes\u00edtm\u00e9nyt garant\u00e1l gyors, hat\u00e9kony \u00fajrat\u00f6lt\u00e9ssel \u2014 ide\u00e1liss\u00e1 t\u00e9ve mind a mindennapi felhaszn\u00e1l\u00f3k, mind a nagykereskedelmi v\u00e1s\u00e1rl\u00f3k sz\u00e1m\u00e1ra, akik megb\u00edzhat\u00f3s\u00e1got keresnek nagyobb t\u00e9telekben.<\/p>\n<p data-start=\"705\" data-end=\"1168\">Ez <strong data-start=\"710\" data-end=\"735\">okos egyszer haszn\u00e1latos vape<\/strong> kiemelkedik egy <strong data-start=\"754\" data-end=\"777\">digit\u00e1lis LED kijelz\u0151<\/strong> val, amely val\u00f3s idej\u0171 nyomon k\u00f6veti az akkumul\u00e1tor \u00e9lettartam\u00e1t \u00e9s az e-liquid szinteket \u2014 egy olyan funkci\u00f3, amely ritk\u00e1n fordul el\u0151 kompakt vapekben. Az <strong data-start=\"883\" data-end=\"930\">\u00e1ll\u00edthat\u00f3 nikotinszintek (0%, 2%, 3%, 5%)<\/strong> t\u00f6k\u00e9letesv\u00e9 teszik minden preferenci\u00e1hoz, a nikotinmentes felhaszn\u00e1l\u00f3kt\u00f3l a er\u0151sebb torokhat\u00e1st kedvel\u0151kh\u00f6z. Kompakt m\u00e9gis er\u0151teljes, ez a <strong data-start=\"1057\" data-end=\"1080\">UZY Digit\u00e1lis 15K Puffs<\/strong> k\u00f6nnyen elf\u00e9r a zsebedben, mik\u00f6zben a nagyobb k\u00e9sz\u00fcl\u00e9kekhez hasonl\u00f3 teljes\u00edtm\u00e9nyt ny\u00fajt.<\/p>\n<p data-start=\"1170\" data-end=\"1516\">K\u00e9szlet el\u00e9rhet\u0151 a <strong data-start=\"1198\" data-end=\"1214\">EU rakt\u00e1runkban<\/strong> \u00e9s a <strong data-start=\"1219\" data-end=\"1296\">gyors sz\u00e1ll\u00edt\u00e1s olyan orsz\u00e1gokba, mint Franciaorsz\u00e1g, N\u00e9metorsz\u00e1g, Spanyolorsz\u00e1g, Olaszorsz\u00e1g \u00e9s Lengyelorsz\u00e1g<\/strong>, a <strong data-start=\"1302\" data-end=\"1331\">UZY Bang Digit\u00e1lis 15K Puffs<\/strong> a legjobb v\u00e1laszt\u00e1s nagy haszonkulcs\u00fa nagykereskedelmi \u00e9s kiskereskedelmi \u00e9rt\u00e9kes\u00edt\u00e9shez. K\u00f6rnyezetbar\u00e1t, \u00fajrat\u00f6lthet\u0151 eldobhat\u00f3 \u2014 cs\u00f6kkenti a hullad\u00e9kot, mik\u00f6zben p\u00e1ratlan k\u00e9nyelmet \u00e9s kiv\u00e1l\u00f3 \u00edz\u00e9lm\u00e9nyt ny\u00fajt.<\/p>\n<p data-start=\"666\" data-end=\"1235\"><strong style=\"font-size: 16px;\"><span style=\"color: #ff0000;\">Add hozz\u00e1 Amy WhatsApp-j\u00e1t, hogy azonnali v\u00e1laszt \u00e9s kedvezm\u00e9nyes \u00e1rat kapj!<\/span><\/strong><\/p>\n<p><img fetchpriority=\"high\" decoding=\"async\" class=\"size-full wp-image-2932\" src=\"https:\/\/vapestornado.com\/wp-content\/uploads\/2024\/12\/Vape-Wholesale.jpg\" alt=\"Vape nagykereskedelem\" width=\"229\" height=\"300\" \/><\/p>\n<h3><a href=\"https:\/\/wa.me\/8617776015835\" target=\"_blank\" rel=\"noopener\"><span style=\"color: #ff0000;\"><strong>WhatsApp: +86 17776015835<\/strong><\/span><\/a><\/h3>\n<p>&nbsp;<\/p>\n<h2><strong>UZY Bang Digital 15K Bar Kulcsfontoss\u00e1g\u00fa Term\u00e9kjellemz\u0151k<\/strong><\/h2>\n<ul>\n<li data-start=\"1573\" data-end=\"1606\">\n<p data-start=\"1575\" data-end=\"1606\"><strong data-start=\"1575\" data-end=\"1585\">Sz\u00edv\u00e1sok:<\/strong> Ak\u00e1r 15 000 szippant\u00e1s<\/p>\n<\/li>\n<li data-start=\"1607\" data-end=\"1655\">\n<p data-start=\"1609\" data-end=\"1655\"><strong data-start=\"1609\" data-end=\"1631\">E-liquid kapacit\u00e1s:<\/strong> 25ml pr\u00e9mium s\u00f3 nikotin<\/p>\n<\/li>\n<li data-start=\"1656\" data-end=\"1699\">\n<p data-start=\"1658\" data-end=\"1699\"><strong data-start=\"1658\" data-end=\"1670\">Akkumul\u00e1tor:<\/strong> 850mAh Type-C \u00fajrat\u00f6lthet\u0151<\/p>\n<\/li>\n<li data-start=\"1700\" data-end=\"1744\">\n<p data-start=\"1702\" data-end=\"1744\"><strong data-start=\"1702\" data-end=\"1711\">Tekercs:<\/strong> 1.0\u03a9 h\u00e1l\u00f3s tekercs a gazdag f\u00fcst\u00e9rt<\/p>\n<\/li>\n<li data-start=\"1745\" data-end=\"1804\">\n<p data-start=\"1747\" data-end=\"1804\"><strong data-start=\"1747\" data-end=\"1759\">Kijelz\u0151:<\/strong> LED digit\u00e1lis kijelz\u0151 (akku &amp; folyad\u00e9k szint)<\/p>\n<\/li>\n<li data-start=\"1805\" data-end=\"1846\">\n<p data-start=\"1807\" data-end=\"1846\"><strong data-start=\"1807\" data-end=\"1829\">Nikotin er\u0151ss\u00e9g:<\/strong> 0%, 2%, 3%, 5%<\/p>\n<\/li>\n<li data-start=\"1847\" data-end=\"1888\">\n<p data-start=\"1849\" data-end=\"1888\"><strong data-start=\"1849\" data-end=\"1867\">T\u00f6lt\u0151port:<\/strong> Type-C gyors t\u00f6lt\u00e9s<\/p>\n<\/li>\n<li data-start=\"1889\" data-end=\"1945\">\n<p data-start=\"1891\" data-end=\"1945\"><strong data-start=\"1891\" data-end=\"1905\">Rakt\u00e1r:<\/strong> EU k\u00e9szlet, gyors sz\u00e1ll\u00edt\u00e1s Eur\u00f3p\u00e1ban<\/p>\n<\/li>\n<\/ul>\n<figure id=\"attachment_4531\" aria-describedby=\"caption-attachment-4531\" style=\"width: 300px\" class=\"wp-caption alignnone\"><img decoding=\"async\" class=\"size-medium wp-image-4531\" src=\"https:\/\/vapestornado.com\/wp-content\/uploads\/2025\/11\/Original-Uzy-Bang-Digital-15000-Puff-15k-Disposable-E-Cigs-300x300.webp\" alt=\"Eredeti Uzy Bang Digital 15000 Puff 15k Eldobhat\u00f3 E-cigaretta\" width=\"300\" height=\"300\" srcset=\"https:\/\/vapestornado.com\/wp-content\/uploads\/2025\/11\/Original-Uzy-Bang-Digital-15000-Puff-15k-Disposable-E-Cigs-300x300.webp 300w, https:\/\/vapestornado.com\/wp-content\/uploads\/2025\/11\/Original-Uzy-Bang-Digital-15000-Puff-15k-Disposable-E-Cigs-150x150.webp 150w, https:\/\/vapestornado.com\/wp-content\/uploads\/2025\/11\/Original-Uzy-Bang-Digital-15000-Puff-15k-Disposable-E-Cigs-768x768.webp 768w, https:\/\/vapestornado.com\/wp-content\/uploads\/2025\/11\/Original-Uzy-Bang-Digital-15000-Puff-15k-Disposable-E-Cigs-12x12.webp 12w, https:\/\/vapestornado.com\/wp-content\/uploads\/2025\/11\/Original-Uzy-Bang-Digital-15000-Puff-15k-Disposable-E-Cigs-600x600.webp 600w, https:\/\/vapestornado.com\/wp-content\/uploads\/2025\/11\/Original-Uzy-Bang-Digital-15000-Puff-15k-Disposable-E-Cigs-100x100.webp 100w, https:\/\/vapestornado.com\/wp-content\/uploads\/2025\/11\/Original-Uzy-Bang-Digital-15000-Puff-15k-Disposable-E-Cigs.webp 800w\" sizes=\"(max-width: 300px) 100vw, 300px\" \/><figcaption id=\"caption-attachment-4531\" class=\"wp-caption-text\">Eredeti Uzy Bang Digital 15000 Puff 15k Eldobhat\u00f3 E-cigaretta<\/figcaption><\/figure>\n<h2 class=\"product-title\"><strong>UZY Bang Digital 15K Eldobhat\u00f3 Vape \u00cdzv\u00e1laszt\u00e9k<\/strong><\/h2>\n<p>1. Eper G\u00f6r\u00f6gdinnye<br \/>\n2. \u00c1fonya j\u00e9gen<br \/>\n3.P\u00e9ches Mang\u00f3 Anan\u00e1sz<br \/>\n4. Sz\u0151l\u0151 j\u00e9g<br \/>\n5. G\u00f6r\u00f6gdinnye j\u00e9g<br \/>\n6. P\u00e9ches j\u00e9g<br \/>\n7. Eper kiwi<br \/>\n8.\u00c1fonya M\u00e1lna<br \/>\n9. Kivi Passi\u00f3gy\u00fcm\u00f6lcs<br \/>\n10. M R K\u00e9k<br \/>\n11. Tripla Mang\u00f3 j\u00e9g<br \/>\n12. V\u00f6r\u00f6s Energia j\u00e9g<\/p>\n<h3 data-start=\"2251\" data-end=\"2296\"><strong data-start=\"2255\" data-end=\"2296\">Mi\u00e9rt v\u00e1lassza az UZY Bang Digit\u00e1lis 15K Puff-et?<\/strong><\/h3>\n<ul data-start=\"2297\" data-end=\"2680\">\n<li data-start=\"2297\" data-end=\"2373\">\n<p data-start=\"2299\" data-end=\"2373\"><strong data-start=\"2299\" data-end=\"2328\">Hossz\u00fa t\u00e1v\u00fa teljes\u00edtm\u00e9ny:<\/strong> 15 000 puff hosszabb vapel\u00e9si \u00fcl\u00e9sekhez.<\/p>\n<\/li>\n<li data-start=\"2374\" data-end=\"2447\">\n<p data-start=\"2376\" data-end=\"2447\"><strong data-start=\"2376\" data-end=\"2407\">Sokoldal\u00fa nikotin opci\u00f3k:<\/strong> V\u00e1lasszon 0\u20135% k\u00f6z\u00f6tt a teljes kontroll\u00e9rt.<\/p>\n<\/li>\n<li data-start=\"2448\" data-end=\"2528\">\n<p data-start=\"2450\" data-end=\"2528\"><strong data-start=\"2450\" data-end=\"2480\">Okos kijelz\u0151 k\u00e9nyelme:<\/strong> Maradjon t\u00e1j\u00e9kozott az akkumul\u00e1tor \u00e9s a folyad\u00e9k szintekr\u0151l.<\/p>\n<\/li>\n<li data-start=\"2529\" data-end=\"2601\">\n<p data-start=\"2531\" data-end=\"2601\"><strong data-start=\"2531\" data-end=\"2550\">EU-alap\u00fa k\u00e9szlet:<\/strong> Gyors, megb\u00edzhat\u00f3 sz\u00e1ll\u00edt\u00e1s eur\u00f3pai viszontelad\u00f3knak.<\/p>\n<\/li>\n<li data-start=\"2602\" data-end=\"2680\">\n<p data-start=\"2604\" data-end=\"2680\"><strong data-start=\"2604\" data-end=\"2629\">K\u00f6rnyezetbar\u00e1t kialak\u00edt\u00e1s:<\/strong> \u00dajrat\u00f6lthet\u0151 rendszer cs\u00f6kkenti a k\u00f6rnyezeti hullad\u00e9kot.<\/p>\n<\/li>\n<\/ul>\n<h3 data-start=\"2687\" data-end=\"2754\"><strong data-start=\"2691\" data-end=\"2754\">\u00d6sszehasonl\u00edt\u00e1s: UZY Bang Digit\u00e1lis 15K vs Hagyom\u00e1nyos eldobhat\u00f3<\/strong><\/h3>\n<p data-start=\"2755\" data-end=\"3026\">A standard 5K\u20138K puffos p\u00e1lcik\u00e1khoz k\u00e9pest, az <strong data-start=\"2792\" data-end=\"2815\">UZYDigit\u00e1lis 15K Puffs<\/strong> h\u00e1romszor hosszabb \u00e9lettartamot \u00e9s okosabb vaping vez\u00e9rl\u00e9st ny\u00fajt. Az LED kijelz\u0151 \u00e9s a Type-C t\u00f6lt\u00e9s sokkal praktikusabb\u00e1 teszi hossz\u00fa t\u00e1v\u00fa haszn\u00e1latra, m\u00edg a h\u00e1l\u00f3s tekercs biztos\u00edtja, hogy minden sz\u00edv\u00e1s friss \u00edz\u0171 legyen eg\u00e9szen a v\u00e9g\u00e9ig.<\/p>\n<p>&nbsp;<\/p>\n<h2>Mi\u00e9rt v\u00e1lassza a Vapestornado-t az UZY Bang Digital 15K Puffs Nagykereskedelmi v\u00e1s\u00e1rl\u00e1s\u00e1hoz?<\/h2>\n<div class=\"flex-shrink-0 flex flex-col relative items-end\">\n<div class=\"pt-0\">\n<div class=\"gizmo-bot-avatar flex h-8 w-8 items-center justify-center overflow-hidden rounded-full\">\n<div class=\"relative p-1 rounded-sm flex items-center justify-center bg-token-main-surface-primary text-token-text-primary h-8 w-8\">\n<p>At\u00a0<strong>Vapes Tornado<\/strong>b\u00fcszk\u00e9k vagyunk arra, hogy\u00a0<strong>pr\u00e9mium vaping term\u00e9keket k\u00edn\u00e1lunk verhetetlen \u00e1ron<\/strong>\u00a0\u00cdme, mi\u00e9rt \u00e9rdemes t\u0151l\u00fcnk v\u00e1s\u00e1rolni:<\/p>\n<p data-start=\"235\" data-end=\"360\"><strong data-start=\"235\" data-end=\"261\">Legjobb Nagykereskedelmi Aj\u00e1nlatok<\/strong> \u2013 \u00c9lvezze <strong data-start=\"270\" data-end=\"297\">magas \u00e1rr\u00e9s\u0171 nagykereskedelmi \u00e1rakat<\/strong> az \u00fajra\u00e9rt\u00e9kes\u00edt\u0151k, vape forgalmaz\u00f3k \u00e9s kiskereskedelmi \u00fczletek sz\u00e1m\u00e1ra kialak\u00edtva.<\/p>\n<p data-start=\"362\" data-end=\"513\"><strong data-start=\"362\" data-end=\"400\">\u2714 Gyors \u00e9s Biztons\u00e1gos Vil\u00e1gszerte Sz\u00e1ll\u00edt\u00e1s<\/strong> \u2013 Biztos\u00edtjuk <strong data-start=\"413\" data-end=\"443\">gyors, nyomon k\u00f6vethet\u0151 sz\u00e1ll\u00edt\u00e1st<\/strong> Eur\u00f3p\u00e1ban \u00e9s azon t\u00fal, hogy k\u00e9szletei biztons\u00e1gosan \u00e9s id\u0151ben \u00e9rkezzenek meg.<\/p>\n<p data-start=\"515\" data-end=\"646\"><strong data-start=\"515\" data-end=\"542\">\u2714 100% Eredeti Term\u00e9kek<\/strong> \u2013 Minden <strong data-start=\"551\" data-end=\"578\">WASPE Triple 60000 vape<\/strong> amit \u00e1rus\u00edtunk, <strong data-start=\"590\" data-end=\"625\">hiteles \u00e9s gy\u00e1ri tan\u00fas\u00edtv\u00e1nnyal rendelkez\u0151<\/strong>, soha nem ut\u00e1nzat.<\/p>\n<p data-start=\"648\" data-end=\"799\"><strong data-start=\"648\" data-end=\"676\">\u2714 Dedik\u00e1lt T\u00e1mogat\u00f3 Csapat<\/strong> \u2013 Sz\u00fcks\u00e9ge van seg\u00edts\u00e9gre? A <strong data-start=\"694\" data-end=\"733\">vape szak\u00e9rt\u0151ink 24\/7 rendelkez\u00e9sre \u00e1llnak<\/strong>, k\u00e9szek v\u00e1laszolni k\u00e9rd\u00e9seire \u00e9s seg\u00edteni a rendel\u00e9sekn\u00e9l b\u00e1rmikor.<\/p>\n<p>&nbsp;<\/p>\n<p data-start=\"559\" data-end=\"933\" data-is-last-node=\"\" data-is-only-node=\"\">Van n\u00e9h\u00e1ny m\u00e1sik n\u00e9pszer\u0171 eldobhat\u00f3 vape k\u00e9perny\u0151vel, mint p\u00e9ld\u00e1ul <a href=\"https:\/\/vapestornado.com\/hu\/product\/uzy-150k-puffs-6-in-1-flavor-switch-disposable-vape-pen-wholesale\/\">UZY 150K Puff \u00edzv\u00e1lt\u00f3 vape<\/a>, <a href=\"https:\/\/vapestornado.com\/hu\/product\/vozol-rave-40k-40000-puffs-disposable-vape-smart-screen-5-nicotine\/\">VOZOL RAVE 40K Eldobhat\u00f3 Vape<\/a>, <a href=\"https:\/\/vapestornado.com\/hu\/product\/waspe-150k-150000-puff-6-in-1-disposable-vape-pen-cartridge-best-wholesale-price-in-poland\/\">WASPE 150K Puff 6 az 1-ben<\/a>, \u00e9s m\u00e9g sok m\u00e1s.<\/p>\n<\/div>\n<div class=\"relative p-1 rounded-sm flex items-center justify-center bg-token-main-surface-primary text-token-text-primary h-8 w-8\">\n<h2>GYIK az UZY Bang Digital 15K Puffs-r\u00f3l<\/h2>\n<p data-start=\"3074\" data-end=\"3210\"><strong data-start=\"3074\" data-end=\"3125\">1. Mennyi ideig tart az UZY Bang Digital 15K?<\/strong><br data-start=\"3125\" data-end=\"3128\" \/>Ak\u00e1r 15 000 sz\u00edv\u00e1sra k\u00e9pes, a vaping gyakoris\u00e1g\u00e1t\u00f3l \u00e9s a sz\u00edv\u00e1s hossz\u00e1t\u00f3l f\u00fcgg\u0151en.<\/p>\n<p data-start=\"3212\" data-end=\"3329\"><strong data-start=\"3212\" data-end=\"3255\">2. Az UZY Digital 15K \u00fajrat\u00f6lthet\u0151?<\/strong><br data-start=\"3255\" data-end=\"3258\" \/>Igen, be\u00e9p\u00edtett 850mAh-s akkumul\u00e1torral \u00e9s Type-C gyors t\u00f6lt\u00e9ssel rendelkezik.<\/p>\n<p data-start=\"3331\" data-end=\"3452\"><strong data-start=\"3331\" data-end=\"3369\">3. Milyen \u00edzek \u00e9rhet\u0151k el?<\/strong><br data-start=\"3369\" data-end=\"3372\" \/>12 egyedi \u00edz tal\u00e1lhat\u00f3, a gy\u00fcm\u00f6lcs\u00f6s kever\u00e9kekt\u0151l a j\u00e9g h\u0171v\u00f6s v\u00e1ltozatokig.<\/p>\n<p data-start=\"3454\" data-end=\"3579\"><strong data-start=\"3454\" data-end=\"3499\">4. Mutatja az akkumul\u00e1tor \u00e9s az e-liquid szinteket?<\/strong><br data-start=\"3499\" data-end=\"3502\" \/>Igen, az LED digit\u00e1lis kijelz\u0151 val\u00f3s idej\u0171 akkumul\u00e1tor- \u00e9s e-liquid \u00e1llapotot mutat.<\/p>\n<p data-start=\"3581\" data-end=\"3743\"><strong data-start=\"3581\" data-end=\"3615\">5. Hol v\u00e1s\u00e1rolhatom nagy t\u00e9telben?<\/strong><br data-start=\"3615\" data-end=\"3618\" \/>Nagykereskedelmi rendel\u00e9seket k\u00f6zvetlen\u00fcl a <strong data-start=\"3658\" data-end=\"3674\">EU rakt\u00e1runkban<\/strong>biztos\u00edtva a <strong data-start=\"3685\" data-end=\"3726\">gyors sz\u00e1ll\u00edt\u00e1s \u00e9s versenyk\u00e9pes \u00e1rak<\/strong> szerte Eur\u00f3p\u00e1ban.<\/p>\n<\/div>\n<\/div>\n<\/div>\n<\/div>","protected":false},"excerpt":{"rendered":"<article class=\"text-token-text-primary w-full focus:outline-none [--shadow-height:45px] has-data-writing-block:pointer-events-none has-data-writing-block:-mt-(--shadow-height) has-data-writing-block:pt-(--shadow-height) [&amp;:has([data-writing-block])&gt;*]:pointer-events-auto [content-visibility:auto] supports-[content-visibility:auto]:[contain-intrinsic-size:auto_100lvh] scroll-mt-[calc(var(--header-height)+min(200px,max(70px,20svh)))]\" dir=\"auto\" tabindex=\"-1\" data-turn-id=\"86ca9d92-7a10-4e6b-bda0-15f9df36adca\" data-testid=\"conversation-turn-120\" data-scroll-anchor=\"true\" data-turn=\"assistant\">\n<div class=\"text-base my-auto mx-auto pb-10 [--thread-content-margin:--spacing(4)] thread-sm:[--thread-content-margin:--spacing(6)] thread-lg:[--thread-content-margin:--spacing(16)] px-(--thread-content-margin)\">\n<div class=\"[--thread-content-max-width:40rem] thread-lg:[--thread-content-max-width:48rem] mx-auto max-w-(--thread-content-max-width) flex-1 group\/turn-messages focus-visible:outline-hidden relative flex w-full min-w-0 flex-col agent-turn\" tabindex=\"-1\">\n<div class=\"flex max-w-full flex-col grow\">\n<div class=\"min-h-8 text-message relative flex w-full flex-col items-end gap-2 text-start break-words whitespace-normal [.text-message+&amp;]:mt-1\" dir=\"auto\" data-message-author-role=\"assistant\" data-message-id=\"43b070d6-bf28-4fbe-8049-1032a61ea3ac\" data-message-model-slug=\"gpt-5\">\n<div class=\"flex w-full flex-col gap-1 empty:hidden first:pt-[1px]\">\n<div class=\"markdown prose dark:prose-invert w-full break-words light markdown-new-styling\">\n<p data-start=\"4043\" data-end=\"4133\"><strong data-start=\"4043\" data-end=\"4131\">UZY Bang Digital 15K Puff \u2013 Okos Egyszer haszn\u00e1latos Vape LED K\u00e9perny\u0151vel &amp; EU Gyors Sz\u00e1ll\u00edt\u00e1s<\/strong><\/p>\n<p data-start=\"4137\" data-end=\"4227\"><strong data-start=\"4137\" data-end=\"4225\">V\u00e1s\u00e1roljon UZY Digital 15K Vape Tollat \u2013 15000 Puffs \u00dajrat\u00f6lthet\u0151 Egyszer haszn\u00e1latos Nagykereskedelmi \u00c1ron<\/strong><\/p>\n<p data-start=\"4231\" data-end=\"4308\" data-is-last-node=\"\"><strong data-start=\"4231\" data-end=\"4308\" data-is-last-node=\"\">EU Rakt\u00e1r K\u00e9szlet: UZY 15K Puffs Vape Okos Kijelz\u0151vel &amp; Gyors Sz\u00e1ll\u00edt\u00e1ssal<\/strong><\/p>\n<\/div>\n<\/div>\n<\/div>\n<\/div>\n<\/div>\n<\/div>\n<\/article>\n<p><img fetchpriority=\"high\" decoding=\"async\" class=\"size-full wp-image-2932\" src=\"https:\/\/vapestornado.com\/wp-content\/uploads\/2024\/12\/Vape-Wholesale.jpg\" alt=\"Vape nagykereskedelem\" width=\"229\" height=\"300\" \/><\/p>\n<h3><a href=\"https:\/\/wa.me\/8617776015835\"><span style=\"color: #ff0000;\"><strong>WhatsApp: +86 17776015835<\/strong><\/span><\/a><\/h3>\n<p>&nbsp;<\/p>","protected":false},"featured_media":4532,"comment_status":"open","ping_status":"closed","template":"","meta":{"_acf_changed":false,"_uag_custom_page_level_css":"","_lmt_disableupdate":"no","_lmt_disable":"","_monsterinsights_skip_tracking":false,"_monsterinsights_sitenote_active":false,"_monsterinsights_sitenote_note":"","_monsterinsights_sitenote_category":0,"site-sidebar-layout":"default","site-content-layout":"","ast-site-content-layout":"default","site-content-style":"default","site-sidebar-style":"default","ast-global-header-display":"","ast-banner-title-visibility":"","ast-main-header-display":"","ast-hfb-above-header-display":"","ast-hfb-below-header-display":"","ast-hfb-mobile-header-display":"","site-post-title":"","ast-breadcrumbs-content":"","ast-featured-img":"","footer-sml-layout":"","ast-disable-related-posts":"","theme-transparent-header-meta":"default","adv-header-id-meta":"","stick-header-meta":"","header-above-stick-meta":"","header-main-stick-meta":"","header-below-stick-meta":"","astra-migrate-meta-layouts":"set","ast-page-background-enabled":"default","ast-page-background-meta":{"desktop":{"background-color":"","background-image":"","background-repeat":"repeat","background-position":"center center","background-size":"auto","background-attachment":"scroll","background-type":"","background-media":"","overlay-type":"","overlay-color":"","overlay-opacity":"","overlay-gradient":""},"tablet":{"background-color":"","background-image":"","background-repeat":"repeat","background-position":"center center","background-size":"auto","background-attachment":"scroll","background-type":"","background-media":"","overlay-type":"","overlay-color":"","overlay-opacity":"","overlay-gradient":""},"mobile":{"background-color":"","background-image":"","background-repeat":"repeat","background-position":"center center","background-size":"auto","background-attachment":"scroll","background-type":"","background-media":"","overlay-type":"","overlay-color":"","overlay-opacity":"","overlay-gradient":""}},"ast-content-background-meta":{"desktop":{"background-color":"var(--ast-global-color-5)","background-image":"","background-repeat":"repeat","background-position":"center center","background-size":"auto","background-attachment":"scroll","background-type":"","background-media":"","overlay-type":"","overlay-color":"","overlay-opacity":"","overlay-gradient":""},"tablet":{"background-color":"var(--ast-global-color-5)","background-image":"","background-repeat":"repeat","background-position":"center center","background-size":"auto","background-attachment":"scroll","background-type":"","background-media":"","overlay-type":"","overlay-color":"","overlay-opacity":"","overlay-gradient":""},"mobile":{"background-color":"var(--ast-global-color-5)","background-image":"","background-repeat":"repeat","background-position":"center center","background-size":"auto","background-attachment":"scroll","background-type":"","background-media":"","overlay-type":"","overlay-color":"","overlay-opacity":"","overlay-gradient":""}},"_joinchat":{"telephone":"17776015835"}},"product_brand":[],"product_cat":[71,152,154,156,158,142,357,144,356],"product_tag":[105,406,427,94,428,429,301],"class_list":{"0":"post-4537","1":"product","2":"type-product","3":"status-publish","4":"has-post-thumbnail","6":"product_cat-15000-puff","7":"product_cat-buy-disposable-vapes-in-cermany","8":"product_cat-buy-disposable-vapes-in-netherlands","9":"product_cat-buy-disposable-vapes-in-poland","10":"product_cat-buy-disposable-vapes-in-spain","11":"product_cat-digital-box-disposable-vapes","12":"product_cat-flavor-adjustable-vape","13":"product_cat-low-nicotine-disposable-vapes","14":"product_cat-uzy-vape","15":"product_tag-digital-disposable-vape","16":"product_tag-disposable-vape-fast-shipping","17":"product_tag-multi-flaovr-vape","18":"product_tag-rechargeable-disposable-vape","19":"product_tag-uzy-bang-digital-15k","20":"product_tag-vape-eu-warehouse","21":"product_tag-vapor-wholesale","22":"desktop-align-left","23":"tablet-align-left","24":"mobile-align-left","26":"first","27":"instock","28":"sale","29":"shipping-taxable","30":"purchasable","31":"product-type-simple"},"acf":[],"uagb_featured_image_src":{"full":["https:\/\/vapestornado.com\/wp-content\/uploads\/2025\/11\/UZY-Bang-Digital-15K-Puff-Monkey-Vape-Pen.webp",800,800,false],"thumbnail":["https:\/\/vapestornado.com\/wp-content\/uploads\/2025\/11\/UZY-Bang-Digital-15K-Puff-Monkey-Vape-Pen-150x150.webp",150,150,true],"medium":["https:\/\/vapestornado.com\/wp-content\/uploads\/2025\/11\/UZY-Bang-Digital-15K-Puff-Monkey-Vape-Pen-300x300.webp",300,300,true],"medium_large":["https:\/\/vapestornado.com\/wp-content\/uploads\/2025\/11\/UZY-Bang-Digital-15K-Puff-Monkey-Vape-Pen-768x768.webp",768,768,true],"large":["https:\/\/vapestornado.com\/wp-content\/uploads\/2025\/11\/UZY-Bang-Digital-15K-Puff-Monkey-Vape-Pen.webp",800,800,false],"1536x1536":["https:\/\/vapestornado.com\/wp-content\/uploads\/2025\/11\/UZY-Bang-Digital-15K-Puff-Monkey-Vape-Pen.webp",800,800,false],"2048x2048":["https:\/\/vapestornado.com\/wp-content\/uploads\/2025\/11\/UZY-Bang-Digital-15K-Puff-Monkey-Vape-Pen.webp",800,800,false],"trp-custom-language-flag":["https:\/\/vapestornado.com\/wp-content\/uploads\/2025\/11\/UZY-Bang-Digital-15K-Puff-Monkey-Vape-Pen-12x12.webp",12,12,true],"woocommerce_thumbnail":["https:\/\/vapestornado.com\/wp-content\/uploads\/2025\/11\/UZY-Bang-Digital-15K-Puff-Monkey-Vape-Pen-300x300.webp",300,300,true],"woocommerce_single":["https:\/\/vapestornado.com\/wp-content\/uploads\/2025\/11\/UZY-Bang-Digital-15K-Puff-Monkey-Vape-Pen-600x600.webp",600,600,true],"woocommerce_gallery_thumbnail":["https:\/\/vapestornado.com\/wp-content\/uploads\/2025\/11\/UZY-Bang-Digital-15K-Puff-Monkey-Vape-Pen-100x100.webp",100,100,true]},"uagb_author_info":{"display_name":"ESAMY","author_link":"https:\/\/vapestornado.com\/hu\/author\/"},"uagb_comment_info":1,"uagb_excerpt":"UZY Bang Digital 15K Puff \u2013 Smart Disposable Vape with LED Screen &amp; EU Fast Shipping Buy UZY Digital 15K Vape Pen \u2013 15000 Puffs Rechargeable Disposable at Wholesale Price EU Warehouse Stock: UZY 15K Puffs Vape with Smart Display &amp; Fast Delivery WhatsApp: +86 17776015835 &nbsp;","_links":{"self":[{"href":"https:\/\/vapestornado.com\/hu\/wp-json\/wp\/v2\/product\/4537","targetHints":{"allow":["GET"]}}],"collection":[{"href":"https:\/\/vapestornado.com\/hu\/wp-json\/wp\/v2\/product"}],"about":[{"href":"https:\/\/vapestornado.com\/hu\/wp-json\/wp\/v2\/types\/product"}],"replies":[{"embeddable":true,"href":"https:\/\/vapestornado.com\/hu\/wp-json\/wp\/v2\/comments?post=4537"}],"wp:featuredmedia":[{"embeddable":true,"href":"https:\/\/vapestornado.com\/hu\/wp-json\/wp\/v2\/media\/4532"}],"wp:attachment":[{"href":"https:\/\/vapestornado.com\/hu\/wp-json\/wp\/v2\/media?parent=4537"}],"wp:term":[{"taxonomy":"product_brand","embeddable":true,"href":"https:\/\/vapestornado.com\/hu\/wp-json\/wp\/v2\/product_brand?post=4537"},{"taxonomy":"product_cat","embeddable":true,"href":"https:\/\/vapestornado.com\/hu\/wp-json\/wp\/v2\/product_cat?post=4537"},{"taxonomy":"product_tag","embeddable":true,"href":"https:\/\/vapestornado.com\/hu\/wp-json\/wp\/v2\/product_tag?post=4537"}],"curies":[{"name":"wp","href":"https:\/\/api.w.org\/{rel}","templated":true}]}}