{"id":4493,"date":"2025-10-31T07:01:50","date_gmt":"2025-10-31T07:01:50","guid":{"rendered":"https:\/\/vapestornado.com\/?post_type=product&#038;p=4493"},"modified":"2025-10-31T07:43:27","modified_gmt":"2025-10-31T07:43:27","slug":"jnr-ragegorilla-55000-puffs-55k-vape-disposables-42ml-2-nicotine-wholesale-price","status":"publish","type":"product","link":"https:\/\/vapestornado.com\/hu\/product\/jnr-ragegorilla-55000-puffs-55k-vape-disposables-42ml-2-nicotine-wholesale-price\/","title":{"rendered":"JNR RageGorilla 55000 Puff 55 ezer Vape Egyszer haszn\u00e1latos 42ml 2% Nikotin Nagykereskedelmi \u00c1r"},"content":{"rendered":"<h2 data-pm-slice=\"1 1 []\">JNR 55000 Szippant\u00e1s RageGorilla Egyszer haszn\u00e1latos Vape \u2013 42ml Nagy Tart\u00e1ly, EU Legjobb Elad\u00f3<\/h2>\n<p data-start=\"454\" data-end=\"886\">A <strong data-start=\"458\" data-end=\"505\">JNR RageGorilla 55000 Szippant\u00e1s Egyszer haszn\u00e1latos Vape<\/strong> komoly vaperek sz\u00e1m\u00e1ra k\u00e9sz\u00fclt, akik teljes\u00edtm\u00e9nyt, er\u0151t \u00e9s pr\u00e9mium \u00edzt keresnek. Egy <strong data-start=\"598\" data-end=\"624\">42ml e-liquid kapacit\u00e1ssal<\/strong>, <strong data-start=\"626\" data-end=\"640\">2% nikotinnal<\/strong>, \u00e9s egy <strong data-start=\"648\" data-end=\"666\">dupla h\u00e1l\u00f3s tekercs<\/strong>, minden alkalommal s\u0171r\u0171, \u00edzletes l\u00f6v\u00e9st biztos\u00edt. Ezzel <strong data-start=\"720\" data-end=\"758\">950mAh-s Type-C \u00fajrat\u00f6lthet\u0151 akkumul\u00e1tor\u00e1val<\/strong> \u00e9s egy <strong data-start=\"765\" data-end=\"785\">okos LED-k\u00e9perny\u0151<\/strong>, a felhaszn\u00e1l\u00f3k k\u00f6nnyen nyomon k\u00f6vethetik az akkumul\u00e1tor \u00e9s az e-liquid szinteket\u2014t\u00f6k\u00e9letes hossz\u00fa t\u00e1v\u00fa haszn\u00e1latra \u00e9s tal\u00e1lgat\u00e1s n\u00e9lk\u00fcl.<\/p>\n<p data-start=\"888\" data-end=\"1283\">Mint az egyik <strong data-start=\"902\" data-end=\"947\">legn\u00e9pszer\u0171bb alacsony nikotintartalm\u00fa egyszer haszn\u00e1latos vap\u00e9k<\/strong> az EU piacon, a <strong data-start=\"970\" data-end=\"981\">JNR 55K<\/strong> egy\u00fctt \u00f6tv\u00f6zi az innov\u00e1ci\u00f3t \u00e9s a min\u0151s\u00e9get, k\u00fcl\u00f6n\u00f6sen a fiatal eur\u00f3pai felhaszn\u00e1l\u00f3k k\u00f6r\u00e9ben, akik mind a funkci\u00f3t, mind a st\u00edlust keresik. A tart\u00f3s test \u00e9s a sima l\u00e9g\u00e1raml\u00e1s kiv\u00e1l\u00f3 v\u00e1laszt\u00e1s mind a kiskeresked\u0151k, mind a nagykeresked\u0151k sz\u00e1m\u00e1ra, akik <strong data-start=\"1202\" data-end=\"1243\">top-elad\u00e1si Krist\u00e1ly Vape alternat\u00edv\u00e1kat<\/strong> keresnek <strong data-start=\"1249\" data-end=\"1280\">versenyk\u00e9pes nagykereskedelmi \u00e1ron<\/strong>.<\/p>\n<p data-start=\"1285\" data-end=\"1643\">El\u00e9rhet\u0151 <strong data-start=\"1298\" data-end=\"1317\">20 gazdag \u00edzben<\/strong>, a gy\u00fcm\u00f6lcs\u00f6s kever\u00e9kekt\u0151l, mint p\u00e9ld\u00e1ul <strong data-start=\"1343\" data-end=\"1365\">(1) Eper J\u00e9g<\/strong>, <strong data-start=\"1367\" data-end=\"1386\">(2) Cseresznye K\u00f3la<\/strong>, hogy <strong data-start=\"1391\" data-end=\"1412\">(20) Cseresznye Bogy\u00f3<\/strong>, minden szippant\u00e1s a <strong data-start=\"1432\" data-end=\"1455\">JNR RageGorilla 55K<\/strong> kiv\u00e1l\u00f3 el\u00e9gedetts\u00e9gre \u00e9s sima \u00edzre lett tervezve. Ez egy <strong data-start=\"1509\" data-end=\"1531\">nagy kapacit\u00e1s\u00fa vape<\/strong> amely megfelel a modern ig\u00e9nyeknek\u2014megb\u00edzhat\u00f3, \u00fajrat\u00f6lthet\u0151, \u00e9s k\u00e9szen \u00e1ll a teljes\u00edtm\u00e9ny ny\u00fajt\u00e1s\u00e1ra t\u00f6bb ezer sz\u00edv\u00e1s sor\u00e1n.<\/p>\n<p data-start=\"1645\" data-end=\"1888\">Nagykereskedelmi v\u00e1s\u00e1rl\u00f3k Eur\u00f3p\u00e1ban b\u00edzhatnak ebben a modellben a k\u00f6vetkezetess\u00e9gben \u00e9s az \u00e9rt\u00e9kben. Az EU kiskeresked\u0151i sz\u00e1m\u00e1ra a <strong data-start=\"1744\" data-end=\"1775\">JNR RageGorilla 55000 Sz\u00edv\u00e1s<\/strong> kiemelked\u0151k\u00e9nt szerepel mint <strong data-start=\"1792\" data-end=\"1826\">kis nikotintartalm\u00fa, hossz\u00fa \u00e9lettartam\u00fa vape<\/strong> ide\u00e1lis mindennapi v\u00e1s\u00e1rl\u00f3k \u00e9s trendk\u00f6vet\u0151 vaperek sz\u00e1m\u00e1ra.<\/p>\n<p><strong><span style=\"color: #ff0000;\">Adja hozz\u00e1 Amy-t WhatsApp-on, hogy azonnali v\u00e1laszt \u00e9s vape kupont kapjon!<\/span><\/strong><\/p>\n<p><img fetchpriority=\"high\" decoding=\"async\" class=\"size-full wp-image-2932\" src=\"https:\/\/vapestornado.com\/wp-content\/uploads\/2024\/12\/Vape-Wholesale.jpg\" alt=\"Vape nagykereskedelem\" width=\"229\" height=\"300\" \/><\/p>\n<h3><a href=\"https:\/\/wa.me\/8617776015835\" target=\"_blank\" rel=\"noopener\"><span style=\"color: #ff0000;\"><strong>WhatsApp: +86 17776015835<\/strong><\/span><\/a><\/h3>\n<p>&nbsp;<\/p>\n<h2><strong>JNR RageGorilla 55000 Sz\u00edv\u00e1s Term\u00e9kjellemz\u0151k<\/strong><\/h2>\n<ul>\n<li data-start=\"1944\" data-end=\"1964\">\n<p data-start=\"1946\" data-end=\"1964\"><strong data-start=\"1946\" data-end=\"1956\">Sz\u00edv\u00e1sok:<\/strong> 55000<\/p>\n<\/li>\n<li data-start=\"1965\" data-end=\"1993\">\n<p data-start=\"1967\" data-end=\"1993\"><strong data-start=\"1967\" data-end=\"1988\">Nikotintartalom:<\/strong> 2%<\/p>\n<\/li>\n<li data-start=\"1994\" data-end=\"2025\">\n<p data-start=\"1996\" data-end=\"2025\"><strong data-start=\"1996\" data-end=\"2018\">E-liquid kapacit\u00e1s:<\/strong> 42ml<\/p>\n<\/li>\n<li data-start=\"2026\" data-end=\"2069\">\n<p data-start=\"2028\" data-end=\"2069\"><strong data-start=\"2028\" data-end=\"2040\">Akkumul\u00e1tor:<\/strong> 950mAh t\u00edpus-C \u00fajrat\u00f6lthet\u0151<\/p>\n<\/li>\n<li data-start=\"2070\" data-end=\"2124\">\n<p data-start=\"2072\" data-end=\"2124\"><strong data-start=\"2072\" data-end=\"2084\">Kijelz\u0151:<\/strong> Okos LED-k\u00e9perny\u0151 (Akkumul\u00e1tor + E-liquid)<\/p>\n<\/li>\n<li data-start=\"2125\" data-end=\"2168\">\n<p data-start=\"2127\" data-end=\"2168\"><strong data-start=\"2127\" data-end=\"2136\">Tekercs:<\/strong> Du\u00e1l h\u00e1l\u00f3s tekercs a gazdag g\u0151z\u00e9rt<\/p>\n<\/li>\n<li data-start=\"2169\" data-end=\"2203\">\n<p data-start=\"2171\" data-end=\"2203\"><strong data-start=\"2171\" data-end=\"2183\">\u00cdzek:<\/strong> 20 egyedi opci\u00f3<\/p>\n<p><figure id=\"attachment_4489\" aria-describedby=\"caption-attachment-4489\" style=\"width: 800px\" class=\"wp-caption alignnone\"><img decoding=\"async\" class=\"wp-image-4489 size-full\" src=\"https:\/\/vapestornado.com\/wp-content\/uploads\/2025\/10\/JNR-RageGorilla-55000Puffs-42ml-E-liquid.webp\" alt=\"JNR RageGorilla 55000Sz\u00edv\u00e1s 42ml E-liquid\" width=\"800\" height=\"449\" srcset=\"https:\/\/vapestornado.com\/wp-content\/uploads\/2025\/10\/JNR-RageGorilla-55000Puffs-42ml-E-liquid.webp 800w, https:\/\/vapestornado.com\/wp-content\/uploads\/2025\/10\/JNR-RageGorilla-55000Puffs-42ml-E-liquid-300x168.webp 300w, https:\/\/vapestornado.com\/wp-content\/uploads\/2025\/10\/JNR-RageGorilla-55000Puffs-42ml-E-liquid-768x431.webp 768w, https:\/\/vapestornado.com\/wp-content\/uploads\/2025\/10\/JNR-RageGorilla-55000Puffs-42ml-E-liquid-18x10.webp 18w, https:\/\/vapestornado.com\/wp-content\/uploads\/2025\/10\/JNR-RageGorilla-55000Puffs-42ml-E-liquid-600x337.webp 600w\" sizes=\"(max-width: 800px) 100vw, 800px\" \/><figcaption id=\"caption-attachment-4489\" class=\"wp-caption-text\">JNR RageGorilla 55000Sz\u00edv\u00e1s 42ml E-liquid<\/figcaption><\/figure><\/li>\n<\/ul>\n<div class=\"mceTemp\"><\/div>\n<h2 class=\"product-title\"><strong>JNR RageGorilla 55000 Sz\u00edv\u00e1s eldobhat\u00f3 vape \u00edzv\u00e1laszt\u00e9k<\/strong><\/h2>\n<p>1. Eper J\u00e9g<br \/>\n2. Cseresznye K\u00f3la<br \/>\n3. G\u00f6r\u00f6gdinnye j\u00e9g<br \/>\n4. K\u00e9k Razz Cseresznye<br \/>\n5.Eper Kivi<br \/>\n6. \u00c1fonya M\u00e1lna Cseresznye<br \/>\n7. Eper g\u00f6r\u00f6gdinnye j\u00e9g<br \/>\n8.Kivi Vizil\u00f6tty Ice<br \/>\n9.Kevert Bogy\u00f3k<br \/>\n10.L\u00e9d\u00fas S\u00e1rgabarackok<br \/>\n11. \u00c1fonya J\u00e9g<br \/>\n12.M\u00e1lna \u00c1fonya Savany\u00fa<br \/>\n13.Feh\u00e9r S\u00e1rgabarack Razz<br \/>\n14.Mang\u00f3 Passion Gy\u00fcm\u00f6lcs<br \/>\n15.S\u00e1rgabarack Mang\u00f3 Vizil\u00f6tty<br \/>\n16.G\u00f6r\u00f6gdinnye R\u00e1g\u00f3gumi<br \/>\n17. Eper Ban\u00e1n<br \/>\n18.Kett\u0151s Alma<br \/>\n19.Kivi Passi\u00f3 Guava<br \/>\n20.Cseresznye Bogy\u00f3<\/p>\n<figure id=\"attachment_4491\" aria-describedby=\"caption-attachment-4491\" style=\"width: 800px\" class=\"wp-caption alignnone\"><img decoding=\"async\" class=\"wp-image-4491 size-full\" src=\"https:\/\/vapestornado.com\/wp-content\/uploads\/2025\/10\/Puff-JNR-RageGorilla-55K-55000-Puffs.webp\" alt=\"Puff JNR RageGorilla 55K 55000 Puff\" width=\"800\" height=\"450\" srcset=\"https:\/\/vapestornado.com\/wp-content\/uploads\/2025\/10\/Puff-JNR-RageGorilla-55K-55000-Puffs.webp 800w, https:\/\/vapestornado.com\/wp-content\/uploads\/2025\/10\/Puff-JNR-RageGorilla-55K-55000-Puffs-300x169.webp 300w, https:\/\/vapestornado.com\/wp-content\/uploads\/2025\/10\/Puff-JNR-RageGorilla-55K-55000-Puffs-768x432.webp 768w, https:\/\/vapestornado.com\/wp-content\/uploads\/2025\/10\/Puff-JNR-RageGorilla-55K-55000-Puffs-18x10.webp 18w, https:\/\/vapestornado.com\/wp-content\/uploads\/2025\/10\/Puff-JNR-RageGorilla-55K-55000-Puffs-600x338.webp 600w\" sizes=\"(max-width: 800px) 100vw, 800px\" \/><figcaption id=\"caption-attachment-4491\" class=\"wp-caption-text\">Puff JNR RageGorilla 55K 55000 Puff<\/figcaption><\/figure>\n<div class=\"flex-shrink-0 flex flex-col relative items-end\">\n<div class=\"pt-0\">\n<div class=\"gizmo-bot-avatar flex h-8 w-8 items-center justify-center overflow-hidden rounded-full\">\n<div class=\"relative p-1 rounded-sm flex items-center justify-center bg-token-main-surface-primary text-token-text-primary h-8 w-8\">\n<h2 data-start=\"1200\" data-end=\"1487\">Vapes Torn\u00e1d\u00f3 \u2013 Az \u00d6n Nagykereskedelmi Online Vape \u00c1ruh\u00e1za a Legjobb Vape M\u00e1rk\u00e1khoz<\/h2>\n<p data-start=\"1200\" data-end=\"1487\">Vapes Tornado Online Doh\u00e1nybolt megb\u00edzhat\u00f3 hely az <strong data-start=\"66\" data-end=\"94\">pr\u00e9mium eldobhat\u00f3 vape-ek<\/strong> \u00e9s a <strong data-start=\"99\" data-end=\"125\">nagykereskedelmi e-cigarett\u00e1k sz\u00e1m\u00e1ra<\/strong> Eur\u00f3p\u00e1ban. N\u00e9pszer\u0171 vape m\u00e1rk\u00e1kat tartunk rakt\u00e1ron, mint p\u00e9ld\u00e1ul <a href=\"https:\/\/vapestornado.com\/hu\/product\/elf-bar-raya-d3-25000-puffs-best-disposable-vape-wholesale-in-uk\/\">Elf Bar Vape<\/a>, <strong data-start=\"175\" data-end=\"228\"><a href=\"https:\/\/vapestornado.com\/hu\/product\/fumot-randm-tornado-15000-puffs-rechargeable-disposable-vape-wholesale\/\">Fumot Vape<\/a>, <a href=\"https:\/\/vapestornado.com\/hu\/product\/waspe-150k-150000-puff-6-in-1-disposable-vape-pen-cartridge-best-wholesale-price-in-poland\/\">Waspe Vape<\/a>, Vozol Bar Vape, <a href=\"https:\/\/vapestornado.com\/hu\/product-category\/bang-vape\/\">Bang Vape<\/a><\/strong>, \u00e9s sok m\u00e1s \u2013 kiv\u00e9teles min\u0151s\u00e9get, v\u00e1ltozatos \u00edzv\u00e1laszt\u00e9kot \u00e9s innovat\u00edv kialak\u00edt\u00e1sokat k\u00edn\u00e1lva. Legyen \u00d6n szem\u00e9lyes felhaszn\u00e1l\u00f3 vagy nagykeresked\u0151, <strong data-start=\"372\" data-end=\"389\">Vapes Tornado<\/strong> magas teljes\u00edtm\u00e9ny\u0171 eszk\u00f6z\u00f6ket, eleg\u00e1ns st\u00edlusokat \u00e9s verhetetlen nagykereskedelmi \u00e1rakat biztos\u00edt, hogy megfeleljen a vapingsz\u00fcks\u00e9gleteinek.<\/p>\n<h2 data-start=\"2064\" data-end=\"2115\">GYIK a JNR RageGorilla 55000 Puffs Vape Dobozr\u00f3l<\/h2>\n<p data-start=\"2223\" data-end=\"2360\"><strong data-start=\"2223\" data-end=\"2273\">1. Mennyi ideig tart a JNR RageGorilla 55K?<\/strong><br data-start=\"2273\" data-end=\"2276\" \/>Ak\u00e1r <strong data-start=\"2294\" data-end=\"2309\">55000 puff<\/strong>, a haszn\u00e1lati szok\u00e1saidt\u00f3l \u00e9s a puff hossz\u00e1t\u00f3l f\u00fcgg\u0151en.<\/p>\n<p data-start=\"2362\" data-end=\"2489\"><strong data-start=\"2362\" data-end=\"2405\">2. T\u00f6lthet\u0151 a JNR 55000 Puffs?<\/strong><br data-start=\"2405\" data-end=\"2408\" \/>Igen, rendelkezik egy <strong data-start=\"2427\" data-end=\"2451\">Type-C t\u00f6lt\u0151porttal<\/strong> gyors \u00e9s hat\u00e9kony t\u00f6lt\u00e9shez.<\/p>\n<p data-start=\"2491\" data-end=\"2700\"><strong data-start=\"2491\" data-end=\"2571\">3. Mi k\u00fcl\u00f6nb\u00f6zteti meg a JNR RageGorilla 55K-t m\u00e1s eldobhat\u00f3 vap\u00e9kt\u00f3l?<\/strong><br data-start=\"2571\" data-end=\"2574\" \/>Mit\u0151l egyedi a Bang Vape 35000? <strong data-start=\"2578\" data-end=\"2596\">dupla h\u00e1l\u00f3s tekercs<\/strong>, <strong data-start=\"2598\" data-end=\"2619\">okos LED kijelz\u0151<\/strong>, \u00e9s <strong data-start=\"2625\" data-end=\"2648\">nagy 42ml kapacit\u00e1s<\/strong> kiv\u00e1l\u00f3 \u00edz \u00e9s tart\u00f3ss\u00e1g jellemzi.<\/p>\n<p data-start=\"2702\" data-end=\"2828\"><strong data-start=\"2702\" data-end=\"2736\">4. Ez egy alacsony nikotintartalm\u00fa vape?<\/strong><br data-start=\"2736\" data-end=\"2739\" \/>Igen, a <strong data-start=\"2748\" data-end=\"2768\">2% nikotinszint<\/strong> sima \u00e9lm\u00e9nyt ny\u00fajt, ami megfelel az EU preferenci\u00e1inak.<\/p>\n<p data-start=\"2830\" data-end=\"3015\"><strong data-start=\"2830\" data-end=\"2891\">5. Melyek a legn\u00e9pszer\u0171bb JNR RageGorilla 55K \u00edzek?<\/strong><br data-start=\"2891\" data-end=\"2894\" \/>A legkelend\u0151bb \u00edzek k\u00f6z\u00f6tt szerepelnek <strong data-start=\"2922\" data-end=\"2941\">Eper Kiwi<\/strong>, <strong data-start=\"2943\" data-end=\"2958\">Cseresznye k\u00f3la<\/strong>, <strong data-start=\"2960\" data-end=\"2980\">K\u00e9k M\u00e1lna Cseresznye<\/strong>, \u00e9s <strong data-start=\"2986\" data-end=\"3012\">Barack Mang\u00f3 G\u00f6r\u00f6gdinnye<\/strong>.<\/p>\n<\/div>\n<\/div>\n<\/div>\n<\/div>","protected":false},"excerpt":{"rendered":"<p>Az EU piacra tervezve, a <strong data-start=\"613\" data-end=\"629\">JNR 55K Vape<\/strong> ide\u00e1lis nagykeresked\u0151k \u00e9s kiskeresked\u0151k sz\u00e1m\u00e1ra, akik <strong data-start=\"677\" data-end=\"717\">n\u00e9pszer\u0171 alacsony nikotintartalm\u00fa eldobhat\u00f3 vap\u00e9kat keresnek<\/strong> st\u00edlusos, tart\u00f3s testtel \u00e9s k\u00f6vetkezetes \u00edzlead\u00e1ssal. T\u00f6k\u00e9letes azoknak a vapereknek, akik pr\u00e9mium \u00edzt \u00e9s modern teljes\u00edtm\u00e9nyt keresnek egy <strong data-start=\"858\" data-end=\"889\">versenyk\u00e9pes nagykereskedelmi \u00e1ron<\/strong>.<\/p>\n<p><strong>Add hozz\u00e1 Amy whatsappj\u00e1t, hogy azonnali v\u00e1laszt \u00e9s kedvezm\u00e9nyes \u00e1rat kapj!<\/strong><\/p>\n<p><img fetchpriority=\"high\" decoding=\"async\" class=\"size-full wp-image-2932\" src=\"https:\/\/vapestornado.com\/wp-content\/uploads\/2024\/12\/Vape-Wholesale.jpg\" alt=\"Vape nagykereskedelem\" width=\"229\" height=\"300\" \/><\/p>\n<h3><a href=\"https:\/\/wa.me\/8617776015835\"><span style=\"color: #ff0000;\"><strong>WhatsApp: +86 17776015835<\/strong><\/span><\/a><\/h3>","protected":false},"featured_media":4484,"comment_status":"open","ping_status":"closed","template":"","meta":{"_acf_changed":false,"_uag_custom_page_level_css":"","_lmt_disableupdate":"no","_lmt_disable":"","_monsterinsights_skip_tracking":false,"_monsterinsights_sitenote_active":false,"_monsterinsights_sitenote_note":"","_monsterinsights_sitenote_category":0,"site-sidebar-layout":"default","site-content-layout":"","ast-site-content-layout":"default","site-content-style":"default","site-sidebar-style":"default","ast-global-header-display":"","ast-banner-title-visibility":"","ast-main-header-display":"","ast-hfb-above-header-display":"","ast-hfb-below-header-display":"","ast-hfb-mobile-header-display":"","site-post-title":"","ast-breadcrumbs-content":"","ast-featured-img":"","footer-sml-layout":"","ast-disable-related-posts":"","theme-transparent-header-meta":"default","adv-header-id-meta":"","stick-header-meta":"","header-above-stick-meta":"","header-main-stick-meta":"","header-below-stick-meta":"","astra-migrate-meta-layouts":"set","ast-page-background-enabled":"default","ast-page-background-meta":{"desktop":{"background-color":"","background-image":"","background-repeat":"repeat","background-position":"center center","background-size":"auto","background-attachment":"scroll","background-type":"","background-media":"","overlay-type":"","overlay-color":"","overlay-opacity":"","overlay-gradient":""},"tablet":{"background-color":"","background-image":"","background-repeat":"repeat","background-position":"center center","background-size":"auto","background-attachment":"scroll","background-type":"","background-media":"","overlay-type":"","overlay-color":"","overlay-opacity":"","overlay-gradient":""},"mobile":{"background-color":"","background-image":"","background-repeat":"repeat","background-position":"center center","background-size":"auto","background-attachment":"scroll","background-type":"","background-media":"","overlay-type":"","overlay-color":"","overlay-opacity":"","overlay-gradient":""}},"ast-content-background-meta":{"desktop":{"background-color":"var(--ast-global-color-5)","background-image":"","background-repeat":"repeat","background-position":"center center","background-size":"auto","background-attachment":"scroll","background-type":"","background-media":"","overlay-type":"","overlay-color":"","overlay-opacity":"","overlay-gradient":""},"tablet":{"background-color":"var(--ast-global-color-5)","background-image":"","background-repeat":"repeat","background-position":"center center","background-size":"auto","background-attachment":"scroll","background-type":"","background-media":"","overlay-type":"","overlay-color":"","overlay-opacity":"","overlay-gradient":""},"mobile":{"background-color":"var(--ast-global-color-5)","background-image":"","background-repeat":"repeat","background-position":"center center","background-size":"auto","background-attachment":"scroll","background-type":"","background-media":"","overlay-type":"","overlay-color":"","overlay-opacity":"","overlay-gradient":""}},"_joinchat":[]},"product_brand":[],"product_cat":[149,150,151,154,141,142,76,144],"product_tag":[120,403,406,413,135,246,390,397],"class_list":{"0":"post-4493","1":"product","2":"type-product","3":"status-publish","4":"has-post-thumbnail","6":"product_cat-buy-disposable-vapes-in-austria","7":"product_cat-buy-disposable-vapes-in-belgium","8":"product_cat-buy-disposable-vapes-in-france","9":"product_cat-buy-disposable-vapes-in-netherlands","10":"product_cat-crystal-disposable-vapes","11":"product_cat-digital-box-disposable-vapes","12":"product_cat-jnr-vape","13":"product_cat-low-nicotine-disposable-vapes","14":"product_tag-crystal-vape","15":"product_tag-disposable-vape-box","16":"product_tag-disposable-vape-fast-shipping","17":"product_tag-jnr-ragegorilla-55000-puffs","18":"product_tag-jnr-vape","19":"product_tag-low-nicotine-disposable-vape","20":"product_tag-online-vape-shop","21":"product_tag-vapor","22":"desktop-align-left","23":"tablet-align-left","24":"mobile-align-left","26":"first","27":"instock","28":"sale","29":"shipping-taxable","30":"purchasable","31":"product-type-simple"},"acf":[],"uagb_featured_image_src":{"full":["https:\/\/vapestornado.com\/wp-content\/uploads\/2025\/10\/JNR-Rage-Gorilla-55000-Puffs-55k-Vape-42ml-Smart-Screen.webp",800,800,false],"thumbnail":["https:\/\/vapestornado.com\/wp-content\/uploads\/2025\/10\/JNR-Rage-Gorilla-55000-Puffs-55k-Vape-42ml-Smart-Screen-150x150.webp",150,150,true],"medium":["https:\/\/vapestornado.com\/wp-content\/uploads\/2025\/10\/JNR-Rage-Gorilla-55000-Puffs-55k-Vape-42ml-Smart-Screen-300x300.webp",300,300,true],"medium_large":["https:\/\/vapestornado.com\/wp-content\/uploads\/2025\/10\/JNR-Rage-Gorilla-55000-Puffs-55k-Vape-42ml-Smart-Screen-768x768.webp",768,768,true],"large":["https:\/\/vapestornado.com\/wp-content\/uploads\/2025\/10\/JNR-Rage-Gorilla-55000-Puffs-55k-Vape-42ml-Smart-Screen.webp",800,800,false],"1536x1536":["https:\/\/vapestornado.com\/wp-content\/uploads\/2025\/10\/JNR-Rage-Gorilla-55000-Puffs-55k-Vape-42ml-Smart-Screen.webp",800,800,false],"2048x2048":["https:\/\/vapestornado.com\/wp-content\/uploads\/2025\/10\/JNR-Rage-Gorilla-55000-Puffs-55k-Vape-42ml-Smart-Screen.webp",800,800,false],"trp-custom-language-flag":["https:\/\/vapestornado.com\/wp-content\/uploads\/2025\/10\/JNR-Rage-Gorilla-55000-Puffs-55k-Vape-42ml-Smart-Screen-12x12.webp",12,12,true],"woocommerce_thumbnail":["https:\/\/vapestornado.com\/wp-content\/uploads\/2025\/10\/JNR-Rage-Gorilla-55000-Puffs-55k-Vape-42ml-Smart-Screen-300x300.webp",300,300,true],"woocommerce_single":["https:\/\/vapestornado.com\/wp-content\/uploads\/2025\/10\/JNR-Rage-Gorilla-55000-Puffs-55k-Vape-42ml-Smart-Screen-600x600.webp",600,600,true],"woocommerce_gallery_thumbnail":["https:\/\/vapestornado.com\/wp-content\/uploads\/2025\/10\/JNR-Rage-Gorilla-55000-Puffs-55k-Vape-42ml-Smart-Screen-100x100.webp",100,100,true]},"uagb_author_info":{"display_name":"ESAMY","author_link":"https:\/\/vapestornado.com\/hu\/author\/"},"uagb_comment_info":2,"uagb_excerpt":"Designed for the EU market, the JNR 55K Vape is ideal for wholesalers and retailers seeking popular low nicotine disposable vapes with a stylish, durable body and consistent flavor delivery. Perfect for vapers looking for premium taste and modern performance at a competitive wholesale price. Add Amy's whatsapp to get right reply and discount price!&hellip;","_links":{"self":[{"href":"https:\/\/vapestornado.com\/hu\/wp-json\/wp\/v2\/product\/4493","targetHints":{"allow":["GET"]}}],"collection":[{"href":"https:\/\/vapestornado.com\/hu\/wp-json\/wp\/v2\/product"}],"about":[{"href":"https:\/\/vapestornado.com\/hu\/wp-json\/wp\/v2\/types\/product"}],"replies":[{"embeddable":true,"href":"https:\/\/vapestornado.com\/hu\/wp-json\/wp\/v2\/comments?post=4493"}],"wp:featuredmedia":[{"embeddable":true,"href":"https:\/\/vapestornado.com\/hu\/wp-json\/wp\/v2\/media\/4484"}],"wp:attachment":[{"href":"https:\/\/vapestornado.com\/hu\/wp-json\/wp\/v2\/media?parent=4493"}],"wp:term":[{"taxonomy":"product_brand","embeddable":true,"href":"https:\/\/vapestornado.com\/hu\/wp-json\/wp\/v2\/product_brand?post=4493"},{"taxonomy":"product_cat","embeddable":true,"href":"https:\/\/vapestornado.com\/hu\/wp-json\/wp\/v2\/product_cat?post=4493"},{"taxonomy":"product_tag","embeddable":true,"href":"https:\/\/vapestornado.com\/hu\/wp-json\/wp\/v2\/product_tag?post=4493"}],"curies":[{"name":"wp","href":"https:\/\/api.w.org\/{rel}","templated":true}]}}