{"id":4468,"date":"2025-10-29T07:16:35","date_gmt":"2025-10-29T07:16:35","guid":{"rendered":"https:\/\/vapestornado.com\/?post_type=product&#038;p=4468"},"modified":"2025-12-12T09:30:35","modified_gmt":"2025-12-12T09:30:35","slug":"okso-60k-60000-puffs-dual-flavor-disposable-vape-digital-display","status":"publish","type":"product","link":"https:\/\/vapestornado.com\/hu\/product\/okso-60k-60000-puffs-dual-flavor-disposable-vape-digital-display\/","title":{"rendered":"OKSO 60k 60000 Sz\u00edv\u00e1s Kett\u0151s \u00cdz Eldobhat\u00f3 Vape Digit\u00e1lis Kijelz\u0151vel"},"content":{"rendered":"<h2 data-pm-slice=\"1 1 []\">OKSO 60k Puffs K\u00e9t \u00cdz\u0171 Egyszer haszn\u00e1latos Vape \u2014 60000 Szippant\u00e1s Vaper LED Okos Kijelz\u0151vel<\/h2>\n<p data-start=\"936\" data-end=\"1368\"><strong data-start=\"102\" data-end=\"120\">OKSO 60k 60000 Szippant\u00e1s<\/strong> egy k\u00e9t \u00edz\u0171 egyszer haszn\u00e1latos, hossz\u00fa haszn\u00e1latra \u00e9s gyors \u00edzv\u00e1lt\u00e1sra tervezett, an\u00e9lk\u00fcl, hogy zsebben t\u00e9gl\u00e1v\u00e1 v\u00e1lna. Ez biztos\u00edtja <strong data-start=\"254\" data-end=\"276\">ak\u00e1r 60 000 szippant\u00e1s<\/strong>\u00e1ltal hajtva <strong data-start=\"289\" data-end=\"318\">k\u00e9t 25 ml-es \u00edzkamra<\/strong> (50 ml \u00f6sszesen). Egy <strong data-start=\"335\" data-end=\"348\">h\u00e1l\u00f3s tekercs<\/strong> sima g\u0151zt \u00e9s tiszta \u00edzt tart fenn hosszabb \u00fcl\u00e9sek sor\u00e1n, mik\u00f6zben a <strong data-start=\"421\" data-end=\"442\">LED intelligens kijelz\u0151<\/strong> val\u00f3s idej\u0171 kijelz\u0151n mutatja az akkumul\u00e1tor \u00e9s az e-liquid szinteket. A <strong data-start=\"495\" data-end=\"526\">650mAh-s \u00fajrat\u00f6lthet\u0151 akkumul\u00e1tor<\/strong> seg\u00edt befejezni a folyad\u00e9kot, ahelyett, hogy kor\u00e1n kidobn\u00e1d a k\u00e9sz\u00fcl\u00e9ket.<\/p>\n<h3 data-start=\"997\" data-end=\"1048\">Teljes\u00edtm\u00e9ny kiemelked\u0151 jellemz\u0151k (SEO gazdag, felhaszn\u00e1l\u00f3k\u00f6zpont\u00fa)<\/h3>\n<ul data-start=\"1050\" data-end=\"2596\">\n<li data-start=\"1050\" data-end=\"1416\">\n<p data-start=\"1052\" data-end=\"1416\"><strong data-start=\"1052\" data-end=\"1099\">Igazi hossz\u00fa t\u00e1v\u00fa k\u00e9sz\u00fcl\u00e9k komoly napi haszn\u00e1latra.<\/strong> A <strong data-start=\"1104\" data-end=\"1123\">OKSO 60000 Szippant\u00e1s<\/strong> k\u00f6r\u00e9 \u00e9p\u00fcl <strong data-start=\"1140\" data-end=\"1174\">50 ml \u00f6sszes e-liquid (25 ml \u00d7 2)<\/strong>, ami t\u00e1mogatja a 60K oszt\u00e1lyzat\u00e1t. Rendszeres felhaszn\u00e1l\u00f3knak <strong data-start=\"1234\" data-end=\"1279\">Magyarorsz\u00e1gon, Spanyolorsz\u00e1gban, Lengyelorsz\u00e1gban, Franciaorsz\u00e1gban \u00e9s Olaszorsz\u00e1gban<\/strong>, ez kevesebb cser\u00e9t \u00e9s impulzus v\u00e1s\u00e1rl\u00e1st jelenthet, m\u00e9g akkor is, ha a helyi piac a \u201c<strong data-start=\"1373\" data-end=\"1398\">Legolcs\u00f3bb e-cigik<\/strong>\u201d t\u00edpus\u00fa term\u00e9keket nyomja, amelyek nem tartanak sok\u00e1ig.<\/p>\n<\/li>\n<li data-start=\"1418\" data-end=\"1776\">\n<p data-start=\"1420\" data-end=\"1776\"><strong data-start=\"1420\" data-end=\"1477\">K\u00e9t \u00edzv\u00e1lt\u00e1s, ami hetekkel k\u00e9s\u0151bb is hasznos marad.<\/strong> Egy hossz\u00fa \u00e9lettartam\u00fa eldobhat\u00f3 term\u00e9k v\u00e1ltozatoss\u00e1g n\u00e9lk\u00fcl elhagyatott\u00e1 v\u00e1lik. <strong data-start=\"1537\" data-end=\"1555\">OKSO 60k Puffs<\/strong> lehet\u0151v\u00e9 teszi a \u00edzkamr\u00e1k gyors v\u00e1lt\u00e1s\u00e1t n\u00e9h\u00e1ny m\u00e1sodperc alatt, \u00edgy friss \u00e9lm\u00e9nyt ny\u00fajt an\u00e9lk\u00fcl, hogy k\u00e9t eszk\u00f6zt kellene hordozni. Ez az egyszer\u0171 eldobhat\u00f3 \u00e9s <strong data-start=\"1721\" data-end=\"1734\">Smok pods<\/strong> \/ pod rendszerek k\u00f6z\u00f6tt tal\u00e1lja meg az arany k\u00f6z\u00e9putat, amelyek folyamatos alkatr\u00e9szeket ig\u00e9nyelnek.<\/p>\n<\/li>\n<li data-start=\"1778\" data-end=\"2069\">\n<p data-start=\"1780\" data-end=\"2069\"><strong data-start=\"1780\" data-end=\"1837\">A h\u00e1l\u00f3s tekercs h\u00faz\u00e1si \u00e9rz\u00e9se sima \u00e9s \u00edzk\u00f6zpont\u00fa marad.<\/strong> A h\u00e1l\u00f3s tekercs egyenletesen osztja el a h\u0151t, \u00edgy a g\u0151z \u00e1lland\u00f3 marad, \u00e9s az \u00edz m\u00e9lyebben a folyad\u00e9kell\u00e1t\u00e1sban is meghat\u00e1rozott marad. Nagy pufis eszk\u00f6z\u00f6k\u00f6n ez a \u201ek\u00e9s\u0151i st\u00e1diumban jelentkez\u0151 durvas\u00e1g\u201d \u00e1ltal\u00e1ban a gyenge pont\u2014ezt a kialak\u00edt\u00e1si d\u00f6nt\u00e9st ennek elker\u00fcl\u00e9s\u00e9re hozt\u00e1k.<\/p>\n<\/li>\n<li data-start=\"2071\" data-end=\"2350\">\n<p data-start=\"2073\" data-end=\"2350\"><strong data-start=\"2073\" data-end=\"2117\">Az LED okos kijelz\u0151 elt\u00e1vol\u00edtja a tal\u00e1lgat\u00e1sokat.<\/strong> Az akkumul\u00e1tor \u00e9s az e-folyad\u00e9k szintek k\u00f6nnyen \u00e1ttekinthet\u0151k. Ez fontos, amikor eg\u00e9sz nap \u00faton vagy, utaz\u00e1s k\u00f6zben vagy egy eszk\u00f6zre t\u00e1maszkodva. Ez\u00e9rt <strong data-start=\"2265\" data-end=\"2285\">vape shop online<\/strong> az v\u00e1s\u00e1rl\u00f3k \u00e1ltal\u00e1ban megb\u00edznak az \u00e1tl\u00e1tsz\u00f3 \u00e1llapotjelz\u0151kkel ell\u00e1tott eszk\u00f6z\u00f6kben.<\/p>\n<\/li>\n<li data-start=\"2352\" data-end=\"2596\">\n<p data-start=\"2354\" data-end=\"2596\"><strong data-start=\"2354\" data-end=\"2432\">Az \u00fajrat\u00f6lthet\u0151 akkumul\u00e1tor az eszk\u00f6zt haszn\u00e1lhat\u00f3v\u00e1 teszi, am\u00edg a folyad\u00e9k el nem fogy.<\/strong> A <strong data-start=\"2437\" data-end=\"2481\">650mAh \u00fajrat\u00f6lthet\u0151 OKSO 60000 Puffs vaporiz\u00e1tor<\/strong> azt tervezt\u00e9k, hogy sz\u00fcks\u00e9g szerint felt\u00f6lthet\u0151 legyen, megel\u0151zve a klasszikus probl\u00e9m\u00e1t, amikor az akkumul\u00e1tor lemer\u00fcl, miel\u0151tt a tart\u00e1ly ki\u00fcr\u00fclne.<\/p>\n<\/li>\n<\/ul>\n<p>Ez olyan term\u00e9k, amely mind a v\u00e9gfelhaszn\u00e1l\u00f3k, mind a <strong data-start=\"657\" data-end=\"677\">vape shop online<\/strong> katal\u00f3gus sz\u00e1m\u00e1ra m\u0171k\u00f6dik: nagy kapacit\u00e1s\u00fa, k\u00f6nnyen magyar\u00e1zhat\u00f3, \u00e9s olyan funkci\u00f3kra \u00e9p\u00fcl, amelyeket az emberek val\u00f3ban haszn\u00e1lnak.<\/p>\n<p><strong><span style=\"color: #ff0000;\">Adja hozz\u00e1 Amy-t WhatsApp-on, hogy azonnali v\u00e1laszt \u00e9s vape kupont kapjon!<\/span><\/strong><\/p>\n<p><img fetchpriority=\"high\" decoding=\"async\" class=\"size-full wp-image-2932\" src=\"https:\/\/vapestornado.com\/wp-content\/uploads\/2024\/12\/Vape-Wholesale.jpg\" alt=\"Vape nagykereskedelem\" width=\"229\" height=\"300\" \/><\/p>\n<h3><a href=\"https:\/\/wa.me\/8617776015835\" target=\"_blank\" rel=\"noopener\"><span style=\"color: #ff0000;\"><strong>WhatsApp: +86 17776015835<\/strong><\/span><\/a><\/h3>\n<p>&nbsp;<\/p>\n<h2><strong>OKSO 60K 60000 Puff Term\u00e9kjellemz\u0151k<\/strong><\/h2>\n<table>\n<thead>\n<tr>\n<th>Jellemz\u0151k<\/th>\n<th>specifik\u00e1ci\u00f3<\/th>\n<th>R\u00e9szletek<\/th>\n<\/tr>\n<\/thead>\n<tbody>\n<tr>\n<td>Term\u00e9k neve<\/td>\n<td>OKSO 60k Puffs \/ OKSO 60000 Puff<\/td>\n<td>Du\u00e1l \u00edz\u0171 eldobhat\u00f3 vaporiz\u00e1tor kijelz\u0151vel<\/td>\n<\/tr>\n<tr>\n<td>Slukkkapacit\u00e1s<\/td>\n<td>Ak\u00e1r 60 000 puf<\/td>\n<td>Nagy kapacit\u00e1s\u00fa eszk\u00f6z hosszabb haszn\u00e1latra tervezve<\/td>\n<\/tr>\n<tr>\n<td>E-liquid rendszer<\/td>\n<td>25ml \u00d7 2 \u00edzkamra (\u00f6sszesen 50ml)<\/td>\n<td>T\u00e1mogatja a hossz\u00fa \u00fczemid\u0151t \u00e9s az \u00edzv\u00e1lt\u00e1st<\/td>\n<\/tr>\n<tr>\n<td>Tekercs t\u00edpusa<\/td>\n<td>H\u00e1l\u00f3s tekercs<\/td>\n<td>Egyenletes hev\u00edt\u00e9s a sima g\u0151z \u00e9s stabil \u00edz \u00e9rdek\u00e9ben<\/td>\n<\/tr>\n<tr>\n<td>Akkumul\u00e1tor<\/td>\n<td>650mAh \u00fajrat\u00f6lthet\u0151<\/td>\n<td>T\u00f6ltsd \u00fajra a teljes folyad\u00e9ktartalom haszn\u00e1lat\u00e1hoz<\/td>\n<\/tr>\n<tr>\n<td>Kijelz\u0151<\/td>\n<td>LED okos k\u00e9perny\u0151<\/td>\n<td>Val\u00f3s idej\u0171 kijelz\u00e9s az akkumul\u00e1tor \u00e9s az e-liquid szintekr\u0151l<\/td>\n<\/tr>\n<tr>\n<td>Nikotin opci\u00f3k<\/td>\n<td>0% \/ 2% \/ 3% \/ 5%<\/td>\n<td>Illik nikotinmentes vagy er\u0151sebb preferenci\u00e1khoz<\/td>\n<\/tr>\n<tr>\n<td>\u00cdzv\u00e1laszt\u00e9kok<\/td>\n<td>T\u00f6bb mint 20 kett\u0151s \u00edzkombin\u00e1ci\u00f3<\/td>\n<td>Sz\u00e9les forg\u00e1s hossz\u00fa t\u00e1v\u00fa haszn\u00e1latra<\/td>\n<\/tr>\n<tr>\n<td>Poz\u00edcion\u00e1l\u00e1s<\/td>\n<td>Kiskereskedelem + nagykereskedelem<\/td>\n<td>Er\u0151s megfelel\u00e9s az online vape bolt list\u00e1z\u00e1sokhoz<\/td>\n<\/tr>\n<\/tbody>\n<\/table>\n<p>&nbsp;<\/p>\n<figure id=\"attachment_4464\" aria-describedby=\"caption-attachment-4464\" style=\"width: 800px\" class=\"wp-caption alignnone\"><img decoding=\"async\" class=\"wp-image-4464 size-full\" src=\"https:\/\/vapestornado.com\/wp-content\/uploads\/2025\/10\/OKSO-60000-Puff-Disposable-Vape-Bulk-Buy.webp\" alt=\"OKSO 60000 Puff Eldobhat\u00f3 Vape Nagybani v\u00e1s\u00e1rl\u00e1s\" width=\"800\" height=\"800\" srcset=\"https:\/\/vapestornado.com\/wp-content\/uploads\/2025\/10\/OKSO-60000-Puff-Disposable-Vape-Bulk-Buy.webp 800w, https:\/\/vapestornado.com\/wp-content\/uploads\/2025\/10\/OKSO-60000-Puff-Disposable-Vape-Bulk-Buy-300x300.webp 300w, https:\/\/vapestornado.com\/wp-content\/uploads\/2025\/10\/OKSO-60000-Puff-Disposable-Vape-Bulk-Buy-150x150.webp 150w, https:\/\/vapestornado.com\/wp-content\/uploads\/2025\/10\/OKSO-60000-Puff-Disposable-Vape-Bulk-Buy-768x768.webp 768w, https:\/\/vapestornado.com\/wp-content\/uploads\/2025\/10\/OKSO-60000-Puff-Disposable-Vape-Bulk-Buy-12x12.webp 12w, https:\/\/vapestornado.com\/wp-content\/uploads\/2025\/10\/OKSO-60000-Puff-Disposable-Vape-Bulk-Buy-600x600.webp 600w, https:\/\/vapestornado.com\/wp-content\/uploads\/2025\/10\/OKSO-60000-Puff-Disposable-Vape-Bulk-Buy-100x100.webp 100w\" sizes=\"(max-width: 800px) 100vw, 800px\" \/><figcaption id=\"caption-attachment-4464\" class=\"wp-caption-text\">OKSO 60000 Puff Eldobhat\u00f3 Vape Nagybani v\u00e1s\u00e1rl\u00e1s<\/figcaption><\/figure>\n<h2 class=\"product-title\"><strong>OKSO 60k 60000 Puff Vape \u00cdzv\u00e1laszt\u00e9k<\/strong><\/h2>\n<p>1.K\u00e9k Razz &amp; Love 66<br \/>\n2.Eper Cseresznye &amp; Kiwi Passion Fruit Guava<br \/>\n3.T\u00f6k\u00e9letes G\u00f6r\u00f6gdinnye Bubor\u00e9kf\u00faj\u00f3 &amp; Vegyes Gy\u00fcm\u00f6lcs<br \/>\n4.Eper Ban\u00e1n &amp; Cseresznye Fiesta<br \/>\n5. G\u00f6r\u00f6gdinnye j\u00e9g &amp; S\u00e1rgabarack Mang\u00f3<br \/>\n6. K\u00e9k Razz Limon\u00e1d\u00e9 &amp; Alma S\u00e1rgabarack<br \/>\n7. V\u00f6r\u00f6s Energia j\u00e9g &amp; Sz\u0151l\u0151 j\u00e9g<br \/>\n8. Eper G\u00f6r\u00f6gdinnye &amp; K\u00e9t Alma<br \/>\n9. K\u00e9k Razz Cseresznye \u00c1fonya &amp; Menta<br \/>\n10. \u00c1fonya j\u00e9g &amp; Fekete Ribizli<br \/>\n11. Anan\u00e1sz j\u00e9g &amp; S\u00e1rk\u00e1nygy\u00fcm\u00f6lcs j\u00e9g<br \/>\n12. H\u00e1romszoros Mang\u00f3 &amp; Eper Nagy Bumm<br \/>\n13. Ban\u00e1n Anan\u00e1sz &amp; \u00c1fonya S\u00e1rgabarack j\u00e9g<br \/>\n14. Sz\u0151l\u0151 Lekv\u00e1r &amp; \u00c1fonya Cseresznye Fekete Ribizli<br \/>\n15. Ban\u00e1n fagyi &amp; Mang\u00f3 Passi\u00f3gy\u00fcm\u00f6lcs<br \/>\n16. Juicy S\u00e1rgabarack &amp; Dzsungell\u00e9<br \/>\n17. Cseresznye Soft Candy &amp; G\u00f6r\u00f6gdinnye Mojito<br \/>\n18. Cseresznye Cola &amp; Sz\u0151l\u0151 Citrom<br \/>\n19. H\u0171s Ment\u00e1s Mojito &amp; Citrom-Lime<br \/>\n20. Eper-Gr\u00e1n\u00e1talma &amp; Alma-Pear<\/p>\n<div class=\"flex-shrink-0 flex flex-col relative items-end\">\n<div class=\"pt-0\">\n<div class=\"gizmo-bot-avatar flex h-8 w-8 items-center justify-center overflow-hidden rounded-full\">\n<div class=\"relative p-1 rounded-sm flex items-center justify-center bg-token-main-surface-primary text-token-text-primary h-8 w-8\">\n<h2 data-start=\"1200\" data-end=\"1487\">Vapes Torn\u00e1d\u00f3 \u2013 Az \u00d6n Nagykereskedelmi Online Vape \u00c1ruh\u00e1za a Legjobb Vape M\u00e1rk\u00e1khoz<\/h2>\n<p data-start=\"1200\" data-end=\"1487\">Vapes Tornado Online Doh\u00e1nybolt megb\u00edzhat\u00f3 hely az <strong data-start=\"66\" data-end=\"94\">pr\u00e9mium eldobhat\u00f3 vape-ek<\/strong> \u00e9s a <strong data-start=\"99\" data-end=\"125\">nagykereskedelmi e-cigarett\u00e1k sz\u00e1m\u00e1ra<\/strong> Eur\u00f3p\u00e1ban. N\u00e9pszer\u0171 vape m\u00e1rk\u00e1kat tartunk rakt\u00e1ron, mint p\u00e9ld\u00e1ul <a href=\"https:\/\/vapestornado.com\/hu\/product\/elf-bar-raya-d3-25000-puffs-best-disposable-vape-wholesale-in-uk\/\">Elf Bar Vape<\/a>, <strong data-start=\"175\" data-end=\"228\"><a href=\"https:\/\/vapestornado.com\/hu\/product\/fumot-randm-tornado-15000-puffs-rechargeable-disposable-vape-wholesale\/\">Fumot Vape<\/a>, <a href=\"https:\/\/vapestornado.com\/hu\/product\/waspe-150k-150000-puff-6-in-1-disposable-vape-pen-cartridge-best-wholesale-price-in-poland\/\">Waspe Vape<\/a>, Vozol Bar Vape, <a href=\"https:\/\/vapestornado.com\/hu\/product-category\/bang-vape\/\">Bang Vape<\/a><\/strong>, \u00e9s sok m\u00e1s \u2013 kiv\u00e9teles min\u0151s\u00e9get, v\u00e1ltozatos \u00edzv\u00e1laszt\u00e9kot \u00e9s innovat\u00edv kialak\u00edt\u00e1sokat k\u00edn\u00e1lva. Legyen \u00d6n szem\u00e9lyes felhaszn\u00e1l\u00f3 vagy nagykeresked\u0151, <strong data-start=\"372\" data-end=\"389\">Vapes Tornado<\/strong> magas teljes\u00edtm\u00e9ny\u0171 eszk\u00f6z\u00f6ket, eleg\u00e1ns st\u00edlusokat \u00e9s verhetetlen nagykereskedelmi \u00e1rakat biztos\u00edt, hogy megfeleljen a vapingsz\u00fcks\u00e9gleteinek.<\/p>\n<h2 data-start=\"2064\" data-end=\"2115\">Gyakran Ism\u00e9telt K\u00e9rd\u00e9sek az OKSO 60k 60000 Puff \u00dajrat\u00f6lthet\u0151 Vape-r\u0151l<\/h2>\n<h2 data-start=\"3458\" data-end=\"3494\"><\/h2>\n<ol data-start=\"3496\" data-end=\"4856\">\n<li data-start=\"3496\" data-end=\"3764\">\n<p data-start=\"3499\" data-end=\"3764\"><strong data-start=\"3499\" data-end=\"3609\">Hogyan t\u00e1mogatja az OKSO 60000 Puff kett\u0151s \u00edz\u0171 eldobhat\u00f3 k\u00e9sz\u00fcl\u00e9k a magas puffsz\u00e1mokat?<\/strong><br data-start=\"3609\" data-end=\"3612\" \/>K\u00e9t k\u00fcl\u00f6n\u00e1ll\u00f3 <strong data-start=\"3625\" data-end=\"3642\">25 ml-es kamr\u00e1k<\/strong> ny\u00fajt <strong data-start=\"3651\" data-end=\"3674\">50 ml \u00f6sszt\u00e9rfogat<\/strong>, amely hossz\u00fa \u00e9lettartamot biztos\u00edt \u00e9s seg\u00edt a k\u00e9sz\u00fcl\u00e9knek fenntartani a konzisztenci\u00e1t hosszabb haszn\u00e1lat sor\u00e1n.<\/p>\n<\/li>\n<li data-start=\"3766\" data-end=\"4000\">\n<p data-start=\"3769\" data-end=\"4000\"><strong data-start=\"3769\" data-end=\"3865\">Seg\u00edt-e a mesh tekercs az OKSO 60k Puffs eldobhat\u00f3 vape-ben elker\u00fclni a durva \u00fct\u00e9seket a v\u00e9g\u00e9n?<\/strong><br data-start=\"3865\" data-end=\"3868\" \/>A h\u00e1l\u00f3s tekercsek egyenletesebben melegszenek, mint az alap dr\u00f3ttekercsek, ami seg\u00edt meg\u0151rizni a g\u0151z simas\u00e1g\u00e1t \u00e9s az \u00edz tisztas\u00e1g\u00e1t a folyad\u00e9kell\u00e1t\u00e1s m\u00e9ly\u00e9n is.<\/p>\n<\/li>\n<li data-start=\"4002\" data-end=\"4260\">\n<p data-start=\"4005\" data-end=\"4260\"><strong data-start=\"4005\" data-end=\"4096\">El\u00e9g-e az OKSO 60000 Puff \u00fajrat\u00f6lthet\u0151 akkumul\u00e1tora mindk\u00e9t \u00edzkamra befejez\u00e9s\u00e9hez?<\/strong><br data-start=\"4096\" data-end=\"4099\" \/>Ez az \u00fajrat\u00f6lthet\u0151s\u00e9g c\u00e9lja. A <strong data-start=\"4142\" data-end=\"4160\">650mAh akkumul\u00e1torral<\/strong> t\u00f6lthet\u0151 az ig\u00e9ny szerint, \u00edgy befejezheted a teljes 50 ml-t an\u00e9lk\u00fcl, hogy kor\u00e1bban abbahagyn\u00e1d.<\/p>\n<\/li>\n<li data-start=\"4262\" data-end=\"4508\">\n<p data-start=\"4265\" data-end=\"4508\"><strong data-start=\"4265\" data-end=\"4356\">Mit ad hozz\u00e1 az LED okos kijelz\u0151 az OKSO 60k Puffs kett\u0151s \u00edz\u0171 eldobhat\u00f3 vape-hez?<\/strong><br data-start=\"4356\" data-end=\"4359\" \/>Megmutatja az akkumul\u00e1tor \u00e9s az e-liquid \u00e1llapot\u00e1t, megk\u00f6nny\u00edtve a t\u00f6lt\u00e9s tervez\u00e9s\u00e9t \u00e9s a v\u00e1ratlan kikapcsol\u00e1s elker\u00fcl\u00e9s\u00e9t\u2014k\u00fcl\u00f6n\u00f6sen utaz\u00e1s vagy hossz\u00fa munkanapok sor\u00e1n.<\/p>\n<\/li>\n<li data-start=\"4510\" data-end=\"4856\">\n<p data-start=\"4513\" data-end=\"4856\"><strong data-start=\"4513\" data-end=\"4614\">Mi\u00e9rt list\u00e1zna egy online vape bolt OKSO 60k Puffs-t, ahelyett, hogy csak a Legolcs\u00f3bb e-cigarett\u00e1kat rekl\u00e1mozn\u00e1?<\/strong><br data-start=\"4614\" data-end=\"4617\" \/>A \u201eLegolcs\u00f3bb e-cigarett\u00e1k\u201d gyakran nyernek az \u00e1ron, de vesz\u00edtenek a tart\u00f3ss\u00e1gban \u00e9s a felhaszn\u00e1l\u00f3i el\u00e9gedetts\u00e9gben. Az OKSO 60k Puffs hossz\u00fa t\u00e1v\u00fa \u00e9rt\u00e9ket k\u00edn\u00e1l: nagy kapacit\u00e1s, kett\u0151s \u00edzek, kijelz\u0151 nyomon k\u00f6vet\u00e9s \u00e9s \u00fajrat\u00f6lthet\u0151 haszn\u00e1lat\u2014ezek a jellemz\u0151k \u00f6szt\u00f6nzik az ism\u00e9telt v\u00e1s\u00e1rl\u00f3kat.<\/p>\n<\/li>\n<\/ol>\n<\/div>\n<\/div>\n<\/div>\n<\/div>","protected":false},"excerpt":{"rendered":"<p>OKSO 60K Puff Vape \u2013 Kett\u0151s \u00cdz\u0171 LED-mentes eldobhat\u00f3 vape az EU Piac sz\u00e1m\u00e1ra<br \/>\nOKSO 60000 Puffs T\u00f6bb \u00cdz\u0171 \u00dajrat\u00f6lthet\u0151 Vape Nagykereskedelem Eur\u00f3pa<br \/>\nV\u00e1s\u00e1rolja meg az OKSO 60K Kett\u0151s \u00cdz\u0171 Eldobhat\u00f3 Vape \u2013 650mAh LED K\u00e9perny\u0151 Kiad\u00e1s<\/p>\n<p><strong>Add hozz\u00e1 Amy whatsappj\u00e1t, hogy azonnali v\u00e1laszt \u00e9s kedvezm\u00e9nyes \u00e1rat kapj!<\/strong><\/p>\n<p><img fetchpriority=\"high\" decoding=\"async\" class=\"size-full wp-image-2932\" src=\"https:\/\/vapestornado.com\/wp-content\/uploads\/2024\/12\/Vape-Wholesale.jpg\" alt=\"Vape nagykereskedelem\" width=\"229\" height=\"300\" \/><\/p>\n<h3><a href=\"https:\/\/wa.me\/8617776015835\"><span style=\"color: #ff0000;\"><strong>WhatsApp: +86 17776015835<\/strong><\/span><\/a><\/h3>","protected":false},"featured_media":4463,"comment_status":"open","ping_status":"closed","template":"","meta":{"_acf_changed":false,"_uag_custom_page_level_css":"","_lmt_disableupdate":"no","_lmt_disable":"","_monsterinsights_skip_tracking":false,"_monsterinsights_sitenote_active":false,"_monsterinsights_sitenote_note":"","_monsterinsights_sitenote_category":0,"site-sidebar-layout":"default","site-content-layout":"","ast-site-content-layout":"default","site-content-style":"default","site-sidebar-style":"default","ast-global-header-display":"","ast-banner-title-visibility":"","ast-main-header-display":"","ast-hfb-above-header-display":"","ast-hfb-below-header-display":"","ast-hfb-mobile-header-display":"","site-post-title":"","ast-breadcrumbs-content":"","ast-featured-img":"","footer-sml-layout":"","ast-disable-related-posts":"","theme-transparent-header-meta":"default","adv-header-id-meta":"","stick-header-meta":"","header-above-stick-meta":"","header-main-stick-meta":"","header-below-stick-meta":"","astra-migrate-meta-layouts":"set","ast-page-background-enabled":"default","ast-page-background-meta":{"desktop":{"background-color":"","background-image":"","background-repeat":"repeat","background-position":"center center","background-size":"auto","background-attachment":"scroll","background-type":"","background-media":"","overlay-type":"","overlay-color":"","overlay-opacity":"","overlay-gradient":""},"tablet":{"background-color":"","background-image":"","background-repeat":"repeat","background-position":"center center","background-size":"auto","background-attachment":"scroll","background-type":"","background-media":"","overlay-type":"","overlay-color":"","overlay-opacity":"","overlay-gradient":""},"mobile":{"background-color":"","background-image":"","background-repeat":"repeat","background-position":"center center","background-size":"auto","background-attachment":"scroll","background-type":"","background-media":"","overlay-type":"","overlay-color":"","overlay-opacity":"","overlay-gradient":""}},"ast-content-background-meta":{"desktop":{"background-color":"var(--ast-global-color-5)","background-image":"","background-repeat":"repeat","background-position":"center center","background-size":"auto","background-attachment":"scroll","background-type":"","background-media":"","overlay-type":"","overlay-color":"","overlay-opacity":"","overlay-gradient":""},"tablet":{"background-color":"var(--ast-global-color-5)","background-image":"","background-repeat":"repeat","background-position":"center center","background-size":"auto","background-attachment":"scroll","background-type":"","background-media":"","overlay-type":"","overlay-color":"","overlay-opacity":"","overlay-gradient":""},"mobile":{"background-color":"var(--ast-global-color-5)","background-image":"","background-repeat":"repeat","background-position":"center center","background-size":"auto","background-attachment":"scroll","background-type":"","background-media":"","overlay-type":"","overlay-color":"","overlay-opacity":"","overlay-gradient":""}},"_joinchat":[]},"product_brand":[],"product_cat":[343,149,151,157,143,357],"product_tag":[493,403,406,407,390,494,397],"class_list":{"0":"post-4468","1":"product","2":"type-product","3":"status-publish","4":"has-post-thumbnail","6":"product_cat-60000-puff","7":"product_cat-buy-disposable-vapes-in-austria","8":"product_cat-buy-disposable-vapes-in-france","9":"product_cat-buy-disposable-vapes-in-portugal","10":"product_cat-dual-mesh-disposable-vapes","11":"product_cat-flavor-adjustable-vape","12":"product_tag-cheapest-e-cigarettes","13":"product_tag-disposable-vape-box","14":"product_tag-disposable-vape-fast-shipping","15":"product_tag-okso-60k-60000-puff","16":"product_tag-online-vape-shop","17":"product_tag-smok-pods","18":"product_tag-vapor","19":"desktop-align-left","20":"tablet-align-left","21":"mobile-align-left","23":"first","24":"instock","25":"sale","26":"shipping-taxable","27":"purchasable","28":"product-type-simple"},"acf":[],"uagb_featured_image_src":{"full":["https:\/\/vapestornado.com\/wp-content\/uploads\/2025\/10\/OKSO-60k-Puffs-Dual-Flavor-Disposable-Vape-LED-Display.webp",800,800,false],"thumbnail":["https:\/\/vapestornado.com\/wp-content\/uploads\/2025\/10\/OKSO-60k-Puffs-Dual-Flavor-Disposable-Vape-LED-Display-150x150.webp",150,150,true],"medium":["https:\/\/vapestornado.com\/wp-content\/uploads\/2025\/10\/OKSO-60k-Puffs-Dual-Flavor-Disposable-Vape-LED-Display-300x300.webp",300,300,true],"medium_large":["https:\/\/vapestornado.com\/wp-content\/uploads\/2025\/10\/OKSO-60k-Puffs-Dual-Flavor-Disposable-Vape-LED-Display-768x768.webp",768,768,true],"large":["https:\/\/vapestornado.com\/wp-content\/uploads\/2025\/10\/OKSO-60k-Puffs-Dual-Flavor-Disposable-Vape-LED-Display.webp",800,800,false],"1536x1536":["https:\/\/vapestornado.com\/wp-content\/uploads\/2025\/10\/OKSO-60k-Puffs-Dual-Flavor-Disposable-Vape-LED-Display.webp",800,800,false],"2048x2048":["https:\/\/vapestornado.com\/wp-content\/uploads\/2025\/10\/OKSO-60k-Puffs-Dual-Flavor-Disposable-Vape-LED-Display.webp",800,800,false],"trp-custom-language-flag":["https:\/\/vapestornado.com\/wp-content\/uploads\/2025\/10\/OKSO-60k-Puffs-Dual-Flavor-Disposable-Vape-LED-Display-12x12.webp",12,12,true],"woocommerce_thumbnail":["https:\/\/vapestornado.com\/wp-content\/uploads\/2025\/10\/OKSO-60k-Puffs-Dual-Flavor-Disposable-Vape-LED-Display-300x300.webp",300,300,true],"woocommerce_single":["https:\/\/vapestornado.com\/wp-content\/uploads\/2025\/10\/OKSO-60k-Puffs-Dual-Flavor-Disposable-Vape-LED-Display-600x600.webp",600,600,true],"woocommerce_gallery_thumbnail":["https:\/\/vapestornado.com\/wp-content\/uploads\/2025\/10\/OKSO-60k-Puffs-Dual-Flavor-Disposable-Vape-LED-Display-100x100.webp",100,100,true]},"uagb_author_info":{"display_name":"ESAMY","author_link":"https:\/\/vapestornado.com\/hu\/author\/"},"uagb_comment_info":1,"uagb_excerpt":"OKSO 60K Puff Vape \u2013 Dual Flavor LED Disposable vape for EU Market OKSO 60000 Puffs Multy Flavor Rechargeable Vape Wholesale Europe Buy OKSO 60K Dual Flavor Disposable Vape \u2013 650mAh LED Screen Edition Add Amy's whatsapp to get right reply and discount price! WhatsApp: +86 17776015835","_links":{"self":[{"href":"https:\/\/vapestornado.com\/hu\/wp-json\/wp\/v2\/product\/4468","targetHints":{"allow":["GET"]}}],"collection":[{"href":"https:\/\/vapestornado.com\/hu\/wp-json\/wp\/v2\/product"}],"about":[{"href":"https:\/\/vapestornado.com\/hu\/wp-json\/wp\/v2\/types\/product"}],"replies":[{"embeddable":true,"href":"https:\/\/vapestornado.com\/hu\/wp-json\/wp\/v2\/comments?post=4468"}],"wp:featuredmedia":[{"embeddable":true,"href":"https:\/\/vapestornado.com\/hu\/wp-json\/wp\/v2\/media\/4463"}],"wp:attachment":[{"href":"https:\/\/vapestornado.com\/hu\/wp-json\/wp\/v2\/media?parent=4468"}],"wp:term":[{"taxonomy":"product_brand","embeddable":true,"href":"https:\/\/vapestornado.com\/hu\/wp-json\/wp\/v2\/product_brand?post=4468"},{"taxonomy":"product_cat","embeddable":true,"href":"https:\/\/vapestornado.com\/hu\/wp-json\/wp\/v2\/product_cat?post=4468"},{"taxonomy":"product_tag","embeddable":true,"href":"https:\/\/vapestornado.com\/hu\/wp-json\/wp\/v2\/product_tag?post=4468"}],"curies":[{"name":"wp","href":"https:\/\/api.w.org\/{rel}","templated":true}]}}