{"id":4462,"date":"2025-10-28T06:37:23","date_gmt":"2025-10-28T06:37:23","guid":{"rendered":"https:\/\/vapestornado.com\/?post_type=product&#038;p=4462"},"modified":"2025-10-28T07:04:10","modified_gmt":"2025-10-28T07:04:10","slug":"stagbar-nexus-60k-puffs-buy-disposable-vapes-online-wholesale-price","status":"publish","type":"product","link":"https:\/\/vapestornado.com\/hu\/product\/stagbar-nexus-60k-puffs-buy-disposable-vapes-online-wholesale-price\/","title":{"rendered":"STAGBAR NEXUS 60K Puffs eldobhat\u00f3 vape v\u00e1s\u00e1rl\u00e1s online nagykereskedelmi \u00e1ron"},"content":{"rendered":"<h2 data-pm-slice=\"1 1 []\">STAGBAR NEXUS 60K Puffs eldobhat\u00f3 vape v\u00e1s\u00e1rl\u00e1s online nagykereskedelmi \u00e1ron<\/h2>\n<p data-start=\"329\" data-end=\"654\"><strong data-start=\"329\" data-end=\"350\">STAGBAR NEXUS 60K<\/strong> egy \u00faj csillag <strong data-start=\"369\" data-end=\"389\">Egyszer haszn\u00e1latos g\u0151z\u00f6l\u0151<\/strong> kifejlesztve azoknak a vapereknek, akik hossz\u00fa t\u00e1v\u00fa teljes\u00edtm\u00e9nyt \u00e9s modern diz\u00e1jnt v\u00e1rnak. Egy nagy <strong data-start=\"469\" data-end=\"493\">60000 szippant\u00e1s kapacit\u00e1ssal<\/strong>, ez az eszk\u00f6z \u00fajradefini\u00e1lja az \u00e9rt\u00e9ket a <strong data-start=\"530\" data-end=\"559\">vape eldobhat\u00f3 nagykereskedelem<\/strong> piacon\u2014hossz\u00fa t\u00e1v\u00fa haszn\u00e1latot, stabil teljes\u00edtm\u00e9nyt \u00e9s pr\u00e9mium \u00edzmin\u0151s\u00e9get k\u00edn\u00e1l minden szippant\u00e1sn\u00e1l.<\/p>\n<p data-start=\"656\" data-end=\"1059\">K\u00e9nyelemre \u00e9s praktikumra tervezve, a <strong data-start=\"698\" data-end=\"721\">STAGBAR NEXUS 60000<\/strong> tartalmaz egy <strong data-start=\"733\" data-end=\"751\">dupla h\u00e1l\u00f3s tekercs<\/strong> biztos\u00edtja a gazdag \u00edzt \u00e9s a vastag vaport, mik\u00f6zben a <strong data-start=\"803\" data-end=\"832\">\u00e1ll\u00edthat\u00f3 l\u00e9g\u00e1raml\u00e1si rendszer<\/strong> lehet\u0151v\u00e9 teszi, hogy minden szippant\u00e1st testre szabj, a szoros MTL-t\u0151l a nyitott DTL-ig. Egy <strong data-start=\"892\" data-end=\"913\">okos LED kijelz\u0151<\/strong> \u00e9rtes\u00edt a folyad\u00e9k- \u00e9s az akkumul\u00e1tor szintekr\u0151l, \u00e9s a <strong data-start=\"973\" data-end=\"1011\">850mAh Type-C \u00fajrat\u00f6lthet\u0151 akkumul\u00e1tor<\/strong> \u00e1lland\u00f3 teljes\u00edtm\u00e9nyt ny\u00fajt gyors t\u00f6lt\u00e9ssel.<\/p>\n<p data-start=\"1061\" data-end=\"1301\">A Stagbar Vapes most megh\u00f3d\u00edtja az EU piacot, k\u00fcl\u00f6n\u00f6sen a Spanyol Piacot, \u00e9s a vaperek \u00e1ltal legn\u00e9pszer\u0171bb \u00e9s legjobb elad\u00e1si modellekk\u00e9 v\u00e1lnak. Vaper \u00e9s forgalmaz\u00f3k\u00e9nt, akik <strong data-start=\"1100\" data-end=\"1131\">eldobhat\u00f3 vape-t szeretn\u00e9nek v\u00e1s\u00e1rolni online<\/strong> megb\u00edzhat\u00f3 min\u0151s\u00e9ggel, eleg\u00e1ns st\u00edlussal, \u00e9s <strong data-start=\"1172\" data-end=\"1189\">gyors sz\u00e1ll\u00edt\u00e1st<\/strong> eg\u00e9sz Eur\u00f3p\u00e1ban, <strong data-start=\"1205\" data-end=\"1226\">STAGBAR NEXUS 60K<\/strong> ide\u00e1lis mind kiskereskedelmi, mind nagykereskedelmi v\u00e1s\u00e1rl\u00f3k sz\u00e1m\u00e1ra.<\/p>\n<p data-start=\"1061\" data-end=\"1301\">Most a STAGBAR NEXUS 60K Puffs eldobhat\u00f3 vape podok el\u00e9rhet\u0151ek az EU rakt\u00e1rban, \u00e9s csak 3-7 munkanapot vesz ig\u00e9nybe a gyors sz\u00e1ll\u00edt\u00e1s!<\/p>\n<p><strong><span style=\"color: #ff0000;\">Adja hozz\u00e1 Amy-t WhatsApp-on, hogy azonnali v\u00e1laszt \u00e9s vape kupont kapjon!<\/span><\/strong><\/p>\n<p><img fetchpriority=\"high\" decoding=\"async\" class=\"size-full wp-image-2932\" src=\"https:\/\/vapestornado.com\/wp-content\/uploads\/2024\/12\/Vape-Wholesale.jpg\" alt=\"Vape nagykereskedelem\" width=\"229\" height=\"300\" \/><\/p>\n<h3><a href=\"https:\/\/wa.me\/8617776015835\" target=\"_blank\" rel=\"noopener\"><span style=\"color: #ff0000;\"><strong>WhatsApp: +86 17776015835<\/strong><\/span><\/a><\/h3>\n<p>&nbsp;<\/p>\n<h2><strong>STAGBAR NEXUS 60K Puff term\u00e9kjellemz\u0151k<\/strong><\/h2>\n<ul>\n<li data-start=\"1329\" data-end=\"1383\">\n<p data-start=\"1331\" data-end=\"1383\"><strong data-start=\"1331\" data-end=\"1353\">Ak\u00e1r 60 000 sz\u00edv\u00e1s<\/strong> rendk\u00edv\u00fcl hossz\u00fa t\u00e1v\u00fa haszn\u00e1latra.<\/p>\n<\/li>\n<li data-start=\"1384\" data-end=\"1452\">\n<p data-start=\"1386\" data-end=\"1452\"><strong data-start=\"1386\" data-end=\"1411\">Du\u00e1l h\u00e1l\u00f3s tekercs (0,9\u03a9)<\/strong> az intenz\u00edvebb \u00edz \u00e9s g\u0151znyom\u00e1s \u00e9rdek\u00e9ben.<\/p>\n<\/li>\n<li data-start=\"1453\" data-end=\"1514\">\n<p data-start=\"1455\" data-end=\"1514\"><strong data-start=\"1455\" data-end=\"1481\">50 ml E-Liquid kapacit\u00e1s<\/strong> pr\u00e9mium kever\u00e9kekkel el\u0151re t\u00f6ltve.<\/p>\n<\/li>\n<li data-start=\"1515\" data-end=\"1577\">\n<p data-start=\"1517\" data-end=\"1577\"><strong data-start=\"1517\" data-end=\"1548\">850mAh \u00dajrat\u00f6lthet\u0151 Akkumul\u00e1tor<\/strong> Type-C gyors t\u00f6lt\u00e9ssel.<\/p>\n<\/li>\n<li data-start=\"1578\" data-end=\"1643\">\n<p data-start=\"1580\" data-end=\"1643\"><strong data-start=\"1580\" data-end=\"1610\">\u00c1ll\u00edthat\u00f3 l\u00e9g\u00e1raml\u00e1s szab\u00e1lyoz\u00e1s<\/strong> szem\u00e9lyre szabott vaping st\u00edlushoz.<\/p>\n<\/li>\n<li data-start=\"1644\" data-end=\"1716\">\n<p data-start=\"1646\" data-end=\"1716\"><strong data-start=\"1646\" data-end=\"1668\">LED kijelz\u0151<\/strong> val\u00f3s idej\u0171 teljes\u00edtm\u00e9ny \u00e9s e-liquid szintek mutat\u00e1sa.<\/p>\n<\/li>\n<li data-start=\"1717\" data-end=\"1777\">\n<p data-start=\"1719\" data-end=\"1777\"><strong data-start=\"1719\" data-end=\"1742\">2% &amp; 5% nikotin opci\u00f3k<\/strong> rugalmas piaci preferenci\u00e1khoz.<\/p>\n<\/li>\n<\/ul>\n<figure id=\"attachment_4456\" aria-describedby=\"caption-attachment-4456\" style=\"width: 800px\" class=\"wp-caption alignnone\"><img decoding=\"async\" class=\"wp-image-4456 size-full\" src=\"https:\/\/vapestornado.com\/wp-content\/uploads\/2025\/10\/Stagbar-Nexus-60000-60K-Puffs-Disposable-Vape-Box.webp\" alt=\"Stagbar Nexus 60000 60K Sz\u00edv\u00e1s eldobhat\u00f3 vape doboz\" width=\"800\" height=\"800\" srcset=\"https:\/\/vapestornado.com\/wp-content\/uploads\/2025\/10\/Stagbar-Nexus-60000-60K-Puffs-Disposable-Vape-Box.webp 800w, https:\/\/vapestornado.com\/wp-content\/uploads\/2025\/10\/Stagbar-Nexus-60000-60K-Puffs-Disposable-Vape-Box-300x300.webp 300w, https:\/\/vapestornado.com\/wp-content\/uploads\/2025\/10\/Stagbar-Nexus-60000-60K-Puffs-Disposable-Vape-Box-150x150.webp 150w, https:\/\/vapestornado.com\/wp-content\/uploads\/2025\/10\/Stagbar-Nexus-60000-60K-Puffs-Disposable-Vape-Box-768x768.webp 768w, https:\/\/vapestornado.com\/wp-content\/uploads\/2025\/10\/Stagbar-Nexus-60000-60K-Puffs-Disposable-Vape-Box-12x12.webp 12w, https:\/\/vapestornado.com\/wp-content\/uploads\/2025\/10\/Stagbar-Nexus-60000-60K-Puffs-Disposable-Vape-Box-600x600.webp 600w, https:\/\/vapestornado.com\/wp-content\/uploads\/2025\/10\/Stagbar-Nexus-60000-60K-Puffs-Disposable-Vape-Box-100x100.webp 100w\" sizes=\"(max-width: 800px) 100vw, 800px\" \/><figcaption id=\"caption-attachment-4456\" class=\"wp-caption-text\">Stagbar Nexus 60000 60K Sz\u00edv\u00e1s eldobhat\u00f3 vape doboz<\/figcaption><\/figure>\n<h2 class=\"product-title\"><strong>STAGBAR NEXUS 60K Sz\u00edv\u00e1s Vape \u00cdzlista<\/strong><\/h2>\n<ol data-start=\"1828\" data-end=\"2025\">\n<li data-start=\"1828\" data-end=\"1847\">\n<p data-start=\"1831\" data-end=\"1847\">G\u00f6r\u00f6gdinnye J\u00e9g<\/p>\n<\/li>\n<li data-start=\"1848\" data-end=\"1876\">\n<p data-start=\"1851\" data-end=\"1876\">\u00c1fonya M\u00e1lna J\u00e9g<\/p>\n<\/li>\n<li data-start=\"1877\" data-end=\"1895\">\n<p data-start=\"1880\" data-end=\"1895\">Vegyes Bogy\u00f3k<\/p>\n<\/li>\n<li data-start=\"1896\" data-end=\"1917\">\n<p data-start=\"1899\" data-end=\"1917\">Eper Sz\u0151l\u0151<\/p>\n<\/li>\n<li data-start=\"1918\" data-end=\"1938\">\n<p data-start=\"1921\" data-end=\"1938\">Eper Kiwi<\/p>\n<\/li>\n<li data-start=\"1939\" data-end=\"1951\">\n<p data-start=\"1942\" data-end=\"1951\">Szeretet 66<\/p>\n<\/li>\n<li data-start=\"1952\" data-end=\"1977\">\n<p data-start=\"1955\" data-end=\"1977\">M\u00e1lna G\u00f6r\u00f6gdinnye<\/p>\n<\/li>\n<li data-start=\"1978\" data-end=\"1993\">\n<p data-start=\"1981\" data-end=\"1993\">Citrom Lime<\/p>\n<\/li>\n<li data-start=\"1994\" data-end=\"2010\">\n<p data-start=\"1997\" data-end=\"2010\">\u0150szibarack mang\u00f3<\/p>\n<\/li>\n<li data-start=\"2011\" data-end=\"2025\">\n<p data-start=\"2015\" data-end=\"2025\">Red Bull<\/p>\n<\/li>\n<\/ol>\n<div class=\"flex-shrink-0 flex flex-col relative items-end\">\n<div class=\"pt-0\">\n<div class=\"gizmo-bot-avatar flex h-8 w-8 items-center justify-center overflow-hidden rounded-full\">\n<div class=\"relative p-1 rounded-sm flex items-center justify-center bg-token-main-surface-primary text-token-text-primary h-8 w-8\">\n<h2 data-start=\"1200\" data-end=\"1487\">Vapes Torn\u00e1d\u00f3 \u2013 Az \u00d6n Nagykereskedelmi Online Vape \u00c1ruh\u00e1za a Legjobb Vape M\u00e1rk\u00e1khoz<\/h2>\n<p data-start=\"1200\" data-end=\"1487\">Vapes Tornado Online Doh\u00e1nybolt megb\u00edzhat\u00f3 hely az <strong data-start=\"66\" data-end=\"94\">pr\u00e9mium eldobhat\u00f3 vape-ek<\/strong> \u00e9s a <strong data-start=\"99\" data-end=\"125\">nagykereskedelmi e-cigarett\u00e1k sz\u00e1m\u00e1ra<\/strong> Eur\u00f3p\u00e1ban. N\u00e9pszer\u0171 vape m\u00e1rk\u00e1kat tartunk rakt\u00e1ron, mint p\u00e9ld\u00e1ul <a href=\"https:\/\/vapestornado.com\/hu\/product\/elf-bar-raya-d3-25000-puffs-best-disposable-vape-wholesale-in-uk\/\">Elf Bar Vape<\/a>, <strong data-start=\"175\" data-end=\"228\"><a href=\"https:\/\/vapestornado.com\/hu\/product\/fumot-randm-tornado-15000-puffs-rechargeable-disposable-vape-wholesale\/\">Fumot Vape<\/a>, <a href=\"https:\/\/vapestornado.com\/hu\/product\/waspe-150k-150000-puff-6-in-1-disposable-vape-pen-cartridge-best-wholesale-price-in-poland\/\">Waspe Vape<\/a>, Vozol Bar Vape, <a href=\"https:\/\/vapestornado.com\/hu\/product-category\/bang-vape\/\">Bang Vape<\/a><\/strong>, \u00e9s sok m\u00e1s \u2013 kiv\u00e9teles min\u0151s\u00e9get, v\u00e1ltozatos \u00edzv\u00e1laszt\u00e9kot \u00e9s innovat\u00edv kialak\u00edt\u00e1sokat k\u00edn\u00e1lva. Legyen \u00d6n szem\u00e9lyes felhaszn\u00e1l\u00f3 vagy nagykeresked\u0151, <strong data-start=\"372\" data-end=\"389\">Vapes Tornado<\/strong> magas teljes\u00edtm\u00e9ny\u0171 eszk\u00f6z\u00f6ket, eleg\u00e1ns st\u00edlusokat \u00e9s verhetetlen nagykereskedelmi \u00e1rakat biztos\u00edt, hogy megfeleljen a vapingsz\u00fcks\u00e9gleteinek.<\/p>\n<h2 data-start=\"2064\" data-end=\"2115\">GYIK a STAGBAR NEXUS 60K Puffs \u00fajrat\u00f6lthet\u0151 Vape-r\u0151l<\/h2>\n<p data-start=\"2043\" data-end=\"2212\"><strong data-start=\"2043\" data-end=\"2094\">Q1: Meddig tart a STAGBAR NEXUS 60000?<\/strong><br data-start=\"2094\" data-end=\"2097\" \/>A1: Ak\u00e1r <strong data-start=\"2119\" data-end=\"2135\">60 000 sz\u00edv\u00e1ssal<\/strong>, hossz\u00fa t\u00e1v\u00fa haszn\u00e1latra tervezve \u2013 sokkal hosszabb, mint a hagyom\u00e1nyos eldobhat\u00f3 vapek.<\/p>\n<p data-start=\"2214\" data-end=\"2395\"><strong data-start=\"2214\" data-end=\"2275\">Q2: Felt\u00f6lthetem-e a STAGBAR NEXUS 60K Eldobhat\u00f3 Vape-et?<\/strong><br data-start=\"2275\" data-end=\"2278\" \/>A2: Igen. Ez tartalmaz egy <strong data-start=\"2304\" data-end=\"2342\">850mAh Type-C \u00fajrat\u00f6lthet\u0151 akkumul\u00e1tor<\/strong>, biztos\u00edtva a folyamatos vape-\u00e9lm\u00e9nyt megszak\u00edt\u00e1s n\u00e9lk\u00fcl.<\/p>\n<p data-start=\"2397\" data-end=\"2579\"><strong data-start=\"2397\" data-end=\"2456\">Q3: Szab\u00e1lyozza az STAGBAR 60K az \u00e1raml\u00e1st?<\/strong><br data-start=\"2456\" data-end=\"2459\" \/>A3: Abszol\u00fat. Be\u00e1ll\u00edthatja az \u00e1raml\u00e1st, hogy el\u00e9rje a kedvenc h\u00faz\u00e1si st\u00edlus\u00e1t\u2014a sima MTL-t\u0151l a nagyobb felh\u0151kig.<\/p>\n<p data-start=\"2581\" data-end=\"2765\"><strong data-start=\"2581\" data-end=\"2644\">Q4: Hogyan tudom meg\u00e1llap\u00edtani, mikor fogy el az e-liquid a vape-b\u0151l?<\/strong><br data-start=\"2644\" data-end=\"2647\" \/>A4: A <strong data-start=\"2655\" data-end=\"2670\">LED kijelz\u0151je<\/strong> egy\u00e9rtelm\u0171en jelzi mind a <strong data-start=\"2694\" data-end=\"2725\">akkumul\u00e1tor \u00e9s az e-liquid szintj\u00e9t<\/strong>, \u00edgy soha nem fog meglepet\u00e9s \u00e9rni.<\/p>\n<p data-start=\"2767\" data-end=\"2979\"><strong data-start=\"2767\" data-end=\"2848\">Q5: Hol v\u00e1s\u00e1rolhatok nagykereskedelmi mennyis\u00e9gben STAGBAR NEXUS 60000 eldobhat\u00f3 vape-ket Magyarorsz\u00e1gon?<\/strong><br data-start=\"2848\" data-end=\"2851\" \/>A5: V\u00e1s\u00e1rolhat <strong data-start=\"2863\" data-end=\"2894\">eldobhat\u00f3 vape-t szeretn\u00e9nek v\u00e1s\u00e1rolni online<\/strong> megb\u00edzhat\u00f3 EU-alap\u00fa forgalmaz\u00f3kt\u00f3l, akik <strong data-start=\"2937\" data-end=\"2976\">gyors sz\u00e1ll\u00edt\u00e1st \u00e9s nagykereskedelmi \u00e1rakat k\u00edn\u00e1lnak<\/strong>.<\/p>\n<\/div>\n<\/div>\n<\/div>\n<\/div>","protected":false},"excerpt":{"rendered":"<p>STAGBAR NEXUS 60K Egyszer haszn\u00e1latos Vape Nagykeresked\u00e9s \u2013 V\u00e1s\u00e1rl\u00e1s Online Gyors EU Sz\u00e1ll\u00edt\u00e1ssal<\/p>\n<p>STAGBAR NEXUS 60000 Puffos Vape \u2013 \u00dajrat\u00f6lthet\u0151 Egyszer haszn\u00e1latos P\u00e1rologtat\u00f3 Eur\u00f3p\u00e1nak<\/p>\n<p>V\u00e1s\u00e1roljon STAGBAR NEXUS 60K Puffos Egyszer haszn\u00e1latos Vape Online \u2013 Nagykereskedelmi \u00c1r &amp; Gyors Sz\u00e1ll\u00edt\u00e1s<\/p>\n<p><strong>Add hozz\u00e1 Amy whatsappj\u00e1t, hogy azonnali v\u00e1laszt \u00e9s kedvezm\u00e9nyes \u00e1rat kapj!<\/strong><\/p>\n<p><img fetchpriority=\"high\" decoding=\"async\" class=\"size-full wp-image-2932\" src=\"https:\/\/vapestornado.com\/wp-content\/uploads\/2024\/12\/Vape-Wholesale.jpg\" alt=\"Vape nagykereskedelem\" width=\"229\" height=\"300\" \/><\/p>\n<h3><a href=\"https:\/\/wa.me\/8617776015835\"><span style=\"color: #ff0000;\"><strong>WhatsApp: +86 17776015835<\/strong><\/span><\/a><\/h3>","protected":false},"featured_media":4460,"comment_status":"open","ping_status":"closed","template":"","meta":{"_acf_changed":false,"_uag_custom_page_level_css":"","_lmt_disableupdate":"no","_lmt_disable":"","_monsterinsights_skip_tracking":false,"_monsterinsights_sitenote_active":false,"_monsterinsights_sitenote_note":"","_monsterinsights_sitenote_category":0,"site-sidebar-layout":"default","site-content-layout":"","ast-site-content-layout":"default","site-content-style":"default","site-sidebar-style":"default","ast-global-header-display":"","ast-banner-title-visibility":"","ast-main-header-display":"","ast-hfb-above-header-display":"","ast-hfb-below-header-display":"","ast-hfb-mobile-header-display":"","site-post-title":"","ast-breadcrumbs-content":"","ast-featured-img":"","footer-sml-layout":"","ast-disable-related-posts":"","theme-transparent-header-meta":"default","adv-header-id-meta":"","stick-header-meta":"","header-above-stick-meta":"","header-main-stick-meta":"","header-below-stick-meta":"","astra-migrate-meta-layouts":"set","ast-page-background-enabled":"default","ast-page-background-meta":{"desktop":{"background-color":"","background-image":"","background-repeat":"repeat","background-position":"center center","background-size":"auto","background-attachment":"scroll","background-type":"","background-media":"","overlay-type":"","overlay-color":"","overlay-opacity":"","overlay-gradient":""},"tablet":{"background-color":"","background-image":"","background-repeat":"repeat","background-position":"center center","background-size":"auto","background-attachment":"scroll","background-type":"","background-media":"","overlay-type":"","overlay-color":"","overlay-opacity":"","overlay-gradient":""},"mobile":{"background-color":"","background-image":"","background-repeat":"repeat","background-position":"center center","background-size":"auto","background-attachment":"scroll","background-type":"","background-media":"","overlay-type":"","overlay-color":"","overlay-opacity":"","overlay-gradient":""}},"ast-content-background-meta":{"desktop":{"background-color":"var(--ast-global-color-5)","background-image":"","background-repeat":"repeat","background-position":"center center","background-size":"auto","background-attachment":"scroll","background-type":"","background-media":"","overlay-type":"","overlay-color":"","overlay-opacity":"","overlay-gradient":""},"tablet":{"background-color":"var(--ast-global-color-5)","background-image":"","background-repeat":"repeat","background-position":"center center","background-size":"auto","background-attachment":"scroll","background-type":"","background-media":"","overlay-type":"","overlay-color":"","overlay-opacity":"","overlay-gradient":""},"mobile":{"background-color":"var(--ast-global-color-5)","background-image":"","background-repeat":"repeat","background-position":"center center","background-size":"auto","background-attachment":"scroll","background-type":"","background-media":"","overlay-type":"","overlay-color":"","overlay-opacity":"","overlay-gradient":""}},"_joinchat":[]},"product_brand":[],"product_cat":[343,152,156,158,143,357,146],"product_tag":[403,406,390,405,397,404],"class_list":{"0":"post-4462","1":"product","2":"type-product","3":"status-publish","4":"has-post-thumbnail","6":"product_cat-60000-puff","7":"product_cat-buy-disposable-vapes-in-cermany","8":"product_cat-buy-disposable-vapes-in-poland","9":"product_cat-buy-disposable-vapes-in-spain","10":"product_cat-dual-mesh-disposable-vapes","11":"product_cat-flavor-adjustable-vape","12":"product_cat-rechargeable-disposable-vapes","13":"product_tag-disposable-vape-box","14":"product_tag-disposable-vape-fast-shipping","15":"product_tag-online-vape-shop","16":"product_tag-stagbar-nexus-60k","17":"product_tag-vapor","18":"product_tag-wholesale-online-vape-store","19":"desktop-align-left","20":"tablet-align-left","21":"mobile-align-left","23":"first","24":"instock","25":"sale","26":"shipping-taxable","27":"purchasable","28":"product-type-simple"},"acf":[],"uagb_featured_image_src":{"full":["https:\/\/vapestornado.com\/wp-content\/uploads\/2025\/10\/Stagbar-Nexus-60000-60K-Puffs-Disposable-Vape-1.webp",800,800,false],"thumbnail":["https:\/\/vapestornado.com\/wp-content\/uploads\/2025\/10\/Stagbar-Nexus-60000-60K-Puffs-Disposable-Vape-1-150x150.webp",150,150,true],"medium":["https:\/\/vapestornado.com\/wp-content\/uploads\/2025\/10\/Stagbar-Nexus-60000-60K-Puffs-Disposable-Vape-1-300x300.webp",300,300,true],"medium_large":["https:\/\/vapestornado.com\/wp-content\/uploads\/2025\/10\/Stagbar-Nexus-60000-60K-Puffs-Disposable-Vape-1-768x768.webp",768,768,true],"large":["https:\/\/vapestornado.com\/wp-content\/uploads\/2025\/10\/Stagbar-Nexus-60000-60K-Puffs-Disposable-Vape-1.webp",800,800,false],"1536x1536":["https:\/\/vapestornado.com\/wp-content\/uploads\/2025\/10\/Stagbar-Nexus-60000-60K-Puffs-Disposable-Vape-1.webp",800,800,false],"2048x2048":["https:\/\/vapestornado.com\/wp-content\/uploads\/2025\/10\/Stagbar-Nexus-60000-60K-Puffs-Disposable-Vape-1.webp",800,800,false],"trp-custom-language-flag":["https:\/\/vapestornado.com\/wp-content\/uploads\/2025\/10\/Stagbar-Nexus-60000-60K-Puffs-Disposable-Vape-1-12x12.webp",12,12,true],"woocommerce_thumbnail":["https:\/\/vapestornado.com\/wp-content\/uploads\/2025\/10\/Stagbar-Nexus-60000-60K-Puffs-Disposable-Vape-1-300x300.webp",300,300,true],"woocommerce_single":["https:\/\/vapestornado.com\/wp-content\/uploads\/2025\/10\/Stagbar-Nexus-60000-60K-Puffs-Disposable-Vape-1-600x600.webp",600,600,true],"woocommerce_gallery_thumbnail":["https:\/\/vapestornado.com\/wp-content\/uploads\/2025\/10\/Stagbar-Nexus-60000-60K-Puffs-Disposable-Vape-1-100x100.webp",100,100,true]},"uagb_author_info":{"display_name":"ESAMY","author_link":"https:\/\/vapestornado.com\/hu\/author\/"},"uagb_comment_info":1,"uagb_excerpt":"STAGBAR NEXUS 60K Disposable Vape Wholesale \u2013 Buy Online with Fast EU Shipping STAGBAR NEXUS 60000 Puffs Vape \u2013 Rechargeable Disposable Vapor for Europe Buy STAGBAR NEXUS 60K Puffs Disposable Vape Online \u2013 Wholesale Price &amp; Fast Delivery Add Amy's whatsapp to get right reply and discount price! WhatsApp: +86 17776015835","_links":{"self":[{"href":"https:\/\/vapestornado.com\/hu\/wp-json\/wp\/v2\/product\/4462","targetHints":{"allow":["GET"]}}],"collection":[{"href":"https:\/\/vapestornado.com\/hu\/wp-json\/wp\/v2\/product"}],"about":[{"href":"https:\/\/vapestornado.com\/hu\/wp-json\/wp\/v2\/types\/product"}],"replies":[{"embeddable":true,"href":"https:\/\/vapestornado.com\/hu\/wp-json\/wp\/v2\/comments?post=4462"}],"wp:featuredmedia":[{"embeddable":true,"href":"https:\/\/vapestornado.com\/hu\/wp-json\/wp\/v2\/media\/4460"}],"wp:attachment":[{"href":"https:\/\/vapestornado.com\/hu\/wp-json\/wp\/v2\/media?parent=4462"}],"wp:term":[{"taxonomy":"product_brand","embeddable":true,"href":"https:\/\/vapestornado.com\/hu\/wp-json\/wp\/v2\/product_brand?post=4462"},{"taxonomy":"product_cat","embeddable":true,"href":"https:\/\/vapestornado.com\/hu\/wp-json\/wp\/v2\/product_cat?post=4462"},{"taxonomy":"product_tag","embeddable":true,"href":"https:\/\/vapestornado.com\/hu\/wp-json\/wp\/v2\/product_tag?post=4462"}],"curies":[{"name":"wp","href":"https:\/\/api.w.org\/{rel}","templated":true}]}}