{"id":4446,"date":"2025-10-22T08:01:53","date_gmt":"2025-10-22T08:01:53","guid":{"rendered":"https:\/\/vapestornado.com\/?post_type=product&#038;p=4446"},"modified":"2025-12-12T09:47:39","modified_gmt":"2025-12-12T09:47:39","slug":"stagbar-king-40000-40k-puff-rechargeable-disposable-vape-shop-online","status":"publish","type":"product","link":"https:\/\/vapestornado.com\/hu\/product\/stagbar-king-40000-40k-puff-rechargeable-disposable-vape-shop-online\/","title":{"rendered":"Stagbar King 40000 40K Puff \u00fajrat\u00f6lthet\u0151 egyszer haszn\u00e1latos vape bolt online"},"content":{"rendered":"<h2 data-pm-slice=\"1 1 []\">Stagbar King 40000 Puff \u00dajrat\u00f6lthet\u0151 Egyszer haszn\u00e1latos Vape \u2013 Hossz\u00fa \u00c9lettartam\u00fa Energia &amp; EU Rakt\u00e1r Gyors Sz\u00e1ll\u00edt\u00e1s<\/h2>\n<p data-start=\"1208\" data-end=\"1450\"><strong data-start=\"119\" data-end=\"141\">Stagbar King 40000<\/strong> hossz\u00fa napi haszn\u00e1latra k\u00e9sz\u00fclt, egy h\u00faz\u00e1s, amit val\u00f3ban hangolhatsz. Ez sz\u00e1ll\u00edt <strong data-start=\"217\" data-end=\"239\">ak\u00e1r 40 000 szippant\u00e1sig<\/strong>, fut egy <strong data-start=\"248\" data-end=\"266\">1.0\u03a9 mesh tekercs<\/strong> az \u00edz simas\u00e1ga \u00e9s a stabil g\u0151z \u00e9rdek\u00e9ben, \u00e9s hozz\u00e1ad <strong data-start=\"314\" data-end=\"336\">szab\u00e1lyozhat\u00f3 l\u00e9g\u00e1raml\u00e1ssal<\/strong> \u00edgy ugyanaz az eszk\u00f6z lehet szoros, mint MTL vagy nyitott \u00e9s l\u00e9gies nagyobb felh\u0151k sz\u00e1m\u00e1ra. <strong data-start=\"416\" data-end=\"435\">\u00e9s a Type-C t\u00f6lt\u00e9s<\/strong> r\u00f6vid\u00edti a le\u00e1ll\u00e1si id\u0151t, ami a k\u00fcl\u00f6nbs\u00e9g az eszk\u00f6z befejez\u00e9se \u00e9s korai kidob\u00e1sa k\u00f6z\u00f6tt. V\u00e1s\u00e1rl\u00f3knak, akik \u00f6sszehasonl\u00edtj\u00e1k <strong data-start=\"560\" data-end=\"586\">vaper \u00fajrat\u00f6lthet\u0151 \u00e1r\u00e1t<\/strong> Eur\u00f3p\u00e1ban a Stagbar King 40K az \u00e9rt\u00e9kz\u00f3n\u00e1ban helyezkedik el an\u00e9lk\u00fcl, hogy olcs\u00f3nak t\u0171nne a k\u00e9zben.<\/p>\n<h3 data-start=\"905\" data-end=\"956\">Mi\u00e9rt az okosabb hossz\u00fa t\u00e1v\u00fa v\u00e1laszt\u00e1s a Stagbar King 40k eldobhat\u00f3?<\/h3>\n<ul data-start=\"958\" data-end=\"2345\">\n<li data-start=\"958\" data-end=\"1255\">\n<p data-start=\"960\" data-end=\"1255\"><strong data-start=\"960\" data-end=\"1010\">40K \u00e9lettartam, ami \u00e9rtelmes a rendszeres haszn\u00e1lathoz.<\/strong> A <strong data-start=\"1015\" data-end=\"1037\">Stagbar King 40000<\/strong> er\u0151s rutinhoz \u00e9s hossz\u00fa hetekhez lett tervezve. Olyan piacokon, mint <strong data-start=\"1101\" data-end=\"1156\">N\u00e9metorsz\u00e1g, Spanyolorsz\u00e1g, Lengyelorsz\u00e1g, Franciaorsz\u00e1g \u00e9s Hollandia<\/strong>, ez a magas kapacit\u00e1s\u00fa egys\u00e9g cs\u00f6kkenti az ism\u00e9telt v\u00e1s\u00e1rl\u00e1st \u00e9s megsz\u00fcnteti az \u201emindig kifogyott vapek\u201d probl\u00e9m\u00e1t.<\/p>\n<\/li>\n<li data-start=\"1257\" data-end=\"1554\">\n<p data-start=\"1259\" data-end=\"1554\"><strong data-start=\"1259\" data-end=\"1316\">\u00c1ll\u00edthat\u00f3 l\u00e9g\u00e1raml\u00e1s, ami megv\u00e1ltoztatja, hogyan \u00e9rzi mag\u00e1t az eszk\u00f6z.<\/strong> A <strong data-start=\"1321\" data-end=\"1371\">Stagbar King 40K \u00e1ll\u00edthat\u00f3 l\u00e9g\u00e1raml\u00e1s\u00fa eldobhat\u00f3<\/strong> szorosra lehet \u00e1ll\u00edtani cigaretta-st\u00edlus\u00fa h\u00faz\u00e1sra vagy laz\u00e1bbra nyitni, nagyobb felh\u0151kh\u00f6z. Ez egy praktikus funkci\u00f3, nem gimmick\u2014egy eszk\u00f6z t\u00f6bb helyzetet fed le a nap folyam\u00e1n.<\/p>\n<\/li>\n<li data-start=\"1556\" data-end=\"1776\">\n<p data-start=\"1558\" data-end=\"1776\"><strong data-start=\"1558\" data-end=\"1597\">A h\u00e1l\u00f3s tekercs teljes\u00edtm\u00e9nye sim\u00e1n marad.<\/strong> A <strong data-start=\"1602\" data-end=\"1620\">1.0\u03a9 mesh tekercs<\/strong> egyenletes hev\u00edt\u00e9sre lett tervezve, ami seg\u00edt meg\u0151rizni az \u00edzt hossz\u00fa haszn\u00e1lat sor\u00e1n, \u00e9s elker\u00fcli a sok puffot k\u00f6vet\u0151 \u00e9les, sz\u00e1raz v\u00e9gs\u0151 \u00edzt, amit sok magas puffsz\u00e1m\u00fa eszk\u00f6z kialak\u00edt.<\/p>\n<\/li>\n<li data-start=\"1778\" data-end=\"2075\">\n<p data-start=\"1780\" data-end=\"2075\"><strong data-start=\"1780\" data-end=\"1829\">\u00dajrat\u00f6lthet\u0151 k\u00e9nyelem, ami v\u00e9di az \u00e9rt\u00e9ket.<\/strong> A <strong data-start=\"1835\" data-end=\"1854\">\u00e9s a Type-C t\u00f6lt\u00e9s<\/strong>, a <strong data-start=\"1860\" data-end=\"1906\">Stagbar King 40000 \u00fajrat\u00f6lthet\u0151 eldobhat\u00f3<\/strong> gyorsan felt\u00f6lthet\u0151. Ez fontos, amikor figyelsz arra, hogy <strong data-start=\"1978\" data-end=\"2004\">vaper \u00fajrat\u00f6lthet\u0151 \u00e1r\u00e1t<\/strong>\u2014egy eszk\u00f6znek addig kell tartania, am\u00edg ki nem haszn\u00e1lod, nem am\u00edg az akkumul\u00e1tor le\u00e1ll.<\/p>\n<\/li>\n<li data-start=\"2077\" data-end=\"2345\">\n<p data-start=\"2079\" data-end=\"2345\"><strong data-start=\"2079\" data-end=\"2126\">Tiszta alternat\u00edva a folyamatos pod rendszerekhez.<\/strong> N\u00e9h\u00e1ny felhaszn\u00e1l\u00f3 el\u0151nyben r\u00e9szes\u00edti <strong data-start=\"2145\" data-end=\"2161\">stagbar podokat<\/strong> vagy m\u00e1s pod platformokat a t\u00f6lt\u00e9s k\u00e9nyelme \u00e9rdek\u00e9ben, de nem szeretn\u00e9k kezelni a felt\u00f6lt\u00e9seket \u00e9s alkatr\u00e9szeket. A Stagbar King 40K meg\u0151rzi az egyszer\u0171 \u201enyit \u00e9s vaporiz\u00e1l\u201d munkafolyamatot, mik\u00f6zben \u00fajrat\u00f6lthet\u0151 marad.<\/p>\n<\/li>\n<\/ul>\n<p><strong><span style=\"color: #ff0000;\">Adja hozz\u00e1 Amy-t WhatsApp-on, hogy azonnali v\u00e1laszt \u00e9s vape kupont kapjon!<\/span><\/strong><\/p>\n<p><img fetchpriority=\"high\" decoding=\"async\" class=\"size-full wp-image-2932\" src=\"https:\/\/vapestornado.com\/wp-content\/uploads\/2024\/12\/Vape-Wholesale.jpg\" alt=\"Vape nagykereskedelem\" width=\"229\" height=\"300\" \/><\/p>\n<h3><a href=\"https:\/\/wa.me\/8617776015835\" target=\"_blank\" rel=\"noopener\"><span style=\"color: #ff0000;\"><strong>WhatsApp: +86 17776015835<\/strong><\/span><\/a><\/h3>\n<p>&nbsp;<\/p>\n<h2><strong>Stagbar King 40000 Puff Term\u00e9kjellemz\u0151k<\/strong><\/h2>\n<table>\n<thead>\n<tr>\n<th>Jellemz\u0151k<\/th>\n<th>specifik\u00e1ci\u00f3<\/th>\n<th>R\u00e9szletek<\/th>\n<\/tr>\n<\/thead>\n<tbody>\n<tr>\n<td>Term\u00e9k neve<\/td>\n<td>Stagbar King 40000 \/ Stagbar King 40K<\/td>\n<td>Nagy kapacit\u00e1s\u00fa \u00fajrat\u00f6lthet\u0151 eldobhat\u00f3 vape<\/td>\n<\/tr>\n<tr>\n<td>Slukkkapacit\u00e1s<\/td>\n<td>Ak\u00e1r 40 000 puff<\/td>\n<td>Hosszabb napi haszn\u00e1latra \u00e9s kevesebb cser\u00e9re tervezve<\/td>\n<\/tr>\n<tr>\n<td>Tekercs t\u00edpusa<\/td>\n<td>1.0\u03a9 mesh tekercs<\/td>\n<td>Egyenletes hev\u00edt\u00e9s a sima g\u0151z \u00e9s stabil \u00edz \u00e9rdek\u00e9ben<\/td>\n<\/tr>\n<tr>\n<td>Leveg\u0151\u00e1raml\u00e1s<\/td>\n<td>\u00c1ll\u00edthat\u00f3 l\u00e9g\u00e1raml\u00e1si rendszer<\/td>\n<td>\u00c1tv\u00e1lt\u00e1s szorosabb MTL \u00e9s szell\u0151sebb DTL h\u00faz\u00e1sok k\u00f6z\u00f6tt<\/td>\n<\/tr>\n<tr>\n<td>T\u00f6lt\u00e9s<\/td>\n<td>Type-C \u00fajrat\u00f6lthet\u0151<\/td>\n<td>Gyors felt\u00f6lt\u0151 t\u00f6lt\u00e9s a le\u00e1ll\u00e1si id\u0151 cs\u00f6kkent\u00e9se \u00e9rdek\u00e9ben<\/td>\n<\/tr>\n<tr>\n<td>\u00cdzv\u00e1laszt\u00e9k<\/td>\n<td>T\u00f6bb mint 10 \u00edz<\/td>\n<td>Tartalmaz profilokat, mint p\u00e9ld\u00e1ul Red Bull, Vegyes Bogy\u00f3k, Sex On The Beach, \u00c1fonya M\u00e1lna<\/td>\n<\/tr>\n<tr>\n<td>Poz\u00edcion\u00e1l\u00e1s<\/td>\n<td>Kiskereskedelem + nagykereskedelem<\/td>\n<td>Er\u0151sen alkalmas elektromos cigaretta bolt \u00e9s online nagykereskedelmi rendel\u00e9sek sz\u00e1m\u00e1ra<\/td>\n<\/tr>\n<tr>\n<td>Felhaszn\u00e1l\u00f3i profil<\/td>\n<td>Feln\u0151tt felhaszn\u00e1l\u00f3k<\/td>\n<td>Feln\u0151tt vaperek sz\u00e1m\u00e1ra tervezt\u00e9k, akik hossz\u00fa \u00e9lettartamot \u00e9s kontrollt szeretn\u00e9nek<\/td>\n<\/tr>\n<\/tbody>\n<\/table>\n<h2 class=\"product-title\"><strong>Stagbar King 40000 Puff Vape \u00cdzlista<\/strong><\/h2>\n<p>1.Coco loco<br \/>\n2.Sex a strandon<br \/>\n3.Citrom Lime<br \/>\n4.Red Bull<br \/>\n5.G\u00f6r\u00f6gdinnye J\u00e9g<br \/>\n6.Kevert Bogy\u00f3k<br \/>\n7. Eper kiwi<br \/>\n8.Ban\u00e1nz J\u00e9g<br \/>\n9.\u00c1fonya M\u00e1lna<br \/>\n10.Eper Sz\u0151l\u0151<\/p>\n<p>&nbsp;<\/p>\n<figure id=\"attachment_4442\" aria-describedby=\"caption-attachment-4442\" style=\"width: 300px\" class=\"wp-caption alignnone\"><img decoding=\"async\" class=\"size-medium wp-image-4442\" src=\"https:\/\/vapestornado.com\/wp-content\/uploads\/2025\/10\/Stagbar-King-40000-40K-Puff-Disposable-E-Vape-300x300.webp\" alt=\"Stagbar King 40000 40K Puff Eldobhat\u00f3 E Vape\" width=\"300\" height=\"300\" srcset=\"https:\/\/vapestornado.com\/wp-content\/uploads\/2025\/10\/Stagbar-King-40000-40K-Puff-Disposable-E-Vape-300x300.webp 300w, https:\/\/vapestornado.com\/wp-content\/uploads\/2025\/10\/Stagbar-King-40000-40K-Puff-Disposable-E-Vape-150x150.webp 150w, https:\/\/vapestornado.com\/wp-content\/uploads\/2025\/10\/Stagbar-King-40000-40K-Puff-Disposable-E-Vape-768x768.webp 768w, https:\/\/vapestornado.com\/wp-content\/uploads\/2025\/10\/Stagbar-King-40000-40K-Puff-Disposable-E-Vape-12x12.webp 12w, https:\/\/vapestornado.com\/wp-content\/uploads\/2025\/10\/Stagbar-King-40000-40K-Puff-Disposable-E-Vape-600x600.webp 600w, https:\/\/vapestornado.com\/wp-content\/uploads\/2025\/10\/Stagbar-King-40000-40K-Puff-Disposable-E-Vape-100x100.webp 100w, https:\/\/vapestornado.com\/wp-content\/uploads\/2025\/10\/Stagbar-King-40000-40K-Puff-Disposable-E-Vape.webp 800w\" sizes=\"(max-width: 300px) 100vw, 300px\" \/><figcaption id=\"caption-attachment-4442\" class=\"wp-caption-text\">Stagbar King 40000 40K Puff Eldobhat\u00f3 E Vape<\/figcaption><\/figure>\n<figure id=\"attachment_4441\" aria-describedby=\"caption-attachment-4441\" style=\"width: 300px\" class=\"wp-caption alignnone\"><img decoding=\"async\" class=\"size-medium wp-image-4441\" src=\"https:\/\/vapestornado.com\/wp-content\/uploads\/2025\/10\/Stagbar-King-40K-Puff-Disposable-Vape-Bulk-Buy-300x300.webp\" alt=\"Stagbar King 40K Puff Eldobhat\u00f3 Vape Nagykereskedelmi v\u00e1s\u00e1rl\u00e1s\" width=\"300\" height=\"300\" srcset=\"https:\/\/vapestornado.com\/wp-content\/uploads\/2025\/10\/Stagbar-King-40K-Puff-Disposable-Vape-Bulk-Buy-300x300.webp 300w, https:\/\/vapestornado.com\/wp-content\/uploads\/2025\/10\/Stagbar-King-40K-Puff-Disposable-Vape-Bulk-Buy-150x150.webp 150w, https:\/\/vapestornado.com\/wp-content\/uploads\/2025\/10\/Stagbar-King-40K-Puff-Disposable-Vape-Bulk-Buy-768x768.webp 768w, https:\/\/vapestornado.com\/wp-content\/uploads\/2025\/10\/Stagbar-King-40K-Puff-Disposable-Vape-Bulk-Buy-12x12.webp 12w, https:\/\/vapestornado.com\/wp-content\/uploads\/2025\/10\/Stagbar-King-40K-Puff-Disposable-Vape-Bulk-Buy-600x600.webp 600w, https:\/\/vapestornado.com\/wp-content\/uploads\/2025\/10\/Stagbar-King-40K-Puff-Disposable-Vape-Bulk-Buy-100x100.webp 100w, https:\/\/vapestornado.com\/wp-content\/uploads\/2025\/10\/Stagbar-King-40K-Puff-Disposable-Vape-Bulk-Buy.webp 800w\" sizes=\"(max-width: 300px) 100vw, 300px\" \/><figcaption id=\"caption-attachment-4441\" class=\"wp-caption-text\">Stagbar King 40K Puff Eldobhat\u00f3 Vape Nagykereskedelmi v\u00e1s\u00e1rl\u00e1s<\/figcaption><\/figure>\n<div class=\"flex-shrink-0 flex flex-col relative items-end\">\n<div class=\"pt-0\">\n<div class=\"gizmo-bot-avatar flex h-8 w-8 items-center justify-center overflow-hidden rounded-full\">\n<div class=\"relative p-1 rounded-sm flex items-center justify-center bg-token-main-surface-primary text-token-text-primary h-8 w-8\">\n<h2 data-start=\"1200\" data-end=\"1487\">Vapes Torn\u00e1d\u00f3 \u2013 Az \u00d6n Nagykereskedelmi Online Vape \u00c1ruh\u00e1za a Legjobb Vape M\u00e1rk\u00e1khoz<\/h2>\n<p data-start=\"1200\" data-end=\"1487\"><strong data-start=\"141\" data-end=\"177\">Vapes Tornado Online Doh\u00e1nybolt<\/strong> az \u00d6n megb\u00edzhat\u00f3 forr\u00e1sa <strong data-start=\"205\" data-end=\"270\">pr\u00e9mium egyszer haszn\u00e1latos vapek \u00e9s nagykereskedelmi e-cigarett\u00e1k sz\u00e1m\u00e1ra Eur\u00f3p\u00e1ban<\/strong>. K\u00edn\u00e1latunkban megtal\u00e1lhat\u00f3k a legkelend\u0151bb m\u00e1rk\u00e1k, mint p\u00e9ld\u00e1ul <strong data-start=\"307\" data-end=\"362\"><a href=\"https:\/\/vapestornado.com\/hu\/product\/randm-12000-puffs-fumot-digital-disposable-vape-wholesale-price\/\">Fumot VAPE<\/a>, <a href=\"https:\/\/vapestornado.com\/hu\/product\/waspe-150k-150000-puff-6-in-1-disposable-vape-pen-cartridge-best-wholesale-price-in-poland\/\">WASPE VAPE<\/a>, <\/strong><strong data-start=\"307\" data-end=\"362\"><a href=\"https:\/\/vapestornado.com\/hu\/product\/vozol-gear-shisha-25k-25000-puffs-best-dtl-disposable-vape-hookah-cheap-price\/\">VOZOL BAR VAPE<\/a>, \u00a0 Bang Vape<\/strong>, \u00e9s m\u00e9g sok m\u00e1s, biztos\u00edtva a min\u0151s\u00e9get \u00e9s a v\u00e1ltozatoss\u00e1got minden v\u00e1s\u00e1rl\u00f3 sz\u00e1m\u00e1ra. Ak\u00e1r egy\u00e9ni vaperek\u00e9nt, ak\u00e1r nagykeresked\u0151k\u00e9nt v\u00e1s\u00e1rolsz, mi sz\u00e1ll\u00edtunk <strong data-start=\"481\" data-end=\"550\">magas teljes\u00edtm\u00e9ny\u0171 eszk\u00f6z\u00f6ket, st\u00edlusos kialak\u00edt\u00e1sokat \u00e9s versenyk\u00e9pes \u00e1rakat<\/strong> az ig\u00e9nyeid kiel\u00e9g\u00edt\u00e9s\u00e9re.<\/p>\n<h2 data-start=\"2064\" data-end=\"2115\">Gyakran Ism\u00e9telt K\u00e9rd\u00e9sek a Stagbar King 40k Puff Szell\u0151z\u00e9s \u00c1ll\u00edthat\u00f3 Vape-r\u0151l<\/h2>\n<ol data-start=\"3233\" data-end=\"4438\">\n<li data-start=\"3233\" data-end=\"3479\">\n<p data-start=\"3236\" data-end=\"3479\"><strong data-start=\"3236\" data-end=\"3335\">Hogyan teljes\u00edt a Stagbar King 40000 40K Puff \u00fajrat\u00f6lthet\u0151 eldobhat\u00f3 k\u00e9sz\u00fcl\u00e9k neh\u00e9z napi felhaszn\u00e1l\u00f3k sz\u00e1m\u00e1ra?<\/strong><br data-start=\"3335\" data-end=\"3338\" \/>Magas puff kapacit\u00e1sa hossz\u00fa rutinokra lett kialak\u00edtva, \u00e9s a Type-C t\u00f6lt\u00e9s meg\u0151rzi a haszn\u00e1lhat\u00f3s\u00e1got az eszk\u00f6z \u00e9lettartama alatt, nem pedig korai v\u00e9gess\u00e9 teszi.<\/p>\n<\/li>\n<li data-start=\"3481\" data-end=\"3705\">\n<p data-start=\"3484\" data-end=\"3705\"><strong data-start=\"3484\" data-end=\"3573\">Milyen k\u00fcl\u00f6nbs\u00e9get jelent az \u00e1ll\u00edthat\u00f3 l\u00e9g\u00e1raml\u00e1s a Stagbar King 40K eldobhat\u00f3 vapeban?<\/strong><br data-start=\"3573\" data-end=\"3576\" \/>Lehet\u0151v\u00e9 teszi, hogy szorosabbra h\u00fazd a h\u00faz\u00e1st MTL-st\u00edlus\u00fa sz\u00edv\u00e1sokhoz vagy laz\u00e1bbra nyisd DTL-\u00e9rz\u00e9shez nagyobb felh\u0151kkel, az adott pillanat szerint.<\/p>\n<\/li>\n<li data-start=\"3707\" data-end=\"3924\">\n<p data-start=\"3710\" data-end=\"3924\"><strong data-start=\"3710\" data-end=\"3793\">Seg\u00edt-e a 1.0\u03a9 h\u00e1l\u00f3sz\u00e1las tekercs a Stagbar King 40000-ben, hogy az \u00edz k\u00f6vetkezetes maradjon?<\/strong><br data-start=\"3793\" data-end=\"3796\" \/>Igen. A h\u00e1l\u00f3sz\u00e1las tekercsek egyenletesebben melegszenek, mint az alap dr\u00f3ttekercsek, seg\u00edtve, hogy a g\u0151z sim\u00e1bb maradjon, \u00e9s az \u00edz hosszabb haszn\u00e1lat sor\u00e1n stabilabb maradjon.<\/p>\n<\/li>\n<li data-start=\"3926\" data-end=\"4147\">\n<p data-start=\"3929\" data-end=\"4147\"><strong data-start=\"3929\" data-end=\"4008\">Hogyan viszonyul a Stagbar King 40000 a napi k\u00e9nyelemben a stagbar podokhoz k\u00e9pest?<\/strong><br data-start=\"4008\" data-end=\"4011\" \/>A Stagbar King 40000 meg\u0151rzi a k\u00e9nyelem ir\u00e1nti ig\u00e9nyt, amit az emberek szeretnek <strong data-start=\"4067\" data-end=\"4083\">stagbar podokat<\/strong>\u2014\u00fajrat\u00f6lthet\u0151s\u00e9g\u2014 an\u00e9lk\u00fcl, hogy podokat, ut\u00e1nt\u00f6lt\u0151ket vagy extra alkatr\u00e9szeket kellene kezelni.<\/p>\n<\/li>\n<li data-start=\"4149\" data-end=\"4438\">\n<p data-start=\"4152\" data-end=\"4438\"><strong data-start=\"4152\" data-end=\"4267\">\u00c9rdemes-e a Stagbar King 40000-et v\u00e1lasztani egy elektronikus cigaretta bolt sz\u00e1m\u00e1ra, amely a vaper \u00fajrat\u00f6lthet\u0151 \u00e1r\u00e1t helyezi el\u0151t\u00e9rbe?<\/strong><br data-start=\"4267\" data-end=\"4270\" \/>Igen. Nagy felh\u0151sz\u00e1mot, l\u00e9g\u00e1raml\u00e1s-szab\u00e1lyoz\u00e1st, h\u00e1l\u00f3s tekercs teljes\u00edtm\u00e9nyt \u00e9s Type-C \u00fajrat\u00f6lthet\u0151s\u00e9get k\u00edn\u00e1l\u2014ezek a jellemz\u0151k t\u00e1mogatj\u00e1k az \u00e9rt\u00e9kalap\u00fa v\u00e1s\u00e1rl\u00f3kat an\u00e9lk\u00fcl, hogy tr\u00fckk\u00f6kre t\u00e1maszkodn\u00e1nak.<\/p>\n<\/li>\n<\/ol>\n<\/div>\n<\/div>\n<\/div>\n<\/div>","protected":false},"excerpt":{"rendered":"<div class=\"flex flex-col text-sm @w-xl\/main:pt-header-height pb-25\">\n<article class=\"text-token-text-primary w-full focus:outline-none [--shadow-height:45px] has-data-writing-block:pointer-events-none has-data-writing-block:-mt-(--shadow-height) has-data-writing-block:pt-(--shadow-height) [&amp;:has([data-writing-block])&gt;*]:pointer-events-auto scroll-mt-[calc(var(--header-height)+min(200px,max(70px,20svh)))]\" dir=\"auto\" tabindex=\"-1\" data-turn-id=\"a4553bcb-7aea-49d6-9fac-81ba76f7aa52\" data-testid=\"conversation-turn-52\" data-scroll-anchor=\"true\" data-turn=\"assistant\">\n<div class=\"text-base my-auto mx-auto pb-10 [--thread-content-margin:--spacing(4)] @w-sm\/main:[--thread-content-margin:--spacing(6)] @w-lg\/main:[--thread-content-margin:--spacing(16)] px-(--thread-content-margin)\">\n<div class=\"[--thread-content-max-width:40rem] @w-lg\/main:[--thread-content-max-width:48rem] mx-auto max-w-(--thread-content-max-width) flex-1 group\/turn-messages focus-visible:outline-hidden relative flex w-full min-w-0 flex-col agent-turn\" tabindex=\"-1\">\n<div class=\"flex max-w-full flex-col grow\">\n<div class=\"min-h-8 text-message relative flex w-full flex-col items-end gap-2 text-start break-words whitespace-normal [.text-message+&amp;]:mt-1\" dir=\"auto\" data-message-author-role=\"assistant\" data-message-id=\"337d04d0-1322-4696-922d-486732393dc5\" data-message-model-slug=\"gpt-5-2-thinking\">\n<div class=\"flex w-full flex-col gap-1 empty:hidden first:pt-[1px]\">\n<div class=\"markdown prose dark:prose-invert w-full break-words light markdown-new-styling\">\n<p data-start=\"4468\" data-end=\"4743\" data-is-last-node=\"\" data-is-only-node=\"\">Stagbar King 40000 (Stagbar King 40K) \u00fajrat\u00f6lthet\u0151 eldobhat\u00f3 vape 40 000 sz\u00edv\u00e1ssal, 1.0\u03a9 h\u00e1l\u00f3s tekercs, \u00e1ll\u00edthat\u00f3 l\u00e9g\u00e1raml\u00e1s \u00e9s Type-C t\u00f6lt\u00e9s. Er\u0151s \u00edz\u00e1lland\u00f3s\u00e1g, nagy felh\u0151 kontroll, \u00e9s versenyk\u00e9pes vape \u00e1r az elektronikus cigaretta boltban \u00e9s online \u00e9rt\u00e9kes\u00edt\u00e9sben.<\/p>\n<\/div>\n<\/div>\n<\/div>\n<\/div>\n<div class=\"z-0 flex min-h-[46px] justify-start\"><\/div>\n<\/div>\n<\/div>\n<\/article>\n<\/div>\n<p><strong>Add hozz\u00e1 Amy whatsappj\u00e1t, hogy azonnali v\u00e1laszt \u00e9s kedvezm\u00e9nyes \u00e1rat kapj!<\/strong><\/p>\n<p><img fetchpriority=\"high\" decoding=\"async\" class=\"size-full wp-image-2932\" src=\"https:\/\/vapestornado.com\/wp-content\/uploads\/2024\/12\/Vape-Wholesale.jpg\" alt=\"Vape nagykereskedelem\" width=\"229\" height=\"300\" \/><\/p>\n<h3><a href=\"https:\/\/wa.me\/8617776015835\"><span style=\"color: #ff0000;\"><strong>WhatsApp: +86 17776015835<\/strong><\/span><\/a><\/h3>","protected":false},"featured_media":4440,"comment_status":"open","ping_status":"closed","template":"","meta":{"_acf_changed":false,"_uag_custom_page_level_css":"","_lmt_disableupdate":"no","_lmt_disable":"","_monsterinsights_skip_tracking":false,"_monsterinsights_sitenote_active":false,"_monsterinsights_sitenote_note":"","_monsterinsights_sitenote_category":0,"site-sidebar-layout":"default","site-content-layout":"","ast-site-content-layout":"default","site-content-style":"default","site-sidebar-style":"default","ast-global-header-display":"","ast-banner-title-visibility":"","ast-main-header-display":"","ast-hfb-above-header-display":"","ast-hfb-below-header-display":"","ast-hfb-mobile-header-display":"","site-post-title":"","ast-breadcrumbs-content":"","ast-featured-img":"","footer-sml-layout":"","ast-disable-related-posts":"","theme-transparent-header-meta":"default","adv-header-id-meta":"","stick-header-meta":"","header-above-stick-meta":"","header-main-stick-meta":"","header-below-stick-meta":"","astra-migrate-meta-layouts":"set","ast-page-background-enabled":"default","ast-page-background-meta":{"desktop":{"background-color":"","background-image":"","background-repeat":"repeat","background-position":"center center","background-size":"auto","background-attachment":"scroll","background-type":"","background-media":"","overlay-type":"","overlay-color":"","overlay-opacity":"","overlay-gradient":""},"tablet":{"background-color":"","background-image":"","background-repeat":"repeat","background-position":"center center","background-size":"auto","background-attachment":"scroll","background-type":"","background-media":"","overlay-type":"","overlay-color":"","overlay-opacity":"","overlay-gradient":""},"mobile":{"background-color":"","background-image":"","background-repeat":"repeat","background-position":"center center","background-size":"auto","background-attachment":"scroll","background-type":"","background-media":"","overlay-type":"","overlay-color":"","overlay-opacity":"","overlay-gradient":""}},"ast-content-background-meta":{"desktop":{"background-color":"var(--ast-global-color-5)","background-image":"","background-repeat":"repeat","background-position":"center center","background-size":"auto","background-attachment":"scroll","background-type":"","background-media":"","overlay-type":"","overlay-color":"","overlay-opacity":"","overlay-gradient":""},"tablet":{"background-color":"var(--ast-global-color-5)","background-image":"","background-repeat":"repeat","background-position":"center center","background-size":"auto","background-attachment":"scroll","background-type":"","background-media":"","overlay-type":"","overlay-color":"","overlay-opacity":"","overlay-gradient":""},"mobile":{"background-color":"var(--ast-global-color-5)","background-image":"","background-repeat":"repeat","background-position":"center center","background-size":"auto","background-attachment":"scroll","background-type":"","background-media":"","overlay-type":"","overlay-color":"","overlay-opacity":"","overlay-gradient":""}},"_joinchat":[]},"product_brand":[],"product_cat":[65,152,156,142,492,357,146],"product_tag":[396,368,390,401,400,393,397],"class_list":{"0":"post-4446","1":"product","2":"type-product","3":"status-publish","4":"has-post-thumbnail","6":"product_cat-40000-puff","7":"product_cat-buy-disposable-vapes-in-cermany","8":"product_cat-buy-disposable-vapes-in-poland","9":"product_cat-digital-box-disposable-vapes","10":"product_cat-eu-warehouse","11":"product_cat-flavor-adjustable-vape","12":"product_cat-rechargeable-disposable-vapes","13":"product_tag-disposable-cigarette","14":"product_tag-disposable-vapor","15":"product_tag-online-vape-shop","16":"product_tag-stag-bar-king-40k","17":"product_tag-stagbar-king-40000","18":"product_tag-vape-cartridge","19":"product_tag-vapor","20":"desktop-align-left","21":"tablet-align-left","22":"mobile-align-left","24":"first","25":"instock","26":"sale","27":"shipping-taxable","28":"purchasable","29":"product-type-simple"},"acf":[],"uagb_featured_image_src":{"full":["https:\/\/vapestornado.com\/wp-content\/uploads\/2025\/10\/Stag-bar-King-40000-40K-Puffs-Disposable-Vape-Pod.webp",800,800,false],"thumbnail":["https:\/\/vapestornado.com\/wp-content\/uploads\/2025\/10\/Stag-bar-King-40000-40K-Puffs-Disposable-Vape-Pod-150x150.webp",150,150,true],"medium":["https:\/\/vapestornado.com\/wp-content\/uploads\/2025\/10\/Stag-bar-King-40000-40K-Puffs-Disposable-Vape-Pod-300x300.webp",300,300,true],"medium_large":["https:\/\/vapestornado.com\/wp-content\/uploads\/2025\/10\/Stag-bar-King-40000-40K-Puffs-Disposable-Vape-Pod-768x768.webp",768,768,true],"large":["https:\/\/vapestornado.com\/wp-content\/uploads\/2025\/10\/Stag-bar-King-40000-40K-Puffs-Disposable-Vape-Pod.webp",800,800,false],"1536x1536":["https:\/\/vapestornado.com\/wp-content\/uploads\/2025\/10\/Stag-bar-King-40000-40K-Puffs-Disposable-Vape-Pod.webp",800,800,false],"2048x2048":["https:\/\/vapestornado.com\/wp-content\/uploads\/2025\/10\/Stag-bar-King-40000-40K-Puffs-Disposable-Vape-Pod.webp",800,800,false],"trp-custom-language-flag":["https:\/\/vapestornado.com\/wp-content\/uploads\/2025\/10\/Stag-bar-King-40000-40K-Puffs-Disposable-Vape-Pod-12x12.webp",12,12,true],"woocommerce_thumbnail":["https:\/\/vapestornado.com\/wp-content\/uploads\/2025\/10\/Stag-bar-King-40000-40K-Puffs-Disposable-Vape-Pod-300x300.webp",300,300,true],"woocommerce_single":["https:\/\/vapestornado.com\/wp-content\/uploads\/2025\/10\/Stag-bar-King-40000-40K-Puffs-Disposable-Vape-Pod-600x600.webp",600,600,true],"woocommerce_gallery_thumbnail":["https:\/\/vapestornado.com\/wp-content\/uploads\/2025\/10\/Stag-bar-King-40000-40K-Puffs-Disposable-Vape-Pod-100x100.webp",100,100,true]},"uagb_author_info":{"display_name":"ESAMY","author_link":"https:\/\/vapestornado.com\/hu\/author\/"},"uagb_comment_info":1,"uagb_excerpt":"Stagbar King 40000 (Stagbar King 40K) rechargeable disposable vape with 40,000 puffs, 1.0\u03a9 mesh coil, adjustable airflow and Type-C charging. Strong flavour consistency, big cloud control, and competitive vaper recargable price for electronic cigarette shop and online sales. Add Amy's whatsapp to get right reply and discount price! WhatsApp: +86 17776015835","_links":{"self":[{"href":"https:\/\/vapestornado.com\/hu\/wp-json\/wp\/v2\/product\/4446","targetHints":{"allow":["GET"]}}],"collection":[{"href":"https:\/\/vapestornado.com\/hu\/wp-json\/wp\/v2\/product"}],"about":[{"href":"https:\/\/vapestornado.com\/hu\/wp-json\/wp\/v2\/types\/product"}],"replies":[{"embeddable":true,"href":"https:\/\/vapestornado.com\/hu\/wp-json\/wp\/v2\/comments?post=4446"}],"wp:featuredmedia":[{"embeddable":true,"href":"https:\/\/vapestornado.com\/hu\/wp-json\/wp\/v2\/media\/4440"}],"wp:attachment":[{"href":"https:\/\/vapestornado.com\/hu\/wp-json\/wp\/v2\/media?parent=4446"}],"wp:term":[{"taxonomy":"product_brand","embeddable":true,"href":"https:\/\/vapestornado.com\/hu\/wp-json\/wp\/v2\/product_brand?post=4446"},{"taxonomy":"product_cat","embeddable":true,"href":"https:\/\/vapestornado.com\/hu\/wp-json\/wp\/v2\/product_cat?post=4446"},{"taxonomy":"product_tag","embeddable":true,"href":"https:\/\/vapestornado.com\/hu\/wp-json\/wp\/v2\/product_tag?post=4446"}],"curies":[{"name":"wp","href":"https:\/\/api.w.org\/{rel}","templated":true}]}}