{"id":4430,"date":"2025-10-15T09:50:23","date_gmt":"2025-10-15T09:50:23","guid":{"rendered":"https:\/\/vapestornado.com\/?post_type=product&#038;p=4430"},"modified":"2025-10-31T09:51:16","modified_gmt":"2025-10-31T09:51:16","slug":"fihp-120k-6-in1-multi-flavors-120000-puff-disposable-vape-pen-cheap-price","status":"publish","type":"product","link":"https:\/\/vapestornado.com\/hu\/product\/fihp-120k-6-in1-multi-flavors-120000-puff-disposable-vape-pen-cheap-price\/","title":{"rendered":"FIHP 120K 6 az 1-ben T\u00f6bb \u00edz 120000 slukkos eldobhat\u00f3 vape toll olcs\u00f3 \u00e1ron"},"content":{"rendered":"<h2 data-pm-slice=\"1 1 []\">FIHP 120K 6-in-1 T\u00f6bb \u00cdz\u0171 120000 Szippant\u00f3s Egyszer haszn\u00e1latos Vape Toll \u2014 Legolcs\u00f3bb Vape-k Eur\u00f3p\u00e1ban<\/h2>\n<p data-start=\"104\" data-end=\"592\">A <strong data-start=\"108\" data-end=\"146\">FIHP 120K Szippant\u00f3s Egyszer haszn\u00e1latos Vape Toll<\/strong> egy olyanok sz\u00e1m\u00e1ra tervezve, akik hatalmas teljes\u00edtm\u00e9nyt, gazdag \u00edzt \u00e9s val\u00f3di v\u00e1ltozatoss\u00e1got szeretn\u00e9nek egy eleg\u00e1ns kialak\u00edt\u00e1sban. Hihetetlen <strong data-start=\"272\" data-end=\"288\">120000 szippant\u00e1s<\/strong>, ez a <strong data-start=\"295\" data-end=\"315\">FIHP 120000 Szippant\u00e1s<\/strong> a k\u00e9sz\u00fcl\u00e9k el\u0151re t\u00f6lt\u00f6tt <strong data-start=\"344\" data-end=\"372\">64 ml pr\u00e9mium e-liquiddel<\/strong> \u00e9s egy <strong data-start=\"379\" data-end=\"416\">6-in-1 t\u00f6bb \u00edz\u0171 kapcsol\u00f3 rendszerrel<\/strong>, ami hat vibr\u00e1l\u00f3 \u00edzv\u00e1laszt\u00e9kot k\u00edn\u00e1l egy vape-ban. Ide\u00e1lis v\u00e1laszt\u00e1s eur\u00f3pai nagykeresked\u0151k \u00e9s fiatal vaperek sz\u00e1m\u00e1ra, akik <strong data-start=\"543\" data-end=\"558\">olcs\u00f3 vape-eket<\/strong> soha nem k\u00f6tnek kompromisszumot a min\u0151s\u00e9gben.<\/p>\n<p data-start=\"594\" data-end=\"1161\">Egy <strong data-start=\"607\" data-end=\"638\">650mAh-s \u00fajrat\u00f6lthet\u0151 akkumul\u00e1tor<\/strong> \u00e9s fel van szerelve <strong data-start=\"657\" data-end=\"681\">Type-C gyorst\u00f6lt\u00e9ssel<\/strong>, a <strong data-start=\"687\" data-end=\"714\">FIHP 120k Szippant\u00f3s vape toll<\/strong> biztos\u00edtja a zavartalan vapel\u00e9st eg\u00e9sz nap. A <strong data-start=\"757\" data-end=\"775\">dupla h\u00e1l\u00f3s tekercs<\/strong> s\u0171r\u0171 g\u0151zt \u00e9s er\u0151s \u00edzt ny\u00fajt az els\u0151 szippant\u00e1st\u00f3l az utols\u00f3ig, mik\u00f6zben a <strong data-start=\"860\" data-end=\"881\">okos LED kijelz\u0151<\/strong> val\u00f3s idej\u0171 akkumul\u00e1tor- \u00e9s e-liquidek szintj\u00e9t mutatja. A <strong data-start=\"932\" data-end=\"970\">2% \u00e9s 5% nikotinszint opci\u00f3kkal<\/strong>, ez a k\u00e9sz\u00fcl\u00e9k t\u00f6k\u00e9letesen egyens\u00falyozza a teljes\u00edtm\u00e9nyt, az el\u00e9gedetts\u00e9get \u00e9s az \u00e1r-\u00e9rt\u00e9k ar\u00e1nyt \u2014 ez teszi az egyik <strong data-start=\"1071\" data-end=\"1084\">legjobb vape<\/strong> lehet\u0151s\u00e9gek mind a h\u00e9tk\u00f6znapi felhaszn\u00e1l\u00f3k, mind a kiskeresked\u0151k sz\u00e1m\u00e1ra, akik profitmarzsokat szeretn\u00e9nek n\u00f6velni.<\/p>\n<p data-start=\"1163\" data-end=\"1524\">St\u00edlusos, tart\u00f3s \u00e9s tele funkci\u00f3kkal, az <strong data-start=\"1211\" data-end=\"1251\">FIHP 120K 6 az 1-ben eldobhat\u00f3 vape toll<\/strong> \u00fajradefin\u00ed\u00e1lja, mit jelent a nagy kapacit\u00e1s\u00fa eldobhat\u00f3. Legyen sz\u00f3 szem\u00e9lyes \u00e9lvezetr\u0151l vagy nagykereskedelmi ell\u00e1t\u00e1sr\u00f3l, ez a vape er\u0151t, \u00edzt \u00e9s \u00e9rt\u00e9ket ny\u00fajt, amit az eur\u00f3pai vape k\u00f6z\u00f6ss\u00e9g elv\u00e1r. Most el\u00e9rhet\u0151 a legjobb nagykereskedelmi \u00e1ron a Vapestornado-n\u00e1l<strong data-start=\"1493\" data-end=\"1523\">\u00a0online vape bolt<\/strong>.<\/p>\n<p><strong><span style=\"color: #ff0000;\">Adja hozz\u00e1 Amy-t WhatsApp-on, hogy azonnali v\u00e1laszt \u00e9s vape kupont kapjon!<\/span><\/strong><\/p>\n<p><img fetchpriority=\"high\" decoding=\"async\" class=\"size-full wp-image-2932\" src=\"https:\/\/vapestornado.com\/wp-content\/uploads\/2024\/12\/Vape-Wholesale.jpg\" alt=\"Vape nagykereskedelem\" width=\"229\" height=\"300\" \/><\/p>\n<h3><a href=\"https:\/\/wa.me\/8617776015835\" target=\"_blank\" rel=\"noopener\"><span style=\"color: #ff0000;\"><strong>WhatsApp: +86 17776015835<\/strong><\/span><\/a><\/h3>\n<p>&nbsp;<\/p>\n<h2><strong>FIHP 120K Puff 6 az 1-ben Term\u00e9k Jellemz\u0151k<\/strong><\/h2>\n<ul>\n<li data-start=\"1555\" data-end=\"1630\">\n<p data-start=\"1557\" data-end=\"1630\"><strong data-start=\"1557\" data-end=\"1574\">120000 Puf:<\/strong> Hossz\u00fa t\u00e1v\u00fa teljes\u00edtm\u00e9ny a folyamatos el\u00e9gedetts\u00e9g\u00e9rt.<\/p>\n<\/li>\n<li data-start=\"1631\" data-end=\"1728\">\n<p data-start=\"1633\" data-end=\"1728\"><strong data-start=\"1633\" data-end=\"1658\">6 az 1-ben \u00cdzrendszer:<\/strong> Azonnal v\u00e1lthat hat prefilled \u00edz k\u00f6z\u00f6tt a folyamatos v\u00e1ltozatoss\u00e1g\u00e9rt.<\/p>\n<\/li>\n<li data-start=\"1729\" data-end=\"1799\">\n<p data-start=\"1731\" data-end=\"1799\"><strong data-start=\"1731\" data-end=\"1758\">64mL E-Liquid Kapacit\u00e1s:<\/strong> Extra nagy tart\u00e1ly, amely hetekig tart\u00f3 haszn\u00e1latot biztos\u00edt.<\/p>\n<\/li>\n<li data-start=\"1800\" data-end=\"1885\">\n<p data-start=\"1802\" data-end=\"1885\"><strong data-start=\"1802\" data-end=\"1834\">650mAh \u00dajrat\u00f6lthet\u0151 Akkumul\u00e1tor:<\/strong> Kompakt \u00e9s hat\u00e9kony Type-C gyorst\u00f6lt\u00e9ssel.<\/p>\n<\/li>\n<li data-start=\"1886\" data-end=\"1974\">\n<p data-start=\"1888\" data-end=\"1974\"><strong data-start=\"1888\" data-end=\"1914\">Dupla h\u00e1l\u00f3s tekercs kialak\u00edt\u00e1s:<\/strong> Fokozott g\u0151znyom\u00e1s \u00e9s \u00edzpontoss\u00e1g a val\u00f3di \u00edz\u00e9lm\u00e9ny\u00e9rt.<\/p>\n<\/li>\n<li data-start=\"1975\" data-end=\"2050\">\n<p data-start=\"1977\" data-end=\"2050\"><strong data-start=\"1977\" data-end=\"1999\">Okos LED kijelz\u0151:<\/strong> Val\u00f3s idej\u0171 monitoroz\u00e1s az energia- \u00e9s folyad\u00e9kszintekr\u0151l.<\/p>\n<\/li>\n<li data-start=\"2051\" data-end=\"2125\">\n<p data-start=\"2053\" data-end=\"2125\"><strong data-start=\"2053\" data-end=\"2073\">Nikotin opci\u00f3k:<\/strong> El\u00e9rhet\u0151 a 2% \u00e9s az 5% v\u00e1ltozatokban a rugalmas vape ig\u00e9nyekhez.<\/p>\n<\/li>\n<\/ul>\n<figure id=\"attachment_4429\" aria-describedby=\"caption-attachment-4429\" style=\"width: 300px\" class=\"wp-caption alignnone\"><img decoding=\"async\" class=\"size-medium wp-image-4429\" src=\"https:\/\/vapestornado.com\/wp-content\/uploads\/2025\/10\/Newest-FIHP-120000-120k-Puffs-Dispsable-Vape-Kit-300x300.webp\" alt=\"Leg\u00fajabb FIHP 120000 120k Pufos Eldobhat\u00f3 Vape K\u00e9szlet\" width=\"300\" height=\"300\" srcset=\"https:\/\/vapestornado.com\/wp-content\/uploads\/2025\/10\/Newest-FIHP-120000-120k-Puffs-Dispsable-Vape-Kit-300x300.webp 300w, https:\/\/vapestornado.com\/wp-content\/uploads\/2025\/10\/Newest-FIHP-120000-120k-Puffs-Dispsable-Vape-Kit-150x150.webp 150w, https:\/\/vapestornado.com\/wp-content\/uploads\/2025\/10\/Newest-FIHP-120000-120k-Puffs-Dispsable-Vape-Kit-768x768.webp 768w, https:\/\/vapestornado.com\/wp-content\/uploads\/2025\/10\/Newest-FIHP-120000-120k-Puffs-Dispsable-Vape-Kit-12x12.webp 12w, https:\/\/vapestornado.com\/wp-content\/uploads\/2025\/10\/Newest-FIHP-120000-120k-Puffs-Dispsable-Vape-Kit-600x600.webp 600w, https:\/\/vapestornado.com\/wp-content\/uploads\/2025\/10\/Newest-FIHP-120000-120k-Puffs-Dispsable-Vape-Kit-100x100.webp 100w, https:\/\/vapestornado.com\/wp-content\/uploads\/2025\/10\/Newest-FIHP-120000-120k-Puffs-Dispsable-Vape-Kit.webp 800w\" sizes=\"(max-width: 300px) 100vw, 300px\" \/><figcaption id=\"caption-attachment-4429\" class=\"wp-caption-text\">Leg\u00fajabb FIHP 120000 120k Pufos Eldobhat\u00f3 Vape K\u00e9szlet<\/figcaption><\/figure>\n<h2 class=\"product-title\"><strong>FIHP 120K 120000 Puf 6 az 1-ben \u00cdzlista<\/strong><\/h2>\n<p data-start=\"2550\" data-end=\"2736\">1. G\u00f6r\u00f6gdinnye J\u00e9g&amp;Red Bull&amp;Eper Kiwi&amp;\u00c1fonya J\u00e9g&amp;Citrom Lime&amp;Eper G\u00f6r\u00f6gdinnye<br \/>\n2. Eper Ban\u00e1n&amp;Dupla Alma&amp;M\u00e1lna G\u00f6r\u00f6gdinnye&amp;Savany\u00fa Mang\u00f3 Anan\u00e1sz&amp;Tropicalis Gy\u00fcm\u00f6lcs&amp;Citrom Barack<br \/>\n3. Anan\u00e1sz K\u00f3kusz&amp;K\u00e9k Razz&amp;Vegyes Bogy\u00f3k&amp;Mang\u00f3 Barack&amp;\u00c1fonya M\u00e1lna&amp;Eper Van\u00edlia K\u00f3la<br \/>\n4. Barack Bogy\u00f3&amp;Triple Dinnye&amp;Sz\u0151l\u0151 J\u00e9g&amp;Fekete S\u00e1rk\u00e1ny J\u00e9g&amp;Sz\u00e9nsavas Cseresznye J\u00e9g&amp;Gum\u00ed Medve<br \/>\n5. Sziv\u00e1rv\u00e1ny Cukorka&amp;Cseresznye K\u00f3la J\u00e9g&amp;Szeretet 666&amp;Mang\u00f3 J\u00e9g&amp;\u00c1fonya Puhas\u00fcti&amp;Cseresznye J\u00e9g<br \/>\n6. Aloe Licsi J\u00e9g&amp;Pink Citrom&amp;G\u00f6r\u00f6g J\u00e9g&amp;Pine Needle Menta&amp;Fekete Ribizli J\u00e9g&amp;G\u00f6r\u00f6gdinnye Citrom<\/p>\n<div class=\"flex-shrink-0 flex flex-col relative items-end\">\n<div class=\"pt-0\">\n<div class=\"gizmo-bot-avatar flex h-8 w-8 items-center justify-center overflow-hidden rounded-full\">\n<div class=\"relative p-1 rounded-sm flex items-center justify-center bg-token-main-surface-primary text-token-text-primary h-8 w-8\">\n<h2 data-start=\"1200\" data-end=\"1487\">Vapes Torn\u00e1d\u00f3 \u2013 Az \u00d6n Nagykereskedelmi Online Vape \u00c1ruh\u00e1za a Legjobb Vape M\u00e1rk\u00e1khoz<\/h2>\n<p data-start=\"1200\" data-end=\"1487\"><strong data-start=\"141\" data-end=\"177\">Vapes Tornado Online Doh\u00e1nybolt<\/strong> az \u00d6n megb\u00edzhat\u00f3 forr\u00e1sa <strong data-start=\"205\" data-end=\"270\">pr\u00e9mium egyszer haszn\u00e1latos vapek \u00e9s nagykereskedelmi e-cigarett\u00e1k sz\u00e1m\u00e1ra Eur\u00f3p\u00e1ban<\/strong>. K\u00edn\u00e1latunkban megtal\u00e1lhat\u00f3k a legkelend\u0151bb m\u00e1rk\u00e1k, mint p\u00e9ld\u00e1ul <strong data-start=\"307\" data-end=\"362\"><a href=\"https:\/\/vapestornado.com\/hu\/product\/randm-12000-puffs-fumot-digital-disposable-vape-wholesale-price\/\">Fumot VAPE<\/a>, <a href=\"https:\/\/vapestornado.com\/hu\/product\/waspe-150k-150000-puff-6-in-1-disposable-vape-pen-cartridge-best-wholesale-price-in-poland\/\">WASPE VAPE<\/a>, <\/strong><strong data-start=\"307\" data-end=\"362\"><a href=\"https:\/\/vapestornado.com\/hu\/product\/vozol-gear-shisha-25k-25000-puffs-best-dtl-disposable-vape-hookah-cheap-price\/\">VOZOL BAR VAPE<\/a>, \u00a0 Bang Vape<\/strong>, \u00e9s m\u00e9g sok m\u00e1s, biztos\u00edtva a min\u0151s\u00e9get \u00e9s a v\u00e1ltozatoss\u00e1got minden v\u00e1s\u00e1rl\u00f3 sz\u00e1m\u00e1ra. Ak\u00e1r egy\u00e9ni vaperek\u00e9nt, ak\u00e1r nagykeresked\u0151k\u00e9nt v\u00e1s\u00e1rolsz, mi sz\u00e1ll\u00edtunk <strong data-start=\"481\" data-end=\"550\">magas teljes\u00edtm\u00e9ny\u0171 eszk\u00f6z\u00f6ket, st\u00edlusos kialak\u00edt\u00e1sokat \u00e9s versenyk\u00e9pes \u00e1rakat<\/strong> az ig\u00e9nyeid kiel\u00e9g\u00edt\u00e9s\u00e9re.<\/p>\n<h2 data-start=\"2064\" data-end=\"2115\">GYIK a FIHP 120K Puff Egyszerhaszn\u00e1latos Vape-r\u0151l<\/h2>\n<p data-start=\"2159\" data-end=\"2318\"><strong data-start=\"2159\" data-end=\"2233\">1. H\u00e1ny \u00edzben \u00e9rhet\u0151 el a FIHP 120K Puff Egyszerhaszn\u00e1latos Vape toll?<\/strong><br data-start=\"2233\" data-end=\"2236\" \/>Ez egy 6 az 1-ben rendszer, amely lehet\u0151v\u00e9 teszi a felhaszn\u00e1l\u00f3k sz\u00e1m\u00e1ra, hogy hat egyedi \u00edzt \u00e9lvezzenek egy eszk\u00f6zben.<\/p>\n<p data-start=\"2320\" data-end=\"2445\"><strong data-start=\"2320\" data-end=\"2369\">2. \u00dajrat\u00f6lthet\u0151 a FIHP 120000 Puff vape?<\/strong><br data-start=\"2369\" data-end=\"2372\" \/>Igen, tartalmaz egy 650mAh \u00fajrat\u00f6lthet\u0151 akkumul\u00e1tort gyors Type-C t\u00f6lt\u00e9ssel.<\/p>\n<p data-start=\"2447\" data-end=\"2577\"><strong data-start=\"2447\" data-end=\"2511\">3. Milyen nikotinszintek \u00e9rhet\u0151k el az FIHP 120k Puffhoz?<\/strong><br data-start=\"2511\" data-end=\"2514\" \/>V\u00e1laszthat a 2% \u00e9s az 5% k\u00f6z\u00f6tt, az \u00d6n preferenci\u00e1ja szerint.<\/p>\n<p data-start=\"2579\" data-end=\"2743\"><strong data-start=\"2579\" data-end=\"2646\">4. Mi\u00e9rt tekintik az FIHP 120K-t az egyik legjobb olcs\u00f3 vapeknak?<\/strong><br data-start=\"2646\" data-end=\"2649\" \/>Hat \u00edzt k\u00edn\u00e1l, 120000 sz\u00edv\u00e1st, \u00e9s kett\u0151s h\u00e1l\u00f3s tekercs min\u0151s\u00e9get magas versenyk\u00e9pes \u00e1ron.<\/p>\n<p data-start=\"2745\" data-end=\"2917\"><strong data-start=\"2745\" data-end=\"2813\">5. Hol v\u00e1s\u00e1rolhatok nagy t\u00e9telben FIHP 120000 Puff eldobhat\u00f3 vapet?<\/strong><br data-start=\"2813\" data-end=\"2816\" \/>A legjobb nagykereskedelmi aj\u00e1nlatok el\u00e9rhet\u0151k a <strong data-start=\"2858\" data-end=\"2888\">Vapes Tornado online vape bolt<\/strong>, amelyet az EU forgalmaz\u00f3k b\u00edznak.<\/p>\n<\/div>\n<\/div>\n<\/div>\n<\/div>","protected":false},"excerpt":{"rendered":"<p data-start=\"3204\" data-end=\"3282\">FIHP 120K 6-in-1 120000 Szippant\u00f3s Egyszer haszn\u00e1latos Vape Toll | Olcs\u00f3 Vape-k nagykereskedelemben<\/p>\n<p data-start=\"3286\" data-end=\"3358\">V\u00e1s\u00e1roljon FIHP 120000 Szippant\u00f3s Vape Toll | Legjobb 6-in-1 Egyszer haszn\u00e1latos Vape-k Eur\u00f3p\u00e1ban<\/p>\n<p data-start=\"3362\" data-end=\"3446\">FIHP 120K Szippant\u00f3s Egyszer haszn\u00e1latos Vape \u2013 Nagy Kapacit\u00e1s, T\u00f6bb \u00cdz, Legjobb Nagykereskedelmi \u00c1r<\/p>\n<p><strong>Add hozz\u00e1 Amy whatsappj\u00e1t, hogy azonnali v\u00e1laszt \u00e9s kedvezm\u00e9nyes \u00e1rat kapj!<\/strong><\/p>\n<p><img fetchpriority=\"high\" decoding=\"async\" class=\"size-full wp-image-2932\" src=\"https:\/\/vapestornado.com\/wp-content\/uploads\/2024\/12\/Vape-Wholesale.jpg\" alt=\"Vape nagykereskedelem\" width=\"229\" height=\"300\" \/><\/p>\n<h3><a href=\"https:\/\/wa.me\/8617776015835\"><span style=\"color: #ff0000;\"><strong>WhatsApp: +86 17776015835<\/strong><\/span><\/a><\/h3>","protected":false},"featured_media":4428,"comment_status":"open","ping_status":"closed","template":"","meta":{"_acf_changed":false,"_uag_custom_page_level_css":"","_lmt_disableupdate":"no","_lmt_disable":"","_monsterinsights_skip_tracking":false,"_monsterinsights_sitenote_active":false,"_monsterinsights_sitenote_note":"","_monsterinsights_sitenote_category":0,"site-sidebar-layout":"default","site-content-layout":"","ast-site-content-layout":"default","site-content-style":"default","site-sidebar-style":"default","ast-global-header-display":"","ast-banner-title-visibility":"","ast-main-header-display":"","ast-hfb-above-header-display":"","ast-hfb-below-header-display":"","ast-hfb-mobile-header-display":"","site-post-title":"","ast-breadcrumbs-content":"","ast-featured-img":"","footer-sml-layout":"","ast-disable-related-posts":"","theme-transparent-header-meta":"default","adv-header-id-meta":"","stick-header-meta":"","header-above-stick-meta":"","header-main-stick-meta":"","header-below-stick-meta":"","astra-migrate-meta-layouts":"set","ast-page-background-enabled":"default","ast-page-background-meta":{"desktop":{"background-color":"","background-image":"","background-repeat":"repeat","background-position":"center center","background-size":"auto","background-attachment":"scroll","background-type":"","background-media":"","overlay-type":"","overlay-color":"","overlay-opacity":"","overlay-gradient":""},"tablet":{"background-color":"","background-image":"","background-repeat":"repeat","background-position":"center center","background-size":"auto","background-attachment":"scroll","background-type":"","background-media":"","overlay-type":"","overlay-color":"","overlay-opacity":"","overlay-gradient":""},"mobile":{"background-color":"","background-image":"","background-repeat":"repeat","background-position":"center center","background-size":"auto","background-attachment":"scroll","background-type":"","background-media":"","overlay-type":"","overlay-color":"","overlay-opacity":"","overlay-gradient":""}},"ast-content-background-meta":{"desktop":{"background-color":"var(--ast-global-color-5)","background-image":"","background-repeat":"repeat","background-position":"center center","background-size":"auto","background-attachment":"scroll","background-type":"","background-media":"","overlay-type":"","overlay-color":"","overlay-opacity":"","overlay-gradient":""},"tablet":{"background-color":"var(--ast-global-color-5)","background-image":"","background-repeat":"repeat","background-position":"center center","background-size":"auto","background-attachment":"scroll","background-type":"","background-media":"","overlay-type":"","overlay-color":"","overlay-opacity":"","overlay-gradient":""},"mobile":{"background-color":"var(--ast-global-color-5)","background-image":"","background-repeat":"repeat","background-position":"center center","background-size":"auto","background-attachment":"scroll","background-type":"","background-media":"","overlay-type":"","overlay-color":"","overlay-opacity":"","overlay-gradient":""}},"_joinchat":[]},"product_brand":[],"product_cat":[347,154,142,144,146,60],"product_tag":[387,287,368,388,395,390,393,386],"class_list":{"0":"post-4430","1":"product","2":"type-product","3":"status-publish","4":"has-post-thumbnail","6":"product_cat-120000-puff","7":"product_cat-buy-disposable-vapes-in-netherlands","8":"product_cat-digital-box-disposable-vapes","9":"product_cat-low-nicotine-disposable-vapes","10":"product_cat-rechargeable-disposable-vapes","11":"product_cat-waspe-fihp-vape","12":"product_tag-cigarette-vapor","13":"product_tag-disposable-vape-pen","14":"product_tag-disposable-vapor","15":"product_tag-e-vape","16":"product_tag-fihp-120k","17":"product_tag-online-vape-shop","18":"product_tag-vape-cartridge","19":"product_tag-vape-pen","20":"desktop-align-left","21":"tablet-align-left","22":"mobile-align-left","24":"first","25":"instock","26":"sale","27":"shipping-taxable","28":"purchasable","29":"product-type-simple"},"acf":[],"uagb_featured_image_src":{"full":["https:\/\/vapestornado.com\/wp-content\/uploads\/2025\/10\/FIHP-Multi-120000-puffs-Original-Disposable-Vape.webp",800,800,false],"thumbnail":["https:\/\/vapestornado.com\/wp-content\/uploads\/2025\/10\/FIHP-Multi-120000-puffs-Original-Disposable-Vape-150x150.webp",150,150,true],"medium":["https:\/\/vapestornado.com\/wp-content\/uploads\/2025\/10\/FIHP-Multi-120000-puffs-Original-Disposable-Vape-300x300.webp",300,300,true],"medium_large":["https:\/\/vapestornado.com\/wp-content\/uploads\/2025\/10\/FIHP-Multi-120000-puffs-Original-Disposable-Vape-768x768.webp",768,768,true],"large":["https:\/\/vapestornado.com\/wp-content\/uploads\/2025\/10\/FIHP-Multi-120000-puffs-Original-Disposable-Vape.webp",800,800,false],"1536x1536":["https:\/\/vapestornado.com\/wp-content\/uploads\/2025\/10\/FIHP-Multi-120000-puffs-Original-Disposable-Vape.webp",800,800,false],"2048x2048":["https:\/\/vapestornado.com\/wp-content\/uploads\/2025\/10\/FIHP-Multi-120000-puffs-Original-Disposable-Vape.webp",800,800,false],"trp-custom-language-flag":["https:\/\/vapestornado.com\/wp-content\/uploads\/2025\/10\/FIHP-Multi-120000-puffs-Original-Disposable-Vape-12x12.webp",12,12,true],"woocommerce_thumbnail":["https:\/\/vapestornado.com\/wp-content\/uploads\/2025\/10\/FIHP-Multi-120000-puffs-Original-Disposable-Vape-300x300.webp",300,300,true],"woocommerce_single":["https:\/\/vapestornado.com\/wp-content\/uploads\/2025\/10\/FIHP-Multi-120000-puffs-Original-Disposable-Vape-600x600.webp",600,600,true],"woocommerce_gallery_thumbnail":["https:\/\/vapestornado.com\/wp-content\/uploads\/2025\/10\/FIHP-Multi-120000-puffs-Original-Disposable-Vape-100x100.webp",100,100,true]},"uagb_author_info":{"display_name":"ESAMY","author_link":"https:\/\/vapestornado.com\/hu\/author\/"},"uagb_comment_info":1,"uagb_excerpt":"FIHP 120K 6-in-1 120000 Puff Disposable Vape Pen | Cheap Vapes for Wholesale Buy FIHP 120000 Puff Vape Pen | Best 6-in-1 Disposable Vapes in Europe FIHP 120K Puff Disposable Vape \u2013 Big Capacity, Multi Flavors, Best Wholesale Price Add Amy's whatsapp to get right reply and discount price! WhatsApp: +86 17776015835","_links":{"self":[{"href":"https:\/\/vapestornado.com\/hu\/wp-json\/wp\/v2\/product\/4430","targetHints":{"allow":["GET"]}}],"collection":[{"href":"https:\/\/vapestornado.com\/hu\/wp-json\/wp\/v2\/product"}],"about":[{"href":"https:\/\/vapestornado.com\/hu\/wp-json\/wp\/v2\/types\/product"}],"replies":[{"embeddable":true,"href":"https:\/\/vapestornado.com\/hu\/wp-json\/wp\/v2\/comments?post=4430"}],"wp:featuredmedia":[{"embeddable":true,"href":"https:\/\/vapestornado.com\/hu\/wp-json\/wp\/v2\/media\/4428"}],"wp:attachment":[{"href":"https:\/\/vapestornado.com\/hu\/wp-json\/wp\/v2\/media?parent=4430"}],"wp:term":[{"taxonomy":"product_brand","embeddable":true,"href":"https:\/\/vapestornado.com\/hu\/wp-json\/wp\/v2\/product_brand?post=4430"},{"taxonomy":"product_cat","embeddable":true,"href":"https:\/\/vapestornado.com\/hu\/wp-json\/wp\/v2\/product_cat?post=4430"},{"taxonomy":"product_tag","embeddable":true,"href":"https:\/\/vapestornado.com\/hu\/wp-json\/wp\/v2\/product_tag?post=4430"}],"curies":[{"name":"wp","href":"https:\/\/api.w.org\/{rel}","templated":true}]}}