{"id":4422,"date":"2025-10-14T09:29:02","date_gmt":"2025-10-14T09:29:02","guid":{"rendered":"https:\/\/vapestornado.com\/?post_type=product&#038;p=4422"},"modified":"2025-12-16T09:53:51","modified_gmt":"2025-12-16T09:53:51","slug":"waspe-150k-150000-puff-6-in-1-disposable-vape-pen-cartridge-best-wholesale-price-in-poland","status":"publish","type":"product","link":"https:\/\/vapestornado.com\/hu\/product\/waspe-150k-150000-puff-6-in-1-disposable-vape-pen-cartridge-best-wholesale-price-in-poland\/","title":{"rendered":"WASPE 150K 150000 Puff 6 az 1-ben eldobhat\u00f3 Vape Toll Patron Legjobb Nagykereskedelmi \u00c1r Magyarorsz\u00e1gon"},"content":{"rendered":"<h2 data-pm-slice=\"1 1 []\">WASPE 150K 150000 Puff 6 az 1-ben eldobhat\u00f3 Vape Toll Patron Legjobb Nagykereskedelmi \u00c1r Magyarorsz\u00e1gon<\/h2>\n<p data-start=\"112\" data-end=\"657\"><strong data-start=\"108\" data-end=\"134\">WASPE 150K 150000 Puff<\/strong> egy dologra lett tervezve: <strong data-start=\"159\" data-end=\"204\">maxim\u00e1lis \u00fczemid\u0151 val\u00f3di \u00edzv\u00e1ltozatoss\u00e1ggal<\/strong> egy egys\u00e9gben. Ez ak\u00e1r <strong data-start=\"236\" data-end=\"253\">150 000 sz\u00edv\u00e1s<\/strong>, haszn\u00e1l egy <strong data-start=\"262\" data-end=\"300\">6-in-1 kapcsolhat\u00f3 patronrendszert<\/strong>, \u00e9s egy <strong data-start=\"316\" data-end=\"350\">64ml el\u0151re t\u00f6lt\u00f6tt e-liquid k\u00e9szlettel rendelkezik<\/strong>\u2014\u00edgy nem kell hetente cser\u00e9lni az eszk\u00f6z\u00f6ket. Egy <strong data-start=\"397\" data-end=\"422\">1.0\u03a9 h\u00e1romszoros h\u00e1l\u00f3s tekercs<\/strong> tartja s\u0171r\u0171n a vaport \u00e9s tiszt\u00e1n az \u00edzt a v\u00e1ltoztat\u00e1sok sor\u00e1n, mik\u00f6zben a <strong data-start=\"494\" data-end=\"515\">LED intelligens kijelz\u0151<\/strong> egy\u00e9rtelm\u0171en mutatja az akkumul\u00e1tor \u00e9s az e-liquid \u00e1llapot\u00e1t. Egy <strong data-start=\"566\" data-end=\"604\">650mAh Type-C \u00fajrat\u00f6lthet\u0151 akkumul\u00e1tor<\/strong> \u00e9s nikotin opci\u00f3kkal <strong data-start=\"626\" data-end=\"640\">0%, 2%, 5%<\/strong>, mind szem\u00e9lyes felhaszn\u00e1l\u00f3knak, mind nagykereskedelmi v\u00e1s\u00e1rl\u00f3knak megfelel, akik magas ig\u00e9ny\u0171 term\u00e9ket keresnek <strong data-start=\"726\" data-end=\"737\">Vape PL<\/strong> \u00e9s sz\u00e9lesebb EU piacokra.<\/p>\n<h3 data-start=\"996\" data-end=\"1043\">Mi\u00e9rt ny\u00fajt a WASPE 150K 150000 Puff jobb \u00e9rt\u00e9ket puffonk\u00e9nt?<\/h3>\n<ul data-start=\"1045\" data-end=\"2676\">\n<li data-start=\"1045\" data-end=\"1422\">\n<p data-start=\"1047\" data-end=\"1422\"><strong data-start=\"1047\" data-end=\"1096\">150K tart\u00f3ss\u00e1g egy nagy 64ml-es k\u00e9szlettel t\u00e1mogatva.<\/strong> A <strong data-start=\"1101\" data-end=\"1123\">WASPE 150000 Puff<\/strong> form\u00e1tum c\u00e9lja a folyamatos cser\u00e9k cs\u00f6kkent\u00e9se, ez\u00e9rt kap figyelmet Lengyelorsz\u00e1gban \u00e9s azon t\u00fal. Sok felhaszn\u00e1l\u00f3 sz\u00e1m\u00e1ra, akik \u00f6sszehasonl\u00edtj\u00e1k <strong data-start=\"1254\" data-end=\"1269\">Vapor \u00e1r\u00e1t<\/strong> a hossz\u00fa \u00e9lettartam ellen <strong data-start=\"1290\" data-end=\"1301\">Vape PL<\/strong>, egy ilyen kapacit\u00e1s\u00fa eszk\u00f6z sokkal alacsonyabb napi k\u00f6lts\u00e9get biztos\u00edt, mint a gyorsan kifogy\u00f3 \u201eLegjobb eldobhat\u00f3\u201d k\u00e9sz\u00fcl\u00e9kek.<\/p>\n<\/li>\n<li data-start=\"1424\" data-end=\"1739\">\n<p data-start=\"1426\" data-end=\"1739\"><strong data-start=\"1426\" data-end=\"1482\">6-in-1 patron v\u00e1lt\u00e1s megakad\u00e1lyozza az \u00edz kifullad\u00e1s\u00e1t.<\/strong> Egy hossz\u00fa \u00e9lettartam\u00fa eszk\u00f6z csak akkor m\u0171k\u00f6dik, ha k\u00e9t h\u00e9t ut\u00e1n is \u00e9lvezed. A <strong data-start=\"1556\" data-end=\"1598\">6-in-1 patron ecig st\u00edlus\u00fa patron rendszer<\/strong> azonnal cser\u00e9lhet\u0151 \u00edzeket tesz lehet\u0151v\u00e9, \u00edgy k\u00f6nnyebb egy egys\u00e9ggel maradni, ahelyett, hogy t\u00f6bb vapet v\u00e1s\u00e1roln\u00e1l, hogy egy \u00faj <strong data-start=\"1722\" data-end=\"1738\">p\u00e1ra \u00edz\u00e9t keresd<\/strong>.<\/p>\n<\/li>\n<li data-start=\"1741\" data-end=\"2061\">\n<p data-start=\"1743\" data-end=\"2061\"><strong data-start=\"1743\" data-end=\"1807\">A h\u00e1romszoros h\u00e1l\u00f3s tekercs kimenet sim\u00e1n tart az \u00edzv\u00e1lt\u00e1sok sor\u00e1n.<\/strong> A <strong data-start=\"1812\" data-end=\"1837\">1.0\u03a9 h\u00e1romszoros h\u00e1l\u00f3s tekercs<\/strong> egyenletesen osztja el a h\u0151t, \u00e9s seg\u00edt fenntartani a k\u00f6vetkezetes g\u0151z\u00f6l\u00e9st \u00e9s \u00edzt. Ez fontos, amikor \u00edzeket v\u00e1ltasz\u2014az olcs\u00f3 tekercsek elmoshatj\u00e1k az \u00edzt vagy \u00e9rezhet\u0151k durv\u00e1nak. A WASPE tekercsbe\u00e1ll\u00edt\u00e1sa tiszta \u00e1tmeneteket c\u00e9loz meg, kevesebb sz\u00e1raz, karcos h\u00faz\u00e1ssal.<\/p>\n<\/li>\n<li data-start=\"2063\" data-end=\"2363\">\n<p data-start=\"2065\" data-end=\"2363\"><strong data-start=\"2065\" data-end=\"2111\">\u00dajrat\u00f6lthet\u0151 akkumul\u00e1tor tartja az \u00e9rt\u00e9ket \u0151szint\u00e9n.<\/strong> A <strong data-start=\"2117\" data-end=\"2143\">650mAh Type-C t\u00f6lt\u00e9s<\/strong>, az eszk\u00f6z gyorsan felt\u00f6lthet\u0151, \u00e9s hossz\u00fa \u00e9lettartam\u00e1n kereszt\u00fcl haszn\u00e1lhat\u00f3. Ez cs\u00f6kkenti a \u201eaz akkumul\u00e1tor els\u0151k\u00e9nt lemer\u00fcl\u201d hullad\u00e9kot\u2014az egyik f\u0151 probl\u00e9ma, amivel az emberek szembes\u00fclnek, amikor v\u00e1s\u00e1rolnak <strong data-start=\"2306\" data-end=\"2328\">Olcs\u00f3 e-cigarett\u00e1k<\/strong> amelyek nem hossz\u00fa haszn\u00e1latra k\u00e9sz\u00fcltek.<\/p>\n<\/li>\n<li data-start=\"2365\" data-end=\"2676\">\n<p data-start=\"2367\" data-end=\"2676\"><strong data-start=\"2367\" data-end=\"2422\">Szem\u00e9lyes haszn\u00e1latra \u00e9s nagykereskedelmi forgalomra egyar\u00e1nt tervezve.<\/strong> A f\u0151bb adatok (150 ezer sz\u00edv\u00e1s, 6 \u00edz, 64 ml, LED-k\u00e9perny\u0151) k\u00f6nnyen \u00e9rt\u00e9kes\u00edthet\u0151k kiskereskedelemben. A forgalmaz\u00f3k sz\u00e1m\u00e1ra ez egy egy\u00e9rtelm\u0171 t\u00f6rt\u00e9net, amely j\u00f3l m\u0171k\u00f6dik N\u00e9metorsz\u00e1gban, Spanyolorsz\u00e1gban, Franciaorsz\u00e1gban \u00e9s Hollandi\u00e1ban\u2014piacokon, ahol a nagy kapacit\u00e1s\u00fa eszk\u00f6z\u00f6k gyorsan mozognak.<\/p>\n<\/li>\n<\/ul>\n<p><strong><span style=\"color: #ff0000;\">Adja hozz\u00e1 Amy-t WhatsApp-on, hogy azonnali v\u00e1laszt \u00e9s vape kupont kapjon!<\/span><\/strong><\/p>\n<p><img fetchpriority=\"high\" decoding=\"async\" class=\"size-full wp-image-2932\" src=\"https:\/\/vapestornado.com\/wp-content\/uploads\/2024\/12\/Vape-Wholesale.jpg\" alt=\"Vape nagykereskedelem\" width=\"229\" height=\"300\" \/><\/p>\n<h3><a href=\"https:\/\/wa.me\/8617776015835\" target=\"_blank\" rel=\"noopener\"><span style=\"color: #ff0000;\"><strong>WhatsApp: +86 17776015835<\/strong><\/span><\/a><\/h3>\n<p>&nbsp;<\/p>\n<h2><strong>WASPE 150K 150000 Szippant\u00e1s Term\u00e9k Jellemz\u0151k<\/strong><\/h2>\n<table>\n<thead>\n<tr>\n<th>Jellemz\u0151k<\/th>\n<th>specifik\u00e1ci\u00f3<\/th>\n<th>Hogyan m\u0171k\u00f6dik<\/th>\n<\/tr>\n<\/thead>\n<tbody>\n<tr>\n<td>Term\u00e9k neve<\/td>\n<td>WASPE 150K 150000 Puff<\/td>\n<td>Ultra-nagy kapacit\u00e1s\u00fa eldobhat\u00f3 vape \u00edzv\u00e1lt\u00e1ssal<\/td>\n<\/tr>\n<tr>\n<td>F\u00faj\u00e1sok sz\u00e1ma<\/td>\n<td>Ak\u00e1r 150 000 sz\u00edv\u00e1s<\/td>\n<td>Tervezve a csere gyakoris\u00e1g\u00e1nak cs\u00f6kkent\u00e9s\u00e9re neh\u00e9z rutinn\u00e1l<\/td>\n<\/tr>\n<tr>\n<td>\u00cdzrendszer<\/td>\n<td>6-in-1 kapcsolhat\u00f3 patronrendszert<\/td>\n<td>Az \u00edzeket az egyik eszk\u00f6zben azonnal cser\u00e9lheted<\/td>\n<\/tr>\n<tr>\n<td>E-liquid kapacit\u00e1s<\/td>\n<td>64 ml el\u0151re t\u00f6lt\u00f6tt<\/td>\n<td>Nagy k\u00e9szlet hossz\u00fa \u00fcl\u00e9seket \u00e9s magas sz\u00edv\u00e1si \u00e9rt\u00e9ket t\u00e1mogat<\/td>\n<\/tr>\n<tr>\n<td>Tekercs<\/td>\n<td>1.0\u03a9 h\u00e1romszoros h\u00e1l\u00f3s tekercs<\/td>\n<td>Egyenletes hev\u00edt\u00e9s s\u0171r\u0171 g\u0151z eset\u00e9n \u00e9s k\u00f6vetkezetes \u00edz tisztas\u00e1g<\/td>\n<\/tr>\n<tr>\n<td>Akkumul\u00e1tor<\/td>\n<td>650mAh \u00fajrat\u00f6lthet\u0151<\/td>\n<td>\u00dajrat\u00f6lt\u00e9s sz\u00fcks\u00e9g szerint a teljes folyad\u00e9kell\u00e1t\u00e1s fenntart\u00e1s\u00e1hoz<\/td>\n<\/tr>\n<tr>\n<td>T\u00f6lt\u00e9s<\/td>\n<td>Type-C gyorst\u00f6lt\u00e9ssel<\/td>\n<td>Gyors felt\u00f6lt\u00e9sek \u00e1ltal\u00e1nos EU-s k\u00e1belekkel<\/td>\n<\/tr>\n<tr>\n<td>Kijelz\u0151<\/td>\n<td>LED intelligens kijelz\u0151<\/td>\n<td>Mutatja az akkumul\u00e1tor \u00e9s az e-liquid szintj\u00e9t a kisz\u00e1m\u00edthat\u00f3 napi haszn\u00e1lathoz<\/td>\n<\/tr>\n<tr>\n<td>Nikotin opci\u00f3k<\/td>\n<td>0% \/ 2% \/ 5%<\/td>\n<td>T\u00e1mogatja a nikotinmentes, alacsony \u00e9s er\u0151sebb preferenci\u00e1kat<\/td>\n<\/tr>\n<\/tbody>\n<\/table>\n<figure id=\"attachment_4416\" aria-describedby=\"caption-attachment-4416\" style=\"width: 300px\" class=\"wp-caption alignnone\"><img decoding=\"async\" class=\"size-medium wp-image-4416\" src=\"https:\/\/vapestornado.com\/wp-content\/uploads\/2025\/10\/WASPE-150K-150000-Puff-Disposable-Vape-Wholesale-Factory-Price-300x300.webp\" alt=\"WASPE 150K 150000 Szippant\u00e1s Egyszer Haszn\u00e1latos Vape Nagykereskedelmi Gy\u00e1ri \u00c1r\" width=\"300\" height=\"300\" srcset=\"https:\/\/vapestornado.com\/wp-content\/uploads\/2025\/10\/WASPE-150K-150000-Puff-Disposable-Vape-Wholesale-Factory-Price-300x300.webp 300w, https:\/\/vapestornado.com\/wp-content\/uploads\/2025\/10\/WASPE-150K-150000-Puff-Disposable-Vape-Wholesale-Factory-Price-150x150.webp 150w, https:\/\/vapestornado.com\/wp-content\/uploads\/2025\/10\/WASPE-150K-150000-Puff-Disposable-Vape-Wholesale-Factory-Price-768x768.webp 768w, https:\/\/vapestornado.com\/wp-content\/uploads\/2025\/10\/WASPE-150K-150000-Puff-Disposable-Vape-Wholesale-Factory-Price-12x12.webp 12w, https:\/\/vapestornado.com\/wp-content\/uploads\/2025\/10\/WASPE-150K-150000-Puff-Disposable-Vape-Wholesale-Factory-Price-600x600.webp 600w, https:\/\/vapestornado.com\/wp-content\/uploads\/2025\/10\/WASPE-150K-150000-Puff-Disposable-Vape-Wholesale-Factory-Price-100x100.webp 100w, https:\/\/vapestornado.com\/wp-content\/uploads\/2025\/10\/WASPE-150K-150000-Puff-Disposable-Vape-Wholesale-Factory-Price.webp 800w\" sizes=\"(max-width: 300px) 100vw, 300px\" \/><figcaption id=\"caption-attachment-4416\" class=\"wp-caption-text\">WASPE 150K 150000 Szippant\u00e1s Egyszer Haszn\u00e1latos Vape Nagykereskedelmi Gy\u00e1ri \u00c1r<\/figcaption><\/figure>\n<h2 class=\"product-title\"><strong>WASPE 150K 150000 Szippant\u00e1s Szippant\u00e1s \u00cdzlist\u00e1k<\/strong><\/h2>\n<p data-start=\"2550\" data-end=\"2736\">1. G\u00f6r\u00f6gdinnye J\u00e9g &amp; Citrom Lime &amp; Citrom S\u00e1rgabarack<br \/>\n2. \u00c1fonya J\u00e9g &amp; Eper Kiwi &amp; Cseresznye Eper J\u00e9g<br \/>\n3. Red Bull J\u00e9g &amp; M\u00e1lna Pomp &amp; Savany\u00fa Mang\u00f3 Eper<br \/>\n4. Eper G\u00f6r\u00f6gdinnye &amp; Juicy Peach J\u00e9g &amp; Triple Berry J\u00e9g<br \/>\n5. Cseresznye K\u00f3la J\u00e9g &amp; Eper Red Bull J\u00e9g &amp; G\u00f6r\u00f6gdinnye M\u00e1lna<br \/>\n6. Sz\u0151l\u0151 J\u00e9g &amp; K\u00e9k Razz Cseresznye &amp; Eper J\u00e9g<br \/>\n7. Vegyes Bogy\u00f3k &amp; Fekete S\u00e1rk\u00e1ny J\u00e9g &amp; Eper Cseresznye K\u00f3la<br \/>\n8. Sz\u00e9nsavas K\u00f3la J\u00e9g &amp; Energiaital &amp; Cseresznye J\u00e9g<br \/>\n9. Eper Ban\u00e1n &amp; Kiwi G\u00f6r\u00f6gdinnye &amp; K\u00f3kusz Eper<br \/>\n10. Red Bull K\u00f3la J\u00e9g &amp; Eper M\u00e1lna Cseresznye &amp; Fekete \u00c1fonya S\u00e1rk\u00e1ny Gy\u00fcm\u00f6lcs<br \/>\n11. Eper G\u00f6r\u00f6gdinnye Bubor\u00e9kf\u00faj\u00e1s &amp; Savany\u00fa Mang\u00f3 J\u00e9g &amp; Eper Sz\u0151l\u0151 J\u00e9g<br \/>\n12. Dinnye, Passion Fruit &amp; Fekete \u00c1fonya J\u00e9g &amp; Alma Kivi<\/p>\n<div class=\"flex-shrink-0 flex flex-col relative items-end\">\n<div class=\"pt-0\">\n<div class=\"gizmo-bot-avatar flex h-8 w-8 items-center justify-center overflow-hidden rounded-full\">\n<div class=\"relative p-1 rounded-sm flex items-center justify-center bg-token-main-surface-primary text-token-text-primary h-8 w-8\">\n<h2 data-start=\"1200\" data-end=\"1487\">Vapes Torn\u00e1d\u00f3 \u2013 Az \u00d6n Nagykereskedelmi Online Vape \u00c1ruh\u00e1za a Legjobb Vape M\u00e1rk\u00e1khoz<\/h2>\n<p data-start=\"1200\" data-end=\"1487\"><strong data-start=\"141\" data-end=\"177\">Vapes Tornado Online Doh\u00e1nybolt<\/strong> az \u00d6n megb\u00edzhat\u00f3 forr\u00e1sa <strong data-start=\"205\" data-end=\"270\">pr\u00e9mium egyszer haszn\u00e1latos vapek \u00e9s nagykereskedelmi e-cigarett\u00e1k sz\u00e1m\u00e1ra Eur\u00f3p\u00e1ban<\/strong>. K\u00edn\u00e1latunkban megtal\u00e1lhat\u00f3k a legkelend\u0151bb m\u00e1rk\u00e1k, mint p\u00e9ld\u00e1ul <strong data-start=\"307\" data-end=\"362\"><a href=\"https:\/\/vapestornado.com\/hu\/product\/randm-12000-puffs-fumot-digital-disposable-vape-wholesale-price\/\">Fumot VAPE<\/a>, <a href=\"https:\/\/vapestornado.com\/hu\/product\/original-wga-ultra-35k-35000-puff-rechargeable-crystal-disposable-nicotine-vape-best-discount-price\/\">WGA VAPE<\/a>, <\/strong><strong data-start=\"307\" data-end=\"362\"><a href=\"https:\/\/vapestornado.com\/hu\/product\/vozol-gear-shisha-25k-25000-puffs-best-dtl-disposable-vape-hookah-cheap-price\/\">VOZOL BAR VAPE<\/a>, \u00a0 Bang Vape<\/strong>, \u00e9s m\u00e9g sok m\u00e1s, biztos\u00edtva a min\u0151s\u00e9get \u00e9s a v\u00e1ltozatoss\u00e1got minden v\u00e1s\u00e1rl\u00f3 sz\u00e1m\u00e1ra. Ak\u00e1r egy\u00e9ni vaperek\u00e9nt, ak\u00e1r nagykeresked\u0151k\u00e9nt v\u00e1s\u00e1rolsz, mi sz\u00e1ll\u00edtunk <strong data-start=\"481\" data-end=\"550\">magas teljes\u00edtm\u00e9ny\u0171 eszk\u00f6z\u00f6ket, st\u00edlusos kialak\u00edt\u00e1sokat \u00e9s versenyk\u00e9pes \u00e1rakat<\/strong> az ig\u00e9nyeid kiel\u00e9g\u00edt\u00e9s\u00e9re.<\/p>\n<h2 data-start=\"2064\" data-end=\"2115\">GYIK a WASPE 150K 150000 Szippant\u00f3s Egyszer haszn\u00e1latos Vape-r\u0151l<\/h2>\n<ol data-start=\"3648\" data-end=\"4929\">\n<li data-start=\"3648\" data-end=\"3906\">\n<p data-start=\"3651\" data-end=\"3906\"><strong data-start=\"3651\" data-end=\"3759\">Hogyan kezeli a WASPE 150K 150000 Puff 64ml eldobhat\u00f3 vape a hossz\u00fa t\u00e1v\u00fa napi haszn\u00e1latot an\u00e9lk\u00fcl, hogy gyorsan kifakulna?<\/strong><br data-start=\"3759\" data-end=\"3762\" \/>A 64ml kapacit\u00e1s t\u00e1mogatja a hosszabb haszn\u00e1latot, \u00e9s a Type-C \u00fajrat\u00f6lthet\u0151s\u00e9g folyamatos m\u0171k\u00f6d\u00e9st biztos\u00edt, \u00edgy val\u00f3ban el\u00e9rheti a k\u00e9sz\u00fcl\u00e9k hossz\u00fa \u00e9lettartam\u00e1t.<\/p>\n<\/li>\n<li data-start=\"3908\" data-end=\"4121\">\n<p data-start=\"3911\" data-end=\"4121\"><strong data-start=\"3911\" data-end=\"3997\">Tartja-e a WASPE 150000 Puffs 6-in-1 patron rendszer az \u00edzt frissen heteken \u00e1t?<\/strong><br data-start=\"3997\" data-end=\"4000\" \/>Igen. Az \u00edzek v\u00e1ltogat\u00e1sa cs\u00f6kkenti a \u201e\u00edzf\u00e1radts\u00e1got\u201d, ami a f\u0151 oka annak, hogy sok felhaszn\u00e1l\u00f3 kor\u00e1n elhagyja a nagy kapacit\u00e1s\u00fa eszk\u00f6z\u00f6ket.<\/p>\n<\/li>\n<li data-start=\"4123\" data-end=\"4389\">\n<p data-start=\"4126\" data-end=\"4389\"><strong data-start=\"4126\" data-end=\"4227\">Milyen k\u00fcl\u00f6nbs\u00e9get jelent egy 1.0\u03a9 h\u00e1romszoros h\u00e1l\u00f3s tekercs egy pod ecig st\u00edlus\u00fa eldobhat\u00f3 eszk\u00f6zben, mint a WASPE 150K?<\/strong><br data-start=\"4227\" data-end=\"4230\" \/>A h\u00e1romszoros h\u00e1l\u00f3s hev\u00edt\u00e9s egyenletesebben osztja el a h\u0151t, jav\u00edtva a g\u0151z simas\u00e1g\u00e1t \u00e9s seg\u00edtve az \u00edzek tisztas\u00e1g\u00e1t \u2013 k\u00fcl\u00f6n\u00f6sen fontos, amikor t\u00f6bb \u00edzt v\u00e1ltogatnak.<\/p>\n<\/li>\n<li data-start=\"4391\" data-end=\"4632\">\n<p data-start=\"4394\" data-end=\"4632\"><strong data-start=\"4394\" data-end=\"4493\">Jobb \u00e9rt\u00e9ket ny\u00fajt-e a WASPE 150K, mint az olcs\u00f3 e-cigarett\u00e1k, ha a Vape \u00e1r\u00e1t n\u00e9zz\u00fck?<\/strong><br data-start=\"4493\" data-end=\"4496\" \/>Gyakran igen. M\u00e9g ha a kezdeti \u00e1r magasabb is, a napi k\u00f6lts\u00e9g alacsonyabb lehet a sokkal kevesebb cser\u00e9nek \u00e9s az \u00fajrat\u00f6lthet\u0151s\u00e9gnek k\u00f6sz\u00f6nhet\u0151en.<\/p>\n<\/li>\n<li data-start=\"4634\" data-end=\"4929\">\n<p data-start=\"4637\" data-end=\"4929\"><strong data-start=\"4637\" data-end=\"4746\">Kinek a sz\u00e1m\u00e1ra a legalkalmasabb a WASPE 150K 150000 Puff \u2013 k\u00f6nny\u0171 haszn\u00e1l\u00f3knak vagy intenz\u00edv felhaszn\u00e1l\u00f3knak, akik er\u0151s vapert keresnek?<\/strong><br data-start=\"4746\" data-end=\"4749\" \/>Els\u0151sorban azoknak k\u00e9sz\u00fclt, akik intenz\u00edvebb rutint folytatnak, \u00e9s akik v\u00e1ltozatoss\u00e1got keresnek an\u00e9lk\u00fcl, hogy t\u00f6bb k\u00e9sz\u00fcl\u00e9ket kellene cipelni\u00fck. A nikotin opci\u00f3k (0%, 2%, 5%) mindk\u00e9t preferenci\u00e1hoz illenek, ak\u00e1r k\u00f6nny\u0171, ak\u00e1r er\u0151sebb vapert keresnek.<\/p>\n<\/li>\n<\/ol>\n<\/div>\n<\/div>\n<\/div>\n<\/div>","protected":false},"excerpt":{"rendered":"<p data-start=\"3411\" data-end=\"3490\">WASPE 150K 150000 Sz\u00edv\u00e1s eldobhat\u00f3 vape 6-az-1 \u00edzpatront rendszerrel, 64ml el\u0151re t\u00f6lt\u00f6tt e-liquid, 1.0\u03a9 h\u00e1romszoros h\u00e1l\u00f3s tekercs, LED okos kijelz\u0151 \u00e9s 650mAh Type-C t\u00f6lt\u00e9s. Er\u0151s hossz\u00fa \u00e9lettartam \u00e9rt\u00e9k Vape PL v\u00e1s\u00e1rl\u00f3knak, \u00f6sszehasonl\u00edtva a Vapor \u00e1r\u00e1t, legjobb eldobhat\u00f3k \u00e9s olcs\u00f3 e-cigarett\u00e1k, pod ecig st\u00edlus\u00fa \u00edzv\u00e1lt\u00e1ssal.<\/p>\n<p><strong>Add hozz\u00e1 Amy whatsappj\u00e1t, hogy azonnali v\u00e1laszt \u00e9s kedvezm\u00e9nyes \u00e1rat kapj!<\/strong><\/p>\n<p><img fetchpriority=\"high\" decoding=\"async\" class=\"size-full wp-image-2932\" src=\"https:\/\/vapestornado.com\/wp-content\/uploads\/2024\/12\/Vape-Wholesale.jpg\" alt=\"Vape nagykereskedelem\" width=\"229\" height=\"300\" \/><\/p>\n<h3><a href=\"https:\/\/wa.me\/8617776015835\"><span style=\"color: #ff0000;\"><strong>WhatsApp: +86 17776015835<\/strong><\/span><\/a><\/h3>","protected":false},"featured_media":4421,"comment_status":"open","ping_status":"closed","template":"","meta":{"_acf_changed":false,"_uag_custom_page_level_css":"","_lmt_disableupdate":"no","_lmt_disable":"","_monsterinsights_skip_tracking":false,"_monsterinsights_sitenote_active":false,"_monsterinsights_sitenote_note":"","_monsterinsights_sitenote_category":0,"site-sidebar-layout":"default","site-content-layout":"","ast-site-content-layout":"default","site-content-style":"default","site-sidebar-style":"default","ast-global-header-display":"","ast-banner-title-visibility":"","ast-main-header-display":"","ast-hfb-above-header-display":"","ast-hfb-below-header-display":"","ast-hfb-mobile-header-display":"","site-post-title":"","ast-breadcrumbs-content":"","ast-featured-img":"","footer-sml-layout":"","ast-disable-related-posts":"","theme-transparent-header-meta":"default","adv-header-id-meta":"","stick-header-meta":"","header-above-stick-meta":"","header-main-stick-meta":"","header-below-stick-meta":"","astra-migrate-meta-layouts":"set","ast-page-background-enabled":"default","ast-page-background-meta":{"desktop":{"background-color":"","background-image":"","background-repeat":"repeat","background-position":"center center","background-size":"auto","background-attachment":"scroll","background-type":"","background-media":"","overlay-type":"","overlay-color":"","overlay-opacity":"","overlay-gradient":""},"tablet":{"background-color":"","background-image":"","background-repeat":"repeat","background-position":"center center","background-size":"auto","background-attachment":"scroll","background-type":"","background-media":"","overlay-type":"","overlay-color":"","overlay-opacity":"","overlay-gradient":""},"mobile":{"background-color":"","background-image":"","background-repeat":"repeat","background-position":"center center","background-size":"auto","background-attachment":"scroll","background-type":"","background-media":"","overlay-type":"","overlay-color":"","overlay-opacity":"","overlay-gradient":""}},"ast-content-background-meta":{"desktop":{"background-color":"var(--ast-global-color-5)","background-image":"","background-repeat":"repeat","background-position":"center center","background-size":"auto","background-attachment":"scroll","background-type":"","background-media":"","overlay-type":"","overlay-color":"","overlay-opacity":"","overlay-gradient":""},"tablet":{"background-color":"var(--ast-global-color-5)","background-image":"","background-repeat":"repeat","background-position":"center center","background-size":"auto","background-attachment":"scroll","background-type":"","background-media":"","overlay-type":"","overlay-color":"","overlay-opacity":"","overlay-gradient":""},"mobile":{"background-color":"var(--ast-global-color-5)","background-image":"","background-repeat":"repeat","background-position":"center center","background-size":"auto","background-attachment":"scroll","background-type":"","background-media":"","overlay-type":"","overlay-color":"","overlay-opacity":"","overlay-gradient":""}},"_joinchat":[]},"product_brand":[],"product_cat":[394,154,142,144,146,60],"product_tag":[387,287,388,390,393,386,392,391],"class_list":{"0":"post-4422","1":"product","2":"type-product","3":"status-publish","4":"has-post-thumbnail","6":"product_cat-150000-puff","7":"product_cat-buy-disposable-vapes-in-netherlands","8":"product_cat-digital-box-disposable-vapes","9":"product_cat-low-nicotine-disposable-vapes","10":"product_cat-rechargeable-disposable-vapes","11":"product_cat-waspe-fihp-vape","12":"product_tag-cigarette-vapor","13":"product_tag-disposable-vape-pen","14":"product_tag-e-vape","15":"product_tag-online-vape-shop","16":"product_tag-vape-cartridge","17":"product_tag-vape-pen","18":"product_tag-waspe-150000-puff","19":"product_tag-waspe-150k","20":"desktop-align-left","21":"tablet-align-left","22":"mobile-align-left","24":"first","25":"instock","26":"sale","27":"shipping-taxable","28":"purchasable","29":"product-type-simple"},"acf":[],"uagb_featured_image_src":{"full":["https:\/\/vapestornado.com\/wp-content\/uploads\/2025\/10\/WASPE-AIVIOU-150K-Disposable-Vape-Wholesale-Price.webp",800,800,false],"thumbnail":["https:\/\/vapestornado.com\/wp-content\/uploads\/2025\/10\/WASPE-AIVIOU-150K-Disposable-Vape-Wholesale-Price-150x150.webp",150,150,true],"medium":["https:\/\/vapestornado.com\/wp-content\/uploads\/2025\/10\/WASPE-AIVIOU-150K-Disposable-Vape-Wholesale-Price-300x300.webp",300,300,true],"medium_large":["https:\/\/vapestornado.com\/wp-content\/uploads\/2025\/10\/WASPE-AIVIOU-150K-Disposable-Vape-Wholesale-Price-768x768.webp",768,768,true],"large":["https:\/\/vapestornado.com\/wp-content\/uploads\/2025\/10\/WASPE-AIVIOU-150K-Disposable-Vape-Wholesale-Price.webp",800,800,false],"1536x1536":["https:\/\/vapestornado.com\/wp-content\/uploads\/2025\/10\/WASPE-AIVIOU-150K-Disposable-Vape-Wholesale-Price.webp",800,800,false],"2048x2048":["https:\/\/vapestornado.com\/wp-content\/uploads\/2025\/10\/WASPE-AIVIOU-150K-Disposable-Vape-Wholesale-Price.webp",800,800,false],"trp-custom-language-flag":["https:\/\/vapestornado.com\/wp-content\/uploads\/2025\/10\/WASPE-AIVIOU-150K-Disposable-Vape-Wholesale-Price-12x12.webp",12,12,true],"woocommerce_thumbnail":["https:\/\/vapestornado.com\/wp-content\/uploads\/2025\/10\/WASPE-AIVIOU-150K-Disposable-Vape-Wholesale-Price-300x300.webp",300,300,true],"woocommerce_single":["https:\/\/vapestornado.com\/wp-content\/uploads\/2025\/10\/WASPE-AIVIOU-150K-Disposable-Vape-Wholesale-Price-600x600.webp",600,600,true],"woocommerce_gallery_thumbnail":["https:\/\/vapestornado.com\/wp-content\/uploads\/2025\/10\/WASPE-AIVIOU-150K-Disposable-Vape-Wholesale-Price-100x100.webp",100,100,true]},"uagb_author_info":{"display_name":"ESAMY","author_link":"https:\/\/vapestornado.com\/hu\/author\/"},"uagb_comment_info":1,"uagb_excerpt":"WASPE 150K 150000 Puff disposable vape with 6-in-1 flavour cartridge system, 64ml prefilled e-liquid, 1.0\u03a9 triple mesh coil, LED smart display and 650mAh Type-C recharge. Strong long-life value for Vape PL buyers comparing Vapor price, Best disposables and Cheap e-cigarettes, with pod ecig style flavour switching. Add Amy's whatsapp to get right reply and discount&hellip;","_links":{"self":[{"href":"https:\/\/vapestornado.com\/hu\/wp-json\/wp\/v2\/product\/4422","targetHints":{"allow":["GET"]}}],"collection":[{"href":"https:\/\/vapestornado.com\/hu\/wp-json\/wp\/v2\/product"}],"about":[{"href":"https:\/\/vapestornado.com\/hu\/wp-json\/wp\/v2\/types\/product"}],"replies":[{"embeddable":true,"href":"https:\/\/vapestornado.com\/hu\/wp-json\/wp\/v2\/comments?post=4422"}],"wp:featuredmedia":[{"embeddable":true,"href":"https:\/\/vapestornado.com\/hu\/wp-json\/wp\/v2\/media\/4421"}],"wp:attachment":[{"href":"https:\/\/vapestornado.com\/hu\/wp-json\/wp\/v2\/media?parent=4422"}],"wp:term":[{"taxonomy":"product_brand","embeddable":true,"href":"https:\/\/vapestornado.com\/hu\/wp-json\/wp\/v2\/product_brand?post=4422"},{"taxonomy":"product_cat","embeddable":true,"href":"https:\/\/vapestornado.com\/hu\/wp-json\/wp\/v2\/product_cat?post=4422"},{"taxonomy":"product_tag","embeddable":true,"href":"https:\/\/vapestornado.com\/hu\/wp-json\/wp\/v2\/product_tag?post=4422"}],"curies":[{"name":"wp","href":"https:\/\/api.w.org\/{rel}","templated":true}]}}