{"id":4411,"date":"2025-10-05T07:54:46","date_gmt":"2025-10-05T07:54:46","guid":{"rendered":"https:\/\/vapestornado.com\/?post_type=product&#038;p=4411"},"modified":"2025-09-30T09:13:19","modified_gmt":"2025-09-30T09:13:19","slug":"aivono-flame-30000-puffs-disposable-e-vapor-wholesale-at-low-price","status":"publish","type":"product","link":"https:\/\/vapestornado.com\/hu\/product\/aivono-flame-30000-puffs-disposable-e-vapor-wholesale-at-low-price\/","title":{"rendered":"AIVONO FLAME 30000 slukkos eldobhat\u00f3 E-cigaretta nagykereskedelem alacsony \u00e1ron"},"content":{"rendered":"<h2 data-pm-slice=\"1 1 []\">AIVONO FLAME 30000 Egyszer haszn\u00e1latos Vape \u2013 Nagykereskedelmi E Vape Toll<\/h2>\n<p data-start=\"232\" data-end=\"653\">A <strong data-start=\"236\" data-end=\"278\">AIVONO FLAME 30000 Egyszer haszn\u00e1latos Vape Toll<\/strong> \u00e9p\u00fclt a magyar nagykereskedelmi piac sz\u00e1m\u00e1ra, ak\u00e1r <strong data-start=\"340\" data-end=\"356\">30 000 slukk<\/strong> egy <strong data-start=\"364\" data-end=\"386\">25mL e-liquid tart\u00e1ly<\/strong>. Kifejlesztve pr\u00e9mium <strong data-start=\"410\" data-end=\"420\">e vape<\/strong> opci\u00f3k\u00e9nt, teljes el\u00e9gedetts\u00e9get ny\u00fajtva a felhaszn\u00e1l\u00f3knak egy <strong data-start=\"471\" data-end=\"490\">cigaretta g\u0151z<\/strong> alternat\u00edv\u00e1val gazdag \u00edzzel \u00e9s sima h\u00faz\u00e1ssal. A kiskeresked\u0151k hossz\u00fa \u00e9lettartam\u00fa kialak\u00edt\u00e1s\u00e1nak k\u00f6sz\u00f6nhet\u0151en profit\u00e1lnak, ami cs\u00f6kkenti a cser\u00e9k gyakoris\u00e1g\u00e1t \u00e9s n\u00f6veli az \u00e9rt\u00e9kes\u00edt\u00e9si potenci\u00e1lt.<\/p>\n<p data-start=\"655\" data-end=\"1065\">Egy <strong data-start=\"668\" data-end=\"720\">650mAh \u00fajrat\u00f6lthet\u0151 akkumul\u00e1tor Type-C t\u00f6lt\u00e9ssel<\/strong>, a <strong data-start=\"726\" data-end=\"746\">AIVONO FLAME 30k<\/strong> \u00e1lland\u00f3 teljes\u00edtm\u00e9nyre k\u00e9sz\u00fclt. A <strong data-start=\"787\" data-end=\"810\">1.2\u03a9 k\u00e9tlapos h\u00e1l\u00f3tek\u0151<\/strong> s\u0171r\u0171 felh\u0151ket \u00e9s tiszta \u00edzvil\u00e1got eredm\u00e9nyez, m\u00edg az <strong data-start=\"868\" data-end=\"898\">\u00e1ll\u00edthat\u00f3 2-sebess\u00e9g\u0171 l\u00e9g\u00e1raml\u00e1s<\/strong> lehet\u0151v\u00e9 teszi a felhaszn\u00e1l\u00f3knak, hogy a szorosabb MTL inhal\u00e1l\u00e1s vagy a laz\u00e1bb RDL \u00e9rz\u00e9s k\u00f6z\u00f6tt v\u00e1lasszanak. Az <strong data-start=\"972\" data-end=\"992\">LED k\u00e9t kijelz\u0151<\/strong> lehet\u0151v\u00e9 teszi a felhaszn\u00e1l\u00f3knak, hogy kontroll\u00e1lj\u00e1k az akkumul\u00e1tor \u00e9s az e-liquid szinteket val\u00f3s id\u0151ben.<\/p>\n<p data-start=\"1067\" data-end=\"1483\">El\u00e9rhet\u0151 nagykereskedelmi \u00e1rakon megb\u00edzhat\u00f3 <strong data-start=\"1114\" data-end=\"1134\">online vape bolt<\/strong> partnerek, a <strong data-start=\"1149\" data-end=\"1171\">AIVONO FLAME 30000<\/strong> top \u00edzekben \u00e9rkezik, mint p\u00e9ld\u00e1ul Mang\u00f3 J\u00e9g, Sz\u0151l\u0151 J\u00e9g, \u00c1fonya J\u00e9g, \u00c1fonya, Gr\u00e1n\u00e1talma \u00e9s Eper-Mel\u00f3n. Ezzel <strong data-start=\"1300\" data-end=\"1325\">gyermekz\u00e1r v\u00e9delem<\/strong> \u00e9s tart\u00f3s kivitel, ez az eldobhat\u00f3<strong data-start=\"1368\" data-end=\"1393\">\u00a0vape toll<\/strong> az eur\u00f3pai forgalmaz\u00f3k \u00e9s v\u00e9gfelhaszn\u00e1l\u00f3k okos v\u00e1laszt\u00e1sa.<\/p>\n<p><strong><span style=\"color: #ff0000;\">Adja hozz\u00e1 Amy-t WhatsApp-on, hogy azonnali v\u00e1laszt \u00e9s vape kupont kapjon!<\/span><\/strong><\/p>\n<p><img fetchpriority=\"high\" decoding=\"async\" class=\"size-full wp-image-2932\" src=\"https:\/\/vapestornado.com\/wp-content\/uploads\/2024\/12\/Vape-Wholesale.jpg\" alt=\"Vape nagykereskedelem\" width=\"229\" height=\"300\" \/><\/p>\n<h3><a href=\"https:\/\/wa.me\/8617776015835\" target=\"_blank\" rel=\"noopener\"><span style=\"color: #ff0000;\"><strong>WhatsApp: +86 17776015835<\/strong><\/span><\/a><\/h3>\n<p>&nbsp;<\/p>\n<h2><strong>AIVONO AIM FLAME 30000 Puff Term\u00e9k Jellemz\u0151k<\/strong><\/h2>\n<ul>\n<li data-start=\"1288\" data-end=\"1365\">\n<p data-start=\"1290\" data-end=\"1365\"><strong data-start=\"1290\" data-end=\"1312\">Ak\u00e1r 30 000 sz\u00edv\u00e1s<\/strong> \u2013 Hosszabb haszn\u00e1latra \u00e9s nagykereskedelmi hat\u00e9konys\u00e1gra tervezve.<\/p>\n<\/li>\n<li data-start=\"1366\" data-end=\"1439\">\n<p data-start=\"1368\" data-end=\"1439\"><strong data-start=\"1368\" data-end=\"1390\">25mL e-liquid tart\u00e1ly<\/strong> \u2013 Hosszabb vaporiz\u00e1l\u00e1si szekci\u00f3k cser\u00e9k n\u00e9lk\u00fcl.<\/p>\n<\/li>\n<li data-start=\"1440\" data-end=\"1518\">\n<p data-start=\"1442\" data-end=\"1518\"><strong data-start=\"1442\" data-end=\"1473\">650mAh-s \u00fajrat\u00f6lthet\u0151 akkumul\u00e1tor<\/strong> \u2013 Gyors <strong data-start=\"1481\" data-end=\"1500\">\u00e9s a Type-C t\u00f6lt\u00e9s<\/strong> k\u00e9sz\u00edti el\u0151.<\/p>\n<\/li>\n<li data-start=\"1519\" data-end=\"1596\">\n<p data-start=\"1521\" data-end=\"1596\"><strong data-start=\"1521\" data-end=\"1546\">Dupla h\u00e1l\u00f3s tekercs (1.2\u03a9)<\/strong> \u2013 Gazdagabb \u00edz \u00e9s sim\u00e1bb g\u0151z\u00e1llag.<\/p>\n<\/li>\n<li data-start=\"1597\" data-end=\"1672\">\n<p data-start=\"1599\" data-end=\"1672\"><strong data-start=\"1599\" data-end=\"1629\">2-sebess\u00e9g\u0171 \u00e1ll\u00edthat\u00f3 l\u00e9g\u00e1raml\u00e1s<\/strong> \u2013 V\u00e1lt\u00e1s <strong data-start=\"1647\" data-end=\"1669\">MTL \u00e9s DTL vaporiz\u00e1l\u00e1s k\u00f6z\u00f6tt<\/strong>.<\/p>\n<\/li>\n<li data-start=\"1673\" data-end=\"1736\">\n<p data-start=\"1675\" data-end=\"1736\"><strong data-start=\"1675\" data-end=\"1696\">Gyermekz\u00e1r biztons\u00e1g<\/strong> \u2013 Tov\u00e1bbi v\u00e9delem a nyugalom\u00e9rt.<\/p>\n<\/li>\n<li data-start=\"1737\" data-end=\"1804\">\n<p data-start=\"1739\" data-end=\"1804\"><strong data-start=\"1739\" data-end=\"1759\">LED k\u00e9t kijelz\u0151<\/strong> \u2013 Val\u00f3s idej\u0171 e-folyad\u00e9k \u00e9s akkumul\u00e1tor nyomon k\u00f6vet\u00e9se.<\/p>\n<\/li>\n<\/ul>\n<p>&nbsp;<\/p>\n<figure id=\"attachment_4409\" aria-describedby=\"caption-attachment-4409\" style=\"width: 300px\" class=\"wp-caption alignnone\"><img decoding=\"async\" class=\"size-medium wp-image-4409\" src=\"https:\/\/vapestornado.com\/wp-content\/uploads\/2025\/09\/Aivono-Flame-30k-30000-Puffs-Disposable-Vape-Box-300x300.webp\" alt=\"Aivono Flame 30k 30000 Puffs Eldobhat\u00f3 Vape Doboz\" width=\"300\" height=\"300\" srcset=\"https:\/\/vapestornado.com\/wp-content\/uploads\/2025\/09\/Aivono-Flame-30k-30000-Puffs-Disposable-Vape-Box-300x300.webp 300w, https:\/\/vapestornado.com\/wp-content\/uploads\/2025\/09\/Aivono-Flame-30k-30000-Puffs-Disposable-Vape-Box-150x150.webp 150w, https:\/\/vapestornado.com\/wp-content\/uploads\/2025\/09\/Aivono-Flame-30k-30000-Puffs-Disposable-Vape-Box-768x768.webp 768w, https:\/\/vapestornado.com\/wp-content\/uploads\/2025\/09\/Aivono-Flame-30k-30000-Puffs-Disposable-Vape-Box-12x12.webp 12w, https:\/\/vapestornado.com\/wp-content\/uploads\/2025\/09\/Aivono-Flame-30k-30000-Puffs-Disposable-Vape-Box-600x600.webp 600w, https:\/\/vapestornado.com\/wp-content\/uploads\/2025\/09\/Aivono-Flame-30k-30000-Puffs-Disposable-Vape-Box-100x100.webp 100w, https:\/\/vapestornado.com\/wp-content\/uploads\/2025\/09\/Aivono-Flame-30k-30000-Puffs-Disposable-Vape-Box.webp 800w\" sizes=\"(max-width: 300px) 100vw, 300px\" \/><figcaption id=\"caption-attachment-4409\" class=\"wp-caption-text\">Aivono Flame 30k 30000 Puffs Eldobhat\u00f3 Vape Doboz<\/figcaption><\/figure>\n<p>&nbsp;<\/p>\n<h2 class=\"product-title\"><strong>AIVONOFLAME 30000 Puff \u00cdzek Lista<\/strong><\/h2>\n<p data-start=\"2550\" data-end=\"2736\">1.Mango J\u00e9g<br \/>\n2.rap\u00e9 J\u00e9g<br \/>\n3.\u00c1fonya j\u00e9g<br \/>\n4.M\u00e1lna \u00c1fonya Gr\u00e1n\u00e1talma<br \/>\n5.Eper G\u00f6r\u00f6gdinnye<\/p>\n<div class=\"flex-shrink-0 flex flex-col relative items-end\">\n<div class=\"pt-0\">\n<div class=\"gizmo-bot-avatar flex h-8 w-8 items-center justify-center overflow-hidden rounded-full\">\n<div class=\"relative p-1 rounded-sm flex items-center justify-center bg-token-main-surface-primary text-token-text-primary h-8 w-8\">\n<h2 data-start=\"1200\" data-end=\"1487\">Vapes Torn\u00e1d\u00f3 \u2013 Az \u00d6n Nagykereskedelmi Online Vape \u00c1ruh\u00e1za a Legjobb Vape M\u00e1rk\u00e1khoz<\/h2>\n<p data-start=\"1200\" data-end=\"1487\"><strong data-start=\"141\" data-end=\"177\">Vapes Tornado Online Doh\u00e1nybolt<\/strong> az \u00d6n megb\u00edzhat\u00f3 forr\u00e1sa <strong data-start=\"205\" data-end=\"270\">pr\u00e9mium egyszer haszn\u00e1latos vapek \u00e9s nagykereskedelmi e-cigarett\u00e1k sz\u00e1m\u00e1ra Eur\u00f3p\u00e1ban<\/strong>. K\u00edn\u00e1latunkban megtal\u00e1lhat\u00f3k a legkelend\u0151bb m\u00e1rk\u00e1k, mint p\u00e9ld\u00e1ul <strong data-start=\"307\" data-end=\"362\"><a href=\"https:\/\/vapestornado.com\/hu\/product\/randm-12000-puffs-fumot-digital-disposable-vape-wholesale-price\/\">Fumot VAPE<\/a>, <a href=\"https:\/\/vapestornado.com\/hu\/product\/original-wga-ultra-35k-35000-puff-rechargeable-crystal-disposable-nicotine-vape-best-discount-price\/\">WGA VAPE<\/a>, <\/strong><strong data-start=\"307\" data-end=\"362\"><a href=\"https:\/\/vapestornado.com\/hu\/product\/vozol-gear-shisha-25k-25000-puffs-best-dtl-disposable-vape-hookah-cheap-price\/\">VOZOL BAR VAPE<\/a>, \u00a0 Bang Vape<\/strong>, \u00e9s m\u00e9g sok m\u00e1s, biztos\u00edtva a min\u0151s\u00e9get \u00e9s a v\u00e1ltozatoss\u00e1got minden v\u00e1s\u00e1rl\u00f3 sz\u00e1m\u00e1ra. Ak\u00e1r egy\u00e9ni vaperek\u00e9nt, ak\u00e1r nagykeresked\u0151k\u00e9nt v\u00e1s\u00e1rolsz, mi sz\u00e1ll\u00edtunk <strong data-start=\"481\" data-end=\"550\">magas teljes\u00edtm\u00e9ny\u0171 eszk\u00f6z\u00f6ket, st\u00edlusos kialak\u00edt\u00e1sokat \u00e9s versenyk\u00e9pes \u00e1rakat<\/strong> az ig\u00e9nyeid kiel\u00e9g\u00edt\u00e9s\u00e9re.<\/p>\n<h2 data-start=\"2064\" data-end=\"2115\">Gyakran Ism\u00e9telt K\u00e9rd\u00e9sek az AIVONO 30000 Puff Eldobhat\u00f3 Vape-r\u0151l<\/h2>\n<p data-start=\"1856\" data-end=\"2020\"><strong data-start=\"1856\" data-end=\"1903\">1. Meddig tart az AIVONO FLAME 30K?<\/strong><br data-start=\"1903\" data-end=\"1906\" \/>Minden eszk\u00f6z ak\u00e1r <strong data-start=\"1933\" data-end=\"1949\">30 000 slukk<\/strong>, \u00edgy az egyik leghosszabb \u00e9lettartam\u00fa eldobhat\u00f3 vape a kateg\u00f3ri\u00e1j\u00e1ban.<\/p>\n<p data-start=\"2022\" data-end=\"2154\"><strong data-start=\"2022\" data-end=\"2057\">2. \u00dajrat\u00f6lthet\u0151 az akkumul\u00e1tor?<\/strong><br data-start=\"2057\" data-end=\"2060\" \/>Igen. Tartozik hozz\u00e1 egy <strong data-start=\"2081\" data-end=\"2112\">650mAh-s \u00fajrat\u00f6lthet\u0151 akkumul\u00e1tor<\/strong> \u00e9s a <strong data-start=\"2117\" data-end=\"2132\">Type-C csatlakoz\u00f3<\/strong> gyors t\u00f6lt\u00e9shez.<\/p>\n<p data-start=\"2156\" data-end=\"2307\"><strong data-start=\"2156\" data-end=\"2198\">3. T\u00e1mogatja az \u00e1ll\u00edthat\u00f3 l\u00e9g\u00e1raml\u00e1st?<\/strong><br data-start=\"2198\" data-end=\"2201\" \/>Igen. A <strong data-start=\"2210\" data-end=\"2234\">kett\u0151s l\u00e9g\u00e1raml\u00e1s-szab\u00e1lyoz\u00e1s<\/strong> lehet\u0151v\u00e9 teszi a felhaszn\u00e1l\u00f3k sz\u00e1m\u00e1ra, hogy v\u00e1ltogassanak <strong data-start=\"2261\" data-end=\"2280\">szoros MTL sz\u00edv\u00e1sok<\/strong> \u00e9s a <strong data-start=\"2285\" data-end=\"2304\">laz\u00e1bb DTL l\u00f6v\u00e9sek k\u00f6z\u00f6tt<\/strong>.<\/p>\n<p data-start=\"2309\" data-end=\"2532\"><strong data-start=\"2309\" data-end=\"2358\">4. Mi\u00e9rt jobb nagykereskedelmi v\u00e1s\u00e1rl\u00f3knak?<\/strong><br data-start=\"2358\" data-end=\"2361\" \/>A <strong data-start=\"2365\" data-end=\"2426\">nagy felh\u0151kapacit\u00e1s, \u00fajrat\u00f6lthet\u0151 kialak\u00edt\u00e1s \u00e9s LED kijelz\u0151<\/strong> n\u00f6veli az \u00fcgyf\u00e9l-el\u00e9gedetts\u00e9get \u00e9s az ism\u00e9telt v\u00e1s\u00e1rl\u00e1sokat, \u00edgy ide\u00e1liss\u00e1 t\u00e9ve <strong data-start=\"2496\" data-end=\"2529\">online vape bolt forgalmaz\u00f3k sz\u00e1m\u00e1ra<\/strong>.<\/p>\n<p data-start=\"2534\" data-end=\"2693\"><strong data-start=\"2534\" data-end=\"2568\">5. Milyen \u00edzek el\u00e9rhet\u0151k?<\/strong><br data-start=\"2568\" data-end=\"2571\" \/>A legn\u00e9pszer\u0171bb \u00edzek k\u00f6z\u00e9 tartozik <strong data-start=\"2591\" data-end=\"2690\">Mango Ice, Grape Ice, Blueberry Ice, Blueberry Raspberry Pomegranate, \u00e9s Strawberry Watermelon<\/strong>.<\/p>\n<\/div>\n<\/div>\n<\/div>\n<\/div>","protected":false},"excerpt":{"rendered":"<p data-start=\"2637\" data-end=\"2714\">AIVONO FLAME 30000 Egyszer haszn\u00e1latos Vape Toll \u2013 30K Puf E Vape Nagykereskedelem Eur\u00f3pa<br \/>\nV\u00e1s\u00e1rolja meg az AIVONO FLAME 30K Puf LED Kijelz\u0151 E Shisha Tollat \u2013 Online Vape Bolt EU<br \/>\nAIVONO FLAME 30000 Puf Elektronikus Cigaretta G\u0151z \u2013 Legjobb Nagykereskedelmi Egyszer haszn\u00e1latos Vape<\/p>\n<p><strong>Add hozz\u00e1 Amy whatsappj\u00e1t, hogy azonnali v\u00e1laszt \u00e9s kedvezm\u00e9nyes \u00e1rat kapj!<\/strong><\/p>\n<p><img fetchpriority=\"high\" decoding=\"async\" class=\"size-full wp-image-2932\" src=\"https:\/\/vapestornado.com\/wp-content\/uploads\/2024\/12\/Vape-Wholesale.jpg\" alt=\"Vape nagykereskedelem\" width=\"229\" height=\"300\" \/><\/p>\n<h3><a href=\"https:\/\/wa.me\/8617776015835\"><span style=\"color: #ff0000;\"><strong>WhatsApp: +86 17776015835<\/strong><\/span><\/a><\/h3>","protected":false},"featured_media":4405,"comment_status":"open","ping_status":"closed","template":"","meta":{"_acf_changed":false,"_uag_custom_page_level_css":"","_lmt_disableupdate":"no","_lmt_disable":"","_monsterinsights_skip_tracking":false,"_monsterinsights_sitenote_active":false,"_monsterinsights_sitenote_note":"","_monsterinsights_sitenote_category":0,"site-sidebar-layout":"default","site-content-layout":"","ast-site-content-layout":"default","site-content-style":"default","site-sidebar-style":"default","ast-global-header-display":"","ast-banner-title-visibility":"","ast-main-header-display":"","ast-hfb-above-header-display":"","ast-hfb-below-header-display":"","ast-hfb-mobile-header-display":"","site-post-title":"","ast-breadcrumbs-content":"","ast-featured-img":"","footer-sml-layout":"","ast-disable-related-posts":"","theme-transparent-header-meta":"default","adv-header-id-meta":"","stick-header-meta":"","header-above-stick-meta":"","header-main-stick-meta":"","header-below-stick-meta":"","astra-migrate-meta-layouts":"set","ast-page-background-enabled":"default","ast-page-background-meta":{"desktop":{"background-color":"","background-image":"","background-repeat":"repeat","background-position":"center center","background-size":"auto","background-attachment":"scroll","background-type":"","background-media":"","overlay-type":"","overlay-color":"","overlay-opacity":"","overlay-gradient":""},"tablet":{"background-color":"","background-image":"","background-repeat":"repeat","background-position":"center center","background-size":"auto","background-attachment":"scroll","background-type":"","background-media":"","overlay-type":"","overlay-color":"","overlay-opacity":"","overlay-gradient":""},"mobile":{"background-color":"","background-image":"","background-repeat":"repeat","background-position":"center center","background-size":"auto","background-attachment":"scroll","background-type":"","background-media":"","overlay-type":"","overlay-color":"","overlay-opacity":"","overlay-gradient":""}},"ast-content-background-meta":{"desktop":{"background-color":"var(--ast-global-color-5)","background-image":"","background-repeat":"repeat","background-position":"center center","background-size":"auto","background-attachment":"scroll","background-type":"","background-media":"","overlay-type":"","overlay-color":"","overlay-opacity":"","overlay-gradient":""},"tablet":{"background-color":"var(--ast-global-color-5)","background-image":"","background-repeat":"repeat","background-position":"center center","background-size":"auto","background-attachment":"scroll","background-type":"","background-media":"","overlay-type":"","overlay-color":"","overlay-opacity":"","overlay-gradient":""},"mobile":{"background-color":"var(--ast-global-color-5)","background-image":"","background-repeat":"repeat","background-position":"center center","background-size":"auto","background-attachment":"scroll","background-type":"","background-media":"","overlay-type":"","overlay-color":"","overlay-opacity":"","overlay-gradient":""}},"_joinchat":[]},"product_brand":[],"product_cat":[67,176,150,151,142,146],"product_tag":[389,387,388,390,386],"class_list":{"0":"post-4411","1":"product","2":"type-product","3":"status-publish","4":"has-post-thumbnail","6":"product_cat-30000-puff","7":"product_cat-aivono-vape","8":"product_cat-buy-disposable-vapes-in-belgium","9":"product_cat-buy-disposable-vapes-in-france","10":"product_cat-digital-box-disposable-vapes","11":"product_cat-rechargeable-disposable-vapes","12":"product_tag-aivono-flame-30000","13":"product_tag-cigarette-vapor","14":"product_tag-e-vape","15":"product_tag-online-vape-shop","16":"product_tag-vape-pen","17":"desktop-align-left","18":"tablet-align-left","19":"mobile-align-left","21":"first","22":"instock","23":"sale","24":"shipping-taxable","25":"purchasable","26":"product-type-simple"},"acf":[],"uagb_featured_image_src":{"full":["https:\/\/vapestornado.com\/wp-content\/uploads\/2025\/09\/Aivono-30k-30000-Puffs-Disposable-Vape-Vaper.webp",800,800,false],"thumbnail":["https:\/\/vapestornado.com\/wp-content\/uploads\/2025\/09\/Aivono-30k-30000-Puffs-Disposable-Vape-Vaper-150x150.webp",150,150,true],"medium":["https:\/\/vapestornado.com\/wp-content\/uploads\/2025\/09\/Aivono-30k-30000-Puffs-Disposable-Vape-Vaper-300x300.webp",300,300,true],"medium_large":["https:\/\/vapestornado.com\/wp-content\/uploads\/2025\/09\/Aivono-30k-30000-Puffs-Disposable-Vape-Vaper-768x768.webp",768,768,true],"large":["https:\/\/vapestornado.com\/wp-content\/uploads\/2025\/09\/Aivono-30k-30000-Puffs-Disposable-Vape-Vaper.webp",800,800,false],"1536x1536":["https:\/\/vapestornado.com\/wp-content\/uploads\/2025\/09\/Aivono-30k-30000-Puffs-Disposable-Vape-Vaper.webp",800,800,false],"2048x2048":["https:\/\/vapestornado.com\/wp-content\/uploads\/2025\/09\/Aivono-30k-30000-Puffs-Disposable-Vape-Vaper.webp",800,800,false],"trp-custom-language-flag":["https:\/\/vapestornado.com\/wp-content\/uploads\/2025\/09\/Aivono-30k-30000-Puffs-Disposable-Vape-Vaper-12x12.webp",12,12,true],"woocommerce_thumbnail":["https:\/\/vapestornado.com\/wp-content\/uploads\/2025\/09\/Aivono-30k-30000-Puffs-Disposable-Vape-Vaper-300x300.webp",300,300,true],"woocommerce_single":["https:\/\/vapestornado.com\/wp-content\/uploads\/2025\/09\/Aivono-30k-30000-Puffs-Disposable-Vape-Vaper-600x600.webp",600,600,true],"woocommerce_gallery_thumbnail":["https:\/\/vapestornado.com\/wp-content\/uploads\/2025\/09\/Aivono-30k-30000-Puffs-Disposable-Vape-Vaper-100x100.webp",100,100,true]},"uagb_author_info":{"display_name":"ESAMY","author_link":"https:\/\/vapestornado.com\/hu\/author\/"},"uagb_comment_info":0,"uagb_excerpt":"AIVONO FLAME 30000 Disposable Vape Pen \u2013 30K Puff E Vapor Wholesale Europe Buy AIVONO FLAME 30K Puff LED Display E Shisha Pen \u2013 Online Vape Shop EU AIVONO FLAME 30000 Puffs Electronic Cigarette Vapor \u2013 Best Wholesale Disposable Vape Add Amy's whatsapp to get right reply and discount price! WhatsApp: +86 17776015835","_links":{"self":[{"href":"https:\/\/vapestornado.com\/hu\/wp-json\/wp\/v2\/product\/4411","targetHints":{"allow":["GET"]}}],"collection":[{"href":"https:\/\/vapestornado.com\/hu\/wp-json\/wp\/v2\/product"}],"about":[{"href":"https:\/\/vapestornado.com\/hu\/wp-json\/wp\/v2\/types\/product"}],"replies":[{"embeddable":true,"href":"https:\/\/vapestornado.com\/hu\/wp-json\/wp\/v2\/comments?post=4411"}],"wp:featuredmedia":[{"embeddable":true,"href":"https:\/\/vapestornado.com\/hu\/wp-json\/wp\/v2\/media\/4405"}],"wp:attachment":[{"href":"https:\/\/vapestornado.com\/hu\/wp-json\/wp\/v2\/media?parent=4411"}],"wp:term":[{"taxonomy":"product_brand","embeddable":true,"href":"https:\/\/vapestornado.com\/hu\/wp-json\/wp\/v2\/product_brand?post=4411"},{"taxonomy":"product_cat","embeddable":true,"href":"https:\/\/vapestornado.com\/hu\/wp-json\/wp\/v2\/product_cat?post=4411"},{"taxonomy":"product_tag","embeddable":true,"href":"https:\/\/vapestornado.com\/hu\/wp-json\/wp\/v2\/product_tag?post=4411"}],"curies":[{"name":"wp","href":"https:\/\/api.w.org\/{rel}","templated":true}]}}