{"id":4410,"date":"2025-10-02T03:56:17","date_gmt":"2025-10-02T03:56:17","guid":{"rendered":"https:\/\/vapestornado.com\/?post_type=product&#038;p=4410"},"modified":"2025-09-30T08:04:32","modified_gmt":"2025-09-30T08:04:32","slug":"aivono-fatmax-50k-puff-smart-screen-disposable-e-shisha-hookah-bar","status":"publish","type":"product","link":"https:\/\/vapestornado.com\/hu\/product\/aivono-fatmax-50k-puff-smart-screen-disposable-e-shisha-hookah-bar\/","title":{"rendered":"AIVONO FATMAX 50K Puff Okos K\u00e9perny\u0151s Egyszer haszn\u00e1latos E Shisha Hookah B\u00e1r"},"content":{"rendered":"<h2 data-pm-slice=\"1 1 []\">AIVONO FATMAX 50K Egyszer haszn\u00e1latos Shisha Hookah B\u00e1r \u2013 Okos K\u00e9perny\u0151s E Shisha<\/h2>\n<p data-start=\"242\" data-end=\"546\">A <strong data-start=\"246\" data-end=\"267\">AIVONO FATMAX 50K<\/strong> egy k\u00f6vetkez\u0151 szint\u0171 <strong data-start=\"284\" data-end=\"309\">elektronikus shisha b\u00e1r<\/strong> hossz\u00fa t\u00e1v\u00fa teljes\u00edtm\u00e9nyre \u00e9s mer\u00e9sz \u00edzre tervezve. Minden eszk\u00f6z el\u0151re t\u00f6lt\u00f6tt <strong data-start=\"679\" data-end=\"707\">30 ml pr\u00e9mium e-liquid<\/strong>, amely ak\u00e1r <strong data-start=\"726\" data-end=\"749\">50 000 sima puffot<\/strong>ny\u00fajt, t\u00f6k\u00e9letes hossz\u00fa t\u00e1v\u00fa haszn\u00e1latra gyakori cser\u00e9k n\u00e9lk\u00fcl. Pontosan tervezett h\u00e1l\u00f3s tekercstechnol\u00f3gi\u00e1val k\u00e9sz\u00fclt,, ez <strong data-start=\"452\" data-end=\"480\">egyszer haszn\u00e1latos shisha hookah<\/strong> sima g\u0151zt, gazdag \u00edzt \u00e9s k\u00f6vetkezetes el\u00e9gedetts\u00e9get ny\u00fajt.<\/p>\n<p data-start=\"548\" data-end=\"851\">Mit\u0151l egyedi a Bang Vape 35000? <strong data-start=\"552\" data-end=\"609\">800mAh \u00fajrat\u00f6lthet\u0151 akkumul\u00e1tor Type-C gyorst\u00f6lt\u00e9ssel<\/strong> biztos\u00edt megb\u00edzhat\u00f3 \u00fcl\u00e9seket. A szok\u00e1sos egyszer haszn\u00e1latos vapekkel ellent\u00e9tben, a FATMAX 50K rendelkezik egy <strong data-start=\"1144\" data-end=\"1169\">tiszta digit\u00e1lis kijelz\u0151vel<\/strong> amely megmutatja <strong data-start=\"1181\" data-end=\"1233\">val\u00f3s idej\u0171 e-liquid szinteket \u00e9s az akkumul\u00e1tor sz\u00e1zal\u00e9k\u00e1t<\/strong>, elker\u00fclve a sz\u00e1raz r\u00e1nt\u00e1sokat \u00e9s a tal\u00e1lgat\u00e1st. \u00a0El\u00e9rhet\u0151 <strong data-start=\"744\" data-end=\"785\">0%, 2%, 3% \u00e9s 5% nikotiner\u0151ss\u00e9gben<\/strong>, a FATMAX 50K sz\u00e9les k\u00f6r\u0171 felhaszn\u00e1l\u00f3i k\u00f6rt szolg\u00e1l ki\u2014azokt\u00f3l, akik kedvelik a <strong data-start=\"1673\" data-end=\"1703\">nikotinmentes shisha \u00e9lm\u00e9nyt<\/strong> azokt\u00f3l, akik vaperk\u00e9nt szeretn\u00e9nek <strong data-start=\"1725\" data-end=\"1746\">er\u0151s torokhat\u00e1st<\/strong>.<\/p>\n<p data-start=\"853\" data-end=\"1034\">Kompakt m\u00e9gis er\u0151teljes, az <strong data-start=\"879\" data-end=\"909\">AIVONO FATMAX 50K e shisha<\/strong> ez a <strong data-start=\"917\" data-end=\"947\">legjobb eldobhat\u00f3 hookah b\u00e1r<\/strong> nagykeresked\u0151k \u00e9s fiatal feln\u0151tt fogyaszt\u00f3k sz\u00e1m\u00e1ra, akik st\u00edlust, tart\u00f3ss\u00e1got \u00e9s k\u00e9nyelmet keresnek.<\/p>\n<p><strong><span style=\"color: #ff0000;\">Adja hozz\u00e1 Amy-t WhatsApp-on, hogy azonnali v\u00e1laszt \u00e9s vape kupont kapjon!<\/span><\/strong><\/p>\n<p><img fetchpriority=\"high\" decoding=\"async\" class=\"size-full wp-image-2932\" src=\"https:\/\/vapestornado.com\/wp-content\/uploads\/2024\/12\/Vape-Wholesale.jpg\" alt=\"Vape nagykereskedelem\" width=\"229\" height=\"300\" \/><\/p>\n<h3><a href=\"https:\/\/wa.me\/8617776015835\" target=\"_blank\" rel=\"noopener\"><span style=\"color: #ff0000;\"><strong>WhatsApp: +86 17776015835<\/strong><\/span><\/a><\/h3>\n<p>&nbsp;<\/p>\n<h2><strong>AIVONO FATMAX 50K Puff term\u00e9kjellemz\u0151k<\/strong><\/h2>\n<ul>\n<li data-start=\"1069\" data-end=\"1112\">\n<p data-start=\"1071\" data-end=\"1112\">Ak\u00e1r <strong data-start=\"1077\" data-end=\"1093\">50 000 f\u00faj\u00e1s<\/strong> 30 ml-es tart\u00e1llyal<\/p>\n<\/li>\n<li data-start=\"1113\" data-end=\"1169\">\n<p data-start=\"1115\" data-end=\"1169\"><strong data-start=\"1115\" data-end=\"1133\">0.6\u03a9 mesh tekercs<\/strong> sima felh\u0151ket \u00e9s teljes \u00edzt biztos\u00edtva<\/p>\n<\/li>\n<li data-start=\"1170\" data-end=\"1229\">\n<p data-start=\"1172\" data-end=\"1229\"><strong data-start=\"1172\" data-end=\"1193\">Okos LED kijelz\u0151<\/strong> az akkumul\u00e1tor \u00e9s az e-liquid monitoroz\u00e1s\u00e1ra<\/p>\n<\/li>\n<li data-start=\"1230\" data-end=\"1287\">\n<p data-start=\"1232\" data-end=\"1287\"><strong data-start=\"1232\" data-end=\"1270\">800mAh t\u00edpus-C \u00fajrat\u00f6lthet\u0151 akkumul\u00e1tor<\/strong> hosszabb haszn\u00e1latra<\/p>\n<\/li>\n<li data-start=\"1288\" data-end=\"1340\">\n<p data-start=\"1290\" data-end=\"1340\">Nikotin rugalmass\u00e1g: <strong data-start=\"1312\" data-end=\"1330\">0%, 2%, 3%, 5%<\/strong> opci\u00f3k<\/p>\n<\/li>\n<li data-start=\"1341\" data-end=\"1405\">\n<p data-start=\"1343\" data-end=\"1405\">K\u00f6zvetlen t\u00fcd\u0151be (DTL) inhal\u00e1l\u00e1s shisha-szer\u0171 \u00e9lm\u00e9ny\u00e9rt<\/p>\n<\/li>\n<\/ul>\n<figure id=\"attachment_4400\" aria-describedby=\"caption-attachment-4400\" style=\"width: 800px\" class=\"wp-caption alignnone\"><img decoding=\"async\" class=\"wp-image-4400 size-full\" src=\"https:\/\/vapestornado.com\/wp-content\/uploads\/2025\/09\/Aivono-50000-Puff-50k-Disposable-E-Shisha-Hookah.webp\" alt=\"Aivono 50000 Puff 50k Eldobhat\u00f3 E Shisha Hookah\" width=\"800\" height=\"800\" srcset=\"https:\/\/vapestornado.com\/wp-content\/uploads\/2025\/09\/Aivono-50000-Puff-50k-Disposable-E-Shisha-Hookah.webp 800w, https:\/\/vapestornado.com\/wp-content\/uploads\/2025\/09\/Aivono-50000-Puff-50k-Disposable-E-Shisha-Hookah-300x300.webp 300w, https:\/\/vapestornado.com\/wp-content\/uploads\/2025\/09\/Aivono-50000-Puff-50k-Disposable-E-Shisha-Hookah-150x150.webp 150w, https:\/\/vapestornado.com\/wp-content\/uploads\/2025\/09\/Aivono-50000-Puff-50k-Disposable-E-Shisha-Hookah-768x768.webp 768w, https:\/\/vapestornado.com\/wp-content\/uploads\/2025\/09\/Aivono-50000-Puff-50k-Disposable-E-Shisha-Hookah-12x12.webp 12w, https:\/\/vapestornado.com\/wp-content\/uploads\/2025\/09\/Aivono-50000-Puff-50k-Disposable-E-Shisha-Hookah-600x600.webp 600w, https:\/\/vapestornado.com\/wp-content\/uploads\/2025\/09\/Aivono-50000-Puff-50k-Disposable-E-Shisha-Hookah-100x100.webp 100w\" sizes=\"(max-width: 800px) 100vw, 800px\" \/><figcaption id=\"caption-attachment-4400\" class=\"wp-caption-text\">Aivono 50000 Puff 50k Eldobhat\u00f3 E Shisha Hookah<\/figcaption><\/figure>\n<h2 class=\"product-title\"><strong>AIVONO FATMAX 50000 Puff \u00edzv\u00e1laszt\u00e9k lista<\/strong><\/h2>\n<p data-start=\"2550\" data-end=\"2736\">1. Cseresznye M\u00e1lna<\/p>\n<p data-start=\"2550\" data-end=\"2736\">2. K\u00e9t Alma<\/p>\n<p data-start=\"2550\" data-end=\"2736\">3. Sz\u0151l\u0151 menta<\/p>\n<p data-start=\"2550\" data-end=\"2736\">4. \u00c1fonya R\u00e1g\u00f3gumi<\/p>\n<p data-start=\"2550\" data-end=\"2736\">5. Szerelem 66<\/p>\n<p data-start=\"2550\" data-end=\"2736\">6. \u00c1tl\u00e1tsz\u00f3 \u00c1lom<\/p>\n<p data-start=\"2550\" data-end=\"2736\">7. B\u0151s\u00e9ges J\u00e9g<\/p>\n<p data-start=\"2550\" data-end=\"2736\">8. S\u00e1rgabarack J\u00e9g<\/p>\n<p data-start=\"2550\" data-end=\"2736\">9. Bogy\u00f3s J\u00e9g<\/p>\n<p data-start=\"2550\" data-end=\"2736\">10. Eper Punch<\/p>\n<div class=\"flex-shrink-0 flex flex-col relative items-end\">\n<div class=\"pt-0\">\n<div class=\"gizmo-bot-avatar flex h-8 w-8 items-center justify-center overflow-hidden rounded-full\">\n<div class=\"relative p-1 rounded-sm flex items-center justify-center bg-token-main-surface-primary text-token-text-primary h-8 w-8\">\n<h2 data-start=\"1200\" data-end=\"1487\">Vapes Tornado \u2013 Az \u00d6n Nagykereskedelmi Online Vape Boltja a Legjobb Vape M\u00e1rk\u00e1k\u00e9rt<\/h2>\n<p data-start=\"1200\" data-end=\"1487\"><strong data-start=\"141\" data-end=\"177\">Vapes Tornado Online Doh\u00e1nybolt<\/strong> az \u00d6n megb\u00edzhat\u00f3 forr\u00e1sa <strong data-start=\"205\" data-end=\"270\">pr\u00e9mium egyszer haszn\u00e1latos vapek \u00e9s nagykereskedelmi e-cigarett\u00e1k sz\u00e1m\u00e1ra Eur\u00f3p\u00e1ban<\/strong>. K\u00edn\u00e1latunkban megtal\u00e1lhat\u00f3k a legkelend\u0151bb m\u00e1rk\u00e1k, mint p\u00e9ld\u00e1ul <strong data-start=\"307\" data-end=\"362\"><a href=\"https:\/\/vapestornado.com\/hu\/product\/vozol-gear-shisha-25k-25000-puffs-best-dtl-disposable-vape-hookah-cheap-price\/\">VOZOL BAR VAPE<\/a>, <a href=\"https:\/\/vapestornado.com\/hu\/product\/randm-12000-puffs-fumot-digital-disposable-vape-wholesale-price\/\">Fumot VAPE<\/a>, <a href=\"https:\/\/vapestornado.com\/hu\/product\/original-wga-ultra-35k-35000-puff-rechargeable-crystal-disposable-nicotine-vape-best-discount-price\/\">WGA VAPE<\/a>, Bang Vape<\/strong>, \u00e9s m\u00e9g sok m\u00e1s, biztos\u00edtva a min\u0151s\u00e9get \u00e9s a v\u00e1ltozatoss\u00e1got minden v\u00e1s\u00e1rl\u00f3 sz\u00e1m\u00e1ra. Ak\u00e1r egy\u00e9ni vaperek\u00e9nt, ak\u00e1r nagykeresked\u0151k\u00e9nt v\u00e1s\u00e1rolsz, mi sz\u00e1ll\u00edtunk <strong data-start=\"481\" data-end=\"550\">magas teljes\u00edtm\u00e9ny\u0171 eszk\u00f6z\u00f6ket, st\u00edlusos kialak\u00edt\u00e1sokat \u00e9s versenyk\u00e9pes \u00e1rakat<\/strong> az ig\u00e9nyeid kiel\u00e9g\u00edt\u00e9s\u00e9re.<\/p>\n<h2 data-start=\"2064\" data-end=\"2115\">Gyakran Ism\u00e9telt K\u00e9rd\u00e9sek az AIVONO FATMAX 50K Puff Egyszer haszn\u00e1latos Vape-r\u0151l<\/h2>\n<p data-start=\"1456\" data-end=\"1582\"><strong data-start=\"1456\" data-end=\"1504\">1. Mennyi ideig tart az AIVONO 50K?<\/strong><br data-start=\"1504\" data-end=\"1507\" \/>Ak\u00e1r <strong data-start=\"1525\" data-end=\"1541\">50 000 f\u00faj\u00e1s<\/strong>, \u00edgy ide\u00e1lis hossz\u00fa t\u00e1v\u00fa vaperez\u00e9shez.<\/p>\n<p data-start=\"1584\" data-end=\"1703\"><strong data-start=\"1584\" data-end=\"1622\">2. T\u00f6lthet\u0151 a FATMAX 50000 sz\u00edv\u00e1s?<\/strong><br data-start=\"1622\" data-end=\"1625\" \/>Igen, tartalmaz egy <strong data-start=\"1645\" data-end=\"1683\">800mAh t\u00edpus-C \u00fajrat\u00f6lthet\u0151 akkumul\u00e1tor<\/strong> a hosszabb haszn\u00e1lat \u00e9rdek\u00e9ben.<\/p>\n<p data-start=\"1705\" data-end=\"1837\"><strong data-start=\"1705\" data-end=\"1750\">3. Milyen nikotiner\u0151ss\u00e9gek \u00e1llnak rendelkez\u00e9sre?<\/strong><br data-start=\"1750\" data-end=\"1753\" \/>A k\u00e9sz\u00fcl\u00e9k t\u00e1mogatja a <strong data-start=\"1773\" data-end=\"1803\">0%, 2%, 3% \u00e9s 5% nikotin<\/strong> k\u00fcl\u00f6nb\u00f6z\u0151 preferenci\u00e1khoz val\u00f3 illeszt\u00e9s\u00e9hez.<\/p>\n<p data-start=\"1839\" data-end=\"1956\"><strong data-start=\"1839\" data-end=\"1868\">4. Van-e kijelz\u0151je?<\/strong><br data-start=\"1868\" data-end=\"1871\" \/>Igen, a <strong data-start=\"1880\" data-end=\"1901\">okos LED kijelz\u0151<\/strong> val\u00f3s idej\u0171 mutatja az akkumul\u00e1tor \u00e9s az e-liquid szinteket.<\/p>\n<p data-start=\"1958\" data-end=\"2195\"><strong data-start=\"1958\" data-end=\"2017\">5. Ez a shisha b\u00e1r alkalmas nagykeresked\u00e9sre Eur\u00f3p\u00e1ban?<\/strong><br data-start=\"2017\" data-end=\"2020\" \/>Teljesen. A <strong data-start=\"2036\" data-end=\"2057\">AIVONO FATMAX 50K<\/strong> magas sz\u00edv\u00e1ssz\u00e1mot, modern diz\u00e1jnt \u00e9s rugalmas nikotin opci\u00f3kat \u00f6tv\u00f6z, \u00edgy t\u00f6k\u00e9letes a <strong data-start=\"2151\" data-end=\"2192\">EU eldobhat\u00f3 shisha nagykereskedelmi piac\u00e1ra<\/strong>.<\/p>\n<\/div>\n<\/div>\n<\/div>\n<\/div>","protected":false},"excerpt":{"rendered":"<p data-start=\"2473\" data-end=\"2550\">AIVONO FATMAX 50K Puff E Shisha \u2013 Okos K\u00e9perny\u0151s Egyszer haszn\u00e1latos Shisha Hookah B\u00e1r<\/p>\n<p data-start=\"2554\" data-end=\"2633\">Legjobb Nagykereskedelmi Egyszer haszn\u00e1latos Shisha Hookah \u2013 AIVONO FATMAX 50K Elektronikus Shisha<\/p>\n<p data-start=\"2637\" data-end=\"2714\">AIVONO FATMAX 50K Okos K\u00e9perny\u0151s E Shisha B\u00e1r \u2013 50 000 Puff Egyszer haszn\u00e1latos Hookah<\/p>\n<p><strong>Add hozz\u00e1 Amy whatsappj\u00e1t, hogy azonnali v\u00e1laszt \u00e9s kedvezm\u00e9nyes \u00e1rat kapj!<\/strong><\/p>\n<p><img fetchpriority=\"high\" decoding=\"async\" class=\"size-full wp-image-2932\" src=\"https:\/\/vapestornado.com\/wp-content\/uploads\/2024\/12\/Vape-Wholesale.jpg\" alt=\"Vape nagykereskedelem\" width=\"229\" height=\"300\" \/><\/p>\n<h3><a href=\"https:\/\/wa.me\/8617776015835\"><span style=\"color: #ff0000;\"><strong>WhatsApp: +86 17776015835<\/strong><\/span><\/a><\/h3>","protected":false},"featured_media":4404,"comment_status":"open","ping_status":"closed","template":"","meta":{"_acf_changed":false,"_uag_custom_page_level_css":"","_lmt_disableupdate":"no","_lmt_disable":"","_monsterinsights_skip_tracking":false,"_monsterinsights_sitenote_active":false,"_monsterinsights_sitenote_note":"","_monsterinsights_sitenote_category":0,"site-sidebar-layout":"default","site-content-layout":"","ast-site-content-layout":"default","site-content-style":"default","site-sidebar-style":"default","ast-global-header-display":"","ast-banner-title-visibility":"","ast-main-header-display":"","ast-hfb-above-header-display":"","ast-hfb-below-header-display":"","ast-hfb-mobile-header-display":"","site-post-title":"","ast-breadcrumbs-content":"","ast-featured-img":"","footer-sml-layout":"","ast-disable-related-posts":"","theme-transparent-header-meta":"default","adv-header-id-meta":"","stick-header-meta":"","header-above-stick-meta":"","header-main-stick-meta":"","header-below-stick-meta":"","astra-migrate-meta-layouts":"set","ast-page-background-enabled":"default","ast-page-background-meta":{"desktop":{"background-color":"","background-image":"","background-repeat":"repeat","background-position":"center center","background-size":"auto","background-attachment":"scroll","background-type":"","background-media":"","overlay-type":"","overlay-color":"","overlay-opacity":"","overlay-gradient":""},"tablet":{"background-color":"","background-image":"","background-repeat":"repeat","background-position":"center center","background-size":"auto","background-attachment":"scroll","background-type":"","background-media":"","overlay-type":"","overlay-color":"","overlay-opacity":"","overlay-gradient":""},"mobile":{"background-color":"","background-image":"","background-repeat":"repeat","background-position":"center center","background-size":"auto","background-attachment":"scroll","background-type":"","background-media":"","overlay-type":"","overlay-color":"","overlay-opacity":"","overlay-gradient":""}},"ast-content-background-meta":{"desktop":{"background-color":"var(--ast-global-color-5)","background-image":"","background-repeat":"repeat","background-position":"center center","background-size":"auto","background-attachment":"scroll","background-type":"","background-media":"","overlay-type":"","overlay-color":"","overlay-opacity":"","overlay-gradient":""},"tablet":{"background-color":"var(--ast-global-color-5)","background-image":"","background-repeat":"repeat","background-position":"center center","background-size":"auto","background-attachment":"scroll","background-type":"","background-media":"","overlay-type":"","overlay-color":"","overlay-opacity":"","overlay-gradient":""},"mobile":{"background-color":"var(--ast-global-color-5)","background-image":"","background-repeat":"repeat","background-position":"center center","background-size":"auto","background-attachment":"scroll","background-type":"","background-media":"","overlay-type":"","overlay-color":"","overlay-opacity":"","overlay-gradient":""}},"_joinchat":[]},"product_brand":[],"product_cat":[344,176,149,153,156,158,142,143,144,146],"product_tag":[385,355,380,368,381],"class_list":{"0":"post-4410","1":"product","2":"type-product","3":"status-publish","4":"has-post-thumbnail","6":"product_cat-80000-puff","7":"product_cat-aivono-vape","8":"product_cat-buy-disposable-vapes-in-austria","9":"product_cat-buy-disposable-vapes-in-italy","10":"product_cat-buy-disposable-vapes-in-poland","11":"product_cat-buy-disposable-vapes-in-spain","12":"product_cat-digital-box-disposable-vapes","13":"product_cat-dual-mesh-disposable-vapes","14":"product_cat-low-nicotine-disposable-vapes","15":"product_cat-rechargeable-disposable-vapes","16":"product_tag-aivono-fatbear-80k","17":"product_tag-big-puff-vape","18":"product_tag-disposable-vapes-online","19":"product_tag-disposable-vapor","20":"product_tag-vapes-online-wholesale","21":"desktop-align-left","22":"tablet-align-left","23":"mobile-align-left","25":"first","26":"instock","27":"sale","28":"shipping-taxable","29":"purchasable","30":"product-type-simple"},"acf":[],"uagb_featured_image_src":{"full":["https:\/\/vapestornado.com\/wp-content\/uploads\/2025\/09\/Big-Puff-50k-Disposable-E-Shisha-Hookah-Wholesale.webp",800,800,false],"thumbnail":["https:\/\/vapestornado.com\/wp-content\/uploads\/2025\/09\/Big-Puff-50k-Disposable-E-Shisha-Hookah-Wholesale-150x150.webp",150,150,true],"medium":["https:\/\/vapestornado.com\/wp-content\/uploads\/2025\/09\/Big-Puff-50k-Disposable-E-Shisha-Hookah-Wholesale-300x300.webp",300,300,true],"medium_large":["https:\/\/vapestornado.com\/wp-content\/uploads\/2025\/09\/Big-Puff-50k-Disposable-E-Shisha-Hookah-Wholesale-768x768.webp",768,768,true],"large":["https:\/\/vapestornado.com\/wp-content\/uploads\/2025\/09\/Big-Puff-50k-Disposable-E-Shisha-Hookah-Wholesale.webp",800,800,false],"1536x1536":["https:\/\/vapestornado.com\/wp-content\/uploads\/2025\/09\/Big-Puff-50k-Disposable-E-Shisha-Hookah-Wholesale.webp",800,800,false],"2048x2048":["https:\/\/vapestornado.com\/wp-content\/uploads\/2025\/09\/Big-Puff-50k-Disposable-E-Shisha-Hookah-Wholesale.webp",800,800,false],"trp-custom-language-flag":["https:\/\/vapestornado.com\/wp-content\/uploads\/2025\/09\/Big-Puff-50k-Disposable-E-Shisha-Hookah-Wholesale-12x12.webp",12,12,true],"woocommerce_thumbnail":["https:\/\/vapestornado.com\/wp-content\/uploads\/2025\/09\/Big-Puff-50k-Disposable-E-Shisha-Hookah-Wholesale-300x300.webp",300,300,true],"woocommerce_single":["https:\/\/vapestornado.com\/wp-content\/uploads\/2025\/09\/Big-Puff-50k-Disposable-E-Shisha-Hookah-Wholesale-600x600.webp",600,600,true],"woocommerce_gallery_thumbnail":["https:\/\/vapestornado.com\/wp-content\/uploads\/2025\/09\/Big-Puff-50k-Disposable-E-Shisha-Hookah-Wholesale-100x100.webp",100,100,true]},"uagb_author_info":{"display_name":"ESAMY","author_link":"https:\/\/vapestornado.com\/hu\/author\/"},"uagb_comment_info":0,"uagb_excerpt":"AIVONO FATMAX 50K Puff E Shisha \u2013 Smart Screen Disposable Shisha Hookah Bar Best Wholesale Disposable Shisha Hookah \u2013 AIVONO FATMAX 50K Electronic Shisha AIVONO FATMAX 50K Smart Screen E Shisha Bar \u2013 50,000 Puff Disposable Hookah Add Amy's whatsapp to get right reply and discount price! WhatsApp: +86 17776015835","_links":{"self":[{"href":"https:\/\/vapestornado.com\/hu\/wp-json\/wp\/v2\/product\/4410","targetHints":{"allow":["GET"]}}],"collection":[{"href":"https:\/\/vapestornado.com\/hu\/wp-json\/wp\/v2\/product"}],"about":[{"href":"https:\/\/vapestornado.com\/hu\/wp-json\/wp\/v2\/types\/product"}],"replies":[{"embeddable":true,"href":"https:\/\/vapestornado.com\/hu\/wp-json\/wp\/v2\/comments?post=4410"}],"wp:featuredmedia":[{"embeddable":true,"href":"https:\/\/vapestornado.com\/hu\/wp-json\/wp\/v2\/media\/4404"}],"wp:attachment":[{"href":"https:\/\/vapestornado.com\/hu\/wp-json\/wp\/v2\/media?parent=4410"}],"wp:term":[{"taxonomy":"product_brand","embeddable":true,"href":"https:\/\/vapestornado.com\/hu\/wp-json\/wp\/v2\/product_brand?post=4410"},{"taxonomy":"product_cat","embeddable":true,"href":"https:\/\/vapestornado.com\/hu\/wp-json\/wp\/v2\/product_cat?post=4410"},{"taxonomy":"product_tag","embeddable":true,"href":"https:\/\/vapestornado.com\/hu\/wp-json\/wp\/v2\/product_tag?post=4410"}],"curies":[{"name":"wp","href":"https:\/\/api.w.org\/{rel}","templated":true}]}}