{"id":4387,"date":"2025-09-26T07:55:26","date_gmt":"2025-09-26T07:55:26","guid":{"rendered":"https:\/\/vapestornado.com\/?post_type=product&#038;p=4387"},"modified":"2025-11-29T08:57:46","modified_gmt":"2025-11-29T08:57:46","slug":"vopk-triple-60k-60000-puffs-3-in-1-flavor-best-vape-to-buy","status":"publish","type":"product","link":"https:\/\/vapestornado.com\/hu\/product\/vopk-triple-60k-60000-puffs-3-in-1-flavor-best-vape-to-buy\/","title":{"rendered":"Vopk Triple 60K 60000 Puffs 3 az 1-ben \u00cdz Legjobb Vape V\u00e1s\u00e1rl\u00e1s"},"content":{"rendered":"<h2 data-pm-slice=\"1 1 []\">Vopk Triple 60K 60000 Puffs 3 az 1-ben \u00cdz Legjobb Vape V\u00e1s\u00e1rl\u00e1s<\/h2>\n<p data-start=\"192\" data-end=\"640\">A <strong data-start=\"196\" data-end=\"215\">Vopk Triple 60K<\/strong> fiatal eur\u00f3pai vaperek sz\u00e1m\u00e1ra k\u00e9sz\u00fclt, akik hossz\u00fa t\u00e1v\u00fa teljes\u00edtm\u00e9nyt, mer\u00e9sz \u00edzeket \u00e9s modern funkci\u00f3kat v\u00e1rnak. Tele van <strong data-start=\"338\" data-end=\"354\">60 000 sz\u00edv\u00e1ssal<\/strong>, egy <strong data-start=\"358\" data-end=\"380\">54 ml-es e-liquid tart\u00e1llyal<\/strong>, \u00e9s <strong data-start=\"386\" data-end=\"412\">h\u00e1rom 0,9\u03a9-os h\u00e1l\u00f3tekercs<\/strong>, ez sima g\u0151zt \u00e9s k\u00f6vetkezetes \u00edzt biztos\u00edt minden h\u00faz\u00e1sn\u00e1l. Az <strong data-start=\"479\" data-end=\"512\">3 az 1-ben \u00edzv\u00e1lt\u00f3 rendszer<\/strong> v\u00e1ltozatoss\u00e1got biztos\u00edt an\u00e9lk\u00fcl, hogy v\u00e1ltani kellene az eszk\u00f6z\u00f6k k\u00f6z\u00f6tt, ez teszi a <strong data-start=\"570\" data-end=\"590\">legjobb vape v\u00e1s\u00e1rl\u00e1shoz<\/strong> azokat, akik \u00e9rt\u00e9kelik mind a teljes\u00edtm\u00e9nyt, mind a k\u00e9nyelmet.<\/p>\n<p data-start=\"642\" data-end=\"1022\">Felszerelve egy <strong data-start=\"658\" data-end=\"689\">650mAh-s \u00fajrat\u00f6lthet\u0151 akkumul\u00e1tor<\/strong>, <strong data-start=\"691\" data-end=\"715\">Type-C gyorst\u00f6lt\u00e9ssel<\/strong>, \u00e9s egy <strong data-start=\"723\" data-end=\"744\">okos LED kijelz\u0151<\/strong>, a <strong data-start=\"750\" data-end=\"771\">Vopk Triple 60000<\/strong> folyamatos teljes\u00edtm\u00e9nyt ny\u00fajt val\u00f3s idej\u0171 akkumul\u00e1tor- \u00e9s e-liquid szint figyel\u00e9ssel. Ak\u00e1r er\u0151s el\u00e9gedetts\u00e9get keres <strong data-start=\"907\" data-end=\"921\">5% nikotin<\/strong> vagy alacsony nikotintartalmat <strong data-start=\"935\" data-end=\"948\">2% opci\u00f3<\/strong>, ez a <strong data-start=\"955\" data-end=\"987\">\u00dajrat\u00f6lthet\u0151 eldobhat\u00f3 vape<\/strong> az \u00d6n preferenci\u00e1ihoz igaz\u00edtott.<\/p>\n<p><strong><span style=\"color: #ff0000;\">Adja hozz\u00e1 Amy-t WhatsApp-on, hogy azonnali v\u00e1laszt \u00e9s vape kupont kapjon!<\/span><\/strong><\/p>\n<p><img fetchpriority=\"high\" decoding=\"async\" class=\"size-full wp-image-2932\" src=\"https:\/\/vapestornado.com\/wp-content\/uploads\/2024\/12\/Vape-Wholesale.jpg\" alt=\"Vape nagykereskedelem\" width=\"229\" height=\"300\" \/><\/p>\n<h3><a href=\"https:\/\/wa.me\/8617776015835\" target=\"_blank\" rel=\"noopener\"><span style=\"color: #ff0000;\"><strong>WhatsApp: +86 17776015835<\/strong><\/span><\/a><\/h3>\n<p>&nbsp;<\/p>\n<h2><strong>Vopk Triple 60K Puff Term\u00e9kjellemz\u0151k<\/strong><\/h2>\n<ul>\n<li data-start=\"1069\" data-end=\"1137\">\n<p data-start=\"1071\" data-end=\"1137\">\u00d3ri\u00e1si <strong data-start=\"1079\" data-end=\"1095\">60 000 sz\u00edv\u00e1ssal<\/strong> \u2013 hossz\u00fa t\u00e1v\u00fa vaping cser\u00e9k n\u00e9lk\u00fcl<\/p>\n<\/li>\n<li data-start=\"1138\" data-end=\"1176\">\n<p data-start=\"1140\" data-end=\"1176\"><strong data-start=\"1140\" data-end=\"1157\">54mL e-liquid<\/strong> hosszabb haszn\u00e1latra<\/p>\n<\/li>\n<li data-start=\"1177\" data-end=\"1247\">\n<p data-start=\"1179\" data-end=\"1247\"><strong data-start=\"1179\" data-end=\"1203\">3 az 1-ben \u00edzv\u00e1lt\u00f3<\/strong> \u2013 v\u00e1ltogass h\u00e1rom profil k\u00f6z\u00f6tt egy k\u00e9sz\u00fcl\u00e9ken bel\u00fcl<\/p>\n<\/li>\n<li data-start=\"1248\" data-end=\"1301\">\n<p data-start=\"1250\" data-end=\"1301\"><strong data-start=\"1250\" data-end=\"1277\">Triple mesh tekercs (0,9\u03a9)<\/strong> gazdag, s\u0171r\u0171 g\u0151z\u00e9rt<\/p>\n<\/li>\n<li data-start=\"1302\" data-end=\"1367\">\n<p data-start=\"1304\" data-end=\"1367\"><strong data-start=\"1304\" data-end=\"1335\">650mAh-s \u00fajrat\u00f6lthet\u0151 akkumul\u00e1tor<\/strong> \u00e1ltal m\u0171k\u00f6dtetve <strong data-start=\"1341\" data-end=\"1365\">Type-C gyorst\u00f6lt\u00e9ssel<\/strong><\/p>\n<\/li>\n<li data-start=\"1368\" data-end=\"1428\">\n<p data-start=\"1370\" data-end=\"1428\"><strong data-start=\"1370\" data-end=\"1390\">Intelligens LED kijelz\u0151<\/strong> e-liquid \u00e9s akkumul\u00e1tor szintek mutat\u00e1sa<\/p>\n<\/li>\n<li data-start=\"1429\" data-end=\"1470\">\n<p data-start=\"1431\" data-end=\"1470\">Rugalmas <strong data-start=\"1440\" data-end=\"1468\">nikotin opci\u00f3k: 2% &amp; 5%<\/strong><\/p>\n<\/li>\n<li data-start=\"1471\" data-end=\"1533\">\n<p data-start=\"1473\" data-end=\"1533\">10 egyedi <strong data-start=\"1483\" data-end=\"1506\">h\u00e1rom \u00edz\u0171 kever\u00e9k<\/strong> eg\u00e9sz napos el\u00e9gedetts\u00e9g\u00e9rt<\/p>\n<\/li>\n<\/ul>\n<figure id=\"attachment_4380\" aria-describedby=\"caption-attachment-4380\" style=\"width: 300px\" class=\"wp-caption alignnone\"><img decoding=\"async\" class=\"size-medium wp-image-4380\" src=\"https:\/\/vapestornado.com\/wp-content\/uploads\/2025\/09\/VOPK-Tripe-60k-Puffs-Vape-Cartridge-300x300.webp\" alt=\"VOPK Tripe 60k Puffs Vape Cartridge\" width=\"300\" height=\"300\" srcset=\"https:\/\/vapestornado.com\/wp-content\/uploads\/2025\/09\/VOPK-Tripe-60k-Puffs-Vape-Cartridge-300x300.webp 300w, https:\/\/vapestornado.com\/wp-content\/uploads\/2025\/09\/VOPK-Tripe-60k-Puffs-Vape-Cartridge-150x150.webp 150w, https:\/\/vapestornado.com\/wp-content\/uploads\/2025\/09\/VOPK-Tripe-60k-Puffs-Vape-Cartridge-768x768.webp 768w, https:\/\/vapestornado.com\/wp-content\/uploads\/2025\/09\/VOPK-Tripe-60k-Puffs-Vape-Cartridge-12x12.webp 12w, https:\/\/vapestornado.com\/wp-content\/uploads\/2025\/09\/VOPK-Tripe-60k-Puffs-Vape-Cartridge-600x600.webp 600w, https:\/\/vapestornado.com\/wp-content\/uploads\/2025\/09\/VOPK-Tripe-60k-Puffs-Vape-Cartridge-100x100.webp 100w, https:\/\/vapestornado.com\/wp-content\/uploads\/2025\/09\/VOPK-Tripe-60k-Puffs-Vape-Cartridge.webp 800w\" sizes=\"(max-width: 300px) 100vw, 300px\" \/><figcaption id=\"caption-attachment-4380\" class=\"wp-caption-text\">VOPK Tripe 60k Puffs Vape Cartridge<\/figcaption><\/figure>\n<h2 class=\"product-title\"><strong>Vopk Triple 60K Puff 3 az 1-ben \u00edzlist\u00e1ja<\/strong><\/h2>\n<p data-start=\"2550\" data-end=\"2736\">1. G\u00f6r\u00f6gdinnye j\u00e9g \/H\u00e1rom g\u00f6r\u00f6gdinnye j\u00e9g \/Eper fagyi<br \/>\n2. Eper ban\u00e1n \/M\u00e1lna g\u00f6r\u00f6gdinnye \/Anan\u00e1sz k\u00f3kusz<br \/>\n3.peach berry \/K\u00e9k razz j\u00e9g\/ G\u00f6r\u00f6gdinnye mang\u00f3<br \/>\n4.Savany\u00fa mang\u00f3 anan\u00e1sz \/V\u00f6r\u00f6s bika eper \/Fekete ribizli j\u00e9g<br \/>\n5.Kivi s\u00e1rgabarack \/Eper cseresznye \/Szerelem 66<br \/>\n6.K\u00e9tszeres alma j\u00e9g \/Tr\u00f3pusi gy\u00fcm\u00f6lcs \/Eper g\u00f6r\u00f6gdinnye r\u00e1g\u00f3gumi<br \/>\n7Sz\u0151l\u0151 j\u00e9g \/Eper kivi \/G\u00f6r\u00f6gdinnye v\u00f6r\u00f6s bika<br \/>\n8.Eper g\u00f6r\u00f6gdinnye \/\u00c1fonya m\u00e1lna \/Citrom lime<br \/>\n9.Ban\u00e1n anan\u00e1sz \/V\u00f6r\u00f6s bika j\u00e9g \/Eper mang\u00f3<br \/>\n10.Gum\u00edrb\u00e1r\u00e1ny \/Eper van\u00edlia Coca \/\u00c1fonya cukorkapamacs<\/p>\n<div class=\"flex-shrink-0 flex flex-col relative items-end\">\n<div class=\"pt-0\">\n<div class=\"gizmo-bot-avatar flex h-8 w-8 items-center justify-center overflow-hidden rounded-full\">\n<div class=\"relative p-1 rounded-sm flex items-center justify-center bg-token-main-surface-primary text-token-text-primary h-8 w-8\">\n<h2 data-start=\"1200\" data-end=\"1487\">Vapes Tornado \u2013 Az \u00d6n Nagykereskedelmi Online Vape Boltja a Legjobb Vape M\u00e1rk\u00e1k\u00e9rt<\/h2>\n<p data-start=\"1200\" data-end=\"1487\"><strong data-start=\"141\" data-end=\"177\">Vapes Tornado Online Doh\u00e1nybolt<\/strong> az \u00d6n megb\u00edzhat\u00f3 forr\u00e1sa <strong data-start=\"205\" data-end=\"270\">pr\u00e9mium egyszer haszn\u00e1latos vapek \u00e9s nagykereskedelmi e-cigarett\u00e1k sz\u00e1m\u00e1ra Eur\u00f3p\u00e1ban<\/strong>. K\u00edn\u00e1latunkban megtal\u00e1lhat\u00f3k a legkelend\u0151bb m\u00e1rk\u00e1k, mint p\u00e9ld\u00e1ul <strong data-start=\"307\" data-end=\"362\"><a href=\"https:\/\/vapestornado.com\/hu\/product\/elf-bar-raya-d3-25000-puffs-best-disposable-vape-wholesale-in-uk\/\">ELF BAR VAPE<\/a>, <a href=\"https:\/\/vapestornado.com\/hu\/product\/randm-tornado-15000-disposable-vape-wholesale-price\/\">Fumot VAPE<\/a>, <a href=\"https:\/\/vapestornado.com\/hu\/product\/original-vozol-star-40000-puff-40k-best-disposable-vape-2025-wholesale-cheap-price\/\">VOZOL VAPE<\/a>, Bang Vape<\/strong>, \u00e9s m\u00e9g sok m\u00e1s, biztos\u00edtva a min\u0151s\u00e9get \u00e9s a v\u00e1ltozatoss\u00e1got minden v\u00e1s\u00e1rl\u00f3 sz\u00e1m\u00e1ra. Ak\u00e1r egy\u00e9ni vaperek\u00e9nt, ak\u00e1r nagykeresked\u0151k\u00e9nt v\u00e1s\u00e1rolsz, mi sz\u00e1ll\u00edtunk <strong data-start=\"481\" data-end=\"550\">magas teljes\u00edtm\u00e9ny\u0171 eszk\u00f6z\u00f6ket, st\u00edlusos kialak\u00edt\u00e1sokat \u00e9s versenyk\u00e9pes \u00e1rakat<\/strong> az ig\u00e9nyeid kiel\u00e9g\u00edt\u00e9s\u00e9re.<\/p>\n<h2 data-start=\"2064\" data-end=\"2115\">Gyakran Ism\u00e9telt K\u00e9rd\u00e9sek a Vopk Triple 60K egyszer haszn\u00e1latos vape-r\u0151l<\/h2>\n<p data-start=\"1587\" data-end=\"1707\"><strong data-start=\"1587\" data-end=\"1642\">1. H\u00e1ny sz\u00edv\u00e1st biztos\u00edt a Vopk Triple 60K?<\/strong><br data-start=\"1642\" data-end=\"1645\" \/>Ak\u00e1r <strong data-start=\"1663\" data-end=\"1679\">60 000 sz\u00edv\u00e1ssal<\/strong>, ide\u00e1lis hossz\u00fa t\u00e1v\u00fa haszn\u00e1latra.<\/p>\n<p data-start=\"1709\" data-end=\"1840\"><strong data-start=\"1709\" data-end=\"1754\">2. T\u00f6lthet\u0151 a Vopk Triple 60000?<\/strong><br data-start=\"1754\" data-end=\"1757\" \/>Igen, rendelkezik egy <strong data-start=\"1776\" data-end=\"1807\">650mAh-s \u00fajrat\u00f6lthet\u0151 akkumul\u00e1tor<\/strong> \u00e1ltal m\u0171k\u00f6dtetve <strong data-start=\"1813\" data-end=\"1837\">Type-C gyorst\u00f6lt\u00e9ssel<\/strong>.<\/p>\n<p data-start=\"1842\" data-end=\"2021\"><strong data-start=\"1842\" data-end=\"1901\">3. Mi\u00e9rt a Vopk Triple 60K a legjobb vape v\u00e1s\u00e1rl\u00e1sra?<\/strong><br data-start=\"1901\" data-end=\"1904\" \/>Mit\u0151l egyedi a Bang Vape 35000? <strong data-start=\"1908\" data-end=\"1977\">3 az 1-ben \u00edzrendszer, hatalmas f\u00faj\u00e1si sz\u00e1m, \u00e9s \u00fajrat\u00f6lthet\u0151 kialak\u00edt\u00e1s<\/strong> teszi kiemelked\u0151v\u00e9 a eur\u00f3pai piacon.<\/p>\n<p data-start=\"2023\" data-end=\"2142\"><strong data-start=\"2023\" data-end=\"2068\">4. Milyen nikotin er\u0151ss\u00e9gek \u00e9rhet\u0151k el?<\/strong><br data-start=\"2068\" data-end=\"2071\" \/>V\u00e1laszthat <strong data-start=\"2094\" data-end=\"2114\">2% vagy 5% nikotin<\/strong> hogy megfeleljen az \u00edzl\u00e9sednek.<\/p>\n<p data-start=\"2144\" data-end=\"2282\"><strong data-start=\"2144\" data-end=\"2193\">5. Van-e kijelz\u0151 a Vopk Triple 60000-en?<\/strong><br data-start=\"2193\" data-end=\"2196\" \/>Igen, a <strong data-start=\"2205\" data-end=\"2226\">okos LED kijelz\u0151<\/strong> val\u00f3s idej\u0171 nyomon k\u00f6vet\u00e9s mind az akkumul\u00e1tor, mind az e-liquid szintj\u00e9r\u0151l.<\/p>\n<\/div>\n<\/div>\n<\/div>\n<\/div>","protected":false},"excerpt":{"rendered":"<p data-start=\"2563\" data-end=\"2634\">Vopk Triple 60K 60000 Puffs Egyszer haszn\u00e1latos Vape \u2013 Legjobb Vape v\u00e1s\u00e1rl\u00e1shoz Eur\u00f3p\u00e1ban<\/p>\n<p data-start=\"2638\" data-end=\"2711\">Vopk Triple 60000 Puffs \u00dajrat\u00f6lthet\u0151 Egyszer haszn\u00e1latos Vape 3 az 1-ben \u00edzv\u00e1laszt\u00e9kkal<\/p>\n<p data-start=\"2715\" data-end=\"2788\">Legjobb Vape v\u00e1s\u00e1rl\u00e1shoz \u2013 Vopk Triple 60K 60000 Puffs LED k\u00e9perny\u0151vel &amp; Type-C csatlakoz\u00f3val<\/p>\n<p><strong>Add hozz\u00e1 Amy whatsappj\u00e1t, hogy azonnali v\u00e1laszt \u00e9s kedvezm\u00e9nyes \u00e1rat kapj!<\/strong><\/p>\n<p><img fetchpriority=\"high\" decoding=\"async\" class=\"size-full wp-image-2932\" src=\"https:\/\/vapestornado.com\/wp-content\/uploads\/2024\/12\/Vape-Wholesale.jpg\" alt=\"Vape nagykereskedelem\" width=\"229\" height=\"300\" \/><\/p>\n<h3><a href=\"https:\/\/wa.me\/8617776015835\"><span style=\"color: #ff0000;\"><strong>WhatsApp: +86 17776015835<\/strong><\/span><\/a><\/h3>","protected":false},"featured_media":4385,"comment_status":"open","ping_status":"closed","template":"","meta":{"_acf_changed":false,"_uag_custom_page_level_css":"","_lmt_disableupdate":"no","_lmt_disable":"","_monsterinsights_skip_tracking":false,"_monsterinsights_sitenote_active":false,"_monsterinsights_sitenote_note":"","_monsterinsights_sitenote_category":0,"site-sidebar-layout":"default","site-content-layout":"","ast-site-content-layout":"default","site-content-style":"default","site-sidebar-style":"default","ast-global-header-display":"","ast-banner-title-visibility":"","ast-main-header-display":"","ast-hfb-above-header-display":"","ast-hfb-below-header-display":"","ast-hfb-mobile-header-display":"","site-post-title":"","ast-breadcrumbs-content":"","ast-featured-img":"","footer-sml-layout":"","ast-disable-related-posts":"","theme-transparent-header-meta":"default","adv-header-id-meta":"","stick-header-meta":"","header-above-stick-meta":"","header-main-stick-meta":"","header-below-stick-meta":"","astra-migrate-meta-layouts":"set","ast-page-background-enabled":"default","ast-page-background-meta":{"desktop":{"background-color":"","background-image":"","background-repeat":"repeat","background-position":"center center","background-size":"auto","background-attachment":"scroll","background-type":"","background-media":"","overlay-type":"","overlay-color":"","overlay-opacity":"","overlay-gradient":""},"tablet":{"background-color":"","background-image":"","background-repeat":"repeat","background-position":"center center","background-size":"auto","background-attachment":"scroll","background-type":"","background-media":"","overlay-type":"","overlay-color":"","overlay-opacity":"","overlay-gradient":""},"mobile":{"background-color":"","background-image":"","background-repeat":"repeat","background-position":"center center","background-size":"auto","background-attachment":"scroll","background-type":"","background-media":"","overlay-type":"","overlay-color":"","overlay-opacity":"","overlay-gradient":""}},"ast-content-background-meta":{"desktop":{"background-color":"var(--ast-global-color-5)","background-image":"","background-repeat":"repeat","background-position":"center center","background-size":"auto","background-attachment":"scroll","background-type":"","background-media":"","overlay-type":"","overlay-color":"","overlay-opacity":"","overlay-gradient":""},"tablet":{"background-color":"var(--ast-global-color-5)","background-image":"","background-repeat":"repeat","background-position":"center center","background-size":"auto","background-attachment":"scroll","background-type":"","background-media":"","overlay-type":"","overlay-color":"","overlay-opacity":"","overlay-gradient":""},"mobile":{"background-color":"var(--ast-global-color-5)","background-image":"","background-repeat":"repeat","background-position":"center center","background-size":"auto","background-attachment":"scroll","background-type":"","background-media":"","overlay-type":"","overlay-color":"","overlay-opacity":"","overlay-gradient":""}},"_joinchat":[]},"product_brand":[],"product_cat":[343,149,153,156,157,159,142,146,290],"product_tag":[384,380,368,381,383,382],"class_list":{"0":"post-4387","1":"product","2":"type-product","3":"status-publish","4":"has-post-thumbnail","6":"product_cat-60000-puff","7":"product_cat-buy-disposable-vapes-in-austria","8":"product_cat-buy-disposable-vapes-in-italy","9":"product_cat-buy-disposable-vapes-in-poland","10":"product_cat-buy-disposable-vapes-in-portugal","11":"product_cat-buy-disposable-vapes-in-sweden","12":"product_cat-digital-box-disposable-vapes","13":"product_cat-rechargeable-disposable-vapes","14":"product_cat-vopk-vape","15":"product_tag-3-in-1-disposable-vape","16":"product_tag-disposable-vapes-online","17":"product_tag-disposable-vapor","18":"product_tag-vapes-online-wholesale","19":"product_tag-vopk-60000-puff","20":"product_tag-vopk-triple-60k","21":"desktop-align-left","22":"tablet-align-left","23":"mobile-align-left","25":"first","26":"instock","27":"sale","28":"shipping-taxable","29":"purchasable","30":"product-type-simple"},"acf":[],"uagb_featured_image_src":{"full":["https:\/\/vapestornado.com\/wp-content\/uploads\/2025\/09\/VOPK-Tripe-60000-Puffs-Pen-Cartridge-Wholesale.webp",800,800,false],"thumbnail":["https:\/\/vapestornado.com\/wp-content\/uploads\/2025\/09\/VOPK-Tripe-60000-Puffs-Pen-Cartridge-Wholesale-150x150.webp",150,150,true],"medium":["https:\/\/vapestornado.com\/wp-content\/uploads\/2025\/09\/VOPK-Tripe-60000-Puffs-Pen-Cartridge-Wholesale-300x300.webp",300,300,true],"medium_large":["https:\/\/vapestornado.com\/wp-content\/uploads\/2025\/09\/VOPK-Tripe-60000-Puffs-Pen-Cartridge-Wholesale-768x768.webp",768,768,true],"large":["https:\/\/vapestornado.com\/wp-content\/uploads\/2025\/09\/VOPK-Tripe-60000-Puffs-Pen-Cartridge-Wholesale.webp",800,800,false],"1536x1536":["https:\/\/vapestornado.com\/wp-content\/uploads\/2025\/09\/VOPK-Tripe-60000-Puffs-Pen-Cartridge-Wholesale.webp",800,800,false],"2048x2048":["https:\/\/vapestornado.com\/wp-content\/uploads\/2025\/09\/VOPK-Tripe-60000-Puffs-Pen-Cartridge-Wholesale.webp",800,800,false],"trp-custom-language-flag":["https:\/\/vapestornado.com\/wp-content\/uploads\/2025\/09\/VOPK-Tripe-60000-Puffs-Pen-Cartridge-Wholesale-12x12.webp",12,12,true],"woocommerce_thumbnail":["https:\/\/vapestornado.com\/wp-content\/uploads\/2025\/09\/VOPK-Tripe-60000-Puffs-Pen-Cartridge-Wholesale-300x300.webp",300,300,true],"woocommerce_single":["https:\/\/vapestornado.com\/wp-content\/uploads\/2025\/09\/VOPK-Tripe-60000-Puffs-Pen-Cartridge-Wholesale-600x600.webp",600,600,true],"woocommerce_gallery_thumbnail":["https:\/\/vapestornado.com\/wp-content\/uploads\/2025\/09\/VOPK-Tripe-60000-Puffs-Pen-Cartridge-Wholesale-100x100.webp",100,100,true]},"uagb_author_info":{"display_name":"ESAMY","author_link":"https:\/\/vapestornado.com\/hu\/author\/"},"uagb_comment_info":1,"uagb_excerpt":"Vopk Triple 60K 60000 Puffs Disposable Vape \u2013 Best Vape to Buy Europe Vopk Triple 60000 Puffs Rechargeable Disposable Vape with 3-in-1 Flavor Best Vape to Buy \u2013 Vopk Triple 60K 60000 Puffs with LED Screen &amp; Type-C Add Amy's whatsapp to get right reply and discount price! WhatsApp: +86 17776015835","_links":{"self":[{"href":"https:\/\/vapestornado.com\/hu\/wp-json\/wp\/v2\/product\/4387","targetHints":{"allow":["GET"]}}],"collection":[{"href":"https:\/\/vapestornado.com\/hu\/wp-json\/wp\/v2\/product"}],"about":[{"href":"https:\/\/vapestornado.com\/hu\/wp-json\/wp\/v2\/types\/product"}],"replies":[{"embeddable":true,"href":"https:\/\/vapestornado.com\/hu\/wp-json\/wp\/v2\/comments?post=4387"}],"wp:featuredmedia":[{"embeddable":true,"href":"https:\/\/vapestornado.com\/hu\/wp-json\/wp\/v2\/media\/4385"}],"wp:attachment":[{"href":"https:\/\/vapestornado.com\/hu\/wp-json\/wp\/v2\/media?parent=4387"}],"wp:term":[{"taxonomy":"product_brand","embeddable":true,"href":"https:\/\/vapestornado.com\/hu\/wp-json\/wp\/v2\/product_brand?post=4387"},{"taxonomy":"product_cat","embeddable":true,"href":"https:\/\/vapestornado.com\/hu\/wp-json\/wp\/v2\/product_cat?post=4387"},{"taxonomy":"product_tag","embeddable":true,"href":"https:\/\/vapestornado.com\/hu\/wp-json\/wp\/v2\/product_tag?post=4387"}],"curies":[{"name":"wp","href":"https:\/\/api.w.org\/{rel}","templated":true}]}}