{"id":4386,"date":"2025-09-25T07:52:37","date_gmt":"2025-09-25T07:52:37","guid":{"rendered":"https:\/\/vapestornado.com\/?post_type=product&#038;p=4386"},"modified":"2025-09-29T09:40:45","modified_gmt":"2025-09-29T09:40:45","slug":"aivono-fatbear-80k-best-3-in-1-vape-led-display-disposable-vape-pen","status":"publish","type":"product","link":"https:\/\/vapestornado.com\/hu\/product\/aivono-fatbear-80k-best-3-in-1-vape-led-display-disposable-vape-pen\/","title":{"rendered":"AIVONO FATBEAR 80K Legjobb 3 az 1-ben Vape LED kijelz\u0151 eldobhat\u00f3 Vape toll"},"content":{"rendered":"<h2 data-pm-slice=\"1 1 []\">AIVONO FATBEAR 80K 3-in-1 LED Kijelz\u0151s Egyszer haszn\u00e1latos Vape Toll \u2013 Legjobb Nagykereskedelmi Egyszer haszn\u00e1latos Vape<\/h2>\n<p data-start=\"305\" data-end=\"593\">A <strong data-start=\"309\" data-end=\"331\">AIVONO FATBEAR 80K<\/strong> a v\u00e9gs\u0151 <strong data-start=\"348\" data-end=\"365\">nagy puff vape<\/strong> er\u0151re, \u00edzre \u00e9s k\u00e9nyelemre tervezve. K\u00edn\u00e1l ak\u00e1r <strong data-start=\"423\" data-end=\"439\">80000 puffot<\/strong> egy hatalmas <strong data-start=\"455\" data-end=\"481\">58 ml-es e-liquid kapacit\u00e1ssal<\/strong>, ez a <strong data-start=\"488\" data-end=\"523\">LED Kijelz\u0151s Egyszer haszn\u00e1latos Vape Toll<\/strong> hossz\u00fa t\u00e1v\u00fa teljes\u00edtm\u00e9nyre \u00e9s sima \u00e9lm\u00e9nyre lett tervezve.<\/p>\n<p data-start=\"595\" data-end=\"945\">Egy <strong data-start=\"607\" data-end=\"638\">3-in-1 \u00edzv\u00e1lt\u00f3 rendszer<\/strong>, a <strong data-start=\"644\" data-end=\"668\">AIVONO FATBEAR 80000<\/strong> azonnal lehet\u0151v\u00e9 teszi h\u00e1rom \u00edz k\u00f6z\u00f6tt v\u00e1lt\u00e1st egy eszk\u00f6z\u00f6n bel\u00fcl, folyamatos v\u00e1ltozatoss\u00e1got biztos\u00edt podok cser\u00e9je n\u00e9lk\u00fcl. A <strong data-start=\"786\" data-end=\"804\">1.0\u03a9 mesh tekercs<\/strong> s\u0171r\u0171 g\u0151zt \u00e9s gazdag \u00edzt sz\u00e1ll\u00edt, mik\u00f6zben a <strong data-start=\"852\" data-end=\"883\">650mAh-s \u00fajrat\u00f6lthet\u0151 akkumul\u00e1tor<\/strong> \u00e1ltal m\u0171k\u00f6dtetve <strong data-start=\"889\" data-end=\"913\">Type-C gyorst\u00f6lt\u00e9ssel<\/strong> megb\u00edzhat\u00f3 eg\u00e9sz napos haszn\u00e1latot garant\u00e1lja.<\/p>\n<p data-start=\"947\" data-end=\"1325\">Tartsa k\u00e9zben az ir\u00e1ny\u00edt\u00e1st a <strong data-start=\"972\" data-end=\"993\">okos LED kijelz\u0151<\/strong>, val\u00f3s idej\u0171 e-liquid \u00e9s akkumul\u00e1tor szinteket mutatva. Rugalmas nikotinv\u00e1laszt\u00e9kokkal (0%, 2%, 3%, 5%), ez az eszk\u00f6z ide\u00e1lis mind alkalmi, mind intenz\u00edv vaperek sz\u00e1m\u00e1ra. St\u00edlusos, er\u0151teljes \u00e9s tart\u00f3ss\u00e1gra tervezve, a <strong data-start=\"1191\" data-end=\"1213\">AIVONO 80K<\/strong> ez a <strong data-start=\"1221\" data-end=\"1255\">legjobb nagykereskedelmi eldobhat\u00f3 vape<\/strong> eur\u00f3pai kiskeresked\u0151knek \u00e9s a vaperek kedvenc v\u00e1laszt\u00e1sa.<\/p>\n<p><strong><span style=\"color: #ff0000;\">Adja hozz\u00e1 Amy-t WhatsApp-on, hogy azonnali v\u00e1laszt \u00e9s vape kupont kapjon!<\/span><\/strong><\/p>\n<p><img fetchpriority=\"high\" decoding=\"async\" class=\"size-full wp-image-2932\" src=\"https:\/\/vapestornado.com\/wp-content\/uploads\/2024\/12\/Vape-Wholesale.jpg\" alt=\"Vape nagykereskedelem\" width=\"229\" height=\"300\" \/><\/p>\n<h3><a href=\"https:\/\/wa.me\/8617776015835\" target=\"_blank\" rel=\"noopener\"><span style=\"color: #ff0000;\"><strong>WhatsApp: +86 17776015835<\/strong><\/span><\/a><\/h3>\n<p>&nbsp;<\/p>\n<h2><strong>AIVONO AIM FATBEAR 80K Puff Term\u00e9kjellemz\u0151k<\/strong><\/h2>\n<ul>\n<li data-start=\"1357\" data-end=\"1402\">\n<p data-start=\"1359\" data-end=\"1402\">Ak\u00e1r <strong data-start=\"1365\" data-end=\"1381\">80 000 szippant\u00e1st<\/strong> 58 ml kapacit\u00e1ssal<\/p>\n<\/li>\n<li data-start=\"1403\" data-end=\"1453\">\n<p data-start=\"1405\" data-end=\"1453\"><strong data-start=\"1405\" data-end=\"1431\">3 az 1-ben \u00edzv\u00e1lt\u00e1s<\/strong> \u00e1lland\u00f3 v\u00e1ltozatoss\u00e1g\u00e9rt<\/p>\n<\/li>\n<li data-start=\"1454\" data-end=\"1515\">\n<p data-start=\"1456\" data-end=\"1515\"><strong data-start=\"1456\" data-end=\"1487\">650mAh-s \u00fajrat\u00f6lthet\u0151 akkumul\u00e1tor<\/strong> Type-C gyorst\u00f6lt\u00e9ssel<\/p>\n<\/li>\n<li data-start=\"1516\" data-end=\"1568\">\n<p data-start=\"1518\" data-end=\"1568\"><strong data-start=\"1518\" data-end=\"1533\">LED kijelz\u0151je<\/strong> nyomon k\u00f6veti az e-liquid \u00e9s az akkumul\u00e1tor szinteket<\/p>\n<\/li>\n<li data-start=\"1569\" data-end=\"1629\">\n<p data-start=\"1571\" data-end=\"1629\"><strong data-start=\"1571\" data-end=\"1589\">1.0\u03a9 mesh tekercs<\/strong> konzisztens felh\u0151k \u00e9s gazdag \u00edz \u00e9rdek\u00e9ben<\/p>\n<\/li>\n<li data-start=\"1630\" data-end=\"1665\">\n<p data-start=\"1632\" data-end=\"1665\">Nikotin opci\u00f3k: 0%, 2%, 3%, 5%<\/p>\n<\/li>\n<\/ul>\n<h2 class=\"product-title\"><strong>AIVONO AIM FATBEAR 80K 3 az 1-ben \u00edzlista<\/strong><\/h2>\n<p data-start=\"2550\" data-end=\"2736\">1. \u00c1fonya m\u00e1lna \/ Citrom j\u00e9g \/ Anan\u00e1sz j\u00e9g<br \/>\n2. Eper j\u00e9g \/ G\u00f6r\u00f6gdinnye j\u00e9g \/ Bubor\u00e9kf\u00faj\u00f3<br \/>\n3. Mang\u00f3 j\u00e9g \/ Anan\u00e1sz k\u00f3kusz \/ S\u00e1rgabarack j\u00e9g<br \/>\n4. Cseresznye sz\u00f3d\u00e1s j\u00e9g \/ K\u00f3la j\u00e9g \/ M\u00e9zdinnye<br \/>\n5. Sz\u0151l\u0151 \/ Borsmenta \/ \u00c1fonya fagyi<br \/>\n6. Savany\u00fa alma \/ Eper ban\u00e1n \/ Savany\u00fa mang\u00f3 anan\u00e1sz<br \/>\n7. Vegyes bogy\u00f3s gy\u00fcm\u00f6lcs \/ Eper kiwi \/ Eper g\u00f6r\u00f6gdinnye<br \/>\n8. Kivi passi\u00f3gy\u00fcm\u00f6lcs \/ Love66 \/ Mang\u00f3 j\u00e9g<br \/>\n9. G\u00f6r\u00f6gdinnye j\u00e9g \/ S\u00e1rgabarack bogy\u00f3 \/ Cseresznye k\u00f3la<br \/>\n10. Red Bull \/ Eper Dinnye \/ M\u00e1lna Cukorka<\/p>\n<figure id=\"attachment_4397\" aria-describedby=\"caption-attachment-4397\" style=\"width: 300px\" class=\"wp-caption alignnone\"><img decoding=\"async\" class=\"size-medium wp-image-4397\" src=\"https:\/\/vapestornado.com\/wp-content\/uploads\/2025\/09\/Aivono-Aim-Fatbear-Triple-3-in-1-Disposable-Vape-Wholesale-Cheap-Price-300x300.webp\" alt=\"Aivono Aim Fatbear Triple 3 az 1-ben eldobhat\u00f3 vape Nagykereskedelem Olcs\u00f3 \u00c1r\" width=\"300\" height=\"300\" srcset=\"https:\/\/vapestornado.com\/wp-content\/uploads\/2025\/09\/Aivono-Aim-Fatbear-Triple-3-in-1-Disposable-Vape-Wholesale-Cheap-Price-300x300.webp 300w, https:\/\/vapestornado.com\/wp-content\/uploads\/2025\/09\/Aivono-Aim-Fatbear-Triple-3-in-1-Disposable-Vape-Wholesale-Cheap-Price-150x150.webp 150w, https:\/\/vapestornado.com\/wp-content\/uploads\/2025\/09\/Aivono-Aim-Fatbear-Triple-3-in-1-Disposable-Vape-Wholesale-Cheap-Price-768x768.webp 768w, https:\/\/vapestornado.com\/wp-content\/uploads\/2025\/09\/Aivono-Aim-Fatbear-Triple-3-in-1-Disposable-Vape-Wholesale-Cheap-Price-12x12.webp 12w, https:\/\/vapestornado.com\/wp-content\/uploads\/2025\/09\/Aivono-Aim-Fatbear-Triple-3-in-1-Disposable-Vape-Wholesale-Cheap-Price-600x600.webp 600w, https:\/\/vapestornado.com\/wp-content\/uploads\/2025\/09\/Aivono-Aim-Fatbear-Triple-3-in-1-Disposable-Vape-Wholesale-Cheap-Price-100x100.webp 100w, https:\/\/vapestornado.com\/wp-content\/uploads\/2025\/09\/Aivono-Aim-Fatbear-Triple-3-in-1-Disposable-Vape-Wholesale-Cheap-Price.webp 800w\" sizes=\"(max-width: 300px) 100vw, 300px\" \/><figcaption id=\"caption-attachment-4397\" class=\"wp-caption-text\">Aivono Aim Fatbear Triple 3 az 1-ben eldobhat\u00f3 vape Nagykereskedelem Olcs\u00f3 \u00c1r<\/figcaption><\/figure>\n<div class=\"flex-shrink-0 flex flex-col relative items-end\">\n<div class=\"pt-0\">\n<div class=\"gizmo-bot-avatar flex h-8 w-8 items-center justify-center overflow-hidden rounded-full\">\n<div class=\"relative p-1 rounded-sm flex items-center justify-center bg-token-main-surface-primary text-token-text-primary h-8 w-8\">\n<h2 data-start=\"1200\" data-end=\"1487\">Vapes Tornado \u2013 Az \u00d6n Nagykereskedelmi Online Vape Boltja a Legjobb Vape M\u00e1rk\u00e1k\u00e9rt<\/h2>\n<p data-start=\"1200\" data-end=\"1487\"><strong data-start=\"141\" data-end=\"177\">Vapes Tornado Online Doh\u00e1nybolt<\/strong> az \u00d6n megb\u00edzhat\u00f3 forr\u00e1sa <strong data-start=\"205\" data-end=\"270\">pr\u00e9mium egyszer haszn\u00e1latos vapek \u00e9s nagykereskedelmi e-cigarett\u00e1k sz\u00e1m\u00e1ra Eur\u00f3p\u00e1ban<\/strong>. K\u00edn\u00e1latunkban megtal\u00e1lhat\u00f3k a legkelend\u0151bb m\u00e1rk\u00e1k, mint p\u00e9ld\u00e1ul <strong data-start=\"307\" data-end=\"362\"><a href=\"https:\/\/vapestornado.com\/hu\/product\/vozol-gear-shisha-25k-25000-puffs-best-dtl-disposable-vape-hookah-cheap-price\/\">VOZOL BAR VAPE<\/a>, <a href=\"https:\/\/vapestornado.com\/hu\/product\/randm-12000-puffs-fumot-digital-disposable-vape-wholesale-price\/\">Fumot VAPE<\/a>, <a href=\"https:\/\/vapestornado.com\/hu\/product\/original-wga-ultra-35k-35000-puff-rechargeable-crystal-disposable-nicotine-vape-best-discount-price\/\">WGA VAPE<\/a>, Bang Vape<\/strong>, \u00e9s m\u00e9g sok m\u00e1s, biztos\u00edtva a min\u0151s\u00e9get \u00e9s a v\u00e1ltozatoss\u00e1got minden v\u00e1s\u00e1rl\u00f3 sz\u00e1m\u00e1ra. Ak\u00e1r egy\u00e9ni vaperek\u00e9nt, ak\u00e1r nagykeresked\u0151k\u00e9nt v\u00e1s\u00e1rolsz, mi sz\u00e1ll\u00edtunk <strong data-start=\"481\" data-end=\"550\">magas teljes\u00edtm\u00e9ny\u0171 eszk\u00f6z\u00f6ket, st\u00edlusos kialak\u00edt\u00e1sokat \u00e9s versenyk\u00e9pes \u00e1rakat<\/strong> az ig\u00e9nyeid kiel\u00e9g\u00edt\u00e9s\u00e9re.<\/p>\n<h2 data-start=\"2064\" data-end=\"2115\">GYIK az AIVONO AIM FATBEAR 80K Eldobhat\u00f3 Vape-r\u0151l<\/h2>\n<p data-start=\"1722\" data-end=\"1875\"><strong data-start=\"1722\" data-end=\"1782\">1. H\u00e1ny sz\u00edv\u00e1st biztos\u00edt az AIVONO FATBEAR 80000?<\/strong><br data-start=\"1782\" data-end=\"1785\" \/>Ak\u00e1r <strong data-start=\"1803\" data-end=\"1819\">80 000 szippant\u00e1st<\/strong>, ami az egyik leghosszabb ideig tart\u00f3 nagy sz\u00edv\u00e1s\u00fa vape-k k\u00f6z\u00e9 teszi.<\/p>\n<p data-start=\"1877\" data-end=\"2004\"><strong data-start=\"1877\" data-end=\"1922\">2. Felt\u00f6lthetem az AIVONO FATBEAR 80K-t?<\/strong><br data-start=\"1922\" data-end=\"1925\" \/>Igen, tartozik hozz\u00e1 egy <strong data-start=\"1946\" data-end=\"1984\">650mAh Type-C \u00fajrat\u00f6lthet\u0151 akkumul\u00e1tor<\/strong> a hosszabb haszn\u00e1lat \u00e9rdek\u00e9ben.<\/p>\n<p data-start=\"2006\" data-end=\"2196\"><strong data-start=\"2006\" data-end=\"2064\">3. Mi\u00e9rt ez a legjobb nagykereskedelmi eldobhat\u00f3 vape?<\/strong><br data-start=\"2064\" data-end=\"2067\" \/>Mit\u0151l egyedi a Bang Vape 35000? <strong data-start=\"2071\" data-end=\"2129\">3-in-1 \u00edzrendszer, hatalmas f\u00faj\u00e1sok sz\u00e1ma \u00e9s LED kijelz\u0151<\/strong> rendk\u00edv\u00fcl vonz\u00f3v\u00e1 teszi mind a fogyaszt\u00f3k, mind az EU nagykeresked\u0151k sz\u00e1m\u00e1ra.<\/p>\n<p data-start=\"2198\" data-end=\"2331\"><strong data-start=\"2198\" data-end=\"2243\">4. Milyen nikotinszintek \u00e9rhet\u0151k el?<\/strong><br data-start=\"2243\" data-end=\"2246\" \/>V\u00e1laszthat <strong data-start=\"2269\" data-end=\"2298\">0%, 2%, 3% vagy 5% nikotinnal<\/strong>, az \u00d6n preferenci\u00e1i szerint.<\/p>\n<p data-start=\"2333\" data-end=\"2487\"><strong data-start=\"2333\" data-end=\"2388\">5. Van-e \u00edzv\u00e1laszt\u00e9k az AIVONO FATBEAR 80K modellhez?<\/strong><br data-start=\"2388\" data-end=\"2391\" \/>Igen, t\u00f6bbf\u00e9le <strong data-start=\"2408\" data-end=\"2448\">10 egyedi h\u00e1rom \u00edz kombin\u00e1ci\u00f3ban<\/strong>, minden \u00edzl\u00e9snek megfelelve.<\/p>\n<\/div>\n<\/div>\n<\/div>\n<\/div>","protected":false},"excerpt":{"rendered":"<p data-start=\"2774\" data-end=\"2854\">AIVONO FATBEAR 80K Nagy Pufi Vape \u2013 Legjobb 3-in-1 LED Kijelz\u0151s Egyszer haszn\u00e1latos Vape Toll<\/p>\n<p data-start=\"2858\" data-end=\"2937\">AIVONO FATBEAR 80000 Puff \u00dajrat\u00f6lthet\u0151 Egyszer haszn\u00e1latos Vape \u2013 Nagykereskedelem Eur\u00f3p\u00e1ban<\/p>\n<p data-start=\"2941\" data-end=\"3026\">Legjobb Nagykereskedelmi Egyszer haszn\u00e1latos Vape \u2013 AIVONO FATBEAR 80K LED K\u00e9perny\u0151vel &amp; 3-in-1 \u00cdzv\u00e1laszt\u00e9kkal<\/p>\n<p data-start=\"2159\" data-end=\"2246\">\n<p><strong>Add hozz\u00e1 Amy whatsappj\u00e1t, hogy azonnali v\u00e1laszt \u00e9s kedvezm\u00e9nyes \u00e1rat kapj!<\/strong><\/p>\n<p><img fetchpriority=\"high\" decoding=\"async\" class=\"size-full wp-image-2932\" src=\"https:\/\/vapestornado.com\/wp-content\/uploads\/2024\/12\/Vape-Wholesale.jpg\" alt=\"Vape nagykereskedelem\" width=\"229\" height=\"300\" \/><\/p>\n<h3><a href=\"https:\/\/wa.me\/8617776015835\"><span style=\"color: #ff0000;\"><strong>WhatsApp: +86 17776015835<\/strong><\/span><\/a><\/h3>","protected":false},"featured_media":4396,"comment_status":"open","ping_status":"closed","template":"","meta":{"_acf_changed":false,"_uag_custom_page_level_css":"","_lmt_disableupdate":"no","_lmt_disable":"","_monsterinsights_skip_tracking":false,"_monsterinsights_sitenote_active":false,"_monsterinsights_sitenote_note":"","_monsterinsights_sitenote_category":0,"site-sidebar-layout":"default","site-content-layout":"","ast-site-content-layout":"default","site-content-style":"default","site-sidebar-style":"default","ast-global-header-display":"","ast-banner-title-visibility":"","ast-main-header-display":"","ast-hfb-above-header-display":"","ast-hfb-below-header-display":"","ast-hfb-mobile-header-display":"","site-post-title":"","ast-breadcrumbs-content":"","ast-featured-img":"","footer-sml-layout":"","ast-disable-related-posts":"","theme-transparent-header-meta":"default","adv-header-id-meta":"","stick-header-meta":"","header-above-stick-meta":"","header-main-stick-meta":"","header-below-stick-meta":"","astra-migrate-meta-layouts":"set","ast-page-background-enabled":"default","ast-page-background-meta":{"desktop":{"background-color":"","background-image":"","background-repeat":"repeat","background-position":"center center","background-size":"auto","background-attachment":"scroll","background-type":"","background-media":"","overlay-type":"","overlay-color":"","overlay-opacity":"","overlay-gradient":""},"tablet":{"background-color":"","background-image":"","background-repeat":"repeat","background-position":"center center","background-size":"auto","background-attachment":"scroll","background-type":"","background-media":"","overlay-type":"","overlay-color":"","overlay-opacity":"","overlay-gradient":""},"mobile":{"background-color":"","background-image":"","background-repeat":"repeat","background-position":"center center","background-size":"auto","background-attachment":"scroll","background-type":"","background-media":"","overlay-type":"","overlay-color":"","overlay-opacity":"","overlay-gradient":""}},"ast-content-background-meta":{"desktop":{"background-color":"var(--ast-global-color-5)","background-image":"","background-repeat":"repeat","background-position":"center center","background-size":"auto","background-attachment":"scroll","background-type":"","background-media":"","overlay-type":"","overlay-color":"","overlay-opacity":"","overlay-gradient":""},"tablet":{"background-color":"var(--ast-global-color-5)","background-image":"","background-repeat":"repeat","background-position":"center center","background-size":"auto","background-attachment":"scroll","background-type":"","background-media":"","overlay-type":"","overlay-color":"","overlay-opacity":"","overlay-gradient":""},"mobile":{"background-color":"var(--ast-global-color-5)","background-image":"","background-repeat":"repeat","background-position":"center center","background-size":"auto","background-attachment":"scroll","background-type":"","background-media":"","overlay-type":"","overlay-color":"","overlay-opacity":"","overlay-gradient":""}},"_joinchat":[]},"product_brand":[],"product_cat":[344,176,149,153,156,158,142,143,144,146],"product_tag":[385,355,380,368,381],"class_list":{"0":"post-4386","1":"product","2":"type-product","3":"status-publish","4":"has-post-thumbnail","6":"product_cat-80000-puff","7":"product_cat-aivono-vape","8":"product_cat-buy-disposable-vapes-in-austria","9":"product_cat-buy-disposable-vapes-in-italy","10":"product_cat-buy-disposable-vapes-in-poland","11":"product_cat-buy-disposable-vapes-in-spain","12":"product_cat-digital-box-disposable-vapes","13":"product_cat-dual-mesh-disposable-vapes","14":"product_cat-low-nicotine-disposable-vapes","15":"product_cat-rechargeable-disposable-vapes","16":"product_tag-aivono-fatbear-80k","17":"product_tag-big-puff-vape","18":"product_tag-disposable-vapes-online","19":"product_tag-disposable-vapor","20":"product_tag-vapes-online-wholesale","21":"desktop-align-left","22":"tablet-align-left","23":"mobile-align-left","25":"first","26":"instock","27":"sale","28":"shipping-taxable","29":"purchasable","30":"product-type-simple"},"acf":[],"uagb_featured_image_src":{"full":["https:\/\/vapestornado.com\/wp-content\/uploads\/2025\/09\/Aivono-Aim-Fatbear-80000-Puffs-Disposable-Vape-Flavor-Adjustable.webp",800,800,false],"thumbnail":["https:\/\/vapestornado.com\/wp-content\/uploads\/2025\/09\/Aivono-Aim-Fatbear-80000-Puffs-Disposable-Vape-Flavor-Adjustable-150x150.webp",150,150,true],"medium":["https:\/\/vapestornado.com\/wp-content\/uploads\/2025\/09\/Aivono-Aim-Fatbear-80000-Puffs-Disposable-Vape-Flavor-Adjustable-300x300.webp",300,300,true],"medium_large":["https:\/\/vapestornado.com\/wp-content\/uploads\/2025\/09\/Aivono-Aim-Fatbear-80000-Puffs-Disposable-Vape-Flavor-Adjustable-768x768.webp",768,768,true],"large":["https:\/\/vapestornado.com\/wp-content\/uploads\/2025\/09\/Aivono-Aim-Fatbear-80000-Puffs-Disposable-Vape-Flavor-Adjustable.webp",800,800,false],"1536x1536":["https:\/\/vapestornado.com\/wp-content\/uploads\/2025\/09\/Aivono-Aim-Fatbear-80000-Puffs-Disposable-Vape-Flavor-Adjustable.webp",800,800,false],"2048x2048":["https:\/\/vapestornado.com\/wp-content\/uploads\/2025\/09\/Aivono-Aim-Fatbear-80000-Puffs-Disposable-Vape-Flavor-Adjustable.webp",800,800,false],"trp-custom-language-flag":["https:\/\/vapestornado.com\/wp-content\/uploads\/2025\/09\/Aivono-Aim-Fatbear-80000-Puffs-Disposable-Vape-Flavor-Adjustable-12x12.webp",12,12,true],"woocommerce_thumbnail":["https:\/\/vapestornado.com\/wp-content\/uploads\/2025\/09\/Aivono-Aim-Fatbear-80000-Puffs-Disposable-Vape-Flavor-Adjustable-300x300.webp",300,300,true],"woocommerce_single":["https:\/\/vapestornado.com\/wp-content\/uploads\/2025\/09\/Aivono-Aim-Fatbear-80000-Puffs-Disposable-Vape-Flavor-Adjustable-600x600.webp",600,600,true],"woocommerce_gallery_thumbnail":["https:\/\/vapestornado.com\/wp-content\/uploads\/2025\/09\/Aivono-Aim-Fatbear-80000-Puffs-Disposable-Vape-Flavor-Adjustable-100x100.webp",100,100,true]},"uagb_author_info":{"display_name":"ESAMY","author_link":"https:\/\/vapestornado.com\/hu\/author\/"},"uagb_comment_info":1,"uagb_excerpt":"AIVONO FATBEAR 80K Big Puff Vape \u2013 Best 3-in-1 LED Display Disposable Vape Pen AIVONO FATBEAR 80000 Puffs Rechargeable Disposable Vape \u2013 Wholesale in Europe Best Wholesale Disposable Vape \u2013 AIVONO FATBEAR 80K with LED Screen &amp; 3-in-1 Flavor Add Amy's whatsapp to get right reply and discount price! WhatsApp: +86 17776015835","_links":{"self":[{"href":"https:\/\/vapestornado.com\/hu\/wp-json\/wp\/v2\/product\/4386","targetHints":{"allow":["GET"]}}],"collection":[{"href":"https:\/\/vapestornado.com\/hu\/wp-json\/wp\/v2\/product"}],"about":[{"href":"https:\/\/vapestornado.com\/hu\/wp-json\/wp\/v2\/types\/product"}],"replies":[{"embeddable":true,"href":"https:\/\/vapestornado.com\/hu\/wp-json\/wp\/v2\/comments?post=4386"}],"wp:featuredmedia":[{"embeddable":true,"href":"https:\/\/vapestornado.com\/hu\/wp-json\/wp\/v2\/media\/4396"}],"wp:attachment":[{"href":"https:\/\/vapestornado.com\/hu\/wp-json\/wp\/v2\/media?parent=4386"}],"wp:term":[{"taxonomy":"product_brand","embeddable":true,"href":"https:\/\/vapestornado.com\/hu\/wp-json\/wp\/v2\/product_brand?post=4386"},{"taxonomy":"product_cat","embeddable":true,"href":"https:\/\/vapestornado.com\/hu\/wp-json\/wp\/v2\/product_cat?post=4386"},{"taxonomy":"product_tag","embeddable":true,"href":"https:\/\/vapestornado.com\/hu\/wp-json\/wp\/v2\/product_tag?post=4386"}],"curies":[{"name":"wp","href":"https:\/\/api.w.org\/{rel}","templated":true}]}}