{"id":4379,"date":"2025-09-25T02:51:29","date_gmt":"2025-09-25T02:51:29","guid":{"rendered":"https:\/\/vapestornado.com\/?post_type=product&#038;p=4379"},"modified":"2025-09-25T03:40:09","modified_gmt":"2025-09-25T03:40:09","slug":"vopk-80000-puff-80k-4-in-1-four-flavors-disposable-vapes-online-wholesale","status":"publish","type":"product","link":"https:\/\/vapestornado.com\/hu\/product\/vopk-80000-puff-80k-4-in-1-four-flavors-disposable-vapes-online-wholesale\/","title":{"rendered":"VOPK 80000 Puff 80k 4 az 1-ben N\u00e9gy \u00cdz\u0171 Egyszer haszn\u00e1latos Vape-k Online Nagykeresked\u00e9s"},"content":{"rendered":"<h2 data-pm-slice=\"1 1 []\">VOPK 80000 Puff 80k 4 az 1-ben N\u00e9gy \u00cdz\u0171 Egyszer haszn\u00e1latos Vape-k Online Nagykeresked\u00e9s<\/h2>\n<p data-start=\"175\" data-end=\"532\">A <strong data-start=\"179\" data-end=\"214\">VOPK 80000 slukkos eldobhat\u00f3 vape<\/strong> a vaperek sz\u00e1m\u00e1ra k\u00e9sz\u00fclt, akik <strong data-start=\"244\" data-end=\"293\">er\u0151, v\u00e1ltozatoss\u00e1g \u00e9s k\u00e9nyelem egy k\u00e9sz\u00fcl\u00e9kben<\/strong>. A <strong data-start=\"300\" data-end=\"328\">4 az 1-ben \u00edztechnol\u00f3gia<\/strong>, a felhaszn\u00e1l\u00f3k azonnal v\u00e1lthatnak n\u00e9gy pr\u00e9mium \u00edz k\u00f6z\u00f6tt an\u00e9lk\u00fcl, hogy t\u00f6bb podot kellene magukkal vinni\u00fck. Ak\u00e1r <strong data-start=\"433\" data-end=\"457\">80 ezer slukk k\u00e9sz\u00fcl\u00e9kenk\u00e9nt<\/strong>, ez a modell egy <strong data-start=\"475\" data-end=\"515\">vezet\u0151 v\u00e1laszt\u00e1s az online nagykereskedelmi vape-ek k\u00f6z\u00f6tt<\/strong> szerte Eur\u00f3p\u00e1ban.<\/p>\n<p data-start=\"534\" data-end=\"1007\">Felszerelve egy <strong data-start=\"550\" data-end=\"568\">0,9\u03a9 h\u00e1l\u00f3s tekercs<\/strong>, <strong data-start=\"570\" data-end=\"608\">650mAh Type-C \u00fajrat\u00f6lthet\u0151 akkumul\u00e1tor<\/strong>, \u00e9s egy <strong data-start=\"616\" data-end=\"642\">digit\u00e1lis kijelz\u0151 k\u00e9perny\u0151vel<\/strong>, a <strong data-start=\"648\" data-end=\"660\">VOPK 80k<\/strong> gazdag \u00edzt, s\u0171r\u0171 g\u0151zt \u00e9s teljes kontrollt biztos\u00edt az olaj \u00e9s az akkumul\u00e1tor szintje felett. A nikotinos opci\u00f3kkal <strong data-start=\"764\" data-end=\"782\">0%, 2% \u00e9s 5%<\/strong>, mind a alkalmi, mind a tapasztalt vaper ig\u00e9nyeit kiel\u00e9g\u00edti. Kompakt, m\u00e9gis er\u0151teljes, t\u00f6k\u00e9letes <strong data-start=\"878\" data-end=\"905\">eldobhat\u00f3 vape mod k\u00e9szlet<\/strong> a <b>felhaszn\u00e1l\u00f3k sz\u00e1m\u00e1ra<\/b>, modern diz\u00e1jnt \u00e9s megb\u00edzhat\u00f3 teljes\u00edtm\u00e9nyt ny\u00fajtva.<\/p>\n<p><strong><span style=\"color: #ff0000;\">Adja hozz\u00e1 Amy-t WhatsApp-on, hogy azonnali v\u00e1laszt \u00e9s vape kupont kapjon!<\/span><\/strong><\/p>\n<p><img fetchpriority=\"high\" decoding=\"async\" class=\"size-full wp-image-2932\" src=\"https:\/\/vapestornado.com\/wp-content\/uploads\/2024\/12\/Vape-Wholesale.jpg\" alt=\"Vape nagykereskedelem\" width=\"229\" height=\"300\" \/><\/p>\n<h3><a href=\"https:\/\/wa.me\/8617776015835\" target=\"_blank\" rel=\"noopener\"><span style=\"color: #ff0000;\"><strong>WhatsApp: +86 17776015835<\/strong><\/span><\/a><\/h3>\n<p>&nbsp;<\/p>\n<h2><strong>VOPK 80000 slukkos term\u00e9kjellemz\u0151k<\/strong><\/h2>\n<h2 data-start=\"201\" data-end=\"249\"><\/h2>\n<ul data-start=\"251\" data-end=\"944\">\n<li data-start=\"251\" data-end=\"343\">\n<p data-start=\"253\" data-end=\"343\"><strong data-start=\"253\" data-end=\"277\">\u00d3ri\u00e1si 80 000 P\u00faf<\/strong> \u2013 hossz\u00fa t\u00e1v\u00fa haszn\u00e1latra tervezve, ide\u00e1lis nagy t\u00e9telben \u00e9s nagykereskedelmi ig\u00e9nyekhez.<\/p>\n<\/li>\n<li data-start=\"344\" data-end=\"438\">\n<p data-start=\"346\" data-end=\"438\"><strong data-start=\"346\" data-end=\"370\">4 az 1-ben \u00cdzrendszer<\/strong> \u2013 \u00e9lvezze n\u00e9gy \u00edzt egy k\u00e9sz\u00fcl\u00e9kben, nincs sz\u00fcks\u00e9g patronv\u00e1lt\u00e1sra.<\/p>\n<\/li>\n<li data-start=\"439\" data-end=\"518\">\n<p data-start=\"441\" data-end=\"518\"><strong data-start=\"441\" data-end=\"459\">0,9\u03a9 Mesh Tekercs<\/strong> \u2013 \u00e1lland\u00f3 g\u0151z s\u0171r\u0171s\u00e9get \u00e9s fokozott \u00edzt biztos\u00edt.<\/p>\n<\/li>\n<li data-start=\"519\" data-end=\"606\">\n<p data-start=\"521\" data-end=\"606\"><strong data-start=\"521\" data-end=\"552\">650mAh \u00fajrat\u00f6lthet\u0151 akkumul\u00e1tor<\/strong> \u2013 Type-C gyors t\u00f6lt\u00e9s, hogy mindig k\u00e9szen \u00e1lljon.<\/p>\n<\/li>\n<li data-start=\"607\" data-end=\"693\">\n<p data-start=\"609\" data-end=\"693\"><strong data-start=\"609\" data-end=\"634\">Okos digit\u00e1lis kijelz\u0151<\/strong> \u2013 val\u00f3s idej\u0171 akkumul\u00e1tor- \u00e9s e-liquid szint figyel\u00e9s.<\/p>\n<\/li>\n<li data-start=\"694\" data-end=\"776\">\n<p data-start=\"696\" data-end=\"776\"><strong data-start=\"696\" data-end=\"727\">Nikotin opci\u00f3k: 0%, 2%, 5%<\/strong> \u2013 rugalmass\u00e1g k\u00fcl\u00f6nb\u00f6z\u0151 vaping ig\u00e9nyekhez.<\/p>\n<\/li>\n<li data-start=\"777\" data-end=\"862\">\n<p data-start=\"779\" data-end=\"862\"><strong data-start=\"779\" data-end=\"807\">Hordozhat\u00f3 \u00e9s Felhaszn\u00e1l\u00f3bar\u00e1t<\/strong> \u2013 ergonomikus nagy sz\u00e1jr\u00e9sz \u00e9s k\u00f6nny\u0171 kialak\u00edt\u00e1s.<\/p>\n<\/li>\n<li data-start=\"863\" data-end=\"944\">\n<p data-start=\"865\" data-end=\"944\"><strong data-start=\"865\" data-end=\"885\">10 \u00cdzkombin\u00e1ci\u00f3<\/strong> \u2013 sz\u00e9les v\u00e1laszt\u00e9k k\u00fcl\u00f6nb\u00f6z\u0151 \u00edzpreferenci\u00e1k kiel\u00e9g\u00edt\u00e9s\u00e9re.<\/p>\n<\/li>\n<\/ul>\n<figure id=\"attachment_4374\" aria-describedby=\"caption-attachment-4374\" style=\"width: 300px\" class=\"wp-caption alignnone\"><img decoding=\"async\" class=\"size-medium wp-image-4374\" src=\"https:\/\/vapestornado.com\/wp-content\/uploads\/2025\/09\/VOPK-80000-Puffs-Nicotine-Free-Disposable-Vape-300x300.webp\" alt=\"VOPK 80000 P\u00faf Nikotinmentes Egyszer haszn\u00e1latos Vape\" width=\"300\" height=\"300\" srcset=\"https:\/\/vapestornado.com\/wp-content\/uploads\/2025\/09\/VOPK-80000-Puffs-Nicotine-Free-Disposable-Vape-300x300.webp 300w, https:\/\/vapestornado.com\/wp-content\/uploads\/2025\/09\/VOPK-80000-Puffs-Nicotine-Free-Disposable-Vape-150x150.webp 150w, https:\/\/vapestornado.com\/wp-content\/uploads\/2025\/09\/VOPK-80000-Puffs-Nicotine-Free-Disposable-Vape-768x768.webp 768w, https:\/\/vapestornado.com\/wp-content\/uploads\/2025\/09\/VOPK-80000-Puffs-Nicotine-Free-Disposable-Vape-12x12.webp 12w, https:\/\/vapestornado.com\/wp-content\/uploads\/2025\/09\/VOPK-80000-Puffs-Nicotine-Free-Disposable-Vape-600x600.webp 600w, https:\/\/vapestornado.com\/wp-content\/uploads\/2025\/09\/VOPK-80000-Puffs-Nicotine-Free-Disposable-Vape-100x100.webp 100w, https:\/\/vapestornado.com\/wp-content\/uploads\/2025\/09\/VOPK-80000-Puffs-Nicotine-Free-Disposable-Vape.webp 800w\" sizes=\"(max-width: 300px) 100vw, 300px\" \/><figcaption id=\"caption-attachment-4374\" class=\"wp-caption-text\">VOPK 80000 P\u00faf Nikotinmentes Egyszer haszn\u00e1latos Vape<\/figcaption><\/figure>\n<h2 class=\"product-title\"><strong>VOPK 80000 P\u00faf 80k 4 az 1-ben \u00cdzlista<\/strong><\/h2>\n<p data-start=\"2550\" data-end=\"2736\">1. g\u00f6r\u00f6gdinnye j\u00e9g\/Triple g\u00f6r\u00f6gdinnye j\u00e9g\/Blue razz j\u00e9g\/eper fagyi<br \/>\n2. \u00c1fonya m\u00e1lna\/ Fuji j\u00e9g\/ Kever\u00e9k bogy\u00f3\/ \u00c1fonya k\u00f3kusz cukorka<br \/>\n3. Eper g\u00f6r\u00f6gdinnye\/ \u00c1fonya sz\u0151l\u0151\/ Mang\u00f3 j\u00e9g\/ Eper m\u00e1lna cukorka<br \/>\n4. Red bull j\u00e9g\/ Szenved\u00e9lygy\u00fcm\u00f6lcs kivi lime\/ Savany\u00fa alma m\u00e1lna eper\/ G\u00f6r\u00f6gdinnye bubor\u00e9k<br \/>\n5. \u00c1fonya j\u00e9g \/ \u0150szibarack mang\u00f3 g\u00f6r\u00f6gdinnye \/ Dinnye alma \/ Sz\u00e9nsavas cseresznye j\u00e9g<br \/>\n6. Eper mang\u00f3 \/ Eper kiwi \/ G\u00f6r\u00f6gdinnye s\u00e1rk\u00e1nygy\u00fcm\u00f6lcs \/ Gumimaci<br \/>\n7. Szerelem 66 \/ M\u00e1lna g\u00f6r\u00f6gdinnye \/ Eper m\u00e1lna cseresznye \/ Cseresznye cukorka j\u00e9g<br \/>\n8. Eper ban\u00e1n \/ Anan\u00e1sz k\u00f3kusz j\u00e9g \/ Mang\u00f3 \u0151szibarack kajszi \/ Aloe mang\u00f3 dinnye<br \/>\n9. Sziv\u00e1rv\u00e1ny Cukorka \/ \u0150szibarack j\u00e9g \/ Citrom savas narancs \/ \u00c1fonya Citrom<br \/>\n10. Kivi szenved\u00e9lygy\u00fcm\u00f6lcs guava \/ Eper cseresznye \/ Sz\u0151l\u0151 j\u00e9g \/ Eper Cukorka<\/p>\n<div class=\"flex-shrink-0 flex flex-col relative items-end\">\n<div class=\"pt-0\">\n<div class=\"gizmo-bot-avatar flex h-8 w-8 items-center justify-center overflow-hidden rounded-full\">\n<div class=\"relative p-1 rounded-sm flex items-center justify-center bg-token-main-surface-primary text-token-text-primary h-8 w-8\">\n<h2 data-start=\"1200\" data-end=\"1487\">Vapes Tornado \u2013 Az \u00d6n Nagykereskedelmi Online Vape Boltja a Legjobb Vape M\u00e1rk\u00e1k\u00e9rt<\/h2>\n<p data-start=\"1200\" data-end=\"1487\"><strong data-start=\"141\" data-end=\"177\">Vapes Tornado Online Doh\u00e1nybolt<\/strong> az \u00d6n megb\u00edzhat\u00f3 forr\u00e1sa <strong data-start=\"205\" data-end=\"270\">pr\u00e9mium egyszer haszn\u00e1latos vapek \u00e9s nagykereskedelmi e-cigarett\u00e1k sz\u00e1m\u00e1ra Eur\u00f3p\u00e1ban<\/strong>. K\u00edn\u00e1latunkban megtal\u00e1lhat\u00f3k a legkelend\u0151bb m\u00e1rk\u00e1k, mint p\u00e9ld\u00e1ul <strong data-start=\"307\" data-end=\"362\"><a href=\"https:\/\/vapestornado.com\/hu\/product\/elf-bar-raya-d3-25000-puffs-best-disposable-vape-wholesale-in-uk\/\">ELF BAR VAPE<\/a>, <a href=\"https:\/\/vapestornado.com\/hu\/product\/randm-tornado-15000-disposable-vape-wholesale-price\/\">Fumot VAPE<\/a>, <a href=\"https:\/\/vapestornado.com\/hu\/product\/original-vozol-star-40000-puff-40k-best-disposable-vape-2025-wholesale-cheap-price\/\">VOZOL VAPE<\/a>, Bang Vape<\/strong>, \u00e9s m\u00e9g sok m\u00e1s, biztos\u00edtva a min\u0151s\u00e9get \u00e9s a v\u00e1ltozatoss\u00e1got minden v\u00e1s\u00e1rl\u00f3 sz\u00e1m\u00e1ra. Ak\u00e1r egy\u00e9ni vaperek\u00e9nt, ak\u00e1r nagykeresked\u0151k\u00e9nt v\u00e1s\u00e1rolsz, mi sz\u00e1ll\u00edtunk <strong data-start=\"481\" data-end=\"550\">magas teljes\u00edtm\u00e9ny\u0171 eszk\u00f6z\u00f6ket, st\u00edlusos kialak\u00edt\u00e1sokat \u00e9s versenyk\u00e9pes \u00e1rakat<\/strong> az ig\u00e9nyeid kiel\u00e9g\u00edt\u00e9s\u00e9re.<\/p>\n<h2 data-start=\"2064\" data-end=\"2115\">GYIK a VOPK 80000 Puff 80k 4 az 1-ben eldobhat\u00f3 vape-r\u0151l<\/h2>\n<p data-start=\"1035\" data-end=\"1198\"><strong data-start=\"1035\" data-end=\"1107\">Q1: H\u00e1ny szippant\u00e1st biztos\u00edt a VOPK 80000 Puff eldobhat\u00f3 vape?<\/strong><br data-start=\"1107\" data-end=\"1110\" \/>A1: Minden eszk\u00f6z ak\u00e1r <strong data-start=\"1141\" data-end=\"1157\">80 000 szippant\u00e1st<\/strong>ny\u00fajt, \u00edgy ide\u00e1lis hossz\u00fa t\u00e1v\u00fa haszn\u00e1latra.<\/p>\n<p data-start=\"1200\" data-end=\"1379\"><strong data-start=\"1200\" data-end=\"1281\">Q2: Mi teszi a VOPK 80k-t egyediv\u00e9 a t\u00f6bbi online eldobhat\u00f3 vape-hez k\u00e9pest?<\/strong><br data-start=\"1281\" data-end=\"1284\" \/>A2: Egy <strong data-start=\"1302\" data-end=\"1326\">4 az 1-ben \u00edz rendszerrel<\/strong>rendelkezik, amely lehet\u0151v\u00e9 teszi, hogy n\u00e9gy \u00edzt \u00e9lvezzen egy eszk\u00f6zben.<\/p>\n<p data-start=\"1381\" data-end=\"1530\"><strong data-start=\"1381\" data-end=\"1433\">Q3: T\u00e1mogatja a VOPK 80000 Puff az \u00fajrat\u00f6lt\u00e9st?<\/strong><br data-start=\"1433\" data-end=\"1436\" \/>A3: Igen, egy <strong data-start=\"1461\" data-end=\"1499\">650mAh Type-C \u00fajrat\u00f6lthet\u0151 akkumul\u00e1tor<\/strong> gyors t\u00f6lt\u00e9st biztos\u00edt\u00f3<\/p>\n<p data-start=\"1532\" data-end=\"1693\"><strong data-start=\"1532\" data-end=\"1610\">t\u00f6lt\u0151vel \u00e9rkezik.<\/strong><br data-start=\"1610\" data-end=\"1613\" \/>Q4: Milyen nikotinszintek \u00e9rhet\u0151k el a VOPK 80k eldobhat\u00f3 vape-hez? <strong data-start=\"1633\" data-end=\"1651\">0%, 2% \u00e9s 5%<\/strong>, amely megfelel a k\u00fcl\u00f6nb\u00f6z\u0151 vaperek ig\u00e9nyeinek.<\/p>\n<p data-start=\"1695\" data-end=\"1910\"><strong data-start=\"1695\" data-end=\"1762\">Q5: Mi\u00e9rt n\u00e9pszer\u0171 a VOPK 80k a nagykereskedelmi piacokon Eur\u00f3p\u00e1ban?<\/strong><br data-start=\"1762\" data-end=\"1765\" \/>A5: Az <strong data-start=\"1773\" data-end=\"1840\">magas f\u00faj\u00e1si kapacit\u00e1sa, k\u00e9perny\u0151s kijelz\u0151je \u00e9s t\u00f6bb \u00edzv\u00e1laszt\u00e9ka miatt<\/strong> rendk\u00edv\u00fcl vonz\u00f3v\u00e1 teszi nagykereskedelmi v\u00e1s\u00e1rl\u00f3k \u00e9s fiatal fogyaszt\u00f3k sz\u00e1m\u00e1ra.<\/p>\n<\/div>\n<\/div>\n<\/div>\n<\/div>","protected":false},"excerpt":{"rendered":"<p data-start=\"2159\" data-end=\"2246\"><strong data-start=\"2159\" data-end=\"2244\">VOPK 80000 slukkos eldobhat\u00f3 vape \u2013 4 az 1-ben \u00edz, 80 ezer slukk, legjobb nagykereskedelmi \u00e1r<\/strong><\/p>\n<p data-start=\"2250\" data-end=\"2331\"><strong data-start=\"2250\" data-end=\"2329\">Nagykereskedelmi VOPK 80k eldobhat\u00f3 vape mod k\u00e9szletek \u2013 Kijelz\u0151vel \u00e9s \u00fajrat\u00f6lthet\u0151<\/strong><\/p>\n<p data-start=\"2335\" data-end=\"2416\"><strong data-start=\"2335\" data-end=\"2414\">VOPK 80000 slukkos 4 az 1-ben eldobhat\u00f3 vape k\u00e9szlet \u2013 Pr\u00e9mium vape-ek online a magyar piacra<\/strong><\/p>\n<p><strong>Add hozz\u00e1 Amy whatsappj\u00e1t, hogy azonnali v\u00e1laszt \u00e9s kedvezm\u00e9nyes \u00e1rat kapj!<\/strong><\/p>\n<p><img fetchpriority=\"high\" decoding=\"async\" class=\"size-full wp-image-2932\" src=\"https:\/\/vapestornado.com\/wp-content\/uploads\/2024\/12\/Vape-Wholesale.jpg\" alt=\"Vape nagykereskedelem\" width=\"229\" height=\"300\" \/><\/p>\n<h3><a href=\"https:\/\/wa.me\/8617776015835\"><span style=\"color: #ff0000;\"><strong>WhatsApp: +86 17776015835<\/strong><\/span><\/a><\/h3>","protected":false},"featured_media":4373,"comment_status":"open","ping_status":"closed","template":"","meta":{"_acf_changed":false,"_uag_custom_page_level_css":"","_lmt_disableupdate":"no","_lmt_disable":"","_monsterinsights_skip_tracking":false,"_monsterinsights_sitenote_active":false,"_monsterinsights_sitenote_note":"","_monsterinsights_sitenote_category":0,"site-sidebar-layout":"default","site-content-layout":"","ast-site-content-layout":"default","site-content-style":"default","site-sidebar-style":"default","ast-global-header-display":"","ast-banner-title-visibility":"","ast-main-header-display":"","ast-hfb-above-header-display":"","ast-hfb-below-header-display":"","ast-hfb-mobile-header-display":"","site-post-title":"","ast-breadcrumbs-content":"","ast-featured-img":"","footer-sml-layout":"","ast-disable-related-posts":"","theme-transparent-header-meta":"default","adv-header-id-meta":"","stick-header-meta":"","header-above-stick-meta":"","header-main-stick-meta":"","header-below-stick-meta":"","astra-migrate-meta-layouts":"set","ast-page-background-enabled":"default","ast-page-background-meta":{"desktop":{"background-color":"","background-image":"","background-repeat":"repeat","background-position":"center center","background-size":"auto","background-attachment":"scroll","background-type":"","background-media":"","overlay-type":"","overlay-color":"","overlay-opacity":"","overlay-gradient":""},"tablet":{"background-color":"","background-image":"","background-repeat":"repeat","background-position":"center center","background-size":"auto","background-attachment":"scroll","background-type":"","background-media":"","overlay-type":"","overlay-color":"","overlay-opacity":"","overlay-gradient":""},"mobile":{"background-color":"","background-image":"","background-repeat":"repeat","background-position":"center center","background-size":"auto","background-attachment":"scroll","background-type":"","background-media":"","overlay-type":"","overlay-color":"","overlay-opacity":"","overlay-gradient":""}},"ast-content-background-meta":{"desktop":{"background-color":"var(--ast-global-color-5)","background-image":"","background-repeat":"repeat","background-position":"center center","background-size":"auto","background-attachment":"scroll","background-type":"","background-media":"","overlay-type":"","overlay-color":"","overlay-opacity":"","overlay-gradient":""},"tablet":{"background-color":"var(--ast-global-color-5)","background-image":"","background-repeat":"repeat","background-position":"center center","background-size":"auto","background-attachment":"scroll","background-type":"","background-media":"","overlay-type":"","overlay-color":"","overlay-opacity":"","overlay-gradient":""},"mobile":{"background-color":"var(--ast-global-color-5)","background-image":"","background-repeat":"repeat","background-position":"center center","background-size":"auto","background-attachment":"scroll","background-type":"","background-media":"","overlay-type":"","overlay-color":"","overlay-opacity":"","overlay-gradient":""}},"_joinchat":[]},"product_brand":[],"product_cat":[344,149,153,156,158,142,143,144,146,290],"product_tag":[378,380,368,381,377,379],"class_list":{"0":"post-4379","1":"product","2":"type-product","3":"status-publish","4":"has-post-thumbnail","6":"product_cat-80000-puff","7":"product_cat-buy-disposable-vapes-in-austria","8":"product_cat-buy-disposable-vapes-in-italy","9":"product_cat-buy-disposable-vapes-in-poland","10":"product_cat-buy-disposable-vapes-in-spain","11":"product_cat-digital-box-disposable-vapes","12":"product_cat-dual-mesh-disposable-vapes","13":"product_cat-low-nicotine-disposable-vapes","14":"product_cat-rechargeable-disposable-vapes","15":"product_cat-vopk-vape","16":"product_tag-4-in-1-vape","17":"product_tag-disposable-vapes-online","18":"product_tag-disposable-vapor","19":"product_tag-vapes-online-wholesale","20":"product_tag-vopk-80000-puff","21":"product_tag-vopk-80k","22":"desktop-align-left","23":"tablet-align-left","24":"mobile-align-left","26":"first","27":"instock","28":"sale","29":"shipping-taxable","30":"purchasable","31":"product-type-simple"},"acf":[],"uagb_featured_image_src":{"full":["https:\/\/vapestornado.com\/wp-content\/uploads\/2025\/09\/VOPK-80k-80000-Puffs-Disposable-Vape-Mod-Kits.webp",800,800,false],"thumbnail":["https:\/\/vapestornado.com\/wp-content\/uploads\/2025\/09\/VOPK-80k-80000-Puffs-Disposable-Vape-Mod-Kits-150x150.webp",150,150,true],"medium":["https:\/\/vapestornado.com\/wp-content\/uploads\/2025\/09\/VOPK-80k-80000-Puffs-Disposable-Vape-Mod-Kits-300x300.webp",300,300,true],"medium_large":["https:\/\/vapestornado.com\/wp-content\/uploads\/2025\/09\/VOPK-80k-80000-Puffs-Disposable-Vape-Mod-Kits-768x768.webp",768,768,true],"large":["https:\/\/vapestornado.com\/wp-content\/uploads\/2025\/09\/VOPK-80k-80000-Puffs-Disposable-Vape-Mod-Kits.webp",800,800,false],"1536x1536":["https:\/\/vapestornado.com\/wp-content\/uploads\/2025\/09\/VOPK-80k-80000-Puffs-Disposable-Vape-Mod-Kits.webp",800,800,false],"2048x2048":["https:\/\/vapestornado.com\/wp-content\/uploads\/2025\/09\/VOPK-80k-80000-Puffs-Disposable-Vape-Mod-Kits.webp",800,800,false],"trp-custom-language-flag":["https:\/\/vapestornado.com\/wp-content\/uploads\/2025\/09\/VOPK-80k-80000-Puffs-Disposable-Vape-Mod-Kits-12x12.webp",12,12,true],"woocommerce_thumbnail":["https:\/\/vapestornado.com\/wp-content\/uploads\/2025\/09\/VOPK-80k-80000-Puffs-Disposable-Vape-Mod-Kits-300x300.webp",300,300,true],"woocommerce_single":["https:\/\/vapestornado.com\/wp-content\/uploads\/2025\/09\/VOPK-80k-80000-Puffs-Disposable-Vape-Mod-Kits-600x600.webp",600,600,true],"woocommerce_gallery_thumbnail":["https:\/\/vapestornado.com\/wp-content\/uploads\/2025\/09\/VOPK-80k-80000-Puffs-Disposable-Vape-Mod-Kits-100x100.webp",100,100,true]},"uagb_author_info":{"display_name":"ESAMY","author_link":"https:\/\/vapestornado.com\/hu\/author\/"},"uagb_comment_info":1,"uagb_excerpt":"VOPK 80000 Puff Disposable Vapes \u2013 4-in-1 Flavor, 80k Puffs, Best Wholesale Price Wholesale VOPK 80k Disposable Vape Mod Kits \u2013 Screen Display &amp; Rechargeable VOPK 80000 Puff 4-in-1 Disposable Vape Kit\u2013 Premium Vapes Online for EU Market Add Amy's whatsapp to get right reply and discount price! WhatsApp: +86 17776015835","_links":{"self":[{"href":"https:\/\/vapestornado.com\/hu\/wp-json\/wp\/v2\/product\/4379","targetHints":{"allow":["GET"]}}],"collection":[{"href":"https:\/\/vapestornado.com\/hu\/wp-json\/wp\/v2\/product"}],"about":[{"href":"https:\/\/vapestornado.com\/hu\/wp-json\/wp\/v2\/types\/product"}],"replies":[{"embeddable":true,"href":"https:\/\/vapestornado.com\/hu\/wp-json\/wp\/v2\/comments?post=4379"}],"wp:featuredmedia":[{"embeddable":true,"href":"https:\/\/vapestornado.com\/hu\/wp-json\/wp\/v2\/media\/4373"}],"wp:attachment":[{"href":"https:\/\/vapestornado.com\/hu\/wp-json\/wp\/v2\/media?parent=4379"}],"wp:term":[{"taxonomy":"product_brand","embeddable":true,"href":"https:\/\/vapestornado.com\/hu\/wp-json\/wp\/v2\/product_brand?post=4379"},{"taxonomy":"product_cat","embeddable":true,"href":"https:\/\/vapestornado.com\/hu\/wp-json\/wp\/v2\/product_cat?post=4379"},{"taxonomy":"product_tag","embeddable":true,"href":"https:\/\/vapestornado.com\/hu\/wp-json\/wp\/v2\/product_tag?post=4379"}],"curies":[{"name":"wp","href":"https:\/\/api.w.org\/{rel}","templated":true}]}}